{"id":4908,"date":"2024-05-28T10:28:26","date_gmt":"2024-05-28T07:28:26","guid":{"rendered":"https:\/\/jak.fi\/products\/sin%20categor\u00eda\/jak-300r-gen4-cuchara-de-energia-para-excavadora\/"},"modified":"2025-08-19T15:38:36","modified_gmt":"2025-08-19T12:38:36","slug":"jak-300r-cizalla-para-arboles-gen4-para-excavadora","status":"publish","type":"product","link":"https:\/\/jak.fi\/es\/productos\/cizalla-para-arboles-para-excavadoras\/jak-300r-cizalla-para-arboles-gen4-para-excavadora\/","title":{"rendered":"JAK-300R Cizallas para \u00e1rboles para excavadora 12-20t"},"content":{"rendered":"<h2><strong>\u00a1Las cizallas para \u00e1rboles JAK-300R pueden equiparse con un sistema de rotaci\u00f3n de 360\u00b0!<\/strong><\/h2>\n<p>La JAK-300R GEN4 es una cuchara de energ\u00eda r\u00e1pida, r\u00edgida y potente, dise\u00f1ada para su uso en grandes excavadoras de m\u00e1s de 12 toneladas (26455-44092 lbs). Equipada con un sistema de rotaci\u00f3n de 360\u00b0, la cuchara para \u00e1rboles puede girar libremente en ambas direcciones a lo largo del eje del cuerpo. El sistema hidr\u00e1ulico eBoost opcional aumenta la velocidad de la pinza para \u00e1rboles hasta un 100% sin reducir la potencia.  <\/p>\n<p>El dise\u00f1o de doble mordaza garantiza un agarre firme y seguro del tronco del \u00e1rbol. El gran tama\u00f1o de la JAK-300R GEN4 permite despejar sin esfuerzo \u00e1rboles de hasta 300 mm de grosor. Gracias a la cuchilla desmontable, tambi\u00e9n puedes utilizar la cuchara para \u00e1rboles como una cuchara para madera normal.  <\/p>\n<p>Sustituyendo la parte trasera, la cizalla para \u00e1rboles JAK-300R GEN4 tambi\u00e9n puede utilizarse en cargadoras de ruedas y manipuladores telesc\u00f3picos.<\/p>\n<p>Las cizallas para \u00e1rboles JAK-300R GEN4 se fabrican con acero Hardox\u00ae, que garantiza su durabilidad y fiabilidad en todas las situaciones y condiciones. La domesticidad y la calidad de los materiales son la base de las cizallas para \u00e1rboles JAK-300R GEN4. <\/p>\n<div class=\"wp-block-button\"><a class=\"wp-block-button__link has-text-align-center wp-element-button\" href=\"https:\/\/jak.fi\/es\/gen4-jak-energy-grips-nuevas-actualizaciones-y-mejor-rendimiento\/\" target=\"_blank\" rel=\"noopener\">Leer m\u00e1s sobre GEN4 updates<\/a><\/div>\n<p>&nbsp;<\/p>\n<p><strong>Clips<\/strong><\/p>\n<p>Los implementos m\u00e1s comunes de las excavadoras<\/p>\n<p>Bajo pedido seg\u00fan el tipo de m\u00e1quina solicitada por el cliente<\/p>\n","protected":false},"excerpt":{"rendered":"<ul>\n<li>Disponible con sistema Giratorio 360<\/li>\n<li>Disponible con sistema hidr\u00e1ulico eBoost<\/li>\n<li>Disponible con una l\u00ednea hidr\u00e1ulica opcional<\/li>\n<li>De acero Hardox\u00ae resistente al desgaste<\/li>\n<li>Certificaci\u00f3n CE<\/li>\n<li>Fabricado en Finlandia<\/li>\n<li>Cuchilla extra\u00edble<\/li>\n<\/ul>\n","protected":false},"featured_media":4989,"template":"","meta":{"_acf_changed":false},"product_brand":[],"product_cat":[582],"product_tag":[],"class_list":{"0":"post-4908","1":"product","2":"type-product","3":"status-publish","4":"has-post-thumbnail","6":"product_cat-cizalla-para-arboles-para-excavadoras","8":"first","9":"instock","10":"shipping-taxable","11":"product-type-simple"},"acf":[],"yoast_head":"<!-- This site is optimized with the Yoast SEO plugin v27.3 - https:\/\/yoast.com\/product\/yoast-seo-wordpress\/ -->\n<title>JAK-300R Cizallas para \u00e1rboles para excavadora 12-20t &#8211; JAK-Metalli Oy<\/title>\n<meta name=\"description\" content=\"La JAK-300R GEN4 es una cizalla para \u00e1rboles r\u00e1pida, r\u00edgida y potente, dise\u00f1ada para su uso en grandes excavadoras de m\u00e1s de 12 toneladas.\" \/>\n<meta name=\"robots\" content=\"index, follow, max-snippet:-1, max-image-preview:large, max-video-preview:-1\" \/>\n<link rel=\"canonical\" href=\"https:\/\/jak.fi\/es\/productos\/cizalla-para-arboles-para-excavadoras\/jak-300r-cizalla-para-arboles-gen4-para-excavadora\/\" \/>\n<meta property=\"og:locale\" content=\"es_ES\" \/>\n<meta property=\"og:type\" content=\"article\" \/>\n<meta property=\"og:title\" content=\"JAK-300R Cizallas para \u00e1rboles para excavadora 12-20t &#8211; JAK-Metalli Oy\" \/>\n<meta property=\"og:description\" content=\"La JAK-300R GEN4 es una cizalla para \u00e1rboles r\u00e1pida, r\u00edgida y potente, dise\u00f1ada para su uso en grandes excavadoras de m\u00e1s de 12 toneladas.\" \/>\n<meta property=\"og:url\" content=\"https:\/\/jak.fi\/es\/productos\/cizalla-para-arboles-para-excavadoras\/jak-300r-cizalla-para-arboles-gen4-para-excavadora\/\" \/>\n<meta property=\"og:site_name\" content=\"JAK-Metalli Oy\" \/>\n<meta property=\"article:publisher\" content=\"https:\/\/www.facebook.com\/jaktreeshears\" \/>\n<meta property=\"article:modified_time\" content=\"2025-08-19T12:38:36+00:00\" \/>\n<meta property=\"og:image\" content=\"https:\/\/jak.fi\/wp-content\/uploads\/2024\/05\/JAK-300R-360-rotator-web-1.png\" \/>\n\t<meta property=\"og:image:width\" content=\"1000\" \/>\n\t<meta property=\"og:image:height\" content=\"667\" \/>\n\t<meta property=\"og:image:type\" content=\"image\/png\" \/>\n<meta name=\"twitter:card\" content=\"summary_large_image\" \/>\n<meta name=\"twitter:label1\" content=\"Tiempo de lectura\" \/>\n\t<meta name=\"twitter:data1\" content=\"2 minuto\" \/>\n<script type=\"application\/ld+json\" class=\"yoast-schema-graph\">{\"@context\":\"https:\\\/\\\/schema.org\",\"@graph\":[{\"@type\":\"WebPage\",\"@id\":\"https:\\\/\\\/jak.fi\\\/es\\\/productos\\\/cizalla-para-arboles-para-excavadoras\\\/jak-300r-cizalla-para-arboles-gen4-para-excavadora\\\/\",\"url\":\"https:\\\/\\\/jak.fi\\\/es\\\/productos\\\/cizalla-para-arboles-para-excavadoras\\\/jak-300r-cizalla-para-arboles-gen4-para-excavadora\\\/\",\"name\":\"JAK-300R Cizallas para \u00e1rboles para excavadora 12-20t &#8211; JAK-Metalli Oy\",\"isPartOf\":{\"@id\":\"https:\\\/\\\/jak.fi\\\/es\\\/#website\"},\"primaryImageOfPage\":{\"@id\":\"https:\\\/\\\/jak.fi\\\/es\\\/productos\\\/cizalla-para-arboles-para-excavadoras\\\/jak-300r-cizalla-para-arboles-gen4-para-excavadora\\\/#primaryimage\"},\"image\":{\"@id\":\"https:\\\/\\\/jak.fi\\\/es\\\/productos\\\/cizalla-para-arboles-para-excavadoras\\\/jak-300r-cizalla-para-arboles-gen4-para-excavadora\\\/#primaryimage\"},\"thumbnailUrl\":\"https:\\\/\\\/jak.fi\\\/wp-content\\\/uploads\\\/2024\\\/05\\\/JAK-300R-360-rotator-web-1.png\",\"datePublished\":\"2024-05-28T07:28:26+00:00\",\"dateModified\":\"2025-08-19T12:38:36+00:00\",\"description\":\"La JAK-300R GEN4 es una cizalla para \u00e1rboles r\u00e1pida, r\u00edgida y potente, dise\u00f1ada para su uso en grandes excavadoras de m\u00e1s de 12 toneladas.\",\"breadcrumb\":{\"@id\":\"https:\\\/\\\/jak.fi\\\/es\\\/productos\\\/cizalla-para-arboles-para-excavadoras\\\/jak-300r-cizalla-para-arboles-gen4-para-excavadora\\\/#breadcrumb\"},\"inLanguage\":\"es\",\"potentialAction\":[{\"@type\":\"ReadAction\",\"target\":[\"https:\\\/\\\/jak.fi\\\/es\\\/productos\\\/cizalla-para-arboles-para-excavadoras\\\/jak-300r-cizalla-para-arboles-gen4-para-excavadora\\\/\"]}]},{\"@type\":\"ImageObject\",\"inLanguage\":\"es\",\"@id\":\"https:\\\/\\\/jak.fi\\\/es\\\/productos\\\/cizalla-para-arboles-para-excavadoras\\\/jak-300r-cizalla-para-arboles-gen4-para-excavadora\\\/#primaryimage\",\"url\":\"https:\\\/\\\/jak.fi\\\/wp-content\\\/uploads\\\/2024\\\/05\\\/JAK-300R-360-rotator-web-1.png\",\"contentUrl\":\"https:\\\/\\\/jak.fi\\\/wp-content\\\/uploads\\\/2024\\\/05\\\/JAK-300R-360-rotator-web-1.png\",\"width\":1000,\"height\":667,\"caption\":\"JAK-200R Cizallas para \u00e1rboles con rotador\"},{\"@type\":\"BreadcrumbList\",\"@id\":\"https:\\\/\\\/jak.fi\\\/es\\\/productos\\\/cizalla-para-arboles-para-excavadoras\\\/jak-300r-cizalla-para-arboles-gen4-para-excavadora\\\/#breadcrumb\",\"itemListElement\":[{\"@type\":\"ListItem\",\"position\":1,\"name\":\"Etusivu\",\"item\":\"https:\\\/\\\/jak.fi\\\/es\\\/\"},{\"@type\":\"ListItem\",\"position\":2,\"name\":\"Productos\",\"item\":\"https:\\\/\\\/jak.fi\\\/es\\\/productos\\\/\"},{\"@type\":\"ListItem\",\"position\":3,\"name\":\"JAK-300R Cizallas para \u00e1rboles para excavadora 12-20t\"}]},{\"@type\":\"WebSite\",\"@id\":\"https:\\\/\\\/jak.fi\\\/es\\\/#website\",\"url\":\"https:\\\/\\\/jak.fi\\\/es\\\/\",\"name\":\"JAK-Metalli Oy\",\"description\":\"\",\"publisher\":{\"@id\":\"https:\\\/\\\/jak.fi\\\/es\\\/#organization\"},\"alternateName\":\"JAK Tree shears\",\"potentialAction\":[{\"@type\":\"SearchAction\",\"target\":{\"@type\":\"EntryPoint\",\"urlTemplate\":\"https:\\\/\\\/jak.fi\\\/es\\\/?s={search_term_string}\"},\"query-input\":{\"@type\":\"PropertyValueSpecification\",\"valueRequired\":true,\"valueName\":\"search_term_string\"}}],\"inLanguage\":\"es\"},{\"@type\":\"Organization\",\"@id\":\"https:\\\/\\\/jak.fi\\\/es\\\/#organization\",\"name\":\"JAK-Metalli Oy\",\"alternateName\":\"JAK Tree shears\",\"url\":\"https:\\\/\\\/jak.fi\\\/es\\\/\",\"logo\":{\"@type\":\"ImageObject\",\"inLanguage\":\"es\",\"@id\":\"https:\\\/\\\/jak.fi\\\/es\\\/#\\\/schema\\\/logo\\\/image\\\/\",\"url\":\"https:\\\/\\\/jak.fi\\\/wp-content\\\/uploads\\\/2024\\\/09\\\/JAK-logo-696x696-1.jpg\",\"contentUrl\":\"https:\\\/\\\/jak.fi\\\/wp-content\\\/uploads\\\/2024\\\/09\\\/JAK-logo-696x696-1.jpg\",\"width\":696,\"height\":696,\"caption\":\"JAK-Metalli Oy\"},\"image\":{\"@id\":\"https:\\\/\\\/jak.fi\\\/es\\\/#\\\/schema\\\/logo\\\/image\\\/\"},\"sameAs\":[\"https:\\\/\\\/www.facebook.com\\\/jaktreeshears\",\"https:\\\/\\\/www.instagram.com\\\/jaktreeshears\\\/\",\"https:\\\/\\\/www.youtube.com\\\/channel\\\/UCAwvaVhBBkPie8MeAGbdY1w\"]}]}<\/script>\n<!-- \/ Yoast SEO plugin. -->","yoast_head_json":{"title":"JAK-300R Cizallas para \u00e1rboles para excavadora 12-20t &#8211; JAK-Metalli Oy","description":"La JAK-300R GEN4 es una cizalla para \u00e1rboles r\u00e1pida, r\u00edgida y potente, dise\u00f1ada para su uso en grandes excavadoras de m\u00e1s de 12 toneladas.","robots":{"index":"index","follow":"follow","max-snippet":"max-snippet:-1","max-image-preview":"max-image-preview:large","max-video-preview":"max-video-preview:-1"},"canonical":"https:\/\/jak.fi\/es\/productos\/cizalla-para-arboles-para-excavadoras\/jak-300r-cizalla-para-arboles-gen4-para-excavadora\/","og_locale":"es_ES","og_type":"article","og_title":"JAK-300R Cizallas para \u00e1rboles para excavadora 12-20t &#8211; JAK-Metalli Oy","og_description":"La JAK-300R GEN4 es una cizalla para \u00e1rboles r\u00e1pida, r\u00edgida y potente, dise\u00f1ada para su uso en grandes excavadoras de m\u00e1s de 12 toneladas.","og_url":"https:\/\/jak.fi\/es\/productos\/cizalla-para-arboles-para-excavadoras\/jak-300r-cizalla-para-arboles-gen4-para-excavadora\/","og_site_name":"JAK-Metalli Oy","article_publisher":"https:\/\/www.facebook.com\/jaktreeshears","article_modified_time":"2025-08-19T12:38:36+00:00","og_image":[{"width":1000,"height":667,"url":"https:\/\/jak.fi\/wp-content\/uploads\/2024\/05\/JAK-300R-360-rotator-web-1.png","type":"image\/png"}],"twitter_card":"summary_large_image","twitter_misc":{"Tiempo de lectura":"2 minuto"},"schema":{"@context":"https:\/\/schema.org","@graph":[{"@type":"WebPage","@id":"https:\/\/jak.fi\/es\/productos\/cizalla-para-arboles-para-excavadoras\/jak-300r-cizalla-para-arboles-gen4-para-excavadora\/","url":"https:\/\/jak.fi\/es\/productos\/cizalla-para-arboles-para-excavadoras\/jak-300r-cizalla-para-arboles-gen4-para-excavadora\/","name":"JAK-300R Cizallas para \u00e1rboles para excavadora 12-20t &#8211; JAK-Metalli Oy","isPartOf":{"@id":"https:\/\/jak.fi\/es\/#website"},"primaryImageOfPage":{"@id":"https:\/\/jak.fi\/es\/productos\/cizalla-para-arboles-para-excavadoras\/jak-300r-cizalla-para-arboles-gen4-para-excavadora\/#primaryimage"},"image":{"@id":"https:\/\/jak.fi\/es\/productos\/cizalla-para-arboles-para-excavadoras\/jak-300r-cizalla-para-arboles-gen4-para-excavadora\/#primaryimage"},"thumbnailUrl":"https:\/\/jak.fi\/wp-content\/uploads\/2024\/05\/JAK-300R-360-rotator-web-1.png","datePublished":"2024-05-28T07:28:26+00:00","dateModified":"2025-08-19T12:38:36+00:00","description":"La JAK-300R GEN4 es una cizalla para \u00e1rboles r\u00e1pida, r\u00edgida y potente, dise\u00f1ada para su uso en grandes excavadoras de m\u00e1s de 12 toneladas.","breadcrumb":{"@id":"https:\/\/jak.fi\/es\/productos\/cizalla-para-arboles-para-excavadoras\/jak-300r-cizalla-para-arboles-gen4-para-excavadora\/#breadcrumb"},"inLanguage":"es","potentialAction":[{"@type":"ReadAction","target":["https:\/\/jak.fi\/es\/productos\/cizalla-para-arboles-para-excavadoras\/jak-300r-cizalla-para-arboles-gen4-para-excavadora\/"]}]},{"@type":"ImageObject","inLanguage":"es","@id":"https:\/\/jak.fi\/es\/productos\/cizalla-para-arboles-para-excavadoras\/jak-300r-cizalla-para-arboles-gen4-para-excavadora\/#primaryimage","url":"https:\/\/jak.fi\/wp-content\/uploads\/2024\/05\/JAK-300R-360-rotator-web-1.png","contentUrl":"https:\/\/jak.fi\/wp-content\/uploads\/2024\/05\/JAK-300R-360-rotator-web-1.png","width":1000,"height":667,"caption":"JAK-200R Cizallas para \u00e1rboles con rotador"},{"@type":"BreadcrumbList","@id":"https:\/\/jak.fi\/es\/productos\/cizalla-para-arboles-para-excavadoras\/jak-300r-cizalla-para-arboles-gen4-para-excavadora\/#breadcrumb","itemListElement":[{"@type":"ListItem","position":1,"name":"Etusivu","item":"https:\/\/jak.fi\/es\/"},{"@type":"ListItem","position":2,"name":"Productos","item":"https:\/\/jak.fi\/es\/productos\/"},{"@type":"ListItem","position":3,"name":"JAK-300R Cizallas para \u00e1rboles para excavadora 12-20t"}]},{"@type":"WebSite","@id":"https:\/\/jak.fi\/es\/#website","url":"https:\/\/jak.fi\/es\/","name":"JAK-Metalli Oy","description":"","publisher":{"@id":"https:\/\/jak.fi\/es\/#organization"},"alternateName":"JAK Tree shears","potentialAction":[{"@type":"SearchAction","target":{"@type":"EntryPoint","urlTemplate":"https:\/\/jak.fi\/es\/?s={search_term_string}"},"query-input":{"@type":"PropertyValueSpecification","valueRequired":true,"valueName":"search_term_string"}}],"inLanguage":"es"},{"@type":"Organization","@id":"https:\/\/jak.fi\/es\/#organization","name":"JAK-Metalli Oy","alternateName":"JAK Tree shears","url":"https:\/\/jak.fi\/es\/","logo":{"@type":"ImageObject","inLanguage":"es","@id":"https:\/\/jak.fi\/es\/#\/schema\/logo\/image\/","url":"https:\/\/jak.fi\/wp-content\/uploads\/2024\/09\/JAK-logo-696x696-1.jpg","contentUrl":"https:\/\/jak.fi\/wp-content\/uploads\/2024\/09\/JAK-logo-696x696-1.jpg","width":696,"height":696,"caption":"JAK-Metalli Oy"},"image":{"@id":"https:\/\/jak.fi\/es\/#\/schema\/logo\/image\/"},"sameAs":["https:\/\/www.facebook.com\/jaktreeshears","https:\/\/www.instagram.com\/jaktreeshears\/","https:\/\/www.youtube.com\/channel\/UCAwvaVhBBkPie8MeAGbdY1w"]}]}},"_links":{"self":[{"href":"https:\/\/jak.fi\/es\/wp-json\/wp\/v2\/product\/4908","targetHints":{"allow":["GET"]}}],"collection":[{"href":"https:\/\/jak.fi\/es\/wp-json\/wp\/v2\/product"}],"about":[{"href":"https:\/\/jak.fi\/es\/wp-json\/wp\/v2\/types\/product"}],"wp:featuredmedia":[{"embeddable":true,"href":"https:\/\/jak.fi\/es\/wp-json\/wp\/v2\/media\/4989"}],"wp:attachment":[{"href":"https:\/\/jak.fi\/es\/wp-json\/wp\/v2\/media?parent=4908"}],"wp:term":[{"taxonomy":"product_brand","embeddable":true,"href":"https:\/\/jak.fi\/es\/wp-json\/wp\/v2\/product_brand?post=4908"},{"taxonomy":"product_cat","embeddable":true,"href":"https:\/\/jak.fi\/es\/wp-json\/wp\/v2\/product_cat?post=4908"},{"taxonomy":"product_tag","embeddable":true,"href":"https:\/\/jak.fi\/es\/wp-json\/wp\/v2\/product_tag?post=4908"}],"curies":[{"name":"wp","href":"https:\/\/api.w.org\/{rel}","templated":true}]}}