{"id":4909,"date":"2024-06-03T08:55:42","date_gmt":"2024-06-03T05:55:42","guid":{"rendered":"https:\/\/jak.fi\/products\/sin%20categor\u00eda\/jak-250k-gen4-captador-de-energia\/"},"modified":"2025-09-02T15:41:21","modified_gmt":"2025-09-02T12:41:21","slug":"cizalla-para-arboles-jak-250k-gen4","status":"publish","type":"product","link":"https:\/\/jak.fi\/es\/productos\/cizallas-para-arboles-para-tractores-y-maquinas-forestales\/cizalla-para-arboles-jak-250k-gen4\/","title":{"rendered":"JAK-250K Cizallas para \u00e1rboles GEN4"},"content":{"rendered":"<h2>JAK-250K Cizallas para \u00e1rboles y tractores &#8211; hasta troncos de 250 mm<\/h2>\n<p>La JAK-250K GEN4 es una potente cizalla para \u00e1rboles profesional de doble cilindro dise\u00f1ada para su uso en diversas m\u00e1quinas forestales y tractores de gran tama\u00f1o. Desarrollada para un uso intensivo, la JAK-250K GEN4 corta eficazmente troncos de \u00e1rboles de hasta 250 mm de grosor, de modo que se pueden llevar a cabo diversas operaciones de clareo y desbroce con precisi\u00f3n y eficacia.<\/p>\n<p>Las fuertes mand\u00edbulas y el alto perfil de las cizallas para \u00e1rboles agarran la madera con firmeza y sin fisuras, haciendo que la manipulaci\u00f3n de la madera sea f\u00e1cil y segura. La amplia abertura de 690 mm de la JAK-250K tambi\u00e9n facilita el corte de varios \u00e1rboles a la vez.<\/p>\n<p>La JAK-250K GEN4 funciona con un sistema hidr\u00e1ulico de doble efecto y puede instalarse como tal en lugar de una garra para madera est\u00e1ndar. Si es necesario, la cuchilla de corte se puede desmontar, lo que permite utilizar la garra como garra para madera.<\/p>\n<p>Utilizamos acero resistente al desgaste Hardox\u00ae de alta resistencia. La domesticidad y el uso de materiales de primera calidad tambi\u00e9n contribuyen a una estructura y fiabilidad capaces de soportar las situaciones y condiciones m\u00e1s duras.<\/p>\n","protected":false},"excerpt":{"rendered":"<ul>\n<li>De acero Hardox\u00ae resistente al desgaste<\/li>\n<li>Construcci\u00f3n alta y duradera<\/li>\n<li>No necesitas electricidad<\/li>\n<li>Certificaci\u00f3n CE<\/li>\n<li>Fabricado en Finlandia<\/li>\n<li>Cuchilla extra\u00edble<\/li>\n<\/ul>\n","protected":false},"featured_media":4921,"template":"","meta":{"_acf_changed":false},"product_brand":[],"product_cat":[584],"product_tag":[],"class_list":{"0":"post-4909","1":"product","2":"type-product","3":"status-publish","4":"has-post-thumbnail","6":"product_cat-cizallas-para-arboles-para-tractores-y-maquinas-forestales","8":"first","9":"instock","10":"shipping-taxable","11":"product-type-simple"},"acf":[],"yoast_head":"<!-- This site is optimized with the Yoast SEO plugin v27.3 - https:\/\/yoast.com\/product\/yoast-seo-wordpress\/ -->\n<title>JAK-250K Cizallas para \u00e1rboles GEN4 &#8211; JAK-Metalli Oy<\/title>\n<meta name=\"description\" content=\"La JAK-250K GEN4 es una cizalla para \u00e1rboles de dos cilindros para uso en cargadoras de madera y tractores peque\u00f1os.\" \/>\n<meta name=\"robots\" content=\"index, follow, max-snippet:-1, max-image-preview:large, max-video-preview:-1\" \/>\n<link rel=\"canonical\" href=\"https:\/\/jak.fi\/es\/productos\/cizallas-para-arboles-para-tractores-y-maquinas-forestales\/cizalla-para-arboles-jak-250k-gen4\/\" \/>\n<meta property=\"og:locale\" content=\"es_ES\" \/>\n<meta property=\"og:type\" content=\"article\" \/>\n<meta property=\"og:title\" content=\"JAK-250K Cizallas para \u00e1rboles GEN4 &#8211; JAK-Metalli Oy\" \/>\n<meta property=\"og:description\" content=\"La JAK-250K GEN4 es una cizalla para \u00e1rboles de dos cilindros para uso en cargadoras de madera y tractores peque\u00f1os.\" \/>\n<meta property=\"og:url\" content=\"https:\/\/jak.fi\/es\/productos\/cizallas-para-arboles-para-tractores-y-maquinas-forestales\/cizalla-para-arboles-jak-250k-gen4\/\" \/>\n<meta property=\"og:site_name\" content=\"JAK-Metalli Oy\" \/>\n<meta property=\"article:publisher\" content=\"https:\/\/www.facebook.com\/jaktreeshears\" \/>\n<meta property=\"article:modified_time\" content=\"2025-09-02T12:41:21+00:00\" \/>\n<meta property=\"og:image\" content=\"https:\/\/jak.fi\/wp-content\/uploads\/2024\/06\/jak-250k-4-1.png\" \/>\n\t<meta property=\"og:image:width\" content=\"1000\" \/>\n\t<meta property=\"og:image:height\" content=\"666\" \/>\n\t<meta property=\"og:image:type\" content=\"image\/png\" \/>\n<meta name=\"twitter:card\" content=\"summary_large_image\" \/>\n<meta name=\"twitter:label1\" content=\"Tiempo de lectura\" \/>\n\t<meta name=\"twitter:data1\" content=\"2 minuto\" \/>\n<script type=\"application\/ld+json\" class=\"yoast-schema-graph\">{\"@context\":\"https:\\\/\\\/schema.org\",\"@graph\":[{\"@type\":\"WebPage\",\"@id\":\"https:\\\/\\\/jak.fi\\\/es\\\/productos\\\/cizallas-para-arboles-para-tractores-y-maquinas-forestales\\\/cizalla-para-arboles-jak-250k-gen4\\\/\",\"url\":\"https:\\\/\\\/jak.fi\\\/es\\\/productos\\\/cizallas-para-arboles-para-tractores-y-maquinas-forestales\\\/cizalla-para-arboles-jak-250k-gen4\\\/\",\"name\":\"JAK-250K Cizallas para \u00e1rboles GEN4 &#8211; JAK-Metalli Oy\",\"isPartOf\":{\"@id\":\"https:\\\/\\\/jak.fi\\\/es\\\/#website\"},\"primaryImageOfPage\":{\"@id\":\"https:\\\/\\\/jak.fi\\\/es\\\/productos\\\/cizallas-para-arboles-para-tractores-y-maquinas-forestales\\\/cizalla-para-arboles-jak-250k-gen4\\\/#primaryimage\"},\"image\":{\"@id\":\"https:\\\/\\\/jak.fi\\\/es\\\/productos\\\/cizallas-para-arboles-para-tractores-y-maquinas-forestales\\\/cizalla-para-arboles-jak-250k-gen4\\\/#primaryimage\"},\"thumbnailUrl\":\"https:\\\/\\\/jak.fi\\\/wp-content\\\/uploads\\\/2024\\\/06\\\/jak-250k-4-1.png\",\"datePublished\":\"2024-06-03T05:55:42+00:00\",\"dateModified\":\"2025-09-02T12:41:21+00:00\",\"description\":\"La JAK-250K GEN4 es una cizalla para \u00e1rboles de dos cilindros para uso en cargadoras de madera y tractores peque\u00f1os.\",\"breadcrumb\":{\"@id\":\"https:\\\/\\\/jak.fi\\\/es\\\/productos\\\/cizallas-para-arboles-para-tractores-y-maquinas-forestales\\\/cizalla-para-arboles-jak-250k-gen4\\\/#breadcrumb\"},\"inLanguage\":\"es\",\"potentialAction\":[{\"@type\":\"ReadAction\",\"target\":[\"https:\\\/\\\/jak.fi\\\/es\\\/productos\\\/cizallas-para-arboles-para-tractores-y-maquinas-forestales\\\/cizalla-para-arboles-jak-250k-gen4\\\/\"]}]},{\"@type\":\"ImageObject\",\"inLanguage\":\"es\",\"@id\":\"https:\\\/\\\/jak.fi\\\/es\\\/productos\\\/cizallas-para-arboles-para-tractores-y-maquinas-forestales\\\/cizalla-para-arboles-jak-250k-gen4\\\/#primaryimage\",\"url\":\"https:\\\/\\\/jak.fi\\\/wp-content\\\/uploads\\\/2024\\\/06\\\/jak-250k-4-1.png\",\"contentUrl\":\"https:\\\/\\\/jak.fi\\\/wp-content\\\/uploads\\\/2024\\\/06\\\/jak-250k-4-1.png\",\"width\":1000,\"height\":666,\"caption\":\"Cizallas para \u00e1rboles JAK-250K GEN4 para m\u00e1quinas forestales y tractores, eficaces y duraderas, cortan \u00e1rboles de 250 mm de grosor.\"},{\"@type\":\"BreadcrumbList\",\"@id\":\"https:\\\/\\\/jak.fi\\\/es\\\/productos\\\/cizallas-para-arboles-para-tractores-y-maquinas-forestales\\\/cizalla-para-arboles-jak-250k-gen4\\\/#breadcrumb\",\"itemListElement\":[{\"@type\":\"ListItem\",\"position\":1,\"name\":\"Etusivu\",\"item\":\"https:\\\/\\\/jak.fi\\\/es\\\/\"},{\"@type\":\"ListItem\",\"position\":2,\"name\":\"Productos\",\"item\":\"https:\\\/\\\/jak.fi\\\/es\\\/productos\\\/\"},{\"@type\":\"ListItem\",\"position\":3,\"name\":\"JAK-250K Cizallas para \u00e1rboles GEN4\"}]},{\"@type\":\"WebSite\",\"@id\":\"https:\\\/\\\/jak.fi\\\/es\\\/#website\",\"url\":\"https:\\\/\\\/jak.fi\\\/es\\\/\",\"name\":\"JAK-Metalli Oy\",\"description\":\"\",\"publisher\":{\"@id\":\"https:\\\/\\\/jak.fi\\\/es\\\/#organization\"},\"alternateName\":\"JAK Tree shears\",\"potentialAction\":[{\"@type\":\"SearchAction\",\"target\":{\"@type\":\"EntryPoint\",\"urlTemplate\":\"https:\\\/\\\/jak.fi\\\/es\\\/?s={search_term_string}\"},\"query-input\":{\"@type\":\"PropertyValueSpecification\",\"valueRequired\":true,\"valueName\":\"search_term_string\"}}],\"inLanguage\":\"es\"},{\"@type\":\"Organization\",\"@id\":\"https:\\\/\\\/jak.fi\\\/es\\\/#organization\",\"name\":\"JAK-Metalli Oy\",\"alternateName\":\"JAK Tree shears\",\"url\":\"https:\\\/\\\/jak.fi\\\/es\\\/\",\"logo\":{\"@type\":\"ImageObject\",\"inLanguage\":\"es\",\"@id\":\"https:\\\/\\\/jak.fi\\\/es\\\/#\\\/schema\\\/logo\\\/image\\\/\",\"url\":\"https:\\\/\\\/jak.fi\\\/wp-content\\\/uploads\\\/2024\\\/09\\\/JAK-logo-696x696-1.jpg\",\"contentUrl\":\"https:\\\/\\\/jak.fi\\\/wp-content\\\/uploads\\\/2024\\\/09\\\/JAK-logo-696x696-1.jpg\",\"width\":696,\"height\":696,\"caption\":\"JAK-Metalli Oy\"},\"image\":{\"@id\":\"https:\\\/\\\/jak.fi\\\/es\\\/#\\\/schema\\\/logo\\\/image\\\/\"},\"sameAs\":[\"https:\\\/\\\/www.facebook.com\\\/jaktreeshears\",\"https:\\\/\\\/www.instagram.com\\\/jaktreeshears\\\/\",\"https:\\\/\\\/www.youtube.com\\\/channel\\\/UCAwvaVhBBkPie8MeAGbdY1w\"]}]}<\/script>\n<!-- \/ Yoast SEO plugin. -->","yoast_head_json":{"title":"JAK-250K Cizallas para \u00e1rboles GEN4 &#8211; JAK-Metalli Oy","description":"La JAK-250K GEN4 es una cizalla para \u00e1rboles de dos cilindros para uso en cargadoras de madera y tractores peque\u00f1os.","robots":{"index":"index","follow":"follow","max-snippet":"max-snippet:-1","max-image-preview":"max-image-preview:large","max-video-preview":"max-video-preview:-1"},"canonical":"https:\/\/jak.fi\/es\/productos\/cizallas-para-arboles-para-tractores-y-maquinas-forestales\/cizalla-para-arboles-jak-250k-gen4\/","og_locale":"es_ES","og_type":"article","og_title":"JAK-250K Cizallas para \u00e1rboles GEN4 &#8211; JAK-Metalli Oy","og_description":"La JAK-250K GEN4 es una cizalla para \u00e1rboles de dos cilindros para uso en cargadoras de madera y tractores peque\u00f1os.","og_url":"https:\/\/jak.fi\/es\/productos\/cizallas-para-arboles-para-tractores-y-maquinas-forestales\/cizalla-para-arboles-jak-250k-gen4\/","og_site_name":"JAK-Metalli Oy","article_publisher":"https:\/\/www.facebook.com\/jaktreeshears","article_modified_time":"2025-09-02T12:41:21+00:00","og_image":[{"width":1000,"height":666,"url":"https:\/\/jak.fi\/wp-content\/uploads\/2024\/06\/jak-250k-4-1.png","type":"image\/png"}],"twitter_card":"summary_large_image","twitter_misc":{"Tiempo de lectura":"2 minuto"},"schema":{"@context":"https:\/\/schema.org","@graph":[{"@type":"WebPage","@id":"https:\/\/jak.fi\/es\/productos\/cizallas-para-arboles-para-tractores-y-maquinas-forestales\/cizalla-para-arboles-jak-250k-gen4\/","url":"https:\/\/jak.fi\/es\/productos\/cizallas-para-arboles-para-tractores-y-maquinas-forestales\/cizalla-para-arboles-jak-250k-gen4\/","name":"JAK-250K Cizallas para \u00e1rboles GEN4 &#8211; JAK-Metalli Oy","isPartOf":{"@id":"https:\/\/jak.fi\/es\/#website"},"primaryImageOfPage":{"@id":"https:\/\/jak.fi\/es\/productos\/cizallas-para-arboles-para-tractores-y-maquinas-forestales\/cizalla-para-arboles-jak-250k-gen4\/#primaryimage"},"image":{"@id":"https:\/\/jak.fi\/es\/productos\/cizallas-para-arboles-para-tractores-y-maquinas-forestales\/cizalla-para-arboles-jak-250k-gen4\/#primaryimage"},"thumbnailUrl":"https:\/\/jak.fi\/wp-content\/uploads\/2024\/06\/jak-250k-4-1.png","datePublished":"2024-06-03T05:55:42+00:00","dateModified":"2025-09-02T12:41:21+00:00","description":"La JAK-250K GEN4 es una cizalla para \u00e1rboles de dos cilindros para uso en cargadoras de madera y tractores peque\u00f1os.","breadcrumb":{"@id":"https:\/\/jak.fi\/es\/productos\/cizallas-para-arboles-para-tractores-y-maquinas-forestales\/cizalla-para-arboles-jak-250k-gen4\/#breadcrumb"},"inLanguage":"es","potentialAction":[{"@type":"ReadAction","target":["https:\/\/jak.fi\/es\/productos\/cizallas-para-arboles-para-tractores-y-maquinas-forestales\/cizalla-para-arboles-jak-250k-gen4\/"]}]},{"@type":"ImageObject","inLanguage":"es","@id":"https:\/\/jak.fi\/es\/productos\/cizallas-para-arboles-para-tractores-y-maquinas-forestales\/cizalla-para-arboles-jak-250k-gen4\/#primaryimage","url":"https:\/\/jak.fi\/wp-content\/uploads\/2024\/06\/jak-250k-4-1.png","contentUrl":"https:\/\/jak.fi\/wp-content\/uploads\/2024\/06\/jak-250k-4-1.png","width":1000,"height":666,"caption":"Cizallas para \u00e1rboles JAK-250K GEN4 para m\u00e1quinas forestales y tractores, eficaces y duraderas, cortan \u00e1rboles de 250 mm de grosor."},{"@type":"BreadcrumbList","@id":"https:\/\/jak.fi\/es\/productos\/cizallas-para-arboles-para-tractores-y-maquinas-forestales\/cizalla-para-arboles-jak-250k-gen4\/#breadcrumb","itemListElement":[{"@type":"ListItem","position":1,"name":"Etusivu","item":"https:\/\/jak.fi\/es\/"},{"@type":"ListItem","position":2,"name":"Productos","item":"https:\/\/jak.fi\/es\/productos\/"},{"@type":"ListItem","position":3,"name":"JAK-250K Cizallas para \u00e1rboles GEN4"}]},{"@type":"WebSite","@id":"https:\/\/jak.fi\/es\/#website","url":"https:\/\/jak.fi\/es\/","name":"JAK-Metalli Oy","description":"","publisher":{"@id":"https:\/\/jak.fi\/es\/#organization"},"alternateName":"JAK Tree shears","potentialAction":[{"@type":"SearchAction","target":{"@type":"EntryPoint","urlTemplate":"https:\/\/jak.fi\/es\/?s={search_term_string}"},"query-input":{"@type":"PropertyValueSpecification","valueRequired":true,"valueName":"search_term_string"}}],"inLanguage":"es"},{"@type":"Organization","@id":"https:\/\/jak.fi\/es\/#organization","name":"JAK-Metalli Oy","alternateName":"JAK Tree shears","url":"https:\/\/jak.fi\/es\/","logo":{"@type":"ImageObject","inLanguage":"es","@id":"https:\/\/jak.fi\/es\/#\/schema\/logo\/image\/","url":"https:\/\/jak.fi\/wp-content\/uploads\/2024\/09\/JAK-logo-696x696-1.jpg","contentUrl":"https:\/\/jak.fi\/wp-content\/uploads\/2024\/09\/JAK-logo-696x696-1.jpg","width":696,"height":696,"caption":"JAK-Metalli Oy"},"image":{"@id":"https:\/\/jak.fi\/es\/#\/schema\/logo\/image\/"},"sameAs":["https:\/\/www.facebook.com\/jaktreeshears","https:\/\/www.instagram.com\/jaktreeshears\/","https:\/\/www.youtube.com\/channel\/UCAwvaVhBBkPie8MeAGbdY1w"]}]}},"_links":{"self":[{"href":"https:\/\/jak.fi\/es\/wp-json\/wp\/v2\/product\/4909","targetHints":{"allow":["GET"]}}],"collection":[{"href":"https:\/\/jak.fi\/es\/wp-json\/wp\/v2\/product"}],"about":[{"href":"https:\/\/jak.fi\/es\/wp-json\/wp\/v2\/types\/product"}],"wp:featuredmedia":[{"embeddable":true,"href":"https:\/\/jak.fi\/es\/wp-json\/wp\/v2\/media\/4921"}],"wp:attachment":[{"href":"https:\/\/jak.fi\/es\/wp-json\/wp\/v2\/media?parent=4909"}],"wp:term":[{"taxonomy":"product_brand","embeddable":true,"href":"https:\/\/jak.fi\/es\/wp-json\/wp\/v2\/product_brand?post=4909"},{"taxonomy":"product_cat","embeddable":true,"href":"https:\/\/jak.fi\/es\/wp-json\/wp\/v2\/product_cat?post=4909"},{"taxonomy":"product_tag","embeddable":true,"href":"https:\/\/jak.fi\/es\/wp-json\/wp\/v2\/product_tag?post=4909"}],"curies":[{"name":"wp","href":"https:\/\/api.w.org\/{rel}","templated":true}]}}