{"id":4955,"date":"2024-05-28T10:10:49","date_gmt":"2024-05-28T07:10:49","guid":{"rendered":"https:\/\/jak.fi\/products\/sin%20categor\u00eda\/talon-serie-c\/"},"modified":"2025-04-11T15:50:01","modified_gmt":"2025-04-11T12:50:01","slug":"talon-serie-c","status":"publish","type":"product","link":"https:\/\/jak.fi\/es\/productos\/accesorios-para-cucharas-de-energia\/talon-serie-c\/","title":{"rendered":"Tal\u00f3n serie C"},"content":{"rendered":"<p>El tal\u00f3n es un accesorio que se utiliza como punto de apoyo para levantar y mover la m\u00e1quina, por ejemplo. El accesorio se fija a la parte trasera de las cizallas para \u00e1rboles JAK, debajo del soporte. El tal\u00f3n se utiliza como punto de apoyo, por ejemplo, si hay que girar la excavadora empujando los brazos de la m\u00e1quina contra el suelo.  <\/p>\n<p>El tac\u00f3n facilita el funcionamiento conjunto de la cizallas para \u00e1rboles y la excavadora, y tambi\u00e9n est\u00e1 pensado para proteger a la propia cizalla de los impactos causados por el suelo duro.<\/p>\n","protected":false},"excerpt":{"rendered":"<p>El tal\u00f3n es un accesorio que se utiliza como punto de apoyo para levantar y mover la m\u00e1quina, por ejemplo. El accesorio se fija a la parte trasera de las cizallas para \u00e1rboles JAK, debajo del soporte. El tal\u00f3n se utiliza como punto de apoyo, por ejemplo, si hay que girar la excavadora empujando los [&hellip;]<\/p>\n","protected":false},"featured_media":4957,"template":"","meta":{"_acf_changed":false},"product_brand":[],"product_cat":[581],"product_tag":[],"class_list":{"0":"post-4955","1":"product","2":"type-product","3":"status-publish","4":"has-post-thumbnail","6":"product_cat-accesorios-para-cucharas-de-energia","8":"first","9":"instock","10":"shipping-taxable","11":"product-type-simple"},"acf":[],"yoast_head":"<!-- This site is optimized with the Yoast SEO plugin v27.2 - https:\/\/yoast.com\/product\/yoast-seo-wordpress\/ -->\n<title>Tal\u00f3n serie C &#8211; JAK-Metalli Oy<\/title>\n<meta name=\"description\" content=\"El tac\u00f3n mejora la interacci\u00f3n entre la cizallas para \u00e1rboles y la excavadora y protege a la cizalla de los da\u00f1os causados por la dureza del terreno.\" \/>\n<meta name=\"robots\" content=\"index, follow, max-snippet:-1, max-image-preview:large, max-video-preview:-1\" \/>\n<link rel=\"canonical\" href=\"https:\/\/jak.fi\/es\/productos\/accesorios-para-cucharas-de-energia\/talon-serie-c\/\" \/>\n<meta property=\"og:locale\" content=\"es_ES\" \/>\n<meta property=\"og:type\" content=\"article\" \/>\n<meta property=\"og:title\" content=\"Tal\u00f3n serie C &#8211; JAK-Metalli Oy\" \/>\n<meta property=\"og:description\" content=\"El tac\u00f3n mejora la interacci\u00f3n entre la cizallas para \u00e1rboles y la excavadora y protege a la cizalla de los da\u00f1os causados por la dureza del terreno.\" \/>\n<meta property=\"og:url\" content=\"https:\/\/jak.fi\/es\/productos\/accesorios-para-cucharas-de-energia\/talon-serie-c\/\" \/>\n<meta property=\"og:site_name\" content=\"JAK-Metalli Oy\" \/>\n<meta property=\"article:publisher\" content=\"https:\/\/www.facebook.com\/jaktreeshears\" \/>\n<meta property=\"article:modified_time\" content=\"2025-04-11T12:50:01+00:00\" \/>\n<meta property=\"og:image\" content=\"https:\/\/jak.fi\/wp-content\/uploads\/2024\/05\/220C-foot.png\" \/>\n\t<meta property=\"og:image:width\" content=\"1000\" \/>\n\t<meta property=\"og:image:height\" content=\"806\" \/>\n\t<meta property=\"og:image:type\" content=\"image\/png\" \/>\n<meta name=\"twitter:card\" content=\"summary_large_image\" \/>\n<meta name=\"twitter:label1\" content=\"Tiempo de lectura\" \/>\n\t<meta name=\"twitter:data1\" content=\"1 minuto\" \/>\n<script type=\"application\/ld+json\" class=\"yoast-schema-graph\">{\"@context\":\"https:\/\/schema.org\",\"@graph\":[{\"@type\":\"WebPage\",\"@id\":\"https:\/\/jak.fi\/es\/productos\/accesorios-para-cucharas-de-energia\/talon-serie-c\/\",\"url\":\"https:\/\/jak.fi\/es\/productos\/accesorios-para-cucharas-de-energia\/talon-serie-c\/\",\"name\":\"Tal\u00f3n serie C &#8211; JAK-Metalli Oy\",\"isPartOf\":{\"@id\":\"https:\/\/jak.fi\/es\/#website\"},\"primaryImageOfPage\":{\"@id\":\"https:\/\/jak.fi\/es\/productos\/accesorios-para-cucharas-de-energia\/talon-serie-c\/#primaryimage\"},\"image\":{\"@id\":\"https:\/\/jak.fi\/es\/productos\/accesorios-para-cucharas-de-energia\/talon-serie-c\/#primaryimage\"},\"thumbnailUrl\":\"https:\/\/jak.fi\/wp-content\/uploads\/2024\/05\/220C-foot.png\",\"datePublished\":\"2024-05-28T07:10:49+00:00\",\"dateModified\":\"2025-04-11T12:50:01+00:00\",\"description\":\"El tac\u00f3n mejora la interacci\u00f3n entre la cizallas para \u00e1rboles y la excavadora y protege a la cizalla de los da\u00f1os causados por la dureza del terreno.\",\"breadcrumb\":{\"@id\":\"https:\/\/jak.fi\/es\/productos\/accesorios-para-cucharas-de-energia\/talon-serie-c\/#breadcrumb\"},\"inLanguage\":\"es\",\"potentialAction\":[{\"@type\":\"ReadAction\",\"target\":[\"https:\/\/jak.fi\/es\/productos\/accesorios-para-cucharas-de-energia\/talon-serie-c\/\"]}]},{\"@type\":\"ImageObject\",\"inLanguage\":\"es\",\"@id\":\"https:\/\/jak.fi\/es\/productos\/accesorios-para-cucharas-de-energia\/talon-serie-c\/#primaryimage\",\"url\":\"https:\/\/jak.fi\/wp-content\/uploads\/2024\/05\/220C-foot.png\",\"contentUrl\":\"https:\/\/jak.fi\/wp-content\/uploads\/2024\/05\/220C-foot.png\",\"width\":1000,\"height\":806,\"caption\":\"El tal\u00f3n de las cizallas para \u00e1rboles de la serie C protege la cizalla en terrenos dif\u00edciles.\"},{\"@type\":\"BreadcrumbList\",\"@id\":\"https:\/\/jak.fi\/es\/productos\/accesorios-para-cucharas-de-energia\/talon-serie-c\/#breadcrumb\",\"itemListElement\":[{\"@type\":\"ListItem\",\"position\":1,\"name\":\"Etusivu\",\"item\":\"https:\/\/jak.fi\/es\/\"},{\"@type\":\"ListItem\",\"position\":2,\"name\":\"Productos\",\"item\":\"https:\/\/jak.fi\/es\/productos\/\"},{\"@type\":\"ListItem\",\"position\":3,\"name\":\"Tal\u00f3n serie C\"}]},{\"@type\":\"WebSite\",\"@id\":\"https:\/\/jak.fi\/es\/#website\",\"url\":\"https:\/\/jak.fi\/es\/\",\"name\":\"JAK-Metalli Oy\",\"description\":\"\",\"publisher\":{\"@id\":\"https:\/\/jak.fi\/es\/#organization\"},\"alternateName\":\"JAK Tree shears\",\"potentialAction\":[{\"@type\":\"SearchAction\",\"target\":{\"@type\":\"EntryPoint\",\"urlTemplate\":\"https:\/\/jak.fi\/es\/?s={search_term_string}\"},\"query-input\":{\"@type\":\"PropertyValueSpecification\",\"valueRequired\":true,\"valueName\":\"search_term_string\"}}],\"inLanguage\":\"es\"},{\"@type\":\"Organization\",\"@id\":\"https:\/\/jak.fi\/es\/#organization\",\"name\":\"JAK-Metalli Oy\",\"alternateName\":\"JAK Tree shears\",\"url\":\"https:\/\/jak.fi\/es\/\",\"logo\":{\"@type\":\"ImageObject\",\"inLanguage\":\"es\",\"@id\":\"https:\/\/jak.fi\/es\/#\/schema\/logo\/image\/\",\"url\":\"https:\/\/jak.fi\/wp-content\/uploads\/2024\/09\/JAK-logo-696x696-1.jpg\",\"contentUrl\":\"https:\/\/jak.fi\/wp-content\/uploads\/2024\/09\/JAK-logo-696x696-1.jpg\",\"width\":696,\"height\":696,\"caption\":\"JAK-Metalli Oy\"},\"image\":{\"@id\":\"https:\/\/jak.fi\/es\/#\/schema\/logo\/image\/\"},\"sameAs\":[\"https:\/\/www.facebook.com\/jaktreeshears\",\"https:\/\/www.instagram.com\/jaktreeshears\/\",\"https:\/\/www.youtube.com\/channel\/UCAwvaVhBBkPie8MeAGbdY1w\"]}]}<\/script>\n<!-- \/ Yoast SEO plugin. -->","yoast_head_json":{"title":"Tal\u00f3n serie C &#8211; JAK-Metalli Oy","description":"El tac\u00f3n mejora la interacci\u00f3n entre la cizallas para \u00e1rboles y la excavadora y protege a la cizalla de los da\u00f1os causados por la dureza del terreno.","robots":{"index":"index","follow":"follow","max-snippet":"max-snippet:-1","max-image-preview":"max-image-preview:large","max-video-preview":"max-video-preview:-1"},"canonical":"https:\/\/jak.fi\/es\/productos\/accesorios-para-cucharas-de-energia\/talon-serie-c\/","og_locale":"es_ES","og_type":"article","og_title":"Tal\u00f3n serie C &#8211; JAK-Metalli Oy","og_description":"El tac\u00f3n mejora la interacci\u00f3n entre la cizallas para \u00e1rboles y la excavadora y protege a la cizalla de los da\u00f1os causados por la dureza del terreno.","og_url":"https:\/\/jak.fi\/es\/productos\/accesorios-para-cucharas-de-energia\/talon-serie-c\/","og_site_name":"JAK-Metalli Oy","article_publisher":"https:\/\/www.facebook.com\/jaktreeshears","article_modified_time":"2025-04-11T12:50:01+00:00","og_image":[{"width":1000,"height":806,"url":"https:\/\/jak.fi\/wp-content\/uploads\/2024\/05\/220C-foot.png","type":"image\/png"}],"twitter_card":"summary_large_image","twitter_misc":{"Tiempo de lectura":"1 minuto"},"schema":{"@context":"https:\/\/schema.org","@graph":[{"@type":"WebPage","@id":"https:\/\/jak.fi\/es\/productos\/accesorios-para-cucharas-de-energia\/talon-serie-c\/","url":"https:\/\/jak.fi\/es\/productos\/accesorios-para-cucharas-de-energia\/talon-serie-c\/","name":"Tal\u00f3n serie C &#8211; JAK-Metalli Oy","isPartOf":{"@id":"https:\/\/jak.fi\/es\/#website"},"primaryImageOfPage":{"@id":"https:\/\/jak.fi\/es\/productos\/accesorios-para-cucharas-de-energia\/talon-serie-c\/#primaryimage"},"image":{"@id":"https:\/\/jak.fi\/es\/productos\/accesorios-para-cucharas-de-energia\/talon-serie-c\/#primaryimage"},"thumbnailUrl":"https:\/\/jak.fi\/wp-content\/uploads\/2024\/05\/220C-foot.png","datePublished":"2024-05-28T07:10:49+00:00","dateModified":"2025-04-11T12:50:01+00:00","description":"El tac\u00f3n mejora la interacci\u00f3n entre la cizallas para \u00e1rboles y la excavadora y protege a la cizalla de los da\u00f1os causados por la dureza del terreno.","breadcrumb":{"@id":"https:\/\/jak.fi\/es\/productos\/accesorios-para-cucharas-de-energia\/talon-serie-c\/#breadcrumb"},"inLanguage":"es","potentialAction":[{"@type":"ReadAction","target":["https:\/\/jak.fi\/es\/productos\/accesorios-para-cucharas-de-energia\/talon-serie-c\/"]}]},{"@type":"ImageObject","inLanguage":"es","@id":"https:\/\/jak.fi\/es\/productos\/accesorios-para-cucharas-de-energia\/talon-serie-c\/#primaryimage","url":"https:\/\/jak.fi\/wp-content\/uploads\/2024\/05\/220C-foot.png","contentUrl":"https:\/\/jak.fi\/wp-content\/uploads\/2024\/05\/220C-foot.png","width":1000,"height":806,"caption":"El tal\u00f3n de las cizallas para \u00e1rboles de la serie C protege la cizalla en terrenos dif\u00edciles."},{"@type":"BreadcrumbList","@id":"https:\/\/jak.fi\/es\/productos\/accesorios-para-cucharas-de-energia\/talon-serie-c\/#breadcrumb","itemListElement":[{"@type":"ListItem","position":1,"name":"Etusivu","item":"https:\/\/jak.fi\/es\/"},{"@type":"ListItem","position":2,"name":"Productos","item":"https:\/\/jak.fi\/es\/productos\/"},{"@type":"ListItem","position":3,"name":"Tal\u00f3n serie C"}]},{"@type":"WebSite","@id":"https:\/\/jak.fi\/es\/#website","url":"https:\/\/jak.fi\/es\/","name":"JAK-Metalli Oy","description":"","publisher":{"@id":"https:\/\/jak.fi\/es\/#organization"},"alternateName":"JAK Tree shears","potentialAction":[{"@type":"SearchAction","target":{"@type":"EntryPoint","urlTemplate":"https:\/\/jak.fi\/es\/?s={search_term_string}"},"query-input":{"@type":"PropertyValueSpecification","valueRequired":true,"valueName":"search_term_string"}}],"inLanguage":"es"},{"@type":"Organization","@id":"https:\/\/jak.fi\/es\/#organization","name":"JAK-Metalli Oy","alternateName":"JAK Tree shears","url":"https:\/\/jak.fi\/es\/","logo":{"@type":"ImageObject","inLanguage":"es","@id":"https:\/\/jak.fi\/es\/#\/schema\/logo\/image\/","url":"https:\/\/jak.fi\/wp-content\/uploads\/2024\/09\/JAK-logo-696x696-1.jpg","contentUrl":"https:\/\/jak.fi\/wp-content\/uploads\/2024\/09\/JAK-logo-696x696-1.jpg","width":696,"height":696,"caption":"JAK-Metalli Oy"},"image":{"@id":"https:\/\/jak.fi\/es\/#\/schema\/logo\/image\/"},"sameAs":["https:\/\/www.facebook.com\/jaktreeshears","https:\/\/www.instagram.com\/jaktreeshears\/","https:\/\/www.youtube.com\/channel\/UCAwvaVhBBkPie8MeAGbdY1w"]}]}},"_links":{"self":[{"href":"https:\/\/jak.fi\/es\/wp-json\/wp\/v2\/product\/4955","targetHints":{"allow":["GET"]}}],"collection":[{"href":"https:\/\/jak.fi\/es\/wp-json\/wp\/v2\/product"}],"about":[{"href":"https:\/\/jak.fi\/es\/wp-json\/wp\/v2\/types\/product"}],"wp:featuredmedia":[{"embeddable":true,"href":"https:\/\/jak.fi\/es\/wp-json\/wp\/v2\/media\/4957"}],"wp:attachment":[{"href":"https:\/\/jak.fi\/es\/wp-json\/wp\/v2\/media?parent=4955"}],"wp:term":[{"taxonomy":"product_brand","embeddable":true,"href":"https:\/\/jak.fi\/es\/wp-json\/wp\/v2\/product_brand?post=4955"},{"taxonomy":"product_cat","embeddable":true,"href":"https:\/\/jak.fi\/es\/wp-json\/wp\/v2\/product_cat?post=4955"},{"taxonomy":"product_tag","embeddable":true,"href":"https:\/\/jak.fi\/es\/wp-json\/wp\/v2\/product_tag?post=4955"}],"curies":[{"name":"wp","href":"https:\/\/api.w.org\/{rel}","templated":true}]}}