{"id":4956,"date":"2024-06-03T08:44:46","date_gmt":"2024-06-03T05:44:46","guid":{"rendered":"https:\/\/jak.fi\/products\/sin%20categor\u00eda\/jak-220c-cuchara-de-energia-para-excavadora\/"},"modified":"2026-03-24T09:34:39","modified_gmt":"2026-03-24T06:34:39","slug":"jak-220c-cizalla-para-arboles-para-excavadora","status":"publish","type":"product","link":"https:\/\/jak.fi\/es\/productos\/cizalla-para-arboles-para-excavadoras\/jak-220c-cizalla-para-arboles-para-excavadora\/","title":{"rendered":"JAK-220C Cizallas para \u00e1rboles para excavadora 2-8t"},"content":{"rendered":"<h2>JAK-220C Cizallas para \u00e1rboles para excavadoras: una opci\u00f3n ligera y duradera para excavadoras peque\u00f1as<\/h2>\n<p>La JAK-220C es una cizalla para \u00e1rboles con potencia de corte concentrada en un lado de la mand\u00edbula y es adecuada para excavadoras peque\u00f1as de 2-8t (4409-17637 lbs). Esta soluci\u00f3n permite un dise\u00f1o m\u00e1s ligero, un tama\u00f1o de viruta menor y tambi\u00e9n un precio m\u00e1s bajo.<\/p>\n<p>Esta cizalla para \u00e1rboles multiusos es el resultado de un largo proceso de desarrollo e investigaci\u00f3n del producto. Durante el proceso de desarrollo, el dise\u00f1o de la cuchara se ha basado en la experiencia real de nuestra propia y s\u00f3lida experiencia en el trabajo de la madera, as\u00ed como en las ideas de los usuarios. Esta cuchara para \u00e1rboles se ha sometido a un exigente proceso de pruebas en condiciones exigentes.<\/p>\n<p>Utilizamos acero resistente al desgaste Hardox\u00ae de alta resistencia. La domesticidad y el uso de materiales de primera calidad tambi\u00e9n contribuyen a una estructura y fiabilidad capaces de soportar las situaciones y condiciones m\u00e1s duras.<\/p>\n<p>&nbsp;<\/p>\n<p><strong>Clips<\/strong><\/p>\n<p>Los implementos m\u00e1s comunes de las excavadoras<\/p>\n<p>Bajo pedido seg\u00fan el tipo de m\u00e1quina solicitada por el cliente<\/p>\n","protected":false},"excerpt":{"rendered":"<ul>\n<li>De acero Hardox\u00ae resistente al desgaste<\/li>\n<li>Disponible con una l\u00ednea hidr\u00e1ulica opcional<\/li>\n<li>Certificaci\u00f3n CE<\/li>\n<li>Una alternativa m\u00e1s barata<\/li>\n<li>Fabricado en Finlandia<\/li>\n<li>Cuchilla extra\u00edble<\/li>\n<\/ul>\n","protected":false},"featured_media":4961,"template":"","meta":{"_acf_changed":false},"product_brand":[],"product_cat":[582],"product_tag":[],"class_list":{"0":"post-4956","1":"product","2":"type-product","3":"status-publish","4":"has-post-thumbnail","6":"product_cat-cizalla-para-arboles-para-excavadoras","8":"first","9":"instock","10":"shipping-taxable","11":"product-type-simple"},"acf":[],"yoast_head":"<!-- This site is optimized with the Yoast SEO plugin v27.3 - https:\/\/yoast.com\/product\/yoast-seo-wordpress\/ -->\n<title>JAK-220C Cizallas para \u00e1rboles para excavadora 2-8t &#8211; JAK-Metalli Oy<\/title>\n<meta name=\"description\" content=\"La JAK-220C es una cizalla para \u00e1rboles con la potencia de corte concentrada en un lado de la mand\u00edbula y es adecuada para excavadoras peque\u00f1as de 2-6tn.\" \/>\n<meta name=\"robots\" content=\"index, follow, max-snippet:-1, max-image-preview:large, max-video-preview:-1\" \/>\n<link rel=\"canonical\" href=\"https:\/\/jak.fi\/es\/productos\/cizalla-para-arboles-para-excavadoras\/jak-220c-cizalla-para-arboles-para-excavadora\/\" \/>\n<meta property=\"og:locale\" content=\"es_ES\" \/>\n<meta property=\"og:type\" content=\"article\" \/>\n<meta property=\"og:title\" content=\"JAK-220C Cizallas para \u00e1rboles para excavadora 2-8t &#8211; JAK-Metalli Oy\" \/>\n<meta property=\"og:description\" content=\"La JAK-220C es una cizalla para \u00e1rboles con la potencia de corte concentrada en un lado de la mand\u00edbula y es adecuada para excavadoras peque\u00f1as de 2-6tn.\" \/>\n<meta property=\"og:url\" content=\"https:\/\/jak.fi\/es\/productos\/cizalla-para-arboles-para-excavadoras\/jak-220c-cizalla-para-arboles-para-excavadora\/\" \/>\n<meta property=\"og:site_name\" content=\"JAK-Metalli Oy\" \/>\n<meta property=\"article:publisher\" content=\"https:\/\/www.facebook.com\/jaktreeshears\" \/>\n<meta property=\"article:modified_time\" content=\"2026-03-24T06:34:39+00:00\" \/>\n<meta property=\"og:image\" content=\"https:\/\/jak.fi\/wp-content\/uploads\/2024\/06\/JAK-220C-with-collector.png\" \/>\n\t<meta property=\"og:image:width\" content=\"1920\" \/>\n\t<meta property=\"og:image:height\" content=\"1674\" \/>\n\t<meta property=\"og:image:type\" content=\"image\/png\" \/>\n<meta name=\"twitter:card\" content=\"summary_large_image\" \/>\n<meta name=\"twitter:label1\" content=\"Tiempo de lectura\" \/>\n\t<meta name=\"twitter:data1\" content=\"2 minuto\" \/>\n<script type=\"application\/ld+json\" class=\"yoast-schema-graph\">{\"@context\":\"https:\\\/\\\/schema.org\",\"@graph\":[{\"@type\":\"WebPage\",\"@id\":\"https:\\\/\\\/jak.fi\\\/es\\\/productos\\\/cizalla-para-arboles-para-excavadoras\\\/jak-220c-cizalla-para-arboles-para-excavadora\\\/\",\"url\":\"https:\\\/\\\/jak.fi\\\/es\\\/productos\\\/cizalla-para-arboles-para-excavadoras\\\/jak-220c-cizalla-para-arboles-para-excavadora\\\/\",\"name\":\"JAK-220C Cizallas para \u00e1rboles para excavadora 2-8t &#8211; JAK-Metalli Oy\",\"isPartOf\":{\"@id\":\"https:\\\/\\\/jak.fi\\\/es\\\/#website\"},\"primaryImageOfPage\":{\"@id\":\"https:\\\/\\\/jak.fi\\\/es\\\/productos\\\/cizalla-para-arboles-para-excavadoras\\\/jak-220c-cizalla-para-arboles-para-excavadora\\\/#primaryimage\"},\"image\":{\"@id\":\"https:\\\/\\\/jak.fi\\\/es\\\/productos\\\/cizalla-para-arboles-para-excavadoras\\\/jak-220c-cizalla-para-arboles-para-excavadora\\\/#primaryimage\"},\"thumbnailUrl\":\"https:\\\/\\\/jak.fi\\\/wp-content\\\/uploads\\\/2024\\\/06\\\/JAK-220C-with-collector.png\",\"datePublished\":\"2024-06-03T05:44:46+00:00\",\"dateModified\":\"2026-03-24T06:34:39+00:00\",\"description\":\"La JAK-220C es una cizalla para \u00e1rboles con la potencia de corte concentrada en un lado de la mand\u00edbula y es adecuada para excavadoras peque\u00f1as de 2-6tn.\",\"breadcrumb\":{\"@id\":\"https:\\\/\\\/jak.fi\\\/es\\\/productos\\\/cizalla-para-arboles-para-excavadoras\\\/jak-220c-cizalla-para-arboles-para-excavadora\\\/#breadcrumb\"},\"inLanguage\":\"es\",\"potentialAction\":[{\"@type\":\"ReadAction\",\"target\":[\"https:\\\/\\\/jak.fi\\\/es\\\/productos\\\/cizalla-para-arboles-para-excavadoras\\\/jak-220c-cizalla-para-arboles-para-excavadora\\\/\"]}]},{\"@type\":\"ImageObject\",\"inLanguage\":\"es\",\"@id\":\"https:\\\/\\\/jak.fi\\\/es\\\/productos\\\/cizalla-para-arboles-para-excavadoras\\\/jak-220c-cizalla-para-arboles-para-excavadora\\\/#primaryimage\",\"url\":\"https:\\\/\\\/jak.fi\\\/wp-content\\\/uploads\\\/2024\\\/06\\\/JAK-220C-with-collector.png\",\"contentUrl\":\"https:\\\/\\\/jak.fi\\\/wp-content\\\/uploads\\\/2024\\\/06\\\/JAK-220C-with-collector.png\",\"width\":1920,\"height\":1674,\"caption\":\"Pinza para \u00e1rboles JAK-220C: una pinza para \u00e1rboles ligera y eficaz para excavadoras peque\u00f1as. Ideal para cortar y cosechar madera peque\u00f1a.\"},{\"@type\":\"BreadcrumbList\",\"@id\":\"https:\\\/\\\/jak.fi\\\/es\\\/productos\\\/cizalla-para-arboles-para-excavadoras\\\/jak-220c-cizalla-para-arboles-para-excavadora\\\/#breadcrumb\",\"itemListElement\":[{\"@type\":\"ListItem\",\"position\":1,\"name\":\"Etusivu\",\"item\":\"https:\\\/\\\/jak.fi\\\/es\\\/\"},{\"@type\":\"ListItem\",\"position\":2,\"name\":\"Productos\",\"item\":\"https:\\\/\\\/jak.fi\\\/es\\\/productos\\\/\"},{\"@type\":\"ListItem\",\"position\":3,\"name\":\"JAK-220C Cizallas para \u00e1rboles para excavadora 2-8t\"}]},{\"@type\":\"WebSite\",\"@id\":\"https:\\\/\\\/jak.fi\\\/es\\\/#website\",\"url\":\"https:\\\/\\\/jak.fi\\\/es\\\/\",\"name\":\"JAK-Metalli Oy\",\"description\":\"\",\"publisher\":{\"@id\":\"https:\\\/\\\/jak.fi\\\/es\\\/#organization\"},\"alternateName\":\"JAK Tree shears\",\"potentialAction\":[{\"@type\":\"SearchAction\",\"target\":{\"@type\":\"EntryPoint\",\"urlTemplate\":\"https:\\\/\\\/jak.fi\\\/es\\\/?s={search_term_string}\"},\"query-input\":{\"@type\":\"PropertyValueSpecification\",\"valueRequired\":true,\"valueName\":\"search_term_string\"}}],\"inLanguage\":\"es\"},{\"@type\":\"Organization\",\"@id\":\"https:\\\/\\\/jak.fi\\\/es\\\/#organization\",\"name\":\"JAK-Metalli Oy\",\"alternateName\":\"JAK Tree shears\",\"url\":\"https:\\\/\\\/jak.fi\\\/es\\\/\",\"logo\":{\"@type\":\"ImageObject\",\"inLanguage\":\"es\",\"@id\":\"https:\\\/\\\/jak.fi\\\/es\\\/#\\\/schema\\\/logo\\\/image\\\/\",\"url\":\"https:\\\/\\\/jak.fi\\\/wp-content\\\/uploads\\\/2024\\\/09\\\/JAK-logo-696x696-1.jpg\",\"contentUrl\":\"https:\\\/\\\/jak.fi\\\/wp-content\\\/uploads\\\/2024\\\/09\\\/JAK-logo-696x696-1.jpg\",\"width\":696,\"height\":696,\"caption\":\"JAK-Metalli Oy\"},\"image\":{\"@id\":\"https:\\\/\\\/jak.fi\\\/es\\\/#\\\/schema\\\/logo\\\/image\\\/\"},\"sameAs\":[\"https:\\\/\\\/www.facebook.com\\\/jaktreeshears\",\"https:\\\/\\\/www.instagram.com\\\/jaktreeshears\\\/\",\"https:\\\/\\\/www.youtube.com\\\/channel\\\/UCAwvaVhBBkPie8MeAGbdY1w\"]}]}<\/script>\n<!-- \/ Yoast SEO plugin. -->","yoast_head_json":{"title":"JAK-220C Cizallas para \u00e1rboles para excavadora 2-8t &#8211; JAK-Metalli Oy","description":"La JAK-220C es una cizalla para \u00e1rboles con la potencia de corte concentrada en un lado de la mand\u00edbula y es adecuada para excavadoras peque\u00f1as de 2-6tn.","robots":{"index":"index","follow":"follow","max-snippet":"max-snippet:-1","max-image-preview":"max-image-preview:large","max-video-preview":"max-video-preview:-1"},"canonical":"https:\/\/jak.fi\/es\/productos\/cizalla-para-arboles-para-excavadoras\/jak-220c-cizalla-para-arboles-para-excavadora\/","og_locale":"es_ES","og_type":"article","og_title":"JAK-220C Cizallas para \u00e1rboles para excavadora 2-8t &#8211; JAK-Metalli Oy","og_description":"La JAK-220C es una cizalla para \u00e1rboles con la potencia de corte concentrada en un lado de la mand\u00edbula y es adecuada para excavadoras peque\u00f1as de 2-6tn.","og_url":"https:\/\/jak.fi\/es\/productos\/cizalla-para-arboles-para-excavadoras\/jak-220c-cizalla-para-arboles-para-excavadora\/","og_site_name":"JAK-Metalli Oy","article_publisher":"https:\/\/www.facebook.com\/jaktreeshears","article_modified_time":"2026-03-24T06:34:39+00:00","og_image":[{"width":1920,"height":1674,"url":"https:\/\/jak.fi\/wp-content\/uploads\/2024\/06\/JAK-220C-with-collector.png","type":"image\/png"}],"twitter_card":"summary_large_image","twitter_misc":{"Tiempo de lectura":"2 minuto"},"schema":{"@context":"https:\/\/schema.org","@graph":[{"@type":"WebPage","@id":"https:\/\/jak.fi\/es\/productos\/cizalla-para-arboles-para-excavadoras\/jak-220c-cizalla-para-arboles-para-excavadora\/","url":"https:\/\/jak.fi\/es\/productos\/cizalla-para-arboles-para-excavadoras\/jak-220c-cizalla-para-arboles-para-excavadora\/","name":"JAK-220C Cizallas para \u00e1rboles para excavadora 2-8t &#8211; JAK-Metalli Oy","isPartOf":{"@id":"https:\/\/jak.fi\/es\/#website"},"primaryImageOfPage":{"@id":"https:\/\/jak.fi\/es\/productos\/cizalla-para-arboles-para-excavadoras\/jak-220c-cizalla-para-arboles-para-excavadora\/#primaryimage"},"image":{"@id":"https:\/\/jak.fi\/es\/productos\/cizalla-para-arboles-para-excavadoras\/jak-220c-cizalla-para-arboles-para-excavadora\/#primaryimage"},"thumbnailUrl":"https:\/\/jak.fi\/wp-content\/uploads\/2024\/06\/JAK-220C-with-collector.png","datePublished":"2024-06-03T05:44:46+00:00","dateModified":"2026-03-24T06:34:39+00:00","description":"La JAK-220C es una cizalla para \u00e1rboles con la potencia de corte concentrada en un lado de la mand\u00edbula y es adecuada para excavadoras peque\u00f1as de 2-6tn.","breadcrumb":{"@id":"https:\/\/jak.fi\/es\/productos\/cizalla-para-arboles-para-excavadoras\/jak-220c-cizalla-para-arboles-para-excavadora\/#breadcrumb"},"inLanguage":"es","potentialAction":[{"@type":"ReadAction","target":["https:\/\/jak.fi\/es\/productos\/cizalla-para-arboles-para-excavadoras\/jak-220c-cizalla-para-arboles-para-excavadora\/"]}]},{"@type":"ImageObject","inLanguage":"es","@id":"https:\/\/jak.fi\/es\/productos\/cizalla-para-arboles-para-excavadoras\/jak-220c-cizalla-para-arboles-para-excavadora\/#primaryimage","url":"https:\/\/jak.fi\/wp-content\/uploads\/2024\/06\/JAK-220C-with-collector.png","contentUrl":"https:\/\/jak.fi\/wp-content\/uploads\/2024\/06\/JAK-220C-with-collector.png","width":1920,"height":1674,"caption":"Pinza para \u00e1rboles JAK-220C: una pinza para \u00e1rboles ligera y eficaz para excavadoras peque\u00f1as. Ideal para cortar y cosechar madera peque\u00f1a."},{"@type":"BreadcrumbList","@id":"https:\/\/jak.fi\/es\/productos\/cizalla-para-arboles-para-excavadoras\/jak-220c-cizalla-para-arboles-para-excavadora\/#breadcrumb","itemListElement":[{"@type":"ListItem","position":1,"name":"Etusivu","item":"https:\/\/jak.fi\/es\/"},{"@type":"ListItem","position":2,"name":"Productos","item":"https:\/\/jak.fi\/es\/productos\/"},{"@type":"ListItem","position":3,"name":"JAK-220C Cizallas para \u00e1rboles para excavadora 2-8t"}]},{"@type":"WebSite","@id":"https:\/\/jak.fi\/es\/#website","url":"https:\/\/jak.fi\/es\/","name":"JAK-Metalli Oy","description":"","publisher":{"@id":"https:\/\/jak.fi\/es\/#organization"},"alternateName":"JAK Tree shears","potentialAction":[{"@type":"SearchAction","target":{"@type":"EntryPoint","urlTemplate":"https:\/\/jak.fi\/es\/?s={search_term_string}"},"query-input":{"@type":"PropertyValueSpecification","valueRequired":true,"valueName":"search_term_string"}}],"inLanguage":"es"},{"@type":"Organization","@id":"https:\/\/jak.fi\/es\/#organization","name":"JAK-Metalli Oy","alternateName":"JAK Tree shears","url":"https:\/\/jak.fi\/es\/","logo":{"@type":"ImageObject","inLanguage":"es","@id":"https:\/\/jak.fi\/es\/#\/schema\/logo\/image\/","url":"https:\/\/jak.fi\/wp-content\/uploads\/2024\/09\/JAK-logo-696x696-1.jpg","contentUrl":"https:\/\/jak.fi\/wp-content\/uploads\/2024\/09\/JAK-logo-696x696-1.jpg","width":696,"height":696,"caption":"JAK-Metalli Oy"},"image":{"@id":"https:\/\/jak.fi\/es\/#\/schema\/logo\/image\/"},"sameAs":["https:\/\/www.facebook.com\/jaktreeshears","https:\/\/www.instagram.com\/jaktreeshears\/","https:\/\/www.youtube.com\/channel\/UCAwvaVhBBkPie8MeAGbdY1w"]}]}},"_links":{"self":[{"href":"https:\/\/jak.fi\/es\/wp-json\/wp\/v2\/product\/4956","targetHints":{"allow":["GET"]}}],"collection":[{"href":"https:\/\/jak.fi\/es\/wp-json\/wp\/v2\/product"}],"about":[{"href":"https:\/\/jak.fi\/es\/wp-json\/wp\/v2\/types\/product"}],"wp:featuredmedia":[{"embeddable":true,"href":"https:\/\/jak.fi\/es\/wp-json\/wp\/v2\/media\/4961"}],"wp:attachment":[{"href":"https:\/\/jak.fi\/es\/wp-json\/wp\/v2\/media?parent=4956"}],"wp:term":[{"taxonomy":"product_brand","embeddable":true,"href":"https:\/\/jak.fi\/es\/wp-json\/wp\/v2\/product_brand?post=4956"},{"taxonomy":"product_cat","embeddable":true,"href":"https:\/\/jak.fi\/es\/wp-json\/wp\/v2\/product_cat?post=4956"},{"taxonomy":"product_tag","embeddable":true,"href":"https:\/\/jak.fi\/es\/wp-json\/wp\/v2\/product_tag?post=4956"}],"curies":[{"name":"wp","href":"https:\/\/api.w.org\/{rel}","templated":true}]}}