{"id":4962,"date":"2024-05-28T10:08:07","date_gmt":"2024-05-28T07:08:07","guid":{"rendered":"https:\/\/jak.fi\/products\/sin%20categor\u00eda\/vanguardia\/"},"modified":"2025-05-27T10:18:42","modified_gmt":"2025-05-27T07:18:42","slug":"vanguardia","status":"publish","type":"product","link":"https:\/\/jak.fi\/es\/productos\/accesorios-para-cucharas-de-energia\/vanguardia\/","title":{"rendered":"Parte trasera Avant"},"content":{"rendered":"<h3 class=\"\" data-start=\"70\" data-end=\"133\">Parte trasera Avant &#8211; Versatilidad para cizallas para \u00e1rboles JAK<\/h3>\n<p class=\"\" data-start=\"135\" data-end=\"509\">La parte trasera Avant es compatible con las pinzas para \u00e1rboles JAK de la serie R y permite acoplar f\u00e1cilmente la pinza a las cargadoras de ruedas Avant. Esto lo convierte en un accesorio excelente para utilizar eficazmente las cizallas para \u00e1rboles JAK en las cargadoras de ruedas Avant. Est\u00e1 disponible en dos tama\u00f1os diferentes para adaptarse a distintos tama\u00f1os de chasis.  <\/p>\n<p class=\"\" data-start=\"511\" data-end=\"863\">Las cizallas para \u00e1rboles y las partes traseras JAK se han dise\u00f1ado pensando en la facilidad de uso y la flexibilidad. Si es necesario, la parte trasera de la Avant puede cambiarse por otra compatible, lo que permite utilizar la misma cizalla para \u00e1rboles, por ejemplo, en una excavadora. Esto permite un uso vers\u00e1til y rentable con una amplia gama de maquinaria.  <\/p>\n<p class=\"\" data-start=\"865\" data-end=\"1003\">Tanto si utilizas una cargadora de ruedas como una excavadora, la parte trasera intercambiable proporciona flexibilidad y m\u00e1s aplicaciones para las cizallas para \u00e1rboles de la serie R de JAK.<\/p>\n","protected":false},"excerpt":{"rendered":"<p>Parte trasera Avant &#8211; Versatilidad para cizallas para \u00e1rboles JAK La parte trasera Avant es compatible con las pinzas para \u00e1rboles JAK de la serie R y permite acoplar f\u00e1cilmente la pinza a las cargadoras de ruedas Avant. Esto lo convierte en un accesorio excelente para utilizar eficazmente las cizallas para \u00e1rboles JAK en las [&hellip;]<\/p>\n","protected":false},"featured_media":4964,"template":"","meta":{"_acf_changed":false},"product_brand":[],"product_cat":[581],"product_tag":[],"class_list":{"0":"post-4962","1":"product","2":"type-product","3":"status-publish","4":"has-post-thumbnail","6":"product_cat-accesorios-para-cucharas-de-energia","8":"first","9":"instock","10":"shipping-taxable","11":"product-type-simple"},"acf":[],"yoast_head":"<!-- This site is optimized with the Yoast SEO plugin v27.2 - https:\/\/yoast.com\/product\/yoast-seo-wordpress\/ -->\n<title>Parte trasera Avant &#8211; JAK-Metalli Oy<\/title>\n<meta name=\"description\" content=\"La parte trasera Avant es compatible con las cizallas para \u00e1rboles JAK de la serie R y permite acoplarlas f\u00e1cilmente a las cargadoras de ruedas Avant.\" \/>\n<meta name=\"robots\" content=\"index, follow, max-snippet:-1, max-image-preview:large, max-video-preview:-1\" \/>\n<link rel=\"canonical\" href=\"https:\/\/jak.fi\/es\/productos\/accesorios-para-cucharas-de-energia\/vanguardia\/\" \/>\n<meta property=\"og:locale\" content=\"es_ES\" \/>\n<meta property=\"og:type\" content=\"article\" \/>\n<meta property=\"og:title\" content=\"Parte trasera Avant &#8211; JAK-Metalli Oy\" \/>\n<meta property=\"og:description\" content=\"La parte trasera Avant es compatible con las cizallas para \u00e1rboles JAK de la serie R y permite acoplarlas f\u00e1cilmente a las cargadoras de ruedas Avant.\" \/>\n<meta property=\"og:url\" content=\"https:\/\/jak.fi\/es\/productos\/accesorios-para-cucharas-de-energia\/vanguardia\/\" \/>\n<meta property=\"og:site_name\" content=\"JAK-Metalli Oy\" \/>\n<meta property=\"article:publisher\" content=\"https:\/\/www.facebook.com\/jaktreeshears\" \/>\n<meta property=\"article:modified_time\" content=\"2025-05-27T07:18:42+00:00\" \/>\n<meta property=\"og:image\" content=\"https:\/\/jak.fi\/wp-content\/uploads\/2024\/05\/tree-shear-avant-adapter.png\" \/>\n\t<meta property=\"og:image:width\" content=\"1000\" \/>\n\t<meta property=\"og:image:height\" content=\"666\" \/>\n\t<meta property=\"og:image:type\" content=\"image\/png\" \/>\n<meta name=\"twitter:card\" content=\"summary_large_image\" \/>\n<meta name=\"twitter:label1\" content=\"Tiempo de lectura\" \/>\n\t<meta name=\"twitter:data1\" content=\"1 minuto\" \/>\n<script type=\"application\/ld+json\" class=\"yoast-schema-graph\">{\"@context\":\"https:\/\/schema.org\",\"@graph\":[{\"@type\":\"WebPage\",\"@id\":\"https:\/\/jak.fi\/es\/productos\/accesorios-para-cucharas-de-energia\/vanguardia\/\",\"url\":\"https:\/\/jak.fi\/es\/productos\/accesorios-para-cucharas-de-energia\/vanguardia\/\",\"name\":\"Parte trasera Avant &#8211; JAK-Metalli Oy\",\"isPartOf\":{\"@id\":\"https:\/\/jak.fi\/es\/#website\"},\"primaryImageOfPage\":{\"@id\":\"https:\/\/jak.fi\/es\/productos\/accesorios-para-cucharas-de-energia\/vanguardia\/#primaryimage\"},\"image\":{\"@id\":\"https:\/\/jak.fi\/es\/productos\/accesorios-para-cucharas-de-energia\/vanguardia\/#primaryimage\"},\"thumbnailUrl\":\"https:\/\/jak.fi\/wp-content\/uploads\/2024\/05\/tree-shear-avant-adapter.png\",\"datePublished\":\"2024-05-28T07:08:07+00:00\",\"dateModified\":\"2025-05-27T07:18:42+00:00\",\"description\":\"La parte trasera Avant es compatible con las cizallas para \u00e1rboles JAK de la serie R y permite acoplarlas f\u00e1cilmente a las cargadoras de ruedas Avant.\",\"breadcrumb\":{\"@id\":\"https:\/\/jak.fi\/es\/productos\/accesorios-para-cucharas-de-energia\/vanguardia\/#breadcrumb\"},\"inLanguage\":\"es\",\"potentialAction\":[{\"@type\":\"ReadAction\",\"target\":[\"https:\/\/jak.fi\/es\/productos\/accesorios-para-cucharas-de-energia\/vanguardia\/\"]}]},{\"@type\":\"ImageObject\",\"inLanguage\":\"es\",\"@id\":\"https:\/\/jak.fi\/es\/productos\/accesorios-para-cucharas-de-energia\/vanguardia\/#primaryimage\",\"url\":\"https:\/\/jak.fi\/wp-content\/uploads\/2024\/05\/tree-shear-avant-adapter.png\",\"contentUrl\":\"https:\/\/jak.fi\/wp-content\/uploads\/2024\/05\/tree-shear-avant-adapter.png\",\"width\":1000,\"height\":666,\"caption\":\"Parte trasera de popa para cizallas para \u00e1rboles\"},{\"@type\":\"BreadcrumbList\",\"@id\":\"https:\/\/jak.fi\/es\/productos\/accesorios-para-cucharas-de-energia\/vanguardia\/#breadcrumb\",\"itemListElement\":[{\"@type\":\"ListItem\",\"position\":1,\"name\":\"Etusivu\",\"item\":\"https:\/\/jak.fi\/es\/\"},{\"@type\":\"ListItem\",\"position\":2,\"name\":\"Productos\",\"item\":\"https:\/\/jak.fi\/es\/productos\/\"},{\"@type\":\"ListItem\",\"position\":3,\"name\":\"Parte trasera Avant\"}]},{\"@type\":\"WebSite\",\"@id\":\"https:\/\/jak.fi\/es\/#website\",\"url\":\"https:\/\/jak.fi\/es\/\",\"name\":\"JAK-Metalli Oy\",\"description\":\"\",\"publisher\":{\"@id\":\"https:\/\/jak.fi\/es\/#organization\"},\"alternateName\":\"JAK Tree shears\",\"potentialAction\":[{\"@type\":\"SearchAction\",\"target\":{\"@type\":\"EntryPoint\",\"urlTemplate\":\"https:\/\/jak.fi\/es\/?s={search_term_string}\"},\"query-input\":{\"@type\":\"PropertyValueSpecification\",\"valueRequired\":true,\"valueName\":\"search_term_string\"}}],\"inLanguage\":\"es\"},{\"@type\":\"Organization\",\"@id\":\"https:\/\/jak.fi\/es\/#organization\",\"name\":\"JAK-Metalli Oy\",\"alternateName\":\"JAK Tree shears\",\"url\":\"https:\/\/jak.fi\/es\/\",\"logo\":{\"@type\":\"ImageObject\",\"inLanguage\":\"es\",\"@id\":\"https:\/\/jak.fi\/es\/#\/schema\/logo\/image\/\",\"url\":\"https:\/\/jak.fi\/wp-content\/uploads\/2024\/09\/JAK-logo-696x696-1.jpg\",\"contentUrl\":\"https:\/\/jak.fi\/wp-content\/uploads\/2024\/09\/JAK-logo-696x696-1.jpg\",\"width\":696,\"height\":696,\"caption\":\"JAK-Metalli Oy\"},\"image\":{\"@id\":\"https:\/\/jak.fi\/es\/#\/schema\/logo\/image\/\"},\"sameAs\":[\"https:\/\/www.facebook.com\/jaktreeshears\",\"https:\/\/www.instagram.com\/jaktreeshears\/\",\"https:\/\/www.youtube.com\/channel\/UCAwvaVhBBkPie8MeAGbdY1w\"]}]}<\/script>\n<!-- \/ Yoast SEO plugin. -->","yoast_head_json":{"title":"Parte trasera Avant &#8211; JAK-Metalli Oy","description":"La parte trasera Avant es compatible con las cizallas para \u00e1rboles JAK de la serie R y permite acoplarlas f\u00e1cilmente a las cargadoras de ruedas Avant.","robots":{"index":"index","follow":"follow","max-snippet":"max-snippet:-1","max-image-preview":"max-image-preview:large","max-video-preview":"max-video-preview:-1"},"canonical":"https:\/\/jak.fi\/es\/productos\/accesorios-para-cucharas-de-energia\/vanguardia\/","og_locale":"es_ES","og_type":"article","og_title":"Parte trasera Avant &#8211; JAK-Metalli Oy","og_description":"La parte trasera Avant es compatible con las cizallas para \u00e1rboles JAK de la serie R y permite acoplarlas f\u00e1cilmente a las cargadoras de ruedas Avant.","og_url":"https:\/\/jak.fi\/es\/productos\/accesorios-para-cucharas-de-energia\/vanguardia\/","og_site_name":"JAK-Metalli Oy","article_publisher":"https:\/\/www.facebook.com\/jaktreeshears","article_modified_time":"2025-05-27T07:18:42+00:00","og_image":[{"width":1000,"height":666,"url":"https:\/\/jak.fi\/wp-content\/uploads\/2024\/05\/tree-shear-avant-adapter.png","type":"image\/png"}],"twitter_card":"summary_large_image","twitter_misc":{"Tiempo de lectura":"1 minuto"},"schema":{"@context":"https:\/\/schema.org","@graph":[{"@type":"WebPage","@id":"https:\/\/jak.fi\/es\/productos\/accesorios-para-cucharas-de-energia\/vanguardia\/","url":"https:\/\/jak.fi\/es\/productos\/accesorios-para-cucharas-de-energia\/vanguardia\/","name":"Parte trasera Avant &#8211; JAK-Metalli Oy","isPartOf":{"@id":"https:\/\/jak.fi\/es\/#website"},"primaryImageOfPage":{"@id":"https:\/\/jak.fi\/es\/productos\/accesorios-para-cucharas-de-energia\/vanguardia\/#primaryimage"},"image":{"@id":"https:\/\/jak.fi\/es\/productos\/accesorios-para-cucharas-de-energia\/vanguardia\/#primaryimage"},"thumbnailUrl":"https:\/\/jak.fi\/wp-content\/uploads\/2024\/05\/tree-shear-avant-adapter.png","datePublished":"2024-05-28T07:08:07+00:00","dateModified":"2025-05-27T07:18:42+00:00","description":"La parte trasera Avant es compatible con las cizallas para \u00e1rboles JAK de la serie R y permite acoplarlas f\u00e1cilmente a las cargadoras de ruedas Avant.","breadcrumb":{"@id":"https:\/\/jak.fi\/es\/productos\/accesorios-para-cucharas-de-energia\/vanguardia\/#breadcrumb"},"inLanguage":"es","potentialAction":[{"@type":"ReadAction","target":["https:\/\/jak.fi\/es\/productos\/accesorios-para-cucharas-de-energia\/vanguardia\/"]}]},{"@type":"ImageObject","inLanguage":"es","@id":"https:\/\/jak.fi\/es\/productos\/accesorios-para-cucharas-de-energia\/vanguardia\/#primaryimage","url":"https:\/\/jak.fi\/wp-content\/uploads\/2024\/05\/tree-shear-avant-adapter.png","contentUrl":"https:\/\/jak.fi\/wp-content\/uploads\/2024\/05\/tree-shear-avant-adapter.png","width":1000,"height":666,"caption":"Parte trasera de popa para cizallas para \u00e1rboles"},{"@type":"BreadcrumbList","@id":"https:\/\/jak.fi\/es\/productos\/accesorios-para-cucharas-de-energia\/vanguardia\/#breadcrumb","itemListElement":[{"@type":"ListItem","position":1,"name":"Etusivu","item":"https:\/\/jak.fi\/es\/"},{"@type":"ListItem","position":2,"name":"Productos","item":"https:\/\/jak.fi\/es\/productos\/"},{"@type":"ListItem","position":3,"name":"Parte trasera Avant"}]},{"@type":"WebSite","@id":"https:\/\/jak.fi\/es\/#website","url":"https:\/\/jak.fi\/es\/","name":"JAK-Metalli Oy","description":"","publisher":{"@id":"https:\/\/jak.fi\/es\/#organization"},"alternateName":"JAK Tree shears","potentialAction":[{"@type":"SearchAction","target":{"@type":"EntryPoint","urlTemplate":"https:\/\/jak.fi\/es\/?s={search_term_string}"},"query-input":{"@type":"PropertyValueSpecification","valueRequired":true,"valueName":"search_term_string"}}],"inLanguage":"es"},{"@type":"Organization","@id":"https:\/\/jak.fi\/es\/#organization","name":"JAK-Metalli Oy","alternateName":"JAK Tree shears","url":"https:\/\/jak.fi\/es\/","logo":{"@type":"ImageObject","inLanguage":"es","@id":"https:\/\/jak.fi\/es\/#\/schema\/logo\/image\/","url":"https:\/\/jak.fi\/wp-content\/uploads\/2024\/09\/JAK-logo-696x696-1.jpg","contentUrl":"https:\/\/jak.fi\/wp-content\/uploads\/2024\/09\/JAK-logo-696x696-1.jpg","width":696,"height":696,"caption":"JAK-Metalli Oy"},"image":{"@id":"https:\/\/jak.fi\/es\/#\/schema\/logo\/image\/"},"sameAs":["https:\/\/www.facebook.com\/jaktreeshears","https:\/\/www.instagram.com\/jaktreeshears\/","https:\/\/www.youtube.com\/channel\/UCAwvaVhBBkPie8MeAGbdY1w"]}]}},"_links":{"self":[{"href":"https:\/\/jak.fi\/es\/wp-json\/wp\/v2\/product\/4962","targetHints":{"allow":["GET"]}}],"collection":[{"href":"https:\/\/jak.fi\/es\/wp-json\/wp\/v2\/product"}],"about":[{"href":"https:\/\/jak.fi\/es\/wp-json\/wp\/v2\/types\/product"}],"wp:featuredmedia":[{"embeddable":true,"href":"https:\/\/jak.fi\/es\/wp-json\/wp\/v2\/media\/4964"}],"wp:attachment":[{"href":"https:\/\/jak.fi\/es\/wp-json\/wp\/v2\/media?parent=4962"}],"wp:term":[{"taxonomy":"product_brand","embeddable":true,"href":"https:\/\/jak.fi\/es\/wp-json\/wp\/v2\/product_brand?post=4962"},{"taxonomy":"product_cat","embeddable":true,"href":"https:\/\/jak.fi\/es\/wp-json\/wp\/v2\/product_cat?post=4962"},{"taxonomy":"product_tag","embeddable":true,"href":"https:\/\/jak.fi\/es\/wp-json\/wp\/v2\/product_tag?post=4962"}],"curies":[{"name":"wp","href":"https:\/\/api.w.org\/{rel}","templated":true}]}}