{"id":4963,"date":"2024-06-03T08:00:59","date_gmt":"2024-06-03T05:00:59","guid":{"rendered":"https:\/\/jak.fi\/products\/sin%20categor\u00eda\/jak-200r-gen4-cuchara-de-energia-para-pala-cargadora-y-pala-retractil\/"},"modified":"2025-04-01T14:04:03","modified_gmt":"2025-04-01T11:04:03","slug":"jak-200r-gen4-cizalla-para-arboles-para-cargador-y-manipulador-telescopico","status":"publish","type":"product","link":"https:\/\/jak.fi\/es\/productos\/cizalla-para-arboles-para-cargador-y-manipulador-telescopico\/jak-200r-gen4-cizalla-para-arboles-para-cargador-y-manipulador-telescopico\/","title":{"rendered":"JAK-200R Cizallas para \u00e1rboles GEN4 para cargadora y manipulador telesc\u00f3pico"},"content":{"rendered":"<h2><strong>\u00a1Las cizallas para \u00e1rboles JAK-200R pueden equiparse con un sistema de rotaci\u00f3n de 360\u00b0!<\/strong><\/h2>\n<p>La pinza para \u00e1rboles JAK-200R para una cargadora y una manipuladora telesc\u00f3pica es una soluci\u00f3n compacta y eficaz que ofrece una excelente flexibilidad gracias a su secci\u00f3n trasera intercambiable. Esta vers\u00e1til pinza para \u00e1rboles puede equiparse con un sistema de rotaci\u00f3n de 360\u00b0 que permite que la pinza gire libremente en ambas direcciones a lo largo del eje del cuerpo. Esta caracter\u00edstica mejora la precisi\u00f3n y la eficacia del trabajo, especialmente en condiciones estrechas y exigentes.  <\/p>\n<p>El dise\u00f1o de doble mordaza garantiza un agarre firme y seguro del tronco del \u00e1rbol. Con esta cizallas para \u00e1rboles puedes desbrozar f\u00e1cilmente \u00e1rboles con troncos de hasta 200 mm de grosor. Gracias a la cuchilla desmontable, tambi\u00e9n puedes utilizarla como una pinza para \u00e1rboles normal.  <\/p>\n<p>Al sustituir la parte trasera de la cizalla para \u00e1rboles JAK-200R por una cargadora y una retroexcavadora, tambi\u00e9n puede utilizarse en excavadoras.<\/p>\n<p>Utilizamos acero resistente al desgaste Hardox\u00ae de alta resistencia para una mayor durabilidad y fiabilidad en todas las situaciones y condiciones. La domesticidad y la calidad de los materiales son la base de las cizallas para \u00e1rboles JAK-200R GEN4. <\/p>\n<div class=\"wp-block-button\"><a class=\"wp-block-button__link has-text-align-center wp-element-button\" href=\"https:\/\/jak.fi\/es\/gen4-jak-energy-grips-nuevas-actualizaciones-y-mejor-rendimiento\/\" target=\"_blank\" rel=\"noopener\">Leer m\u00e1s sobre GEN4 updates<\/a><\/div>\n<div><\/div>\n","protected":false},"excerpt":{"rendered":"<ul>\n<li>Disponible con sistema Giratorio 360<\/li>\n<li>Disponible con una l\u00ednea hidr\u00e1ulica opcional<\/li>\n<li>De acero Hardox\u00ae resistente al desgaste<\/li>\n<li>Certificaci\u00f3n CE<\/li>\n<li>Fabricado en Finlandia<\/li>\n<li>Cuchilla extra\u00edble<\/li>\n<\/ul>\n","protected":false},"featured_media":4965,"template":"","meta":{"_acf_changed":false},"product_brand":[],"product_cat":[583],"product_tag":[],"class_list":{"0":"post-4963","1":"product","2":"type-product","3":"status-publish","4":"has-post-thumbnail","6":"product_cat-cizalla-para-arboles-para-cargador-y-manipulador-telescopico","8":"first","9":"instock","10":"shipping-taxable","11":"product-type-simple"},"acf":[],"yoast_head":"<!-- This site is optimized with the Yoast SEO plugin v27.2 - https:\/\/yoast.com\/product\/yoast-seo-wordpress\/ -->\n<title>JAK-200R Cizallas para \u00e1rboles GEN4 para cargadora y manipulador telesc\u00f3pico &#8211; JAK-Metalli Oy<\/title>\n<meta name=\"description\" content=\"Las cizallas para \u00e1rboles JAK-200R para cargadoras y manipuladoras telesc\u00f3picas son unas cizallas compactas y potentes para cortar sin esfuerzo madera de hasta 200 mm de grosor.\" \/>\n<meta name=\"robots\" content=\"index, follow, max-snippet:-1, max-image-preview:large, max-video-preview:-1\" \/>\n<link rel=\"canonical\" href=\"https:\/\/jak.fi\/es\/productos\/cizalla-para-arboles-para-cargador-y-manipulador-telescopico\/jak-200r-gen4-cizalla-para-arboles-para-cargador-y-manipulador-telescopico\/\" \/>\n<meta property=\"og:locale\" content=\"es_ES\" \/>\n<meta property=\"og:type\" content=\"article\" \/>\n<meta property=\"og:title\" content=\"JAK-200R Cizallas para \u00e1rboles GEN4 para cargadora y manipulador telesc\u00f3pico &#8211; JAK-Metalli Oy\" \/>\n<meta property=\"og:description\" content=\"Las cizallas para \u00e1rboles JAK-200R para cargadoras y manipuladoras telesc\u00f3picas son unas cizallas compactas y potentes para cortar sin esfuerzo madera de hasta 200 mm de grosor.\" \/>\n<meta property=\"og:url\" content=\"https:\/\/jak.fi\/es\/productos\/cizalla-para-arboles-para-cargador-y-manipulador-telescopico\/jak-200r-gen4-cizalla-para-arboles-para-cargador-y-manipulador-telescopico\/\" \/>\n<meta property=\"og:site_name\" content=\"JAK-Metalli Oy\" \/>\n<meta property=\"article:publisher\" content=\"https:\/\/www.facebook.com\/jaktreeshears\" \/>\n<meta property=\"article:modified_time\" content=\"2025-04-01T11:04:03+00:00\" \/>\n<meta property=\"og:image\" content=\"https:\/\/jak.fi\/wp-content\/uploads\/2024\/06\/jak-200r-tree-shear-for-wheel-loaders-and-telehandlers-front-right-view-1.png\" \/>\n\t<meta property=\"og:image:width\" content=\"1000\" \/>\n\t<meta property=\"og:image:height\" content=\"666\" \/>\n\t<meta property=\"og:image:type\" content=\"image\/png\" \/>\n<meta name=\"twitter:card\" content=\"summary_large_image\" \/>\n<meta name=\"twitter:label1\" content=\"Tiempo de lectura\" \/>\n\t<meta name=\"twitter:data1\" content=\"2 minuto\" \/>\n<script type=\"application\/ld+json\" class=\"yoast-schema-graph\">{\"@context\":\"https:\/\/schema.org\",\"@graph\":[{\"@type\":\"WebPage\",\"@id\":\"https:\/\/jak.fi\/es\/productos\/cizalla-para-arboles-para-cargador-y-manipulador-telescopico\/jak-200r-gen4-cizalla-para-arboles-para-cargador-y-manipulador-telescopico\/\",\"url\":\"https:\/\/jak.fi\/es\/productos\/cizalla-para-arboles-para-cargador-y-manipulador-telescopico\/jak-200r-gen4-cizalla-para-arboles-para-cargador-y-manipulador-telescopico\/\",\"name\":\"JAK-200R Cizallas para \u00e1rboles GEN4 para cargadora y manipulador telesc\u00f3pico &#8211; JAK-Metalli Oy\",\"isPartOf\":{\"@id\":\"https:\/\/jak.fi\/es\/#website\"},\"primaryImageOfPage\":{\"@id\":\"https:\/\/jak.fi\/es\/productos\/cizalla-para-arboles-para-cargador-y-manipulador-telescopico\/jak-200r-gen4-cizalla-para-arboles-para-cargador-y-manipulador-telescopico\/#primaryimage\"},\"image\":{\"@id\":\"https:\/\/jak.fi\/es\/productos\/cizalla-para-arboles-para-cargador-y-manipulador-telescopico\/jak-200r-gen4-cizalla-para-arboles-para-cargador-y-manipulador-telescopico\/#primaryimage\"},\"thumbnailUrl\":\"https:\/\/jak.fi\/wp-content\/uploads\/2024\/06\/jak-200r-tree-shear-for-wheel-loaders-and-telehandlers-front-right-view-1.png\",\"datePublished\":\"2024-06-03T05:00:59+00:00\",\"dateModified\":\"2025-04-01T11:04:03+00:00\",\"description\":\"Las cizallas para \u00e1rboles JAK-200R para cargadoras y manipuladoras telesc\u00f3picas son unas cizallas compactas y potentes para cortar sin esfuerzo madera de hasta 200 mm de grosor.\",\"breadcrumb\":{\"@id\":\"https:\/\/jak.fi\/es\/productos\/cizalla-para-arboles-para-cargador-y-manipulador-telescopico\/jak-200r-gen4-cizalla-para-arboles-para-cargador-y-manipulador-telescopico\/#breadcrumb\"},\"inLanguage\":\"es\",\"potentialAction\":[{\"@type\":\"ReadAction\",\"target\":[\"https:\/\/jak.fi\/es\/productos\/cizalla-para-arboles-para-cargador-y-manipulador-telescopico\/jak-200r-gen4-cizalla-para-arboles-para-cargador-y-manipulador-telescopico\/\"]}]},{\"@type\":\"ImageObject\",\"inLanguage\":\"es\",\"@id\":\"https:\/\/jak.fi\/es\/productos\/cizalla-para-arboles-para-cargador-y-manipulador-telescopico\/jak-200r-gen4-cizalla-para-arboles-para-cargador-y-manipulador-telescopico\/#primaryimage\",\"url\":\"https:\/\/jak.fi\/wp-content\/uploads\/2024\/06\/jak-200r-tree-shear-for-wheel-loaders-and-telehandlers-front-right-view-1.png\",\"contentUrl\":\"https:\/\/jak.fi\/wp-content\/uploads\/2024\/06\/jak-200r-tree-shear-for-wheel-loaders-and-telehandlers-front-right-view-1.png\",\"width\":1000,\"height\":666},{\"@type\":\"BreadcrumbList\",\"@id\":\"https:\/\/jak.fi\/es\/productos\/cizalla-para-arboles-para-cargador-y-manipulador-telescopico\/jak-200r-gen4-cizalla-para-arboles-para-cargador-y-manipulador-telescopico\/#breadcrumb\",\"itemListElement\":[{\"@type\":\"ListItem\",\"position\":1,\"name\":\"Etusivu\",\"item\":\"https:\/\/jak.fi\/es\/\"},{\"@type\":\"ListItem\",\"position\":2,\"name\":\"Productos\",\"item\":\"https:\/\/jak.fi\/es\/productos\/\"},{\"@type\":\"ListItem\",\"position\":3,\"name\":\"JAK-200R Cizallas para \u00e1rboles GEN4 para cargadora y manipulador telesc\u00f3pico\"}]},{\"@type\":\"WebSite\",\"@id\":\"https:\/\/jak.fi\/es\/#website\",\"url\":\"https:\/\/jak.fi\/es\/\",\"name\":\"JAK-Metalli Oy\",\"description\":\"\",\"publisher\":{\"@id\":\"https:\/\/jak.fi\/es\/#organization\"},\"alternateName\":\"JAK Tree shears\",\"potentialAction\":[{\"@type\":\"SearchAction\",\"target\":{\"@type\":\"EntryPoint\",\"urlTemplate\":\"https:\/\/jak.fi\/es\/?s={search_term_string}\"},\"query-input\":{\"@type\":\"PropertyValueSpecification\",\"valueRequired\":true,\"valueName\":\"search_term_string\"}}],\"inLanguage\":\"es\"},{\"@type\":\"Organization\",\"@id\":\"https:\/\/jak.fi\/es\/#organization\",\"name\":\"JAK-Metalli Oy\",\"alternateName\":\"JAK Tree shears\",\"url\":\"https:\/\/jak.fi\/es\/\",\"logo\":{\"@type\":\"ImageObject\",\"inLanguage\":\"es\",\"@id\":\"https:\/\/jak.fi\/es\/#\/schema\/logo\/image\/\",\"url\":\"https:\/\/jak.fi\/wp-content\/uploads\/2024\/09\/JAK-logo-696x696-1.jpg\",\"contentUrl\":\"https:\/\/jak.fi\/wp-content\/uploads\/2024\/09\/JAK-logo-696x696-1.jpg\",\"width\":696,\"height\":696,\"caption\":\"JAK-Metalli Oy\"},\"image\":{\"@id\":\"https:\/\/jak.fi\/es\/#\/schema\/logo\/image\/\"},\"sameAs\":[\"https:\/\/www.facebook.com\/jaktreeshears\",\"https:\/\/www.instagram.com\/jaktreeshears\/\",\"https:\/\/www.youtube.com\/channel\/UCAwvaVhBBkPie8MeAGbdY1w\"]}]}<\/script>\n<!-- \/ Yoast SEO plugin. -->","yoast_head_json":{"title":"JAK-200R Cizallas para \u00e1rboles GEN4 para cargadora y manipulador telesc\u00f3pico &#8211; JAK-Metalli Oy","description":"Las cizallas para \u00e1rboles JAK-200R para cargadoras y manipuladoras telesc\u00f3picas son unas cizallas compactas y potentes para cortar sin esfuerzo madera de hasta 200 mm de grosor.","robots":{"index":"index","follow":"follow","max-snippet":"max-snippet:-1","max-image-preview":"max-image-preview:large","max-video-preview":"max-video-preview:-1"},"canonical":"https:\/\/jak.fi\/es\/productos\/cizalla-para-arboles-para-cargador-y-manipulador-telescopico\/jak-200r-gen4-cizalla-para-arboles-para-cargador-y-manipulador-telescopico\/","og_locale":"es_ES","og_type":"article","og_title":"JAK-200R Cizallas para \u00e1rboles GEN4 para cargadora y manipulador telesc\u00f3pico &#8211; JAK-Metalli Oy","og_description":"Las cizallas para \u00e1rboles JAK-200R para cargadoras y manipuladoras telesc\u00f3picas son unas cizallas compactas y potentes para cortar sin esfuerzo madera de hasta 200 mm de grosor.","og_url":"https:\/\/jak.fi\/es\/productos\/cizalla-para-arboles-para-cargador-y-manipulador-telescopico\/jak-200r-gen4-cizalla-para-arboles-para-cargador-y-manipulador-telescopico\/","og_site_name":"JAK-Metalli Oy","article_publisher":"https:\/\/www.facebook.com\/jaktreeshears","article_modified_time":"2025-04-01T11:04:03+00:00","og_image":[{"width":1000,"height":666,"url":"https:\/\/jak.fi\/wp-content\/uploads\/2024\/06\/jak-200r-tree-shear-for-wheel-loaders-and-telehandlers-front-right-view-1.png","type":"image\/png"}],"twitter_card":"summary_large_image","twitter_misc":{"Tiempo de lectura":"2 minuto"},"schema":{"@context":"https:\/\/schema.org","@graph":[{"@type":"WebPage","@id":"https:\/\/jak.fi\/es\/productos\/cizalla-para-arboles-para-cargador-y-manipulador-telescopico\/jak-200r-gen4-cizalla-para-arboles-para-cargador-y-manipulador-telescopico\/","url":"https:\/\/jak.fi\/es\/productos\/cizalla-para-arboles-para-cargador-y-manipulador-telescopico\/jak-200r-gen4-cizalla-para-arboles-para-cargador-y-manipulador-telescopico\/","name":"JAK-200R Cizallas para \u00e1rboles GEN4 para cargadora y manipulador telesc\u00f3pico &#8211; JAK-Metalli Oy","isPartOf":{"@id":"https:\/\/jak.fi\/es\/#website"},"primaryImageOfPage":{"@id":"https:\/\/jak.fi\/es\/productos\/cizalla-para-arboles-para-cargador-y-manipulador-telescopico\/jak-200r-gen4-cizalla-para-arboles-para-cargador-y-manipulador-telescopico\/#primaryimage"},"image":{"@id":"https:\/\/jak.fi\/es\/productos\/cizalla-para-arboles-para-cargador-y-manipulador-telescopico\/jak-200r-gen4-cizalla-para-arboles-para-cargador-y-manipulador-telescopico\/#primaryimage"},"thumbnailUrl":"https:\/\/jak.fi\/wp-content\/uploads\/2024\/06\/jak-200r-tree-shear-for-wheel-loaders-and-telehandlers-front-right-view-1.png","datePublished":"2024-06-03T05:00:59+00:00","dateModified":"2025-04-01T11:04:03+00:00","description":"Las cizallas para \u00e1rboles JAK-200R para cargadoras y manipuladoras telesc\u00f3picas son unas cizallas compactas y potentes para cortar sin esfuerzo madera de hasta 200 mm de grosor.","breadcrumb":{"@id":"https:\/\/jak.fi\/es\/productos\/cizalla-para-arboles-para-cargador-y-manipulador-telescopico\/jak-200r-gen4-cizalla-para-arboles-para-cargador-y-manipulador-telescopico\/#breadcrumb"},"inLanguage":"es","potentialAction":[{"@type":"ReadAction","target":["https:\/\/jak.fi\/es\/productos\/cizalla-para-arboles-para-cargador-y-manipulador-telescopico\/jak-200r-gen4-cizalla-para-arboles-para-cargador-y-manipulador-telescopico\/"]}]},{"@type":"ImageObject","inLanguage":"es","@id":"https:\/\/jak.fi\/es\/productos\/cizalla-para-arboles-para-cargador-y-manipulador-telescopico\/jak-200r-gen4-cizalla-para-arboles-para-cargador-y-manipulador-telescopico\/#primaryimage","url":"https:\/\/jak.fi\/wp-content\/uploads\/2024\/06\/jak-200r-tree-shear-for-wheel-loaders-and-telehandlers-front-right-view-1.png","contentUrl":"https:\/\/jak.fi\/wp-content\/uploads\/2024\/06\/jak-200r-tree-shear-for-wheel-loaders-and-telehandlers-front-right-view-1.png","width":1000,"height":666},{"@type":"BreadcrumbList","@id":"https:\/\/jak.fi\/es\/productos\/cizalla-para-arboles-para-cargador-y-manipulador-telescopico\/jak-200r-gen4-cizalla-para-arboles-para-cargador-y-manipulador-telescopico\/#breadcrumb","itemListElement":[{"@type":"ListItem","position":1,"name":"Etusivu","item":"https:\/\/jak.fi\/es\/"},{"@type":"ListItem","position":2,"name":"Productos","item":"https:\/\/jak.fi\/es\/productos\/"},{"@type":"ListItem","position":3,"name":"JAK-200R Cizallas para \u00e1rboles GEN4 para cargadora y manipulador telesc\u00f3pico"}]},{"@type":"WebSite","@id":"https:\/\/jak.fi\/es\/#website","url":"https:\/\/jak.fi\/es\/","name":"JAK-Metalli Oy","description":"","publisher":{"@id":"https:\/\/jak.fi\/es\/#organization"},"alternateName":"JAK Tree shears","potentialAction":[{"@type":"SearchAction","target":{"@type":"EntryPoint","urlTemplate":"https:\/\/jak.fi\/es\/?s={search_term_string}"},"query-input":{"@type":"PropertyValueSpecification","valueRequired":true,"valueName":"search_term_string"}}],"inLanguage":"es"},{"@type":"Organization","@id":"https:\/\/jak.fi\/es\/#organization","name":"JAK-Metalli Oy","alternateName":"JAK Tree shears","url":"https:\/\/jak.fi\/es\/","logo":{"@type":"ImageObject","inLanguage":"es","@id":"https:\/\/jak.fi\/es\/#\/schema\/logo\/image\/","url":"https:\/\/jak.fi\/wp-content\/uploads\/2024\/09\/JAK-logo-696x696-1.jpg","contentUrl":"https:\/\/jak.fi\/wp-content\/uploads\/2024\/09\/JAK-logo-696x696-1.jpg","width":696,"height":696,"caption":"JAK-Metalli Oy"},"image":{"@id":"https:\/\/jak.fi\/es\/#\/schema\/logo\/image\/"},"sameAs":["https:\/\/www.facebook.com\/jaktreeshears","https:\/\/www.instagram.com\/jaktreeshears\/","https:\/\/www.youtube.com\/channel\/UCAwvaVhBBkPie8MeAGbdY1w"]}]}},"_links":{"self":[{"href":"https:\/\/jak.fi\/es\/wp-json\/wp\/v2\/product\/4963","targetHints":{"allow":["GET"]}}],"collection":[{"href":"https:\/\/jak.fi\/es\/wp-json\/wp\/v2\/product"}],"about":[{"href":"https:\/\/jak.fi\/es\/wp-json\/wp\/v2\/types\/product"}],"wp:featuredmedia":[{"embeddable":true,"href":"https:\/\/jak.fi\/es\/wp-json\/wp\/v2\/media\/4965"}],"wp:attachment":[{"href":"https:\/\/jak.fi\/es\/wp-json\/wp\/v2\/media?parent=4963"}],"wp:term":[{"taxonomy":"product_brand","embeddable":true,"href":"https:\/\/jak.fi\/es\/wp-json\/wp\/v2\/product_brand?post=4963"},{"taxonomy":"product_cat","embeddable":true,"href":"https:\/\/jak.fi\/es\/wp-json\/wp\/v2\/product_cat?post=4963"},{"taxonomy":"product_tag","embeddable":true,"href":"https:\/\/jak.fi\/es\/wp-json\/wp\/v2\/product_tag?post=4963"}],"curies":[{"name":"wp","href":"https:\/\/api.w.org\/{rel}","templated":true}]}}