{"id":4990,"date":"2024-05-28T10:07:40","date_gmt":"2024-05-28T07:07:40","guid":{"rendered":"https:\/\/jak.fi\/products\/sin%20categor\u00eda\/pluma-de-extension-fija\/"},"modified":"2025-08-21T14:25:04","modified_gmt":"2025-08-21T11:25:04","slug":"pluma-de-extension-fija","status":"publish","type":"product","link":"https:\/\/jak.fi\/es\/productos\/accesorios-para-cucharas-de-energia\/pluma-de-extension-fija\/","title":{"rendered":"Pluma de extensi\u00f3n fija"},"content":{"rendered":"<h2 data-start=\"64\" data-end=\"148\">Cizallas para \u00e1rboles JAK de extensi\u00f3n fija: a\u00f1aden dimensi\u00f3n y eficacia al trabajo forestal<\/h2>\n<p data-start=\"150\" data-end=\"441\"><strong data-start=\"150\" data-end=\"172\">El brazo de extensi\u00f3n fijo<\/strong> mejora el alcance del trabajo y aporta una gran rentabilidad y rapidez a las operaciones forestales. La pluma extensible permite alejar con seguridad los puntos sensibles del cabezal de la pluma de las ramas de los \u00e1rboles, reduciendo el desgaste y alargando la vida \u00fatil del equipo. <\/p>\n<p data-start=\"443\" data-end=\"746\"><strong data-start=\"443\" data-end=\"479\">El brazo extensible de las cizallas para \u00e1rboles JAK<\/strong> est\u00e1 especialmente dise\u00f1ado para condiciones exigentes, como terrenos dif\u00edciles y eliminaci\u00f3n de \u00e1rboles problem\u00e1ticos. El alcance mejorado permite realizar el trabajo con mayor eficacia, ya que se requiere menos movimiento de la m\u00e1quina, lo que aumenta significativamente la productividad. <\/p>\n<p data-start=\"748\" data-end=\"992\">La pluma extensible, ligera pero extremadamente duradera, est\u00e1 fabricada con una construcci\u00f3n robusta que garantiza una larga vida \u00fatil. Seg\u00fan el modelo, el brazo extensible a\u00f1ade un alcance adicional <strong data-start=\"905\" data-end=\"919\">de 600-930 mm<\/strong>, para que puedas elegir la soluci\u00f3n m\u00e1s adecuada para tu aplicaci\u00f3n. <\/p>\n<h3 data-start=\"994\" data-end=\"1014\">Ventajas en resumen:<\/h3>\n<ul data-start=\"1015\" data-end=\"1231\">\n<li data-start=\"1015\" data-end=\"1060\">\n<p data-start=\"1017\" data-end=\"1060\">M\u00e1s alcance para trabajos forestales 600-930 mm<\/p>\n<\/li>\n<li data-start=\"1061\" data-end=\"1108\">\n<p data-start=\"1063\" data-end=\"1108\">Mejora la productividad y ahorra tiempo<\/p>\n<\/li>\n<li data-start=\"1109\" data-end=\"1149\">\n<p data-start=\"1111\" data-end=\"1149\">Reduce la necesidad de mover la m\u00e1quina<\/p>\n<\/li>\n<li data-start=\"1150\" data-end=\"1190\">\n<p data-start=\"1152\" data-end=\"1190\">Protege la copa del \u00e1rbol de los da\u00f1os causados por las ramas<\/p>\n<\/li>\n<li data-start=\"1191\" data-end=\"1231\">\n<p data-start=\"1193\" data-end=\"1231\">Construcci\u00f3n ligera pero muy duradera<\/p>\n<\/li>\n<\/ul>\n<p data-start=\"1233\" data-end=\"1352\">La <strong data-start=\"1233\" data-end=\"1251\">pluma extensible JAK<\/strong> es un accesorio excelente para una gesti\u00f3n forestal m\u00e1s segura, r\u00e1pida y productiva.<\/p>\n","protected":false},"excerpt":{"rendered":"<p>Cizallas para \u00e1rboles JAK de extensi\u00f3n fija: a\u00f1aden dimensi\u00f3n y eficacia al trabajo forestal El brazo de extensi\u00f3n fijo mejora el alcance del trabajo y aporta una gran rentabilidad y rapidez a las operaciones forestales. La pluma extensible permite alejar con seguridad los puntos sensibles del cabezal de la pluma de las ramas de los [&hellip;]<\/p>\n","protected":false},"featured_media":4992,"template":"","meta":{"_acf_changed":false},"product_brand":[],"product_cat":[581],"product_tag":[],"class_list":{"0":"post-4990","1":"product","2":"type-product","3":"status-publish","4":"has-post-thumbnail","6":"product_cat-accesorios-para-cucharas-de-energia","8":"first","9":"instock","10":"shipping-taxable","11":"product-type-simple"},"acf":[],"yoast_head":"<!-- This site is optimized with the Yoast SEO plugin v27.2 - https:\/\/yoast.com\/product\/yoast-seo-wordpress\/ -->\n<title>Pluma de extensi\u00f3n fija &#8211; JAK-Metalli Oy<\/title>\n<meta name=\"description\" content=\"La extensi\u00f3n de la pluma JAK de cizallas para \u00e1rboles aumenta el alcance de 600 a 930 mm, hace que el trabajo forestal sea m\u00e1s eficaz y protege el extremo de la pluma de las ramas. Accesorio ligero y duradero.\" \/>\n<meta name=\"robots\" content=\"index, follow, max-snippet:-1, max-image-preview:large, max-video-preview:-1\" \/>\n<link rel=\"canonical\" href=\"https:\/\/jak.fi\/es\/productos\/accesorios-para-cucharas-de-energia\/pluma-de-extension-fija\/\" \/>\n<meta property=\"og:locale\" content=\"es_ES\" \/>\n<meta property=\"og:type\" content=\"article\" \/>\n<meta property=\"og:title\" content=\"Pluma de extensi\u00f3n fija &#8211; JAK-Metalli Oy\" \/>\n<meta property=\"og:description\" content=\"La extensi\u00f3n de la pluma JAK de cizallas para \u00e1rboles aumenta el alcance de 600 a 930 mm, hace que el trabajo forestal sea m\u00e1s eficaz y protege el extremo de la pluma de las ramas. Accesorio ligero y duradero.\" \/>\n<meta property=\"og:url\" content=\"https:\/\/jak.fi\/es\/productos\/accesorios-para-cucharas-de-energia\/pluma-de-extension-fija\/\" \/>\n<meta property=\"og:site_name\" content=\"JAK-Metalli Oy\" \/>\n<meta property=\"article:publisher\" content=\"https:\/\/www.facebook.com\/jaktreeshears\" \/>\n<meta property=\"article:modified_time\" content=\"2025-08-21T11:25:04+00:00\" \/>\n<meta property=\"og:image\" content=\"https:\/\/jak.fi\/wp-content\/uploads\/2024\/05\/Jatkopuomi-220C.png\" \/>\n\t<meta property=\"og:image:width\" content=\"1000\" \/>\n\t<meta property=\"og:image:height\" content=\"667\" \/>\n\t<meta property=\"og:image:type\" content=\"image\/png\" \/>\n<meta name=\"twitter:card\" content=\"summary_large_image\" \/>\n<meta name=\"twitter:label1\" content=\"Tiempo de lectura\" \/>\n\t<meta name=\"twitter:data1\" content=\"1 minuto\" \/>\n<script type=\"application\/ld+json\" class=\"yoast-schema-graph\">{\"@context\":\"https:\/\/schema.org\",\"@graph\":[{\"@type\":\"WebPage\",\"@id\":\"https:\/\/jak.fi\/es\/productos\/accesorios-para-cucharas-de-energia\/pluma-de-extension-fija\/\",\"url\":\"https:\/\/jak.fi\/es\/productos\/accesorios-para-cucharas-de-energia\/pluma-de-extension-fija\/\",\"name\":\"Pluma de extensi\u00f3n fija &#8211; JAK-Metalli Oy\",\"isPartOf\":{\"@id\":\"https:\/\/jak.fi\/es\/#website\"},\"primaryImageOfPage\":{\"@id\":\"https:\/\/jak.fi\/es\/productos\/accesorios-para-cucharas-de-energia\/pluma-de-extension-fija\/#primaryimage\"},\"image\":{\"@id\":\"https:\/\/jak.fi\/es\/productos\/accesorios-para-cucharas-de-energia\/pluma-de-extension-fija\/#primaryimage\"},\"thumbnailUrl\":\"https:\/\/jak.fi\/wp-content\/uploads\/2024\/05\/Jatkopuomi-220C.png\",\"datePublished\":\"2024-05-28T07:07:40+00:00\",\"dateModified\":\"2025-08-21T11:25:04+00:00\",\"description\":\"La extensi\u00f3n de la pluma JAK de cizallas para \u00e1rboles aumenta el alcance de 600 a 930 mm, hace que el trabajo forestal sea m\u00e1s eficaz y protege el extremo de la pluma de las ramas. Accesorio ligero y duradero.\",\"breadcrumb\":{\"@id\":\"https:\/\/jak.fi\/es\/productos\/accesorios-para-cucharas-de-energia\/pluma-de-extension-fija\/#breadcrumb\"},\"inLanguage\":\"es\",\"potentialAction\":[{\"@type\":\"ReadAction\",\"target\":[\"https:\/\/jak.fi\/es\/productos\/accesorios-para-cucharas-de-energia\/pluma-de-extension-fija\/\"]}]},{\"@type\":\"ImageObject\",\"inLanguage\":\"es\",\"@id\":\"https:\/\/jak.fi\/es\/productos\/accesorios-para-cucharas-de-energia\/pluma-de-extension-fija\/#primaryimage\",\"url\":\"https:\/\/jak.fi\/wp-content\/uploads\/2024\/05\/Jatkopuomi-220C.png\",\"contentUrl\":\"https:\/\/jak.fi\/wp-content\/uploads\/2024\/05\/Jatkopuomi-220C.png\",\"width\":1000,\"height\":667,\"caption\":\"Una s\u00f3lida ampliaci\u00f3n de las cizallas para \u00e1rboles\"},{\"@type\":\"BreadcrumbList\",\"@id\":\"https:\/\/jak.fi\/es\/productos\/accesorios-para-cucharas-de-energia\/pluma-de-extension-fija\/#breadcrumb\",\"itemListElement\":[{\"@type\":\"ListItem\",\"position\":1,\"name\":\"Etusivu\",\"item\":\"https:\/\/jak.fi\/es\/\"},{\"@type\":\"ListItem\",\"position\":2,\"name\":\"Productos\",\"item\":\"https:\/\/jak.fi\/es\/productos\/\"},{\"@type\":\"ListItem\",\"position\":3,\"name\":\"Pluma de extensi\u00f3n fija\"}]},{\"@type\":\"WebSite\",\"@id\":\"https:\/\/jak.fi\/es\/#website\",\"url\":\"https:\/\/jak.fi\/es\/\",\"name\":\"JAK-Metalli Oy\",\"description\":\"\",\"publisher\":{\"@id\":\"https:\/\/jak.fi\/es\/#organization\"},\"alternateName\":\"JAK Tree shears\",\"potentialAction\":[{\"@type\":\"SearchAction\",\"target\":{\"@type\":\"EntryPoint\",\"urlTemplate\":\"https:\/\/jak.fi\/es\/?s={search_term_string}\"},\"query-input\":{\"@type\":\"PropertyValueSpecification\",\"valueRequired\":true,\"valueName\":\"search_term_string\"}}],\"inLanguage\":\"es\"},{\"@type\":\"Organization\",\"@id\":\"https:\/\/jak.fi\/es\/#organization\",\"name\":\"JAK-Metalli Oy\",\"alternateName\":\"JAK Tree shears\",\"url\":\"https:\/\/jak.fi\/es\/\",\"logo\":{\"@type\":\"ImageObject\",\"inLanguage\":\"es\",\"@id\":\"https:\/\/jak.fi\/es\/#\/schema\/logo\/image\/\",\"url\":\"https:\/\/jak.fi\/wp-content\/uploads\/2024\/09\/JAK-logo-696x696-1.jpg\",\"contentUrl\":\"https:\/\/jak.fi\/wp-content\/uploads\/2024\/09\/JAK-logo-696x696-1.jpg\",\"width\":696,\"height\":696,\"caption\":\"JAK-Metalli Oy\"},\"image\":{\"@id\":\"https:\/\/jak.fi\/es\/#\/schema\/logo\/image\/\"},\"sameAs\":[\"https:\/\/www.facebook.com\/jaktreeshears\",\"https:\/\/www.instagram.com\/jaktreeshears\/\",\"https:\/\/www.youtube.com\/channel\/UCAwvaVhBBkPie8MeAGbdY1w\"]}]}<\/script>\n<!-- \/ Yoast SEO plugin. -->","yoast_head_json":{"title":"Pluma de extensi\u00f3n fija &#8211; JAK-Metalli Oy","description":"La extensi\u00f3n de la pluma JAK de cizallas para \u00e1rboles aumenta el alcance de 600 a 930 mm, hace que el trabajo forestal sea m\u00e1s eficaz y protege el extremo de la pluma de las ramas. Accesorio ligero y duradero.","robots":{"index":"index","follow":"follow","max-snippet":"max-snippet:-1","max-image-preview":"max-image-preview:large","max-video-preview":"max-video-preview:-1"},"canonical":"https:\/\/jak.fi\/es\/productos\/accesorios-para-cucharas-de-energia\/pluma-de-extension-fija\/","og_locale":"es_ES","og_type":"article","og_title":"Pluma de extensi\u00f3n fija &#8211; JAK-Metalli Oy","og_description":"La extensi\u00f3n de la pluma JAK de cizallas para \u00e1rboles aumenta el alcance de 600 a 930 mm, hace que el trabajo forestal sea m\u00e1s eficaz y protege el extremo de la pluma de las ramas. Accesorio ligero y duradero.","og_url":"https:\/\/jak.fi\/es\/productos\/accesorios-para-cucharas-de-energia\/pluma-de-extension-fija\/","og_site_name":"JAK-Metalli Oy","article_publisher":"https:\/\/www.facebook.com\/jaktreeshears","article_modified_time":"2025-08-21T11:25:04+00:00","og_image":[{"width":1000,"height":667,"url":"https:\/\/jak.fi\/wp-content\/uploads\/2024\/05\/Jatkopuomi-220C.png","type":"image\/png"}],"twitter_card":"summary_large_image","twitter_misc":{"Tiempo de lectura":"1 minuto"},"schema":{"@context":"https:\/\/schema.org","@graph":[{"@type":"WebPage","@id":"https:\/\/jak.fi\/es\/productos\/accesorios-para-cucharas-de-energia\/pluma-de-extension-fija\/","url":"https:\/\/jak.fi\/es\/productos\/accesorios-para-cucharas-de-energia\/pluma-de-extension-fija\/","name":"Pluma de extensi\u00f3n fija &#8211; JAK-Metalli Oy","isPartOf":{"@id":"https:\/\/jak.fi\/es\/#website"},"primaryImageOfPage":{"@id":"https:\/\/jak.fi\/es\/productos\/accesorios-para-cucharas-de-energia\/pluma-de-extension-fija\/#primaryimage"},"image":{"@id":"https:\/\/jak.fi\/es\/productos\/accesorios-para-cucharas-de-energia\/pluma-de-extension-fija\/#primaryimage"},"thumbnailUrl":"https:\/\/jak.fi\/wp-content\/uploads\/2024\/05\/Jatkopuomi-220C.png","datePublished":"2024-05-28T07:07:40+00:00","dateModified":"2025-08-21T11:25:04+00:00","description":"La extensi\u00f3n de la pluma JAK de cizallas para \u00e1rboles aumenta el alcance de 600 a 930 mm, hace que el trabajo forestal sea m\u00e1s eficaz y protege el extremo de la pluma de las ramas. Accesorio ligero y duradero.","breadcrumb":{"@id":"https:\/\/jak.fi\/es\/productos\/accesorios-para-cucharas-de-energia\/pluma-de-extension-fija\/#breadcrumb"},"inLanguage":"es","potentialAction":[{"@type":"ReadAction","target":["https:\/\/jak.fi\/es\/productos\/accesorios-para-cucharas-de-energia\/pluma-de-extension-fija\/"]}]},{"@type":"ImageObject","inLanguage":"es","@id":"https:\/\/jak.fi\/es\/productos\/accesorios-para-cucharas-de-energia\/pluma-de-extension-fija\/#primaryimage","url":"https:\/\/jak.fi\/wp-content\/uploads\/2024\/05\/Jatkopuomi-220C.png","contentUrl":"https:\/\/jak.fi\/wp-content\/uploads\/2024\/05\/Jatkopuomi-220C.png","width":1000,"height":667,"caption":"Una s\u00f3lida ampliaci\u00f3n de las cizallas para \u00e1rboles"},{"@type":"BreadcrumbList","@id":"https:\/\/jak.fi\/es\/productos\/accesorios-para-cucharas-de-energia\/pluma-de-extension-fija\/#breadcrumb","itemListElement":[{"@type":"ListItem","position":1,"name":"Etusivu","item":"https:\/\/jak.fi\/es\/"},{"@type":"ListItem","position":2,"name":"Productos","item":"https:\/\/jak.fi\/es\/productos\/"},{"@type":"ListItem","position":3,"name":"Pluma de extensi\u00f3n fija"}]},{"@type":"WebSite","@id":"https:\/\/jak.fi\/es\/#website","url":"https:\/\/jak.fi\/es\/","name":"JAK-Metalli Oy","description":"","publisher":{"@id":"https:\/\/jak.fi\/es\/#organization"},"alternateName":"JAK Tree shears","potentialAction":[{"@type":"SearchAction","target":{"@type":"EntryPoint","urlTemplate":"https:\/\/jak.fi\/es\/?s={search_term_string}"},"query-input":{"@type":"PropertyValueSpecification","valueRequired":true,"valueName":"search_term_string"}}],"inLanguage":"es"},{"@type":"Organization","@id":"https:\/\/jak.fi\/es\/#organization","name":"JAK-Metalli Oy","alternateName":"JAK Tree shears","url":"https:\/\/jak.fi\/es\/","logo":{"@type":"ImageObject","inLanguage":"es","@id":"https:\/\/jak.fi\/es\/#\/schema\/logo\/image\/","url":"https:\/\/jak.fi\/wp-content\/uploads\/2024\/09\/JAK-logo-696x696-1.jpg","contentUrl":"https:\/\/jak.fi\/wp-content\/uploads\/2024\/09\/JAK-logo-696x696-1.jpg","width":696,"height":696,"caption":"JAK-Metalli Oy"},"image":{"@id":"https:\/\/jak.fi\/es\/#\/schema\/logo\/image\/"},"sameAs":["https:\/\/www.facebook.com\/jaktreeshears","https:\/\/www.instagram.com\/jaktreeshears\/","https:\/\/www.youtube.com\/channel\/UCAwvaVhBBkPie8MeAGbdY1w"]}]}},"_links":{"self":[{"href":"https:\/\/jak.fi\/es\/wp-json\/wp\/v2\/product\/4990","targetHints":{"allow":["GET"]}}],"collection":[{"href":"https:\/\/jak.fi\/es\/wp-json\/wp\/v2\/product"}],"about":[{"href":"https:\/\/jak.fi\/es\/wp-json\/wp\/v2\/types\/product"}],"wp:featuredmedia":[{"embeddable":true,"href":"https:\/\/jak.fi\/es\/wp-json\/wp\/v2\/media\/4992"}],"wp:attachment":[{"href":"https:\/\/jak.fi\/es\/wp-json\/wp\/v2\/media?parent=4990"}],"wp:term":[{"taxonomy":"product_brand","embeddable":true,"href":"https:\/\/jak.fi\/es\/wp-json\/wp\/v2\/product_brand?post=4990"},{"taxonomy":"product_cat","embeddable":true,"href":"https:\/\/jak.fi\/es\/wp-json\/wp\/v2\/product_cat?post=4990"},{"taxonomy":"product_tag","embeddable":true,"href":"https:\/\/jak.fi\/es\/wp-json\/wp\/v2\/product_tag?post=4990"}],"curies":[{"name":"wp","href":"https:\/\/api.w.org\/{rel}","templated":true}]}}