{"id":5005,"date":"2024-05-28T10:06:51","date_gmt":"2024-05-28T07:06:51","guid":{"rendered":"https:\/\/jak.fi\/products\/sin%20categor\u00eda\/radiocontrol\/"},"modified":"2025-01-17T15:06:22","modified_gmt":"2025-01-17T12:06:22","slug":"radiocontrol","status":"publish","type":"product","link":"https:\/\/jak.fi\/es\/productos\/accesorios-para-cucharas-de-energia\/radiocontrol\/","title":{"rendered":"Radiocontrol"},"content":{"rendered":"<p>El radiocontrol permite la conexi\u00f3n inal\u00e1mbrica entre el controlador y la v\u00e1lvula de 6\/2 v\u00edas accionada el\u00e9ctricamente. Por ejemplo, para equipar una Pinza JAK Energy con un colector, una guillotina o un rotador que funcione con sistemas hidr\u00e1ulicos auxiliares con una v\u00e1lvula de 6\/2 v\u00edas accionada el\u00e9ctricamente, necesitas un controlador. El sistema de radiocontrol viene con un transmisor que contiene un controlador con tres botones. Tambi\u00e9n se incluye un receptor que contiene un portapilas para bater\u00edas Milwaukee o Makita. La duraci\u00f3n de la bater\u00eda del sistema de radiocontrol es de hasta 8 horas, dependiendo de las condiciones meteorol\u00f3gicas. El transmisor puede alimentarse con la bater\u00eda de la unidad base. <\/p>\n<p><img loading=\"lazy\" decoding=\"async\" class=\"alignnone wp-image-617 \" src=\"https:\/\/jak.fi\/wp-content\/uploads\/2024\/05\/JAK-Radio-Control-selitys3-1-700x557.png\" alt=\"\" width=\"501\" height=\"399\" srcset=\"https:\/\/jak.fi\/wp-content\/uploads\/2024\/05\/JAK-Radio-Control-selitys3-1-700x557.png 700w, https:\/\/jak.fi\/wp-content\/uploads\/2024\/05\/JAK-Radio-Control-selitys3-1-1200x955.png 1200w, https:\/\/jak.fi\/wp-content\/uploads\/2024\/05\/JAK-Radio-Control-selitys3-1-768x611.png 768w, https:\/\/jak.fi\/wp-content\/uploads\/2024\/05\/JAK-Radio-Control-selitys3-1-800x637.png 800w, https:\/\/jak.fi\/wp-content\/uploads\/2024\/05\/JAK-Radio-Control-selitys3-1.png 1440w\" sizes=\"auto, (max-width: 501px) 100vw, 501px\" \/><\/p>\n<p><strong>Transmisor del sistema de radiocontrol<\/strong><\/p>\n<p>1 &#8211; Transmisor 2 &#8211; Cable de alimentaci\u00f3n 3 &#8211; Mando con tres botones<\/p>\n<p>&nbsp;<\/p>\n<p><strong>Receptor del sistema de radiocontrol<\/strong><\/p>\n<p>4 &#8211; Receptor 5 &#8211; Base para bater\u00eda (Makita o Milwaukee) 6 &#8211; Cable de control para v\u00e1lvula el\u00e9ctrica de 6\/2 v\u00edas<\/p>\n","protected":false},"excerpt":{"rendered":"<p>El radiocontrol permite la conexi\u00f3n inal\u00e1mbrica entre el controlador y la v\u00e1lvula de 6\/2 v\u00edas accionada el\u00e9ctricamente. Por ejemplo, para equipar una Pinza JAK Energy con un colector, una guillotina o un rotador que funcione con sistemas hidr\u00e1ulicos auxiliares con una v\u00e1lvula de 6\/2 v\u00edas accionada el\u00e9ctricamente, necesitas un controlador. El sistema de radiocontrol viene [&hellip;]<\/p>\n","protected":false},"featured_media":5006,"template":"","meta":{"_acf_changed":false},"product_brand":[],"product_cat":[581],"product_tag":[],"class_list":{"0":"post-5005","1":"product","2":"type-product","3":"status-publish","4":"has-post-thumbnail","6":"product_cat-accesorios-para-cucharas-de-energia","8":"first","9":"instock","10":"shipping-taxable","11":"product-type-simple"},"acf":[],"yoast_head":"<!-- This site is optimized with the Yoast SEO plugin v27.2 - https:\/\/yoast.com\/product\/yoast-seo-wordpress\/ -->\n<title>Radiocontrol &#8211; JAK-Metalli Oy<\/title>\n<meta name=\"robots\" content=\"index, follow, max-snippet:-1, max-image-preview:large, max-video-preview:-1\" \/>\n<link rel=\"canonical\" href=\"https:\/\/jak.fi\/es\/productos\/accesorios-para-cucharas-de-energia\/radiocontrol\/\" \/>\n<meta property=\"og:locale\" content=\"es_ES\" \/>\n<meta property=\"og:type\" content=\"article\" \/>\n<meta property=\"og:title\" content=\"Radiocontrol &#8211; JAK-Metalli Oy\" \/>\n<meta property=\"og:description\" content=\"El radiocontrol permite la conexi\u00f3n inal\u00e1mbrica entre el controlador y la v\u00e1lvula de 6\/2 v\u00edas accionada el\u00e9ctricamente. Por ejemplo, para equipar una Pinza JAK Energy con un colector, una guillotina o un rotador que funcione con sistemas hidr\u00e1ulicos auxiliares con una v\u00e1lvula de 6\/2 v\u00edas accionada el\u00e9ctricamente, necesitas un controlador. El sistema de radiocontrol viene [&hellip;]\" \/>\n<meta property=\"og:url\" content=\"https:\/\/jak.fi\/es\/productos\/accesorios-para-cucharas-de-energia\/radiocontrol\/\" \/>\n<meta property=\"og:site_name\" content=\"JAK-Metalli Oy\" \/>\n<meta property=\"article:publisher\" content=\"https:\/\/www.facebook.com\/jaktreeshears\" \/>\n<meta property=\"article:modified_time\" content=\"2025-01-17T12:06:22+00:00\" \/>\n<meta property=\"og:image\" content=\"https:\/\/jak.fi\/wp-content\/uploads\/2024\/05\/JAK-Radio-Control-web.png\" \/>\n\t<meta property=\"og:image:width\" content=\"1000\" \/>\n\t<meta property=\"og:image:height\" content=\"667\" \/>\n\t<meta property=\"og:image:type\" content=\"image\/png\" \/>\n<meta name=\"twitter:card\" content=\"summary_large_image\" \/>\n<meta name=\"twitter:label1\" content=\"Tiempo de lectura\" \/>\n\t<meta name=\"twitter:data1\" content=\"1 minuto\" \/>\n<script type=\"application\/ld+json\" class=\"yoast-schema-graph\">{\"@context\":\"https:\/\/schema.org\",\"@graph\":[{\"@type\":\"WebPage\",\"@id\":\"https:\/\/jak.fi\/es\/productos\/accesorios-para-cucharas-de-energia\/radiocontrol\/\",\"url\":\"https:\/\/jak.fi\/es\/productos\/accesorios-para-cucharas-de-energia\/radiocontrol\/\",\"name\":\"Radiocontrol &#8211; JAK-Metalli Oy\",\"isPartOf\":{\"@id\":\"https:\/\/jak.fi\/es\/#website\"},\"primaryImageOfPage\":{\"@id\":\"https:\/\/jak.fi\/es\/productos\/accesorios-para-cucharas-de-energia\/radiocontrol\/#primaryimage\"},\"image\":{\"@id\":\"https:\/\/jak.fi\/es\/productos\/accesorios-para-cucharas-de-energia\/radiocontrol\/#primaryimage\"},\"thumbnailUrl\":\"https:\/\/jak.fi\/wp-content\/uploads\/2024\/05\/JAK-Radio-Control-web.png\",\"datePublished\":\"2024-05-28T07:06:51+00:00\",\"dateModified\":\"2025-01-17T12:06:22+00:00\",\"breadcrumb\":{\"@id\":\"https:\/\/jak.fi\/es\/productos\/accesorios-para-cucharas-de-energia\/radiocontrol\/#breadcrumb\"},\"inLanguage\":\"es\",\"potentialAction\":[{\"@type\":\"ReadAction\",\"target\":[\"https:\/\/jak.fi\/es\/productos\/accesorios-para-cucharas-de-energia\/radiocontrol\/\"]}]},{\"@type\":\"ImageObject\",\"inLanguage\":\"es\",\"@id\":\"https:\/\/jak.fi\/es\/productos\/accesorios-para-cucharas-de-energia\/radiocontrol\/#primaryimage\",\"url\":\"https:\/\/jak.fi\/wp-content\/uploads\/2024\/05\/JAK-Radio-Control-web.png\",\"contentUrl\":\"https:\/\/jak.fi\/wp-content\/uploads\/2024\/05\/JAK-Radio-Control-web.png\",\"width\":1000,\"height\":667,\"caption\":\"Radio-ohjaus energiakouralle\"},{\"@type\":\"BreadcrumbList\",\"@id\":\"https:\/\/jak.fi\/es\/productos\/accesorios-para-cucharas-de-energia\/radiocontrol\/#breadcrumb\",\"itemListElement\":[{\"@type\":\"ListItem\",\"position\":1,\"name\":\"Etusivu\",\"item\":\"https:\/\/jak.fi\/es\/\"},{\"@type\":\"ListItem\",\"position\":2,\"name\":\"Productos\",\"item\":\"https:\/\/jak.fi\/es\/productos\/\"},{\"@type\":\"ListItem\",\"position\":3,\"name\":\"Radiocontrol\"}]},{\"@type\":\"WebSite\",\"@id\":\"https:\/\/jak.fi\/es\/#website\",\"url\":\"https:\/\/jak.fi\/es\/\",\"name\":\"JAK-Metalli Oy\",\"description\":\"\",\"publisher\":{\"@id\":\"https:\/\/jak.fi\/es\/#organization\"},\"alternateName\":\"JAK Tree shears\",\"potentialAction\":[{\"@type\":\"SearchAction\",\"target\":{\"@type\":\"EntryPoint\",\"urlTemplate\":\"https:\/\/jak.fi\/es\/?s={search_term_string}\"},\"query-input\":{\"@type\":\"PropertyValueSpecification\",\"valueRequired\":true,\"valueName\":\"search_term_string\"}}],\"inLanguage\":\"es\"},{\"@type\":\"Organization\",\"@id\":\"https:\/\/jak.fi\/es\/#organization\",\"name\":\"JAK-Metalli Oy\",\"alternateName\":\"JAK Tree shears\",\"url\":\"https:\/\/jak.fi\/es\/\",\"logo\":{\"@type\":\"ImageObject\",\"inLanguage\":\"es\",\"@id\":\"https:\/\/jak.fi\/es\/#\/schema\/logo\/image\/\",\"url\":\"https:\/\/jak.fi\/wp-content\/uploads\/2024\/09\/JAK-logo-696x696-1.jpg\",\"contentUrl\":\"https:\/\/jak.fi\/wp-content\/uploads\/2024\/09\/JAK-logo-696x696-1.jpg\",\"width\":696,\"height\":696,\"caption\":\"JAK-Metalli Oy\"},\"image\":{\"@id\":\"https:\/\/jak.fi\/es\/#\/schema\/logo\/image\/\"},\"sameAs\":[\"https:\/\/www.facebook.com\/jaktreeshears\",\"https:\/\/www.instagram.com\/jaktreeshears\/\",\"https:\/\/www.youtube.com\/channel\/UCAwvaVhBBkPie8MeAGbdY1w\"]}]}<\/script>\n<!-- \/ Yoast SEO plugin. -->","yoast_head_json":{"title":"Radiocontrol &#8211; JAK-Metalli Oy","robots":{"index":"index","follow":"follow","max-snippet":"max-snippet:-1","max-image-preview":"max-image-preview:large","max-video-preview":"max-video-preview:-1"},"canonical":"https:\/\/jak.fi\/es\/productos\/accesorios-para-cucharas-de-energia\/radiocontrol\/","og_locale":"es_ES","og_type":"article","og_title":"Radiocontrol &#8211; JAK-Metalli Oy","og_description":"El radiocontrol permite la conexi\u00f3n inal\u00e1mbrica entre el controlador y la v\u00e1lvula de 6\/2 v\u00edas accionada el\u00e9ctricamente. Por ejemplo, para equipar una Pinza JAK Energy con un colector, una guillotina o un rotador que funcione con sistemas hidr\u00e1ulicos auxiliares con una v\u00e1lvula de 6\/2 v\u00edas accionada el\u00e9ctricamente, necesitas un controlador. El sistema de radiocontrol viene [&hellip;]","og_url":"https:\/\/jak.fi\/es\/productos\/accesorios-para-cucharas-de-energia\/radiocontrol\/","og_site_name":"JAK-Metalli Oy","article_publisher":"https:\/\/www.facebook.com\/jaktreeshears","article_modified_time":"2025-01-17T12:06:22+00:00","og_image":[{"width":1000,"height":667,"url":"https:\/\/jak.fi\/wp-content\/uploads\/2024\/05\/JAK-Radio-Control-web.png","type":"image\/png"}],"twitter_card":"summary_large_image","twitter_misc":{"Tiempo de lectura":"1 minuto"},"schema":{"@context":"https:\/\/schema.org","@graph":[{"@type":"WebPage","@id":"https:\/\/jak.fi\/es\/productos\/accesorios-para-cucharas-de-energia\/radiocontrol\/","url":"https:\/\/jak.fi\/es\/productos\/accesorios-para-cucharas-de-energia\/radiocontrol\/","name":"Radiocontrol &#8211; JAK-Metalli Oy","isPartOf":{"@id":"https:\/\/jak.fi\/es\/#website"},"primaryImageOfPage":{"@id":"https:\/\/jak.fi\/es\/productos\/accesorios-para-cucharas-de-energia\/radiocontrol\/#primaryimage"},"image":{"@id":"https:\/\/jak.fi\/es\/productos\/accesorios-para-cucharas-de-energia\/radiocontrol\/#primaryimage"},"thumbnailUrl":"https:\/\/jak.fi\/wp-content\/uploads\/2024\/05\/JAK-Radio-Control-web.png","datePublished":"2024-05-28T07:06:51+00:00","dateModified":"2025-01-17T12:06:22+00:00","breadcrumb":{"@id":"https:\/\/jak.fi\/es\/productos\/accesorios-para-cucharas-de-energia\/radiocontrol\/#breadcrumb"},"inLanguage":"es","potentialAction":[{"@type":"ReadAction","target":["https:\/\/jak.fi\/es\/productos\/accesorios-para-cucharas-de-energia\/radiocontrol\/"]}]},{"@type":"ImageObject","inLanguage":"es","@id":"https:\/\/jak.fi\/es\/productos\/accesorios-para-cucharas-de-energia\/radiocontrol\/#primaryimage","url":"https:\/\/jak.fi\/wp-content\/uploads\/2024\/05\/JAK-Radio-Control-web.png","contentUrl":"https:\/\/jak.fi\/wp-content\/uploads\/2024\/05\/JAK-Radio-Control-web.png","width":1000,"height":667,"caption":"Radio-ohjaus energiakouralle"},{"@type":"BreadcrumbList","@id":"https:\/\/jak.fi\/es\/productos\/accesorios-para-cucharas-de-energia\/radiocontrol\/#breadcrumb","itemListElement":[{"@type":"ListItem","position":1,"name":"Etusivu","item":"https:\/\/jak.fi\/es\/"},{"@type":"ListItem","position":2,"name":"Productos","item":"https:\/\/jak.fi\/es\/productos\/"},{"@type":"ListItem","position":3,"name":"Radiocontrol"}]},{"@type":"WebSite","@id":"https:\/\/jak.fi\/es\/#website","url":"https:\/\/jak.fi\/es\/","name":"JAK-Metalli Oy","description":"","publisher":{"@id":"https:\/\/jak.fi\/es\/#organization"},"alternateName":"JAK Tree shears","potentialAction":[{"@type":"SearchAction","target":{"@type":"EntryPoint","urlTemplate":"https:\/\/jak.fi\/es\/?s={search_term_string}"},"query-input":{"@type":"PropertyValueSpecification","valueRequired":true,"valueName":"search_term_string"}}],"inLanguage":"es"},{"@type":"Organization","@id":"https:\/\/jak.fi\/es\/#organization","name":"JAK-Metalli Oy","alternateName":"JAK Tree shears","url":"https:\/\/jak.fi\/es\/","logo":{"@type":"ImageObject","inLanguage":"es","@id":"https:\/\/jak.fi\/es\/#\/schema\/logo\/image\/","url":"https:\/\/jak.fi\/wp-content\/uploads\/2024\/09\/JAK-logo-696x696-1.jpg","contentUrl":"https:\/\/jak.fi\/wp-content\/uploads\/2024\/09\/JAK-logo-696x696-1.jpg","width":696,"height":696,"caption":"JAK-Metalli Oy"},"image":{"@id":"https:\/\/jak.fi\/es\/#\/schema\/logo\/image\/"},"sameAs":["https:\/\/www.facebook.com\/jaktreeshears","https:\/\/www.instagram.com\/jaktreeshears\/","https:\/\/www.youtube.com\/channel\/UCAwvaVhBBkPie8MeAGbdY1w"]}]}},"_links":{"self":[{"href":"https:\/\/jak.fi\/es\/wp-json\/wp\/v2\/product\/5005","targetHints":{"allow":["GET"]}}],"collection":[{"href":"https:\/\/jak.fi\/es\/wp-json\/wp\/v2\/product"}],"about":[{"href":"https:\/\/jak.fi\/es\/wp-json\/wp\/v2\/types\/product"}],"wp:featuredmedia":[{"embeddable":true,"href":"https:\/\/jak.fi\/es\/wp-json\/wp\/v2\/media\/5006"}],"wp:attachment":[{"href":"https:\/\/jak.fi\/es\/wp-json\/wp\/v2\/media?parent=5005"}],"wp:term":[{"taxonomy":"product_brand","embeddable":true,"href":"https:\/\/jak.fi\/es\/wp-json\/wp\/v2\/product_brand?post=5005"},{"taxonomy":"product_cat","embeddable":true,"href":"https:\/\/jak.fi\/es\/wp-json\/wp\/v2\/product_cat?post=5005"},{"taxonomy":"product_tag","embeddable":true,"href":"https:\/\/jak.fi\/es\/wp-json\/wp\/v2\/product_tag?post=5005"}],"curies":[{"name":"wp","href":"https:\/\/api.w.org\/{rel}","templated":true}]}}