{"id":5008,"date":"2024-06-03T08:34:38","date_gmt":"2024-06-03T05:34:38","guid":{"rendered":"https:\/\/jak.fi\/products\/sin%20categor\u00eda\/jak-200b-gen4-cuchara-de-energia-para-excavadora\/"},"modified":"2025-08-12T08:55:13","modified_gmt":"2025-08-12T05:55:13","slug":"jak-200b-gen4-cizalla-para-arboles-para-excavadora","status":"publish","type":"product","link":"https:\/\/jak.fi\/es\/productos\/cizalla-para-arboles-para-excavadoras\/jak-200b-gen4-cizalla-para-arboles-para-excavadora\/","title":{"rendered":"JAK-200B Cizallas para \u00e1rboles para excavadora 1,8-5t"},"content":{"rendered":"<h2><strong>\u00a1Las cizallas para \u00e1rboles JAK-200B pueden equiparse con el sistema hidr\u00e1ulico eBoost!<\/strong><\/h2>\n<p><span style=\"font-weight: 400;\">La JAK-200B GEN4 es una cizalla para \u00e1rboles r\u00e1pida, compacta y potente, dise\u00f1ada para su uso en excavadoras de entre 1,8 y 5 toneladas (4000 y 11000 lbs). El sistema hidr\u00e1ulico eBoost opcional aumenta la velocidad de la cuchara para \u00e1rboles hasta un 100% sin reducir la potencia. <\/span><span style=\"font-weight: 400;\"><br \/>\n<\/span><span style=\"font-weight: 400;\"><br \/>\n<\/span><span style=\"font-weight: 400;\">Gracias a su chasis actualizado, la cantidad de accesorios disponibles para la cizalla para \u00e1rboles JAK-200B GEN4 ha aumentado considerablemente. Su dise\u00f1o patentado con dos mand\u00edbulas garantiza un agarre firme y seguro del tronco del \u00e1rbol. Con esta cizalla, la tala de \u00e1rboles se realiza sin esfuerzo, incluso en troncos de hasta 200 mm de grosor. Adem\u00e1s, gracias a su cuchilla extra\u00edble, puedes utilizar la JAK-200B GEN4 como una garra convencional para madera. <\/span><span style=\"font-weight: 400;\"><br \/>\n<\/span><span style=\"font-weight: 400;\"><br \/>\n<\/span><span style=\"font-weight: 400;\">Utilizamos acero resistente al desgaste Hardox\u00ae de alta resistencia para una mayor durabilidad y fiabilidad en todas las situaciones y condiciones. La domesticidad y los materiales de calidad son la base de la cizalla para \u00e1rboles JAK-200B GEN4. <\/span><\/p>\n<div class=\"wp-block-button\"><a class=\"wp-block-button__link has-text-align-center wp-element-button\" href=\"https:\/\/jak.fi\/es\/gen4-jak-energy-grips-nuevas-actualizaciones-y-mejor-rendimiento\/\" target=\"_blank\" rel=\"noopener\">Leer m\u00e1s sobre GEN4 updates<\/a><\/div>\n<div><\/div>\n<p>&nbsp;<\/p>\n<p><strong>Clips<\/strong><\/p>\n<p>Los implementos m\u00e1s comunes de las excavadoras<\/p>\n<p>Bajo pedido seg\u00fan el tipo de m\u00e1quina solicitada por el cliente<\/p>\n","protected":false},"excerpt":{"rendered":"<ul>\n<li>Disponible con una l\u00ednea hidr\u00e1ulica opcional<\/li>\n<li>De acero Hardox\u00ae resistente al desgaste<\/li>\n<li>Certificaci\u00f3n CE<\/li>\n<li>Fabricado en Finlandia<\/li>\n<li>Cuchilla extra\u00edble<\/li>\n<\/ul>\n","protected":false},"featured_media":10227,"template":"","meta":{"_acf_changed":false},"product_brand":[],"product_cat":[582],"product_tag":[],"class_list":{"0":"post-5008","1":"product","2":"type-product","3":"status-publish","4":"has-post-thumbnail","6":"product_cat-cizalla-para-arboles-para-excavadoras","8":"first","9":"instock","10":"shipping-taxable","11":"product-type-simple"},"acf":[],"yoast_head":"<!-- This site is optimized with the Yoast SEO plugin v27.2 - https:\/\/yoast.com\/product\/yoast-seo-wordpress\/ -->\n<title>JAK-200B Cizallas para \u00e1rboles para excavadora 1,8-5t &#8211; JAK-Metalli Oy<\/title>\n<meta name=\"description\" content=\"Las cizallas para \u00e1rboles JAK-200B son r\u00e1pidas, compactas y eficaces. Est\u00e1 dise\u00f1ada para su uso en excavadoras de entre 1,8 y 5 toneladas.\" \/>\n<meta name=\"robots\" content=\"index, follow, max-snippet:-1, max-image-preview:large, max-video-preview:-1\" \/>\n<link rel=\"canonical\" href=\"https:\/\/jak.fi\/es\/productos\/cizalla-para-arboles-para-excavadoras\/jak-200b-gen4-cizalla-para-arboles-para-excavadora\/\" \/>\n<meta property=\"og:locale\" content=\"es_ES\" \/>\n<meta property=\"og:type\" content=\"article\" \/>\n<meta property=\"og:title\" content=\"JAK-200B Cizallas para \u00e1rboles para excavadora 1,8-5t &#8211; JAK-Metalli Oy\" \/>\n<meta property=\"og:description\" content=\"Las cizallas para \u00e1rboles JAK-200B son r\u00e1pidas, compactas y eficaces. Est\u00e1 dise\u00f1ada para su uso en excavadoras de entre 1,8 y 5 toneladas.\" \/>\n<meta property=\"og:url\" content=\"https:\/\/jak.fi\/es\/productos\/cizalla-para-arboles-para-excavadoras\/jak-200b-gen4-cizalla-para-arboles-para-excavadora\/\" \/>\n<meta property=\"og:site_name\" content=\"JAK-Metalli Oy\" \/>\n<meta property=\"article:publisher\" content=\"https:\/\/www.facebook.com\/jaktreeshears\" \/>\n<meta property=\"article:modified_time\" content=\"2025-08-12T05:55:13+00:00\" \/>\n<meta property=\"og:image\" content=\"https:\/\/jak.fi\/wp-content\/uploads\/2024\/05\/JAK-300B-tree-shear-right-frontside.png\" \/>\n\t<meta property=\"og:image:width\" content=\"1000\" \/>\n\t<meta property=\"og:image:height\" content=\"667\" \/>\n\t<meta property=\"og:image:type\" content=\"image\/png\" \/>\n<meta name=\"twitter:card\" content=\"summary_large_image\" \/>\n<meta name=\"twitter:label1\" content=\"Tiempo de lectura\" \/>\n\t<meta name=\"twitter:data1\" content=\"2 minuto\" \/>\n<script type=\"application\/ld+json\" class=\"yoast-schema-graph\">{\"@context\":\"https:\/\/schema.org\",\"@graph\":[{\"@type\":\"WebPage\",\"@id\":\"https:\/\/jak.fi\/es\/productos\/cizalla-para-arboles-para-excavadoras\/jak-200b-gen4-cizalla-para-arboles-para-excavadora\/\",\"url\":\"https:\/\/jak.fi\/es\/productos\/cizalla-para-arboles-para-excavadoras\/jak-200b-gen4-cizalla-para-arboles-para-excavadora\/\",\"name\":\"JAK-200B Cizallas para \u00e1rboles para excavadora 1,8-5t &#8211; JAK-Metalli Oy\",\"isPartOf\":{\"@id\":\"https:\/\/jak.fi\/es\/#website\"},\"primaryImageOfPage\":{\"@id\":\"https:\/\/jak.fi\/es\/productos\/cizalla-para-arboles-para-excavadoras\/jak-200b-gen4-cizalla-para-arboles-para-excavadora\/#primaryimage\"},\"image\":{\"@id\":\"https:\/\/jak.fi\/es\/productos\/cizalla-para-arboles-para-excavadoras\/jak-200b-gen4-cizalla-para-arboles-para-excavadora\/#primaryimage\"},\"thumbnailUrl\":\"https:\/\/jak.fi\/wp-content\/uploads\/2025\/06\/JAK-300B-GEN4-with-collector.webp\",\"datePublished\":\"2024-06-03T05:34:38+00:00\",\"dateModified\":\"2025-08-12T05:55:13+00:00\",\"description\":\"Las cizallas para \u00e1rboles JAK-200B son r\u00e1pidas, compactas y eficaces. Est\u00e1 dise\u00f1ada para su uso en excavadoras de entre 1,8 y 5 toneladas.\",\"breadcrumb\":{\"@id\":\"https:\/\/jak.fi\/es\/productos\/cizalla-para-arboles-para-excavadoras\/jak-200b-gen4-cizalla-para-arboles-para-excavadora\/#breadcrumb\"},\"inLanguage\":\"es\",\"potentialAction\":[{\"@type\":\"ReadAction\",\"target\":[\"https:\/\/jak.fi\/es\/productos\/cizalla-para-arboles-para-excavadoras\/jak-200b-gen4-cizalla-para-arboles-para-excavadora\/\"]}]},{\"@type\":\"ImageObject\",\"inLanguage\":\"es\",\"@id\":\"https:\/\/jak.fi\/es\/productos\/cizalla-para-arboles-para-excavadoras\/jak-200b-gen4-cizalla-para-arboles-para-excavadora\/#primaryimage\",\"url\":\"https:\/\/jak.fi\/wp-content\/uploads\/2025\/06\/JAK-300B-GEN4-with-collector.webp\",\"contentUrl\":\"https:\/\/jak.fi\/wp-content\/uploads\/2025\/06\/JAK-300B-GEN4-with-collector.webp\",\"width\":1000,\"height\":667},{\"@type\":\"BreadcrumbList\",\"@id\":\"https:\/\/jak.fi\/es\/productos\/cizalla-para-arboles-para-excavadoras\/jak-200b-gen4-cizalla-para-arboles-para-excavadora\/#breadcrumb\",\"itemListElement\":[{\"@type\":\"ListItem\",\"position\":1,\"name\":\"Etusivu\",\"item\":\"https:\/\/jak.fi\/es\/\"},{\"@type\":\"ListItem\",\"position\":2,\"name\":\"Productos\",\"item\":\"https:\/\/jak.fi\/es\/productos\/\"},{\"@type\":\"ListItem\",\"position\":3,\"name\":\"JAK-200B Cizallas para \u00e1rboles para excavadora 1,8-5t\"}]},{\"@type\":\"WebSite\",\"@id\":\"https:\/\/jak.fi\/es\/#website\",\"url\":\"https:\/\/jak.fi\/es\/\",\"name\":\"JAK-Metalli Oy\",\"description\":\"\",\"publisher\":{\"@id\":\"https:\/\/jak.fi\/es\/#organization\"},\"alternateName\":\"JAK Tree shears\",\"potentialAction\":[{\"@type\":\"SearchAction\",\"target\":{\"@type\":\"EntryPoint\",\"urlTemplate\":\"https:\/\/jak.fi\/es\/?s={search_term_string}\"},\"query-input\":{\"@type\":\"PropertyValueSpecification\",\"valueRequired\":true,\"valueName\":\"search_term_string\"}}],\"inLanguage\":\"es\"},{\"@type\":\"Organization\",\"@id\":\"https:\/\/jak.fi\/es\/#organization\",\"name\":\"JAK-Metalli Oy\",\"alternateName\":\"JAK Tree shears\",\"url\":\"https:\/\/jak.fi\/es\/\",\"logo\":{\"@type\":\"ImageObject\",\"inLanguage\":\"es\",\"@id\":\"https:\/\/jak.fi\/es\/#\/schema\/logo\/image\/\",\"url\":\"https:\/\/jak.fi\/wp-content\/uploads\/2024\/09\/JAK-logo-696x696-1.jpg\",\"contentUrl\":\"https:\/\/jak.fi\/wp-content\/uploads\/2024\/09\/JAK-logo-696x696-1.jpg\",\"width\":696,\"height\":696,\"caption\":\"JAK-Metalli Oy\"},\"image\":{\"@id\":\"https:\/\/jak.fi\/es\/#\/schema\/logo\/image\/\"},\"sameAs\":[\"https:\/\/www.facebook.com\/jaktreeshears\",\"https:\/\/www.instagram.com\/jaktreeshears\/\",\"https:\/\/www.youtube.com\/channel\/UCAwvaVhBBkPie8MeAGbdY1w\"]}]}<\/script>\n<!-- \/ Yoast SEO plugin. -->","yoast_head_json":{"title":"JAK-200B Cizallas para \u00e1rboles para excavadora 1,8-5t &#8211; JAK-Metalli Oy","description":"Las cizallas para \u00e1rboles JAK-200B son r\u00e1pidas, compactas y eficaces. Est\u00e1 dise\u00f1ada para su uso en excavadoras de entre 1,8 y 5 toneladas.","robots":{"index":"index","follow":"follow","max-snippet":"max-snippet:-1","max-image-preview":"max-image-preview:large","max-video-preview":"max-video-preview:-1"},"canonical":"https:\/\/jak.fi\/es\/productos\/cizalla-para-arboles-para-excavadoras\/jak-200b-gen4-cizalla-para-arboles-para-excavadora\/","og_locale":"es_ES","og_type":"article","og_title":"JAK-200B Cizallas para \u00e1rboles para excavadora 1,8-5t &#8211; JAK-Metalli Oy","og_description":"Las cizallas para \u00e1rboles JAK-200B son r\u00e1pidas, compactas y eficaces. Est\u00e1 dise\u00f1ada para su uso en excavadoras de entre 1,8 y 5 toneladas.","og_url":"https:\/\/jak.fi\/es\/productos\/cizalla-para-arboles-para-excavadoras\/jak-200b-gen4-cizalla-para-arboles-para-excavadora\/","og_site_name":"JAK-Metalli Oy","article_publisher":"https:\/\/www.facebook.com\/jaktreeshears","article_modified_time":"2025-08-12T05:55:13+00:00","og_image":[{"width":1000,"height":667,"url":"https:\/\/jak.fi\/wp-content\/uploads\/2024\/05\/JAK-300B-tree-shear-right-frontside.png","type":"image\/png"}],"twitter_card":"summary_large_image","twitter_misc":{"Tiempo de lectura":"2 minuto"},"schema":{"@context":"https:\/\/schema.org","@graph":[{"@type":"WebPage","@id":"https:\/\/jak.fi\/es\/productos\/cizalla-para-arboles-para-excavadoras\/jak-200b-gen4-cizalla-para-arboles-para-excavadora\/","url":"https:\/\/jak.fi\/es\/productos\/cizalla-para-arboles-para-excavadoras\/jak-200b-gen4-cizalla-para-arboles-para-excavadora\/","name":"JAK-200B Cizallas para \u00e1rboles para excavadora 1,8-5t &#8211; JAK-Metalli Oy","isPartOf":{"@id":"https:\/\/jak.fi\/es\/#website"},"primaryImageOfPage":{"@id":"https:\/\/jak.fi\/es\/productos\/cizalla-para-arboles-para-excavadoras\/jak-200b-gen4-cizalla-para-arboles-para-excavadora\/#primaryimage"},"image":{"@id":"https:\/\/jak.fi\/es\/productos\/cizalla-para-arboles-para-excavadoras\/jak-200b-gen4-cizalla-para-arboles-para-excavadora\/#primaryimage"},"thumbnailUrl":"https:\/\/jak.fi\/wp-content\/uploads\/2025\/06\/JAK-300B-GEN4-with-collector.webp","datePublished":"2024-06-03T05:34:38+00:00","dateModified":"2025-08-12T05:55:13+00:00","description":"Las cizallas para \u00e1rboles JAK-200B son r\u00e1pidas, compactas y eficaces. Est\u00e1 dise\u00f1ada para su uso en excavadoras de entre 1,8 y 5 toneladas.","breadcrumb":{"@id":"https:\/\/jak.fi\/es\/productos\/cizalla-para-arboles-para-excavadoras\/jak-200b-gen4-cizalla-para-arboles-para-excavadora\/#breadcrumb"},"inLanguage":"es","potentialAction":[{"@type":"ReadAction","target":["https:\/\/jak.fi\/es\/productos\/cizalla-para-arboles-para-excavadoras\/jak-200b-gen4-cizalla-para-arboles-para-excavadora\/"]}]},{"@type":"ImageObject","inLanguage":"es","@id":"https:\/\/jak.fi\/es\/productos\/cizalla-para-arboles-para-excavadoras\/jak-200b-gen4-cizalla-para-arboles-para-excavadora\/#primaryimage","url":"https:\/\/jak.fi\/wp-content\/uploads\/2025\/06\/JAK-300B-GEN4-with-collector.webp","contentUrl":"https:\/\/jak.fi\/wp-content\/uploads\/2025\/06\/JAK-300B-GEN4-with-collector.webp","width":1000,"height":667},{"@type":"BreadcrumbList","@id":"https:\/\/jak.fi\/es\/productos\/cizalla-para-arboles-para-excavadoras\/jak-200b-gen4-cizalla-para-arboles-para-excavadora\/#breadcrumb","itemListElement":[{"@type":"ListItem","position":1,"name":"Etusivu","item":"https:\/\/jak.fi\/es\/"},{"@type":"ListItem","position":2,"name":"Productos","item":"https:\/\/jak.fi\/es\/productos\/"},{"@type":"ListItem","position":3,"name":"JAK-200B Cizallas para \u00e1rboles para excavadora 1,8-5t"}]},{"@type":"WebSite","@id":"https:\/\/jak.fi\/es\/#website","url":"https:\/\/jak.fi\/es\/","name":"JAK-Metalli Oy","description":"","publisher":{"@id":"https:\/\/jak.fi\/es\/#organization"},"alternateName":"JAK Tree shears","potentialAction":[{"@type":"SearchAction","target":{"@type":"EntryPoint","urlTemplate":"https:\/\/jak.fi\/es\/?s={search_term_string}"},"query-input":{"@type":"PropertyValueSpecification","valueRequired":true,"valueName":"search_term_string"}}],"inLanguage":"es"},{"@type":"Organization","@id":"https:\/\/jak.fi\/es\/#organization","name":"JAK-Metalli Oy","alternateName":"JAK Tree shears","url":"https:\/\/jak.fi\/es\/","logo":{"@type":"ImageObject","inLanguage":"es","@id":"https:\/\/jak.fi\/es\/#\/schema\/logo\/image\/","url":"https:\/\/jak.fi\/wp-content\/uploads\/2024\/09\/JAK-logo-696x696-1.jpg","contentUrl":"https:\/\/jak.fi\/wp-content\/uploads\/2024\/09\/JAK-logo-696x696-1.jpg","width":696,"height":696,"caption":"JAK-Metalli Oy"},"image":{"@id":"https:\/\/jak.fi\/es\/#\/schema\/logo\/image\/"},"sameAs":["https:\/\/www.facebook.com\/jaktreeshears","https:\/\/www.instagram.com\/jaktreeshears\/","https:\/\/www.youtube.com\/channel\/UCAwvaVhBBkPie8MeAGbdY1w"]}]}},"_links":{"self":[{"href":"https:\/\/jak.fi\/es\/wp-json\/wp\/v2\/product\/5008","targetHints":{"allow":["GET"]}}],"collection":[{"href":"https:\/\/jak.fi\/es\/wp-json\/wp\/v2\/product"}],"about":[{"href":"https:\/\/jak.fi\/es\/wp-json\/wp\/v2\/types\/product"}],"wp:featuredmedia":[{"embeddable":true,"href":"https:\/\/jak.fi\/es\/wp-json\/wp\/v2\/media\/10227"}],"wp:attachment":[{"href":"https:\/\/jak.fi\/es\/wp-json\/wp\/v2\/media?parent=5008"}],"wp:term":[{"taxonomy":"product_brand","embeddable":true,"href":"https:\/\/jak.fi\/es\/wp-json\/wp\/v2\/product_brand?post=5008"},{"taxonomy":"product_cat","embeddable":true,"href":"https:\/\/jak.fi\/es\/wp-json\/wp\/v2\/product_cat?post=5008"},{"taxonomy":"product_tag","embeddable":true,"href":"https:\/\/jak.fi\/es\/wp-json\/wp\/v2\/product_tag?post=5008"}],"curies":[{"name":"wp","href":"https:\/\/api.w.org\/{rel}","templated":true}]}}