{"id":3744,"date":"2024-05-29T09:58:10","date_gmt":"2024-05-29T06:58:10","guid":{"rendered":"https:\/\/jak.fi\/grains-denergie-pour-tracteurs-et-machines-forestieres\/"},"modified":"2025-04-29T14:55:39","modified_gmt":"2025-04-29T11:55:39","slug":"grains-denergie-pour-tracteurs-et-machines-forestieres","status":"publish","type":"page","link":"https:\/\/jak.fi\/fr\/grains-denergie-pour-tracteurs-et-machines-forestieres\/","title":{"rendered":"Grappin coupeur d&rsquo;\u00e9nergie pour tracteur et machine foresti\u00e8re"},"content":{"rendered":"\n<h2 class=\"wp-block-heading has-text-align-center\">JAK Grappin coupeur pour tracteur, machine foresti\u00e8re ou grue<\/h2>\n\n<p class=\"has-text-align-center has-blue-color has-text-color has-link-color has-medium-font-size wp-elements-873784b44e33f15228ef7a7253bb8b37\">JAK-Metalli La gamme d&rsquo;Oy comprend des grappins coupeurs pour les tracteurs d&rsquo;abattage de bois et les machines foresti\u00e8res. Les grappins coupeurs sont l\u00e9gers et durables, ce qui les rend adapt\u00e9s \u00e0 un large \u00e9ventail d&rsquo;applications.   <\/p>\n\n<p class=\"has-text-align-center has-blue-color has-text-color has-link-color has-medium-font-size wp-elements-37f8bc55bb4588c597a81367f7437c0b\">Nos grappins coupeurs de bois \u00e9nergie sont con\u00e7us pour un usage professionnel intensif. Avec nos grappins \u00e0 bois \u00e9nergie pour tracteurs et machines foresti\u00e8res, vous pouvez d\u00e9gager les bordures de champs, les accotements et couper du bois \u00e9nergie sans effort, m\u00eame sur de grandes surfaces. Chaque grappin coupeur d&rsquo;\u00e9nergie JAK b\u00e9n\u00e9ficie d&rsquo;une garantie d&rsquo;usine de 24 mois.  <\/p>\n\n<hr class=\"wp-block-separator has-text-color has-red-color has-alpha-channel-opacity has-red-background-color has-background is-style-wide\"\/>\n\n<h2 class=\"wp-block-heading has-text-align-center\">Choisissez le grappin coupeur adapt\u00e9 \u00e0 la taille de votre machine <br\/><\/h2>\n<div class=\"woocommerce columns-4 \"><div class=\"col-12 col-md-6 col-lg-3 product\"  >\n\t<figure>\n\t\t<img loading=\"lazy\" decoding=\"async\" width=\"800\" height=\"540\" src=\"https:\/\/jak.fi\/wp-content\/uploads\/2025\/04\/JAK-250K-Pro-Tree-Shear-Web-10-800x540.png\" class=\"attachment-woocommerce_thumbnail size-woocommerce_thumbnail\" alt=\"JAK-250K Pro energy grappin coupeur pour tracteur ou machine foresti\u00e8re\" \/>\t\t\n\t\t<figcaption>\n\t\n\t\t\t<h3 class=\"\u201dwoocommerce-loop-product__title\u201d\">JAK-200K PRO Grappin coupeur<\/h3>\n\t\t\t\n\t\t\n\t\t\t\n\t\t\t<p class=\"has-blue-color\">Pour les tracteurs et les grues \u00e0 bois<\/p>\n\t\t\t\t\t\n\t\t\t<\/a>\t\t\t\t\t\n\t\t\t<a href=\"https:\/\/jak.fi\/fr\/produits\/grappin-coupeur-pour-tracteurs-et-machines-forestieres\/jak-200k-pro-grappin-coupeur-denergie\/\">D\u00e9couvrir le produit <i class=\"fa-solid fa-chevron-right\" aria-hidden=\"true\"><\/i><\/a>\n\t\t<\/figcaption>\t\t\t\t\t\t\t\n\t<\/figure>\n<\/div>\n<div class=\"col-12 col-md-6 col-lg-3 product\"  >\n\t<figure>\n\t\t<img loading=\"lazy\" decoding=\"async\" width=\"800\" height=\"540\" src=\"https:\/\/jak.fi\/wp-content\/uploads\/2025\/04\/JAK-250K-Pro-Tree-Shear-Web-10-800x540.png\" class=\"attachment-woocommerce_thumbnail size-woocommerce_thumbnail\" alt=\"JAK-250K Pro energy grappin coupeur pour tracteur ou machine foresti\u00e8re\" \/>\t\t\n\t\t<figcaption>\n\t\n\t\t\t<h3 class=\"\u201dwoocommerce-loop-product__title\u201d\">JAK-250K PRO Grappin coupeur<\/h3>\n\t\t\t\n\t\t\n\t\t\t\n\t\t\t<p class=\"has-blue-color\">Pour les machines foresti\u00e8res et les grands tracteurs<\/p>\n\t\t\t\t\t\n\t\t\t<\/a>\t\t\t\t\t\n\t\t\t<a href=\"https:\/\/jak.fi\/fr\/produits\/grappin-coupeur-pour-tracteurs-et-machines-forestieres\/jak-250k-pro-grappin-coupeur-denergie\/\">D\u00e9couvrir le produit <i class=\"fa-solid fa-chevron-right\" aria-hidden=\"true\"><\/i><\/a>\n\t\t<\/figcaption>\t\t\t\t\t\t\t\n\t<\/figure>\n<\/div>\n<div class=\"col-12 col-md-6 col-lg-3 product\"  >\n\t<figure>\n\t\t<img loading=\"lazy\" decoding=\"async\" width=\"800\" height=\"540\" src=\"https:\/\/jak.fi\/wp-content\/uploads\/2025\/04\/JAK-250K-Pro-Tree-Shear-Web-10-800x540.png\" class=\"attachment-woocommerce_thumbnail size-woocommerce_thumbnail\" alt=\"JAK-250K Pro energy grappin coupeur pour tracteur ou machine foresti\u00e8re\" \/>\t\t\n\t\t<figcaption>\n\t\n\t\t\t<h3 class=\"\u201dwoocommerce-loop-product__title\u201d\">JAK-300K PRO Grappin coupeur<\/h3>\n\t\t\t\n\t\t\n\t\t\t\n\t\t\t<p class=\"has-blue-color\">machine foresti\u00e8re<\/p>\n\t\t\t\t\t\n\t\t\t<\/a>\t\t\t\t\t\n\t\t\t<a href=\"https:\/\/jak.fi\/fr\/produits\/grappin-coupeur-pour-tracteurs-et-machines-forestieres\/jak-300k-pro-grappin-coupeur\/\">D\u00e9couvrir le produit <i class=\"fa-solid fa-chevron-right\" aria-hidden=\"true\"><\/i><\/a>\n\t\t<\/figcaption>\t\t\t\t\t\t\t\n\t<\/figure>\n<\/div>\n<div class=\"col-12 col-md-6 col-lg-3 product\"  >\n\t<figure>\n\t\t<img loading=\"lazy\" decoding=\"async\" width=\"800\" height=\"540\" src=\"https:\/\/jak.fi\/wp-content\/uploads\/2024\/05\/jak-200k-4-1-800x540.png\" class=\"attachment-woocommerce_thumbnail size-woocommerce_thumbnail\" alt=\"JAK-200K Grappin coupeur GEN4\" \/>\t\t\n\t\t<figcaption>\n\t\n\t\t\t<h3 class=\"\u201dwoocommerce-loop-product__title\u201d\">JAK-200K Grappin coupeur GEN4<\/h3>\n\t\t\t\n\t\t\n\t\t\t\n\t\t\t<p class=\"has-blue-color\">Pour petits tracteurs et grues de chargement de bois<\/p>\n\t\t\t\t\t\n\t\t\t<\/a>\t\t\t\t\t\n\t\t\t<a href=\"https:\/\/jak.fi\/fr\/produits\/grappin-coupeur-pour-tracteurs-et-machines-forestieres\/grappin-coupeur-jak-200k-gen4\/\">D\u00e9couvrir le produit <i class=\"fa-solid fa-chevron-right\" aria-hidden=\"true\"><\/i><\/a>\n\t\t<\/figcaption>\t\t\t\t\t\t\t\n\t<\/figure>\n<\/div>\n<div class=\"col-12 col-md-6 col-lg-3 product\"  >\n\t<figure>\n\t\t<img loading=\"lazy\" decoding=\"async\" width=\"800\" height=\"540\" src=\"https:\/\/jak.fi\/wp-content\/uploads\/2024\/06\/jak-250k-4-1-800x540.png\" class=\"attachment-woocommerce_thumbnail size-woocommerce_thumbnail\" alt=\"JAK-250K GEN4 grappin coupeur d&#039;\u00e9nergie pour machines foresti\u00e8res et tracteurs, efficace et durable, coupant des arbres de 250 mm d&#039;\u00e9paisseur.\" \/>\t\t\n\t\t<figcaption>\n\t\n\t\t\t<h3 class=\"\u201dwoocommerce-loop-product__title\u201d\">JAK-250K Grappin coupeur GEN4<\/h3>\n\t\t\t\n\t\t\n\t\t\t\n\t\t\t<p class=\"has-blue-color\">Pour les machines foresti\u00e8res et les grands tracteurs<\/p>\n\t\t\t\t\t\n\t\t\t<\/a>\t\t\t\t\t\n\t\t\t<a href=\"https:\/\/jak.fi\/fr\/produits\/grappin-coupeur-pour-tracteurs-et-machines-forestieres\/grappin-coupeur-jak-250k-gen4\/\">D\u00e9couvrir le produit <i class=\"fa-solid fa-chevron-right\" aria-hidden=\"true\"><\/i><\/a>\n\t\t<\/figcaption>\t\t\t\t\t\t\t\n\t<\/figure>\n<\/div>\n<\/div>\n\n<div style=\"height:100px\" aria-hidden=\"true\" class=\"wp-block-spacer\"><\/div>\n\n<figure class=\"wp-block-gallery has-nested-images columns-default is-cropped wp-block-gallery-1 is-layout-flex wp-block-gallery-is-layout-flex\">\n<figure class=\"wp-block-image size-large\"><img loading=\"lazy\" decoding=\"async\" width=\"1200\" height=\"841\" data-id=\"478\" src=\"https:\/\/jak.fi\/wp-content\/uploads\/2024\/05\/jak-200k-on-tractor-timber-loader-21-scaled-1-1200x841.jpg\" alt=\"Le grappin coupeur d'&#xE9;nergie JAK-250K est mont&#xE9; sur le chargeur de bois d'un tracteur, pour un abattage efficace des arbres dans les op&#xE9;rations foresti&#xE8;res.\" class=\"wp-image-478\" srcset=\"https:\/\/jak.fi\/wp-content\/uploads\/2024\/05\/jak-200k-on-tractor-timber-loader-21-scaled-1-1200x841.jpg 1200w, https:\/\/jak.fi\/wp-content\/uploads\/2024\/05\/jak-200k-on-tractor-timber-loader-21-scaled-1-700x490.jpg 700w, https:\/\/jak.fi\/wp-content\/uploads\/2024\/05\/jak-200k-on-tractor-timber-loader-21-scaled-1-768x538.jpg 768w, https:\/\/jak.fi\/wp-content\/uploads\/2024\/05\/jak-200k-on-tractor-timber-loader-21-scaled-1-1536x1076.jpg 1536w, https:\/\/jak.fi\/wp-content\/uploads\/2024\/05\/jak-200k-on-tractor-timber-loader-21-scaled-1-800x560.jpg 800w, https:\/\/jak.fi\/wp-content\/uploads\/2024\/05\/jak-200k-on-tractor-timber-loader-21-scaled-1.jpg 1920w\" sizes=\"auto, (max-width: 1200px) 100vw, 1200px\" \/><\/figure>\n\n\n\n<figure class=\"wp-block-image size-large\"><img loading=\"lazy\" decoding=\"async\" width=\"1200\" height=\"829\" data-id=\"508\" src=\"https:\/\/jak.fi\/wp-content\/uploads\/2024\/05\/jak-200k-on-tractor-timber-loader-24-scaled-1-1200x829.jpg\" alt=\"Le grappin coupeur d'&#xE9;nergie JAK-250K est mont&#xE9; sur le chargeur de bois d'un tracteur, pour un abattage efficace des arbres dans les op&#xE9;rations foresti&#xE8;res.\" class=\"wp-image-508\" srcset=\"https:\/\/jak.fi\/wp-content\/uploads\/2024\/05\/jak-200k-on-tractor-timber-loader-24-scaled-1-1200x829.jpg 1200w, https:\/\/jak.fi\/wp-content\/uploads\/2024\/05\/jak-200k-on-tractor-timber-loader-24-scaled-1-700x484.jpg 700w, https:\/\/jak.fi\/wp-content\/uploads\/2024\/05\/jak-200k-on-tractor-timber-loader-24-scaled-1-768x531.jpg 768w, https:\/\/jak.fi\/wp-content\/uploads\/2024\/05\/jak-200k-on-tractor-timber-loader-24-scaled-1-1536x1062.jpg 1536w, https:\/\/jak.fi\/wp-content\/uploads\/2024\/05\/jak-200k-on-tractor-timber-loader-24-scaled-1-800x553.jpg 800w, https:\/\/jak.fi\/wp-content\/uploads\/2024\/05\/jak-200k-on-tractor-timber-loader-24-scaled-1.jpg 1920w\" sizes=\"auto, (max-width: 1200px) 100vw, 1200px\" \/><\/figure>\n\n\n\n<figure class=\"wp-block-image size-large\"><img loading=\"lazy\" decoding=\"async\" width=\"1200\" height=\"756\" data-id=\"7121\" src=\"https:\/\/jak.fi\/wp-content\/uploads\/2025\/03\/jak-200k-on-tractor-timber-loader-14-scaled-1-1200x756.jpg\" alt=\"\" class=\"wp-image-7121\" srcset=\"https:\/\/jak.fi\/wp-content\/uploads\/2025\/03\/jak-200k-on-tractor-timber-loader-14-scaled-1-1200x756.jpg 1200w, https:\/\/jak.fi\/wp-content\/uploads\/2025\/03\/jak-200k-on-tractor-timber-loader-14-scaled-1-700x441.jpg 700w, https:\/\/jak.fi\/wp-content\/uploads\/2025\/03\/jak-200k-on-tractor-timber-loader-14-scaled-1-768x484.jpg 768w, https:\/\/jak.fi\/wp-content\/uploads\/2025\/03\/jak-200k-on-tractor-timber-loader-14-scaled-1-1536x968.jpg 1536w, https:\/\/jak.fi\/wp-content\/uploads\/2025\/03\/jak-200k-on-tractor-timber-loader-14-scaled-1-2048x1290.jpg 2048w, https:\/\/jak.fi\/wp-content\/uploads\/2025\/03\/jak-200k-on-tractor-timber-loader-14-scaled-1-800x504.jpg 800w\" sizes=\"auto, (max-width: 1200px) 100vw, 1200px\" \/><\/figure>\n<\/figure>\n\n<h2 class=\"wp-block-heading\">Grappin coupeur d&rsquo;\u00e9nergie JAK pour tracteur et machine foresti\u00e8re &#8211; une r\u00e9colte plus efficace et plus s\u00fbre<\/h2>\n\n<p>Le grappin coupeur JAK pour tracteurs et machines foresti\u00e8res apporte une efficacit\u00e9 et une facilit\u00e9 sans pr\u00e9c\u00e9dent au d\u00e9blaiement des arbres et des broussailles. Con\u00e7u pour une utilisation intensive, le grappin coupeur offre une large gamme de caract\u00e9ristiques de manutention des arbres. Que vous d\u00e9blayiez des bords de route, des lignes \u00e9lectriques, des voies ferr\u00e9es, des bordures de champs, des parcelles de terre ou des zones bois\u00e9es et paysag\u00e9es, le grappin coupeur rend le travail de d\u00e9broussaillage s\u00fbr et efficace.  <\/p>\n\n<p>Notre grappin coupeur est un outil puissant, rapide et extr\u00eamement durable, sur lequel de nombreux professionnels du secteur \u00e0 travers le monde comptent. Avec le grappin coupeur, l&rsquo;arbre peut \u00eatre coup\u00e9 facilement et pr\u00e9cis\u00e9ment \u00e0 l&rsquo;endroit souhait\u00e9, puis soulev\u00e9 pour \u00eatre transport\u00e9 \u00e0 l&rsquo;endroit voulu pour un traitement ult\u00e9rieur. Gr\u00e2ce \u00e0 la conception du grappin coupeur, le traitement et la coupe des arbres se font \u00e9galement parfaitement au sol.  <\/p>\n\n<p>L&rsquo;\u00e9limination des arbres avec le grappin coupeur est id\u00e9ale lorsqu&rsquo;il s&rsquo;agit de d\u00e9gager des arbres inadapt\u00e9s \u00e0 d&rsquo;autres usages, comme la vente de bois pour les besoins des centrales \u00e9nerg\u00e9tiques. Le grappin coupeur est \u00e9galement un excellent outil pour l&rsquo;\u00e9limination des arbres probl\u00e9matiques dans des endroits difficiles d&rsquo;acc\u00e8s, tels que pr\u00e8s des b\u00e2timents ou des parcs. Il est aussi utilis\u00e9 pour nettoyer les d\u00e9g\u00e2ts caus\u00e9s par des temp\u00eates ou des incendies.  <\/p>\n","protected":false},"excerpt":{"rendered":"<p>JAK Grappin coupeur pour tracteur, machine foresti\u00e8re ou grue JAK-Metalli La gamme d&rsquo;Oy comprend des grappins coupeurs pour les tracteurs d&rsquo;abattage de bois et les machines foresti\u00e8res. Les grappins coupeurs sont l\u00e9gers et durables, ce qui les rend adapt\u00e9s \u00e0 un large \u00e9ventail d&rsquo;applications. Nos grappins coupeurs de bois \u00e9nergie sont con\u00e7us pour un usage [&hellip;]<\/p>\n","protected":false},"author":1,"featured_media":3747,"parent":0,"menu_order":63,"comment_status":"closed","ping_status":"closed","template":"","meta":{"_acf_changed":false,"footnotes":""},"class_list":["post-3744","page","type-page","status-publish","has-post-thumbnail","hentry"],"acf":[],"yoast_head":"<!-- This site is optimized with the Yoast SEO plugin v27.2 - https:\/\/yoast.com\/product\/yoast-seo-wordpress\/ -->\n<title>Grappin coupeur d&#039;\u00e9nergie pour tracteur et machine foresti\u00e8re &#8211; JAK-Metalli Oy<\/title>\n<meta name=\"description\" content=\"Grappin coupeur pour tracteurs, machines foresti\u00e8res et grues - Les grappins coupeurs JAK offrent efficacit\u00e9 et durabilit\u00e9 pour les travaux exigeants.\" \/>\n<meta name=\"robots\" content=\"index, follow, max-snippet:-1, max-image-preview:large, max-video-preview:-1\" \/>\n<link rel=\"canonical\" href=\"https:\/\/jak.fi\/fr\/grains-denergie-pour-tracteurs-et-machines-forestieres\/\" \/>\n<meta property=\"og:locale\" content=\"fr_FR\" \/>\n<meta property=\"og:type\" content=\"article\" \/>\n<meta property=\"og:title\" content=\"Grappin coupeur d&#039;\u00e9nergie pour tracteur et machine foresti\u00e8re &#8211; JAK-Metalli Oy\" \/>\n<meta property=\"og:description\" content=\"Grappin coupeur pour tracteurs, machines foresti\u00e8res et grues - Les grappins coupeurs JAK offrent efficacit\u00e9 et durabilit\u00e9 pour les travaux exigeants.\" \/>\n<meta property=\"og:url\" content=\"https:\/\/jak.fi\/fr\/grains-denergie-pour-tracteurs-et-machines-forestieres\/\" \/>\n<meta property=\"og:site_name\" content=\"JAK-Metalli Oy\" \/>\n<meta property=\"article:publisher\" content=\"https:\/\/www.facebook.com\/jaktreeshears\" \/>\n<meta property=\"article:modified_time\" content=\"2025-04-29T11:55:39+00:00\" \/>\n<meta property=\"og:image\" content=\"https:\/\/jak.fi\/wp-content\/uploads\/2024\/06\/jak_ylakuva_traktorit.jpg\" \/>\n\t<meta property=\"og:image:width\" content=\"2240\" \/>\n\t<meta property=\"og:image:height\" content=\"700\" \/>\n\t<meta property=\"og:image:type\" content=\"image\/jpeg\" \/>\n<meta name=\"twitter:card\" content=\"summary_large_image\" \/>\n<meta name=\"twitter:label1\" content=\"Dur\u00e9e de lecture estim\u00e9e\" \/>\n\t<meta name=\"twitter:data1\" content=\"2 minutes\" \/>\n<script type=\"application\/ld+json\" class=\"yoast-schema-graph\">{\"@context\":\"https:\/\/schema.org\",\"@graph\":[{\"@type\":\"WebPage\",\"@id\":\"https:\/\/jak.fi\/fr\/grains-denergie-pour-tracteurs-et-machines-forestieres\/\",\"url\":\"https:\/\/jak.fi\/fr\/grains-denergie-pour-tracteurs-et-machines-forestieres\/\",\"name\":\"Grappin coupeur d'\u00e9nergie pour tracteur et machine foresti\u00e8re &#8211; JAK-Metalli Oy\",\"isPartOf\":{\"@id\":\"https:\/\/jak.fi\/fr\/#website\"},\"primaryImageOfPage\":{\"@id\":\"https:\/\/jak.fi\/fr\/grains-denergie-pour-tracteurs-et-machines-forestieres\/#primaryimage\"},\"image\":{\"@id\":\"https:\/\/jak.fi\/fr\/grains-denergie-pour-tracteurs-et-machines-forestieres\/#primaryimage\"},\"thumbnailUrl\":\"https:\/\/jak.fi\/wp-content\/uploads\/2024\/06\/jak_ylakuva_traktorit.jpg\",\"datePublished\":\"2024-05-29T06:58:10+00:00\",\"dateModified\":\"2025-04-29T11:55:39+00:00\",\"description\":\"Grappin coupeur pour tracteurs, machines foresti\u00e8res et grues - Les grappins coupeurs JAK offrent efficacit\u00e9 et durabilit\u00e9 pour les travaux exigeants.\",\"breadcrumb\":{\"@id\":\"https:\/\/jak.fi\/fr\/grains-denergie-pour-tracteurs-et-machines-forestieres\/#breadcrumb\"},\"inLanguage\":\"fr-FR\",\"potentialAction\":[{\"@type\":\"ReadAction\",\"target\":[\"https:\/\/jak.fi\/fr\/grains-denergie-pour-tracteurs-et-machines-forestieres\/\"]}]},{\"@type\":\"ImageObject\",\"inLanguage\":\"fr-FR\",\"@id\":\"https:\/\/jak.fi\/fr\/grains-denergie-pour-tracteurs-et-machines-forestieres\/#primaryimage\",\"url\":\"https:\/\/jak.fi\/wp-content\/uploads\/2024\/06\/jak_ylakuva_traktorit.jpg\",\"contentUrl\":\"https:\/\/jak.fi\/wp-content\/uploads\/2024\/06\/jak_ylakuva_traktorit.jpg\",\"width\":2240,\"height\":700,\"caption\":\"Le grappin coupeur JAK est fix\u00e9 au chargeur de bois du tracteur, pr\u00eat \u00e0 manipuler et \u00e0 d\u00e9gager les arbres.\"},{\"@type\":\"BreadcrumbList\",\"@id\":\"https:\/\/jak.fi\/fr\/grains-denergie-pour-tracteurs-et-machines-forestieres\/#breadcrumb\",\"itemListElement\":[{\"@type\":\"ListItem\",\"position\":1,\"name\":\"Etusivu\",\"item\":\"https:\/\/jak.fi\/fr\/\"},{\"@type\":\"ListItem\",\"position\":2,\"name\":\"Grappin coupeur d&rsquo;\u00e9nergie pour tracteur et machine foresti\u00e8re\"}]},{\"@type\":\"WebSite\",\"@id\":\"https:\/\/jak.fi\/fr\/#website\",\"url\":\"https:\/\/jak.fi\/fr\/\",\"name\":\"JAK-Metalli Oy\",\"description\":\"\",\"publisher\":{\"@id\":\"https:\/\/jak.fi\/fr\/#organization\"},\"alternateName\":\"JAK Tree shears\",\"potentialAction\":[{\"@type\":\"SearchAction\",\"target\":{\"@type\":\"EntryPoint\",\"urlTemplate\":\"https:\/\/jak.fi\/fr\/?s={search_term_string}\"},\"query-input\":{\"@type\":\"PropertyValueSpecification\",\"valueRequired\":true,\"valueName\":\"search_term_string\"}}],\"inLanguage\":\"fr-FR\"},{\"@type\":\"Organization\",\"@id\":\"https:\/\/jak.fi\/fr\/#organization\",\"name\":\"JAK-Metalli Oy\",\"alternateName\":\"JAK Tree shears\",\"url\":\"https:\/\/jak.fi\/fr\/\",\"logo\":{\"@type\":\"ImageObject\",\"inLanguage\":\"fr-FR\",\"@id\":\"https:\/\/jak.fi\/fr\/#\/schema\/logo\/image\/\",\"url\":\"https:\/\/jak.fi\/wp-content\/uploads\/2024\/09\/JAK-logo-696x696-1.jpg\",\"contentUrl\":\"https:\/\/jak.fi\/wp-content\/uploads\/2024\/09\/JAK-logo-696x696-1.jpg\",\"width\":696,\"height\":696,\"caption\":\"JAK-Metalli Oy\"},\"image\":{\"@id\":\"https:\/\/jak.fi\/fr\/#\/schema\/logo\/image\/\"},\"sameAs\":[\"https:\/\/www.facebook.com\/jaktreeshears\",\"https:\/\/www.instagram.com\/jaktreeshears\/\",\"https:\/\/www.youtube.com\/channel\/UCAwvaVhBBkPie8MeAGbdY1w\"]}]}<\/script>\n<!-- \/ Yoast SEO plugin. -->","yoast_head_json":{"title":"Grappin coupeur d'\u00e9nergie pour tracteur et machine foresti\u00e8re &#8211; JAK-Metalli Oy","description":"Grappin coupeur pour tracteurs, machines foresti\u00e8res et grues - Les grappins coupeurs JAK offrent efficacit\u00e9 et durabilit\u00e9 pour les travaux exigeants.","robots":{"index":"index","follow":"follow","max-snippet":"max-snippet:-1","max-image-preview":"max-image-preview:large","max-video-preview":"max-video-preview:-1"},"canonical":"https:\/\/jak.fi\/fr\/grains-denergie-pour-tracteurs-et-machines-forestieres\/","og_locale":"fr_FR","og_type":"article","og_title":"Grappin coupeur d'\u00e9nergie pour tracteur et machine foresti\u00e8re &#8211; JAK-Metalli Oy","og_description":"Grappin coupeur pour tracteurs, machines foresti\u00e8res et grues - Les grappins coupeurs JAK offrent efficacit\u00e9 et durabilit\u00e9 pour les travaux exigeants.","og_url":"https:\/\/jak.fi\/fr\/grains-denergie-pour-tracteurs-et-machines-forestieres\/","og_site_name":"JAK-Metalli Oy","article_publisher":"https:\/\/www.facebook.com\/jaktreeshears","article_modified_time":"2025-04-29T11:55:39+00:00","og_image":[{"width":2240,"height":700,"url":"https:\/\/jak.fi\/wp-content\/uploads\/2024\/06\/jak_ylakuva_traktorit.jpg","type":"image\/jpeg"}],"twitter_card":"summary_large_image","twitter_misc":{"Dur\u00e9e de lecture estim\u00e9e":"2 minutes"},"schema":{"@context":"https:\/\/schema.org","@graph":[{"@type":"WebPage","@id":"https:\/\/jak.fi\/fr\/grains-denergie-pour-tracteurs-et-machines-forestieres\/","url":"https:\/\/jak.fi\/fr\/grains-denergie-pour-tracteurs-et-machines-forestieres\/","name":"Grappin coupeur d'\u00e9nergie pour tracteur et machine foresti\u00e8re &#8211; JAK-Metalli Oy","isPartOf":{"@id":"https:\/\/jak.fi\/fr\/#website"},"primaryImageOfPage":{"@id":"https:\/\/jak.fi\/fr\/grains-denergie-pour-tracteurs-et-machines-forestieres\/#primaryimage"},"image":{"@id":"https:\/\/jak.fi\/fr\/grains-denergie-pour-tracteurs-et-machines-forestieres\/#primaryimage"},"thumbnailUrl":"https:\/\/jak.fi\/wp-content\/uploads\/2024\/06\/jak_ylakuva_traktorit.jpg","datePublished":"2024-05-29T06:58:10+00:00","dateModified":"2025-04-29T11:55:39+00:00","description":"Grappin coupeur pour tracteurs, machines foresti\u00e8res et grues - Les grappins coupeurs JAK offrent efficacit\u00e9 et durabilit\u00e9 pour les travaux exigeants.","breadcrumb":{"@id":"https:\/\/jak.fi\/fr\/grains-denergie-pour-tracteurs-et-machines-forestieres\/#breadcrumb"},"inLanguage":"fr-FR","potentialAction":[{"@type":"ReadAction","target":["https:\/\/jak.fi\/fr\/grains-denergie-pour-tracteurs-et-machines-forestieres\/"]}]},{"@type":"ImageObject","inLanguage":"fr-FR","@id":"https:\/\/jak.fi\/fr\/grains-denergie-pour-tracteurs-et-machines-forestieres\/#primaryimage","url":"https:\/\/jak.fi\/wp-content\/uploads\/2024\/06\/jak_ylakuva_traktorit.jpg","contentUrl":"https:\/\/jak.fi\/wp-content\/uploads\/2024\/06\/jak_ylakuva_traktorit.jpg","width":2240,"height":700,"caption":"Le grappin coupeur JAK est fix\u00e9 au chargeur de bois du tracteur, pr\u00eat \u00e0 manipuler et \u00e0 d\u00e9gager les arbres."},{"@type":"BreadcrumbList","@id":"https:\/\/jak.fi\/fr\/grains-denergie-pour-tracteurs-et-machines-forestieres\/#breadcrumb","itemListElement":[{"@type":"ListItem","position":1,"name":"Etusivu","item":"https:\/\/jak.fi\/fr\/"},{"@type":"ListItem","position":2,"name":"Grappin coupeur d&rsquo;\u00e9nergie pour tracteur et machine foresti\u00e8re"}]},{"@type":"WebSite","@id":"https:\/\/jak.fi\/fr\/#website","url":"https:\/\/jak.fi\/fr\/","name":"JAK-Metalli Oy","description":"","publisher":{"@id":"https:\/\/jak.fi\/fr\/#organization"},"alternateName":"JAK Tree shears","potentialAction":[{"@type":"SearchAction","target":{"@type":"EntryPoint","urlTemplate":"https:\/\/jak.fi\/fr\/?s={search_term_string}"},"query-input":{"@type":"PropertyValueSpecification","valueRequired":true,"valueName":"search_term_string"}}],"inLanguage":"fr-FR"},{"@type":"Organization","@id":"https:\/\/jak.fi\/fr\/#organization","name":"JAK-Metalli Oy","alternateName":"JAK Tree shears","url":"https:\/\/jak.fi\/fr\/","logo":{"@type":"ImageObject","inLanguage":"fr-FR","@id":"https:\/\/jak.fi\/fr\/#\/schema\/logo\/image\/","url":"https:\/\/jak.fi\/wp-content\/uploads\/2024\/09\/JAK-logo-696x696-1.jpg","contentUrl":"https:\/\/jak.fi\/wp-content\/uploads\/2024\/09\/JAK-logo-696x696-1.jpg","width":696,"height":696,"caption":"JAK-Metalli Oy"},"image":{"@id":"https:\/\/jak.fi\/fr\/#\/schema\/logo\/image\/"},"sameAs":["https:\/\/www.facebook.com\/jaktreeshears","https:\/\/www.instagram.com\/jaktreeshears\/","https:\/\/www.youtube.com\/channel\/UCAwvaVhBBkPie8MeAGbdY1w"]}]}},"_links":{"self":[{"href":"https:\/\/jak.fi\/fr\/wp-json\/wp\/v2\/pages\/3744","targetHints":{"allow":["GET"]}}],"collection":[{"href":"https:\/\/jak.fi\/fr\/wp-json\/wp\/v2\/pages"}],"about":[{"href":"https:\/\/jak.fi\/fr\/wp-json\/wp\/v2\/types\/page"}],"author":[{"embeddable":true,"href":"https:\/\/jak.fi\/fr\/wp-json\/wp\/v2\/users\/1"}],"replies":[{"embeddable":true,"href":"https:\/\/jak.fi\/fr\/wp-json\/wp\/v2\/comments?post=3744"}],"version-history":[{"count":9,"href":"https:\/\/jak.fi\/fr\/wp-json\/wp\/v2\/pages\/3744\/revisions"}],"predecessor-version":[{"id":8361,"href":"https:\/\/jak.fi\/fr\/wp-json\/wp\/v2\/pages\/3744\/revisions\/8361"}],"wp:featuredmedia":[{"embeddable":true,"href":"https:\/\/jak.fi\/fr\/wp-json\/wp\/v2\/media\/3747"}],"wp:attachment":[{"href":"https:\/\/jak.fi\/fr\/wp-json\/wp\/v2\/media?parent=3744"}],"curies":[{"name":"wp","href":"https:\/\/api.w.org\/{rel}","templated":true}]}}