{"id":3754,"date":"2024-05-29T10:01:47","date_gmt":"2024-05-29T07:01:47","guid":{"rendered":"https:\/\/jak.fi\/grappins-denergie-pour-chargeurs-et-reachers\/"},"modified":"2025-04-01T09:57:37","modified_gmt":"2025-04-01T06:57:37","slug":"grappins-denergie-pour-chargeurs-et-reachers","status":"publish","type":"page","link":"https:\/\/jak.fi\/fr\/grappins-denergie-pour-chargeurs-et-reachers\/","title":{"rendered":"Grappin coupeur pour chargeurs et chariot t\u00e9lescopique"},"content":{"rendered":"\n<h2 class=\"wp-block-heading has-text-align-center\">Grappins coupeurs JAK pour chargeurs et chariots t\u00e9lescopiques de diff\u00e9rentes tailles<\/h2>\n\n<p class=\"has-text-align-center\">Le grappin coupeur JAK est l\u2019accessoire parfait pour les chargeurs et les chariots t\u00e9lescopiques. Les grappins coupeurs de la s\u00e9rie R, \u00e9quip\u00e9s d\u2019un attelage adapt\u00e9 aux chargeurs et aux chariots t\u00e9lescopiques, sont con\u00e7us pour un usage professionnel intensif et b\u00e9n\u00e9ficient d\u2019une garantie usine compl\u00e8te de deux ans. <\/p>\n\n<p class=\"has-text-align-center\">Nos grappins coupeurs pour chargeurs et chariots t\u00e9lescopiques peuvent \u00eatre \u00e9quip\u00e9s de tous les syst\u00e8mes d\u2019attelage couramment utilis\u00e9s pour ces machines.<\/p>\n\n<hr class=\"wp-block-separator has-text-color has-red-color has-alpha-channel-opacity has-red-background-color has-background is-style-wide\"\/>\n\n<h2 class=\"wp-block-heading has-text-align-center\">Choisissez le grappin coupeur adapt\u00e9 \u00e0 la taille de votre machine <br\/><\/h2>\n<div class=\"woocommerce columns-4 \"><div class=\"col-12 col-md-6 col-lg-3 product\"  >\n\t<figure>\n\t\t<img loading=\"lazy\" decoding=\"async\" width=\"800\" height=\"540\" src=\"https:\/\/jak.fi\/wp-content\/uploads\/2024\/06\/jak-200r-tree-shear-for-wheel-loaders-and-telehandlers-front-right-view-1-800x540.png\" class=\"attachment-woocommerce_thumbnail size-woocommerce_thumbnail\" alt=\"JAK-200R Grappin coupeur GEN4 pour chargeuse sur pneus et chariot t\u00e9lescopique\" \/>\t\t\n\t\t<figcaption>\n\t\n\t\t\t<h3 class=\"\u201dwoocommerce-loop-product__title\u201d\">JAK-200R Grappin coupeur GEN4 pour chargeuse sur pneus et chariot t\u00e9lescopique<\/h3>\n\t\t\t\n\t\t\n\t\t\t\n\t\t\t<p class=\"has-blue-color\">Chargeurs de 1,3 \u00e0 2,5 tonnes (2866-5511 lbs)<br \/>\nT\u00e9lescopiques avec capacit\u00e9 de levage de 450 kg (992 lbs)<\/p>\n\t\t\t\t\t\n\t\t\t<\/a>\t\t\t\t\t\n\t\t\t<a href=\"https:\/\/jak.fi\/fr\/produits\/grappin-coupeur-pour-chargeurs-et-chariot-telescopique\/jak-200r-gen4-grappin-coupeur-pour-chargeur-et-telescopique\/\">D\u00e9couvrir le produit <i class=\"fa-solid fa-chevron-right\" aria-hidden=\"true\"><\/i><\/a>\n\t\t<\/figcaption>\t\t\t\t\t\t\t\n\t<\/figure>\n<\/div>\n<div class=\"col-12 col-md-6 col-lg-3 product\"  >\n\t<figure>\n\t\t<img loading=\"lazy\" decoding=\"async\" width=\"800\" height=\"540\" src=\"https:\/\/jak.fi\/wp-content\/uploads\/2024\/06\/jak-250r-tree-shear-for-wheel-loaders-and-telehandlers-front-right-view-1-800x540.png\" class=\"attachment-woocommerce_thumbnail size-woocommerce_thumbnail\" alt=\"JAK-250R Grappin coupeur GEN4 pour chargeuse et chariot t\u00e9lescopique\" \/>\t\t\n\t\t<figcaption>\n\t\n\t\t\t<h3 class=\"\u201dwoocommerce-loop-product__title\u201d\">JAK-250R Grappin coupeur GEN4 pour chargeuse et chariot t\u00e9lescopique<\/h3>\n\t\t\t\n\t\t\n\t\t\t\n\t\t\t<p class=\"has-blue-color\">Chargeurs 3\u20136 tonnes (6613\u201313227 lbs)<br \/>\nChariots t\u00e9lescopiques 900 kg de capacit\u00e9 de levage (1984 lbs)<\/p>\n\t\t\t\t\t\n\t\t\t<\/a>\t\t\t\t\t\n\t\t\t<a href=\"https:\/\/jak.fi\/fr\/produits\/grappin-coupeur-pour-chargeurs-et-chariot-telescopique\/jak-250r-gen4-grappin-coupeur-pour-chargeur-et-telescopique\/\">D\u00e9couvrir le produit <i class=\"fa-solid fa-chevron-right\" aria-hidden=\"true\"><\/i><\/a>\n\t\t<\/figcaption>\t\t\t\t\t\t\t\n\t<\/figure>\n<\/div>\n<div class=\"col-12 col-md-6 col-lg-3 product\"  >\n\t<figure>\n\t\t<img loading=\"lazy\" decoding=\"async\" width=\"800\" height=\"540\" src=\"https:\/\/jak.fi\/wp-content\/uploads\/2024\/05\/jak-300r-tree-shear-for-wheel-loader-and-telehandler-front-right-view-1-800x540.png\" class=\"attachment-woocommerce_thumbnail size-woocommerce_thumbnail\" alt=\"JAK-300R Grappin coupeur GEN4 pour chargeuse et chariot t\u00e9lescopique\" \/>\t\t\n\t\t<figcaption>\n\t\n\t\t\t<h3 class=\"\u201dwoocommerce-loop-product__title\u201d\">JAK-300R Grappin coupeur GEN4 pour chargeuse et chariot t\u00e9lescopique<\/h3>\n\t\t\t\n\t\t\n\t\t\t\n\t\t\t<p class=\"has-blue-color\">Chargeurs de 6 \u00e0 21 tonnes<br \/>\nT\u00e9lescopiques avec une capacit\u00e9 de levage de 1300 kg<\/p>\n\t\t\t\t\t\n\t\t\t<\/a>\t\t\t\t\t\n\t\t\t<a href=\"https:\/\/jak.fi\/fr\/produits\/grappin-coupeur-pour-chargeurs-et-chariot-telescopique\/jak-300r-gen4-grappin-coupeur-pour-chargeur-et-telescopique\/\">D\u00e9couvrir le produit <i class=\"fa-solid fa-chevron-right\" aria-hidden=\"true\"><\/i><\/a>\n\t\t<\/figcaption>\t\t\t\t\t\t\t\n\t<\/figure>\n<\/div>\n<\/div>\n\n<figure class=\"wp-block-gallery has-nested-images columns-default is-cropped wp-block-gallery-1 is-layout-flex wp-block-gallery-is-layout-flex\">\n<figure class=\"wp-block-image size-large\"><img loading=\"lazy\" decoding=\"async\" width=\"1200\" height=\"823\" data-id=\"476\" src=\"https:\/\/jak.fi\/wp-content\/uploads\/2024\/05\/jak-200r-with-rotator-in-avant-loader-3-scaled-1-1200x823.jpg\" alt=\"La grappin coupeur d'&#xE9;nergie JAK-200R est fix&#xE9; &#xE0; une chargeuse sur pneus Avant, pour un abattage efficace des arbres dans les op&#xE9;rations foresti&#xE8;res.\" class=\"wp-image-476\" srcset=\"https:\/\/jak.fi\/wp-content\/uploads\/2024\/05\/jak-200r-with-rotator-in-avant-loader-3-scaled-1-1200x823.jpg 1200w, https:\/\/jak.fi\/wp-content\/uploads\/2024\/05\/jak-200r-with-rotator-in-avant-loader-3-scaled-1-700x480.jpg 700w, https:\/\/jak.fi\/wp-content\/uploads\/2024\/05\/jak-200r-with-rotator-in-avant-loader-3-scaled-1-768x526.jpg 768w, https:\/\/jak.fi\/wp-content\/uploads\/2024\/05\/jak-200r-with-rotator-in-avant-loader-3-scaled-1-1536x1053.jpg 1536w, https:\/\/jak.fi\/wp-content\/uploads\/2024\/05\/jak-200r-with-rotator-in-avant-loader-3-scaled-1-800x548.jpg 800w, https:\/\/jak.fi\/wp-content\/uploads\/2024\/05\/jak-200r-with-rotator-in-avant-loader-3-scaled-1.jpg 1920w\" sizes=\"auto, (max-width: 1200px) 100vw, 1200px\" \/><\/figure>\n\n\n\n<figure class=\"wp-block-image size-large\"><img loading=\"lazy\" decoding=\"async\" width=\"1200\" height=\"854\" data-id=\"505\" src=\"https:\/\/jak.fi\/wp-content\/uploads\/2024\/05\/jak-200r-with-rotator-in-avant-loader-22-scaled-1-1200x854.jpg\" alt=\"La grappin coupeur d'&#xE9;nergie JAK-200R est fix&#xE9; &#xE0; une chargeuse sur pneus Avant, pour un abattage efficace des arbres dans les op&#xE9;rations foresti&#xE8;res.\" class=\"wp-image-505\" srcset=\"https:\/\/jak.fi\/wp-content\/uploads\/2024\/05\/jak-200r-with-rotator-in-avant-loader-22-scaled-1-1200x854.jpg 1200w, https:\/\/jak.fi\/wp-content\/uploads\/2024\/05\/jak-200r-with-rotator-in-avant-loader-22-scaled-1-700x498.jpg 700w, https:\/\/jak.fi\/wp-content\/uploads\/2024\/05\/jak-200r-with-rotator-in-avant-loader-22-scaled-1-768x547.jpg 768w, https:\/\/jak.fi\/wp-content\/uploads\/2024\/05\/jak-200r-with-rotator-in-avant-loader-22-scaled-1-1536x1094.jpg 1536w, https:\/\/jak.fi\/wp-content\/uploads\/2024\/05\/jak-200r-with-rotator-in-avant-loader-22-scaled-1-800x570.jpg 800w, https:\/\/jak.fi\/wp-content\/uploads\/2024\/05\/jak-200r-with-rotator-in-avant-loader-22-scaled-1.jpg 1920w\" sizes=\"auto, (max-width: 1200px) 100vw, 1200px\" \/><\/figure>\n\n\n\n<figure class=\"wp-block-image size-large\"><img loading=\"lazy\" decoding=\"async\" width=\"1200\" height=\"838\" data-id=\"7085\" src=\"https:\/\/jak.fi\/wp-content\/uploads\/2025\/03\/jak-250r-with-rotator-in-telehandler-55-scaled-1-1200x838.jpg\" alt=\"Le grappin coupeur d'&#xE9;nergie JAK-250R, con&#xE7;u pour les chargeuses sur pneus et les chariots t&#xE9;lescopiques, permet d'abattre efficacement les arbres et de manipuler les branches, tout en offrant des performances fiables.\" class=\"wp-image-7085\" srcset=\"https:\/\/jak.fi\/wp-content\/uploads\/2025\/03\/jak-250r-with-rotator-in-telehandler-55-scaled-1-1200x838.jpg 1200w, https:\/\/jak.fi\/wp-content\/uploads\/2025\/03\/jak-250r-with-rotator-in-telehandler-55-scaled-1-700x489.jpg 700w, https:\/\/jak.fi\/wp-content\/uploads\/2025\/03\/jak-250r-with-rotator-in-telehandler-55-scaled-1-768x536.jpg 768w, https:\/\/jak.fi\/wp-content\/uploads\/2025\/03\/jak-250r-with-rotator-in-telehandler-55-scaled-1-1536x1073.jpg 1536w, https:\/\/jak.fi\/wp-content\/uploads\/2025\/03\/jak-250r-with-rotator-in-telehandler-55-scaled-1-2048x1430.jpg 2048w, https:\/\/jak.fi\/wp-content\/uploads\/2025\/03\/jak-250r-with-rotator-in-telehandler-55-scaled-1-800x559.jpg 800w\" sizes=\"auto, (max-width: 1200px) 100vw, 1200px\" \/><\/figure>\n<\/figure>\n\n<h2 class=\"wp-block-heading has-text-align-center\">Des solutions efficaces, durables et polyvalentes pour le d\u00e9blaiement des arbres<\/h2>\n\n<p>Le grappin coupeur d&rsquo;\u00e9nergie JAK apporte une efficacit\u00e9 et une facilit\u00e9 sans pr\u00e9c\u00e9dent au d\u00e9blaiement des arbres et des arbustes. Con\u00e7u pour un usage intensif, le grappin offre une large gamme de fonctions de manutention des arbres. Qu&rsquo;il s&rsquo;agisse de d\u00e9blayer des bords de route, des lignes \u00e9lectriques, des voies ferr\u00e9es, des bordures de champs, des parcelles de terrain ou des zones bois\u00e9es et paysag\u00e9es, nos produits rendent le travail s\u00fbr et efficace.  <\/p>\n\n<p>Nos produits sont des outils puissants, rapides et extr\u00eamement durables auxquels les professionnels du monde entier font confiance. Ils vous permettent de couper les arbres facilement et avec pr\u00e9cision \u00e0 l&rsquo;endroit voulu, puis de soulever l&rsquo;arbre jusqu&rsquo;\u00e0 l&rsquo;endroit souhait\u00e9 pour la suite du traitement. Leur conception permet \u00e9galement une excellente manipulation et une coupe au sol.  <\/p>\n\n<p>Le grappin coupeur est particuli\u00e8rement efficace pour \u00e9claircir les arbres qui ne conviennent pas \u00e0 d&rsquo;autres usages mais qui sont vendus pour la production d&rsquo;\u00e9nergie, par exemple. C&rsquo;est \u00e9galement un excellent outil pour \u00e9liminer les arbres \u00e0 probl\u00e8mes dans les endroits difficiles, comme pr\u00e8s des b\u00e2timents ou dans les parcs. Elle est \u00e9galement utilis\u00e9e pour r\u00e9parer les d\u00e9g\u00e2ts caus\u00e9s par les temp\u00eates et les incendies.  <\/p>\n\n<div style=\"height:100px\" aria-hidden=\"true\" class=\"wp-block-spacer\"><\/div>\n\n<figure class=\"wp-block-image size-large\"><img loading=\"lazy\" decoding=\"async\" width=\"1200\" height=\"800\" src=\"https:\/\/jak.fi\/wp-content\/uploads\/2024\/05\/jak-250r-with-rotator-in-telehandler-25-scaled-1-1200x800.jpg\" alt=\"Le grappin coupeur JAK-250R est fix&#xE9; au reacher, pr&#xEA;t pour une manipulation et un d&#xE9;blayage efficaces du bois.\" class=\"wp-image-493\" srcset=\"https:\/\/jak.fi\/wp-content\/uploads\/2024\/05\/jak-250r-with-rotator-in-telehandler-25-scaled-1-1200x800.jpg 1200w, https:\/\/jak.fi\/wp-content\/uploads\/2024\/05\/jak-250r-with-rotator-in-telehandler-25-scaled-1-700x467.jpg 700w, https:\/\/jak.fi\/wp-content\/uploads\/2024\/05\/jak-250r-with-rotator-in-telehandler-25-scaled-1-768x512.jpg 768w, https:\/\/jak.fi\/wp-content\/uploads\/2024\/05\/jak-250r-with-rotator-in-telehandler-25-scaled-1-1536x1024.jpg 1536w, https:\/\/jak.fi\/wp-content\/uploads\/2024\/05\/jak-250r-with-rotator-in-telehandler-25-scaled-1-800x533.jpg 800w, https:\/\/jak.fi\/wp-content\/uploads\/2024\/05\/jak-250r-with-rotator-in-telehandler-25-scaled-1.jpg 1920w\" sizes=\"auto, (max-width: 1200px) 100vw, 1200px\" \/><\/figure>\n","protected":false},"excerpt":{"rendered":"<p>Grappins coupeurs JAK pour chargeurs et chariots t\u00e9lescopiques de diff\u00e9rentes tailles Le grappin coupeur JAK est l\u2019accessoire parfait pour les chargeurs et les chariots t\u00e9lescopiques. Les grappins coupeurs de la s\u00e9rie R, \u00e9quip\u00e9s d\u2019un attelage adapt\u00e9 aux chargeurs et aux chariots t\u00e9lescopiques, sont con\u00e7us pour un usage professionnel intensif et b\u00e9n\u00e9ficient d\u2019une garantie usine compl\u00e8te [&hellip;]<\/p>\n","protected":false},"author":1,"featured_media":3759,"parent":0,"menu_order":53,"comment_status":"closed","ping_status":"closed","template":"","meta":{"_acf_changed":false,"footnotes":""},"class_list":["post-3754","page","type-page","status-publish","has-post-thumbnail","hentry"],"acf":[],"yoast_head":"<!-- This site is optimized with the Yoast SEO plugin v27.2 - https:\/\/yoast.com\/product\/yoast-seo-wordpress\/ -->\n<title>Grappin coupeur pour chargeurs et chariot t\u00e9lescopique &#8211; JAK-Metalli Oy<\/title>\n<meta name=\"description\" content=\"Les grappins coupeurs de la s\u00e9rie R, \u00e9quip\u00e9s d\u2019un attelage adapt\u00e9 aux chargeurs et aux chariots t\u00e9lescopiques, sont con\u00e7us pour un usage professionnel intensif.\" \/>\n<meta name=\"robots\" content=\"index, follow, max-snippet:-1, max-image-preview:large, max-video-preview:-1\" \/>\n<link rel=\"canonical\" href=\"https:\/\/jak.fi\/fr\/grappins-denergie-pour-chargeurs-et-reachers\/\" \/>\n<meta property=\"og:locale\" content=\"fr_FR\" \/>\n<meta property=\"og:type\" content=\"article\" \/>\n<meta property=\"og:title\" content=\"Grappin coupeur pour chargeurs et chariot t\u00e9lescopique &#8211; JAK-Metalli Oy\" \/>\n<meta property=\"og:description\" content=\"Les grappins coupeurs de la s\u00e9rie R, \u00e9quip\u00e9s d\u2019un attelage adapt\u00e9 aux chargeurs et aux chariots t\u00e9lescopiques, sont con\u00e7us pour un usage professionnel intensif.\" \/>\n<meta property=\"og:url\" content=\"https:\/\/jak.fi\/fr\/grappins-denergie-pour-chargeurs-et-reachers\/\" \/>\n<meta property=\"og:site_name\" content=\"JAK-Metalli Oy\" \/>\n<meta property=\"article:publisher\" content=\"https:\/\/www.facebook.com\/jaktreeshears\" \/>\n<meta property=\"article:modified_time\" content=\"2025-04-01T06:57:37+00:00\" \/>\n<meta property=\"og:image\" content=\"https:\/\/jak.fi\/wp-content\/uploads\/2024\/06\/jak_ylakuva_kurottaja.jpg\" \/>\n\t<meta property=\"og:image:width\" content=\"2240\" \/>\n\t<meta property=\"og:image:height\" content=\"700\" \/>\n\t<meta property=\"og:image:type\" content=\"image\/jpeg\" \/>\n<meta name=\"twitter:card\" content=\"summary_large_image\" \/>\n<meta name=\"twitter:label1\" content=\"Dur\u00e9e de lecture estim\u00e9e\" \/>\n\t<meta name=\"twitter:data1\" content=\"2 minutes\" \/>\n<script type=\"application\/ld+json\" class=\"yoast-schema-graph\">{\"@context\":\"https:\/\/schema.org\",\"@graph\":[{\"@type\":\"WebPage\",\"@id\":\"https:\/\/jak.fi\/fr\/grappins-denergie-pour-chargeurs-et-reachers\/\",\"url\":\"https:\/\/jak.fi\/fr\/grappins-denergie-pour-chargeurs-et-reachers\/\",\"name\":\"Grappin coupeur pour chargeurs et chariot t\u00e9lescopique &#8211; JAK-Metalli Oy\",\"isPartOf\":{\"@id\":\"https:\/\/jak.fi\/fr\/#website\"},\"primaryImageOfPage\":{\"@id\":\"https:\/\/jak.fi\/fr\/grappins-denergie-pour-chargeurs-et-reachers\/#primaryimage\"},\"image\":{\"@id\":\"https:\/\/jak.fi\/fr\/grappins-denergie-pour-chargeurs-et-reachers\/#primaryimage\"},\"thumbnailUrl\":\"https:\/\/jak.fi\/wp-content\/uploads\/2024\/06\/jak_ylakuva_kurottaja.jpg\",\"datePublished\":\"2024-05-29T07:01:47+00:00\",\"dateModified\":\"2025-04-01T06:57:37+00:00\",\"description\":\"Les grappins coupeurs de la s\u00e9rie R, \u00e9quip\u00e9s d\u2019un attelage adapt\u00e9 aux chargeurs et aux chariots t\u00e9lescopiques, sont con\u00e7us pour un usage professionnel intensif.\",\"breadcrumb\":{\"@id\":\"https:\/\/jak.fi\/fr\/grappins-denergie-pour-chargeurs-et-reachers\/#breadcrumb\"},\"inLanguage\":\"fr-FR\",\"potentialAction\":[{\"@type\":\"ReadAction\",\"target\":[\"https:\/\/jak.fi\/fr\/grappins-denergie-pour-chargeurs-et-reachers\/\"]}]},{\"@type\":\"ImageObject\",\"inLanguage\":\"fr-FR\",\"@id\":\"https:\/\/jak.fi\/fr\/grappins-denergie-pour-chargeurs-et-reachers\/#primaryimage\",\"url\":\"https:\/\/jak.fi\/wp-content\/uploads\/2024\/06\/jak_ylakuva_kurottaja.jpg\",\"contentUrl\":\"https:\/\/jak.fi\/wp-content\/uploads\/2024\/06\/jak_ylakuva_kurottaja.jpg\",\"width\":2240,\"height\":700,\"caption\":\"Grappin coupeur d'\u00e9nergie JAK-300R attach\u00e9 \u00e0 un reacher, s'accrochant \u00e0 un gros tronc d'arbre.\"},{\"@type\":\"BreadcrumbList\",\"@id\":\"https:\/\/jak.fi\/fr\/grappins-denergie-pour-chargeurs-et-reachers\/#breadcrumb\",\"itemListElement\":[{\"@type\":\"ListItem\",\"position\":1,\"name\":\"Etusivu\",\"item\":\"https:\/\/jak.fi\/fr\/\"},{\"@type\":\"ListItem\",\"position\":2,\"name\":\"Grappin coupeur pour chargeurs et chariot t\u00e9lescopique\"}]},{\"@type\":\"WebSite\",\"@id\":\"https:\/\/jak.fi\/fr\/#website\",\"url\":\"https:\/\/jak.fi\/fr\/\",\"name\":\"JAK-Metalli Oy\",\"description\":\"\",\"publisher\":{\"@id\":\"https:\/\/jak.fi\/fr\/#organization\"},\"alternateName\":\"JAK Tree shears\",\"potentialAction\":[{\"@type\":\"SearchAction\",\"target\":{\"@type\":\"EntryPoint\",\"urlTemplate\":\"https:\/\/jak.fi\/fr\/?s={search_term_string}\"},\"query-input\":{\"@type\":\"PropertyValueSpecification\",\"valueRequired\":true,\"valueName\":\"search_term_string\"}}],\"inLanguage\":\"fr-FR\"},{\"@type\":\"Organization\",\"@id\":\"https:\/\/jak.fi\/fr\/#organization\",\"name\":\"JAK-Metalli Oy\",\"alternateName\":\"JAK Tree shears\",\"url\":\"https:\/\/jak.fi\/fr\/\",\"logo\":{\"@type\":\"ImageObject\",\"inLanguage\":\"fr-FR\",\"@id\":\"https:\/\/jak.fi\/fr\/#\/schema\/logo\/image\/\",\"url\":\"https:\/\/jak.fi\/wp-content\/uploads\/2024\/09\/JAK-logo-696x696-1.jpg\",\"contentUrl\":\"https:\/\/jak.fi\/wp-content\/uploads\/2024\/09\/JAK-logo-696x696-1.jpg\",\"width\":696,\"height\":696,\"caption\":\"JAK-Metalli Oy\"},\"image\":{\"@id\":\"https:\/\/jak.fi\/fr\/#\/schema\/logo\/image\/\"},\"sameAs\":[\"https:\/\/www.facebook.com\/jaktreeshears\",\"https:\/\/www.instagram.com\/jaktreeshears\/\",\"https:\/\/www.youtube.com\/channel\/UCAwvaVhBBkPie8MeAGbdY1w\"]}]}<\/script>\n<!-- \/ Yoast SEO plugin. -->","yoast_head_json":{"title":"Grappin coupeur pour chargeurs et chariot t\u00e9lescopique &#8211; JAK-Metalli Oy","description":"Les grappins coupeurs de la s\u00e9rie R, \u00e9quip\u00e9s d\u2019un attelage adapt\u00e9 aux chargeurs et aux chariots t\u00e9lescopiques, sont con\u00e7us pour un usage professionnel intensif.","robots":{"index":"index","follow":"follow","max-snippet":"max-snippet:-1","max-image-preview":"max-image-preview:large","max-video-preview":"max-video-preview:-1"},"canonical":"https:\/\/jak.fi\/fr\/grappins-denergie-pour-chargeurs-et-reachers\/","og_locale":"fr_FR","og_type":"article","og_title":"Grappin coupeur pour chargeurs et chariot t\u00e9lescopique &#8211; JAK-Metalli Oy","og_description":"Les grappins coupeurs de la s\u00e9rie R, \u00e9quip\u00e9s d\u2019un attelage adapt\u00e9 aux chargeurs et aux chariots t\u00e9lescopiques, sont con\u00e7us pour un usage professionnel intensif.","og_url":"https:\/\/jak.fi\/fr\/grappins-denergie-pour-chargeurs-et-reachers\/","og_site_name":"JAK-Metalli Oy","article_publisher":"https:\/\/www.facebook.com\/jaktreeshears","article_modified_time":"2025-04-01T06:57:37+00:00","og_image":[{"width":2240,"height":700,"url":"https:\/\/jak.fi\/wp-content\/uploads\/2024\/06\/jak_ylakuva_kurottaja.jpg","type":"image\/jpeg"}],"twitter_card":"summary_large_image","twitter_misc":{"Dur\u00e9e de lecture estim\u00e9e":"2 minutes"},"schema":{"@context":"https:\/\/schema.org","@graph":[{"@type":"WebPage","@id":"https:\/\/jak.fi\/fr\/grappins-denergie-pour-chargeurs-et-reachers\/","url":"https:\/\/jak.fi\/fr\/grappins-denergie-pour-chargeurs-et-reachers\/","name":"Grappin coupeur pour chargeurs et chariot t\u00e9lescopique &#8211; JAK-Metalli Oy","isPartOf":{"@id":"https:\/\/jak.fi\/fr\/#website"},"primaryImageOfPage":{"@id":"https:\/\/jak.fi\/fr\/grappins-denergie-pour-chargeurs-et-reachers\/#primaryimage"},"image":{"@id":"https:\/\/jak.fi\/fr\/grappins-denergie-pour-chargeurs-et-reachers\/#primaryimage"},"thumbnailUrl":"https:\/\/jak.fi\/wp-content\/uploads\/2024\/06\/jak_ylakuva_kurottaja.jpg","datePublished":"2024-05-29T07:01:47+00:00","dateModified":"2025-04-01T06:57:37+00:00","description":"Les grappins coupeurs de la s\u00e9rie R, \u00e9quip\u00e9s d\u2019un attelage adapt\u00e9 aux chargeurs et aux chariots t\u00e9lescopiques, sont con\u00e7us pour un usage professionnel intensif.","breadcrumb":{"@id":"https:\/\/jak.fi\/fr\/grappins-denergie-pour-chargeurs-et-reachers\/#breadcrumb"},"inLanguage":"fr-FR","potentialAction":[{"@type":"ReadAction","target":["https:\/\/jak.fi\/fr\/grappins-denergie-pour-chargeurs-et-reachers\/"]}]},{"@type":"ImageObject","inLanguage":"fr-FR","@id":"https:\/\/jak.fi\/fr\/grappins-denergie-pour-chargeurs-et-reachers\/#primaryimage","url":"https:\/\/jak.fi\/wp-content\/uploads\/2024\/06\/jak_ylakuva_kurottaja.jpg","contentUrl":"https:\/\/jak.fi\/wp-content\/uploads\/2024\/06\/jak_ylakuva_kurottaja.jpg","width":2240,"height":700,"caption":"Grappin coupeur d'\u00e9nergie JAK-300R attach\u00e9 \u00e0 un reacher, s'accrochant \u00e0 un gros tronc d'arbre."},{"@type":"BreadcrumbList","@id":"https:\/\/jak.fi\/fr\/grappins-denergie-pour-chargeurs-et-reachers\/#breadcrumb","itemListElement":[{"@type":"ListItem","position":1,"name":"Etusivu","item":"https:\/\/jak.fi\/fr\/"},{"@type":"ListItem","position":2,"name":"Grappin coupeur pour chargeurs et chariot t\u00e9lescopique"}]},{"@type":"WebSite","@id":"https:\/\/jak.fi\/fr\/#website","url":"https:\/\/jak.fi\/fr\/","name":"JAK-Metalli Oy","description":"","publisher":{"@id":"https:\/\/jak.fi\/fr\/#organization"},"alternateName":"JAK Tree shears","potentialAction":[{"@type":"SearchAction","target":{"@type":"EntryPoint","urlTemplate":"https:\/\/jak.fi\/fr\/?s={search_term_string}"},"query-input":{"@type":"PropertyValueSpecification","valueRequired":true,"valueName":"search_term_string"}}],"inLanguage":"fr-FR"},{"@type":"Organization","@id":"https:\/\/jak.fi\/fr\/#organization","name":"JAK-Metalli Oy","alternateName":"JAK Tree shears","url":"https:\/\/jak.fi\/fr\/","logo":{"@type":"ImageObject","inLanguage":"fr-FR","@id":"https:\/\/jak.fi\/fr\/#\/schema\/logo\/image\/","url":"https:\/\/jak.fi\/wp-content\/uploads\/2024\/09\/JAK-logo-696x696-1.jpg","contentUrl":"https:\/\/jak.fi\/wp-content\/uploads\/2024\/09\/JAK-logo-696x696-1.jpg","width":696,"height":696,"caption":"JAK-Metalli Oy"},"image":{"@id":"https:\/\/jak.fi\/fr\/#\/schema\/logo\/image\/"},"sameAs":["https:\/\/www.facebook.com\/jaktreeshears","https:\/\/www.instagram.com\/jaktreeshears\/","https:\/\/www.youtube.com\/channel\/UCAwvaVhBBkPie8MeAGbdY1w"]}]}},"_links":{"self":[{"href":"https:\/\/jak.fi\/fr\/wp-json\/wp\/v2\/pages\/3754","targetHints":{"allow":["GET"]}}],"collection":[{"href":"https:\/\/jak.fi\/fr\/wp-json\/wp\/v2\/pages"}],"about":[{"href":"https:\/\/jak.fi\/fr\/wp-json\/wp\/v2\/types\/page"}],"author":[{"embeddable":true,"href":"https:\/\/jak.fi\/fr\/wp-json\/wp\/v2\/users\/1"}],"replies":[{"embeddable":true,"href":"https:\/\/jak.fi\/fr\/wp-json\/wp\/v2\/comments?post=3754"}],"version-history":[{"count":7,"href":"https:\/\/jak.fi\/fr\/wp-json\/wp\/v2\/pages\/3754\/revisions"}],"predecessor-version":[{"id":7115,"href":"https:\/\/jak.fi\/fr\/wp-json\/wp\/v2\/pages\/3754\/revisions\/7115"}],"wp:featuredmedia":[{"embeddable":true,"href":"https:\/\/jak.fi\/fr\/wp-json\/wp\/v2\/media\/3759"}],"wp:attachment":[{"href":"https:\/\/jak.fi\/fr\/wp-json\/wp\/v2\/media?parent=3754"}],"curies":[{"name":"wp","href":"https:\/\/api.w.org\/{rel}","templated":true}]}}