{"id":4072,"date":"2024-05-21T06:14:16","date_gmt":"2024-05-21T03:14:16","guid":{"rendered":"https:\/\/jak.fi\/choisissez-le-meilleur-capteur-denergie-du-marche-jak-energy-grabber\/"},"modified":"2025-06-11T15:23:34","modified_gmt":"2025-06-11T12:23:34","slug":"choisissez-le-meilleur-grappin-coupeur-du-marche-grappin-coupeur-jak","status":"publish","type":"page","link":"https:\/\/jak.fi\/fr\/","title":{"rendered":"Grappin coupeur JAK \u2013 Le meilleur choix sur le march\u00e9"},"content":{"rendered":"\n<h2 class=\"wp-block-heading has-text-align-center\">Pourquoi choisir JAK Grappin Coupeur?<\/h2>\n\n\n\n<p class=\"has-text-align-center has-blue-color has-text-color has-link-color has-medium-font-size wp-elements-a2b2b67ccb61a05592ae562ea9b4ce1f\">JAK Grappin Coupeur propose des grappins \u00e0 \u00e9nergie durables et de haute qualit\u00e9 adapt\u00e9s aux pelleteuses, chargeuses, tractopelles, tracteurs et machines foresti\u00e8res. Ces grappins \u00e0 \u00e9nergie sont con\u00e7us pour \u00eatre un outil efficace pour l&rsquo;abattage, le d\u00e9frichage et d&rsquo;autres op\u00e9rations d&rsquo;exploitation foresti\u00e8re. Dans notre gamme, vous trouverez diff\u00e9rentes tailles et diff\u00e9rents mod\u00e8les adapt\u00e9s \u00e0 diff\u00e9rentes tailles de machines et \u00e0 diff\u00e9rentes t\u00e2ches. Nous disposons \u00e9galement d&rsquo;une gamme compl\u00e8te d&rsquo;accessoires et de solutions sp\u00e9ciales personnalis\u00e9es pour rendre l&rsquo;abattage plus facile et plus productif. En savoir plus et trouver le grappin coupeur adapt\u00e9 \u00e0 vos besoins !<\/p>\n\n\n\n<div style=\"height:100px\" aria-hidden=\"true\" class=\"wp-block-spacer\"><\/div>\n\n\n\n<div class=\"wp-block-columns is-layout-flex wp-container-core-columns-is-layout-9d6595d7 wp-block-columns-is-layout-flex\">\n<div class=\"wp-block-column is-layout-flow wp-block-column-is-layout-flow\">\n<div class=\"wp-block-columns is-layout-flex wp-container-core-columns-is-layout-9d6595d7 wp-block-columns-is-layout-flex\">\n<div class=\"wp-block-column is-layout-flow wp-block-column-is-layout-flow\"><div class=\"wp-block-image\">\n<figure class=\"aligncenter size-full\"><img loading=\"lazy\" decoding=\"async\" width=\"72\" height=\"72\" src=\"https:\/\/jak.fi\/wp-content\/uploads\/2024\/06\/luokkansa-nopein.png\" alt=\"Ic\u00f4ne de compteur de vitesse pour refl\u00e9ter la vitesse du grappin coupeur d'\u00e9nergie\" class=\"wp-image-858\"\/><\/figure>\n<\/div>\n\n\n<p class=\"has-text-align-center has-blue-color has-text-color has-link-color wp-elements-bb205732219e0110661c9b6d7eb8c2b7\"><strong>Toujours le plus rapide de sa cat\u00e9gorie. <br><\/strong>eBoost\u00ae augmente la vitesse de la prise grappin coupeur jusqu&rsquo;\u00e0 100%.<\/p>\n<\/div>\n\n\n\n<div class=\"wp-block-column is-layout-flow wp-block-column-is-layout-flow\"><div class=\"wp-block-image\">\n<figure class=\"aligncenter size-full\"><img loading=\"lazy\" decoding=\"async\" width=\"70\" height=\"65\" src=\"https:\/\/jak.fi\/wp-content\/uploads\/2024\/06\/paras-takuu.png\" alt=\"Une ic\u00f4ne de garantie de grappin coupeur avec un papier et un stylo.\" class=\"wp-image-860\"\/><\/figure>\n<\/div>\n\n\n<p class=\"has-text-align-center has-blue-color has-text-color has-link-color wp-elements-d1281ade9996de42046d8c56a8698f58\"><strong>La meilleure garantie. <br><\/strong>Test\u00e9 en conditions r\u00e9elles<\/p>\n<\/div>\n<\/div>\n<\/div>\n\n\n\n<div class=\"wp-block-column is-layout-flow wp-block-column-is-layout-flow\">\n<div class=\"wp-block-columns is-layout-flex wp-container-core-columns-is-layout-9d6595d7 wp-block-columns-is-layout-flex\">\n<div class=\"wp-block-column is-layout-flow wp-block-column-is-layout-flow\"><div class=\"wp-block-image\">\n<figure class=\"aligncenter size-full\"><img loading=\"lazy\" decoding=\"async\" width=\"66\" height=\"68\" src=\"https:\/\/jak.fi\/wp-content\/uploads\/2024\/06\/tehty-kestamaan.png\" alt=\"Document de certification Ic\u00f4ne HIMB\" class=\"wp-image-864\"\/><\/figure>\n<\/div>\n\n\n<p class=\"has-text-align-center has-blue-color has-text-color has-link-color wp-elements-ba252c7dc00ba8a9ba4a68293ac8f0e0\"><strong>Fabriqu\u00e9 pour durer. <br><\/strong>Tous nos capteurs grappin coupeur sont certifi\u00e9s HIMB.<\/p>\n<\/div>\n\n\n\n<div class=\"wp-block-column is-layout-flow wp-block-column-is-layout-flow\"><div class=\"wp-block-image\">\n<figure class=\"aligncenter size-full\"><img loading=\"lazy\" decoding=\"async\" width=\"43\" height=\"75\" src=\"https:\/\/jak.fi\/wp-content\/uploads\/2024\/06\/suomalainen.png\" alt=\"Une ic\u00f4ne repr\u00e9sentant une carte de la Finlande indique que nos grappins coupeurs d'\u00e9nergie sont fabriqu\u00e9s et con\u00e7us en Finlande.\" class=\"wp-image-862\"\/><\/figure>\n<\/div>\n\n\n<p class=\"has-text-align-center has-blue-color has-text-color has-link-color wp-elements-b5ceb18090451f1a1c78bc5f00d6de2d\"><strong>En finnois. <br><\/strong>Con\u00e7u et fabriqu\u00e9 en Finlande<\/p>\n<\/div>\n<\/div>\n<\/div>\n<\/div>\n\n\n\n<div class=\"wp-block-buttons is-content-justification-center is-layout-flex wp-container-core-buttons-is-layout-16018d1d wp-block-buttons-is-layout-flex\">\n<div class=\"wp-block-button is-style-fill\"><a class=\"wp-block-button__link has-white-color has-text-color has-link-color wp-element-button\" href=\"https:\/\/jak.fi\/fr\/grappin-coupeur\/\">En savoir plus<\/a><\/div>\n<\/div>\n","protected":false},"excerpt":{"rendered":"<p>Pourquoi choisir JAK Grappin Coupeur? JAK Grappin Coupeur propose des grappins \u00e0 \u00e9nergie durables et de haute qualit\u00e9 adapt\u00e9s aux pelleteuses, chargeuses, tractopelles, tracteurs et machines foresti\u00e8res. Ces grappins \u00e0 \u00e9nergie sont con\u00e7us pour \u00eatre un outil efficace pour l&rsquo;abattage, le d\u00e9frichage et d&rsquo;autres op\u00e9rations d&rsquo;exploitation foresti\u00e8re. Dans notre gamme, vous trouverez diff\u00e9rentes tailles et [&hellip;]<\/p>\n","protected":false},"author":1,"featured_media":17144,"parent":0,"menu_order":194,"comment_status":"closed","ping_status":"open","template":"","meta":{"_acf_changed":false,"footnotes":""},"class_list":["post-4072","page","type-page","status-publish","has-post-thumbnail","hentry"],"acf":[],"yoast_head":"<!-- This site is optimized with the Yoast SEO plugin v27.2 - https:\/\/yoast.com\/product\/yoast-seo-wordpress\/ -->\n<title>Grappin coupeur JAK \u2013 Le meilleur choix sur le march\u00e9 &#8211; JAK-Metalli Oy<\/title>\n<meta name=\"description\" content=\"Grappin coupeur JAK \u2013 un grappin coupeur puissant et durable pour excavateurs, chargeurs et t\u00e9lescopiques. Fabriqu\u00e9 en Finlande.\" \/>\n<meta name=\"robots\" content=\"index, follow, max-snippet:-1, max-image-preview:large, max-video-preview:-1\" \/>\n<link rel=\"canonical\" href=\"https:\/\/jak.fi\/fr\/\" \/>\n<meta property=\"og:locale\" content=\"fr_FR\" \/>\n<meta property=\"og:type\" content=\"article\" \/>\n<meta property=\"og:title\" content=\"Grappin coupeur JAK \u2013 Le meilleur choix sur le march\u00e9 &#8211; JAK-Metalli Oy\" \/>\n<meta property=\"og:description\" content=\"Grappin coupeur JAK \u2013 un grappin coupeur puissant et durable pour excavateurs, chargeurs et t\u00e9lescopiques. Fabriqu\u00e9 en Finlande.\" \/>\n<meta property=\"og:url\" content=\"https:\/\/jak.fi\/fr\/\" \/>\n<meta property=\"og:site_name\" content=\"JAK-Metalli Oy\" \/>\n<meta property=\"article:publisher\" content=\"https:\/\/www.facebook.com\/jaktreeshears\" \/>\n<meta property=\"article:modified_time\" content=\"2025-06-11T12:23:34+00:00\" \/>\n<meta property=\"og:image\" content=\"https:\/\/jak.fi\/wp-content\/uploads\/2024\/06\/jak-ylakuva-2.jpg\" \/>\n\t<meta property=\"og:image:width\" content=\"2000\" \/>\n\t<meta property=\"og:image:height\" content=\"900\" \/>\n\t<meta property=\"og:image:type\" content=\"image\/jpeg\" \/>\n<meta name=\"twitter:card\" content=\"summary_large_image\" \/>\n<meta name=\"twitter:label1\" content=\"Dur\u00e9e de lecture estim\u00e9e\" \/>\n\t<meta name=\"twitter:data1\" content=\"2 minutes\" \/>\n<script type=\"application\/ld+json\" class=\"yoast-schema-graph\">{\"@context\":\"https:\/\/schema.org\",\"@graph\":[{\"@type\":\"WebPage\",\"@id\":\"https:\/\/jak.fi\/fr\/\",\"url\":\"https:\/\/jak.fi\/fr\/\",\"name\":\"Grappin coupeur JAK \u2013 Le meilleur choix sur le march\u00e9 &#8211; JAK-Metalli Oy\",\"isPartOf\":{\"@id\":\"https:\/\/jak.fi\/fr\/#website\"},\"primaryImageOfPage\":{\"@id\":\"https:\/\/jak.fi\/fr\/#primaryimage\"},\"image\":{\"@id\":\"https:\/\/jak.fi\/fr\/#primaryimage\"},\"thumbnailUrl\":\"https:\/\/jak.fi\/wp-content\/uploads\/2026\/03\/jak-ylakuva-test-2.webp\",\"datePublished\":\"2024-05-21T03:14:16+00:00\",\"dateModified\":\"2025-06-11T12:23:34+00:00\",\"description\":\"Grappin coupeur JAK \u2013 un grappin coupeur puissant et durable pour excavateurs, chargeurs et t\u00e9lescopiques. Fabriqu\u00e9 en Finlande.\",\"breadcrumb\":{\"@id\":\"https:\/\/jak.fi\/fr\/#breadcrumb\"},\"inLanguage\":\"fr-FR\",\"potentialAction\":[{\"@type\":\"ReadAction\",\"target\":[\"https:\/\/jak.fi\/fr\/\"]}]},{\"@type\":\"ImageObject\",\"inLanguage\":\"fr-FR\",\"@id\":\"https:\/\/jak.fi\/fr\/#primaryimage\",\"url\":\"https:\/\/jak.fi\/wp-content\/uploads\/2026\/03\/jak-ylakuva-test-2.webp\",\"contentUrl\":\"https:\/\/jak.fi\/wp-content\/uploads\/2026\/03\/jak-ylakuva-test-2.webp\",\"width\":2000,\"height\":900},{\"@type\":\"BreadcrumbList\",\"@id\":\"https:\/\/jak.fi\/fr\/#breadcrumb\",\"itemListElement\":[{\"@type\":\"ListItem\",\"position\":1,\"name\":\"Etusivu\",\"item\":\"https:\/\/jak.fi\/fr\/\"},{\"@type\":\"ListItem\",\"position\":2,\"name\":\"Grappin coupeur JAK \u2013 Le meilleur choix sur le march\u00e9\"}]},{\"@type\":\"WebSite\",\"@id\":\"https:\/\/jak.fi\/fr\/#website\",\"url\":\"https:\/\/jak.fi\/fr\/\",\"name\":\"JAK-Metalli Oy\",\"description\":\"\",\"publisher\":{\"@id\":\"https:\/\/jak.fi\/fr\/#organization\"},\"alternateName\":\"JAK Tree shears\",\"potentialAction\":[{\"@type\":\"SearchAction\",\"target\":{\"@type\":\"EntryPoint\",\"urlTemplate\":\"https:\/\/jak.fi\/fr\/?s={search_term_string}\"},\"query-input\":{\"@type\":\"PropertyValueSpecification\",\"valueRequired\":true,\"valueName\":\"search_term_string\"}}],\"inLanguage\":\"fr-FR\"},{\"@type\":\"Organization\",\"@id\":\"https:\/\/jak.fi\/fr\/#organization\",\"name\":\"JAK-Metalli Oy\",\"alternateName\":\"JAK Tree shears\",\"url\":\"https:\/\/jak.fi\/fr\/\",\"logo\":{\"@type\":\"ImageObject\",\"inLanguage\":\"fr-FR\",\"@id\":\"https:\/\/jak.fi\/fr\/#\/schema\/logo\/image\/\",\"url\":\"https:\/\/jak.fi\/wp-content\/uploads\/2024\/09\/JAK-logo-696x696-1.jpg\",\"contentUrl\":\"https:\/\/jak.fi\/wp-content\/uploads\/2024\/09\/JAK-logo-696x696-1.jpg\",\"width\":696,\"height\":696,\"caption\":\"JAK-Metalli Oy\"},\"image\":{\"@id\":\"https:\/\/jak.fi\/fr\/#\/schema\/logo\/image\/\"},\"sameAs\":[\"https:\/\/www.facebook.com\/jaktreeshears\",\"https:\/\/www.instagram.com\/jaktreeshears\/\",\"https:\/\/www.youtube.com\/channel\/UCAwvaVhBBkPie8MeAGbdY1w\"]}]}<\/script>\n<!-- \/ Yoast SEO plugin. -->","yoast_head_json":{"title":"Grappin coupeur JAK \u2013 Le meilleur choix sur le march\u00e9 &#8211; JAK-Metalli Oy","description":"Grappin coupeur JAK \u2013 un grappin coupeur puissant et durable pour excavateurs, chargeurs et t\u00e9lescopiques. Fabriqu\u00e9 en Finlande.","robots":{"index":"index","follow":"follow","max-snippet":"max-snippet:-1","max-image-preview":"max-image-preview:large","max-video-preview":"max-video-preview:-1"},"canonical":"https:\/\/jak.fi\/fr\/","og_locale":"fr_FR","og_type":"article","og_title":"Grappin coupeur JAK \u2013 Le meilleur choix sur le march\u00e9 &#8211; JAK-Metalli Oy","og_description":"Grappin coupeur JAK \u2013 un grappin coupeur puissant et durable pour excavateurs, chargeurs et t\u00e9lescopiques. Fabriqu\u00e9 en Finlande.","og_url":"https:\/\/jak.fi\/fr\/","og_site_name":"JAK-Metalli Oy","article_publisher":"https:\/\/www.facebook.com\/jaktreeshears","article_modified_time":"2025-06-11T12:23:34+00:00","og_image":[{"width":2000,"height":900,"url":"https:\/\/jak.fi\/wp-content\/uploads\/2024\/06\/jak-ylakuva-2.jpg","type":"image\/jpeg"}],"twitter_card":"summary_large_image","twitter_misc":{"Dur\u00e9e de lecture estim\u00e9e":"2 minutes"},"schema":{"@context":"https:\/\/schema.org","@graph":[{"@type":"WebPage","@id":"https:\/\/jak.fi\/fr\/","url":"https:\/\/jak.fi\/fr\/","name":"Grappin coupeur JAK \u2013 Le meilleur choix sur le march\u00e9 &#8211; JAK-Metalli Oy","isPartOf":{"@id":"https:\/\/jak.fi\/fr\/#website"},"primaryImageOfPage":{"@id":"https:\/\/jak.fi\/fr\/#primaryimage"},"image":{"@id":"https:\/\/jak.fi\/fr\/#primaryimage"},"thumbnailUrl":"https:\/\/jak.fi\/wp-content\/uploads\/2026\/03\/jak-ylakuva-test-2.webp","datePublished":"2024-05-21T03:14:16+00:00","dateModified":"2025-06-11T12:23:34+00:00","description":"Grappin coupeur JAK \u2013 un grappin coupeur puissant et durable pour excavateurs, chargeurs et t\u00e9lescopiques. Fabriqu\u00e9 en Finlande.","breadcrumb":{"@id":"https:\/\/jak.fi\/fr\/#breadcrumb"},"inLanguage":"fr-FR","potentialAction":[{"@type":"ReadAction","target":["https:\/\/jak.fi\/fr\/"]}]},{"@type":"ImageObject","inLanguage":"fr-FR","@id":"https:\/\/jak.fi\/fr\/#primaryimage","url":"https:\/\/jak.fi\/wp-content\/uploads\/2026\/03\/jak-ylakuva-test-2.webp","contentUrl":"https:\/\/jak.fi\/wp-content\/uploads\/2026\/03\/jak-ylakuva-test-2.webp","width":2000,"height":900},{"@type":"BreadcrumbList","@id":"https:\/\/jak.fi\/fr\/#breadcrumb","itemListElement":[{"@type":"ListItem","position":1,"name":"Etusivu","item":"https:\/\/jak.fi\/fr\/"},{"@type":"ListItem","position":2,"name":"Grappin coupeur JAK \u2013 Le meilleur choix sur le march\u00e9"}]},{"@type":"WebSite","@id":"https:\/\/jak.fi\/fr\/#website","url":"https:\/\/jak.fi\/fr\/","name":"JAK-Metalli Oy","description":"","publisher":{"@id":"https:\/\/jak.fi\/fr\/#organization"},"alternateName":"JAK Tree shears","potentialAction":[{"@type":"SearchAction","target":{"@type":"EntryPoint","urlTemplate":"https:\/\/jak.fi\/fr\/?s={search_term_string}"},"query-input":{"@type":"PropertyValueSpecification","valueRequired":true,"valueName":"search_term_string"}}],"inLanguage":"fr-FR"},{"@type":"Organization","@id":"https:\/\/jak.fi\/fr\/#organization","name":"JAK-Metalli Oy","alternateName":"JAK Tree shears","url":"https:\/\/jak.fi\/fr\/","logo":{"@type":"ImageObject","inLanguage":"fr-FR","@id":"https:\/\/jak.fi\/fr\/#\/schema\/logo\/image\/","url":"https:\/\/jak.fi\/wp-content\/uploads\/2024\/09\/JAK-logo-696x696-1.jpg","contentUrl":"https:\/\/jak.fi\/wp-content\/uploads\/2024\/09\/JAK-logo-696x696-1.jpg","width":696,"height":696,"caption":"JAK-Metalli Oy"},"image":{"@id":"https:\/\/jak.fi\/fr\/#\/schema\/logo\/image\/"},"sameAs":["https:\/\/www.facebook.com\/jaktreeshears","https:\/\/www.instagram.com\/jaktreeshears\/","https:\/\/www.youtube.com\/channel\/UCAwvaVhBBkPie8MeAGbdY1w"]}]}},"_links":{"self":[{"href":"https:\/\/jak.fi\/fr\/wp-json\/wp\/v2\/pages\/4072","targetHints":{"allow":["GET"]}}],"collection":[{"href":"https:\/\/jak.fi\/fr\/wp-json\/wp\/v2\/pages"}],"about":[{"href":"https:\/\/jak.fi\/fr\/wp-json\/wp\/v2\/types\/page"}],"author":[{"embeddable":true,"href":"https:\/\/jak.fi\/fr\/wp-json\/wp\/v2\/users\/1"}],"replies":[{"embeddable":true,"href":"https:\/\/jak.fi\/fr\/wp-json\/wp\/v2\/comments?post=4072"}],"version-history":[{"count":27,"href":"https:\/\/jak.fi\/fr\/wp-json\/wp\/v2\/pages\/4072\/revisions"}],"predecessor-version":[{"id":10262,"href":"https:\/\/jak.fi\/fr\/wp-json\/wp\/v2\/pages\/4072\/revisions\/10262"}],"wp:featuredmedia":[{"embeddable":true,"href":"https:\/\/jak.fi\/fr\/wp-json\/wp\/v2\/media\/17144"}],"wp:attachment":[{"href":"https:\/\/jak.fi\/fr\/wp-json\/wp\/v2\/media?parent=4072"}],"curies":[{"name":"wp","href":"https:\/\/api.w.org\/{rel}","templated":true}]}}