{"id":4105,"date":"2024-05-28T09:31:14","date_gmt":"2024-05-28T06:31:14","guid":{"rendered":"https:\/\/jak.fi\/entreprise\/jak-en-tant-quentreprise\/"},"modified":"2025-04-01T09:56:58","modified_gmt":"2025-04-01T06:56:58","slug":"jak-en-tant-quentreprise","status":"publish","type":"page","link":"https:\/\/jak.fi\/fr\/entreprise\/jak-en-tant-quentreprise\/","title":{"rendered":"JAK En tant qu&rsquo;entreprise"},"content":{"rendered":"\n<h2 class=\"wp-block-heading has-text-align-center\">Les grappins coupeurs JAK d&rsquo;origine depuis 2012.<\/h2>\n\n<div style=\"height:35px\" aria-hidden=\"true\" class=\"wp-block-spacer\"><\/div>\n\n<div class=\"wp-block-columns is-layout-flex wp-container-core-columns-is-layout-9d6595d7 wp-block-columns-is-layout-flex\">\n<div class=\"wp-block-column is-layout-flow wp-block-column-is-layout-flow\">\n<p>JAK-Metalli Oy est une entreprise exportatrice de l&rsquo;industrie m\u00e9tallurgique et l&rsquo;un des premiers d\u00e9veloppeurs et fabricants de grappins coupeurs sur le march\u00e9. Les Finlandais sont connus pour leur expertise exceptionnelle dans l&rsquo;industrie foresti\u00e8re \u2013 et nous ne faisons pas exception. Nos grappins coupeurs ont \u00e9volu\u00e9 vers leur forme actuelle gr\u00e2ce \u00e0 un travail rigoureux de conception et de d\u00e9veloppement, ainsi qu&rsquo;\u00e0 une longue collaboration avec des professionnels du secteur.  <\/p>\n<\/div>\n\n\n\n<div class=\"wp-block-column is-layout-flow wp-block-column-is-layout-flow\">\n<ul class=\"wp-block-list\">\n<li>\u00c9tabli en 2012<\/li>\n\n\n\n<li>Sp\u00e9cialis\u00e9 dans la fabrication d&rsquo;accessoires pour excavateurs et machines foresti\u00e8res<\/li>\n\n\n\n<li>R\u00e9seau de distribution mondial<\/li>\n\n\n\n<li>Production dans deux usines<\/li>\n\n\n\n<li>Bureau \u00e0 M\u00e4ntt\u00e4-Vilppula, Finlande<\/li>\n\n\n\n<li>Des grappins coupeurs JAK vendus dans plus de 30 pays<\/li>\n<\/ul>\n<\/div>\n<\/div>\n\n<p>Les professionnels du secteur \u00e0 travers le monde font confiance \u00e0 nos produits depuis de nombreuses ann\u00e9es. Nous avons des distributeurs internationaux sur presque tous les continents, et notre r\u00e9seau ne cesse de s\u2019\u00e9tendre. Notre entreprise met l\u2019accent sur l\u2019internationalisation, ce qui se refl\u00e8te fortement dans notre production et notre d\u00e9veloppement, car les exigences en mati\u00e8re de grappins coupeurs varient selon les r\u00e9gions du monde.  <\/p>\n\n<div style=\"height:30px\" aria-hidden=\"true\" class=\"wp-block-spacer\"><\/div>\n\n<div class=\"wp-block-columns is-layout-flex wp-container-core-columns-is-layout-9d6595d7 wp-block-columns-is-layout-flex\">\n<div class=\"wp-block-column is-layout-flow wp-block-column-is-layout-flow\">\n<h2 class=\"wp-block-heading\">La mission<\/h2>\n\n\n\n<p>Nous r\u00e9ussissons avec nos clients<\/p>\n<\/div>\n\n\n\n<div class=\"wp-block-column is-layout-flow wp-block-column-is-layout-flow\">\n<h2 class=\"wp-block-heading\">Valeurs<\/h2>\n\n\n\n<ul class=\"wp-block-list\">\n<li>Nous nous soucions de nos clients et des autres<\/li>\n\n\n\n<li>Nous traitons tout le monde avec respect<\/li>\n\n\n\n<li>Nous faisons de notre mieux chaque jour<\/li>\n\n\n\n<li>Nous tenons nos promesses et assumons nos responsabilit\u00e9s<\/li>\n\n\n\n<li>Nous d\u00e9veloppons nos activit\u00e9s en tenant compte de l&rsquo;environnement et du client<\/li>\n\n\n\n<li>Nous osons \u00eatre curieux et enthousiastes \u00e0 l&rsquo;\u00e9gard de la nouveaut\u00e9<\/li>\n<\/ul>\n<\/div>\n\n\n\n<div class=\"wp-block-column is-layout-flow wp-block-column-is-layout-flow\">\n<h2 class=\"wp-block-heading\">Visio<\/h2>\n\n\n\n<p>Nous sommes le meilleur, le plus recherch\u00e9 et le plus fiable partenaire international en tant que fabricant de grappins coupeurs.<\/p>\n<\/div>\n<\/div>\n\n<div class=\"wp-block-columns are-vertically-aligned-top is-layout-flex wp-container-core-columns-is-layout-9d6595d7 wp-block-columns-is-layout-flex\">\n<div class=\"wp-block-column is-vertically-aligned-top is-layout-flow wp-block-column-is-layout-flow\">\n<figure class=\"wp-block-image size-large\"><img loading=\"lazy\" decoding=\"async\" width=\"1200\" height=\"802\" src=\"https:\/\/jak.fi\/wp-content\/uploads\/2024\/06\/jak-metalli-oy-production-23-scaled-1-1200x802.jpg\" alt=\"\" class=\"wp-image-635\" srcset=\"https:\/\/jak.fi\/wp-content\/uploads\/2024\/06\/jak-metalli-oy-production-23-scaled-1-1200x802.jpg 1200w, https:\/\/jak.fi\/wp-content\/uploads\/2024\/06\/jak-metalli-oy-production-23-scaled-1-700x468.jpg 700w, https:\/\/jak.fi\/wp-content\/uploads\/2024\/06\/jak-metalli-oy-production-23-scaled-1-768x513.jpg 768w, https:\/\/jak.fi\/wp-content\/uploads\/2024\/06\/jak-metalli-oy-production-23-scaled-1-1536x1026.jpg 1536w, https:\/\/jak.fi\/wp-content\/uploads\/2024\/06\/jak-metalli-oy-production-23-scaled-1-2048x1368.jpg 2048w, https:\/\/jak.fi\/wp-content\/uploads\/2024\/06\/jak-metalli-oy-production-23-scaled-1-800x534.jpg 800w\" sizes=\"auto, (max-width: 1200px) 100vw, 1200px\" \/><\/figure>\n<\/div>\n\n\n\n<div class=\"wp-block-column is-vertically-aligned-top is-layout-flow wp-block-column-is-layout-flow\">\n<h2 class=\"wp-block-heading\">Partenariat Hardox\u00ae In My Body<\/h2>\n\n\n\n<p>AK-Metalli Oy est partenaire de SSAB dans le programme Hardox\u00ae In My Body depuis le d\u00e9but de son activit\u00e9. Tous nos grappins coupeurs portent le label HARDOX\u00ae, garantissant l\u2019utilisation d\u2019un v\u00e9ritable acier d\u2019usure Hardox\u00ae dans leur fabrication. La vid\u00e9o ci-jointe pr\u00e9sente la production des grappins coupeurs JAK ainsi que notre collaboration avec HARDOX\u00ae. <\/p>\n<\/div>\n<\/div>\n\n<figure class=\"wp-block-embed is-type-video is-provider-youtube wp-block-embed-youtube wp-embed-aspect-16-9 wp-has-aspect-ratio\"><div class=\"wp-block-embed__wrapper\">\n<iframe loading=\"lazy\" title=\"Hardox\u00ae wear plate in JAK Tree Sheers for durability and productivity\" width=\"500\" height=\"281\" src=\"https:\/\/www.youtube.com\/embed\/w6100b1gxM4?feature=oembed\" frameborder=\"0\" allow=\"accelerometer; autoplay; clipboard-write; encrypted-media; gyroscope; picture-in-picture; web-share\" referrerpolicy=\"strict-origin-when-cross-origin\" allowfullscreen><\/iframe>\n<\/div><\/figure>\n\n<h2 class=\"wp-block-heading\">Les installations de production de haute qualit\u00e9 de JAK-Metalli Oy<\/h2>\n\n<div class=\"wp-block-columns is-layout-flex wp-container-core-columns-is-layout-9d6595d7 wp-block-columns-is-layout-flex\">\n<div class=\"wp-block-column is-layout-flow wp-block-column-is-layout-flow\">\n<p>Il est important pour nous d&rsquo;\u00eatre pr\u00e9sents \u00e0 chaque \u00e9tape du processus de production. Cela nous permet de garantir le respect de nos crit\u00e8res de qualit\u00e9 et de savoir que nous livrons toujours des produits de haute qualit\u00e9 \u00e0 travers nos distributeurs aux utilisateurs finaux du monde entier. Pour ces raisons, nous fabriquons les grappins coupeurs JAK enti\u00e8rement dans notre usine \u00e0 M\u00e4ntt\u00e4-Vilppula.  <\/p>\n\n\n\n<p>Au c\u0153ur de notre activit\u00e9 se trouvent nos installations de production, qui constituent un cadre de premier ordre pour la fabrication et le contr\u00f4le de la qualit\u00e9. Nous disposons d&rsquo;installations de production et de stockage sur deux sites. <\/p>\n\n\n\n<p>Ces derni\u00e8res ann\u00e9es, nous avons agrandi nos locaux et mis en \u0153uvre des r\u00e9formes pour rationaliser les processus de production et am\u00e9liorer les d\u00e9lais.<\/p>\n<\/div>\n\n\n\n<div class=\"wp-block-column is-layout-flow wp-block-column-is-layout-flow\">\n<p class=\"has-red-color has-text-color has-link-color wp-elements-97e524fe82d275dbdce9bf4467eb569f\"><strong>Dans la production, nous utilisons :<\/strong><\/p>\n\n\n\n<ul class=\"wp-block-list\">\n<li>Tour CNC \u00e0 5 axes<\/li>\n\n\n\n<li>Trois tours CNC, d\u00e9colleteuse automatique<\/li>\n\n\n\n<li>Trois centres d&rsquo;usinage horizontaux \u00e0 commande num\u00e9rique<\/li>\n\n\n\n<li>Deux centres d&rsquo;usinage verticaux \u00e0 commande num\u00e9rique<\/li>\n\n\n\n<li>Deux scies CNC<\/li>\n\n\n\n<li>Syst\u00e8me de robot de soudage \u00e0 9 axes<\/li>\n<\/ul>\n<\/div>\n<\/div>\n\n<h2 class=\"wp-block-heading\">Cha\u00eene de production et conception des produits<\/h2>\n\n<div class=\"wp-block-columns is-layout-flex wp-container-core-columns-is-layout-9d6595d7 wp-block-columns-is-layout-flex\">\n<div class=\"wp-block-column is-layout-flow wp-block-column-is-layout-flow\">\n<p>Nos grappins coupeurs ont atteint leur forme actuelle gr\u00e2ce \u00e0 des ann\u00e9es de recherche et d&rsquo;exp\u00e9rience. Nous savons que les exigences concernant les produits que nous fabriquons sont tr\u00e8s \u00e9lev\u00e9es parmi les professionnels. C&rsquo;est pourquoi nos grappins coupeurs ont toujours \u00e9t\u00e9 d\u00e9velopp\u00e9s en \u00e9troite collaboration avec des experts du secteur, ce qui a permis de tester en continu la qualit\u00e9 et les performances des produits dans des conditions r\u00e9elles.  <\/p>\n<\/div>\n\n\n\n<div class=\"wp-block-column is-layout-flow wp-block-column-is-layout-flow\">\n<ul class=\"wp-block-list\">\n<li>Notre production est enti\u00e8rement r\u00e9alis\u00e9e en interne<\/li>\n\n\n\n<li>Contr\u00f4le continu tout au long du processus de fabrication<\/li>\n\n\n\n<li>Capacit\u00e9 \u00e0 r\u00e9agir rapidement \u00e0 l&rsquo;\u00e9volution de la demande du march\u00e9<\/li>\n\n\n\n<li>Adaptation flexible aux besoins sp\u00e9cifiques des clients<\/li>\n<\/ul>\n<\/div>\n<\/div>\n\n<p>La conception combine la pens\u00e9e analytique, les exigences de production et d&rsquo;\u00e9conomie, et la connaissance des conditions d&rsquo;utilisation r\u00e9elles pour donner \u00e0 nos produits leur forme finale. Le logiciel SolidWorks et un \u00e9quipement informatique puissant garantissent un travail de conception rapide et fluide \u00e0 tous les stades du processus de conception. <\/p>\n\n<p>Le d\u00e9veloppement de prototypes, la mod\u00e9lisation de nouvelles pi\u00e8ces et fonctions, la documentation et l&rsquo;analyse des caract\u00e9ristiques de production et de fonctionnement constituent un processus continu de d\u00e9veloppement de produits. Le travail de conception tient compte de l&rsquo;efficacit\u00e9 de la fabrication, de l&rsquo;utilisation des mati\u00e8res premi\u00e8res et des caract\u00e9ristiques de qualit\u00e9 souhait\u00e9es pour nos produits, en particulier du point de vue de l&rsquo;utilisateur final. <\/p>\n\n<div style=\"height:30px\" aria-hidden=\"true\" class=\"wp-block-spacer\"><\/div>\n\n<figure class=\"wp-block-image size-large\"><img loading=\"lazy\" decoding=\"async\" width=\"1200\" height=\"633\" src=\"https:\/\/jak.fi\/wp-content\/uploads\/2024\/06\/jak-metalli-oy-engineering-1-1200x633.jpg\" alt=\"\" class=\"wp-image-630\" srcset=\"https:\/\/jak.fi\/wp-content\/uploads\/2024\/06\/jak-metalli-oy-engineering-1-1200x633.jpg 1200w, https:\/\/jak.fi\/wp-content\/uploads\/2024\/06\/jak-metalli-oy-engineering-1-700x369.jpg 700w, https:\/\/jak.fi\/wp-content\/uploads\/2024\/06\/jak-metalli-oy-engineering-1-768x405.jpg 768w, https:\/\/jak.fi\/wp-content\/uploads\/2024\/06\/jak-metalli-oy-engineering-1-1536x810.jpg 1536w, https:\/\/jak.fi\/wp-content\/uploads\/2024\/06\/jak-metalli-oy-engineering-1-2048x1080.jpg 2048w, https:\/\/jak.fi\/wp-content\/uploads\/2024\/06\/jak-metalli-oy-engineering-1-800x422.jpg 800w\" sizes=\"auto, (max-width: 1200px) 100vw, 1200px\" \/><\/figure>\n\n<h2 class=\"wp-block-heading\">Coop\u00e9ration entre la production et les utilisateurs<\/h2>\n\n<p>Les applications et les march\u00e9s de nos produits varient consid\u00e9rablement en fonction du pays de destination. Nous voulons \u00eatre \u00e0 l&rsquo;\u00e9coute de nos clients et \u00eatre pr\u00eats \u00e0 faire \u00e9voluer nos produits. Notre conception est bas\u00e9e sur un dialogue avec nos clients. Notre objectif est de concevoir, en collaboration avec nos clients, des produits et des solutions r\u00e9pondant aux besoins des diff\u00e9rents pays cibles.   <\/p>\n\n<p>Notre service de conception travaille en \u00e9troite collaboration avec les services d&rsquo;essai et de production pour garantir la performance des produits. Nous analysons les informations pratiques et les exp\u00e9riences des utilisateurs finaux dans le monde entier. Ces donn\u00e9es servent d&rsquo;outil \u00e0 nos concepteurs pour am\u00e9liorer les produits existants et d\u00e9velopper des solutions enti\u00e8rement nouvelles.  <\/p>\n\n<div style=\"height:30px\" aria-hidden=\"true\" class=\"wp-block-spacer\"><\/div>\n\n<figure class=\"wp-block-image size-large\"><img loading=\"lazy\" decoding=\"async\" width=\"1200\" height=\"675\" src=\"https:\/\/jak.fi\/wp-content\/uploads\/2024\/06\/JAK-welding-worker-tree-shear-1200x675.jpg\" alt=\"\" class=\"wp-image-632\" srcset=\"https:\/\/jak.fi\/wp-content\/uploads\/2024\/06\/JAK-welding-worker-tree-shear-1200x675.jpg 1200w, https:\/\/jak.fi\/wp-content\/uploads\/2024\/06\/JAK-welding-worker-tree-shear-700x394.jpg 700w, https:\/\/jak.fi\/wp-content\/uploads\/2024\/06\/JAK-welding-worker-tree-shear-768x432.jpg 768w, https:\/\/jak.fi\/wp-content\/uploads\/2024\/06\/JAK-welding-worker-tree-shear-1536x864.jpg 1536w, https:\/\/jak.fi\/wp-content\/uploads\/2024\/06\/JAK-welding-worker-tree-shear-800x450.jpg 800w, https:\/\/jak.fi\/wp-content\/uploads\/2024\/06\/JAK-welding-worker-tree-shear.jpg 1920w\" sizes=\"auto, (max-width: 1200px) 100vw, 1200px\" \/><\/figure>\n","protected":false},"excerpt":{"rendered":"<p>Les grappins coupeurs JAK d&rsquo;origine depuis 2012. JAK-Metalli Oy est une entreprise exportatrice de l&rsquo;industrie m\u00e9tallurgique et l&rsquo;un des premiers d\u00e9veloppeurs et fabricants de grappins coupeurs sur le march\u00e9. Les Finlandais sont connus pour leur expertise exceptionnelle dans l&rsquo;industrie foresti\u00e8re \u2013 et nous ne faisons pas exception. Nos grappins coupeurs ont \u00e9volu\u00e9 vers leur forme [&hellip;]<\/p>\n","protected":false},"author":1,"featured_media":4114,"parent":3710,"menu_order":95,"comment_status":"closed","ping_status":"closed","template":"","meta":{"_acf_changed":false,"footnotes":""},"class_list":["post-4105","page","type-page","status-publish","has-post-thumbnail","hentry"],"acf":[],"yoast_head":"<!-- This site is optimized with the Yoast SEO plugin v27.2 - https:\/\/yoast.com\/product\/yoast-seo-wordpress\/ -->\n<title>JAK En tant qu&#039;entreprise &#8211; JAK-Metalli Oy<\/title>\n<meta name=\"description\" content=\"JAK-Metalli Oy est une entreprise exportatrice de l&#039;industrie m\u00e9tallurgique et l&#039;un des premiers d\u00e9veloppeurs et fabricants de grappins coupeurs sur le march\u00e9.\" \/>\n<meta name=\"robots\" content=\"index, follow, max-snippet:-1, max-image-preview:large, max-video-preview:-1\" \/>\n<link rel=\"canonical\" href=\"https:\/\/jak.fi\/fr\/entreprise\/jak-en-tant-quentreprise\/\" \/>\n<meta property=\"og:locale\" content=\"fr_FR\" \/>\n<meta property=\"og:type\" content=\"article\" \/>\n<meta property=\"og:title\" content=\"JAK En tant qu&#039;entreprise &#8211; JAK-Metalli Oy\" \/>\n<meta property=\"og:description\" content=\"JAK-Metalli Oy est une entreprise exportatrice de l&#039;industrie m\u00e9tallurgique et l&#039;un des premiers d\u00e9veloppeurs et fabricants de grappins coupeurs sur le march\u00e9.\" \/>\n<meta property=\"og:url\" content=\"https:\/\/jak.fi\/fr\/entreprise\/jak-en-tant-quentreprise\/\" \/>\n<meta property=\"og:site_name\" content=\"JAK-Metalli Oy\" \/>\n<meta property=\"article:publisher\" content=\"https:\/\/www.facebook.com\/jaktreeshears\" \/>\n<meta property=\"article:modified_time\" content=\"2025-04-01T06:56:58+00:00\" \/>\n<meta property=\"og:image\" content=\"https:\/\/jak.fi\/wp-content\/uploads\/2024\/06\/JAK_header_worker.jpg\" \/>\n\t<meta property=\"og:image:width\" content=\"2240\" \/>\n\t<meta property=\"og:image:height\" content=\"700\" \/>\n\t<meta property=\"og:image:type\" content=\"image\/jpeg\" \/>\n<meta name=\"twitter:card\" content=\"summary_large_image\" \/>\n<meta name=\"twitter:label1\" content=\"Dur\u00e9e de lecture estim\u00e9e\" \/>\n\t<meta name=\"twitter:data1\" content=\"5 minutes\" \/>\n<script type=\"application\/ld+json\" class=\"yoast-schema-graph\">{\"@context\":\"https:\/\/schema.org\",\"@graph\":[{\"@type\":\"WebPage\",\"@id\":\"https:\/\/jak.fi\/fr\/entreprise\/jak-en-tant-quentreprise\/\",\"url\":\"https:\/\/jak.fi\/fr\/entreprise\/jak-en-tant-quentreprise\/\",\"name\":\"JAK En tant qu'entreprise &#8211; JAK-Metalli Oy\",\"isPartOf\":{\"@id\":\"https:\/\/jak.fi\/fr\/#website\"},\"primaryImageOfPage\":{\"@id\":\"https:\/\/jak.fi\/fr\/entreprise\/jak-en-tant-quentreprise\/#primaryimage\"},\"image\":{\"@id\":\"https:\/\/jak.fi\/fr\/entreprise\/jak-en-tant-quentreprise\/#primaryimage\"},\"thumbnailUrl\":\"https:\/\/jak.fi\/wp-content\/uploads\/2024\/06\/JAK_header_worker.jpg\",\"datePublished\":\"2024-05-28T06:31:14+00:00\",\"dateModified\":\"2025-04-01T06:56:58+00:00\",\"description\":\"JAK-Metalli Oy est une entreprise exportatrice de l'industrie m\u00e9tallurgique et l'un des premiers d\u00e9veloppeurs et fabricants de grappins coupeurs sur le march\u00e9.\",\"breadcrumb\":{\"@id\":\"https:\/\/jak.fi\/fr\/entreprise\/jak-en-tant-quentreprise\/#breadcrumb\"},\"inLanguage\":\"fr-FR\",\"potentialAction\":[{\"@type\":\"ReadAction\",\"target\":[\"https:\/\/jak.fi\/fr\/entreprise\/jak-en-tant-quentreprise\/\"]}]},{\"@type\":\"ImageObject\",\"inLanguage\":\"fr-FR\",\"@id\":\"https:\/\/jak.fi\/fr\/entreprise\/jak-en-tant-quentreprise\/#primaryimage\",\"url\":\"https:\/\/jak.fi\/wp-content\/uploads\/2024\/06\/JAK_header_worker.jpg\",\"contentUrl\":\"https:\/\/jak.fi\/wp-content\/uploads\/2024\/06\/JAK_header_worker.jpg\",\"width\":2240,\"height\":700,\"caption\":\"Hitsaaja ty\u00f6skentelee energiakouran p\"},{\"@type\":\"BreadcrumbList\",\"@id\":\"https:\/\/jak.fi\/fr\/entreprise\/jak-en-tant-quentreprise\/#breadcrumb\",\"itemListElement\":[{\"@type\":\"ListItem\",\"position\":1,\"name\":\"Etusivu\",\"item\":\"https:\/\/jak.fi\/fr\/\"},{\"@type\":\"ListItem\",\"position\":2,\"name\":\"Entreprise\",\"item\":\"https:\/\/jak.fi\/fr\/entreprise\/\"},{\"@type\":\"ListItem\",\"position\":3,\"name\":\"JAK En tant qu&#8217;entreprise\"}]},{\"@type\":\"WebSite\",\"@id\":\"https:\/\/jak.fi\/fr\/#website\",\"url\":\"https:\/\/jak.fi\/fr\/\",\"name\":\"JAK-Metalli Oy\",\"description\":\"\",\"publisher\":{\"@id\":\"https:\/\/jak.fi\/fr\/#organization\"},\"alternateName\":\"JAK Tree shears\",\"potentialAction\":[{\"@type\":\"SearchAction\",\"target\":{\"@type\":\"EntryPoint\",\"urlTemplate\":\"https:\/\/jak.fi\/fr\/?s={search_term_string}\"},\"query-input\":{\"@type\":\"PropertyValueSpecification\",\"valueRequired\":true,\"valueName\":\"search_term_string\"}}],\"inLanguage\":\"fr-FR\"},{\"@type\":\"Organization\",\"@id\":\"https:\/\/jak.fi\/fr\/#organization\",\"name\":\"JAK-Metalli Oy\",\"alternateName\":\"JAK Tree shears\",\"url\":\"https:\/\/jak.fi\/fr\/\",\"logo\":{\"@type\":\"ImageObject\",\"inLanguage\":\"fr-FR\",\"@id\":\"https:\/\/jak.fi\/fr\/#\/schema\/logo\/image\/\",\"url\":\"https:\/\/jak.fi\/wp-content\/uploads\/2024\/09\/JAK-logo-696x696-1.jpg\",\"contentUrl\":\"https:\/\/jak.fi\/wp-content\/uploads\/2024\/09\/JAK-logo-696x696-1.jpg\",\"width\":696,\"height\":696,\"caption\":\"JAK-Metalli Oy\"},\"image\":{\"@id\":\"https:\/\/jak.fi\/fr\/#\/schema\/logo\/image\/\"},\"sameAs\":[\"https:\/\/www.facebook.com\/jaktreeshears\",\"https:\/\/www.instagram.com\/jaktreeshears\/\",\"https:\/\/www.youtube.com\/channel\/UCAwvaVhBBkPie8MeAGbdY1w\"]}]}<\/script>\n<!-- \/ Yoast SEO plugin. -->","yoast_head_json":{"title":"JAK En tant qu'entreprise &#8211; JAK-Metalli Oy","description":"JAK-Metalli Oy est une entreprise exportatrice de l'industrie m\u00e9tallurgique et l'un des premiers d\u00e9veloppeurs et fabricants de grappins coupeurs sur le march\u00e9.","robots":{"index":"index","follow":"follow","max-snippet":"max-snippet:-1","max-image-preview":"max-image-preview:large","max-video-preview":"max-video-preview:-1"},"canonical":"https:\/\/jak.fi\/fr\/entreprise\/jak-en-tant-quentreprise\/","og_locale":"fr_FR","og_type":"article","og_title":"JAK En tant qu'entreprise &#8211; JAK-Metalli Oy","og_description":"JAK-Metalli Oy est une entreprise exportatrice de l'industrie m\u00e9tallurgique et l'un des premiers d\u00e9veloppeurs et fabricants de grappins coupeurs sur le march\u00e9.","og_url":"https:\/\/jak.fi\/fr\/entreprise\/jak-en-tant-quentreprise\/","og_site_name":"JAK-Metalli Oy","article_publisher":"https:\/\/www.facebook.com\/jaktreeshears","article_modified_time":"2025-04-01T06:56:58+00:00","og_image":[{"width":2240,"height":700,"url":"https:\/\/jak.fi\/wp-content\/uploads\/2024\/06\/JAK_header_worker.jpg","type":"image\/jpeg"}],"twitter_card":"summary_large_image","twitter_misc":{"Dur\u00e9e de lecture estim\u00e9e":"5 minutes"},"schema":{"@context":"https:\/\/schema.org","@graph":[{"@type":"WebPage","@id":"https:\/\/jak.fi\/fr\/entreprise\/jak-en-tant-quentreprise\/","url":"https:\/\/jak.fi\/fr\/entreprise\/jak-en-tant-quentreprise\/","name":"JAK En tant qu'entreprise &#8211; JAK-Metalli Oy","isPartOf":{"@id":"https:\/\/jak.fi\/fr\/#website"},"primaryImageOfPage":{"@id":"https:\/\/jak.fi\/fr\/entreprise\/jak-en-tant-quentreprise\/#primaryimage"},"image":{"@id":"https:\/\/jak.fi\/fr\/entreprise\/jak-en-tant-quentreprise\/#primaryimage"},"thumbnailUrl":"https:\/\/jak.fi\/wp-content\/uploads\/2024\/06\/JAK_header_worker.jpg","datePublished":"2024-05-28T06:31:14+00:00","dateModified":"2025-04-01T06:56:58+00:00","description":"JAK-Metalli Oy est une entreprise exportatrice de l'industrie m\u00e9tallurgique et l'un des premiers d\u00e9veloppeurs et fabricants de grappins coupeurs sur le march\u00e9.","breadcrumb":{"@id":"https:\/\/jak.fi\/fr\/entreprise\/jak-en-tant-quentreprise\/#breadcrumb"},"inLanguage":"fr-FR","potentialAction":[{"@type":"ReadAction","target":["https:\/\/jak.fi\/fr\/entreprise\/jak-en-tant-quentreprise\/"]}]},{"@type":"ImageObject","inLanguage":"fr-FR","@id":"https:\/\/jak.fi\/fr\/entreprise\/jak-en-tant-quentreprise\/#primaryimage","url":"https:\/\/jak.fi\/wp-content\/uploads\/2024\/06\/JAK_header_worker.jpg","contentUrl":"https:\/\/jak.fi\/wp-content\/uploads\/2024\/06\/JAK_header_worker.jpg","width":2240,"height":700,"caption":"Hitsaaja ty\u00f6skentelee energiakouran p"},{"@type":"BreadcrumbList","@id":"https:\/\/jak.fi\/fr\/entreprise\/jak-en-tant-quentreprise\/#breadcrumb","itemListElement":[{"@type":"ListItem","position":1,"name":"Etusivu","item":"https:\/\/jak.fi\/fr\/"},{"@type":"ListItem","position":2,"name":"Entreprise","item":"https:\/\/jak.fi\/fr\/entreprise\/"},{"@type":"ListItem","position":3,"name":"JAK En tant qu&#8217;entreprise"}]},{"@type":"WebSite","@id":"https:\/\/jak.fi\/fr\/#website","url":"https:\/\/jak.fi\/fr\/","name":"JAK-Metalli Oy","description":"","publisher":{"@id":"https:\/\/jak.fi\/fr\/#organization"},"alternateName":"JAK Tree shears","potentialAction":[{"@type":"SearchAction","target":{"@type":"EntryPoint","urlTemplate":"https:\/\/jak.fi\/fr\/?s={search_term_string}"},"query-input":{"@type":"PropertyValueSpecification","valueRequired":true,"valueName":"search_term_string"}}],"inLanguage":"fr-FR"},{"@type":"Organization","@id":"https:\/\/jak.fi\/fr\/#organization","name":"JAK-Metalli Oy","alternateName":"JAK Tree shears","url":"https:\/\/jak.fi\/fr\/","logo":{"@type":"ImageObject","inLanguage":"fr-FR","@id":"https:\/\/jak.fi\/fr\/#\/schema\/logo\/image\/","url":"https:\/\/jak.fi\/wp-content\/uploads\/2024\/09\/JAK-logo-696x696-1.jpg","contentUrl":"https:\/\/jak.fi\/wp-content\/uploads\/2024\/09\/JAK-logo-696x696-1.jpg","width":696,"height":696,"caption":"JAK-Metalli Oy"},"image":{"@id":"https:\/\/jak.fi\/fr\/#\/schema\/logo\/image\/"},"sameAs":["https:\/\/www.facebook.com\/jaktreeshears","https:\/\/www.instagram.com\/jaktreeshears\/","https:\/\/www.youtube.com\/channel\/UCAwvaVhBBkPie8MeAGbdY1w"]}]}},"_links":{"self":[{"href":"https:\/\/jak.fi\/fr\/wp-json\/wp\/v2\/pages\/4105","targetHints":{"allow":["GET"]}}],"collection":[{"href":"https:\/\/jak.fi\/fr\/wp-json\/wp\/v2\/pages"}],"about":[{"href":"https:\/\/jak.fi\/fr\/wp-json\/wp\/v2\/types\/page"}],"author":[{"embeddable":true,"href":"https:\/\/jak.fi\/fr\/wp-json\/wp\/v2\/users\/1"}],"replies":[{"embeddable":true,"href":"https:\/\/jak.fi\/fr\/wp-json\/wp\/v2\/comments?post=4105"}],"version-history":[{"count":3,"href":"https:\/\/jak.fi\/fr\/wp-json\/wp\/v2\/pages\/4105\/revisions"}],"predecessor-version":[{"id":5116,"href":"https:\/\/jak.fi\/fr\/wp-json\/wp\/v2\/pages\/4105\/revisions\/5116"}],"up":[{"embeddable":true,"href":"https:\/\/jak.fi\/fr\/wp-json\/wp\/v2\/pages\/3710"}],"wp:featuredmedia":[{"embeddable":true,"href":"https:\/\/jak.fi\/fr\/wp-json\/wp\/v2\/media\/4114"}],"wp:attachment":[{"href":"https:\/\/jak.fi\/fr\/wp-json\/wp\/v2\/media?parent=4105"}],"curies":[{"name":"wp","href":"https:\/\/api.w.org\/{rel}","templated":true}]}}