{"id":4117,"date":"2024-05-21T15:31:08","date_gmt":"2024-05-21T12:31:08","guid":{"rendered":"https:\/\/jak.fi\/faq\/"},"modified":"2025-04-17T13:48:22","modified_gmt":"2025-04-17T10:48:22","slug":"faq","status":"publish","type":"page","link":"https:\/\/jak.fi\/fr\/faq\/","title":{"rendered":"FAQ"},"content":{"rendered":"\n<h2 class=\"wp-block-heading has-text-align-center\">R\u00e9ponses aux questions les plus fr\u00e9quemment pos\u00e9es<\/h2>\n\n<div style=\"height:100px\" aria-hidden=\"true\" class=\"wp-block-spacer\"><\/div>\n\n<p class=\"has-red-color has-text-color has-link-color wp-elements-36d8b70d4e37a897b5df1e00c2f0ecd5\"><strong>Le grappin coupeur fonctionne-t-il par l&rsquo;interm\u00e9diaire du rotateur ?<\/strong><\/p>\n\n<p>\u00c7a marche. En \u00e9quipant le grappin coupeur du syst\u00e8me hydraulique eBoost et du v\u00e9rin LP, il fonctionne avec rapidit\u00e9 et puissance. <\/p>\n\n<p><\/p>\n\n<p class=\"has-red-color has-text-color has-link-color wp-elements-47fe6c79caf70f761c43a05fa070bc19\"><strong>Que demande un collecteur de d\u00e9chets en vrac \u00e0 une machine de base pour fonctionner ?<\/strong><\/p>\n\n<p>Un syst\u00e8me hydraulique \u00e0 double effet suffit. En fonction de la capacit\u00e9 de la machine de base, la meilleure option pour la mise en \u0153uvre de l&rsquo;accouplement est toujours envisag\u00e9e. <\/p>\n\n<p><\/p>\n\n<p class=\"has-red-color has-text-color has-link-color wp-elements-fbe9c2c3278e88aac1ba7b22afffab36\"><strong>Quelle quantit\u00e9 de bois peut \u00eatre collect\u00e9e dans un bac en vrac ?<\/strong><\/p>\n\n<p>Par le diam\u00e8tre de la lame de coupe. Ainsi, par exemple, dans un collecteur de masse JAK-300, vous pouvez collecter 300 mm de bois \u00e0 partir de l&rsquo;extr\u00e9mit\u00e9 de la racine. <\/p>\n\n<p><\/p>\n\n<p class=\"has-red-color has-text-color has-link-color wp-elements-41a6f94598ed524973b6c352fe9ae817\"><strong>Quelle est la pression d&rsquo;huile\/litre n\u00e9cessaire au grappin coupeur ?<\/strong><\/p>\n\n<p>Veuillez consulter les informations techniques sur la page du produit pour conna\u00eetre le grappin coupeur sp\u00e9cifique.<\/p>\n\n<p><\/p>\n\n<p class=\"has-red-color has-text-color has-link-color wp-elements-56b8bd628057098a2fa8b6d7c77efba3\"><strong>Le grappin coupeur poss\u00e8de-t-il une fonction d&rsquo;\u00e9lagage ?<\/strong><\/p>\n\n<p>Non.<\/p>\n\n<p><\/p>\n\n<p class=\"has-red-color has-text-color has-link-color wp-elements-280b58321358e87f5c2633f7ef5b1598\"><strong>La guillotine est-elle disponible dans des tailles autres que 350 ?<\/strong><\/p>\n\n<p>Non.<\/p>\n\n<p><\/p>\n\n<p class=\"has-red-color has-text-color has-link-color wp-elements-3c0a55863f0ab7c6fc73076defb5e228\"><strong>Un collecteur de masse est-il disponible pour le grappin coupeur d&rsquo;\u00e9nergie de la s\u00e9rie K ?<\/strong><\/p>\n\n<p>Non.<\/p>\n\n<p><\/p>\n\n<p class=\"has-red-color has-text-color has-link-color wp-elements-475aa5edf9ae864ab75337694ace6309\"><strong>Existe-t-il un collecteur de masse pour le grappin coupeur d&rsquo;\u00e9nergie JAK-200B ?<\/strong><\/p>\n\n<p>Oui.<\/p>\n\n<p><\/p>\n\n<p class=\"has-red-color has-text-color has-link-color wp-elements-c6908249325bdaec0a923ff0141e8cfd\"><strong>Qu&rsquo;est-ce qui rend le grappin coupeur JAK meilleur que les autres grappins coupeurs ?<\/strong><\/p>\n\n<p>Par exemple, la garantie, les avantages offerts par le syst\u00e8me hydraulique eBoost, la fabrication de tous les grappins coupeurs de A \u00e0 Z dans nos propres usines, et le certificat HIMB.<\/p>\n\n<p><\/p>\n\n<p class=\"has-red-color has-text-color has-link-color wp-elements-b035b6c186ee69b9636ddae2336ebacb\"><strong>La neige ou les impuret\u00e9s s&rsquo;accumulent-elles \u00e0 l&rsquo;int\u00e9rieur du grappin coupeur ?<\/strong><\/p>\n\n<p>Gr\u00e2ce \u00e0 sa structure ouverte, la neige et les impuret\u00e9s ne s&rsquo;accumulent pas \u00e0 l&rsquo;int\u00e9rieur du grappin coupeur.<\/p>\n\n<p><\/p>\n\n<p class=\"has-red-color has-text-color has-link-color wp-elements-2d516b916f6bf8b4f183afb83f49d750\"><strong>La garantie fonctionnera-t-elle en cas de besoin ?<\/strong><\/p>\n\n<p>Bien s\u00fbr ! Toutes les r\u00e9clamations au titre de la garantie seront trait\u00e9es rapidement et tout dommage couvert par la garantie fera l&rsquo;objet d&rsquo;une r\u00e9ponse. <\/p>\n","protected":false},"excerpt":{"rendered":"<p>R\u00e9ponses aux questions les plus fr\u00e9quemment pos\u00e9es Le grappin coupeur fonctionne-t-il par l&rsquo;interm\u00e9diaire du rotateur ? \u00c7a marche. En \u00e9quipant le grappin coupeur du syst\u00e8me hydraulique eBoost et du v\u00e9rin LP, il fonctionne avec rapidit\u00e9 et puissance. Que demande un collecteur de d\u00e9chets en vrac \u00e0 une machine de base pour fonctionner ? Un syst\u00e8me [&hellip;]<\/p>\n","protected":false},"author":1,"featured_media":0,"parent":0,"menu_order":156,"comment_status":"closed","ping_status":"closed","template":"page-narrow.php","meta":{"_acf_changed":false,"footnotes":""},"class_list":["post-4117","page","type-page","status-publish","hentry"],"acf":[],"yoast_head":"<!-- This site is optimized with the Yoast SEO plugin v27.3 - https:\/\/yoast.com\/product\/yoast-seo-wordpress\/ -->\n<title>FAQ &#8211; JAK-Metalli Oy<\/title>\n<meta name=\"description\" content=\"R\u00e9ponses aux questions fr\u00e9quemment pos\u00e9es sur les grappins coupeurs d&#039;\u00e9nergie, leur installation et leur utilisation. Trouvez facilement des solutions en un seul endroit.\" \/>\n<meta name=\"robots\" content=\"index, follow, max-snippet:-1, max-image-preview:large, max-video-preview:-1\" \/>\n<link rel=\"canonical\" href=\"https:\/\/jak.fi\/fr\/faq\/\" \/>\n<meta property=\"og:locale\" content=\"fr_FR\" \/>\n<meta property=\"og:type\" content=\"article\" \/>\n<meta property=\"og:title\" content=\"FAQ &#8211; JAK-Metalli Oy\" \/>\n<meta property=\"og:description\" content=\"R\u00e9ponses aux questions fr\u00e9quemment pos\u00e9es sur les grappins coupeurs d&#039;\u00e9nergie, leur installation et leur utilisation. Trouvez facilement des solutions en un seul endroit.\" \/>\n<meta property=\"og:url\" content=\"https:\/\/jak.fi\/fr\/faq\/\" \/>\n<meta property=\"og:site_name\" content=\"JAK-Metalli Oy\" \/>\n<meta property=\"article:publisher\" content=\"https:\/\/www.facebook.com\/jaktreeshears\" \/>\n<meta property=\"article:modified_time\" content=\"2025-04-17T10:48:22+00:00\" \/>\n<meta property=\"og:image\" content=\"https:\/\/jak.fi\/wp-content\/uploads\/2024\/05\/jak-ylakuva-1-2000x600px-1.jpg\" \/>\n\t<meta property=\"og:image:width\" content=\"2000\" \/>\n\t<meta property=\"og:image:height\" content=\"600\" \/>\n\t<meta property=\"og:image:type\" content=\"image\/jpeg\" \/>\n<meta name=\"twitter:card\" content=\"summary_large_image\" \/>\n<meta name=\"twitter:label1\" content=\"Dur\u00e9e de lecture estim\u00e9e\" \/>\n\t<meta name=\"twitter:data1\" content=\"2 minutes\" \/>\n<script type=\"application\/ld+json\" class=\"yoast-schema-graph\">{\"@context\":\"https:\\\/\\\/schema.org\",\"@graph\":[{\"@type\":\"WebPage\",\"@id\":\"https:\\\/\\\/jak.fi\\\/fr\\\/faq\\\/\",\"url\":\"https:\\\/\\\/jak.fi\\\/fr\\\/faq\\\/\",\"name\":\"FAQ &#8211; JAK-Metalli Oy\",\"isPartOf\":{\"@id\":\"https:\\\/\\\/jak.fi\\\/fr\\\/#website\"},\"datePublished\":\"2024-05-21T12:31:08+00:00\",\"dateModified\":\"2025-04-17T10:48:22+00:00\",\"description\":\"R\u00e9ponses aux questions fr\u00e9quemment pos\u00e9es sur les grappins coupeurs d'\u00e9nergie, leur installation et leur utilisation. Trouvez facilement des solutions en un seul endroit.\",\"breadcrumb\":{\"@id\":\"https:\\\/\\\/jak.fi\\\/fr\\\/faq\\\/#breadcrumb\"},\"inLanguage\":\"fr-FR\",\"potentialAction\":[{\"@type\":\"ReadAction\",\"target\":[\"https:\\\/\\\/jak.fi\\\/fr\\\/faq\\\/\"]}]},{\"@type\":\"BreadcrumbList\",\"@id\":\"https:\\\/\\\/jak.fi\\\/fr\\\/faq\\\/#breadcrumb\",\"itemListElement\":[{\"@type\":\"ListItem\",\"position\":1,\"name\":\"Etusivu\",\"item\":\"https:\\\/\\\/jak.fi\\\/fr\\\/\"},{\"@type\":\"ListItem\",\"position\":2,\"name\":\"FAQ\"}]},{\"@type\":\"WebSite\",\"@id\":\"https:\\\/\\\/jak.fi\\\/fr\\\/#website\",\"url\":\"https:\\\/\\\/jak.fi\\\/fr\\\/\",\"name\":\"JAK-Metalli Oy\",\"description\":\"\",\"publisher\":{\"@id\":\"https:\\\/\\\/jak.fi\\\/fr\\\/#organization\"},\"alternateName\":\"JAK Tree shears\",\"potentialAction\":[{\"@type\":\"SearchAction\",\"target\":{\"@type\":\"EntryPoint\",\"urlTemplate\":\"https:\\\/\\\/jak.fi\\\/fr\\\/?s={search_term_string}\"},\"query-input\":{\"@type\":\"PropertyValueSpecification\",\"valueRequired\":true,\"valueName\":\"search_term_string\"}}],\"inLanguage\":\"fr-FR\"},{\"@type\":\"Organization\",\"@id\":\"https:\\\/\\\/jak.fi\\\/fr\\\/#organization\",\"name\":\"JAK-Metalli Oy\",\"alternateName\":\"JAK Tree shears\",\"url\":\"https:\\\/\\\/jak.fi\\\/fr\\\/\",\"logo\":{\"@type\":\"ImageObject\",\"inLanguage\":\"fr-FR\",\"@id\":\"https:\\\/\\\/jak.fi\\\/fr\\\/#\\\/schema\\\/logo\\\/image\\\/\",\"url\":\"https:\\\/\\\/jak.fi\\\/wp-content\\\/uploads\\\/2024\\\/09\\\/JAK-logo-696x696-1.jpg\",\"contentUrl\":\"https:\\\/\\\/jak.fi\\\/wp-content\\\/uploads\\\/2024\\\/09\\\/JAK-logo-696x696-1.jpg\",\"width\":696,\"height\":696,\"caption\":\"JAK-Metalli Oy\"},\"image\":{\"@id\":\"https:\\\/\\\/jak.fi\\\/fr\\\/#\\\/schema\\\/logo\\\/image\\\/\"},\"sameAs\":[\"https:\\\/\\\/www.facebook.com\\\/jaktreeshears\",\"https:\\\/\\\/www.instagram.com\\\/jaktreeshears\\\/\",\"https:\\\/\\\/www.youtube.com\\\/channel\\\/UCAwvaVhBBkPie8MeAGbdY1w\"]}]}<\/script>\n<!-- \/ Yoast SEO plugin. -->","yoast_head_json":{"title":"FAQ &#8211; JAK-Metalli Oy","description":"R\u00e9ponses aux questions fr\u00e9quemment pos\u00e9es sur les grappins coupeurs d'\u00e9nergie, leur installation et leur utilisation. Trouvez facilement des solutions en un seul endroit.","robots":{"index":"index","follow":"follow","max-snippet":"max-snippet:-1","max-image-preview":"max-image-preview:large","max-video-preview":"max-video-preview:-1"},"canonical":"https:\/\/jak.fi\/fr\/faq\/","og_locale":"fr_FR","og_type":"article","og_title":"FAQ &#8211; JAK-Metalli Oy","og_description":"R\u00e9ponses aux questions fr\u00e9quemment pos\u00e9es sur les grappins coupeurs d'\u00e9nergie, leur installation et leur utilisation. Trouvez facilement des solutions en un seul endroit.","og_url":"https:\/\/jak.fi\/fr\/faq\/","og_site_name":"JAK-Metalli Oy","article_publisher":"https:\/\/www.facebook.com\/jaktreeshears","article_modified_time":"2025-04-17T10:48:22+00:00","og_image":[{"width":2000,"height":600,"url":"https:\/\/jak.fi\/wp-content\/uploads\/2024\/05\/jak-ylakuva-1-2000x600px-1.jpg","type":"image\/jpeg"}],"twitter_card":"summary_large_image","twitter_misc":{"Dur\u00e9e de lecture estim\u00e9e":"2 minutes"},"schema":{"@context":"https:\/\/schema.org","@graph":[{"@type":"WebPage","@id":"https:\/\/jak.fi\/fr\/faq\/","url":"https:\/\/jak.fi\/fr\/faq\/","name":"FAQ &#8211; JAK-Metalli Oy","isPartOf":{"@id":"https:\/\/jak.fi\/fr\/#website"},"datePublished":"2024-05-21T12:31:08+00:00","dateModified":"2025-04-17T10:48:22+00:00","description":"R\u00e9ponses aux questions fr\u00e9quemment pos\u00e9es sur les grappins coupeurs d'\u00e9nergie, leur installation et leur utilisation. Trouvez facilement des solutions en un seul endroit.","breadcrumb":{"@id":"https:\/\/jak.fi\/fr\/faq\/#breadcrumb"},"inLanguage":"fr-FR","potentialAction":[{"@type":"ReadAction","target":["https:\/\/jak.fi\/fr\/faq\/"]}]},{"@type":"BreadcrumbList","@id":"https:\/\/jak.fi\/fr\/faq\/#breadcrumb","itemListElement":[{"@type":"ListItem","position":1,"name":"Etusivu","item":"https:\/\/jak.fi\/fr\/"},{"@type":"ListItem","position":2,"name":"FAQ"}]},{"@type":"WebSite","@id":"https:\/\/jak.fi\/fr\/#website","url":"https:\/\/jak.fi\/fr\/","name":"JAK-Metalli Oy","description":"","publisher":{"@id":"https:\/\/jak.fi\/fr\/#organization"},"alternateName":"JAK Tree shears","potentialAction":[{"@type":"SearchAction","target":{"@type":"EntryPoint","urlTemplate":"https:\/\/jak.fi\/fr\/?s={search_term_string}"},"query-input":{"@type":"PropertyValueSpecification","valueRequired":true,"valueName":"search_term_string"}}],"inLanguage":"fr-FR"},{"@type":"Organization","@id":"https:\/\/jak.fi\/fr\/#organization","name":"JAK-Metalli Oy","alternateName":"JAK Tree shears","url":"https:\/\/jak.fi\/fr\/","logo":{"@type":"ImageObject","inLanguage":"fr-FR","@id":"https:\/\/jak.fi\/fr\/#\/schema\/logo\/image\/","url":"https:\/\/jak.fi\/wp-content\/uploads\/2024\/09\/JAK-logo-696x696-1.jpg","contentUrl":"https:\/\/jak.fi\/wp-content\/uploads\/2024\/09\/JAK-logo-696x696-1.jpg","width":696,"height":696,"caption":"JAK-Metalli Oy"},"image":{"@id":"https:\/\/jak.fi\/fr\/#\/schema\/logo\/image\/"},"sameAs":["https:\/\/www.facebook.com\/jaktreeshears","https:\/\/www.instagram.com\/jaktreeshears\/","https:\/\/www.youtube.com\/channel\/UCAwvaVhBBkPie8MeAGbdY1w"]}]}},"_links":{"self":[{"href":"https:\/\/jak.fi\/fr\/wp-json\/wp\/v2\/pages\/4117","targetHints":{"allow":["GET"]}}],"collection":[{"href":"https:\/\/jak.fi\/fr\/wp-json\/wp\/v2\/pages"}],"about":[{"href":"https:\/\/jak.fi\/fr\/wp-json\/wp\/v2\/types\/page"}],"author":[{"embeddable":true,"href":"https:\/\/jak.fi\/fr\/wp-json\/wp\/v2\/users\/1"}],"replies":[{"embeddable":true,"href":"https:\/\/jak.fi\/fr\/wp-json\/wp\/v2\/comments?post=4117"}],"version-history":[{"count":4,"href":"https:\/\/jak.fi\/fr\/wp-json\/wp\/v2\/pages\/4117\/revisions"}],"predecessor-version":[{"id":8073,"href":"https:\/\/jak.fi\/fr\/wp-json\/wp\/v2\/pages\/4117\/revisions\/8073"}],"wp:attachment":[{"href":"https:\/\/jak.fi\/fr\/wp-json\/wp\/v2\/media?parent=4117"}],"curies":[{"name":"wp","href":"https:\/\/api.w.org\/{rel}","templated":true}]}}