{"id":4120,"date":"2024-05-28T09:32:03","date_gmt":"2024-05-28T06:32:03","guid":{"rendered":"https:\/\/jak.fi\/entreprise\/jak-en-tant-quemployeur\/"},"modified":"2025-08-18T09:23:05","modified_gmt":"2025-08-18T06:23:05","slug":"jak-en-tant-quemployeur","status":"publish","type":"page","link":"https:\/\/jak.fi\/fr\/entreprise\/jak-en-tant-quemployeur\/","title":{"rendered":"JAK en tant qu&#8217;employeur"},"content":{"rendered":"\n<div style=\"height:30px\" aria-hidden=\"true\" class=\"wp-block-spacer\"><\/div>\n\n\n\n<p class=\"has-text-align-center has-red-color has-text-color has-link-color has-medium-font-size wp-elements-6c9e18a7ceabbf5a38921822a8a3dee6\">Notre vision est d\u2019\u00eatre le meilleur, le plus recherch\u00e9 et le plus fiable partenaire international en tant que fabricant de grappins coupeurs. C\u2019est pourquoi nous investissons dans le savoir-faire et la volont\u00e9 de nous d\u00e9velopper pour devenir les meilleurs du secteur.<\/p>\n\n\n\n<h2 class=\"wp-block-heading has-text-align-center\">JAK-Metalli Oy en tant qu&#8217;employeur<\/h2>\n\n\n\n<div class=\"wp-block-columns is-layout-flex wp-container-core-columns-is-layout-9d6595d7 wp-block-columns-is-layout-flex\">\n<div class=\"wp-block-column is-layout-flow wp-block-column-is-layout-flow\">\n<p>JAK-Metalli Oy est une PME orient\u00e9e vers la croissance et dot\u00e9e d&rsquo;une forte vision de l&rsquo;internationalisation. En tant qu&#8217;employeur, nous employons actuellement une vingtaine de personnes. En outre, un grand nombre de personnes travaillant dans les domaines de la vente, du marketing et de la logistique sont \u00e9troitement li\u00e9es \u00e0 nos activit\u00e9s.  <\/p>\n\n\n\n<p>Notre usine de M\u00e4ntt\u00e4 est la base de nos op\u00e9rations, offrant un cadre de haute qualit\u00e9 pour la production et le bien-\u00eatre du personnel. Le principe de base est que chacun de nos produits est fabriqu\u00e9 du d\u00e9but \u00e0 la fin en interne, ce qui nous permet de contr\u00f4ler la qualit\u00e9 de la production \u00e0 chaque \u00e9tape. Cela permet \u00e9galement \u00e0 notre personnel de voir les r\u00e9sultats tangibles de leur travail.  <\/p>\n<\/div>\n\n\n\n<div class=\"wp-block-column is-layout-flow wp-block-column-is-layout-flow\">\n<p>Notre usine allie l&rsquo;automatisation moderne au savoir-faire artisanal finlandais. C&rsquo;est l&rsquo;une des pierres angulaires de nos activit\u00e9s, car nous n&rsquo;avons jamais voulu concurrencer le march\u00e9 avec des prix et une qualit\u00e9 inf\u00e9rieurs. Le travail finlandais est appr\u00e9ci\u00e9 dans le monde entier et nous voulons que cela se refl\u00e8te dans nos produits. C&rsquo;est pourquoi nous sommes particuli\u00e8rement fiers de nos employ\u00e9s qualifi\u00e9s, qui sont \u00e0 l&rsquo;origine de la qualit\u00e9 de nos produits. Nos employ\u00e9s engag\u00e9s apportent \u00e9galement une v\u00e9ritable contribution \u00e0 l&rsquo;entreprise et l&rsquo;esprit de collaboration est palpable. Nous avons \u00e9galement un environnement de travail soud\u00e9 et plein d&rsquo;humour, ce qui fait qu&rsquo;il est agr\u00e9able de venir travailler.     <\/p>\n<\/div>\n<\/div>\n\n\n\n<figure class=\"wp-block-image size-full\"><img loading=\"lazy\" decoding=\"async\" width=\"1920\" height=\"1280\" src=\"https:\/\/jak.fi\/wp-content\/uploads\/2024\/06\/henkilosto-kuvitus-3.jpg\" alt=\"\" class=\"wp-image-942\" srcset=\"https:\/\/jak.fi\/wp-content\/uploads\/2024\/06\/henkilosto-kuvitus-3.jpg 1920w, https:\/\/jak.fi\/wp-content\/uploads\/2024\/06\/henkilosto-kuvitus-3-700x467.jpg 700w, https:\/\/jak.fi\/wp-content\/uploads\/2024\/06\/henkilosto-kuvitus-3-1200x800.jpg 1200w, https:\/\/jak.fi\/wp-content\/uploads\/2024\/06\/henkilosto-kuvitus-3-768x512.jpg 768w, https:\/\/jak.fi\/wp-content\/uploads\/2024\/06\/henkilosto-kuvitus-3-1536x1024.jpg 1536w, https:\/\/jak.fi\/wp-content\/uploads\/2024\/06\/henkilosto-kuvitus-3-800x533.jpg 800w\" sizes=\"auto, (max-width: 1920px) 100vw, 1920px\" \/><\/figure>\n\n\n\n<div class=\"wp-block-media-text is-stacked-on-mobile is-image-fill-element\"><figure class=\"wp-block-media-text__media\"><img loading=\"lazy\" decoding=\"async\" width=\"1200\" height=\"800\" src=\"https:\/\/jak.fi\/wp-content\/uploads\/2024\/06\/henkilosto-kuvitus-4-1200x800.jpg\" alt=\"\" class=\"wp-image-937 size-full\" style=\"object-position:39% 29%\" srcset=\"https:\/\/jak.fi\/wp-content\/uploads\/2024\/06\/henkilosto-kuvitus-4-1200x800.jpg 1200w, https:\/\/jak.fi\/wp-content\/uploads\/2024\/06\/henkilosto-kuvitus-4-700x467.jpg 700w, https:\/\/jak.fi\/wp-content\/uploads\/2024\/06\/henkilosto-kuvitus-4-768x512.jpg 768w, https:\/\/jak.fi\/wp-content\/uploads\/2024\/06\/henkilosto-kuvitus-4-1536x1024.jpg 1536w, https:\/\/jak.fi\/wp-content\/uploads\/2024\/06\/henkilosto-kuvitus-4-800x533.jpg 800w, https:\/\/jak.fi\/wp-content\/uploads\/2024\/06\/henkilosto-kuvitus-4.jpg 1920w\" sizes=\"auto, (max-width: 1200px) 100vw, 1200px\" \/><\/figure><div class=\"wp-block-media-text__content\">\n<p><\/p>\n\n\n\n<h3 class=\"wp-block-heading\">FAQ<\/h3>\n\n\n\n<p><strong>Quelles sont les comp\u00e9tences qui vous int\u00e9ressent le plus ?<\/strong><br>Professionnels du secteur de la m\u00e9tallurgie.<\/p>\n\n\n\n<p><strong>Voinko j\u00e4tt\u00e4\u00e4 avoimen hakemuksen?<\/strong><br>Tietenkin! L\u00e4het\u00e4 avoin hakemus alla olevalla lomakkeella tai l\u00e4het\u00e4 s\u00e4hk\u00f6postia osoitteeseen <a href=\"mailto:rekry@jak.fi\">rekry@jak.fi<\/a><\/p>\n\n\n\n<p><strong>Embauchez-vous des travailleurs d&rsquo;\u00e9t\u00e9 ?<\/strong><br>Notre usine est ferm\u00e9e en juillet, nous n&rsquo;avons donc pas besoin de travailleurs d&rsquo;\u00e9t\u00e9.<\/p>\n\n\n\n<p><strong>Offrez-vous des possibilit\u00e9s de stage ou de th\u00e8se ?<\/strong><br>Oui ! N&rsquo;h\u00e9sitez pas \u00e0 nous contacter pour en savoir plus. <\/p>\n<\/div><\/div>\n\n\n\n<h2 class=\"wp-block-heading\">Contactez nous !<\/h2>\n\n\n\n<div class=\"wpcf7 no-js\" id=\"wpcf7-f3776-o1\" lang=\"fr-FR\" dir=\"ltr\" data-wpcf7-id=\"3776\">\n<div class=\"screen-reader-response\"><p role=\"status\" aria-live=\"polite\" aria-atomic=\"true\"><\/p> <ul><\/ul><\/div>\n<form action=\"\/fr\/wp-json\/wp\/v2\/pages\/4120#wpcf7-f3776-o1\" method=\"post\" class=\"wpcf7-form init\" aria-label=\"Formulaire de contact\" novalidate=\"novalidate\" data-status=\"init\">\n<fieldset class=\"hidden-fields-container\"><input type=\"hidden\" name=\"_wpcf7\" value=\"3776\" \/><input type=\"hidden\" name=\"_wpcf7_version\" value=\"6.1.5\" \/><input type=\"hidden\" name=\"_wpcf7_locale\" value=\"fr_FR\" \/><input type=\"hidden\" name=\"_wpcf7_unit_tag\" value=\"wpcf7-f3776-o1\" \/><input type=\"hidden\" name=\"_wpcf7_container_post\" value=\"0\" \/><input type=\"hidden\" name=\"_wpcf7_posted_data_hash\" value=\"\" \/><input type=\"hidden\" name=\"_wpcf7_recaptcha_response\" value=\"\" \/>\n<\/fieldset>\n<div class=\"row\">\n\t<div class=\"col-6 col-md-12 col-lg-6\">\n\t\t<div class=\"form-group\">\n\t\t\t<p><label class=\"control-label\">Pr\u00e9nom<\/label><br \/>\n<span class=\"wpcf7-form-control-wrap\" data-name=\"etunimi\"><input size=\"40\" maxlength=\"400\" class=\"wpcf7-form-control wpcf7-text wpcf7-validates-as-required form-control\" aria-required=\"true\" aria-invalid=\"false\" value=\"\" type=\"text\" name=\"etunimi\" \/><\/span>\n\t\t\t<\/p>\n\t\t<\/div>\n\t<\/div>\n\t<div class=\"col-6 col-md-12 col-lg-6\">\n\t\t<div class=\"form-group\">\n\t\t\t<p><label class=\"control-label\">Nom de famille<\/label><br \/>\n<span class=\"wpcf7-form-control-wrap\" data-name=\"sukunimi\"><input size=\"40\" maxlength=\"400\" class=\"wpcf7-form-control wpcf7-text wpcf7-validates-as-required form-control\" aria-required=\"true\" aria-invalid=\"false\" value=\"\" type=\"text\" name=\"sukunimi\" \/><\/span>\n\t\t\t<\/p>\n\t\t<\/div>\n\t<\/div>\n<\/div>\n<div class=\"form-group\">\n\t<p><label class=\"control-label\">Courriel<\/label><br \/>\n<span class=\"wpcf7-form-control-wrap\" data-name=\"sahkoposti\"><input size=\"40\" maxlength=\"400\" class=\"wpcf7-form-control wpcf7-email wpcf7-validates-as-required wpcf7-text wpcf7-validates-as-email form-control\" autocomplete=\"email\" aria-required=\"true\" aria-invalid=\"false\" value=\"\" type=\"email\" name=\"sahkoposti\" \/><\/span>\n\t<\/p>\n<\/div>\n<div class=\"form-group\">\n\t<p><label class=\"control-label\">Votre message<\/label><br \/>\n<span class=\"wpcf7-form-control-wrap\" data-name=\"viestisi\"><textarea cols=\"40\" rows=\"3\" maxlength=\"2000\" class=\"wpcf7-form-control wpcf7-textarea wpcf7-validates-as-required form-control\" aria-required=\"true\" aria-invalid=\"false\" name=\"viestisi\"><\/textarea><\/span>\n\t<\/p>\n<\/div>\n<p><span id=\"wpcf7-69d644ce6bd21-wrapper\" class=\"wpcf7-form-control-wrap email-65-wrap\" style=\"display:none !important; visibility:hidden !important;\"><input type=\"hidden\" name=\"email-65-time-start\" value=\"1775649998\"><input type=\"hidden\" name=\"email-65-time-check\" value=\"10\"><label for=\"wpcf7-69d644ce6bd21-field\" class=\"hp-message\">Veuillez laisser ce champ vide.<\/label><input id=\"wpcf7-69d644ce6bd21-field\"  class=\"wpcf7-form-control wpcf7-text\" type=\"text\" name=\"email-65\" value=\"\" size=\"40\" tabindex=\"-1\" autocomplete=\"new-password\" \/><\/span><br \/>\n<span class=\"wpcf7-form-control-wrap recaptcha\" data-name=\"recaptcha\"><span data-sitekey=\"6LeH2ykqAAAAABeGFDaq9eWSEJ__65SpcwjgWBPL\" class=\"wpcf7-form-control wpcf7-recaptcha g-recaptcha\"><\/span>\r\n<noscript>\r\n\t<div class=\"grecaptcha-noscript\">\r\n\t\t<iframe loading=\"lazy\" src=\"https:\/\/www.google.com\/recaptcha\/api\/fallback?k=6LeH2ykqAAAAABeGFDaq9eWSEJ__65SpcwjgWBPL\" frameborder=\"0\" scrolling=\"no\" width=\"310\" height=\"430\">\r\n\t\t<\/iframe>\r\n\t\t<textarea name=\"g-recaptcha-response\" rows=\"3\" cols=\"40\" placeholder=\"reCaptcha Response Here\">\r\n\t\t<\/textarea>\r\n\t<\/div>\r\n<\/noscript>\r\n<\/span><br \/>\n<input class=\"wpcf7-form-control wpcf7-submit has-spinner btn\" type=\"submit\" value=\"Envoyer \u00e0\" \/>\n<\/p><div class=\"wpcf7-response-output\" aria-hidden=\"true\"><\/div>\n<\/form>\n<\/div>\n\n","protected":false},"excerpt":{"rendered":"<p>Notre vision est d\u2019\u00eatre le meilleur, le plus recherch\u00e9 et le plus fiable partenaire international en tant que fabricant de grappins coupeurs. C\u2019est pourquoi nous investissons dans le savoir-faire et la volont\u00e9 de nous d\u00e9velopper pour devenir les meilleurs du secteur. JAK-Metalli Oy en tant qu&#8217;employeur JAK-Metalli Oy est une PME orient\u00e9e vers la croissance [&hellip;]<\/p>\n","protected":false},"author":1,"featured_media":4125,"parent":3710,"menu_order":87,"comment_status":"closed","ping_status":"closed","template":"","meta":{"_acf_changed":false,"footnotes":""},"class_list":["post-4120","page","type-page","status-publish","has-post-thumbnail","hentry"],"acf":[],"yoast_head":"<!-- This site is optimized with the Yoast SEO plugin v27.2 - https:\/\/yoast.com\/product\/yoast-seo-wordpress\/ -->\n<title>JAK en tant qu&#039;employeur &#8211; JAK-Metalli Oy<\/title>\n<meta name=\"description\" content=\"Notre vision est d&#039;\u00eatre le meilleur, le plus recherch\u00e9 et le plus fiable partenaire international en tant que fabricant de grappins coupeurs.\" \/>\n<meta name=\"robots\" content=\"index, follow, max-snippet:-1, max-image-preview:large, max-video-preview:-1\" \/>\n<link rel=\"canonical\" href=\"https:\/\/jak.fi\/fr\/entreprise\/jak-en-tant-quemployeur\/\" \/>\n<meta property=\"og:locale\" content=\"fr_FR\" \/>\n<meta property=\"og:type\" content=\"article\" \/>\n<meta property=\"og:title\" content=\"JAK en tant qu&#039;employeur &#8211; JAK-Metalli Oy\" \/>\n<meta property=\"og:description\" content=\"Notre vision est d&#039;\u00eatre le meilleur, le plus recherch\u00e9 et le plus fiable partenaire international en tant que fabricant de grappins coupeurs.\" \/>\n<meta property=\"og:url\" content=\"https:\/\/jak.fi\/fr\/entreprise\/jak-en-tant-quemployeur\/\" \/>\n<meta property=\"og:site_name\" content=\"JAK-Metalli Oy\" \/>\n<meta property=\"article:publisher\" content=\"https:\/\/www.facebook.com\/jaktreeshears\" \/>\n<meta property=\"article:modified_time\" content=\"2025-08-18T06:23:05+00:00\" \/>\n<meta property=\"og:image\" content=\"https:\/\/jak.fi\/wp-content\/uploads\/2024\/06\/JAK_header_employer.jpg\" \/>\n\t<meta property=\"og:image:width\" content=\"2240\" \/>\n\t<meta property=\"og:image:height\" content=\"700\" \/>\n\t<meta property=\"og:image:type\" content=\"image\/jpeg\" \/>\n<meta name=\"twitter:card\" content=\"summary_large_image\" \/>\n<meta name=\"twitter:label1\" content=\"Dur\u00e9e de lecture estim\u00e9e\" \/>\n\t<meta name=\"twitter:data1\" content=\"3 minutes\" \/>\n<script type=\"application\/ld+json\" class=\"yoast-schema-graph\">{\"@context\":\"https:\/\/schema.org\",\"@graph\":[{\"@type\":\"WebPage\",\"@id\":\"https:\/\/jak.fi\/fr\/entreprise\/jak-en-tant-quemployeur\/\",\"url\":\"https:\/\/jak.fi\/fr\/entreprise\/jak-en-tant-quemployeur\/\",\"name\":\"JAK en tant qu'employeur &#8211; JAK-Metalli Oy\",\"isPartOf\":{\"@id\":\"https:\/\/jak.fi\/fr\/#website\"},\"primaryImageOfPage\":{\"@id\":\"https:\/\/jak.fi\/fr\/entreprise\/jak-en-tant-quemployeur\/#primaryimage\"},\"image\":{\"@id\":\"https:\/\/jak.fi\/fr\/entreprise\/jak-en-tant-quemployeur\/#primaryimage\"},\"thumbnailUrl\":\"https:\/\/jak.fi\/wp-content\/uploads\/2024\/06\/JAK_header_employer.jpg\",\"datePublished\":\"2024-05-28T06:32:03+00:00\",\"dateModified\":\"2025-08-18T06:23:05+00:00\",\"description\":\"Notre vision est d'\u00eatre le meilleur, le plus recherch\u00e9 et le plus fiable partenaire international en tant que fabricant de grappins coupeurs.\",\"breadcrumb\":{\"@id\":\"https:\/\/jak.fi\/fr\/entreprise\/jak-en-tant-quemployeur\/#breadcrumb\"},\"inLanguage\":\"fr-FR\",\"potentialAction\":[{\"@type\":\"ReadAction\",\"target\":[\"https:\/\/jak.fi\/fr\/entreprise\/jak-en-tant-quemployeur\/\"]}]},{\"@type\":\"ImageObject\",\"inLanguage\":\"fr-FR\",\"@id\":\"https:\/\/jak.fi\/fr\/entreprise\/jak-en-tant-quemployeur\/#primaryimage\",\"url\":\"https:\/\/jak.fi\/wp-content\/uploads\/2024\/06\/JAK_header_employer.jpg\",\"contentUrl\":\"https:\/\/jak.fi\/wp-content\/uploads\/2024\/06\/JAK_header_employer.jpg\",\"width\":2240,\"height\":700,\"caption\":\"JAK-tehtaalla iloinen ty\u00f6mies juttelemassa kollegansa kanssa, ty\u00f6skentely\u00e4 hyv\u00e4ss\u00e4 hengess\u00e4.\"},{\"@type\":\"BreadcrumbList\",\"@id\":\"https:\/\/jak.fi\/fr\/entreprise\/jak-en-tant-quemployeur\/#breadcrumb\",\"itemListElement\":[{\"@type\":\"ListItem\",\"position\":1,\"name\":\"Etusivu\",\"item\":\"https:\/\/jak.fi\/fr\/\"},{\"@type\":\"ListItem\",\"position\":2,\"name\":\"Entreprise\",\"item\":\"https:\/\/jak.fi\/fr\/entreprise\/\"},{\"@type\":\"ListItem\",\"position\":3,\"name\":\"JAK en tant qu&#8217;employeur\"}]},{\"@type\":\"WebSite\",\"@id\":\"https:\/\/jak.fi\/fr\/#website\",\"url\":\"https:\/\/jak.fi\/fr\/\",\"name\":\"JAK-Metalli Oy\",\"description\":\"\",\"publisher\":{\"@id\":\"https:\/\/jak.fi\/fr\/#organization\"},\"alternateName\":\"JAK Tree shears\",\"potentialAction\":[{\"@type\":\"SearchAction\",\"target\":{\"@type\":\"EntryPoint\",\"urlTemplate\":\"https:\/\/jak.fi\/fr\/?s={search_term_string}\"},\"query-input\":{\"@type\":\"PropertyValueSpecification\",\"valueRequired\":true,\"valueName\":\"search_term_string\"}}],\"inLanguage\":\"fr-FR\"},{\"@type\":\"Organization\",\"@id\":\"https:\/\/jak.fi\/fr\/#organization\",\"name\":\"JAK-Metalli Oy\",\"alternateName\":\"JAK Tree shears\",\"url\":\"https:\/\/jak.fi\/fr\/\",\"logo\":{\"@type\":\"ImageObject\",\"inLanguage\":\"fr-FR\",\"@id\":\"https:\/\/jak.fi\/fr\/#\/schema\/logo\/image\/\",\"url\":\"https:\/\/jak.fi\/wp-content\/uploads\/2024\/09\/JAK-logo-696x696-1.jpg\",\"contentUrl\":\"https:\/\/jak.fi\/wp-content\/uploads\/2024\/09\/JAK-logo-696x696-1.jpg\",\"width\":696,\"height\":696,\"caption\":\"JAK-Metalli Oy\"},\"image\":{\"@id\":\"https:\/\/jak.fi\/fr\/#\/schema\/logo\/image\/\"},\"sameAs\":[\"https:\/\/www.facebook.com\/jaktreeshears\",\"https:\/\/www.instagram.com\/jaktreeshears\/\",\"https:\/\/www.youtube.com\/channel\/UCAwvaVhBBkPie8MeAGbdY1w\"]}]}<\/script>\n<!-- \/ Yoast SEO plugin. -->","yoast_head_json":{"title":"JAK en tant qu'employeur &#8211; JAK-Metalli Oy","description":"Notre vision est d'\u00eatre le meilleur, le plus recherch\u00e9 et le plus fiable partenaire international en tant que fabricant de grappins coupeurs.","robots":{"index":"index","follow":"follow","max-snippet":"max-snippet:-1","max-image-preview":"max-image-preview:large","max-video-preview":"max-video-preview:-1"},"canonical":"https:\/\/jak.fi\/fr\/entreprise\/jak-en-tant-quemployeur\/","og_locale":"fr_FR","og_type":"article","og_title":"JAK en tant qu'employeur &#8211; JAK-Metalli Oy","og_description":"Notre vision est d'\u00eatre le meilleur, le plus recherch\u00e9 et le plus fiable partenaire international en tant que fabricant de grappins coupeurs.","og_url":"https:\/\/jak.fi\/fr\/entreprise\/jak-en-tant-quemployeur\/","og_site_name":"JAK-Metalli Oy","article_publisher":"https:\/\/www.facebook.com\/jaktreeshears","article_modified_time":"2025-08-18T06:23:05+00:00","og_image":[{"width":2240,"height":700,"url":"https:\/\/jak.fi\/wp-content\/uploads\/2024\/06\/JAK_header_employer.jpg","type":"image\/jpeg"}],"twitter_card":"summary_large_image","twitter_misc":{"Dur\u00e9e de lecture estim\u00e9e":"3 minutes"},"schema":{"@context":"https:\/\/schema.org","@graph":[{"@type":"WebPage","@id":"https:\/\/jak.fi\/fr\/entreprise\/jak-en-tant-quemployeur\/","url":"https:\/\/jak.fi\/fr\/entreprise\/jak-en-tant-quemployeur\/","name":"JAK en tant qu'employeur &#8211; JAK-Metalli Oy","isPartOf":{"@id":"https:\/\/jak.fi\/fr\/#website"},"primaryImageOfPage":{"@id":"https:\/\/jak.fi\/fr\/entreprise\/jak-en-tant-quemployeur\/#primaryimage"},"image":{"@id":"https:\/\/jak.fi\/fr\/entreprise\/jak-en-tant-quemployeur\/#primaryimage"},"thumbnailUrl":"https:\/\/jak.fi\/wp-content\/uploads\/2024\/06\/JAK_header_employer.jpg","datePublished":"2024-05-28T06:32:03+00:00","dateModified":"2025-08-18T06:23:05+00:00","description":"Notre vision est d'\u00eatre le meilleur, le plus recherch\u00e9 et le plus fiable partenaire international en tant que fabricant de grappins coupeurs.","breadcrumb":{"@id":"https:\/\/jak.fi\/fr\/entreprise\/jak-en-tant-quemployeur\/#breadcrumb"},"inLanguage":"fr-FR","potentialAction":[{"@type":"ReadAction","target":["https:\/\/jak.fi\/fr\/entreprise\/jak-en-tant-quemployeur\/"]}]},{"@type":"ImageObject","inLanguage":"fr-FR","@id":"https:\/\/jak.fi\/fr\/entreprise\/jak-en-tant-quemployeur\/#primaryimage","url":"https:\/\/jak.fi\/wp-content\/uploads\/2024\/06\/JAK_header_employer.jpg","contentUrl":"https:\/\/jak.fi\/wp-content\/uploads\/2024\/06\/JAK_header_employer.jpg","width":2240,"height":700,"caption":"JAK-tehtaalla iloinen ty\u00f6mies juttelemassa kollegansa kanssa, ty\u00f6skentely\u00e4 hyv\u00e4ss\u00e4 hengess\u00e4."},{"@type":"BreadcrumbList","@id":"https:\/\/jak.fi\/fr\/entreprise\/jak-en-tant-quemployeur\/#breadcrumb","itemListElement":[{"@type":"ListItem","position":1,"name":"Etusivu","item":"https:\/\/jak.fi\/fr\/"},{"@type":"ListItem","position":2,"name":"Entreprise","item":"https:\/\/jak.fi\/fr\/entreprise\/"},{"@type":"ListItem","position":3,"name":"JAK en tant qu&#8217;employeur"}]},{"@type":"WebSite","@id":"https:\/\/jak.fi\/fr\/#website","url":"https:\/\/jak.fi\/fr\/","name":"JAK-Metalli Oy","description":"","publisher":{"@id":"https:\/\/jak.fi\/fr\/#organization"},"alternateName":"JAK Tree shears","potentialAction":[{"@type":"SearchAction","target":{"@type":"EntryPoint","urlTemplate":"https:\/\/jak.fi\/fr\/?s={search_term_string}"},"query-input":{"@type":"PropertyValueSpecification","valueRequired":true,"valueName":"search_term_string"}}],"inLanguage":"fr-FR"},{"@type":"Organization","@id":"https:\/\/jak.fi\/fr\/#organization","name":"JAK-Metalli Oy","alternateName":"JAK Tree shears","url":"https:\/\/jak.fi\/fr\/","logo":{"@type":"ImageObject","inLanguage":"fr-FR","@id":"https:\/\/jak.fi\/fr\/#\/schema\/logo\/image\/","url":"https:\/\/jak.fi\/wp-content\/uploads\/2024\/09\/JAK-logo-696x696-1.jpg","contentUrl":"https:\/\/jak.fi\/wp-content\/uploads\/2024\/09\/JAK-logo-696x696-1.jpg","width":696,"height":696,"caption":"JAK-Metalli Oy"},"image":{"@id":"https:\/\/jak.fi\/fr\/#\/schema\/logo\/image\/"},"sameAs":["https:\/\/www.facebook.com\/jaktreeshears","https:\/\/www.instagram.com\/jaktreeshears\/","https:\/\/www.youtube.com\/channel\/UCAwvaVhBBkPie8MeAGbdY1w"]}]}},"_links":{"self":[{"href":"https:\/\/jak.fi\/fr\/wp-json\/wp\/v2\/pages\/4120","targetHints":{"allow":["GET"]}}],"collection":[{"href":"https:\/\/jak.fi\/fr\/wp-json\/wp\/v2\/pages"}],"about":[{"href":"https:\/\/jak.fi\/fr\/wp-json\/wp\/v2\/types\/page"}],"author":[{"embeddable":true,"href":"https:\/\/jak.fi\/fr\/wp-json\/wp\/v2\/users\/1"}],"replies":[{"embeddable":true,"href":"https:\/\/jak.fi\/fr\/wp-json\/wp\/v2\/comments?post=4120"}],"version-history":[{"count":5,"href":"https:\/\/jak.fi\/fr\/wp-json\/wp\/v2\/pages\/4120\/revisions"}],"predecessor-version":[{"id":11675,"href":"https:\/\/jak.fi\/fr\/wp-json\/wp\/v2\/pages\/4120\/revisions\/11675"}],"up":[{"embeddable":true,"href":"https:\/\/jak.fi\/fr\/wp-json\/wp\/v2\/pages\/3710"}],"wp:featuredmedia":[{"embeddable":true,"href":"https:\/\/jak.fi\/fr\/wp-json\/wp\/v2\/media\/4125"}],"wp:attachment":[{"href":"https:\/\/jak.fi\/fr\/wp-json\/wp\/v2\/media?parent=4120"}],"curies":[{"name":"wp","href":"https:\/\/api.w.org\/{rel}","templated":true}]}}