{"id":4146,"date":"2024-05-21T15:31:48","date_gmt":"2024-05-21T12:31:48","guid":{"rendered":"https:\/\/jak.fi\/entreprise\/informations-sur-la-facturation\/"},"modified":"2025-04-17T13:48:23","modified_gmt":"2025-04-17T10:48:23","slug":"informations-sur-la-facturation","status":"publish","type":"page","link":"https:\/\/jak.fi\/fr\/entreprise\/informations-sur-la-facturation\/","title":{"rendered":"Informations sur la facturation"},"content":{"rendered":"\n<div style=\"height:50px\" aria-hidden=\"true\" class=\"wp-block-spacer\"><\/div>\n\n<h2 class=\"wp-block-heading has-text-align-left\">Notre adresse de facturation<\/h2>\n\n<p class=\"has-red-color has-text-color has-link-color wp-elements-1f8efc79b847f368f7fb2093b58e3173\">Un bon partenaire,<\/p>\n\n<p>nous sommes pass\u00e9s au traitement \u00e9lectronique des factures d&rsquo;achat et \u00e0 la facturation \u00e9lectronique afin d&rsquo;am\u00e9liorer l&rsquo;efficacit\u00e9 de nos op\u00e9rations. Notre op\u00e9rateur de facturation \u00e9lectronique est Maventa. Nos donn\u00e9es de facturation \u00e9lectronique sont les suivantes :  <\/p>\n\n<h3 class=\"wp-block-heading\">Informations sur notre soci\u00e9t\u00e9 :<\/h3>\n\n<figure class=\"wp-block-table\"><table><tbody><tr><td><strong>Nom<\/strong><\/td><td><strong>Num\u00e9ro d&rsquo;identification de l&rsquo;entreprise<\/strong><\/td><td><strong>Adresse web<\/strong><\/td><\/tr><tr><td>  JAK-Metalli Oy<\/td><td>2467108-7<\/td><td>003724671087<\/td><\/tr><\/tbody><\/table><\/figure>\n\n<h3 class=\"wp-block-heading\">Informations sur le courtier<\/h3>\n\n<figure class=\"wp-block-table\"><table><tbody><tr><td><strong>Options du courtier<\/strong><\/td><td><strong>ID du courtier<\/strong><\/td><\/tr><tr><td>Si votre interm\u00e9diaire de facturation \u00e9lectronique est un op\u00e9rateur (par exemple Itella, Basware, etc.), l&rsquo;identifiant de l&rsquo;interm\u00e9diaire est le suivant  <\/td><td>003721291126<\/td><\/tr><tr><td>Si votre courtier en factures \u00e9lectroniques est une banque, par exemple Nordea, Osuuspankki, etc., l&rsquo;identifiant du courtier est le suivant  <\/td><td>DABAFIHH<\/td><\/tr><\/tbody><\/table><\/figure>\n\n<p><strong>Remarque !  <\/strong>Faites attention au code du transporteur pour que vos factures arrivent sans probl\u00e8me.<\/p>\n\n<p>Nous pouvons \u00e9galement joindre \u00e0 vos factures \u00e9lectroniques un fichier image de la facture et d&rsquo;autres pi\u00e8ces jointes au format PDF.<\/p>\n\n<p>Si vous n&rsquo;\u00eates pas en mesure d&rsquo;envoyer des factures en ligne, veuillez soumettre vos factures d&rsquo;achat directement au service de num\u00e9risation sur papier ou par courrier \u00e9lectronique, en suivant les instructions ci-dessous.<\/p>\n\n<h2 class=\"wp-block-heading\">Adresse de facturation et instructions pour les factures papier<\/h2>\n\n<div class=\"wp-block-columns is-layout-flex wp-container-core-columns-is-layout-9d6595d7 wp-block-columns-is-layout-flex\">\n<div class=\"wp-block-column is-layout-flow wp-block-column-is-layout-flow\">\n<p>Remarque ! Le num\u00e9ro de s\u00e9rie figurant sous le nom de l&rsquo;entreprise est le nom commercial de l&rsquo;entreprise \u00e0 facturer, sans trait d&rsquo;union. <\/p>\n<\/div>\n\n\n\n<div class=\"wp-block-column is-layout-flow wp-block-column-is-layout-flow\">\n<p><br\/><br\/><br\/>JAK-METALLI OY 24671087 PL 100 80020 Collector Scan<\/p>\n<\/div>\n<\/div>\n\n<p><strong>Consid\u00e9rations importantes pour l&rsquo;envoi de factures papier au service de num\u00e9risation :<\/strong><\/p>\n\n<ul class=\"wp-block-list\">\n<li>Il est tr\u00e8s important que l&rsquo;enveloppe ne contienne que la facture et ses annexes. Si d&rsquo;autres documents que la facture arrivent dans l&rsquo;enveloppe, nous les transmettrons au destinataire par e-mail ou par courrier et nous les facturerons au destinataire conform\u00e9ment \u00e0 la liste de prix en vigueur. <\/li>\n\n\n\n<li>Ne mettez pas de rappels de paiement ou de lettres de recouvrement dans le service de num\u00e9risation, car il ne s&rsquo;agit pas de factures. Nous facturerons leur livraison au destinataire selon la liste de prix en vigueur. <\/li>\n\n\n\n<li>Le num\u00e9ro de s\u00e9rie doit \u00e9galement figurer sur la facture papier dans le champ de l&rsquo;adresse de facturation en dessous de l&rsquo;entreprise, et pas seulement sur l&rsquo;enveloppe. Nous facturons au destinataire l&rsquo;ajout du num\u00e9ro de s\u00e9rie conform\u00e9ment \u00e0 la liste de prix en vigueur. <\/li>\n\n\n\n<li>Pour les factures au format PDF, il n&rsquo;est pas n\u00e9cessaire que le num\u00e9ro de s\u00e9rie figure dans le champ de l&rsquo;adresse, car l&rsquo;entreprise destinataire est identifi\u00e9e par l&rsquo;adresse \u00e9lectronique.<\/li>\n\n\n\n<li>Les factures de plusieurs pages ne doivent pas \u00eatre divis\u00e9es en plusieurs enveloppes.<\/li>\n\n\n\n<li>Les factures sont imprim\u00e9es sur une imprimante de haute qualit\u00e9<\/li>\n\n\n\n<li>Les pages de la facture ne doivent pas \u00eatre assembl\u00e9es de quelque mani\u00e8re que ce soit (\u00e0 l&rsquo;aide d&rsquo;une agrafeuse, etc.).<\/li>\n\n\n\n<li>La facture doit avoir un montant total<\/li>\n<\/ul>\n\n<h2 class=\"wp-block-heading\">Envoyez un courriel au destinataire de la facture et aux instructions<\/h2>\n\n<p>L&rsquo;adresse du destinataire de l&rsquo;e-mail est la suivante. La facture sera achemin\u00e9e vers le compte correct en fonction du num\u00e9ro de s\u00e9rie. <br\/><a href=\"mailto:invoice-24671087@kollektor.fi\">invoice-24671087@kollektor.fi<\/a><\/p>\n\n<p><strong>Consid\u00e9rations importantes pour l&rsquo;envoi de factures par courrier \u00e9lectronique au service de num\u00e9risation :<\/strong><\/p>\n\n<ul class=\"wp-block-list\">\n<li>Les factures sont envoy\u00e9es sous forme de pi\u00e8ces jointes au format PDF.<\/li>\n\n\n\n<li>Une facture par fichier, contenant toutes les pages et autres pi\u00e8ces jointes de la facture<\/li>\n\n\n\n<li>Un courriel peut avoir une taille maximale de 10 Mo.<\/li>\n\n\n\n<li>Les fichiers PDF doivent \u00eatre des documents PDF authentiques, version 1.3 ou sup\u00e9rieure.<\/li>\n\n\n\n<li>Les fichiers PDF ne doivent pas \u00eatre verrouill\u00e9s ou prot\u00e9g\u00e9s par un mot de passe<\/li>\n\n\n\n<li>Le format maximum du document est de 210x297mm, c&rsquo;est-\u00e0-dire A4.<\/li>\n\n\n\n<li>Le nom du fichier ne doit pas contenir plus que les caract\u00e8res habituels, a-z, A-Z, 0-9.<\/li>\n<\/ul>\n\n<h2 class=\"wp-block-heading\">Information si n\u00e9cessaire :<\/h2>\n\n<p>Tiina Salin<br\/>+358400804658<br\/><a href=\"mailto:tiina.salin@jak.fi\">tiina.salin@jak.fi<\/a><\/p>\n","protected":false},"excerpt":{"rendered":"<p>Notre adresse de facturation Un bon partenaire, nous sommes pass\u00e9s au traitement \u00e9lectronique des factures d&rsquo;achat et \u00e0 la facturation \u00e9lectronique afin d&rsquo;am\u00e9liorer l&rsquo;efficacit\u00e9 de nos op\u00e9rations. Notre op\u00e9rateur de facturation \u00e9lectronique est Maventa. Nos donn\u00e9es de facturation \u00e9lectronique sont les suivantes : Informations sur notre soci\u00e9t\u00e9 : Nom Num\u00e9ro d&rsquo;identification de l&rsquo;entreprise Adresse web [&hellip;]<\/p>\n","protected":false},"author":1,"featured_media":0,"parent":3710,"menu_order":140,"comment_status":"closed","ping_status":"closed","template":"page-narrow.php","meta":{"_acf_changed":false,"footnotes":""},"class_list":["post-4146","page","type-page","status-publish","hentry"],"acf":[],"yoast_head":"<!-- This site is optimized with the Yoast SEO plugin v27.3 - https:\/\/yoast.com\/product\/yoast-seo-wordpress\/ -->\n<title>Informations sur la facturation &#8211; JAK-Metalli Oy<\/title>\n<meta name=\"description\" content=\"Informations actualis\u00e9es sur la facturation des produits JAK et instructions pour la facturation \u00e9lectronique - en savoir plus.\" \/>\n<meta name=\"robots\" content=\"index, follow, max-snippet:-1, max-image-preview:large, max-video-preview:-1\" \/>\n<link rel=\"canonical\" href=\"https:\/\/jak.fi\/fr\/entreprise\/informations-sur-la-facturation\/\" \/>\n<meta property=\"og:locale\" content=\"fr_FR\" \/>\n<meta property=\"og:type\" content=\"article\" \/>\n<meta property=\"og:title\" content=\"Informations sur la facturation &#8211; JAK-Metalli Oy\" \/>\n<meta property=\"og:description\" content=\"Informations actualis\u00e9es sur la facturation des produits JAK et instructions pour la facturation \u00e9lectronique - en savoir plus.\" \/>\n<meta property=\"og:url\" content=\"https:\/\/jak.fi\/fr\/entreprise\/informations-sur-la-facturation\/\" \/>\n<meta property=\"og:site_name\" content=\"JAK-Metalli Oy\" \/>\n<meta property=\"article:publisher\" content=\"https:\/\/www.facebook.com\/jaktreeshears\" \/>\n<meta property=\"article:modified_time\" content=\"2025-04-17T10:48:23+00:00\" \/>\n<meta property=\"og:image\" content=\"https:\/\/jak.fi\/wp-content\/uploads\/2024\/05\/jak-ylakuva-1-2000x600px-1.jpg\" \/>\n\t<meta property=\"og:image:width\" content=\"2000\" \/>\n\t<meta property=\"og:image:height\" content=\"600\" \/>\n\t<meta property=\"og:image:type\" content=\"image\/jpeg\" \/>\n<meta name=\"twitter:card\" content=\"summary_large_image\" \/>\n<meta name=\"twitter:label1\" content=\"Dur\u00e9e de lecture estim\u00e9e\" \/>\n\t<meta name=\"twitter:data1\" content=\"3 minutes\" \/>\n<script type=\"application\/ld+json\" class=\"yoast-schema-graph\">{\"@context\":\"https:\\\/\\\/schema.org\",\"@graph\":[{\"@type\":\"WebPage\",\"@id\":\"https:\\\/\\\/jak.fi\\\/fr\\\/entreprise\\\/informations-sur-la-facturation\\\/\",\"url\":\"https:\\\/\\\/jak.fi\\\/fr\\\/entreprise\\\/informations-sur-la-facturation\\\/\",\"name\":\"Informations sur la facturation &#8211; JAK-Metalli Oy\",\"isPartOf\":{\"@id\":\"https:\\\/\\\/jak.fi\\\/fr\\\/#website\"},\"datePublished\":\"2024-05-21T12:31:48+00:00\",\"dateModified\":\"2025-04-17T10:48:23+00:00\",\"description\":\"Informations actualis\u00e9es sur la facturation des produits JAK et instructions pour la facturation \u00e9lectronique - en savoir plus.\",\"breadcrumb\":{\"@id\":\"https:\\\/\\\/jak.fi\\\/fr\\\/entreprise\\\/informations-sur-la-facturation\\\/#breadcrumb\"},\"inLanguage\":\"fr-FR\",\"potentialAction\":[{\"@type\":\"ReadAction\",\"target\":[\"https:\\\/\\\/jak.fi\\\/fr\\\/entreprise\\\/informations-sur-la-facturation\\\/\"]}]},{\"@type\":\"BreadcrumbList\",\"@id\":\"https:\\\/\\\/jak.fi\\\/fr\\\/entreprise\\\/informations-sur-la-facturation\\\/#breadcrumb\",\"itemListElement\":[{\"@type\":\"ListItem\",\"position\":1,\"name\":\"Etusivu\",\"item\":\"https:\\\/\\\/jak.fi\\\/fr\\\/\"},{\"@type\":\"ListItem\",\"position\":2,\"name\":\"Entreprise\",\"item\":\"https:\\\/\\\/jak.fi\\\/fr\\\/entreprise\\\/\"},{\"@type\":\"ListItem\",\"position\":3,\"name\":\"Informations sur la facturation\"}]},{\"@type\":\"WebSite\",\"@id\":\"https:\\\/\\\/jak.fi\\\/fr\\\/#website\",\"url\":\"https:\\\/\\\/jak.fi\\\/fr\\\/\",\"name\":\"JAK-Metalli Oy\",\"description\":\"\",\"publisher\":{\"@id\":\"https:\\\/\\\/jak.fi\\\/fr\\\/#organization\"},\"alternateName\":\"JAK Tree shears\",\"potentialAction\":[{\"@type\":\"SearchAction\",\"target\":{\"@type\":\"EntryPoint\",\"urlTemplate\":\"https:\\\/\\\/jak.fi\\\/fr\\\/?s={search_term_string}\"},\"query-input\":{\"@type\":\"PropertyValueSpecification\",\"valueRequired\":true,\"valueName\":\"search_term_string\"}}],\"inLanguage\":\"fr-FR\"},{\"@type\":\"Organization\",\"@id\":\"https:\\\/\\\/jak.fi\\\/fr\\\/#organization\",\"name\":\"JAK-Metalli Oy\",\"alternateName\":\"JAK Tree shears\",\"url\":\"https:\\\/\\\/jak.fi\\\/fr\\\/\",\"logo\":{\"@type\":\"ImageObject\",\"inLanguage\":\"fr-FR\",\"@id\":\"https:\\\/\\\/jak.fi\\\/fr\\\/#\\\/schema\\\/logo\\\/image\\\/\",\"url\":\"https:\\\/\\\/jak.fi\\\/wp-content\\\/uploads\\\/2024\\\/09\\\/JAK-logo-696x696-1.jpg\",\"contentUrl\":\"https:\\\/\\\/jak.fi\\\/wp-content\\\/uploads\\\/2024\\\/09\\\/JAK-logo-696x696-1.jpg\",\"width\":696,\"height\":696,\"caption\":\"JAK-Metalli Oy\"},\"image\":{\"@id\":\"https:\\\/\\\/jak.fi\\\/fr\\\/#\\\/schema\\\/logo\\\/image\\\/\"},\"sameAs\":[\"https:\\\/\\\/www.facebook.com\\\/jaktreeshears\",\"https:\\\/\\\/www.instagram.com\\\/jaktreeshears\\\/\",\"https:\\\/\\\/www.youtube.com\\\/channel\\\/UCAwvaVhBBkPie8MeAGbdY1w\"]}]}<\/script>\n<!-- \/ Yoast SEO plugin. -->","yoast_head_json":{"title":"Informations sur la facturation &#8211; JAK-Metalli Oy","description":"Informations actualis\u00e9es sur la facturation des produits JAK et instructions pour la facturation \u00e9lectronique - en savoir plus.","robots":{"index":"index","follow":"follow","max-snippet":"max-snippet:-1","max-image-preview":"max-image-preview:large","max-video-preview":"max-video-preview:-1"},"canonical":"https:\/\/jak.fi\/fr\/entreprise\/informations-sur-la-facturation\/","og_locale":"fr_FR","og_type":"article","og_title":"Informations sur la facturation &#8211; JAK-Metalli Oy","og_description":"Informations actualis\u00e9es sur la facturation des produits JAK et instructions pour la facturation \u00e9lectronique - en savoir plus.","og_url":"https:\/\/jak.fi\/fr\/entreprise\/informations-sur-la-facturation\/","og_site_name":"JAK-Metalli Oy","article_publisher":"https:\/\/www.facebook.com\/jaktreeshears","article_modified_time":"2025-04-17T10:48:23+00:00","og_image":[{"width":2000,"height":600,"url":"https:\/\/jak.fi\/wp-content\/uploads\/2024\/05\/jak-ylakuva-1-2000x600px-1.jpg","type":"image\/jpeg"}],"twitter_card":"summary_large_image","twitter_misc":{"Dur\u00e9e de lecture estim\u00e9e":"3 minutes"},"schema":{"@context":"https:\/\/schema.org","@graph":[{"@type":"WebPage","@id":"https:\/\/jak.fi\/fr\/entreprise\/informations-sur-la-facturation\/","url":"https:\/\/jak.fi\/fr\/entreprise\/informations-sur-la-facturation\/","name":"Informations sur la facturation &#8211; JAK-Metalli Oy","isPartOf":{"@id":"https:\/\/jak.fi\/fr\/#website"},"datePublished":"2024-05-21T12:31:48+00:00","dateModified":"2025-04-17T10:48:23+00:00","description":"Informations actualis\u00e9es sur la facturation des produits JAK et instructions pour la facturation \u00e9lectronique - en savoir plus.","breadcrumb":{"@id":"https:\/\/jak.fi\/fr\/entreprise\/informations-sur-la-facturation\/#breadcrumb"},"inLanguage":"fr-FR","potentialAction":[{"@type":"ReadAction","target":["https:\/\/jak.fi\/fr\/entreprise\/informations-sur-la-facturation\/"]}]},{"@type":"BreadcrumbList","@id":"https:\/\/jak.fi\/fr\/entreprise\/informations-sur-la-facturation\/#breadcrumb","itemListElement":[{"@type":"ListItem","position":1,"name":"Etusivu","item":"https:\/\/jak.fi\/fr\/"},{"@type":"ListItem","position":2,"name":"Entreprise","item":"https:\/\/jak.fi\/fr\/entreprise\/"},{"@type":"ListItem","position":3,"name":"Informations sur la facturation"}]},{"@type":"WebSite","@id":"https:\/\/jak.fi\/fr\/#website","url":"https:\/\/jak.fi\/fr\/","name":"JAK-Metalli Oy","description":"","publisher":{"@id":"https:\/\/jak.fi\/fr\/#organization"},"alternateName":"JAK Tree shears","potentialAction":[{"@type":"SearchAction","target":{"@type":"EntryPoint","urlTemplate":"https:\/\/jak.fi\/fr\/?s={search_term_string}"},"query-input":{"@type":"PropertyValueSpecification","valueRequired":true,"valueName":"search_term_string"}}],"inLanguage":"fr-FR"},{"@type":"Organization","@id":"https:\/\/jak.fi\/fr\/#organization","name":"JAK-Metalli Oy","alternateName":"JAK Tree shears","url":"https:\/\/jak.fi\/fr\/","logo":{"@type":"ImageObject","inLanguage":"fr-FR","@id":"https:\/\/jak.fi\/fr\/#\/schema\/logo\/image\/","url":"https:\/\/jak.fi\/wp-content\/uploads\/2024\/09\/JAK-logo-696x696-1.jpg","contentUrl":"https:\/\/jak.fi\/wp-content\/uploads\/2024\/09\/JAK-logo-696x696-1.jpg","width":696,"height":696,"caption":"JAK-Metalli Oy"},"image":{"@id":"https:\/\/jak.fi\/fr\/#\/schema\/logo\/image\/"},"sameAs":["https:\/\/www.facebook.com\/jaktreeshears","https:\/\/www.instagram.com\/jaktreeshears\/","https:\/\/www.youtube.com\/channel\/UCAwvaVhBBkPie8MeAGbdY1w"]}]}},"_links":{"self":[{"href":"https:\/\/jak.fi\/fr\/wp-json\/wp\/v2\/pages\/4146","targetHints":{"allow":["GET"]}}],"collection":[{"href":"https:\/\/jak.fi\/fr\/wp-json\/wp\/v2\/pages"}],"about":[{"href":"https:\/\/jak.fi\/fr\/wp-json\/wp\/v2\/types\/page"}],"author":[{"embeddable":true,"href":"https:\/\/jak.fi\/fr\/wp-json\/wp\/v2\/users\/1"}],"replies":[{"embeddable":true,"href":"https:\/\/jak.fi\/fr\/wp-json\/wp\/v2\/comments?post=4146"}],"version-history":[{"count":3,"href":"https:\/\/jak.fi\/fr\/wp-json\/wp\/v2\/pages\/4146\/revisions"}],"predecessor-version":[{"id":7507,"href":"https:\/\/jak.fi\/fr\/wp-json\/wp\/v2\/pages\/4146\/revisions\/7507"}],"up":[{"embeddable":true,"href":"https:\/\/jak.fi\/fr\/wp-json\/wp\/v2\/pages\/3710"}],"wp:attachment":[{"href":"https:\/\/jak.fi\/fr\/wp-json\/wp\/v2\/media?parent=4146"}],"curies":[{"name":"wp","href":"https:\/\/api.w.org\/{rel}","templated":true}]}}