{"id":10473,"date":"2025-06-12T10:33:12","date_gmt":"2025-06-12T07:33:12","guid":{"rendered":"https:\/\/jak.fi\/products\/non%20class\u00e9\/jak-300k-pro-grappin-coupeur-denergie\/"},"modified":"2025-09-01T13:46:34","modified_gmt":"2025-09-01T10:46:34","slug":"jak-300k-pro-grappin-coupeur","status":"publish","type":"product","link":"https:\/\/jak.fi\/fr\/produits\/grappin-coupeur-pour-tracteurs-et-machines-forestieres\/jak-300k-pro-grappin-coupeur\/","title":{"rendered":"JAK-300K PRO Grappin coupeur"},"content":{"rendered":"<h2><strong>JAK-300K Pro grappin coupeur &#8211; Pour machines foresti\u00e8res professionnelles<\/strong><\/h2>\n<p>Le JAK-300K Pro est un puissant grappin coupeur d \u00ab \u00e9nergie sp\u00e9cialement con\u00e7u pour les machines foresti\u00e8res, pr\u00eat pour les travaux d \u00bb \u00e9claircissement et de d\u00e9broussaillage les plus exigeants. Fabriqu\u00e9 en acier Hardox\u00aede haute qualit\u00e9 r\u00e9sistant \u00e0 l&rsquo;usure<strong>,<\/strong>le JAK-300K Pro offre durabilit\u00e9 et pr\u00e9cision pour les situations o\u00f9 performance et fiabilit\u00e9 sont requises.<\/p>\n<h4><strong>Collecteur de masse et commande radio &#8211; productivit\u00e9 maximale<\/strong><\/h4>\n<p>Int\u00e9gr\u00e9<a href=\"https:\/\/jak.fi\/fr\/produits\/accessoires-pour-grappin-coupeur\/collecteur-gen2-serie-b-r\/\" target=\"_blank\" rel=\"noopener\"> <strong>collecteur de masse<\/strong><\/a> et <a href=\"https:\/\/jak.fi\/fr\/produits\/accessoires-pour-grappin-coupeur\/radiocommande\/\" target=\"_blank\" rel=\"noopener\"><strong>radiocommande<\/strong><\/a> facilitent la manipulation du bois. Vous pouvez couper plus de bois avant de vider la goulotte. En outre, vous pouvez couper la cime de l&rsquo;arbre de mani\u00e8re contr\u00f4l\u00e9e et s\u00fbre en position verticale, car le grappin coupeur d&rsquo;\u00e9nergie est command\u00e9 \u00e9lectriquement et non par pression.<\/p>\n<h4><strong>Travail efficace et s\u00fbr &#8211; jusqu&rsquo;\u00e0 300 mm d&rsquo;arbres<\/strong><\/h4>\n<p>\u00c9quip\u00e9e de deux cylindres et d&rsquo;un syst\u00e8me hydraulique \u00e0 commande \u00e9lectrique, la JAK-300K Pro permet une coupe du bois contr\u00f4l\u00e9e et s\u00fbre. La large ouverture de 840 mm vous permet de couper plus d&rsquo;arbres \u00e0 la fois, ce qui porte l&rsquo;efficacit\u00e9 et la productivit\u00e9 \u00e0 un niveau sup\u00e9rieur.<\/p>\n<h4><strong>Facile \u00e0 installer<\/strong><\/h4>\n<p>Le JAK-300K Pro est aliment\u00e9 <strong>par un seul syst\u00e8me hydraulique double<\/strong> et peut \u00eatre install\u00e9 directement \u00e0 la place d&rsquo;une pince \u00e0 grumes traditionnelle &#8211; sans aucune modification suppl\u00e9mentaire.<\/p>\n<h4>Travaillez plus efficacement gr\u00e2ce aux accessoires<\/h4>\n<ul>\n<li><strong>eBoost\u00ae &#8211; <\/strong>augmente la vitesse, la s\u00e9curit\u00e9 et la productivit\u00e9 de votre grappin coupeur. Pour en savoir plus, consultez la page sur le <a href=\"https:\/\/jak.fi\/fr\/produits\/accessoires-pour-grappin-coupeur\/systeme-hydraulique-eboost\/\" target=\"_blank\" rel=\"noopener\">syst\u00e8me hydraulique eBoost\u00ae<\/a>.<\/li>\n<li><strong>Options du cylindre<\/strong> &#8211; elles influent sur la puissance de coupe, la vitesse et les exigences de serrage du grappin coupeur de bois \u00e9nergie.<\/li>\n<li><strong>M\u00e2choire de travail \u00e0 trois doigts<\/strong> &#8211; une prise plus ferme sur le bois \u00e0 couper.<\/li>\n<\/ul>\n<p>&nbsp;<\/p>\n","protected":false},"excerpt":{"rendered":"<ul>\n<li>Collecteur de masse et commande radio int\u00e9gr\u00e9s<\/li>\n<li>Disponible avec le syst\u00e8me hydraulique eBoost<\/li>\n<li>En acier Hardox\u00ae r\u00e9sistant \u00e0 l&rsquo;usure<\/li>\n<li>Construction haute et durable<\/li>\n<li>Approuv\u00e9 CE<\/li>\n<li>Fabriqu\u00e9 en Finlande<\/li>\n<li>Lame amovible<\/li>\n<\/ul>\n","protected":false},"featured_media":8205,"template":"","meta":{"_acf_changed":false},"product_brand":[],"product_cat":[566],"product_tag":[],"class_list":{"0":"post-10473","1":"product","2":"type-product","3":"status-publish","4":"has-post-thumbnail","6":"product_cat-grappin-coupeur-pour-tracteurs-et-machines-forestieres","8":"first","9":"instock","10":"shipping-taxable","11":"product-type-simple"},"acf":[],"yoast_head":"<!-- This site is optimized with the Yoast SEO plugin v27.2 - https:\/\/yoast.com\/product\/yoast-seo-wordpress\/ -->\n<title>JAK-300K PRO Grappin coupeur &#8211; JAK-Metalli Oy<\/title>\n<meta name=\"description\" content=\"JAK-300K Pro grappin coupeur d&#039;\u00e9nergie pour tracteurs et machines foresti\u00e8res - collecteur de masse, radiocommande, syst\u00e8me hydraulique eBoost\u00ae et installation facile sans modifications.\" \/>\n<meta name=\"robots\" content=\"index, follow, max-snippet:-1, max-image-preview:large, max-video-preview:-1\" \/>\n<link rel=\"canonical\" href=\"https:\/\/jak.fi\/fr\/produits\/grappin-coupeur-pour-tracteurs-et-machines-forestieres\/jak-300k-pro-grappin-coupeur\/\" \/>\n<meta property=\"og:locale\" content=\"fr_FR\" \/>\n<meta property=\"og:type\" content=\"article\" \/>\n<meta property=\"og:title\" content=\"JAK-300K PRO Grappin coupeur &#8211; JAK-Metalli Oy\" \/>\n<meta property=\"og:description\" content=\"JAK-300K Pro grappin coupeur d&#039;\u00e9nergie pour tracteurs et machines foresti\u00e8res - collecteur de masse, radiocommande, syst\u00e8me hydraulique eBoost\u00ae et installation facile sans modifications.\" \/>\n<meta property=\"og:url\" content=\"https:\/\/jak.fi\/fr\/produits\/grappin-coupeur-pour-tracteurs-et-machines-forestieres\/jak-300k-pro-grappin-coupeur\/\" \/>\n<meta property=\"og:site_name\" content=\"JAK-Metalli Oy\" \/>\n<meta property=\"article:publisher\" content=\"https:\/\/www.facebook.com\/jaktreeshears\" \/>\n<meta property=\"article:modified_time\" content=\"2025-09-01T10:46:34+00:00\" \/>\n<meta property=\"og:image\" content=\"https:\/\/jak.fi\/wp-content\/uploads\/2025\/04\/JAK-250K-Pro-Tree-Shear-Web-10.png\" \/>\n\t<meta property=\"og:image:width\" content=\"1000\" \/>\n\t<meta property=\"og:image:height\" content=\"667\" \/>\n\t<meta property=\"og:image:type\" content=\"image\/png\" \/>\n<meta name=\"twitter:card\" content=\"summary_large_image\" \/>\n<meta name=\"twitter:label1\" content=\"Dur\u00e9e de lecture estim\u00e9e\" \/>\n\t<meta name=\"twitter:data1\" content=\"2 minutes\" \/>\n<script type=\"application\/ld+json\" class=\"yoast-schema-graph\">{\"@context\":\"https:\/\/schema.org\",\"@graph\":[{\"@type\":\"WebPage\",\"@id\":\"https:\/\/jak.fi\/fr\/produits\/grappin-coupeur-pour-tracteurs-et-machines-forestieres\/jak-300k-pro-grappin-coupeur\/\",\"url\":\"https:\/\/jak.fi\/fr\/produits\/grappin-coupeur-pour-tracteurs-et-machines-forestieres\/jak-300k-pro-grappin-coupeur\/\",\"name\":\"JAK-300K PRO Grappin coupeur &#8211; JAK-Metalli Oy\",\"isPartOf\":{\"@id\":\"https:\/\/jak.fi\/fr\/#website\"},\"primaryImageOfPage\":{\"@id\":\"https:\/\/jak.fi\/fr\/produits\/grappin-coupeur-pour-tracteurs-et-machines-forestieres\/jak-300k-pro-grappin-coupeur\/#primaryimage\"},\"image\":{\"@id\":\"https:\/\/jak.fi\/fr\/produits\/grappin-coupeur-pour-tracteurs-et-machines-forestieres\/jak-300k-pro-grappin-coupeur\/#primaryimage\"},\"thumbnailUrl\":\"https:\/\/jak.fi\/wp-content\/uploads\/2025\/04\/JAK-250K-Pro-Tree-Shear-Web-10.png\",\"datePublished\":\"2025-06-12T07:33:12+00:00\",\"dateModified\":\"2025-09-01T10:46:34+00:00\",\"description\":\"JAK-300K Pro grappin coupeur d'\u00e9nergie pour tracteurs et machines foresti\u00e8res - collecteur de masse, radiocommande, syst\u00e8me hydraulique eBoost\u00ae et installation facile sans modifications.\",\"breadcrumb\":{\"@id\":\"https:\/\/jak.fi\/fr\/produits\/grappin-coupeur-pour-tracteurs-et-machines-forestieres\/jak-300k-pro-grappin-coupeur\/#breadcrumb\"},\"inLanguage\":\"fr-FR\",\"potentialAction\":[{\"@type\":\"ReadAction\",\"target\":[\"https:\/\/jak.fi\/fr\/produits\/grappin-coupeur-pour-tracteurs-et-machines-forestieres\/jak-300k-pro-grappin-coupeur\/\"]}]},{\"@type\":\"ImageObject\",\"inLanguage\":\"fr-FR\",\"@id\":\"https:\/\/jak.fi\/fr\/produits\/grappin-coupeur-pour-tracteurs-et-machines-forestieres\/jak-300k-pro-grappin-coupeur\/#primaryimage\",\"url\":\"https:\/\/jak.fi\/wp-content\/uploads\/2025\/04\/JAK-250K-Pro-Tree-Shear-Web-10.png\",\"contentUrl\":\"https:\/\/jak.fi\/wp-content\/uploads\/2025\/04\/JAK-250K-Pro-Tree-Shear-Web-10.png\",\"width\":1000,\"height\":667,\"caption\":\"JAK-250K Pro energy grappin coupeur pour tracteur ou machine foresti\u00e8re\"},{\"@type\":\"BreadcrumbList\",\"@id\":\"https:\/\/jak.fi\/fr\/produits\/grappin-coupeur-pour-tracteurs-et-machines-forestieres\/jak-300k-pro-grappin-coupeur\/#breadcrumb\",\"itemListElement\":[{\"@type\":\"ListItem\",\"position\":1,\"name\":\"Etusivu\",\"item\":\"https:\/\/jak.fi\/fr\/\"},{\"@type\":\"ListItem\",\"position\":2,\"name\":\"Produits\",\"item\":\"https:\/\/jak.fi\/fr\/produits\/\"},{\"@type\":\"ListItem\",\"position\":3,\"name\":\"JAK-300K PRO Grappin coupeur\"}]},{\"@type\":\"WebSite\",\"@id\":\"https:\/\/jak.fi\/fr\/#website\",\"url\":\"https:\/\/jak.fi\/fr\/\",\"name\":\"JAK-Metalli Oy\",\"description\":\"\",\"publisher\":{\"@id\":\"https:\/\/jak.fi\/fr\/#organization\"},\"alternateName\":\"JAK Tree shears\",\"potentialAction\":[{\"@type\":\"SearchAction\",\"target\":{\"@type\":\"EntryPoint\",\"urlTemplate\":\"https:\/\/jak.fi\/fr\/?s={search_term_string}\"},\"query-input\":{\"@type\":\"PropertyValueSpecification\",\"valueRequired\":true,\"valueName\":\"search_term_string\"}}],\"inLanguage\":\"fr-FR\"},{\"@type\":\"Organization\",\"@id\":\"https:\/\/jak.fi\/fr\/#organization\",\"name\":\"JAK-Metalli Oy\",\"alternateName\":\"JAK Tree shears\",\"url\":\"https:\/\/jak.fi\/fr\/\",\"logo\":{\"@type\":\"ImageObject\",\"inLanguage\":\"fr-FR\",\"@id\":\"https:\/\/jak.fi\/fr\/#\/schema\/logo\/image\/\",\"url\":\"https:\/\/jak.fi\/wp-content\/uploads\/2024\/09\/JAK-logo-696x696-1.jpg\",\"contentUrl\":\"https:\/\/jak.fi\/wp-content\/uploads\/2024\/09\/JAK-logo-696x696-1.jpg\",\"width\":696,\"height\":696,\"caption\":\"JAK-Metalli Oy\"},\"image\":{\"@id\":\"https:\/\/jak.fi\/fr\/#\/schema\/logo\/image\/\"},\"sameAs\":[\"https:\/\/www.facebook.com\/jaktreeshears\",\"https:\/\/www.instagram.com\/jaktreeshears\/\",\"https:\/\/www.youtube.com\/channel\/UCAwvaVhBBkPie8MeAGbdY1w\"]}]}<\/script>\n<!-- \/ Yoast SEO plugin. -->","yoast_head_json":{"title":"JAK-300K PRO Grappin coupeur &#8211; JAK-Metalli Oy","description":"JAK-300K Pro grappin coupeur d'\u00e9nergie pour tracteurs et machines foresti\u00e8res - collecteur de masse, radiocommande, syst\u00e8me hydraulique eBoost\u00ae et installation facile sans modifications.","robots":{"index":"index","follow":"follow","max-snippet":"max-snippet:-1","max-image-preview":"max-image-preview:large","max-video-preview":"max-video-preview:-1"},"canonical":"https:\/\/jak.fi\/fr\/produits\/grappin-coupeur-pour-tracteurs-et-machines-forestieres\/jak-300k-pro-grappin-coupeur\/","og_locale":"fr_FR","og_type":"article","og_title":"JAK-300K PRO Grappin coupeur &#8211; JAK-Metalli Oy","og_description":"JAK-300K Pro grappin coupeur d'\u00e9nergie pour tracteurs et machines foresti\u00e8res - collecteur de masse, radiocommande, syst\u00e8me hydraulique eBoost\u00ae et installation facile sans modifications.","og_url":"https:\/\/jak.fi\/fr\/produits\/grappin-coupeur-pour-tracteurs-et-machines-forestieres\/jak-300k-pro-grappin-coupeur\/","og_site_name":"JAK-Metalli Oy","article_publisher":"https:\/\/www.facebook.com\/jaktreeshears","article_modified_time":"2025-09-01T10:46:34+00:00","og_image":[{"width":1000,"height":667,"url":"https:\/\/jak.fi\/wp-content\/uploads\/2025\/04\/JAK-250K-Pro-Tree-Shear-Web-10.png","type":"image\/png"}],"twitter_card":"summary_large_image","twitter_misc":{"Dur\u00e9e de lecture estim\u00e9e":"2 minutes"},"schema":{"@context":"https:\/\/schema.org","@graph":[{"@type":"WebPage","@id":"https:\/\/jak.fi\/fr\/produits\/grappin-coupeur-pour-tracteurs-et-machines-forestieres\/jak-300k-pro-grappin-coupeur\/","url":"https:\/\/jak.fi\/fr\/produits\/grappin-coupeur-pour-tracteurs-et-machines-forestieres\/jak-300k-pro-grappin-coupeur\/","name":"JAK-300K PRO Grappin coupeur &#8211; JAK-Metalli Oy","isPartOf":{"@id":"https:\/\/jak.fi\/fr\/#website"},"primaryImageOfPage":{"@id":"https:\/\/jak.fi\/fr\/produits\/grappin-coupeur-pour-tracteurs-et-machines-forestieres\/jak-300k-pro-grappin-coupeur\/#primaryimage"},"image":{"@id":"https:\/\/jak.fi\/fr\/produits\/grappin-coupeur-pour-tracteurs-et-machines-forestieres\/jak-300k-pro-grappin-coupeur\/#primaryimage"},"thumbnailUrl":"https:\/\/jak.fi\/wp-content\/uploads\/2025\/04\/JAK-250K-Pro-Tree-Shear-Web-10.png","datePublished":"2025-06-12T07:33:12+00:00","dateModified":"2025-09-01T10:46:34+00:00","description":"JAK-300K Pro grappin coupeur d'\u00e9nergie pour tracteurs et machines foresti\u00e8res - collecteur de masse, radiocommande, syst\u00e8me hydraulique eBoost\u00ae et installation facile sans modifications.","breadcrumb":{"@id":"https:\/\/jak.fi\/fr\/produits\/grappin-coupeur-pour-tracteurs-et-machines-forestieres\/jak-300k-pro-grappin-coupeur\/#breadcrumb"},"inLanguage":"fr-FR","potentialAction":[{"@type":"ReadAction","target":["https:\/\/jak.fi\/fr\/produits\/grappin-coupeur-pour-tracteurs-et-machines-forestieres\/jak-300k-pro-grappin-coupeur\/"]}]},{"@type":"ImageObject","inLanguage":"fr-FR","@id":"https:\/\/jak.fi\/fr\/produits\/grappin-coupeur-pour-tracteurs-et-machines-forestieres\/jak-300k-pro-grappin-coupeur\/#primaryimage","url":"https:\/\/jak.fi\/wp-content\/uploads\/2025\/04\/JAK-250K-Pro-Tree-Shear-Web-10.png","contentUrl":"https:\/\/jak.fi\/wp-content\/uploads\/2025\/04\/JAK-250K-Pro-Tree-Shear-Web-10.png","width":1000,"height":667,"caption":"JAK-250K Pro energy grappin coupeur pour tracteur ou machine foresti\u00e8re"},{"@type":"BreadcrumbList","@id":"https:\/\/jak.fi\/fr\/produits\/grappin-coupeur-pour-tracteurs-et-machines-forestieres\/jak-300k-pro-grappin-coupeur\/#breadcrumb","itemListElement":[{"@type":"ListItem","position":1,"name":"Etusivu","item":"https:\/\/jak.fi\/fr\/"},{"@type":"ListItem","position":2,"name":"Produits","item":"https:\/\/jak.fi\/fr\/produits\/"},{"@type":"ListItem","position":3,"name":"JAK-300K PRO Grappin coupeur"}]},{"@type":"WebSite","@id":"https:\/\/jak.fi\/fr\/#website","url":"https:\/\/jak.fi\/fr\/","name":"JAK-Metalli Oy","description":"","publisher":{"@id":"https:\/\/jak.fi\/fr\/#organization"},"alternateName":"JAK Tree shears","potentialAction":[{"@type":"SearchAction","target":{"@type":"EntryPoint","urlTemplate":"https:\/\/jak.fi\/fr\/?s={search_term_string}"},"query-input":{"@type":"PropertyValueSpecification","valueRequired":true,"valueName":"search_term_string"}}],"inLanguage":"fr-FR"},{"@type":"Organization","@id":"https:\/\/jak.fi\/fr\/#organization","name":"JAK-Metalli Oy","alternateName":"JAK Tree shears","url":"https:\/\/jak.fi\/fr\/","logo":{"@type":"ImageObject","inLanguage":"fr-FR","@id":"https:\/\/jak.fi\/fr\/#\/schema\/logo\/image\/","url":"https:\/\/jak.fi\/wp-content\/uploads\/2024\/09\/JAK-logo-696x696-1.jpg","contentUrl":"https:\/\/jak.fi\/wp-content\/uploads\/2024\/09\/JAK-logo-696x696-1.jpg","width":696,"height":696,"caption":"JAK-Metalli Oy"},"image":{"@id":"https:\/\/jak.fi\/fr\/#\/schema\/logo\/image\/"},"sameAs":["https:\/\/www.facebook.com\/jaktreeshears","https:\/\/www.instagram.com\/jaktreeshears\/","https:\/\/www.youtube.com\/channel\/UCAwvaVhBBkPie8MeAGbdY1w"]}]}},"_links":{"self":[{"href":"https:\/\/jak.fi\/fr\/wp-json\/wp\/v2\/product\/10473","targetHints":{"allow":["GET"]}}],"collection":[{"href":"https:\/\/jak.fi\/fr\/wp-json\/wp\/v2\/product"}],"about":[{"href":"https:\/\/jak.fi\/fr\/wp-json\/wp\/v2\/types\/product"}],"wp:featuredmedia":[{"embeddable":true,"href":"https:\/\/jak.fi\/fr\/wp-json\/wp\/v2\/media\/8205"}],"wp:attachment":[{"href":"https:\/\/jak.fi\/fr\/wp-json\/wp\/v2\/media?parent=10473"}],"wp:term":[{"taxonomy":"product_brand","embeddable":true,"href":"https:\/\/jak.fi\/fr\/wp-json\/wp\/v2\/product_brand?post=10473"},{"taxonomy":"product_cat","embeddable":true,"href":"https:\/\/jak.fi\/fr\/wp-json\/wp\/v2\/product_cat?post=10473"},{"taxonomy":"product_tag","embeddable":true,"href":"https:\/\/jak.fi\/fr\/wp-json\/wp\/v2\/product_tag?post=10473"}],"curies":[{"name":"wp","href":"https:\/\/api.w.org\/{rel}","templated":true}]}}