{"id":16074,"date":"2025-10-10T09:04:45","date_gmt":"2025-10-10T06:04:45","guid":{"rendered":"https:\/\/jak.fi\/products\/non%20class\u00e9\/processeur-a-bois-de-chauffage-splitmate\/"},"modified":"2025-11-26T11:19:34","modified_gmt":"2025-11-26T08:19:34","slug":"processeur-a-bois-de-chauffage-splitmate","status":"publish","type":"product","link":"https:\/\/jak.fi\/fr\/produits\/processeur-a-bois-de-chauffage\/processeur-a-bois-de-chauffage-splitmate\/","title":{"rendered":"Processeur \u00e0 bois de chauffage SplitMate"},"content":{"rendered":"<h1 class=\"mt-4\">Processeur \u00e0 bois de chauffage<\/h1>\n<p>Le SplitMate d&rsquo;Exator est un processeur \u00e0 bois de chauffage \u00e0 commande hydraulique qui g\u00e8re le chargement, la coupe et le fendage en une seule unit\u00e9 &#8211; directement depuis la cabine. Compacte et facilement transportable, elle traite les arbres l\u00e0 o\u00f9 ils se trouvent et d\u00e9pose les lamelles finies directement \u00e0 l&rsquo;endroit souhait\u00e9. Elle peut fonctionner sans \u00e9lectricit\u00e9, avec un seul syst\u00e8me hydraulique \u00e0 double fonction.<\/p>\n<h2>Processus de candidature simple<\/h2>\n<ol>\n<li><strong>Chargement des grumes :<\/strong> un \u00e9l\u00e9vateur de grumes est utilis\u00e9 pour soulever les grumes de la pile. Un \u00e0 trois troncs \u00e0 la fois peuvent \u00eatre soulev\u00e9s sur le processeur \u00e0 bois de chauffage en attendant d&rsquo;\u00eatre transf\u00e9r\u00e9s sur la table d&rsquo;alimentation.<\/li>\n<li><strong>Table d&rsquo;alimentation :<\/strong> table \u00e0 d\u00e9placement hydraulique avec une force de fendage de 10 tonnes.<\/li>\n<li><strong>Verrouillage et mesure des b\u00fbches :<\/strong> la b\u00fbche est aliment\u00e9e contre la but\u00e9e de b\u00fbches, qui est ajust\u00e9e \u00e0 la taille de bois de chauffage souhait\u00e9e. Lorsque la jambe de pr\u00e9hension est abaiss\u00e9e, la table d&rsquo;alimentation peut \u00eatre retir\u00e9e.<\/li>\n<li><strong>Coupe :<\/strong> la grume est sci\u00e9e \u00e0 la longueur sp\u00e9cifi\u00e9e (diam\u00e8tre de coupe maximal de 400 mm). Pendant la phase de sciage, les grumes sont maintenues fermement en place par une manille de pr\u00e9hension. Pour les grumes longues, un support r\u00e9glable est pr\u00e9vu.<\/li>\n<li><strong>Fendage :<\/strong> l&rsquo;arbre coup\u00e9 tombe dans la goulotte de fendage et le mouvement d&rsquo;alimentation suivant le fend hydrauliquement. La roue de fendage est interchangeable en 2, 4 ou 6 sections.<\/li>\n<\/ol>\n<p>&nbsp;<\/p>\n<div class=\"wp-block-columns product-columns is-layout-flex wp-container-core-columns-is-layout-9d6595d7 wp-block-columns-is-layout-flex\">\n<div class=\"wp-block-column is-layout-flow wp-block-column-is-layout-flow\">\n<div class=\"wp-block-columns is-not-stacked-on-mobile is-layout-flex wp-container-core-columns-is-layout-9d6595d7 wp-block-columns-is-layout-flex\">\n<div class=\"wp-block-column is-layout-flow wp-block-column-is-layout-flow\">\n<h2 class=\"wp-block-heading mt-0 has-medium-font-size\">Flux de travail compact avec un seul utilisateur<\/h2>\n<p>La plieuse Exator SplitMate combine trois op\u00e9rations en une seule machine : le chargement, la coupe et le fendage sont facilement r\u00e9alis\u00e9s par un seul op\u00e9rateur, directement depuis la cabine.<\/p>\n<\/div>\n<\/div>\n<\/div>\n<div class=\"wp-block-column is-layout-flow wp-block-column-is-layout-flow\">\n<div class=\"wp-block-columns is-not-stacked-on-mobile is-layout-flex wp-container-core-columns-is-layout-9d6595d7 wp-block-columns-is-layout-flex\">\n<div class=\"wp-block-column is-layout-flow wp-block-column-is-layout-flow\">\n<h2 class=\"wp-block-heading mt-0 has-medium-font-size\">D\u00e9ploiement facile<\/h2>\n<p>Elle se connecte et se d\u00e9connecte rapidement &#8211; pas d&rsquo;installation compliqu\u00e9e, en quelques minutes vous \u00eates pr\u00eat \u00e0 travailler. Le processeur \u00e0 bois de chauffage Exator fonctionne avec un seul syst\u00e8me hydraulique \u00e0 double action, sans \u00e9lectricit\u00e9.<\/p>\n<\/div>\n<\/div>\n<\/div>\n<\/div>\n<div class=\"wp-block-columns product-columns is-layout-flex wp-container-core-columns-is-layout-9d6595d7 wp-block-columns-is-layout-flex\">\n<div class=\"wp-block-column is-layout-flow wp-block-column-is-layout-flow\">\n<div class=\"wp-block-columns is-not-stacked-on-mobile is-layout-flex wp-container-core-columns-is-layout-9d6595d7 wp-block-columns-is-layout-flex\">\n<div class=\"wp-block-column is-layout-flow wp-block-column-is-layout-flow\">\n<h2 class=\"wp-block-heading mt-0 has-medium-font-size\">Travaillez l\u00e0 o\u00f9 se trouvent les arbres<\/h2>\n<p>Emmenez le processeur \u00e0 bois de chauffage en for\u00eat et faites du bois de chauffage sur place &#8211; plus besoin de transporter de lourdes b\u00fbches.<\/p>\n<\/div>\n<\/div>\n<\/div>\n<div class=\"wp-block-column is-layout-flow wp-block-column-is-layout-flow\">\n<div class=\"wp-block-columns is-not-stacked-on-mobile is-layout-flex wp-container-core-columns-is-layout-9d6595d7 wp-block-columns-is-layout-flex\">\n<div class=\"wp-block-column is-layout-flow wp-block-column-is-layout-flow\">\n<h2 class=\"wp-block-heading mt-0 has-medium-font-size\">Chargement efficace et sans probl\u00e8me<\/h2>\n<p>Traitez les arbres directement dans le v\u00e9hicule et \u00e9vitez les manipulations inutiles. Cela permet d&rsquo;\u00e9conomiser du temps et des efforts.<\/p>\n<\/div>\n<\/div>\n<\/div>\n<\/div>\n<h3>Pour plus d&rsquo;informations, visitez le site <a href=\"https:\/\/exator.fi\/exator-splitmate-klapikone\/\" target=\"_blank\" rel=\"noopener\">exator.fi<\/a><\/h3>\n","protected":false},"excerpt":{"rendered":"<div class=\"wp-block-columns product-columns is-layout-flex wp-container-core-columns-is-layout-9d6595d7 wp-block-columns-is-layout-flex\">\n<div class=\"wp-block-column is-layout-flow wp-block-column-is-layout-flow\">\n<div class=\"wp-block-columns is-not-stacked-on-mobile is-layout-flex wp-container-core-columns-is-layout-9d6595d7 wp-block-columns-is-layout-flex\">\n<div class=\"wp-block-column is-layout-flow wp-block-column-is-layout-flow\">\n<ul>\n<li class=\"wp-block-heading mt-0 has-medium-font-size\">Flux de travail compact avec un seul utilisateur<\/li>\n<li>Le fonctionnement est possible sans \u00e9lectricit\u00e9, avec un syst\u00e8me hydraulique simple \u00e0 double effet.<\/li>\n<li class=\"wp-block-heading mt-0 has-medium-font-size\">D\u00e9ploiement facile<\/li>\n<li class=\"wp-block-heading mt-0 has-medium-font-size\">Travaillez l\u00e0 o\u00f9 se trouvent les arbres<\/li>\n<\/ul>\n<\/div>\n<\/div>\n<\/div>\n<\/div>\n<div class=\"wp-block-columns product-columns is-layout-flex wp-container-core-columns-is-layout-9d6595d7 wp-block-columns-is-layout-flex\">\n<div class=\"wp-block-column is-layout-flow wp-block-column-is-layout-flow\">\n<div class=\"wp-block-columns is-not-stacked-on-mobile is-layout-flex wp-container-core-columns-is-layout-9d6595d7 wp-block-columns-is-layout-flex\"><\/div>\n<\/div>\n<\/div>\n","protected":false},"featured_media":15118,"template":"","meta":{"_acf_changed":false},"product_brand":[],"product_cat":[661],"product_tag":[],"class_list":{"0":"post-16074","1":"product","2":"type-product","3":"status-publish","4":"has-post-thumbnail","6":"product_cat-processeur-a-bois-de-chauffage","8":"first","9":"instock","10":"shipping-taxable","11":"product-type-simple"},"acf":[],"yoast_head":"<!-- This site is optimized with the Yoast SEO plugin v27.3 - https:\/\/yoast.com\/product\/yoast-seo-wordpress\/ -->\n<title>Processeur \u00e0 bois de chauffage SplitMate &#8211; JAK-Metalli Oy<\/title>\n<meta name=\"description\" content=\"SplitMate est un processeur \u00e0 bois de chauffage \u00e0 commande hydraulique qui assure le chargement, la coupe et le fendage en une seule machine.\" \/>\n<meta name=\"robots\" content=\"index, follow, max-snippet:-1, max-image-preview:large, max-video-preview:-1\" \/>\n<link rel=\"canonical\" href=\"https:\/\/jak.fi\/fr\/produits\/processeur-a-bois-de-chauffage\/processeur-a-bois-de-chauffage-splitmate\/\" \/>\n<meta property=\"og:locale\" content=\"fr_FR\" \/>\n<meta property=\"og:type\" content=\"article\" \/>\n<meta property=\"og:title\" content=\"Processeur \u00e0 bois de chauffage SplitMate &#8211; JAK-Metalli Oy\" \/>\n<meta property=\"og:description\" content=\"SplitMate est un processeur \u00e0 bois de chauffage \u00e0 commande hydraulique qui assure le chargement, la coupe et le fendage en une seule machine.\" \/>\n<meta property=\"og:url\" content=\"https:\/\/jak.fi\/fr\/produits\/processeur-a-bois-de-chauffage\/processeur-a-bois-de-chauffage-splitmate\/\" \/>\n<meta property=\"og:site_name\" content=\"JAK-Metalli Oy\" \/>\n<meta property=\"article:publisher\" content=\"https:\/\/www.facebook.com\/jaktreeshears\" \/>\n<meta property=\"article:modified_time\" content=\"2025-11-26T08:19:34+00:00\" \/>\n<meta property=\"og:image\" content=\"https:\/\/jak.fi\/wp-content\/uploads\/2025\/10\/SplitMate-klapikone-14.jpg\" \/>\n\t<meta property=\"og:image:width\" content=\"1000\" \/>\n\t<meta property=\"og:image:height\" content=\"667\" \/>\n\t<meta property=\"og:image:type\" content=\"image\/jpeg\" \/>\n<meta name=\"twitter:card\" content=\"summary_large_image\" \/>\n<meta name=\"twitter:label1\" content=\"Dur\u00e9e de lecture estim\u00e9e\" \/>\n\t<meta name=\"twitter:data1\" content=\"3 minutes\" \/>\n<script type=\"application\/ld+json\" class=\"yoast-schema-graph\">{\"@context\":\"https:\\\/\\\/schema.org\",\"@graph\":[{\"@type\":\"WebPage\",\"@id\":\"https:\\\/\\\/jak.fi\\\/fr\\\/produits\\\/processeur-a-bois-de-chauffage\\\/processeur-a-bois-de-chauffage-splitmate\\\/\",\"url\":\"https:\\\/\\\/jak.fi\\\/fr\\\/produits\\\/processeur-a-bois-de-chauffage\\\/processeur-a-bois-de-chauffage-splitmate\\\/\",\"name\":\"Processeur \u00e0 bois de chauffage SplitMate &#8211; JAK-Metalli Oy\",\"isPartOf\":{\"@id\":\"https:\\\/\\\/jak.fi\\\/fr\\\/#website\"},\"primaryImageOfPage\":{\"@id\":\"https:\\\/\\\/jak.fi\\\/fr\\\/produits\\\/processeur-a-bois-de-chauffage\\\/processeur-a-bois-de-chauffage-splitmate\\\/#primaryimage\"},\"image\":{\"@id\":\"https:\\\/\\\/jak.fi\\\/fr\\\/produits\\\/processeur-a-bois-de-chauffage\\\/processeur-a-bois-de-chauffage-splitmate\\\/#primaryimage\"},\"thumbnailUrl\":\"https:\\\/\\\/jak.fi\\\/wp-content\\\/uploads\\\/2025\\\/10\\\/SplitMate-klapikone-14.jpg\",\"datePublished\":\"2025-10-10T06:04:45+00:00\",\"dateModified\":\"2025-11-26T08:19:34+00:00\",\"description\":\"SplitMate est un processeur \u00e0 bois de chauffage \u00e0 commande hydraulique qui assure le chargement, la coupe et le fendage en une seule machine.\",\"breadcrumb\":{\"@id\":\"https:\\\/\\\/jak.fi\\\/fr\\\/produits\\\/processeur-a-bois-de-chauffage\\\/processeur-a-bois-de-chauffage-splitmate\\\/#breadcrumb\"},\"inLanguage\":\"fr-FR\",\"potentialAction\":[{\"@type\":\"ReadAction\",\"target\":[\"https:\\\/\\\/jak.fi\\\/fr\\\/produits\\\/processeur-a-bois-de-chauffage\\\/processeur-a-bois-de-chauffage-splitmate\\\/\"]}]},{\"@type\":\"ImageObject\",\"inLanguage\":\"fr-FR\",\"@id\":\"https:\\\/\\\/jak.fi\\\/fr\\\/produits\\\/processeur-a-bois-de-chauffage\\\/processeur-a-bois-de-chauffage-splitmate\\\/#primaryimage\",\"url\":\"https:\\\/\\\/jak.fi\\\/wp-content\\\/uploads\\\/2025\\\/10\\\/SplitMate-klapikone-14.jpg\",\"contentUrl\":\"https:\\\/\\\/jak.fi\\\/wp-content\\\/uploads\\\/2025\\\/10\\\/SplitMate-klapikone-14.jpg\",\"width\":1000,\"height\":667},{\"@type\":\"BreadcrumbList\",\"@id\":\"https:\\\/\\\/jak.fi\\\/fr\\\/produits\\\/processeur-a-bois-de-chauffage\\\/processeur-a-bois-de-chauffage-splitmate\\\/#breadcrumb\",\"itemListElement\":[{\"@type\":\"ListItem\",\"position\":1,\"name\":\"Etusivu\",\"item\":\"https:\\\/\\\/jak.fi\\\/fr\\\/\"},{\"@type\":\"ListItem\",\"position\":2,\"name\":\"Produits\",\"item\":\"https:\\\/\\\/jak.fi\\\/fr\\\/produits\\\/\"},{\"@type\":\"ListItem\",\"position\":3,\"name\":\"Processeur \u00e0 bois de chauffage SplitMate\"}]},{\"@type\":\"WebSite\",\"@id\":\"https:\\\/\\\/jak.fi\\\/fr\\\/#website\",\"url\":\"https:\\\/\\\/jak.fi\\\/fr\\\/\",\"name\":\"JAK-Metalli Oy\",\"description\":\"\",\"publisher\":{\"@id\":\"https:\\\/\\\/jak.fi\\\/fr\\\/#organization\"},\"alternateName\":\"JAK Tree shears\",\"potentialAction\":[{\"@type\":\"SearchAction\",\"target\":{\"@type\":\"EntryPoint\",\"urlTemplate\":\"https:\\\/\\\/jak.fi\\\/fr\\\/?s={search_term_string}\"},\"query-input\":{\"@type\":\"PropertyValueSpecification\",\"valueRequired\":true,\"valueName\":\"search_term_string\"}}],\"inLanguage\":\"fr-FR\"},{\"@type\":\"Organization\",\"@id\":\"https:\\\/\\\/jak.fi\\\/fr\\\/#organization\",\"name\":\"JAK-Metalli Oy\",\"alternateName\":\"JAK Tree shears\",\"url\":\"https:\\\/\\\/jak.fi\\\/fr\\\/\",\"logo\":{\"@type\":\"ImageObject\",\"inLanguage\":\"fr-FR\",\"@id\":\"https:\\\/\\\/jak.fi\\\/fr\\\/#\\\/schema\\\/logo\\\/image\\\/\",\"url\":\"https:\\\/\\\/jak.fi\\\/wp-content\\\/uploads\\\/2024\\\/09\\\/JAK-logo-696x696-1.jpg\",\"contentUrl\":\"https:\\\/\\\/jak.fi\\\/wp-content\\\/uploads\\\/2024\\\/09\\\/JAK-logo-696x696-1.jpg\",\"width\":696,\"height\":696,\"caption\":\"JAK-Metalli Oy\"},\"image\":{\"@id\":\"https:\\\/\\\/jak.fi\\\/fr\\\/#\\\/schema\\\/logo\\\/image\\\/\"},\"sameAs\":[\"https:\\\/\\\/www.facebook.com\\\/jaktreeshears\",\"https:\\\/\\\/www.instagram.com\\\/jaktreeshears\\\/\",\"https:\\\/\\\/www.youtube.com\\\/channel\\\/UCAwvaVhBBkPie8MeAGbdY1w\"]}]}<\/script>\n<!-- \/ Yoast SEO plugin. -->","yoast_head_json":{"title":"Processeur \u00e0 bois de chauffage SplitMate &#8211; JAK-Metalli Oy","description":"SplitMate est un processeur \u00e0 bois de chauffage \u00e0 commande hydraulique qui assure le chargement, la coupe et le fendage en une seule machine.","robots":{"index":"index","follow":"follow","max-snippet":"max-snippet:-1","max-image-preview":"max-image-preview:large","max-video-preview":"max-video-preview:-1"},"canonical":"https:\/\/jak.fi\/fr\/produits\/processeur-a-bois-de-chauffage\/processeur-a-bois-de-chauffage-splitmate\/","og_locale":"fr_FR","og_type":"article","og_title":"Processeur \u00e0 bois de chauffage SplitMate &#8211; JAK-Metalli Oy","og_description":"SplitMate est un processeur \u00e0 bois de chauffage \u00e0 commande hydraulique qui assure le chargement, la coupe et le fendage en une seule machine.","og_url":"https:\/\/jak.fi\/fr\/produits\/processeur-a-bois-de-chauffage\/processeur-a-bois-de-chauffage-splitmate\/","og_site_name":"JAK-Metalli Oy","article_publisher":"https:\/\/www.facebook.com\/jaktreeshears","article_modified_time":"2025-11-26T08:19:34+00:00","og_image":[{"width":1000,"height":667,"url":"https:\/\/jak.fi\/wp-content\/uploads\/2025\/10\/SplitMate-klapikone-14.jpg","type":"image\/jpeg"}],"twitter_card":"summary_large_image","twitter_misc":{"Dur\u00e9e de lecture estim\u00e9e":"3 minutes"},"schema":{"@context":"https:\/\/schema.org","@graph":[{"@type":"WebPage","@id":"https:\/\/jak.fi\/fr\/produits\/processeur-a-bois-de-chauffage\/processeur-a-bois-de-chauffage-splitmate\/","url":"https:\/\/jak.fi\/fr\/produits\/processeur-a-bois-de-chauffage\/processeur-a-bois-de-chauffage-splitmate\/","name":"Processeur \u00e0 bois de chauffage SplitMate &#8211; JAK-Metalli Oy","isPartOf":{"@id":"https:\/\/jak.fi\/fr\/#website"},"primaryImageOfPage":{"@id":"https:\/\/jak.fi\/fr\/produits\/processeur-a-bois-de-chauffage\/processeur-a-bois-de-chauffage-splitmate\/#primaryimage"},"image":{"@id":"https:\/\/jak.fi\/fr\/produits\/processeur-a-bois-de-chauffage\/processeur-a-bois-de-chauffage-splitmate\/#primaryimage"},"thumbnailUrl":"https:\/\/jak.fi\/wp-content\/uploads\/2025\/10\/SplitMate-klapikone-14.jpg","datePublished":"2025-10-10T06:04:45+00:00","dateModified":"2025-11-26T08:19:34+00:00","description":"SplitMate est un processeur \u00e0 bois de chauffage \u00e0 commande hydraulique qui assure le chargement, la coupe et le fendage en une seule machine.","breadcrumb":{"@id":"https:\/\/jak.fi\/fr\/produits\/processeur-a-bois-de-chauffage\/processeur-a-bois-de-chauffage-splitmate\/#breadcrumb"},"inLanguage":"fr-FR","potentialAction":[{"@type":"ReadAction","target":["https:\/\/jak.fi\/fr\/produits\/processeur-a-bois-de-chauffage\/processeur-a-bois-de-chauffage-splitmate\/"]}]},{"@type":"ImageObject","inLanguage":"fr-FR","@id":"https:\/\/jak.fi\/fr\/produits\/processeur-a-bois-de-chauffage\/processeur-a-bois-de-chauffage-splitmate\/#primaryimage","url":"https:\/\/jak.fi\/wp-content\/uploads\/2025\/10\/SplitMate-klapikone-14.jpg","contentUrl":"https:\/\/jak.fi\/wp-content\/uploads\/2025\/10\/SplitMate-klapikone-14.jpg","width":1000,"height":667},{"@type":"BreadcrumbList","@id":"https:\/\/jak.fi\/fr\/produits\/processeur-a-bois-de-chauffage\/processeur-a-bois-de-chauffage-splitmate\/#breadcrumb","itemListElement":[{"@type":"ListItem","position":1,"name":"Etusivu","item":"https:\/\/jak.fi\/fr\/"},{"@type":"ListItem","position":2,"name":"Produits","item":"https:\/\/jak.fi\/fr\/produits\/"},{"@type":"ListItem","position":3,"name":"Processeur \u00e0 bois de chauffage SplitMate"}]},{"@type":"WebSite","@id":"https:\/\/jak.fi\/fr\/#website","url":"https:\/\/jak.fi\/fr\/","name":"JAK-Metalli Oy","description":"","publisher":{"@id":"https:\/\/jak.fi\/fr\/#organization"},"alternateName":"JAK Tree shears","potentialAction":[{"@type":"SearchAction","target":{"@type":"EntryPoint","urlTemplate":"https:\/\/jak.fi\/fr\/?s={search_term_string}"},"query-input":{"@type":"PropertyValueSpecification","valueRequired":true,"valueName":"search_term_string"}}],"inLanguage":"fr-FR"},{"@type":"Organization","@id":"https:\/\/jak.fi\/fr\/#organization","name":"JAK-Metalli Oy","alternateName":"JAK Tree shears","url":"https:\/\/jak.fi\/fr\/","logo":{"@type":"ImageObject","inLanguage":"fr-FR","@id":"https:\/\/jak.fi\/fr\/#\/schema\/logo\/image\/","url":"https:\/\/jak.fi\/wp-content\/uploads\/2024\/09\/JAK-logo-696x696-1.jpg","contentUrl":"https:\/\/jak.fi\/wp-content\/uploads\/2024\/09\/JAK-logo-696x696-1.jpg","width":696,"height":696,"caption":"JAK-Metalli Oy"},"image":{"@id":"https:\/\/jak.fi\/fr\/#\/schema\/logo\/image\/"},"sameAs":["https:\/\/www.facebook.com\/jaktreeshears","https:\/\/www.instagram.com\/jaktreeshears\/","https:\/\/www.youtube.com\/channel\/UCAwvaVhBBkPie8MeAGbdY1w"]}]}},"_links":{"self":[{"href":"https:\/\/jak.fi\/fr\/wp-json\/wp\/v2\/product\/16074","targetHints":{"allow":["GET"]}}],"collection":[{"href":"https:\/\/jak.fi\/fr\/wp-json\/wp\/v2\/product"}],"about":[{"href":"https:\/\/jak.fi\/fr\/wp-json\/wp\/v2\/types\/product"}],"wp:featuredmedia":[{"embeddable":true,"href":"https:\/\/jak.fi\/fr\/wp-json\/wp\/v2\/media\/15118"}],"wp:attachment":[{"href":"https:\/\/jak.fi\/fr\/wp-json\/wp\/v2\/media?parent=16074"}],"wp:term":[{"taxonomy":"product_brand","embeddable":true,"href":"https:\/\/jak.fi\/fr\/wp-json\/wp\/v2\/product_brand?post=16074"},{"taxonomy":"product_cat","embeddable":true,"href":"https:\/\/jak.fi\/fr\/wp-json\/wp\/v2\/product_cat?post=16074"},{"taxonomy":"product_tag","embeddable":true,"href":"https:\/\/jak.fi\/fr\/wp-json\/wp\/v2\/product_tag?post=16074"}],"curies":[{"name":"wp","href":"https:\/\/api.w.org\/{rel}","templated":true}]}}