{"id":3790,"date":"2024-05-28T13:49:30","date_gmt":"2024-05-28T10:49:30","guid":{"rendered":"https:\/\/jak.fi\/products\/non%20class\u00e9\/jak-200k-gen4-capteur-denergie\/"},"modified":"2025-09-02T15:33:13","modified_gmt":"2025-09-02T12:33:13","slug":"grappin-coupeur-jak-200k-gen4","status":"publish","type":"product","link":"https:\/\/jak.fi\/fr\/produits\/grappin-coupeur-pour-tracteurs-et-machines-forestieres\/grappin-coupeur-jak-200k-gen4\/","title":{"rendered":"JAK-200K Grappin coupeur GEN4"},"content":{"rendered":"<h2>JAK-200K Grappin coupeur GEN4 pour chargeurs de bois et petits tracteurs &#8211; Puissant, durable et s\u00fbr pour couper des grumes jusqu&rsquo;\u00e0 200 mm d&rsquo;\u00e9paisseur<\/h2>\n<p>La grappin coupeur d&rsquo;\u00e9nergie JAK-200K GEN4 est une puissante grappin coupeur d&rsquo;\u00e9nergie \u00e0 deux cylindres con\u00e7ue pour un usage professionnel sur les chargeurs de bois et les petits tracteurs. D\u00e9velopp\u00e9e pour un usage intensif, la JAK-200K GEN4 coupe efficacement les troncs d&rsquo;arbres jusqu&rsquo;\u00e0 200 mm d&rsquo;\u00e9paisseur, ce qui permet d&rsquo;effectuer avec pr\u00e9cision et efficacit\u00e9 diverses op\u00e9rations d&rsquo;\u00e9claircissement et de d\u00e9frichage.<\/p>\n<p>Les m\u00e2choires robustes et le profil haut du grappin coupeur assurent une prise ferme et infaillible sur le bois, ce qui rend la manipulation du bois facile et s\u00fbre. La large ouverture de 600 mm de la JAK-200K permet \u00e9galement de couper facilement plusieurs arbres \u00e0 la fois.<\/p>\n<p>Le JAK-200K GEN4 est aliment\u00e9 par un syst\u00e8me hydraulique simple \u00e0 double effet et peut \u00eatre install\u00e9 comme tel \u00e0 la place d&rsquo;un grappin \u00e0 bois standard. La lame de coupe peut \u00eatre d\u00e9tach\u00e9e si n\u00e9cessaire, ce qui permet d&rsquo;utiliser le grappin comme grappin \u00e0 bois.<\/p>\n<p>Dans la fabrication, nous utilisons de l&rsquo;acier d&rsquo;usure Hardox\u00ae class\u00e9 en termes de r\u00e9sistance. L\u2019origine nationale et l\u2019utilisation de mat\u00e9riaux de haute qualit\u00e9 contribuent \u00e9galement \u00e0 une structure et une fiabilit\u00e9 capables de r\u00e9sister aux conditions les plus exigeantes.<\/p>\n","protected":false},"excerpt":{"rendered":"<ul>\n<li>En acier Hardox\u00ae r\u00e9sistant \u00e0 l&rsquo;usure<\/li>\n<li>Construction haute et durable<\/li>\n<li>Pas besoin d&rsquo;\u00e9lectricit\u00e9<\/li>\n<li>Approuv\u00e9 CE<\/li>\n<li>Fabriqu\u00e9 en Finlande<\/li>\n<li>Lame amovible<\/li>\n<\/ul>\n","protected":false},"featured_media":3791,"template":"","meta":{"_acf_changed":false},"product_brand":[],"product_cat":[566],"product_tag":[],"class_list":{"0":"post-3790","1":"product","2":"type-product","3":"status-publish","4":"has-post-thumbnail","6":"product_cat-grappin-coupeur-pour-tracteurs-et-machines-forestieres","8":"first","9":"instock","10":"shipping-taxable","11":"product-type-simple"},"acf":[],"yoast_head":"<!-- This site is optimized with the Yoast SEO plugin v27.3 - https:\/\/yoast.com\/product\/yoast-seo-wordpress\/ -->\n<title>JAK-200K Grappin coupeur GEN4 &#8211; JAK-Metalli Oy<\/title>\n<meta name=\"description\" content=\"Le JAK-200K GEN4 est un grappin coupeur d&#039;\u00e9nergie \u00e0 deux cylindres destin\u00e9 aux chargeurs de bois et aux petits tracteurs.\" \/>\n<meta name=\"robots\" content=\"index, follow, max-snippet:-1, max-image-preview:large, max-video-preview:-1\" \/>\n<link rel=\"canonical\" href=\"https:\/\/jak.fi\/fr\/produits\/grappin-coupeur-pour-tracteurs-et-machines-forestieres\/grappin-coupeur-jak-200k-gen4\/\" \/>\n<meta property=\"og:locale\" content=\"fr_FR\" \/>\n<meta property=\"og:type\" content=\"article\" \/>\n<meta property=\"og:title\" content=\"JAK-200K Grappin coupeur GEN4 &#8211; JAK-Metalli Oy\" \/>\n<meta property=\"og:description\" content=\"Le JAK-200K GEN4 est un grappin coupeur d&#039;\u00e9nergie \u00e0 deux cylindres destin\u00e9 aux chargeurs de bois et aux petits tracteurs.\" \/>\n<meta property=\"og:url\" content=\"https:\/\/jak.fi\/fr\/produits\/grappin-coupeur-pour-tracteurs-et-machines-forestieres\/grappin-coupeur-jak-200k-gen4\/\" \/>\n<meta property=\"og:site_name\" content=\"JAK-Metalli Oy\" \/>\n<meta property=\"article:publisher\" content=\"https:\/\/www.facebook.com\/jaktreeshears\" \/>\n<meta property=\"article:modified_time\" content=\"2025-09-02T12:33:13+00:00\" \/>\n<meta property=\"og:image\" content=\"https:\/\/jak.fi\/wp-content\/uploads\/2024\/05\/jak-200k-4-1.png\" \/>\n\t<meta property=\"og:image:width\" content=\"1000\" \/>\n\t<meta property=\"og:image:height\" content=\"666\" \/>\n\t<meta property=\"og:image:type\" content=\"image\/png\" \/>\n<meta name=\"twitter:card\" content=\"summary_large_image\" \/>\n<meta name=\"twitter:label1\" content=\"Dur\u00e9e de lecture estim\u00e9e\" \/>\n\t<meta name=\"twitter:data1\" content=\"2 minutes\" \/>\n<script type=\"application\/ld+json\" class=\"yoast-schema-graph\">{\"@context\":\"https:\\\/\\\/schema.org\",\"@graph\":[{\"@type\":\"WebPage\",\"@id\":\"https:\\\/\\\/jak.fi\\\/fr\\\/produits\\\/grappin-coupeur-pour-tracteurs-et-machines-forestieres\\\/grappin-coupeur-jak-200k-gen4\\\/\",\"url\":\"https:\\\/\\\/jak.fi\\\/fr\\\/produits\\\/grappin-coupeur-pour-tracteurs-et-machines-forestieres\\\/grappin-coupeur-jak-200k-gen4\\\/\",\"name\":\"JAK-200K Grappin coupeur GEN4 &#8211; JAK-Metalli Oy\",\"isPartOf\":{\"@id\":\"https:\\\/\\\/jak.fi\\\/fr\\\/#website\"},\"primaryImageOfPage\":{\"@id\":\"https:\\\/\\\/jak.fi\\\/fr\\\/produits\\\/grappin-coupeur-pour-tracteurs-et-machines-forestieres\\\/grappin-coupeur-jak-200k-gen4\\\/#primaryimage\"},\"image\":{\"@id\":\"https:\\\/\\\/jak.fi\\\/fr\\\/produits\\\/grappin-coupeur-pour-tracteurs-et-machines-forestieres\\\/grappin-coupeur-jak-200k-gen4\\\/#primaryimage\"},\"thumbnailUrl\":\"https:\\\/\\\/jak.fi\\\/wp-content\\\/uploads\\\/2024\\\/05\\\/jak-200k-4-1.png\",\"datePublished\":\"2024-05-28T10:49:30+00:00\",\"dateModified\":\"2025-09-02T12:33:13+00:00\",\"description\":\"Le JAK-200K GEN4 est un grappin coupeur d'\u00e9nergie \u00e0 deux cylindres destin\u00e9 aux chargeurs de bois et aux petits tracteurs.\",\"breadcrumb\":{\"@id\":\"https:\\\/\\\/jak.fi\\\/fr\\\/produits\\\/grappin-coupeur-pour-tracteurs-et-machines-forestieres\\\/grappin-coupeur-jak-200k-gen4\\\/#breadcrumb\"},\"inLanguage\":\"fr-FR\",\"potentialAction\":[{\"@type\":\"ReadAction\",\"target\":[\"https:\\\/\\\/jak.fi\\\/fr\\\/produits\\\/grappin-coupeur-pour-tracteurs-et-machines-forestieres\\\/grappin-coupeur-jak-200k-gen4\\\/\"]}]},{\"@type\":\"ImageObject\",\"inLanguage\":\"fr-FR\",\"@id\":\"https:\\\/\\\/jak.fi\\\/fr\\\/produits\\\/grappin-coupeur-pour-tracteurs-et-machines-forestieres\\\/grappin-coupeur-jak-200k-gen4\\\/#primaryimage\",\"url\":\"https:\\\/\\\/jak.fi\\\/wp-content\\\/uploads\\\/2024\\\/05\\\/jak-200k-4-1.png\",\"contentUrl\":\"https:\\\/\\\/jak.fi\\\/wp-content\\\/uploads\\\/2024\\\/05\\\/jak-200k-4-1.png\",\"width\":1000,\"height\":666},{\"@type\":\"BreadcrumbList\",\"@id\":\"https:\\\/\\\/jak.fi\\\/fr\\\/produits\\\/grappin-coupeur-pour-tracteurs-et-machines-forestieres\\\/grappin-coupeur-jak-200k-gen4\\\/#breadcrumb\",\"itemListElement\":[{\"@type\":\"ListItem\",\"position\":1,\"name\":\"Etusivu\",\"item\":\"https:\\\/\\\/jak.fi\\\/fr\\\/\"},{\"@type\":\"ListItem\",\"position\":2,\"name\":\"Produits\",\"item\":\"https:\\\/\\\/jak.fi\\\/fr\\\/produits\\\/\"},{\"@type\":\"ListItem\",\"position\":3,\"name\":\"JAK-200K Grappin coupeur GEN4\"}]},{\"@type\":\"WebSite\",\"@id\":\"https:\\\/\\\/jak.fi\\\/fr\\\/#website\",\"url\":\"https:\\\/\\\/jak.fi\\\/fr\\\/\",\"name\":\"JAK-Metalli Oy\",\"description\":\"\",\"publisher\":{\"@id\":\"https:\\\/\\\/jak.fi\\\/fr\\\/#organization\"},\"alternateName\":\"JAK Tree shears\",\"potentialAction\":[{\"@type\":\"SearchAction\",\"target\":{\"@type\":\"EntryPoint\",\"urlTemplate\":\"https:\\\/\\\/jak.fi\\\/fr\\\/?s={search_term_string}\"},\"query-input\":{\"@type\":\"PropertyValueSpecification\",\"valueRequired\":true,\"valueName\":\"search_term_string\"}}],\"inLanguage\":\"fr-FR\"},{\"@type\":\"Organization\",\"@id\":\"https:\\\/\\\/jak.fi\\\/fr\\\/#organization\",\"name\":\"JAK-Metalli Oy\",\"alternateName\":\"JAK Tree shears\",\"url\":\"https:\\\/\\\/jak.fi\\\/fr\\\/\",\"logo\":{\"@type\":\"ImageObject\",\"inLanguage\":\"fr-FR\",\"@id\":\"https:\\\/\\\/jak.fi\\\/fr\\\/#\\\/schema\\\/logo\\\/image\\\/\",\"url\":\"https:\\\/\\\/jak.fi\\\/wp-content\\\/uploads\\\/2024\\\/09\\\/JAK-logo-696x696-1.jpg\",\"contentUrl\":\"https:\\\/\\\/jak.fi\\\/wp-content\\\/uploads\\\/2024\\\/09\\\/JAK-logo-696x696-1.jpg\",\"width\":696,\"height\":696,\"caption\":\"JAK-Metalli Oy\"},\"image\":{\"@id\":\"https:\\\/\\\/jak.fi\\\/fr\\\/#\\\/schema\\\/logo\\\/image\\\/\"},\"sameAs\":[\"https:\\\/\\\/www.facebook.com\\\/jaktreeshears\",\"https:\\\/\\\/www.instagram.com\\\/jaktreeshears\\\/\",\"https:\\\/\\\/www.youtube.com\\\/channel\\\/UCAwvaVhBBkPie8MeAGbdY1w\"]}]}<\/script>\n<!-- \/ Yoast SEO plugin. -->","yoast_head_json":{"title":"JAK-200K Grappin coupeur GEN4 &#8211; JAK-Metalli Oy","description":"Le JAK-200K GEN4 est un grappin coupeur d'\u00e9nergie \u00e0 deux cylindres destin\u00e9 aux chargeurs de bois et aux petits tracteurs.","robots":{"index":"index","follow":"follow","max-snippet":"max-snippet:-1","max-image-preview":"max-image-preview:large","max-video-preview":"max-video-preview:-1"},"canonical":"https:\/\/jak.fi\/fr\/produits\/grappin-coupeur-pour-tracteurs-et-machines-forestieres\/grappin-coupeur-jak-200k-gen4\/","og_locale":"fr_FR","og_type":"article","og_title":"JAK-200K Grappin coupeur GEN4 &#8211; JAK-Metalli Oy","og_description":"Le JAK-200K GEN4 est un grappin coupeur d'\u00e9nergie \u00e0 deux cylindres destin\u00e9 aux chargeurs de bois et aux petits tracteurs.","og_url":"https:\/\/jak.fi\/fr\/produits\/grappin-coupeur-pour-tracteurs-et-machines-forestieres\/grappin-coupeur-jak-200k-gen4\/","og_site_name":"JAK-Metalli Oy","article_publisher":"https:\/\/www.facebook.com\/jaktreeshears","article_modified_time":"2025-09-02T12:33:13+00:00","og_image":[{"width":1000,"height":666,"url":"https:\/\/jak.fi\/wp-content\/uploads\/2024\/05\/jak-200k-4-1.png","type":"image\/png"}],"twitter_card":"summary_large_image","twitter_misc":{"Dur\u00e9e de lecture estim\u00e9e":"2 minutes"},"schema":{"@context":"https:\/\/schema.org","@graph":[{"@type":"WebPage","@id":"https:\/\/jak.fi\/fr\/produits\/grappin-coupeur-pour-tracteurs-et-machines-forestieres\/grappin-coupeur-jak-200k-gen4\/","url":"https:\/\/jak.fi\/fr\/produits\/grappin-coupeur-pour-tracteurs-et-machines-forestieres\/grappin-coupeur-jak-200k-gen4\/","name":"JAK-200K Grappin coupeur GEN4 &#8211; JAK-Metalli Oy","isPartOf":{"@id":"https:\/\/jak.fi\/fr\/#website"},"primaryImageOfPage":{"@id":"https:\/\/jak.fi\/fr\/produits\/grappin-coupeur-pour-tracteurs-et-machines-forestieres\/grappin-coupeur-jak-200k-gen4\/#primaryimage"},"image":{"@id":"https:\/\/jak.fi\/fr\/produits\/grappin-coupeur-pour-tracteurs-et-machines-forestieres\/grappin-coupeur-jak-200k-gen4\/#primaryimage"},"thumbnailUrl":"https:\/\/jak.fi\/wp-content\/uploads\/2024\/05\/jak-200k-4-1.png","datePublished":"2024-05-28T10:49:30+00:00","dateModified":"2025-09-02T12:33:13+00:00","description":"Le JAK-200K GEN4 est un grappin coupeur d'\u00e9nergie \u00e0 deux cylindres destin\u00e9 aux chargeurs de bois et aux petits tracteurs.","breadcrumb":{"@id":"https:\/\/jak.fi\/fr\/produits\/grappin-coupeur-pour-tracteurs-et-machines-forestieres\/grappin-coupeur-jak-200k-gen4\/#breadcrumb"},"inLanguage":"fr-FR","potentialAction":[{"@type":"ReadAction","target":["https:\/\/jak.fi\/fr\/produits\/grappin-coupeur-pour-tracteurs-et-machines-forestieres\/grappin-coupeur-jak-200k-gen4\/"]}]},{"@type":"ImageObject","inLanguage":"fr-FR","@id":"https:\/\/jak.fi\/fr\/produits\/grappin-coupeur-pour-tracteurs-et-machines-forestieres\/grappin-coupeur-jak-200k-gen4\/#primaryimage","url":"https:\/\/jak.fi\/wp-content\/uploads\/2024\/05\/jak-200k-4-1.png","contentUrl":"https:\/\/jak.fi\/wp-content\/uploads\/2024\/05\/jak-200k-4-1.png","width":1000,"height":666},{"@type":"BreadcrumbList","@id":"https:\/\/jak.fi\/fr\/produits\/grappin-coupeur-pour-tracteurs-et-machines-forestieres\/grappin-coupeur-jak-200k-gen4\/#breadcrumb","itemListElement":[{"@type":"ListItem","position":1,"name":"Etusivu","item":"https:\/\/jak.fi\/fr\/"},{"@type":"ListItem","position":2,"name":"Produits","item":"https:\/\/jak.fi\/fr\/produits\/"},{"@type":"ListItem","position":3,"name":"JAK-200K Grappin coupeur GEN4"}]},{"@type":"WebSite","@id":"https:\/\/jak.fi\/fr\/#website","url":"https:\/\/jak.fi\/fr\/","name":"JAK-Metalli Oy","description":"","publisher":{"@id":"https:\/\/jak.fi\/fr\/#organization"},"alternateName":"JAK Tree shears","potentialAction":[{"@type":"SearchAction","target":{"@type":"EntryPoint","urlTemplate":"https:\/\/jak.fi\/fr\/?s={search_term_string}"},"query-input":{"@type":"PropertyValueSpecification","valueRequired":true,"valueName":"search_term_string"}}],"inLanguage":"fr-FR"},{"@type":"Organization","@id":"https:\/\/jak.fi\/fr\/#organization","name":"JAK-Metalli Oy","alternateName":"JAK Tree shears","url":"https:\/\/jak.fi\/fr\/","logo":{"@type":"ImageObject","inLanguage":"fr-FR","@id":"https:\/\/jak.fi\/fr\/#\/schema\/logo\/image\/","url":"https:\/\/jak.fi\/wp-content\/uploads\/2024\/09\/JAK-logo-696x696-1.jpg","contentUrl":"https:\/\/jak.fi\/wp-content\/uploads\/2024\/09\/JAK-logo-696x696-1.jpg","width":696,"height":696,"caption":"JAK-Metalli Oy"},"image":{"@id":"https:\/\/jak.fi\/fr\/#\/schema\/logo\/image\/"},"sameAs":["https:\/\/www.facebook.com\/jaktreeshears","https:\/\/www.instagram.com\/jaktreeshears\/","https:\/\/www.youtube.com\/channel\/UCAwvaVhBBkPie8MeAGbdY1w"]}]}},"_links":{"self":[{"href":"https:\/\/jak.fi\/fr\/wp-json\/wp\/v2\/product\/3790","targetHints":{"allow":["GET"]}}],"collection":[{"href":"https:\/\/jak.fi\/fr\/wp-json\/wp\/v2\/product"}],"about":[{"href":"https:\/\/jak.fi\/fr\/wp-json\/wp\/v2\/types\/product"}],"wp:featuredmedia":[{"embeddable":true,"href":"https:\/\/jak.fi\/fr\/wp-json\/wp\/v2\/media\/3791"}],"wp:attachment":[{"href":"https:\/\/jak.fi\/fr\/wp-json\/wp\/v2\/media?parent=3790"}],"wp:term":[{"taxonomy":"product_brand","embeddable":true,"href":"https:\/\/jak.fi\/fr\/wp-json\/wp\/v2\/product_brand?post=3790"},{"taxonomy":"product_cat","embeddable":true,"href":"https:\/\/jak.fi\/fr\/wp-json\/wp\/v2\/product_cat?post=3790"},{"taxonomy":"product_tag","embeddable":true,"href":"https:\/\/jak.fi\/fr\/wp-json\/wp\/v2\/product_tag?post=3790"}],"curies":[{"name":"wp","href":"https:\/\/api.w.org\/{rel}","templated":true}]}}