{"id":3815,"date":"2024-06-03T08:34:38","date_gmt":"2024-06-03T05:34:38","guid":{"rendered":"https:\/\/jak.fi\/products\/non%20class\u00e9\/jak-200b-gen4-pince-a-energie-pour-excavateur\/"},"modified":"2025-08-12T08:20:32","modified_gmt":"2025-08-12T05:20:32","slug":"jak-200b-gen4-grappin-coupeur-pour-excavateur","status":"publish","type":"product","link":"https:\/\/jak.fi\/fr\/produits\/grappin-coupeur-pour-les-excavateurs\/jak-200b-gen4-grappin-coupeur-pour-excavateur\/","title":{"rendered":"JAK-200B Grappin coupeur pour pelle 1,8-5t"},"content":{"rendered":"<h2><strong>Le grappin coupeur JAK-200B peut \u00eatre \u00e9quip\u00e9 du syst\u00e8me hydraulique eBoost !<\/strong><\/h2>\n<p><span style=\"font-weight: 400;\">La JAK-200B GEN4 est une grappin coupeur d&rsquo;\u00e9nergie rapide, compacte et puissante con\u00e7ue pour \u00eatre utilis\u00e9e sur des pelleteuses d&rsquo;un poids compris entre 1,8 et 5 tonnes (4000 et 11000 lbs). L&rsquo;accessoire syst\u00e8me hydraulique eBoost augmente la vitesse du grappin coupeur jusqu&rsquo;\u00e0 100 % sans affecter n\u00e9gativement la puissance. <\/span><span style=\"font-weight: 400;\"><br \/>\n<\/span><span style=\"font-weight: 400;\"><br \/>\n<\/span><span style=\"font-weight: 400;\">Gr\u00e2ce au corps am\u00e9lior\u00e9, le nombre d&rsquo;accessoires pour le grappin coupeur JAK-200B GEN4 a consid\u00e9rablement augment\u00e9. La conception \u00e0 deux m\u00e2choires assure une prise solide et s\u00fbre sur le tronc d&rsquo;arbre. Avec cette pince, vous pouvez facilement d\u00e9gager des arbres dont le tronc fait jusqu&rsquo;\u00e0 200 mm d&rsquo;\u00e9paisseur. Gr\u00e2ce \u00e0 la lame amovible, vous pouvez \u00e9galement utiliser la JAK-200B GEN4 comme un grappin \u00e0 arbres classique. <\/span><span style=\"font-weight: 400;\"><br \/>\n<\/span><span style=\"font-weight: 400;\"><br \/>\n<\/span><span style=\"font-weight: 400;\">Nous utilisons de l&rsquo;acier Hardox\u00ae r\u00e9sistant \u00e0 l&rsquo;usure pour assurer la durabilit\u00e9 et la fiabilit\u00e9 dans toutes les situations et conditions. Le caract\u00e8re domestique et les mat\u00e9riaux de qualit\u00e9 sont \u00e0 la base de le grappin coupeur JAK-200B GEN4. <\/span><\/p>\n<div class=\"wp-block-button\"><a class=\"wp-block-button__link has-text-align-center wp-element-button\" href=\"https:\/\/jak.fi\/fr\/gen4-jak-grappins-coupeurs\/\" target=\"_blank\" rel=\"noopener\">En savoir plus sur les mises \u00e0 jour du GEN4<\/a><\/div>\n<div><\/div>\n<p>&nbsp;<\/p>\n<p><strong>Clips<\/strong><\/p>\n<p>Les attaches de pelle les plus courantes<\/p>\n<p>Sur commande, selon le type de machine du client.<\/p>\n","protected":false},"excerpt":{"rendered":"<ul>\n<li>Disponible avec une ligne hydraulique en option<\/li>\n<li>En acier Hardox\u00ae r\u00e9sistant \u00e0 l&rsquo;usure<\/li>\n<li>Approuv\u00e9 CE<\/li>\n<li>Fabriqu\u00e9 en Finlande<\/li>\n<li>Lame amovible<\/li>\n<\/ul>\n","protected":false},"featured_media":10225,"template":"","meta":{"_acf_changed":false},"product_brand":[],"product_cat":[568],"product_tag":[],"class_list":{"0":"post-3815","1":"product","2":"type-product","3":"status-publish","4":"has-post-thumbnail","6":"product_cat-grappin-coupeur-pour-les-excavateurs","8":"first","9":"instock","10":"shipping-taxable","11":"product-type-simple"},"acf":[],"yoast_head":"<!-- This site is optimized with the Yoast SEO plugin v27.3 - https:\/\/yoast.com\/product\/yoast-seo-wordpress\/ -->\n<title>JAK-200B Grappin coupeur pour pelle 1,8-5t &#8211; JAK-Metalli Oy<\/title>\n<meta name=\"description\" content=\"Le grappin coupeur d&#039;\u00e9nergie JAK-200B est rapide, compact et efficace. Elle est con\u00e7ue pour \u00eatre utilis\u00e9e sur des pelleteuses d&#039;un poids compris entre 1,8 et 5 tonnes.\" \/>\n<meta name=\"robots\" content=\"index, follow, max-snippet:-1, max-image-preview:large, max-video-preview:-1\" \/>\n<link rel=\"canonical\" href=\"https:\/\/jak.fi\/fr\/produits\/grappin-coupeur-pour-les-excavateurs\/jak-200b-gen4-grappin-coupeur-pour-excavateur\/\" \/>\n<meta property=\"og:locale\" content=\"fr_FR\" \/>\n<meta property=\"og:type\" content=\"article\" \/>\n<meta property=\"og:title\" content=\"JAK-200B Grappin coupeur pour pelle 1,8-5t &#8211; JAK-Metalli Oy\" \/>\n<meta property=\"og:description\" content=\"Le grappin coupeur d&#039;\u00e9nergie JAK-200B est rapide, compact et efficace. Elle est con\u00e7ue pour \u00eatre utilis\u00e9e sur des pelleteuses d&#039;un poids compris entre 1,8 et 5 tonnes.\" \/>\n<meta property=\"og:url\" content=\"https:\/\/jak.fi\/fr\/produits\/grappin-coupeur-pour-les-excavateurs\/jak-200b-gen4-grappin-coupeur-pour-excavateur\/\" \/>\n<meta property=\"og:site_name\" content=\"JAK-Metalli Oy\" \/>\n<meta property=\"article:publisher\" content=\"https:\/\/www.facebook.com\/jaktreeshears\" \/>\n<meta property=\"article:modified_time\" content=\"2025-08-12T05:20:32+00:00\" \/>\n<meta property=\"og:image\" content=\"https:\/\/jak.fi\/wp-content\/uploads\/2024\/05\/JAK-300B-tree-shear-right-frontside.png\" \/>\n\t<meta property=\"og:image:width\" content=\"1000\" \/>\n\t<meta property=\"og:image:height\" content=\"667\" \/>\n\t<meta property=\"og:image:type\" content=\"image\/png\" \/>\n<meta name=\"twitter:card\" content=\"summary_large_image\" \/>\n<meta name=\"twitter:label1\" content=\"Dur\u00e9e de lecture estim\u00e9e\" \/>\n\t<meta name=\"twitter:data1\" content=\"2 minutes\" \/>\n<script type=\"application\/ld+json\" class=\"yoast-schema-graph\">{\"@context\":\"https:\\\/\\\/schema.org\",\"@graph\":[{\"@type\":\"WebPage\",\"@id\":\"https:\\\/\\\/jak.fi\\\/fr\\\/produits\\\/grappin-coupeur-pour-les-excavateurs\\\/jak-200b-gen4-grappin-coupeur-pour-excavateur\\\/\",\"url\":\"https:\\\/\\\/jak.fi\\\/fr\\\/produits\\\/grappin-coupeur-pour-les-excavateurs\\\/jak-200b-gen4-grappin-coupeur-pour-excavateur\\\/\",\"name\":\"JAK-200B Grappin coupeur pour pelle 1,8-5t &#8211; JAK-Metalli Oy\",\"isPartOf\":{\"@id\":\"https:\\\/\\\/jak.fi\\\/fr\\\/#website\"},\"primaryImageOfPage\":{\"@id\":\"https:\\\/\\\/jak.fi\\\/fr\\\/produits\\\/grappin-coupeur-pour-les-excavateurs\\\/jak-200b-gen4-grappin-coupeur-pour-excavateur\\\/#primaryimage\"},\"image\":{\"@id\":\"https:\\\/\\\/jak.fi\\\/fr\\\/produits\\\/grappin-coupeur-pour-les-excavateurs\\\/jak-200b-gen4-grappin-coupeur-pour-excavateur\\\/#primaryimage\"},\"thumbnailUrl\":\"https:\\\/\\\/jak.fi\\\/wp-content\\\/uploads\\\/2025\\\/06\\\/JAK-300B-GEN4-with-collector.webp\",\"datePublished\":\"2024-06-03T05:34:38+00:00\",\"dateModified\":\"2025-08-12T05:20:32+00:00\",\"description\":\"Le grappin coupeur d'\u00e9nergie JAK-200B est rapide, compact et efficace. Elle est con\u00e7ue pour \u00eatre utilis\u00e9e sur des pelleteuses d'un poids compris entre 1,8 et 5 tonnes.\",\"breadcrumb\":{\"@id\":\"https:\\\/\\\/jak.fi\\\/fr\\\/produits\\\/grappin-coupeur-pour-les-excavateurs\\\/jak-200b-gen4-grappin-coupeur-pour-excavateur\\\/#breadcrumb\"},\"inLanguage\":\"fr-FR\",\"potentialAction\":[{\"@type\":\"ReadAction\",\"target\":[\"https:\\\/\\\/jak.fi\\\/fr\\\/produits\\\/grappin-coupeur-pour-les-excavateurs\\\/jak-200b-gen4-grappin-coupeur-pour-excavateur\\\/\"]}]},{\"@type\":\"ImageObject\",\"inLanguage\":\"fr-FR\",\"@id\":\"https:\\\/\\\/jak.fi\\\/fr\\\/produits\\\/grappin-coupeur-pour-les-excavateurs\\\/jak-200b-gen4-grappin-coupeur-pour-excavateur\\\/#primaryimage\",\"url\":\"https:\\\/\\\/jak.fi\\\/wp-content\\\/uploads\\\/2025\\\/06\\\/JAK-300B-GEN4-with-collector.webp\",\"contentUrl\":\"https:\\\/\\\/jak.fi\\\/wp-content\\\/uploads\\\/2025\\\/06\\\/JAK-300B-GEN4-with-collector.webp\",\"width\":1000,\"height\":667},{\"@type\":\"BreadcrumbList\",\"@id\":\"https:\\\/\\\/jak.fi\\\/fr\\\/produits\\\/grappin-coupeur-pour-les-excavateurs\\\/jak-200b-gen4-grappin-coupeur-pour-excavateur\\\/#breadcrumb\",\"itemListElement\":[{\"@type\":\"ListItem\",\"position\":1,\"name\":\"Etusivu\",\"item\":\"https:\\\/\\\/jak.fi\\\/fr\\\/\"},{\"@type\":\"ListItem\",\"position\":2,\"name\":\"Produits\",\"item\":\"https:\\\/\\\/jak.fi\\\/fr\\\/produits\\\/\"},{\"@type\":\"ListItem\",\"position\":3,\"name\":\"JAK-200B Grappin coupeur pour pelle 1,8-5t\"}]},{\"@type\":\"WebSite\",\"@id\":\"https:\\\/\\\/jak.fi\\\/fr\\\/#website\",\"url\":\"https:\\\/\\\/jak.fi\\\/fr\\\/\",\"name\":\"JAK-Metalli Oy\",\"description\":\"\",\"publisher\":{\"@id\":\"https:\\\/\\\/jak.fi\\\/fr\\\/#organization\"},\"alternateName\":\"JAK Tree shears\",\"potentialAction\":[{\"@type\":\"SearchAction\",\"target\":{\"@type\":\"EntryPoint\",\"urlTemplate\":\"https:\\\/\\\/jak.fi\\\/fr\\\/?s={search_term_string}\"},\"query-input\":{\"@type\":\"PropertyValueSpecification\",\"valueRequired\":true,\"valueName\":\"search_term_string\"}}],\"inLanguage\":\"fr-FR\"},{\"@type\":\"Organization\",\"@id\":\"https:\\\/\\\/jak.fi\\\/fr\\\/#organization\",\"name\":\"JAK-Metalli Oy\",\"alternateName\":\"JAK Tree shears\",\"url\":\"https:\\\/\\\/jak.fi\\\/fr\\\/\",\"logo\":{\"@type\":\"ImageObject\",\"inLanguage\":\"fr-FR\",\"@id\":\"https:\\\/\\\/jak.fi\\\/fr\\\/#\\\/schema\\\/logo\\\/image\\\/\",\"url\":\"https:\\\/\\\/jak.fi\\\/wp-content\\\/uploads\\\/2024\\\/09\\\/JAK-logo-696x696-1.jpg\",\"contentUrl\":\"https:\\\/\\\/jak.fi\\\/wp-content\\\/uploads\\\/2024\\\/09\\\/JAK-logo-696x696-1.jpg\",\"width\":696,\"height\":696,\"caption\":\"JAK-Metalli Oy\"},\"image\":{\"@id\":\"https:\\\/\\\/jak.fi\\\/fr\\\/#\\\/schema\\\/logo\\\/image\\\/\"},\"sameAs\":[\"https:\\\/\\\/www.facebook.com\\\/jaktreeshears\",\"https:\\\/\\\/www.instagram.com\\\/jaktreeshears\\\/\",\"https:\\\/\\\/www.youtube.com\\\/channel\\\/UCAwvaVhBBkPie8MeAGbdY1w\"]}]}<\/script>\n<!-- \/ Yoast SEO plugin. -->","yoast_head_json":{"title":"JAK-200B Grappin coupeur pour pelle 1,8-5t &#8211; JAK-Metalli Oy","description":"Le grappin coupeur d'\u00e9nergie JAK-200B est rapide, compact et efficace. Elle est con\u00e7ue pour \u00eatre utilis\u00e9e sur des pelleteuses d'un poids compris entre 1,8 et 5 tonnes.","robots":{"index":"index","follow":"follow","max-snippet":"max-snippet:-1","max-image-preview":"max-image-preview:large","max-video-preview":"max-video-preview:-1"},"canonical":"https:\/\/jak.fi\/fr\/produits\/grappin-coupeur-pour-les-excavateurs\/jak-200b-gen4-grappin-coupeur-pour-excavateur\/","og_locale":"fr_FR","og_type":"article","og_title":"JAK-200B Grappin coupeur pour pelle 1,8-5t &#8211; JAK-Metalli Oy","og_description":"Le grappin coupeur d'\u00e9nergie JAK-200B est rapide, compact et efficace. Elle est con\u00e7ue pour \u00eatre utilis\u00e9e sur des pelleteuses d'un poids compris entre 1,8 et 5 tonnes.","og_url":"https:\/\/jak.fi\/fr\/produits\/grappin-coupeur-pour-les-excavateurs\/jak-200b-gen4-grappin-coupeur-pour-excavateur\/","og_site_name":"JAK-Metalli Oy","article_publisher":"https:\/\/www.facebook.com\/jaktreeshears","article_modified_time":"2025-08-12T05:20:32+00:00","og_image":[{"width":1000,"height":667,"url":"https:\/\/jak.fi\/wp-content\/uploads\/2024\/05\/JAK-300B-tree-shear-right-frontside.png","type":"image\/png"}],"twitter_card":"summary_large_image","twitter_misc":{"Dur\u00e9e de lecture estim\u00e9e":"2 minutes"},"schema":{"@context":"https:\/\/schema.org","@graph":[{"@type":"WebPage","@id":"https:\/\/jak.fi\/fr\/produits\/grappin-coupeur-pour-les-excavateurs\/jak-200b-gen4-grappin-coupeur-pour-excavateur\/","url":"https:\/\/jak.fi\/fr\/produits\/grappin-coupeur-pour-les-excavateurs\/jak-200b-gen4-grappin-coupeur-pour-excavateur\/","name":"JAK-200B Grappin coupeur pour pelle 1,8-5t &#8211; JAK-Metalli Oy","isPartOf":{"@id":"https:\/\/jak.fi\/fr\/#website"},"primaryImageOfPage":{"@id":"https:\/\/jak.fi\/fr\/produits\/grappin-coupeur-pour-les-excavateurs\/jak-200b-gen4-grappin-coupeur-pour-excavateur\/#primaryimage"},"image":{"@id":"https:\/\/jak.fi\/fr\/produits\/grappin-coupeur-pour-les-excavateurs\/jak-200b-gen4-grappin-coupeur-pour-excavateur\/#primaryimage"},"thumbnailUrl":"https:\/\/jak.fi\/wp-content\/uploads\/2025\/06\/JAK-300B-GEN4-with-collector.webp","datePublished":"2024-06-03T05:34:38+00:00","dateModified":"2025-08-12T05:20:32+00:00","description":"Le grappin coupeur d'\u00e9nergie JAK-200B est rapide, compact et efficace. Elle est con\u00e7ue pour \u00eatre utilis\u00e9e sur des pelleteuses d'un poids compris entre 1,8 et 5 tonnes.","breadcrumb":{"@id":"https:\/\/jak.fi\/fr\/produits\/grappin-coupeur-pour-les-excavateurs\/jak-200b-gen4-grappin-coupeur-pour-excavateur\/#breadcrumb"},"inLanguage":"fr-FR","potentialAction":[{"@type":"ReadAction","target":["https:\/\/jak.fi\/fr\/produits\/grappin-coupeur-pour-les-excavateurs\/jak-200b-gen4-grappin-coupeur-pour-excavateur\/"]}]},{"@type":"ImageObject","inLanguage":"fr-FR","@id":"https:\/\/jak.fi\/fr\/produits\/grappin-coupeur-pour-les-excavateurs\/jak-200b-gen4-grappin-coupeur-pour-excavateur\/#primaryimage","url":"https:\/\/jak.fi\/wp-content\/uploads\/2025\/06\/JAK-300B-GEN4-with-collector.webp","contentUrl":"https:\/\/jak.fi\/wp-content\/uploads\/2025\/06\/JAK-300B-GEN4-with-collector.webp","width":1000,"height":667},{"@type":"BreadcrumbList","@id":"https:\/\/jak.fi\/fr\/produits\/grappin-coupeur-pour-les-excavateurs\/jak-200b-gen4-grappin-coupeur-pour-excavateur\/#breadcrumb","itemListElement":[{"@type":"ListItem","position":1,"name":"Etusivu","item":"https:\/\/jak.fi\/fr\/"},{"@type":"ListItem","position":2,"name":"Produits","item":"https:\/\/jak.fi\/fr\/produits\/"},{"@type":"ListItem","position":3,"name":"JAK-200B Grappin coupeur pour pelle 1,8-5t"}]},{"@type":"WebSite","@id":"https:\/\/jak.fi\/fr\/#website","url":"https:\/\/jak.fi\/fr\/","name":"JAK-Metalli Oy","description":"","publisher":{"@id":"https:\/\/jak.fi\/fr\/#organization"},"alternateName":"JAK Tree shears","potentialAction":[{"@type":"SearchAction","target":{"@type":"EntryPoint","urlTemplate":"https:\/\/jak.fi\/fr\/?s={search_term_string}"},"query-input":{"@type":"PropertyValueSpecification","valueRequired":true,"valueName":"search_term_string"}}],"inLanguage":"fr-FR"},{"@type":"Organization","@id":"https:\/\/jak.fi\/fr\/#organization","name":"JAK-Metalli Oy","alternateName":"JAK Tree shears","url":"https:\/\/jak.fi\/fr\/","logo":{"@type":"ImageObject","inLanguage":"fr-FR","@id":"https:\/\/jak.fi\/fr\/#\/schema\/logo\/image\/","url":"https:\/\/jak.fi\/wp-content\/uploads\/2024\/09\/JAK-logo-696x696-1.jpg","contentUrl":"https:\/\/jak.fi\/wp-content\/uploads\/2024\/09\/JAK-logo-696x696-1.jpg","width":696,"height":696,"caption":"JAK-Metalli Oy"},"image":{"@id":"https:\/\/jak.fi\/fr\/#\/schema\/logo\/image\/"},"sameAs":["https:\/\/www.facebook.com\/jaktreeshears","https:\/\/www.instagram.com\/jaktreeshears\/","https:\/\/www.youtube.com\/channel\/UCAwvaVhBBkPie8MeAGbdY1w"]}]}},"_links":{"self":[{"href":"https:\/\/jak.fi\/fr\/wp-json\/wp\/v2\/product\/3815","targetHints":{"allow":["GET"]}}],"collection":[{"href":"https:\/\/jak.fi\/fr\/wp-json\/wp\/v2\/product"}],"about":[{"href":"https:\/\/jak.fi\/fr\/wp-json\/wp\/v2\/types\/product"}],"wp:featuredmedia":[{"embeddable":true,"href":"https:\/\/jak.fi\/fr\/wp-json\/wp\/v2\/media\/10225"}],"wp:attachment":[{"href":"https:\/\/jak.fi\/fr\/wp-json\/wp\/v2\/media?parent=3815"}],"wp:term":[{"taxonomy":"product_brand","embeddable":true,"href":"https:\/\/jak.fi\/fr\/wp-json\/wp\/v2\/product_brand?post=3815"},{"taxonomy":"product_cat","embeddable":true,"href":"https:\/\/jak.fi\/fr\/wp-json\/wp\/v2\/product_cat?post=3815"},{"taxonomy":"product_tag","embeddable":true,"href":"https:\/\/jak.fi\/fr\/wp-json\/wp\/v2\/product_tag?post=3815"}],"curies":[{"name":"wp","href":"https:\/\/api.w.org\/{rel}","templated":true}]}}