{"id":3825,"date":"2024-05-28T10:08:07","date_gmt":"2024-05-28T07:08:07","guid":{"rendered":"https:\/\/jak.fi\/products\/non%20class\u00e9\/avant-garde\/"},"modified":"2025-05-27T10:18:41","modified_gmt":"2025-05-27T07:18:41","slug":"partie-arriere-pour-avant","status":"publish","type":"product","link":"https:\/\/jak.fi\/fr\/produits\/accessoires-pour-grappin-coupeur\/partie-arriere-pour-avant\/","title":{"rendered":"Partie arri\u00e8re de l&rsquo;Avant"},"content":{"rendered":"<h3 class=\"\" data-start=\"70\" data-end=\"133\">Partie arri\u00e8re Avant &#8211; Versatilit\u00e9 pour les grappins coupeurs de JAK Energy<\/h3>\n<p class=\"\" data-start=\"135\" data-end=\"509\">La partie arri\u00e8re Avant est compatible avec les grappins \u00e0 \u00e9nergie JAK de la s\u00e9rie R et permet de fixer facilement le grappin sur les chargeuses Avant. Cela en fait un excellent accessoire pour utiliser efficacement le grappin coupeur d&rsquo;\u00e9nergie JAK sur les chargeuses sur pneus Avant. Elle est disponible en deux tailles diff\u00e9rentes pour s&rsquo;adapter aux diff\u00e9rentes tailles de ch\u00e2ssis.  <\/p>\n<p class=\"\" data-start=\"511\" data-end=\"863\">Les grappins coupeurs d&rsquo;\u00e9nergie et les parties arri\u00e8re de JAK sont con\u00e7us dans un souci d&rsquo;utilisation et de flexibilit\u00e9. Si n\u00e9cessaire, la partie arri\u00e8re Avant peut \u00eatre remplac\u00e9e par une autre partie arri\u00e8re compatible, ce qui permet d&rsquo;utiliser le m\u00eame grappin coupeur sur, par exemple, une pelle. Cela permet une utilisation polyvalente et rentable avec une large gamme de machines.  <\/p>\n<p class=\"\" data-start=\"865\" data-end=\"1003\">Que vous utilisiez une chargeuse sur pneus ou une pelleteuse, la partie arri\u00e8re interchangeable offre une grande flexibilit\u00e9 et davantage d&rsquo;applications pour les grappins \u00e0 \u00e9nergie de la s\u00e9rie R de JAK.<\/p>\n","protected":false},"excerpt":{"rendered":"<p>Partie arri\u00e8re Avant &#8211; Versatilit\u00e9 pour les grappins coupeurs de JAK Energy La partie arri\u00e8re Avant est compatible avec les grappins \u00e0 \u00e9nergie JAK de la s\u00e9rie R et permet de fixer facilement le grappin sur les chargeuses Avant. Cela en fait un excellent accessoire pour utiliser efficacement le grappin coupeur d&rsquo;\u00e9nergie JAK sur les [&hellip;]<\/p>\n","protected":false},"featured_media":3827,"template":"","meta":{"_acf_changed":false},"product_brand":[],"product_cat":[569],"product_tag":[],"class_list":{"0":"post-3825","1":"product","2":"type-product","3":"status-publish","4":"has-post-thumbnail","6":"product_cat-accessoires-pour-grappin-coupeur","8":"first","9":"instock","10":"shipping-taxable","11":"product-type-simple"},"acf":[],"yoast_head":"<!-- This site is optimized with the Yoast SEO plugin v27.2 - https:\/\/yoast.com\/product\/yoast-seo-wordpress\/ -->\n<title>Partie arri\u00e8re de l&#039;Avant &#8211; JAK-Metalli Oy<\/title>\n<meta name=\"description\" content=\"La partie arri\u00e8re Avant est compatible avec les grappins coupeurs d&#039;\u00e9nergie JAK de la s\u00e9rie R et permet de fixer facilement le grappin sur les chargeuses sur pneus Avant.\" \/>\n<meta name=\"robots\" content=\"index, follow, max-snippet:-1, max-image-preview:large, max-video-preview:-1\" \/>\n<link rel=\"canonical\" href=\"https:\/\/jak.fi\/fr\/produits\/accessoires-pour-grappin-coupeur\/partie-arriere-pour-avant\/\" \/>\n<meta property=\"og:locale\" content=\"fr_FR\" \/>\n<meta property=\"og:type\" content=\"article\" \/>\n<meta property=\"og:title\" content=\"Partie arri\u00e8re de l&#039;Avant &#8211; JAK-Metalli Oy\" \/>\n<meta property=\"og:description\" content=\"La partie arri\u00e8re Avant est compatible avec les grappins coupeurs d&#039;\u00e9nergie JAK de la s\u00e9rie R et permet de fixer facilement le grappin sur les chargeuses sur pneus Avant.\" \/>\n<meta property=\"og:url\" content=\"https:\/\/jak.fi\/fr\/produits\/accessoires-pour-grappin-coupeur\/partie-arriere-pour-avant\/\" \/>\n<meta property=\"og:site_name\" content=\"JAK-Metalli Oy\" \/>\n<meta property=\"article:publisher\" content=\"https:\/\/www.facebook.com\/jaktreeshears\" \/>\n<meta property=\"article:modified_time\" content=\"2025-05-27T07:18:41+00:00\" \/>\n<meta property=\"og:image\" content=\"https:\/\/jak.fi\/wp-content\/uploads\/2024\/05\/tree-shear-avant-adapter.png\" \/>\n\t<meta property=\"og:image:width\" content=\"1000\" \/>\n\t<meta property=\"og:image:height\" content=\"666\" \/>\n\t<meta property=\"og:image:type\" content=\"image\/png\" \/>\n<meta name=\"twitter:card\" content=\"summary_large_image\" \/>\n<meta name=\"twitter:label1\" content=\"Dur\u00e9e de lecture estim\u00e9e\" \/>\n\t<meta name=\"twitter:data1\" content=\"1 minute\" \/>\n<script type=\"application\/ld+json\" class=\"yoast-schema-graph\">{\"@context\":\"https:\/\/schema.org\",\"@graph\":[{\"@type\":\"WebPage\",\"@id\":\"https:\/\/jak.fi\/fr\/produits\/accessoires-pour-grappin-coupeur\/partie-arriere-pour-avant\/\",\"url\":\"https:\/\/jak.fi\/fr\/produits\/accessoires-pour-grappin-coupeur\/partie-arriere-pour-avant\/\",\"name\":\"Partie arri\u00e8re de l'Avant &#8211; JAK-Metalli Oy\",\"isPartOf\":{\"@id\":\"https:\/\/jak.fi\/fr\/#website\"},\"primaryImageOfPage\":{\"@id\":\"https:\/\/jak.fi\/fr\/produits\/accessoires-pour-grappin-coupeur\/partie-arriere-pour-avant\/#primaryimage\"},\"image\":{\"@id\":\"https:\/\/jak.fi\/fr\/produits\/accessoires-pour-grappin-coupeur\/partie-arriere-pour-avant\/#primaryimage\"},\"thumbnailUrl\":\"https:\/\/jak.fi\/wp-content\/uploads\/2024\/05\/tree-shear-avant-adapter.png\",\"datePublished\":\"2024-05-28T07:08:07+00:00\",\"dateModified\":\"2025-05-27T07:18:41+00:00\",\"description\":\"La partie arri\u00e8re Avant est compatible avec les grappins coupeurs d'\u00e9nergie JAK de la s\u00e9rie R et permet de fixer facilement le grappin sur les chargeuses sur pneus Avant.\",\"breadcrumb\":{\"@id\":\"https:\/\/jak.fi\/fr\/produits\/accessoires-pour-grappin-coupeur\/partie-arriere-pour-avant\/#breadcrumb\"},\"inLanguage\":\"fr-FR\",\"potentialAction\":[{\"@type\":\"ReadAction\",\"target\":[\"https:\/\/jak.fi\/fr\/produits\/accessoires-pour-grappin-coupeur\/partie-arriere-pour-avant\/\"]}]},{\"@type\":\"ImageObject\",\"inLanguage\":\"fr-FR\",\"@id\":\"https:\/\/jak.fi\/fr\/produits\/accessoires-pour-grappin-coupeur\/partie-arriere-pour-avant\/#primaryimage\",\"url\":\"https:\/\/jak.fi\/wp-content\/uploads\/2024\/05\/tree-shear-avant-adapter.png\",\"contentUrl\":\"https:\/\/jak.fi\/wp-content\/uploads\/2024\/05\/tree-shear-avant-adapter.png\",\"width\":1000,\"height\":666,\"caption\":\"Partie arri\u00e8re avant pour le grappin coupeur d'\u00e9nergie\"},{\"@type\":\"BreadcrumbList\",\"@id\":\"https:\/\/jak.fi\/fr\/produits\/accessoires-pour-grappin-coupeur\/partie-arriere-pour-avant\/#breadcrumb\",\"itemListElement\":[{\"@type\":\"ListItem\",\"position\":1,\"name\":\"Etusivu\",\"item\":\"https:\/\/jak.fi\/fr\/\"},{\"@type\":\"ListItem\",\"position\":2,\"name\":\"Produits\",\"item\":\"https:\/\/jak.fi\/fr\/produits\/\"},{\"@type\":\"ListItem\",\"position\":3,\"name\":\"Partie arri\u00e8re de l&rsquo;Avant\"}]},{\"@type\":\"WebSite\",\"@id\":\"https:\/\/jak.fi\/fr\/#website\",\"url\":\"https:\/\/jak.fi\/fr\/\",\"name\":\"JAK-Metalli Oy\",\"description\":\"\",\"publisher\":{\"@id\":\"https:\/\/jak.fi\/fr\/#organization\"},\"alternateName\":\"JAK Tree shears\",\"potentialAction\":[{\"@type\":\"SearchAction\",\"target\":{\"@type\":\"EntryPoint\",\"urlTemplate\":\"https:\/\/jak.fi\/fr\/?s={search_term_string}\"},\"query-input\":{\"@type\":\"PropertyValueSpecification\",\"valueRequired\":true,\"valueName\":\"search_term_string\"}}],\"inLanguage\":\"fr-FR\"},{\"@type\":\"Organization\",\"@id\":\"https:\/\/jak.fi\/fr\/#organization\",\"name\":\"JAK-Metalli Oy\",\"alternateName\":\"JAK Tree shears\",\"url\":\"https:\/\/jak.fi\/fr\/\",\"logo\":{\"@type\":\"ImageObject\",\"inLanguage\":\"fr-FR\",\"@id\":\"https:\/\/jak.fi\/fr\/#\/schema\/logo\/image\/\",\"url\":\"https:\/\/jak.fi\/wp-content\/uploads\/2024\/09\/JAK-logo-696x696-1.jpg\",\"contentUrl\":\"https:\/\/jak.fi\/wp-content\/uploads\/2024\/09\/JAK-logo-696x696-1.jpg\",\"width\":696,\"height\":696,\"caption\":\"JAK-Metalli Oy\"},\"image\":{\"@id\":\"https:\/\/jak.fi\/fr\/#\/schema\/logo\/image\/\"},\"sameAs\":[\"https:\/\/www.facebook.com\/jaktreeshears\",\"https:\/\/www.instagram.com\/jaktreeshears\/\",\"https:\/\/www.youtube.com\/channel\/UCAwvaVhBBkPie8MeAGbdY1w\"]}]}<\/script>\n<!-- \/ Yoast SEO plugin. -->","yoast_head_json":{"title":"Partie arri\u00e8re de l'Avant &#8211; JAK-Metalli Oy","description":"La partie arri\u00e8re Avant est compatible avec les grappins coupeurs d'\u00e9nergie JAK de la s\u00e9rie R et permet de fixer facilement le grappin sur les chargeuses sur pneus Avant.","robots":{"index":"index","follow":"follow","max-snippet":"max-snippet:-1","max-image-preview":"max-image-preview:large","max-video-preview":"max-video-preview:-1"},"canonical":"https:\/\/jak.fi\/fr\/produits\/accessoires-pour-grappin-coupeur\/partie-arriere-pour-avant\/","og_locale":"fr_FR","og_type":"article","og_title":"Partie arri\u00e8re de l'Avant &#8211; JAK-Metalli Oy","og_description":"La partie arri\u00e8re Avant est compatible avec les grappins coupeurs d'\u00e9nergie JAK de la s\u00e9rie R et permet de fixer facilement le grappin sur les chargeuses sur pneus Avant.","og_url":"https:\/\/jak.fi\/fr\/produits\/accessoires-pour-grappin-coupeur\/partie-arriere-pour-avant\/","og_site_name":"JAK-Metalli Oy","article_publisher":"https:\/\/www.facebook.com\/jaktreeshears","article_modified_time":"2025-05-27T07:18:41+00:00","og_image":[{"width":1000,"height":666,"url":"https:\/\/jak.fi\/wp-content\/uploads\/2024\/05\/tree-shear-avant-adapter.png","type":"image\/png"}],"twitter_card":"summary_large_image","twitter_misc":{"Dur\u00e9e de lecture estim\u00e9e":"1 minute"},"schema":{"@context":"https:\/\/schema.org","@graph":[{"@type":"WebPage","@id":"https:\/\/jak.fi\/fr\/produits\/accessoires-pour-grappin-coupeur\/partie-arriere-pour-avant\/","url":"https:\/\/jak.fi\/fr\/produits\/accessoires-pour-grappin-coupeur\/partie-arriere-pour-avant\/","name":"Partie arri\u00e8re de l'Avant &#8211; JAK-Metalli Oy","isPartOf":{"@id":"https:\/\/jak.fi\/fr\/#website"},"primaryImageOfPage":{"@id":"https:\/\/jak.fi\/fr\/produits\/accessoires-pour-grappin-coupeur\/partie-arriere-pour-avant\/#primaryimage"},"image":{"@id":"https:\/\/jak.fi\/fr\/produits\/accessoires-pour-grappin-coupeur\/partie-arriere-pour-avant\/#primaryimage"},"thumbnailUrl":"https:\/\/jak.fi\/wp-content\/uploads\/2024\/05\/tree-shear-avant-adapter.png","datePublished":"2024-05-28T07:08:07+00:00","dateModified":"2025-05-27T07:18:41+00:00","description":"La partie arri\u00e8re Avant est compatible avec les grappins coupeurs d'\u00e9nergie JAK de la s\u00e9rie R et permet de fixer facilement le grappin sur les chargeuses sur pneus Avant.","breadcrumb":{"@id":"https:\/\/jak.fi\/fr\/produits\/accessoires-pour-grappin-coupeur\/partie-arriere-pour-avant\/#breadcrumb"},"inLanguage":"fr-FR","potentialAction":[{"@type":"ReadAction","target":["https:\/\/jak.fi\/fr\/produits\/accessoires-pour-grappin-coupeur\/partie-arriere-pour-avant\/"]}]},{"@type":"ImageObject","inLanguage":"fr-FR","@id":"https:\/\/jak.fi\/fr\/produits\/accessoires-pour-grappin-coupeur\/partie-arriere-pour-avant\/#primaryimage","url":"https:\/\/jak.fi\/wp-content\/uploads\/2024\/05\/tree-shear-avant-adapter.png","contentUrl":"https:\/\/jak.fi\/wp-content\/uploads\/2024\/05\/tree-shear-avant-adapter.png","width":1000,"height":666,"caption":"Partie arri\u00e8re avant pour le grappin coupeur d'\u00e9nergie"},{"@type":"BreadcrumbList","@id":"https:\/\/jak.fi\/fr\/produits\/accessoires-pour-grappin-coupeur\/partie-arriere-pour-avant\/#breadcrumb","itemListElement":[{"@type":"ListItem","position":1,"name":"Etusivu","item":"https:\/\/jak.fi\/fr\/"},{"@type":"ListItem","position":2,"name":"Produits","item":"https:\/\/jak.fi\/fr\/produits\/"},{"@type":"ListItem","position":3,"name":"Partie arri\u00e8re de l&rsquo;Avant"}]},{"@type":"WebSite","@id":"https:\/\/jak.fi\/fr\/#website","url":"https:\/\/jak.fi\/fr\/","name":"JAK-Metalli Oy","description":"","publisher":{"@id":"https:\/\/jak.fi\/fr\/#organization"},"alternateName":"JAK Tree shears","potentialAction":[{"@type":"SearchAction","target":{"@type":"EntryPoint","urlTemplate":"https:\/\/jak.fi\/fr\/?s={search_term_string}"},"query-input":{"@type":"PropertyValueSpecification","valueRequired":true,"valueName":"search_term_string"}}],"inLanguage":"fr-FR"},{"@type":"Organization","@id":"https:\/\/jak.fi\/fr\/#organization","name":"JAK-Metalli Oy","alternateName":"JAK Tree shears","url":"https:\/\/jak.fi\/fr\/","logo":{"@type":"ImageObject","inLanguage":"fr-FR","@id":"https:\/\/jak.fi\/fr\/#\/schema\/logo\/image\/","url":"https:\/\/jak.fi\/wp-content\/uploads\/2024\/09\/JAK-logo-696x696-1.jpg","contentUrl":"https:\/\/jak.fi\/wp-content\/uploads\/2024\/09\/JAK-logo-696x696-1.jpg","width":696,"height":696,"caption":"JAK-Metalli Oy"},"image":{"@id":"https:\/\/jak.fi\/fr\/#\/schema\/logo\/image\/"},"sameAs":["https:\/\/www.facebook.com\/jaktreeshears","https:\/\/www.instagram.com\/jaktreeshears\/","https:\/\/www.youtube.com\/channel\/UCAwvaVhBBkPie8MeAGbdY1w"]}]}},"_links":{"self":[{"href":"https:\/\/jak.fi\/fr\/wp-json\/wp\/v2\/product\/3825","targetHints":{"allow":["GET"]}}],"collection":[{"href":"https:\/\/jak.fi\/fr\/wp-json\/wp\/v2\/product"}],"about":[{"href":"https:\/\/jak.fi\/fr\/wp-json\/wp\/v2\/types\/product"}],"wp:featuredmedia":[{"embeddable":true,"href":"https:\/\/jak.fi\/fr\/wp-json\/wp\/v2\/media\/3827"}],"wp:attachment":[{"href":"https:\/\/jak.fi\/fr\/wp-json\/wp\/v2\/media?parent=3825"}],"wp:term":[{"taxonomy":"product_brand","embeddable":true,"href":"https:\/\/jak.fi\/fr\/wp-json\/wp\/v2\/product_brand?post=3825"},{"taxonomy":"product_cat","embeddable":true,"href":"https:\/\/jak.fi\/fr\/wp-json\/wp\/v2\/product_cat?post=3825"},{"taxonomy":"product_tag","embeddable":true,"href":"https:\/\/jak.fi\/fr\/wp-json\/wp\/v2\/product_tag?post=3825"}],"curies":[{"name":"wp","href":"https:\/\/api.w.org\/{rel}","templated":true}]}}