{"id":3837,"date":"2024-05-28T10:08:25","date_gmt":"2024-05-28T07:08:25","guid":{"rendered":"https:\/\/jak.fi\/products\/non%20class\u00e9\/partie-arriere-dun-chargeur-et-dun-reacher\/"},"modified":"2025-04-11T15:50:37","modified_gmt":"2025-04-11T12:50:37","slug":"partie-arriere-pour-chargeur-et-telescopique","status":"publish","type":"product","link":"https:\/\/jak.fi\/fr\/produits\/accessoires-pour-grappin-coupeur\/partie-arriere-pour-chargeur-et-telescopique\/","title":{"rendered":"Chargeuse sur pneus et arri\u00e8re de reacher"},"content":{"rendered":"<p>L&#8217;embout pour chargeuse et reacher est un accessoire pour les mod\u00e8les de grappin coupeur d&rsquo;\u00e9nergie JAK de la s\u00e9rie R, qui permet de fixer le grappin coupeur \u00e0 diff\u00e9rentes chargeuses et reachers. L&#8217;embout arri\u00e8re pour chargeuse sur pneus est disponible en trois tailles diff\u00e9rentes, en fonction de la taille et de l&rsquo;utilisation du ch\u00e2ssis de la machine. <\/p>\n<p>Le fonctionnement du grappin coupeur et de la partie arri\u00e8re a \u00e9galement \u00e9t\u00e9 con\u00e7u de mani\u00e8re \u00e0 ce que le remplacement de la partie arri\u00e8re pour l&rsquo;adapter \u00e0 un autre type de machine soit possible, si n\u00e9cessaire, avec peu d&rsquo;effort, m\u00eame par l&rsquo;utilisateur. En changeant la partie arri\u00e8re du grappin, les grappins coupeurs de la s\u00e9rie R peuvent \u00e9galement \u00eatre utilis\u00e9s, par exemple, sur des pelles. <\/p>\n","protected":false},"excerpt":{"rendered":"<p>L&#8217;embout pour chargeuse et reacher est un accessoire pour les mod\u00e8les de grappin coupeur d&rsquo;\u00e9nergie JAK de la s\u00e9rie R, qui permet de fixer le grappin coupeur \u00e0 diff\u00e9rentes chargeuses et reachers. L&#8217;embout arri\u00e8re pour chargeuse sur pneus est disponible en trois tailles diff\u00e9rentes, en fonction de la taille et de l&rsquo;utilisation du ch\u00e2ssis de [&hellip;]<\/p>\n","protected":false},"featured_media":3842,"template":"","meta":{"_acf_changed":false},"product_brand":[],"product_cat":[569],"product_tag":[],"class_list":{"0":"post-3837","1":"product","2":"type-product","3":"status-publish","4":"has-post-thumbnail","6":"product_cat-accessoires-pour-grappin-coupeur","8":"first","9":"instock","10":"shipping-taxable","11":"product-type-simple"},"acf":[],"yoast_head":"<!-- This site is optimized with the Yoast SEO plugin v27.3 - https:\/\/yoast.com\/product\/yoast-seo-wordpress\/ -->\n<title>Chargeuse sur pneus et arri\u00e8re de reacher &#8211; JAK-Metalli Oy<\/title>\n<meta name=\"description\" content=\"Le fonctionnement de la grappin coupeur et de la poupe est con\u00e7u de mani\u00e8re \u00e0 ce que vous puissiez changer vous-m\u00eame la poupe pour un autre type de machine si n\u00e9cessaire.\" \/>\n<meta name=\"robots\" content=\"index, follow, max-snippet:-1, max-image-preview:large, max-video-preview:-1\" \/>\n<link rel=\"canonical\" href=\"https:\/\/jak.fi\/fr\/produits\/accessoires-pour-grappin-coupeur\/partie-arriere-pour-chargeur-et-telescopique\/\" \/>\n<meta property=\"og:locale\" content=\"fr_FR\" \/>\n<meta property=\"og:type\" content=\"article\" \/>\n<meta property=\"og:title\" content=\"Chargeuse sur pneus et arri\u00e8re de reacher &#8211; JAK-Metalli Oy\" \/>\n<meta property=\"og:description\" content=\"Le fonctionnement de la grappin coupeur et de la poupe est con\u00e7u de mani\u00e8re \u00e0 ce que vous puissiez changer vous-m\u00eame la poupe pour un autre type de machine si n\u00e9cessaire.\" \/>\n<meta property=\"og:url\" content=\"https:\/\/jak.fi\/fr\/produits\/accessoires-pour-grappin-coupeur\/partie-arriere-pour-chargeur-et-telescopique\/\" \/>\n<meta property=\"og:site_name\" content=\"JAK-Metalli Oy\" \/>\n<meta property=\"article:publisher\" content=\"https:\/\/www.facebook.com\/jaktreeshears\" \/>\n<meta property=\"article:modified_time\" content=\"2025-04-11T12:50:37+00:00\" \/>\n<meta property=\"og:image\" content=\"https:\/\/jak.fi\/wp-content\/uploads\/2024\/05\/tree-shear-multimount-adapter.png\" \/>\n\t<meta property=\"og:image:width\" content=\"1000\" \/>\n\t<meta property=\"og:image:height\" content=\"666\" \/>\n\t<meta property=\"og:image:type\" content=\"image\/png\" \/>\n<meta name=\"twitter:card\" content=\"summary_large_image\" \/>\n<meta name=\"twitter:label1\" content=\"Dur\u00e9e de lecture estim\u00e9e\" \/>\n\t<meta name=\"twitter:data1\" content=\"1 minute\" \/>\n<script type=\"application\/ld+json\" class=\"yoast-schema-graph\">{\"@context\":\"https:\\\/\\\/schema.org\",\"@graph\":[{\"@type\":\"WebPage\",\"@id\":\"https:\\\/\\\/jak.fi\\\/fr\\\/produits\\\/accessoires-pour-grappin-coupeur\\\/partie-arriere-pour-chargeur-et-telescopique\\\/\",\"url\":\"https:\\\/\\\/jak.fi\\\/fr\\\/produits\\\/accessoires-pour-grappin-coupeur\\\/partie-arriere-pour-chargeur-et-telescopique\\\/\",\"name\":\"Chargeuse sur pneus et arri\u00e8re de reacher &#8211; JAK-Metalli Oy\",\"isPartOf\":{\"@id\":\"https:\\\/\\\/jak.fi\\\/fr\\\/#website\"},\"primaryImageOfPage\":{\"@id\":\"https:\\\/\\\/jak.fi\\\/fr\\\/produits\\\/accessoires-pour-grappin-coupeur\\\/partie-arriere-pour-chargeur-et-telescopique\\\/#primaryimage\"},\"image\":{\"@id\":\"https:\\\/\\\/jak.fi\\\/fr\\\/produits\\\/accessoires-pour-grappin-coupeur\\\/partie-arriere-pour-chargeur-et-telescopique\\\/#primaryimage\"},\"thumbnailUrl\":\"https:\\\/\\\/jak.fi\\\/wp-content\\\/uploads\\\/2024\\\/05\\\/tree-shear-multimount-adapter.png\",\"datePublished\":\"2024-05-28T07:08:25+00:00\",\"dateModified\":\"2025-04-11T12:50:37+00:00\",\"description\":\"Le fonctionnement de la grappin coupeur et de la poupe est con\u00e7u de mani\u00e8re \u00e0 ce que vous puissiez changer vous-m\u00eame la poupe pour un autre type de machine si n\u00e9cessaire.\",\"breadcrumb\":{\"@id\":\"https:\\\/\\\/jak.fi\\\/fr\\\/produits\\\/accessoires-pour-grappin-coupeur\\\/partie-arriere-pour-chargeur-et-telescopique\\\/#breadcrumb\"},\"inLanguage\":\"fr-FR\",\"potentialAction\":[{\"@type\":\"ReadAction\",\"target\":[\"https:\\\/\\\/jak.fi\\\/fr\\\/produits\\\/accessoires-pour-grappin-coupeur\\\/partie-arriere-pour-chargeur-et-telescopique\\\/\"]}]},{\"@type\":\"ImageObject\",\"inLanguage\":\"fr-FR\",\"@id\":\"https:\\\/\\\/jak.fi\\\/fr\\\/produits\\\/accessoires-pour-grappin-coupeur\\\/partie-arriere-pour-chargeur-et-telescopique\\\/#primaryimage\",\"url\":\"https:\\\/\\\/jak.fi\\\/wp-content\\\/uploads\\\/2024\\\/05\\\/tree-shear-multimount-adapter.png\",\"contentUrl\":\"https:\\\/\\\/jak.fi\\\/wp-content\\\/uploads\\\/2024\\\/05\\\/tree-shear-multimount-adapter.png\",\"width\":1000,\"height\":666,\"caption\":\"Grappin coupeur arri\u00e8re pour chargeuse\"},{\"@type\":\"BreadcrumbList\",\"@id\":\"https:\\\/\\\/jak.fi\\\/fr\\\/produits\\\/accessoires-pour-grappin-coupeur\\\/partie-arriere-pour-chargeur-et-telescopique\\\/#breadcrumb\",\"itemListElement\":[{\"@type\":\"ListItem\",\"position\":1,\"name\":\"Etusivu\",\"item\":\"https:\\\/\\\/jak.fi\\\/fr\\\/\"},{\"@type\":\"ListItem\",\"position\":2,\"name\":\"Produits\",\"item\":\"https:\\\/\\\/jak.fi\\\/fr\\\/produits\\\/\"},{\"@type\":\"ListItem\",\"position\":3,\"name\":\"Chargeuse sur pneus et arri\u00e8re de reacher\"}]},{\"@type\":\"WebSite\",\"@id\":\"https:\\\/\\\/jak.fi\\\/fr\\\/#website\",\"url\":\"https:\\\/\\\/jak.fi\\\/fr\\\/\",\"name\":\"JAK-Metalli Oy\",\"description\":\"\",\"publisher\":{\"@id\":\"https:\\\/\\\/jak.fi\\\/fr\\\/#organization\"},\"alternateName\":\"JAK Tree shears\",\"potentialAction\":[{\"@type\":\"SearchAction\",\"target\":{\"@type\":\"EntryPoint\",\"urlTemplate\":\"https:\\\/\\\/jak.fi\\\/fr\\\/?s={search_term_string}\"},\"query-input\":{\"@type\":\"PropertyValueSpecification\",\"valueRequired\":true,\"valueName\":\"search_term_string\"}}],\"inLanguage\":\"fr-FR\"},{\"@type\":\"Organization\",\"@id\":\"https:\\\/\\\/jak.fi\\\/fr\\\/#organization\",\"name\":\"JAK-Metalli Oy\",\"alternateName\":\"JAK Tree shears\",\"url\":\"https:\\\/\\\/jak.fi\\\/fr\\\/\",\"logo\":{\"@type\":\"ImageObject\",\"inLanguage\":\"fr-FR\",\"@id\":\"https:\\\/\\\/jak.fi\\\/fr\\\/#\\\/schema\\\/logo\\\/image\\\/\",\"url\":\"https:\\\/\\\/jak.fi\\\/wp-content\\\/uploads\\\/2024\\\/09\\\/JAK-logo-696x696-1.jpg\",\"contentUrl\":\"https:\\\/\\\/jak.fi\\\/wp-content\\\/uploads\\\/2024\\\/09\\\/JAK-logo-696x696-1.jpg\",\"width\":696,\"height\":696,\"caption\":\"JAK-Metalli Oy\"},\"image\":{\"@id\":\"https:\\\/\\\/jak.fi\\\/fr\\\/#\\\/schema\\\/logo\\\/image\\\/\"},\"sameAs\":[\"https:\\\/\\\/www.facebook.com\\\/jaktreeshears\",\"https:\\\/\\\/www.instagram.com\\\/jaktreeshears\\\/\",\"https:\\\/\\\/www.youtube.com\\\/channel\\\/UCAwvaVhBBkPie8MeAGbdY1w\"]}]}<\/script>\n<!-- \/ Yoast SEO plugin. -->","yoast_head_json":{"title":"Chargeuse sur pneus et arri\u00e8re de reacher &#8211; JAK-Metalli Oy","description":"Le fonctionnement de la grappin coupeur et de la poupe est con\u00e7u de mani\u00e8re \u00e0 ce que vous puissiez changer vous-m\u00eame la poupe pour un autre type de machine si n\u00e9cessaire.","robots":{"index":"index","follow":"follow","max-snippet":"max-snippet:-1","max-image-preview":"max-image-preview:large","max-video-preview":"max-video-preview:-1"},"canonical":"https:\/\/jak.fi\/fr\/produits\/accessoires-pour-grappin-coupeur\/partie-arriere-pour-chargeur-et-telescopique\/","og_locale":"fr_FR","og_type":"article","og_title":"Chargeuse sur pneus et arri\u00e8re de reacher &#8211; JAK-Metalli Oy","og_description":"Le fonctionnement de la grappin coupeur et de la poupe est con\u00e7u de mani\u00e8re \u00e0 ce que vous puissiez changer vous-m\u00eame la poupe pour un autre type de machine si n\u00e9cessaire.","og_url":"https:\/\/jak.fi\/fr\/produits\/accessoires-pour-grappin-coupeur\/partie-arriere-pour-chargeur-et-telescopique\/","og_site_name":"JAK-Metalli Oy","article_publisher":"https:\/\/www.facebook.com\/jaktreeshears","article_modified_time":"2025-04-11T12:50:37+00:00","og_image":[{"width":1000,"height":666,"url":"https:\/\/jak.fi\/wp-content\/uploads\/2024\/05\/tree-shear-multimount-adapter.png","type":"image\/png"}],"twitter_card":"summary_large_image","twitter_misc":{"Dur\u00e9e de lecture estim\u00e9e":"1 minute"},"schema":{"@context":"https:\/\/schema.org","@graph":[{"@type":"WebPage","@id":"https:\/\/jak.fi\/fr\/produits\/accessoires-pour-grappin-coupeur\/partie-arriere-pour-chargeur-et-telescopique\/","url":"https:\/\/jak.fi\/fr\/produits\/accessoires-pour-grappin-coupeur\/partie-arriere-pour-chargeur-et-telescopique\/","name":"Chargeuse sur pneus et arri\u00e8re de reacher &#8211; JAK-Metalli Oy","isPartOf":{"@id":"https:\/\/jak.fi\/fr\/#website"},"primaryImageOfPage":{"@id":"https:\/\/jak.fi\/fr\/produits\/accessoires-pour-grappin-coupeur\/partie-arriere-pour-chargeur-et-telescopique\/#primaryimage"},"image":{"@id":"https:\/\/jak.fi\/fr\/produits\/accessoires-pour-grappin-coupeur\/partie-arriere-pour-chargeur-et-telescopique\/#primaryimage"},"thumbnailUrl":"https:\/\/jak.fi\/wp-content\/uploads\/2024\/05\/tree-shear-multimount-adapter.png","datePublished":"2024-05-28T07:08:25+00:00","dateModified":"2025-04-11T12:50:37+00:00","description":"Le fonctionnement de la grappin coupeur et de la poupe est con\u00e7u de mani\u00e8re \u00e0 ce que vous puissiez changer vous-m\u00eame la poupe pour un autre type de machine si n\u00e9cessaire.","breadcrumb":{"@id":"https:\/\/jak.fi\/fr\/produits\/accessoires-pour-grappin-coupeur\/partie-arriere-pour-chargeur-et-telescopique\/#breadcrumb"},"inLanguage":"fr-FR","potentialAction":[{"@type":"ReadAction","target":["https:\/\/jak.fi\/fr\/produits\/accessoires-pour-grappin-coupeur\/partie-arriere-pour-chargeur-et-telescopique\/"]}]},{"@type":"ImageObject","inLanguage":"fr-FR","@id":"https:\/\/jak.fi\/fr\/produits\/accessoires-pour-grappin-coupeur\/partie-arriere-pour-chargeur-et-telescopique\/#primaryimage","url":"https:\/\/jak.fi\/wp-content\/uploads\/2024\/05\/tree-shear-multimount-adapter.png","contentUrl":"https:\/\/jak.fi\/wp-content\/uploads\/2024\/05\/tree-shear-multimount-adapter.png","width":1000,"height":666,"caption":"Grappin coupeur arri\u00e8re pour chargeuse"},{"@type":"BreadcrumbList","@id":"https:\/\/jak.fi\/fr\/produits\/accessoires-pour-grappin-coupeur\/partie-arriere-pour-chargeur-et-telescopique\/#breadcrumb","itemListElement":[{"@type":"ListItem","position":1,"name":"Etusivu","item":"https:\/\/jak.fi\/fr\/"},{"@type":"ListItem","position":2,"name":"Produits","item":"https:\/\/jak.fi\/fr\/produits\/"},{"@type":"ListItem","position":3,"name":"Chargeuse sur pneus et arri\u00e8re de reacher"}]},{"@type":"WebSite","@id":"https:\/\/jak.fi\/fr\/#website","url":"https:\/\/jak.fi\/fr\/","name":"JAK-Metalli Oy","description":"","publisher":{"@id":"https:\/\/jak.fi\/fr\/#organization"},"alternateName":"JAK Tree shears","potentialAction":[{"@type":"SearchAction","target":{"@type":"EntryPoint","urlTemplate":"https:\/\/jak.fi\/fr\/?s={search_term_string}"},"query-input":{"@type":"PropertyValueSpecification","valueRequired":true,"valueName":"search_term_string"}}],"inLanguage":"fr-FR"},{"@type":"Organization","@id":"https:\/\/jak.fi\/fr\/#organization","name":"JAK-Metalli Oy","alternateName":"JAK Tree shears","url":"https:\/\/jak.fi\/fr\/","logo":{"@type":"ImageObject","inLanguage":"fr-FR","@id":"https:\/\/jak.fi\/fr\/#\/schema\/logo\/image\/","url":"https:\/\/jak.fi\/wp-content\/uploads\/2024\/09\/JAK-logo-696x696-1.jpg","contentUrl":"https:\/\/jak.fi\/wp-content\/uploads\/2024\/09\/JAK-logo-696x696-1.jpg","width":696,"height":696,"caption":"JAK-Metalli Oy"},"image":{"@id":"https:\/\/jak.fi\/fr\/#\/schema\/logo\/image\/"},"sameAs":["https:\/\/www.facebook.com\/jaktreeshears","https:\/\/www.instagram.com\/jaktreeshears\/","https:\/\/www.youtube.com\/channel\/UCAwvaVhBBkPie8MeAGbdY1w"]}]}},"_links":{"self":[{"href":"https:\/\/jak.fi\/fr\/wp-json\/wp\/v2\/product\/3837","targetHints":{"allow":["GET"]}}],"collection":[{"href":"https:\/\/jak.fi\/fr\/wp-json\/wp\/v2\/product"}],"about":[{"href":"https:\/\/jak.fi\/fr\/wp-json\/wp\/v2\/types\/product"}],"wp:featuredmedia":[{"embeddable":true,"href":"https:\/\/jak.fi\/fr\/wp-json\/wp\/v2\/media\/3842"}],"wp:attachment":[{"href":"https:\/\/jak.fi\/fr\/wp-json\/wp\/v2\/media?parent=3837"}],"wp:term":[{"taxonomy":"product_brand","embeddable":true,"href":"https:\/\/jak.fi\/fr\/wp-json\/wp\/v2\/product_brand?post=3837"},{"taxonomy":"product_cat","embeddable":true,"href":"https:\/\/jak.fi\/fr\/wp-json\/wp\/v2\/product_cat?post=3837"},{"taxonomy":"product_tag","embeddable":true,"href":"https:\/\/jak.fi\/fr\/wp-json\/wp\/v2\/product_tag?post=3837"}],"curies":[{"name":"wp","href":"https:\/\/api.w.org\/{rel}","templated":true}]}}