{"id":3870,"date":"2024-05-28T10:06:51","date_gmt":"2024-05-28T07:06:51","guid":{"rendered":"https:\/\/jak.fi\/products\/non%20class\u00e9\/radiocommande\/"},"modified":"2025-02-26T14:49:09","modified_gmt":"2025-02-26T11:49:09","slug":"radiocommande","status":"publish","type":"product","link":"https:\/\/jak.fi\/fr\/produits\/accessoires-pour-grappin-coupeur\/radiocommande\/","title":{"rendered":"Radiocommande"},"content":{"rendered":"<p>La commande radio permet une connexion sans fil entre la manette et la vanne directionnelle \u00e9lectrocommand\u00e9e 6\/2. Lorsqu&rsquo;un grappin coupeur JAK est \u00e9quip\u00e9, par exemple, d&rsquo;un collecteur, d&rsquo;une guillotine ou d&rsquo;un rotateur fonctionnant avec une hydraulique suppl\u00e9mentaire via la vanne directionnelle \u00e9lectrocommand\u00e9e 6\/2, vous avez besoin d&rsquo;un contr\u00f4leur pour cela.<\/p>\n<p>Le syst\u00e8me de radiocommande est livr\u00e9 avec un \u00e9metteur qui contient un contr\u00f4leur \u00e0 trois boutons. Il comprend \u00e9galement un r\u00e9cepteur avec un support de batterie pour les batteries Milwaukee ou Makita. L&rsquo;autonomie de la batterie du syst\u00e8me de radiocommande est de 8 heures en fonction des conditions m\u00e9t\u00e9orologiques. L&rsquo;\u00e9metteur peut \u00eatre aliment\u00e9 par la batterie de l&rsquo;unit\u00e9 de base.<\/p>\n<p><img loading=\"lazy\" decoding=\"async\" class=\"alignnone wp-image-617 size-medium\" src=\"https:\/\/jak.fi\/wp-content\/uploads\/2024\/05\/JAK-Radio-Control-selitys3-1-700x557.png\" alt=\"\" width=\"700\" height=\"557\" srcset=\"https:\/\/jak.fi\/wp-content\/uploads\/2024\/05\/JAK-Radio-Control-selitys3-1-700x557.png 700w, https:\/\/jak.fi\/wp-content\/uploads\/2024\/05\/JAK-Radio-Control-selitys3-1-1200x955.png 1200w, https:\/\/jak.fi\/wp-content\/uploads\/2024\/05\/JAK-Radio-Control-selitys3-1-768x611.png 768w, https:\/\/jak.fi\/wp-content\/uploads\/2024\/05\/JAK-Radio-Control-selitys3-1-800x637.png 800w, https:\/\/jak.fi\/wp-content\/uploads\/2024\/05\/JAK-Radio-Control-selitys3-1.png 1440w\" sizes=\"auto, (max-width: 700px) 100vw, 700px\" \/><\/p>\n<p><strong>\u00c9metteur de syst\u00e8me de radiocommande<\/strong><\/p>\n<p>1 &#8211; \u00c9metteur<\/p>\n<p>2 &#8211; C\u00e2ble d&rsquo;alimentation<\/p>\n<p>3 &#8211; Contr\u00f4leur avec trois boutons<\/p>\n<p>&nbsp;<\/p>\n<p><strong>R\u00e9cepteur de syst\u00e8me de radiocommande<\/strong><\/p>\n<p>4 &#8211; R\u00e9cepteur<\/p>\n<p>5 &#8211; Base de batterie (Makita ou Milwaukee)<\/p>\n<p>6 &#8211; C\u00e2ble de commande pour distributeur 6\/2 \u00e0 commande \u00e9lectrique<\/p>\n","protected":false},"excerpt":{"rendered":"<p>La commande radio permet une connexion sans fil entre la manette et la vanne directionnelle \u00e9lectrocommand\u00e9e 6\/2. Lorsqu&rsquo;un grappin coupeur JAK est \u00e9quip\u00e9, par exemple, d&rsquo;un collecteur, d&rsquo;une guillotine ou d&rsquo;un rotateur fonctionnant avec une hydraulique suppl\u00e9mentaire via la vanne directionnelle \u00e9lectrocommand\u00e9e 6\/2, vous avez besoin d&rsquo;un contr\u00f4leur pour cela. Le syst\u00e8me de radiocommande est [&hellip;]<\/p>\n","protected":false},"featured_media":3873,"template":"","meta":{"_acf_changed":false},"product_brand":[],"product_cat":[569],"product_tag":[],"class_list":{"0":"post-3870","1":"product","2":"type-product","3":"status-publish","4":"has-post-thumbnail","6":"product_cat-accessoires-pour-grappin-coupeur","8":"first","9":"instock","10":"shipping-taxable","11":"product-type-simple"},"acf":[],"yoast_head":"<!-- This site is optimized with the Yoast SEO plugin v27.2 - https:\/\/yoast.com\/product\/yoast-seo-wordpress\/ -->\n<title>Radiocommande &#8211; JAK-Metalli Oy<\/title>\n<meta name=\"robots\" content=\"index, follow, max-snippet:-1, max-image-preview:large, max-video-preview:-1\" \/>\n<link rel=\"canonical\" href=\"https:\/\/jak.fi\/fr\/produits\/accessoires-pour-grappin-coupeur\/radiocommande\/\" \/>\n<meta property=\"og:locale\" content=\"fr_FR\" \/>\n<meta property=\"og:type\" content=\"article\" \/>\n<meta property=\"og:title\" content=\"Radiocommande &#8211; JAK-Metalli Oy\" \/>\n<meta property=\"og:description\" content=\"La commande radio permet une connexion sans fil entre la manette et la vanne directionnelle \u00e9lectrocommand\u00e9e 6\/2. Lorsqu&rsquo;un grappin coupeur JAK est \u00e9quip\u00e9, par exemple, d&rsquo;un collecteur, d&rsquo;une guillotine ou d&rsquo;un rotateur fonctionnant avec une hydraulique suppl\u00e9mentaire via la vanne directionnelle \u00e9lectrocommand\u00e9e 6\/2, vous avez besoin d&rsquo;un contr\u00f4leur pour cela. Le syst\u00e8me de radiocommande est [&hellip;]\" \/>\n<meta property=\"og:url\" content=\"https:\/\/jak.fi\/fr\/produits\/accessoires-pour-grappin-coupeur\/radiocommande\/\" \/>\n<meta property=\"og:site_name\" content=\"JAK-Metalli Oy\" \/>\n<meta property=\"article:publisher\" content=\"https:\/\/www.facebook.com\/jaktreeshears\" \/>\n<meta property=\"article:modified_time\" content=\"2025-02-26T11:49:09+00:00\" \/>\n<meta property=\"og:image\" content=\"https:\/\/jak.fi\/wp-content\/uploads\/2024\/05\/JAK-Radio-Control-web.png\" \/>\n\t<meta property=\"og:image:width\" content=\"1000\" \/>\n\t<meta property=\"og:image:height\" content=\"667\" \/>\n\t<meta property=\"og:image:type\" content=\"image\/png\" \/>\n<meta name=\"twitter:card\" content=\"summary_large_image\" \/>\n<meta name=\"twitter:label1\" content=\"Dur\u00e9e de lecture estim\u00e9e\" \/>\n\t<meta name=\"twitter:data1\" content=\"2 minutes\" \/>\n<script type=\"application\/ld+json\" class=\"yoast-schema-graph\">{\"@context\":\"https:\/\/schema.org\",\"@graph\":[{\"@type\":\"WebPage\",\"@id\":\"https:\/\/jak.fi\/fr\/produits\/accessoires-pour-grappin-coupeur\/radiocommande\/\",\"url\":\"https:\/\/jak.fi\/fr\/produits\/accessoires-pour-grappin-coupeur\/radiocommande\/\",\"name\":\"Radiocommande &#8211; JAK-Metalli Oy\",\"isPartOf\":{\"@id\":\"https:\/\/jak.fi\/fr\/#website\"},\"primaryImageOfPage\":{\"@id\":\"https:\/\/jak.fi\/fr\/produits\/accessoires-pour-grappin-coupeur\/radiocommande\/#primaryimage\"},\"image\":{\"@id\":\"https:\/\/jak.fi\/fr\/produits\/accessoires-pour-grappin-coupeur\/radiocommande\/#primaryimage\"},\"thumbnailUrl\":\"https:\/\/jak.fi\/wp-content\/uploads\/2024\/05\/JAK-Radio-Control-web.png\",\"datePublished\":\"2024-05-28T07:06:51+00:00\",\"dateModified\":\"2025-02-26T11:49:09+00:00\",\"breadcrumb\":{\"@id\":\"https:\/\/jak.fi\/fr\/produits\/accessoires-pour-grappin-coupeur\/radiocommande\/#breadcrumb\"},\"inLanguage\":\"fr-FR\",\"potentialAction\":[{\"@type\":\"ReadAction\",\"target\":[\"https:\/\/jak.fi\/fr\/produits\/accessoires-pour-grappin-coupeur\/radiocommande\/\"]}]},{\"@type\":\"ImageObject\",\"inLanguage\":\"fr-FR\",\"@id\":\"https:\/\/jak.fi\/fr\/produits\/accessoires-pour-grappin-coupeur\/radiocommande\/#primaryimage\",\"url\":\"https:\/\/jak.fi\/wp-content\/uploads\/2024\/05\/JAK-Radio-Control-web.png\",\"contentUrl\":\"https:\/\/jak.fi\/wp-content\/uploads\/2024\/05\/JAK-Radio-Control-web.png\",\"width\":1000,\"height\":667,\"caption\":\"Radio-ohjaus energiakouralle\"},{\"@type\":\"BreadcrumbList\",\"@id\":\"https:\/\/jak.fi\/fr\/produits\/accessoires-pour-grappin-coupeur\/radiocommande\/#breadcrumb\",\"itemListElement\":[{\"@type\":\"ListItem\",\"position\":1,\"name\":\"Etusivu\",\"item\":\"https:\/\/jak.fi\/fr\/\"},{\"@type\":\"ListItem\",\"position\":2,\"name\":\"Produits\",\"item\":\"https:\/\/jak.fi\/fr\/produits\/\"},{\"@type\":\"ListItem\",\"position\":3,\"name\":\"Radiocommande\"}]},{\"@type\":\"WebSite\",\"@id\":\"https:\/\/jak.fi\/fr\/#website\",\"url\":\"https:\/\/jak.fi\/fr\/\",\"name\":\"JAK-Metalli Oy\",\"description\":\"\",\"publisher\":{\"@id\":\"https:\/\/jak.fi\/fr\/#organization\"},\"alternateName\":\"JAK Tree shears\",\"potentialAction\":[{\"@type\":\"SearchAction\",\"target\":{\"@type\":\"EntryPoint\",\"urlTemplate\":\"https:\/\/jak.fi\/fr\/?s={search_term_string}\"},\"query-input\":{\"@type\":\"PropertyValueSpecification\",\"valueRequired\":true,\"valueName\":\"search_term_string\"}}],\"inLanguage\":\"fr-FR\"},{\"@type\":\"Organization\",\"@id\":\"https:\/\/jak.fi\/fr\/#organization\",\"name\":\"JAK-Metalli Oy\",\"alternateName\":\"JAK Tree shears\",\"url\":\"https:\/\/jak.fi\/fr\/\",\"logo\":{\"@type\":\"ImageObject\",\"inLanguage\":\"fr-FR\",\"@id\":\"https:\/\/jak.fi\/fr\/#\/schema\/logo\/image\/\",\"url\":\"https:\/\/jak.fi\/wp-content\/uploads\/2024\/09\/JAK-logo-696x696-1.jpg\",\"contentUrl\":\"https:\/\/jak.fi\/wp-content\/uploads\/2024\/09\/JAK-logo-696x696-1.jpg\",\"width\":696,\"height\":696,\"caption\":\"JAK-Metalli Oy\"},\"image\":{\"@id\":\"https:\/\/jak.fi\/fr\/#\/schema\/logo\/image\/\"},\"sameAs\":[\"https:\/\/www.facebook.com\/jaktreeshears\",\"https:\/\/www.instagram.com\/jaktreeshears\/\",\"https:\/\/www.youtube.com\/channel\/UCAwvaVhBBkPie8MeAGbdY1w\"]}]}<\/script>\n<!-- \/ Yoast SEO plugin. -->","yoast_head_json":{"title":"Radiocommande &#8211; JAK-Metalli Oy","robots":{"index":"index","follow":"follow","max-snippet":"max-snippet:-1","max-image-preview":"max-image-preview:large","max-video-preview":"max-video-preview:-1"},"canonical":"https:\/\/jak.fi\/fr\/produits\/accessoires-pour-grappin-coupeur\/radiocommande\/","og_locale":"fr_FR","og_type":"article","og_title":"Radiocommande &#8211; JAK-Metalli Oy","og_description":"La commande radio permet une connexion sans fil entre la manette et la vanne directionnelle \u00e9lectrocommand\u00e9e 6\/2. Lorsqu&rsquo;un grappin coupeur JAK est \u00e9quip\u00e9, par exemple, d&rsquo;un collecteur, d&rsquo;une guillotine ou d&rsquo;un rotateur fonctionnant avec une hydraulique suppl\u00e9mentaire via la vanne directionnelle \u00e9lectrocommand\u00e9e 6\/2, vous avez besoin d&rsquo;un contr\u00f4leur pour cela. Le syst\u00e8me de radiocommande est [&hellip;]","og_url":"https:\/\/jak.fi\/fr\/produits\/accessoires-pour-grappin-coupeur\/radiocommande\/","og_site_name":"JAK-Metalli Oy","article_publisher":"https:\/\/www.facebook.com\/jaktreeshears","article_modified_time":"2025-02-26T11:49:09+00:00","og_image":[{"width":1000,"height":667,"url":"https:\/\/jak.fi\/wp-content\/uploads\/2024\/05\/JAK-Radio-Control-web.png","type":"image\/png"}],"twitter_card":"summary_large_image","twitter_misc":{"Dur\u00e9e de lecture estim\u00e9e":"2 minutes"},"schema":{"@context":"https:\/\/schema.org","@graph":[{"@type":"WebPage","@id":"https:\/\/jak.fi\/fr\/produits\/accessoires-pour-grappin-coupeur\/radiocommande\/","url":"https:\/\/jak.fi\/fr\/produits\/accessoires-pour-grappin-coupeur\/radiocommande\/","name":"Radiocommande &#8211; JAK-Metalli Oy","isPartOf":{"@id":"https:\/\/jak.fi\/fr\/#website"},"primaryImageOfPage":{"@id":"https:\/\/jak.fi\/fr\/produits\/accessoires-pour-grappin-coupeur\/radiocommande\/#primaryimage"},"image":{"@id":"https:\/\/jak.fi\/fr\/produits\/accessoires-pour-grappin-coupeur\/radiocommande\/#primaryimage"},"thumbnailUrl":"https:\/\/jak.fi\/wp-content\/uploads\/2024\/05\/JAK-Radio-Control-web.png","datePublished":"2024-05-28T07:06:51+00:00","dateModified":"2025-02-26T11:49:09+00:00","breadcrumb":{"@id":"https:\/\/jak.fi\/fr\/produits\/accessoires-pour-grappin-coupeur\/radiocommande\/#breadcrumb"},"inLanguage":"fr-FR","potentialAction":[{"@type":"ReadAction","target":["https:\/\/jak.fi\/fr\/produits\/accessoires-pour-grappin-coupeur\/radiocommande\/"]}]},{"@type":"ImageObject","inLanguage":"fr-FR","@id":"https:\/\/jak.fi\/fr\/produits\/accessoires-pour-grappin-coupeur\/radiocommande\/#primaryimage","url":"https:\/\/jak.fi\/wp-content\/uploads\/2024\/05\/JAK-Radio-Control-web.png","contentUrl":"https:\/\/jak.fi\/wp-content\/uploads\/2024\/05\/JAK-Radio-Control-web.png","width":1000,"height":667,"caption":"Radio-ohjaus energiakouralle"},{"@type":"BreadcrumbList","@id":"https:\/\/jak.fi\/fr\/produits\/accessoires-pour-grappin-coupeur\/radiocommande\/#breadcrumb","itemListElement":[{"@type":"ListItem","position":1,"name":"Etusivu","item":"https:\/\/jak.fi\/fr\/"},{"@type":"ListItem","position":2,"name":"Produits","item":"https:\/\/jak.fi\/fr\/produits\/"},{"@type":"ListItem","position":3,"name":"Radiocommande"}]},{"@type":"WebSite","@id":"https:\/\/jak.fi\/fr\/#website","url":"https:\/\/jak.fi\/fr\/","name":"JAK-Metalli Oy","description":"","publisher":{"@id":"https:\/\/jak.fi\/fr\/#organization"},"alternateName":"JAK Tree shears","potentialAction":[{"@type":"SearchAction","target":{"@type":"EntryPoint","urlTemplate":"https:\/\/jak.fi\/fr\/?s={search_term_string}"},"query-input":{"@type":"PropertyValueSpecification","valueRequired":true,"valueName":"search_term_string"}}],"inLanguage":"fr-FR"},{"@type":"Organization","@id":"https:\/\/jak.fi\/fr\/#organization","name":"JAK-Metalli Oy","alternateName":"JAK Tree shears","url":"https:\/\/jak.fi\/fr\/","logo":{"@type":"ImageObject","inLanguage":"fr-FR","@id":"https:\/\/jak.fi\/fr\/#\/schema\/logo\/image\/","url":"https:\/\/jak.fi\/wp-content\/uploads\/2024\/09\/JAK-logo-696x696-1.jpg","contentUrl":"https:\/\/jak.fi\/wp-content\/uploads\/2024\/09\/JAK-logo-696x696-1.jpg","width":696,"height":696,"caption":"JAK-Metalli Oy"},"image":{"@id":"https:\/\/jak.fi\/fr\/#\/schema\/logo\/image\/"},"sameAs":["https:\/\/www.facebook.com\/jaktreeshears","https:\/\/www.instagram.com\/jaktreeshears\/","https:\/\/www.youtube.com\/channel\/UCAwvaVhBBkPie8MeAGbdY1w"]}]}},"_links":{"self":[{"href":"https:\/\/jak.fi\/fr\/wp-json\/wp\/v2\/product\/3870","targetHints":{"allow":["GET"]}}],"collection":[{"href":"https:\/\/jak.fi\/fr\/wp-json\/wp\/v2\/product"}],"about":[{"href":"https:\/\/jak.fi\/fr\/wp-json\/wp\/v2\/types\/product"}],"wp:featuredmedia":[{"embeddable":true,"href":"https:\/\/jak.fi\/fr\/wp-json\/wp\/v2\/media\/3873"}],"wp:attachment":[{"href":"https:\/\/jak.fi\/fr\/wp-json\/wp\/v2\/media?parent=3870"}],"wp:term":[{"taxonomy":"product_brand","embeddable":true,"href":"https:\/\/jak.fi\/fr\/wp-json\/wp\/v2\/product_brand?post=3870"},{"taxonomy":"product_cat","embeddable":true,"href":"https:\/\/jak.fi\/fr\/wp-json\/wp\/v2\/product_cat?post=3870"},{"taxonomy":"product_tag","embeddable":true,"href":"https:\/\/jak.fi\/fr\/wp-json\/wp\/v2\/product_tag?post=3870"}],"curies":[{"name":"wp","href":"https:\/\/api.w.org\/{rel}","templated":true}]}}