{"id":3878,"date":"2024-05-28T10:06:32","date_gmt":"2024-05-28T07:06:32","guid":{"rendered":"https:\/\/jak.fi\/products\/non%20class\u00e9\/controle-des-cables\/"},"modified":"2025-02-26T14:48:20","modified_gmt":"2025-02-26T11:48:20","slug":"controle-des-cables","status":"publish","type":"product","link":"https:\/\/jak.fi\/fr\/produits\/accessoires-pour-grappin-coupeur\/controle-des-cables\/","title":{"rendered":"Contr\u00f4le des c\u00e2bles"},"content":{"rendered":"<p>Le contr\u00f4le par c\u00e2ble est utilis\u00e9 pour piloter la vanne directionnelle \u00e9lectrocommand\u00e9e 6\/2. Lorsqu&rsquo;un grappin coupeur JAK est \u00e9quip\u00e9, par exemple, d&rsquo;un collecteur, d&rsquo;une guillotine ou d&rsquo;un rotateur fonctionnant avec une hydraulique suppl\u00e9mentaire via la vanne directionnelle \u00e9lectrocommand\u00e9e 6\/2, vous avez besoin d&rsquo;un contr\u00f4leur pour cela.<\/p>\n<p>Le syst\u00e8me de commande par c\u00e2ble est livr\u00e9 avec une unit\u00e9 de commande contenant un contr\u00f4leur \u00e0 trois boutons. Vous pouvez \u00e9galement raccorder la commande \u00e0 des boutons existants. Un c\u00e2ble de rallonge de 10 m est \u00e9galement fourni pour connecter l&rsquo;\u00e9metteur \u00e0 une vanne 6\/2 \u00e0 commande \u00e9lectrique. L&rsquo;unit\u00e9 de commande par c\u00e2ble peut \u00eatre aliment\u00e9e par la batterie de la machine de base.<\/p>\n<p>&nbsp;<\/p>\n<p><img loading=\"lazy\" decoding=\"async\" class=\"alignnone wp-image-586 size-medium\" src=\"https:\/\/jak.fi\/wp-content\/uploads\/2024\/05\/Cable-Control-Pallukat-2-700x467.png\" alt=\"\" width=\"700\" height=\"467\" srcset=\"https:\/\/jak.fi\/wp-content\/uploads\/2024\/05\/Cable-Control-Pallukat-2-700x467.png 700w, https:\/\/jak.fi\/wp-content\/uploads\/2024\/05\/Cable-Control-Pallukat-2-768x512.png 768w, https:\/\/jak.fi\/wp-content\/uploads\/2024\/05\/Cable-Control-Pallukat-2-800x534.png 800w, https:\/\/jak.fi\/wp-content\/uploads\/2024\/05\/Cable-Control-Pallukat-2.png 1000w\" sizes=\"auto, (max-width: 700px) 100vw, 700px\" \/><\/p>\n<p><strong>Composants de contr\u00f4le des c\u00e2bles<\/strong><\/p>\n<p>1 &#8211; Unit\u00e9 de contr\u00f4le 12V et 24V<\/p>\n<p>2 &#8211; C\u00e2ble d&rsquo;extension pour le c\u00e2ble de connexion (10m)<\/p>\n<p>3 &#8211; C\u00e2ble de contr\u00f4le (1,5m)<\/p>\n<p>4 &#8211; C\u00e2ble de commande avec trois boutons (1,5m)<\/p>\n<p>5 &#8211; C\u00e2ble de connexion (3m)<\/p>\n","protected":false},"excerpt":{"rendered":"<p>Le contr\u00f4le par c\u00e2ble est utilis\u00e9 pour piloter la vanne directionnelle \u00e9lectrocommand\u00e9e 6\/2. Lorsqu&rsquo;un grappin coupeur JAK est \u00e9quip\u00e9, par exemple, d&rsquo;un collecteur, d&rsquo;une guillotine ou d&rsquo;un rotateur fonctionnant avec une hydraulique suppl\u00e9mentaire via la vanne directionnelle \u00e9lectrocommand\u00e9e 6\/2, vous avez besoin d&rsquo;un contr\u00f4leur pour cela. Le syst\u00e8me de commande par c\u00e2ble est livr\u00e9 avec [&hellip;]<\/p>\n","protected":false},"featured_media":3879,"template":"","meta":{"_acf_changed":false},"product_brand":[],"product_cat":[569],"product_tag":[],"class_list":{"0":"post-3878","1":"product","2":"type-product","3":"status-publish","4":"has-post-thumbnail","6":"product_cat-accessoires-pour-grappin-coupeur","8":"first","9":"instock","10":"shipping-taxable","11":"product-type-simple"},"acf":[],"yoast_head":"<!-- This site is optimized with the Yoast SEO plugin v27.3 - https:\/\/yoast.com\/product\/yoast-seo-wordpress\/ -->\n<title>Contr\u00f4le des c\u00e2bles &#8211; JAK-Metalli Oy<\/title>\n<meta name=\"robots\" content=\"index, follow, max-snippet:-1, max-image-preview:large, max-video-preview:-1\" \/>\n<link rel=\"canonical\" href=\"https:\/\/jak.fi\/fr\/produits\/accessoires-pour-grappin-coupeur\/controle-des-cables\/\" \/>\n<meta property=\"og:locale\" content=\"fr_FR\" \/>\n<meta property=\"og:type\" content=\"article\" \/>\n<meta property=\"og:title\" content=\"Contr\u00f4le des c\u00e2bles &#8211; JAK-Metalli Oy\" \/>\n<meta property=\"og:description\" content=\"Le contr\u00f4le par c\u00e2ble est utilis\u00e9 pour piloter la vanne directionnelle \u00e9lectrocommand\u00e9e 6\/2. Lorsqu&rsquo;un grappin coupeur JAK est \u00e9quip\u00e9, par exemple, d&rsquo;un collecteur, d&rsquo;une guillotine ou d&rsquo;un rotateur fonctionnant avec une hydraulique suppl\u00e9mentaire via la vanne directionnelle \u00e9lectrocommand\u00e9e 6\/2, vous avez besoin d&rsquo;un contr\u00f4leur pour cela. Le syst\u00e8me de commande par c\u00e2ble est livr\u00e9 avec [&hellip;]\" \/>\n<meta property=\"og:url\" content=\"https:\/\/jak.fi\/fr\/produits\/accessoires-pour-grappin-coupeur\/controle-des-cables\/\" \/>\n<meta property=\"og:site_name\" content=\"JAK-Metalli Oy\" \/>\n<meta property=\"article:publisher\" content=\"https:\/\/www.facebook.com\/jaktreeshears\" \/>\n<meta property=\"article:modified_time\" content=\"2025-02-26T11:48:20+00:00\" \/>\n<meta property=\"og:image\" content=\"https:\/\/jak.fi\/wp-content\/uploads\/2024\/05\/JAK-cable-control01.png\" \/>\n\t<meta property=\"og:image:width\" content=\"1000\" \/>\n\t<meta property=\"og:image:height\" content=\"667\" \/>\n\t<meta property=\"og:image:type\" content=\"image\/png\" \/>\n<meta name=\"twitter:card\" content=\"summary_large_image\" \/>\n<meta name=\"twitter:label1\" content=\"Dur\u00e9e de lecture estim\u00e9e\" \/>\n\t<meta name=\"twitter:data1\" content=\"2 minutes\" \/>\n<script type=\"application\/ld+json\" class=\"yoast-schema-graph\">{\"@context\":\"https:\\\/\\\/schema.org\",\"@graph\":[{\"@type\":\"WebPage\",\"@id\":\"https:\\\/\\\/jak.fi\\\/fr\\\/produits\\\/accessoires-pour-grappin-coupeur\\\/controle-des-cables\\\/\",\"url\":\"https:\\\/\\\/jak.fi\\\/fr\\\/produits\\\/accessoires-pour-grappin-coupeur\\\/controle-des-cables\\\/\",\"name\":\"Contr\u00f4le des c\u00e2bles &#8211; JAK-Metalli Oy\",\"isPartOf\":{\"@id\":\"https:\\\/\\\/jak.fi\\\/fr\\\/#website\"},\"primaryImageOfPage\":{\"@id\":\"https:\\\/\\\/jak.fi\\\/fr\\\/produits\\\/accessoires-pour-grappin-coupeur\\\/controle-des-cables\\\/#primaryimage\"},\"image\":{\"@id\":\"https:\\\/\\\/jak.fi\\\/fr\\\/produits\\\/accessoires-pour-grappin-coupeur\\\/controle-des-cables\\\/#primaryimage\"},\"thumbnailUrl\":\"https:\\\/\\\/jak.fi\\\/wp-content\\\/uploads\\\/2024\\\/05\\\/JAK-cable-control01.png\",\"datePublished\":\"2024-05-28T07:06:32+00:00\",\"dateModified\":\"2025-02-26T11:48:20+00:00\",\"breadcrumb\":{\"@id\":\"https:\\\/\\\/jak.fi\\\/fr\\\/produits\\\/accessoires-pour-grappin-coupeur\\\/controle-des-cables\\\/#breadcrumb\"},\"inLanguage\":\"fr-FR\",\"potentialAction\":[{\"@type\":\"ReadAction\",\"target\":[\"https:\\\/\\\/jak.fi\\\/fr\\\/produits\\\/accessoires-pour-grappin-coupeur\\\/controle-des-cables\\\/\"]}]},{\"@type\":\"ImageObject\",\"inLanguage\":\"fr-FR\",\"@id\":\"https:\\\/\\\/jak.fi\\\/fr\\\/produits\\\/accessoires-pour-grappin-coupeur\\\/controle-des-cables\\\/#primaryimage\",\"url\":\"https:\\\/\\\/jak.fi\\\/wp-content\\\/uploads\\\/2024\\\/05\\\/JAK-cable-control01.png\",\"contentUrl\":\"https:\\\/\\\/jak.fi\\\/wp-content\\\/uploads\\\/2024\\\/05\\\/JAK-cable-control01.png\",\"width\":1000,\"height\":667,\"caption\":\"Kaapeliohjaus energiakouralle\"},{\"@type\":\"BreadcrumbList\",\"@id\":\"https:\\\/\\\/jak.fi\\\/fr\\\/produits\\\/accessoires-pour-grappin-coupeur\\\/controle-des-cables\\\/#breadcrumb\",\"itemListElement\":[{\"@type\":\"ListItem\",\"position\":1,\"name\":\"Etusivu\",\"item\":\"https:\\\/\\\/jak.fi\\\/fr\\\/\"},{\"@type\":\"ListItem\",\"position\":2,\"name\":\"Produits\",\"item\":\"https:\\\/\\\/jak.fi\\\/fr\\\/produits\\\/\"},{\"@type\":\"ListItem\",\"position\":3,\"name\":\"Contr\u00f4le des c\u00e2bles\"}]},{\"@type\":\"WebSite\",\"@id\":\"https:\\\/\\\/jak.fi\\\/fr\\\/#website\",\"url\":\"https:\\\/\\\/jak.fi\\\/fr\\\/\",\"name\":\"JAK-Metalli Oy\",\"description\":\"\",\"publisher\":{\"@id\":\"https:\\\/\\\/jak.fi\\\/fr\\\/#organization\"},\"alternateName\":\"JAK Tree shears\",\"potentialAction\":[{\"@type\":\"SearchAction\",\"target\":{\"@type\":\"EntryPoint\",\"urlTemplate\":\"https:\\\/\\\/jak.fi\\\/fr\\\/?s={search_term_string}\"},\"query-input\":{\"@type\":\"PropertyValueSpecification\",\"valueRequired\":true,\"valueName\":\"search_term_string\"}}],\"inLanguage\":\"fr-FR\"},{\"@type\":\"Organization\",\"@id\":\"https:\\\/\\\/jak.fi\\\/fr\\\/#organization\",\"name\":\"JAK-Metalli Oy\",\"alternateName\":\"JAK Tree shears\",\"url\":\"https:\\\/\\\/jak.fi\\\/fr\\\/\",\"logo\":{\"@type\":\"ImageObject\",\"inLanguage\":\"fr-FR\",\"@id\":\"https:\\\/\\\/jak.fi\\\/fr\\\/#\\\/schema\\\/logo\\\/image\\\/\",\"url\":\"https:\\\/\\\/jak.fi\\\/wp-content\\\/uploads\\\/2024\\\/09\\\/JAK-logo-696x696-1.jpg\",\"contentUrl\":\"https:\\\/\\\/jak.fi\\\/wp-content\\\/uploads\\\/2024\\\/09\\\/JAK-logo-696x696-1.jpg\",\"width\":696,\"height\":696,\"caption\":\"JAK-Metalli Oy\"},\"image\":{\"@id\":\"https:\\\/\\\/jak.fi\\\/fr\\\/#\\\/schema\\\/logo\\\/image\\\/\"},\"sameAs\":[\"https:\\\/\\\/www.facebook.com\\\/jaktreeshears\",\"https:\\\/\\\/www.instagram.com\\\/jaktreeshears\\\/\",\"https:\\\/\\\/www.youtube.com\\\/channel\\\/UCAwvaVhBBkPie8MeAGbdY1w\"]}]}<\/script>\n<!-- \/ Yoast SEO plugin. -->","yoast_head_json":{"title":"Contr\u00f4le des c\u00e2bles &#8211; JAK-Metalli Oy","robots":{"index":"index","follow":"follow","max-snippet":"max-snippet:-1","max-image-preview":"max-image-preview:large","max-video-preview":"max-video-preview:-1"},"canonical":"https:\/\/jak.fi\/fr\/produits\/accessoires-pour-grappin-coupeur\/controle-des-cables\/","og_locale":"fr_FR","og_type":"article","og_title":"Contr\u00f4le des c\u00e2bles &#8211; JAK-Metalli Oy","og_description":"Le contr\u00f4le par c\u00e2ble est utilis\u00e9 pour piloter la vanne directionnelle \u00e9lectrocommand\u00e9e 6\/2. Lorsqu&rsquo;un grappin coupeur JAK est \u00e9quip\u00e9, par exemple, d&rsquo;un collecteur, d&rsquo;une guillotine ou d&rsquo;un rotateur fonctionnant avec une hydraulique suppl\u00e9mentaire via la vanne directionnelle \u00e9lectrocommand\u00e9e 6\/2, vous avez besoin d&rsquo;un contr\u00f4leur pour cela. Le syst\u00e8me de commande par c\u00e2ble est livr\u00e9 avec [&hellip;]","og_url":"https:\/\/jak.fi\/fr\/produits\/accessoires-pour-grappin-coupeur\/controle-des-cables\/","og_site_name":"JAK-Metalli Oy","article_publisher":"https:\/\/www.facebook.com\/jaktreeshears","article_modified_time":"2025-02-26T11:48:20+00:00","og_image":[{"width":1000,"height":667,"url":"https:\/\/jak.fi\/wp-content\/uploads\/2024\/05\/JAK-cable-control01.png","type":"image\/png"}],"twitter_card":"summary_large_image","twitter_misc":{"Dur\u00e9e de lecture estim\u00e9e":"2 minutes"},"schema":{"@context":"https:\/\/schema.org","@graph":[{"@type":"WebPage","@id":"https:\/\/jak.fi\/fr\/produits\/accessoires-pour-grappin-coupeur\/controle-des-cables\/","url":"https:\/\/jak.fi\/fr\/produits\/accessoires-pour-grappin-coupeur\/controle-des-cables\/","name":"Contr\u00f4le des c\u00e2bles &#8211; JAK-Metalli Oy","isPartOf":{"@id":"https:\/\/jak.fi\/fr\/#website"},"primaryImageOfPage":{"@id":"https:\/\/jak.fi\/fr\/produits\/accessoires-pour-grappin-coupeur\/controle-des-cables\/#primaryimage"},"image":{"@id":"https:\/\/jak.fi\/fr\/produits\/accessoires-pour-grappin-coupeur\/controle-des-cables\/#primaryimage"},"thumbnailUrl":"https:\/\/jak.fi\/wp-content\/uploads\/2024\/05\/JAK-cable-control01.png","datePublished":"2024-05-28T07:06:32+00:00","dateModified":"2025-02-26T11:48:20+00:00","breadcrumb":{"@id":"https:\/\/jak.fi\/fr\/produits\/accessoires-pour-grappin-coupeur\/controle-des-cables\/#breadcrumb"},"inLanguage":"fr-FR","potentialAction":[{"@type":"ReadAction","target":["https:\/\/jak.fi\/fr\/produits\/accessoires-pour-grappin-coupeur\/controle-des-cables\/"]}]},{"@type":"ImageObject","inLanguage":"fr-FR","@id":"https:\/\/jak.fi\/fr\/produits\/accessoires-pour-grappin-coupeur\/controle-des-cables\/#primaryimage","url":"https:\/\/jak.fi\/wp-content\/uploads\/2024\/05\/JAK-cable-control01.png","contentUrl":"https:\/\/jak.fi\/wp-content\/uploads\/2024\/05\/JAK-cable-control01.png","width":1000,"height":667,"caption":"Kaapeliohjaus energiakouralle"},{"@type":"BreadcrumbList","@id":"https:\/\/jak.fi\/fr\/produits\/accessoires-pour-grappin-coupeur\/controle-des-cables\/#breadcrumb","itemListElement":[{"@type":"ListItem","position":1,"name":"Etusivu","item":"https:\/\/jak.fi\/fr\/"},{"@type":"ListItem","position":2,"name":"Produits","item":"https:\/\/jak.fi\/fr\/produits\/"},{"@type":"ListItem","position":3,"name":"Contr\u00f4le des c\u00e2bles"}]},{"@type":"WebSite","@id":"https:\/\/jak.fi\/fr\/#website","url":"https:\/\/jak.fi\/fr\/","name":"JAK-Metalli Oy","description":"","publisher":{"@id":"https:\/\/jak.fi\/fr\/#organization"},"alternateName":"JAK Tree shears","potentialAction":[{"@type":"SearchAction","target":{"@type":"EntryPoint","urlTemplate":"https:\/\/jak.fi\/fr\/?s={search_term_string}"},"query-input":{"@type":"PropertyValueSpecification","valueRequired":true,"valueName":"search_term_string"}}],"inLanguage":"fr-FR"},{"@type":"Organization","@id":"https:\/\/jak.fi\/fr\/#organization","name":"JAK-Metalli Oy","alternateName":"JAK Tree shears","url":"https:\/\/jak.fi\/fr\/","logo":{"@type":"ImageObject","inLanguage":"fr-FR","@id":"https:\/\/jak.fi\/fr\/#\/schema\/logo\/image\/","url":"https:\/\/jak.fi\/wp-content\/uploads\/2024\/09\/JAK-logo-696x696-1.jpg","contentUrl":"https:\/\/jak.fi\/wp-content\/uploads\/2024\/09\/JAK-logo-696x696-1.jpg","width":696,"height":696,"caption":"JAK-Metalli Oy"},"image":{"@id":"https:\/\/jak.fi\/fr\/#\/schema\/logo\/image\/"},"sameAs":["https:\/\/www.facebook.com\/jaktreeshears","https:\/\/www.instagram.com\/jaktreeshears\/","https:\/\/www.youtube.com\/channel\/UCAwvaVhBBkPie8MeAGbdY1w"]}]}},"_links":{"self":[{"href":"https:\/\/jak.fi\/fr\/wp-json\/wp\/v2\/product\/3878","targetHints":{"allow":["GET"]}}],"collection":[{"href":"https:\/\/jak.fi\/fr\/wp-json\/wp\/v2\/product"}],"about":[{"href":"https:\/\/jak.fi\/fr\/wp-json\/wp\/v2\/types\/product"}],"wp:featuredmedia":[{"embeddable":true,"href":"https:\/\/jak.fi\/fr\/wp-json\/wp\/v2\/media\/3879"}],"wp:attachment":[{"href":"https:\/\/jak.fi\/fr\/wp-json\/wp\/v2\/media?parent=3878"}],"wp:term":[{"taxonomy":"product_brand","embeddable":true,"href":"https:\/\/jak.fi\/fr\/wp-json\/wp\/v2\/product_brand?post=3878"},{"taxonomy":"product_cat","embeddable":true,"href":"https:\/\/jak.fi\/fr\/wp-json\/wp\/v2\/product_cat?post=3878"},{"taxonomy":"product_tag","embeddable":true,"href":"https:\/\/jak.fi\/fr\/wp-json\/wp\/v2\/product_tag?post=3878"}],"curies":[{"name":"wp","href":"https:\/\/api.w.org\/{rel}","templated":true}]}}