{"id":3880,"date":"2024-05-28T10:07:40","date_gmt":"2024-05-28T07:07:40","guid":{"rendered":"https:\/\/jak.fi\/products\/non%20class\u00e9\/fleche-dextension-fixe\/"},"modified":"2025-08-21T14:20:59","modified_gmt":"2025-08-21T11:20:59","slug":"bras-telescopique-fixe","status":"publish","type":"product","link":"https:\/\/jak.fi\/fr\/produits\/accessoires-pour-grappin-coupeur\/bras-telescopique-fixe\/","title":{"rendered":"Fl\u00e8che d&rsquo;extension fixe"},"content":{"rendered":"<h2 data-start=\"64\" data-end=\"148\">Le grappin coupeur fixe de JAK &#8211; ajoute de la dimension et de l&rsquo;efficacit\u00e9 aux travaux forestiers<\/h2>\n<p data-start=\"150\" data-end=\"441\"><strong data-start=\"150\" data-end=\"172\">La fl\u00e8che d&rsquo;extension fixe<\/strong> am\u00e9liore la port\u00e9e du travail et apporte une rentabilit\u00e9 et une rapidit\u00e9 significatives aux op\u00e9rations foresti\u00e8res. La fl\u00e8che d&rsquo;extension permet d&rsquo;\u00e9loigner en toute s\u00e9curit\u00e9 les points sensibles de la t\u00eate de fl\u00e8che des branches d&rsquo;arbre, ce qui r\u00e9duit l&rsquo;usure et prolonge la dur\u00e9e de vie de l&rsquo;\u00e9quipement. <\/p>\n<p data-start=\"443\" data-end=\"746\"><strong data-start=\"443\" data-end=\"479\">La fl\u00e8che d&rsquo;extension du grappin coupeur JAK Energy<\/strong> est sp\u00e9cialement con\u00e7ue pour les conditions exigeantes, telles que les terrains difficiles et l&rsquo;enl\u00e8vement d&rsquo;arbres \u00e0 probl\u00e8mes. La port\u00e9e am\u00e9lior\u00e9e permet d&rsquo;effectuer le travail plus efficacement, car moins de mouvements de la machine sont n\u00e9cessaires, ce qui augmente consid\u00e9rablement la productivit\u00e9. <\/p>\n<p data-start=\"748\" data-end=\"992\">La fl\u00e8che d&rsquo;extension, l\u00e9g\u00e8re mais extr\u00eamement durable, est fabriqu\u00e9e dans une construction robuste qui garantit une longue dur\u00e9e de vie. Selon le mod\u00e8le, la fl\u00e8che d&rsquo;extension offre une port\u00e9e suppl\u00e9mentaire <strong data-start=\"905\" data-end=\"919\">de 600 \u00e0 930 mm<\/strong>, ce qui vous permet de choisir la solution la mieux adapt\u00e9e \u00e0 votre application. <\/p>\n<h3 data-start=\"994\" data-end=\"1014\">Les avantages en bref :<\/h3>\n<ul data-start=\"1015\" data-end=\"1231\">\n<li data-start=\"1015\" data-end=\"1060\">\n<p data-start=\"1017\" data-end=\"1060\">Plus de port\u00e9e pour les travaux forestiers 600-930 mm<\/p>\n<\/li>\n<li data-start=\"1061\" data-end=\"1108\">\n<p data-start=\"1063\" data-end=\"1108\">Am\u00e9liorer la productivit\u00e9 et gagner du temps<\/p>\n<\/li>\n<li data-start=\"1109\" data-end=\"1149\">\n<p data-start=\"1111\" data-end=\"1149\">R\u00e9duit la n\u00e9cessit\u00e9 de d\u00e9placer la machine<\/p>\n<\/li>\n<li data-start=\"1150\" data-end=\"1190\">\n<p data-start=\"1152\" data-end=\"1190\">Prot\u00e8ge la cime de l&rsquo;arbre contre les dommages caus\u00e9s par les branches<\/p>\n<\/li>\n<li data-start=\"1191\" data-end=\"1231\">\n<p data-start=\"1193\" data-end=\"1231\">Construction l\u00e9g\u00e8re mais tr\u00e8s durable<\/p>\n<\/li>\n<\/ul>\n<p data-start=\"1233\" data-end=\"1352\">La <strong data-start=\"1233\" data-end=\"1251\">perche d&rsquo;extension JAK<\/strong> est un excellent accessoire pour une gestion foresti\u00e8re plus s\u00fbre, plus rapide et plus productive.<\/p>\n","protected":false},"excerpt":{"rendered":"<p>Le grappin coupeur fixe de JAK &#8211; ajoute de la dimension et de l&rsquo;efficacit\u00e9 aux travaux forestiers La fl\u00e8che d&rsquo;extension fixe am\u00e9liore la port\u00e9e du travail et apporte une rentabilit\u00e9 et une rapidit\u00e9 significatives aux op\u00e9rations foresti\u00e8res. La fl\u00e8che d&rsquo;extension permet d&rsquo;\u00e9loigner en toute s\u00e9curit\u00e9 les points sensibles de la t\u00eate de fl\u00e8che des branches [&hellip;]<\/p>\n","protected":false},"featured_media":3882,"template":"","meta":{"_acf_changed":false},"product_brand":[],"product_cat":[569],"product_tag":[],"class_list":{"0":"post-3880","1":"product","2":"type-product","3":"status-publish","4":"has-post-thumbnail","6":"product_cat-accessoires-pour-grappin-coupeur","8":"first","9":"instock","10":"shipping-taxable","11":"product-type-simple"},"acf":[],"yoast_head":"<!-- This site is optimized with the Yoast SEO plugin v27.3 - https:\/\/yoast.com\/product\/yoast-seo-wordpress\/ -->\n<title>Fl\u00e8che d&#039;extension fixe &#8211; JAK-Metalli Oy<\/title>\n<meta name=\"description\" content=\"La perche d&#039;extension grappin coupeur de JAK Energy augmente la port\u00e9e de 600 \u00e0 930 mm, rend les travaux forestiers plus efficaces et prot\u00e8ge l&#039;extr\u00e9mit\u00e9 de la perche contre les branches. Accessoire l\u00e9ger et durable.\" \/>\n<meta name=\"robots\" content=\"index, follow, max-snippet:-1, max-image-preview:large, max-video-preview:-1\" \/>\n<link rel=\"canonical\" href=\"https:\/\/jak.fi\/fr\/produits\/accessoires-pour-grappin-coupeur\/bras-telescopique-fixe\/\" \/>\n<meta property=\"og:locale\" content=\"fr_FR\" \/>\n<meta property=\"og:type\" content=\"article\" \/>\n<meta property=\"og:title\" content=\"Fl\u00e8che d&#039;extension fixe &#8211; JAK-Metalli Oy\" \/>\n<meta property=\"og:description\" content=\"La perche d&#039;extension grappin coupeur de JAK Energy augmente la port\u00e9e de 600 \u00e0 930 mm, rend les travaux forestiers plus efficaces et prot\u00e8ge l&#039;extr\u00e9mit\u00e9 de la perche contre les branches. Accessoire l\u00e9ger et durable.\" \/>\n<meta property=\"og:url\" content=\"https:\/\/jak.fi\/fr\/produits\/accessoires-pour-grappin-coupeur\/bras-telescopique-fixe\/\" \/>\n<meta property=\"og:site_name\" content=\"JAK-Metalli Oy\" \/>\n<meta property=\"article:publisher\" content=\"https:\/\/www.facebook.com\/jaktreeshears\" \/>\n<meta property=\"article:modified_time\" content=\"2025-08-21T11:20:59+00:00\" \/>\n<meta property=\"og:image\" content=\"https:\/\/jak.fi\/wp-content\/uploads\/2024\/05\/Jatkopuomi-220C.png\" \/>\n\t<meta property=\"og:image:width\" content=\"1000\" \/>\n\t<meta property=\"og:image:height\" content=\"667\" \/>\n\t<meta property=\"og:image:type\" content=\"image\/png\" \/>\n<meta name=\"twitter:card\" content=\"summary_large_image\" \/>\n<meta name=\"twitter:label1\" content=\"Dur\u00e9e de lecture estim\u00e9e\" \/>\n\t<meta name=\"twitter:data1\" content=\"1 minute\" \/>\n<script type=\"application\/ld+json\" class=\"yoast-schema-graph\">{\"@context\":\"https:\\\/\\\/schema.org\",\"@graph\":[{\"@type\":\"WebPage\",\"@id\":\"https:\\\/\\\/jak.fi\\\/fr\\\/produits\\\/accessoires-pour-grappin-coupeur\\\/bras-telescopique-fixe\\\/\",\"url\":\"https:\\\/\\\/jak.fi\\\/fr\\\/produits\\\/accessoires-pour-grappin-coupeur\\\/bras-telescopique-fixe\\\/\",\"name\":\"Fl\u00e8che d'extension fixe &#8211; JAK-Metalli Oy\",\"isPartOf\":{\"@id\":\"https:\\\/\\\/jak.fi\\\/fr\\\/#website\"},\"primaryImageOfPage\":{\"@id\":\"https:\\\/\\\/jak.fi\\\/fr\\\/produits\\\/accessoires-pour-grappin-coupeur\\\/bras-telescopique-fixe\\\/#primaryimage\"},\"image\":{\"@id\":\"https:\\\/\\\/jak.fi\\\/fr\\\/produits\\\/accessoires-pour-grappin-coupeur\\\/bras-telescopique-fixe\\\/#primaryimage\"},\"thumbnailUrl\":\"https:\\\/\\\/jak.fi\\\/wp-content\\\/uploads\\\/2024\\\/05\\\/Jatkopuomi-220C.png\",\"datePublished\":\"2024-05-28T07:07:40+00:00\",\"dateModified\":\"2025-08-21T11:20:59+00:00\",\"description\":\"La perche d'extension grappin coupeur de JAK Energy augmente la port\u00e9e de 600 \u00e0 930 mm, rend les travaux forestiers plus efficaces et prot\u00e8ge l'extr\u00e9mit\u00e9 de la perche contre les branches. Accessoire l\u00e9ger et durable.\",\"breadcrumb\":{\"@id\":\"https:\\\/\\\/jak.fi\\\/fr\\\/produits\\\/accessoires-pour-grappin-coupeur\\\/bras-telescopique-fixe\\\/#breadcrumb\"},\"inLanguage\":\"fr-FR\",\"potentialAction\":[{\"@type\":\"ReadAction\",\"target\":[\"https:\\\/\\\/jak.fi\\\/fr\\\/produits\\\/accessoires-pour-grappin-coupeur\\\/bras-telescopique-fixe\\\/\"]}]},{\"@type\":\"ImageObject\",\"inLanguage\":\"fr-FR\",\"@id\":\"https:\\\/\\\/jak.fi\\\/fr\\\/produits\\\/accessoires-pour-grappin-coupeur\\\/bras-telescopique-fixe\\\/#primaryimage\",\"url\":\"https:\\\/\\\/jak.fi\\\/wp-content\\\/uploads\\\/2024\\\/05\\\/Jatkopuomi-220C.png\",\"contentUrl\":\"https:\\\/\\\/jak.fi\\\/wp-content\\\/uploads\\\/2024\\\/05\\\/Jatkopuomi-220C.png\",\"width\":1000,\"height\":667,\"caption\":\"Une extension solide du grappin coupeur d'\u00e9nergie\"},{\"@type\":\"BreadcrumbList\",\"@id\":\"https:\\\/\\\/jak.fi\\\/fr\\\/produits\\\/accessoires-pour-grappin-coupeur\\\/bras-telescopique-fixe\\\/#breadcrumb\",\"itemListElement\":[{\"@type\":\"ListItem\",\"position\":1,\"name\":\"Etusivu\",\"item\":\"https:\\\/\\\/jak.fi\\\/fr\\\/\"},{\"@type\":\"ListItem\",\"position\":2,\"name\":\"Produits\",\"item\":\"https:\\\/\\\/jak.fi\\\/fr\\\/produits\\\/\"},{\"@type\":\"ListItem\",\"position\":3,\"name\":\"Fl\u00e8che d&rsquo;extension fixe\"}]},{\"@type\":\"WebSite\",\"@id\":\"https:\\\/\\\/jak.fi\\\/fr\\\/#website\",\"url\":\"https:\\\/\\\/jak.fi\\\/fr\\\/\",\"name\":\"JAK-Metalli Oy\",\"description\":\"\",\"publisher\":{\"@id\":\"https:\\\/\\\/jak.fi\\\/fr\\\/#organization\"},\"alternateName\":\"JAK Tree shears\",\"potentialAction\":[{\"@type\":\"SearchAction\",\"target\":{\"@type\":\"EntryPoint\",\"urlTemplate\":\"https:\\\/\\\/jak.fi\\\/fr\\\/?s={search_term_string}\"},\"query-input\":{\"@type\":\"PropertyValueSpecification\",\"valueRequired\":true,\"valueName\":\"search_term_string\"}}],\"inLanguage\":\"fr-FR\"},{\"@type\":\"Organization\",\"@id\":\"https:\\\/\\\/jak.fi\\\/fr\\\/#organization\",\"name\":\"JAK-Metalli Oy\",\"alternateName\":\"JAK Tree shears\",\"url\":\"https:\\\/\\\/jak.fi\\\/fr\\\/\",\"logo\":{\"@type\":\"ImageObject\",\"inLanguage\":\"fr-FR\",\"@id\":\"https:\\\/\\\/jak.fi\\\/fr\\\/#\\\/schema\\\/logo\\\/image\\\/\",\"url\":\"https:\\\/\\\/jak.fi\\\/wp-content\\\/uploads\\\/2024\\\/09\\\/JAK-logo-696x696-1.jpg\",\"contentUrl\":\"https:\\\/\\\/jak.fi\\\/wp-content\\\/uploads\\\/2024\\\/09\\\/JAK-logo-696x696-1.jpg\",\"width\":696,\"height\":696,\"caption\":\"JAK-Metalli Oy\"},\"image\":{\"@id\":\"https:\\\/\\\/jak.fi\\\/fr\\\/#\\\/schema\\\/logo\\\/image\\\/\"},\"sameAs\":[\"https:\\\/\\\/www.facebook.com\\\/jaktreeshears\",\"https:\\\/\\\/www.instagram.com\\\/jaktreeshears\\\/\",\"https:\\\/\\\/www.youtube.com\\\/channel\\\/UCAwvaVhBBkPie8MeAGbdY1w\"]}]}<\/script>\n<!-- \/ Yoast SEO plugin. -->","yoast_head_json":{"title":"Fl\u00e8che d'extension fixe &#8211; JAK-Metalli Oy","description":"La perche d'extension grappin coupeur de JAK Energy augmente la port\u00e9e de 600 \u00e0 930 mm, rend les travaux forestiers plus efficaces et prot\u00e8ge l'extr\u00e9mit\u00e9 de la perche contre les branches. Accessoire l\u00e9ger et durable.","robots":{"index":"index","follow":"follow","max-snippet":"max-snippet:-1","max-image-preview":"max-image-preview:large","max-video-preview":"max-video-preview:-1"},"canonical":"https:\/\/jak.fi\/fr\/produits\/accessoires-pour-grappin-coupeur\/bras-telescopique-fixe\/","og_locale":"fr_FR","og_type":"article","og_title":"Fl\u00e8che d'extension fixe &#8211; JAK-Metalli Oy","og_description":"La perche d'extension grappin coupeur de JAK Energy augmente la port\u00e9e de 600 \u00e0 930 mm, rend les travaux forestiers plus efficaces et prot\u00e8ge l'extr\u00e9mit\u00e9 de la perche contre les branches. Accessoire l\u00e9ger et durable.","og_url":"https:\/\/jak.fi\/fr\/produits\/accessoires-pour-grappin-coupeur\/bras-telescopique-fixe\/","og_site_name":"JAK-Metalli Oy","article_publisher":"https:\/\/www.facebook.com\/jaktreeshears","article_modified_time":"2025-08-21T11:20:59+00:00","og_image":[{"width":1000,"height":667,"url":"https:\/\/jak.fi\/wp-content\/uploads\/2024\/05\/Jatkopuomi-220C.png","type":"image\/png"}],"twitter_card":"summary_large_image","twitter_misc":{"Dur\u00e9e de lecture estim\u00e9e":"1 minute"},"schema":{"@context":"https:\/\/schema.org","@graph":[{"@type":"WebPage","@id":"https:\/\/jak.fi\/fr\/produits\/accessoires-pour-grappin-coupeur\/bras-telescopique-fixe\/","url":"https:\/\/jak.fi\/fr\/produits\/accessoires-pour-grappin-coupeur\/bras-telescopique-fixe\/","name":"Fl\u00e8che d'extension fixe &#8211; JAK-Metalli Oy","isPartOf":{"@id":"https:\/\/jak.fi\/fr\/#website"},"primaryImageOfPage":{"@id":"https:\/\/jak.fi\/fr\/produits\/accessoires-pour-grappin-coupeur\/bras-telescopique-fixe\/#primaryimage"},"image":{"@id":"https:\/\/jak.fi\/fr\/produits\/accessoires-pour-grappin-coupeur\/bras-telescopique-fixe\/#primaryimage"},"thumbnailUrl":"https:\/\/jak.fi\/wp-content\/uploads\/2024\/05\/Jatkopuomi-220C.png","datePublished":"2024-05-28T07:07:40+00:00","dateModified":"2025-08-21T11:20:59+00:00","description":"La perche d'extension grappin coupeur de JAK Energy augmente la port\u00e9e de 600 \u00e0 930 mm, rend les travaux forestiers plus efficaces et prot\u00e8ge l'extr\u00e9mit\u00e9 de la perche contre les branches. Accessoire l\u00e9ger et durable.","breadcrumb":{"@id":"https:\/\/jak.fi\/fr\/produits\/accessoires-pour-grappin-coupeur\/bras-telescopique-fixe\/#breadcrumb"},"inLanguage":"fr-FR","potentialAction":[{"@type":"ReadAction","target":["https:\/\/jak.fi\/fr\/produits\/accessoires-pour-grappin-coupeur\/bras-telescopique-fixe\/"]}]},{"@type":"ImageObject","inLanguage":"fr-FR","@id":"https:\/\/jak.fi\/fr\/produits\/accessoires-pour-grappin-coupeur\/bras-telescopique-fixe\/#primaryimage","url":"https:\/\/jak.fi\/wp-content\/uploads\/2024\/05\/Jatkopuomi-220C.png","contentUrl":"https:\/\/jak.fi\/wp-content\/uploads\/2024\/05\/Jatkopuomi-220C.png","width":1000,"height":667,"caption":"Une extension solide du grappin coupeur d'\u00e9nergie"},{"@type":"BreadcrumbList","@id":"https:\/\/jak.fi\/fr\/produits\/accessoires-pour-grappin-coupeur\/bras-telescopique-fixe\/#breadcrumb","itemListElement":[{"@type":"ListItem","position":1,"name":"Etusivu","item":"https:\/\/jak.fi\/fr\/"},{"@type":"ListItem","position":2,"name":"Produits","item":"https:\/\/jak.fi\/fr\/produits\/"},{"@type":"ListItem","position":3,"name":"Fl\u00e8che d&rsquo;extension fixe"}]},{"@type":"WebSite","@id":"https:\/\/jak.fi\/fr\/#website","url":"https:\/\/jak.fi\/fr\/","name":"JAK-Metalli Oy","description":"","publisher":{"@id":"https:\/\/jak.fi\/fr\/#organization"},"alternateName":"JAK Tree shears","potentialAction":[{"@type":"SearchAction","target":{"@type":"EntryPoint","urlTemplate":"https:\/\/jak.fi\/fr\/?s={search_term_string}"},"query-input":{"@type":"PropertyValueSpecification","valueRequired":true,"valueName":"search_term_string"}}],"inLanguage":"fr-FR"},{"@type":"Organization","@id":"https:\/\/jak.fi\/fr\/#organization","name":"JAK-Metalli Oy","alternateName":"JAK Tree shears","url":"https:\/\/jak.fi\/fr\/","logo":{"@type":"ImageObject","inLanguage":"fr-FR","@id":"https:\/\/jak.fi\/fr\/#\/schema\/logo\/image\/","url":"https:\/\/jak.fi\/wp-content\/uploads\/2024\/09\/JAK-logo-696x696-1.jpg","contentUrl":"https:\/\/jak.fi\/wp-content\/uploads\/2024\/09\/JAK-logo-696x696-1.jpg","width":696,"height":696,"caption":"JAK-Metalli Oy"},"image":{"@id":"https:\/\/jak.fi\/fr\/#\/schema\/logo\/image\/"},"sameAs":["https:\/\/www.facebook.com\/jaktreeshears","https:\/\/www.instagram.com\/jaktreeshears\/","https:\/\/www.youtube.com\/channel\/UCAwvaVhBBkPie8MeAGbdY1w"]}]}},"_links":{"self":[{"href":"https:\/\/jak.fi\/fr\/wp-json\/wp\/v2\/product\/3880","targetHints":{"allow":["GET"]}}],"collection":[{"href":"https:\/\/jak.fi\/fr\/wp-json\/wp\/v2\/product"}],"about":[{"href":"https:\/\/jak.fi\/fr\/wp-json\/wp\/v2\/types\/product"}],"wp:featuredmedia":[{"embeddable":true,"href":"https:\/\/jak.fi\/fr\/wp-json\/wp\/v2\/media\/3882"}],"wp:attachment":[{"href":"https:\/\/jak.fi\/fr\/wp-json\/wp\/v2\/media?parent=3880"}],"wp:term":[{"taxonomy":"product_brand","embeddable":true,"href":"https:\/\/jak.fi\/fr\/wp-json\/wp\/v2\/product_brand?post=3880"},{"taxonomy":"product_cat","embeddable":true,"href":"https:\/\/jak.fi\/fr\/wp-json\/wp\/v2\/product_cat?post=3880"},{"taxonomy":"product_tag","embeddable":true,"href":"https:\/\/jak.fi\/fr\/wp-json\/wp\/v2\/product_tag?post=3880"}],"curies":[{"name":"wp","href":"https:\/\/api.w.org\/{rel}","templated":true}]}}