{"id":3890,"date":"2024-05-28T10:11:47","date_gmt":"2024-05-28T07:11:47","guid":{"rendered":"https:\/\/jak.fi\/products\/non%20class\u00e9\/travailler-le-menton-avec-trois-doigts\/"},"modified":"2025-04-11T15:50:11","modified_gmt":"2025-04-11T12:50:11","slug":"travailler-le-menton-avec-trois-doigts","status":"publish","type":"product","link":"https:\/\/jak.fi\/fr\/produits\/accessoires-pour-grappin-coupeur\/travailler-le-menton-avec-trois-doigts\/","title":{"rendered":"Travailler le menton avec trois doigts"},"content":{"rendered":"<p>Le grappin coupeur JAK est disponible avec une m\u00e2choire standard \u00e0 deux doigts ou alternativement une m\u00e2choire \u00e0 trois doigts, selon les besoins du client. Le mandrin \u00e0 trois doigts offre une prise plus ferme sur le bois \u00e0 couper, ce qui am\u00e9liore la s\u00e9curit\u00e9 et la pr\u00e9cision du mandrin. <\/p>\n","protected":false},"excerpt":{"rendered":"<p>Le grappin coupeur JAK est disponible avec une m\u00e2choire standard \u00e0 deux doigts ou alternativement une m\u00e2choire \u00e0 trois doigts, selon les besoins du client. Le mandrin \u00e0 trois doigts offre une prise plus ferme sur le bois \u00e0 couper, ce qui am\u00e9liore la s\u00e9curit\u00e9 et la pr\u00e9cision du mandrin.<\/p>\n","protected":false},"featured_media":3893,"template":"","meta":{"_acf_changed":false},"product_brand":[],"product_cat":[569],"product_tag":[],"class_list":{"0":"post-3890","1":"product","2":"type-product","3":"status-publish","4":"has-post-thumbnail","6":"product_cat-accessoires-pour-grappin-coupeur","8":"first","9":"instock","10":"shipping-taxable","11":"product-type-simple"},"acf":[],"yoast_head":"<!-- This site is optimized with the Yoast SEO plugin v27.3 - https:\/\/yoast.com\/product\/yoast-seo-wordpress\/ -->\n<title>Travailler le menton avec trois doigts &#8211; JAK-Metalli Oy<\/title>\n<meta name=\"description\" content=\"La m\u00e2choire de travail \u00e0 trois doigts de JAK am\u00e9liore la prise du grappin coupeur d&#039;\u00e9nergie, rendant la manipulation du bois plus pr\u00e9cise et plus efficace. Disponible pour diff\u00e9rents mod\u00e8les.\" \/>\n<meta name=\"robots\" content=\"index, follow, max-snippet:-1, max-image-preview:large, max-video-preview:-1\" \/>\n<link rel=\"canonical\" href=\"https:\/\/jak.fi\/fr\/produits\/accessoires-pour-grappin-coupeur\/travailler-le-menton-avec-trois-doigts\/\" \/>\n<meta property=\"og:locale\" content=\"fr_FR\" \/>\n<meta property=\"og:type\" content=\"article\" \/>\n<meta property=\"og:title\" content=\"Travailler le menton avec trois doigts &#8211; JAK-Metalli Oy\" \/>\n<meta property=\"og:description\" content=\"La m\u00e2choire de travail \u00e0 trois doigts de JAK am\u00e9liore la prise du grappin coupeur d&#039;\u00e9nergie, rendant la manipulation du bois plus pr\u00e9cise et plus efficace. Disponible pour diff\u00e9rents mod\u00e8les.\" \/>\n<meta property=\"og:url\" content=\"https:\/\/jak.fi\/fr\/produits\/accessoires-pour-grappin-coupeur\/travailler-le-menton-avec-trois-doigts\/\" \/>\n<meta property=\"og:site_name\" content=\"JAK-Metalli Oy\" \/>\n<meta property=\"article:publisher\" content=\"https:\/\/www.facebook.com\/jaktreeshears\" \/>\n<meta property=\"article:modified_time\" content=\"2025-04-11T12:50:11+00:00\" \/>\n<meta property=\"og:image\" content=\"https:\/\/jak.fi\/wp-content\/uploads\/2024\/05\/three-finger-work-jaw03.png\" \/>\n\t<meta property=\"og:image:width\" content=\"1000\" \/>\n\t<meta property=\"og:image:height\" content=\"1000\" \/>\n\t<meta property=\"og:image:type\" content=\"image\/png\" \/>\n<meta name=\"twitter:card\" content=\"summary_large_image\" \/>\n<script type=\"application\/ld+json\" class=\"yoast-schema-graph\">{\"@context\":\"https:\\\/\\\/schema.org\",\"@graph\":[{\"@type\":\"WebPage\",\"@id\":\"https:\\\/\\\/jak.fi\\\/fr\\\/produits\\\/accessoires-pour-grappin-coupeur\\\/travailler-le-menton-avec-trois-doigts\\\/\",\"url\":\"https:\\\/\\\/jak.fi\\\/fr\\\/produits\\\/accessoires-pour-grappin-coupeur\\\/travailler-le-menton-avec-trois-doigts\\\/\",\"name\":\"Travailler le menton avec trois doigts &#8211; JAK-Metalli Oy\",\"isPartOf\":{\"@id\":\"https:\\\/\\\/jak.fi\\\/fr\\\/#website\"},\"primaryImageOfPage\":{\"@id\":\"https:\\\/\\\/jak.fi\\\/fr\\\/produits\\\/accessoires-pour-grappin-coupeur\\\/travailler-le-menton-avec-trois-doigts\\\/#primaryimage\"},\"image\":{\"@id\":\"https:\\\/\\\/jak.fi\\\/fr\\\/produits\\\/accessoires-pour-grappin-coupeur\\\/travailler-le-menton-avec-trois-doigts\\\/#primaryimage\"},\"thumbnailUrl\":\"https:\\\/\\\/jak.fi\\\/wp-content\\\/uploads\\\/2024\\\/05\\\/three-finger-work-jaw03.png\",\"datePublished\":\"2024-05-28T07:11:47+00:00\",\"dateModified\":\"2025-04-11T12:50:11+00:00\",\"description\":\"La m\u00e2choire de travail \u00e0 trois doigts de JAK am\u00e9liore la prise du grappin coupeur d'\u00e9nergie, rendant la manipulation du bois plus pr\u00e9cise et plus efficace. Disponible pour diff\u00e9rents mod\u00e8les.\",\"breadcrumb\":{\"@id\":\"https:\\\/\\\/jak.fi\\\/fr\\\/produits\\\/accessoires-pour-grappin-coupeur\\\/travailler-le-menton-avec-trois-doigts\\\/#breadcrumb\"},\"inLanguage\":\"fr-FR\",\"potentialAction\":[{\"@type\":\"ReadAction\",\"target\":[\"https:\\\/\\\/jak.fi\\\/fr\\\/produits\\\/accessoires-pour-grappin-coupeur\\\/travailler-le-menton-avec-trois-doigts\\\/\"]}]},{\"@type\":\"ImageObject\",\"inLanguage\":\"fr-FR\",\"@id\":\"https:\\\/\\\/jak.fi\\\/fr\\\/produits\\\/accessoires-pour-grappin-coupeur\\\/travailler-le-menton-avec-trois-doigts\\\/#primaryimage\",\"url\":\"https:\\\/\\\/jak.fi\\\/wp-content\\\/uploads\\\/2024\\\/05\\\/three-finger-work-jaw03.png\",\"contentUrl\":\"https:\\\/\\\/jak.fi\\\/wp-content\\\/uploads\\\/2024\\\/05\\\/three-finger-work-jaw03.png\",\"width\":1000,\"height\":1000,\"caption\":\"Grappin coupeur avec trois doigts.\"},{\"@type\":\"BreadcrumbList\",\"@id\":\"https:\\\/\\\/jak.fi\\\/fr\\\/produits\\\/accessoires-pour-grappin-coupeur\\\/travailler-le-menton-avec-trois-doigts\\\/#breadcrumb\",\"itemListElement\":[{\"@type\":\"ListItem\",\"position\":1,\"name\":\"Etusivu\",\"item\":\"https:\\\/\\\/jak.fi\\\/fr\\\/\"},{\"@type\":\"ListItem\",\"position\":2,\"name\":\"Produits\",\"item\":\"https:\\\/\\\/jak.fi\\\/fr\\\/produits\\\/\"},{\"@type\":\"ListItem\",\"position\":3,\"name\":\"Travailler le menton avec trois doigts\"}]},{\"@type\":\"WebSite\",\"@id\":\"https:\\\/\\\/jak.fi\\\/fr\\\/#website\",\"url\":\"https:\\\/\\\/jak.fi\\\/fr\\\/\",\"name\":\"JAK-Metalli Oy\",\"description\":\"\",\"publisher\":{\"@id\":\"https:\\\/\\\/jak.fi\\\/fr\\\/#organization\"},\"alternateName\":\"JAK Tree shears\",\"potentialAction\":[{\"@type\":\"SearchAction\",\"target\":{\"@type\":\"EntryPoint\",\"urlTemplate\":\"https:\\\/\\\/jak.fi\\\/fr\\\/?s={search_term_string}\"},\"query-input\":{\"@type\":\"PropertyValueSpecification\",\"valueRequired\":true,\"valueName\":\"search_term_string\"}}],\"inLanguage\":\"fr-FR\"},{\"@type\":\"Organization\",\"@id\":\"https:\\\/\\\/jak.fi\\\/fr\\\/#organization\",\"name\":\"JAK-Metalli Oy\",\"alternateName\":\"JAK Tree shears\",\"url\":\"https:\\\/\\\/jak.fi\\\/fr\\\/\",\"logo\":{\"@type\":\"ImageObject\",\"inLanguage\":\"fr-FR\",\"@id\":\"https:\\\/\\\/jak.fi\\\/fr\\\/#\\\/schema\\\/logo\\\/image\\\/\",\"url\":\"https:\\\/\\\/jak.fi\\\/wp-content\\\/uploads\\\/2024\\\/09\\\/JAK-logo-696x696-1.jpg\",\"contentUrl\":\"https:\\\/\\\/jak.fi\\\/wp-content\\\/uploads\\\/2024\\\/09\\\/JAK-logo-696x696-1.jpg\",\"width\":696,\"height\":696,\"caption\":\"JAK-Metalli Oy\"},\"image\":{\"@id\":\"https:\\\/\\\/jak.fi\\\/fr\\\/#\\\/schema\\\/logo\\\/image\\\/\"},\"sameAs\":[\"https:\\\/\\\/www.facebook.com\\\/jaktreeshears\",\"https:\\\/\\\/www.instagram.com\\\/jaktreeshears\\\/\",\"https:\\\/\\\/www.youtube.com\\\/channel\\\/UCAwvaVhBBkPie8MeAGbdY1w\"]}]}<\/script>\n<!-- \/ Yoast SEO plugin. -->","yoast_head_json":{"title":"Travailler le menton avec trois doigts &#8211; JAK-Metalli Oy","description":"La m\u00e2choire de travail \u00e0 trois doigts de JAK am\u00e9liore la prise du grappin coupeur d'\u00e9nergie, rendant la manipulation du bois plus pr\u00e9cise et plus efficace. Disponible pour diff\u00e9rents mod\u00e8les.","robots":{"index":"index","follow":"follow","max-snippet":"max-snippet:-1","max-image-preview":"max-image-preview:large","max-video-preview":"max-video-preview:-1"},"canonical":"https:\/\/jak.fi\/fr\/produits\/accessoires-pour-grappin-coupeur\/travailler-le-menton-avec-trois-doigts\/","og_locale":"fr_FR","og_type":"article","og_title":"Travailler le menton avec trois doigts &#8211; JAK-Metalli Oy","og_description":"La m\u00e2choire de travail \u00e0 trois doigts de JAK am\u00e9liore la prise du grappin coupeur d'\u00e9nergie, rendant la manipulation du bois plus pr\u00e9cise et plus efficace. Disponible pour diff\u00e9rents mod\u00e8les.","og_url":"https:\/\/jak.fi\/fr\/produits\/accessoires-pour-grappin-coupeur\/travailler-le-menton-avec-trois-doigts\/","og_site_name":"JAK-Metalli Oy","article_publisher":"https:\/\/www.facebook.com\/jaktreeshears","article_modified_time":"2025-04-11T12:50:11+00:00","og_image":[{"width":1000,"height":1000,"url":"https:\/\/jak.fi\/wp-content\/uploads\/2024\/05\/three-finger-work-jaw03.png","type":"image\/png"}],"twitter_card":"summary_large_image","schema":{"@context":"https:\/\/schema.org","@graph":[{"@type":"WebPage","@id":"https:\/\/jak.fi\/fr\/produits\/accessoires-pour-grappin-coupeur\/travailler-le-menton-avec-trois-doigts\/","url":"https:\/\/jak.fi\/fr\/produits\/accessoires-pour-grappin-coupeur\/travailler-le-menton-avec-trois-doigts\/","name":"Travailler le menton avec trois doigts &#8211; JAK-Metalli Oy","isPartOf":{"@id":"https:\/\/jak.fi\/fr\/#website"},"primaryImageOfPage":{"@id":"https:\/\/jak.fi\/fr\/produits\/accessoires-pour-grappin-coupeur\/travailler-le-menton-avec-trois-doigts\/#primaryimage"},"image":{"@id":"https:\/\/jak.fi\/fr\/produits\/accessoires-pour-grappin-coupeur\/travailler-le-menton-avec-trois-doigts\/#primaryimage"},"thumbnailUrl":"https:\/\/jak.fi\/wp-content\/uploads\/2024\/05\/three-finger-work-jaw03.png","datePublished":"2024-05-28T07:11:47+00:00","dateModified":"2025-04-11T12:50:11+00:00","description":"La m\u00e2choire de travail \u00e0 trois doigts de JAK am\u00e9liore la prise du grappin coupeur d'\u00e9nergie, rendant la manipulation du bois plus pr\u00e9cise et plus efficace. Disponible pour diff\u00e9rents mod\u00e8les.","breadcrumb":{"@id":"https:\/\/jak.fi\/fr\/produits\/accessoires-pour-grappin-coupeur\/travailler-le-menton-avec-trois-doigts\/#breadcrumb"},"inLanguage":"fr-FR","potentialAction":[{"@type":"ReadAction","target":["https:\/\/jak.fi\/fr\/produits\/accessoires-pour-grappin-coupeur\/travailler-le-menton-avec-trois-doigts\/"]}]},{"@type":"ImageObject","inLanguage":"fr-FR","@id":"https:\/\/jak.fi\/fr\/produits\/accessoires-pour-grappin-coupeur\/travailler-le-menton-avec-trois-doigts\/#primaryimage","url":"https:\/\/jak.fi\/wp-content\/uploads\/2024\/05\/three-finger-work-jaw03.png","contentUrl":"https:\/\/jak.fi\/wp-content\/uploads\/2024\/05\/three-finger-work-jaw03.png","width":1000,"height":1000,"caption":"Grappin coupeur avec trois doigts."},{"@type":"BreadcrumbList","@id":"https:\/\/jak.fi\/fr\/produits\/accessoires-pour-grappin-coupeur\/travailler-le-menton-avec-trois-doigts\/#breadcrumb","itemListElement":[{"@type":"ListItem","position":1,"name":"Etusivu","item":"https:\/\/jak.fi\/fr\/"},{"@type":"ListItem","position":2,"name":"Produits","item":"https:\/\/jak.fi\/fr\/produits\/"},{"@type":"ListItem","position":3,"name":"Travailler le menton avec trois doigts"}]},{"@type":"WebSite","@id":"https:\/\/jak.fi\/fr\/#website","url":"https:\/\/jak.fi\/fr\/","name":"JAK-Metalli Oy","description":"","publisher":{"@id":"https:\/\/jak.fi\/fr\/#organization"},"alternateName":"JAK Tree shears","potentialAction":[{"@type":"SearchAction","target":{"@type":"EntryPoint","urlTemplate":"https:\/\/jak.fi\/fr\/?s={search_term_string}"},"query-input":{"@type":"PropertyValueSpecification","valueRequired":true,"valueName":"search_term_string"}}],"inLanguage":"fr-FR"},{"@type":"Organization","@id":"https:\/\/jak.fi\/fr\/#organization","name":"JAK-Metalli Oy","alternateName":"JAK Tree shears","url":"https:\/\/jak.fi\/fr\/","logo":{"@type":"ImageObject","inLanguage":"fr-FR","@id":"https:\/\/jak.fi\/fr\/#\/schema\/logo\/image\/","url":"https:\/\/jak.fi\/wp-content\/uploads\/2024\/09\/JAK-logo-696x696-1.jpg","contentUrl":"https:\/\/jak.fi\/wp-content\/uploads\/2024\/09\/JAK-logo-696x696-1.jpg","width":696,"height":696,"caption":"JAK-Metalli Oy"},"image":{"@id":"https:\/\/jak.fi\/fr\/#\/schema\/logo\/image\/"},"sameAs":["https:\/\/www.facebook.com\/jaktreeshears","https:\/\/www.instagram.com\/jaktreeshears\/","https:\/\/www.youtube.com\/channel\/UCAwvaVhBBkPie8MeAGbdY1w"]}]}},"_links":{"self":[{"href":"https:\/\/jak.fi\/fr\/wp-json\/wp\/v2\/product\/3890","targetHints":{"allow":["GET"]}}],"collection":[{"href":"https:\/\/jak.fi\/fr\/wp-json\/wp\/v2\/product"}],"about":[{"href":"https:\/\/jak.fi\/fr\/wp-json\/wp\/v2\/types\/product"}],"wp:featuredmedia":[{"embeddable":true,"href":"https:\/\/jak.fi\/fr\/wp-json\/wp\/v2\/media\/3893"}],"wp:attachment":[{"href":"https:\/\/jak.fi\/fr\/wp-json\/wp\/v2\/media?parent=3890"}],"wp:term":[{"taxonomy":"product_brand","embeddable":true,"href":"https:\/\/jak.fi\/fr\/wp-json\/wp\/v2\/product_brand?post=3890"},{"taxonomy":"product_cat","embeddable":true,"href":"https:\/\/jak.fi\/fr\/wp-json\/wp\/v2\/product_cat?post=3890"},{"taxonomy":"product_tag","embeddable":true,"href":"https:\/\/jak.fi\/fr\/wp-json\/wp\/v2\/product_tag?post=3890"}],"curies":[{"name":"wp","href":"https:\/\/api.w.org\/{rel}","templated":true}]}}