{"id":3895,"date":"2024-05-28T10:02:10","date_gmt":"2024-05-28T07:02:10","guid":{"rendered":"https:\/\/jak.fi\/products\/non%20class\u00e9\/unite-guillotine\/"},"modified":"2025-08-21T15:34:29","modified_gmt":"2025-08-21T12:34:29","slug":"unite-guillotine","status":"publish","type":"product","link":"https:\/\/jak.fi\/fr\/produits\/accessoires-pour-grappin-coupeur\/unite-guillotine\/","title":{"rendered":"Unit\u00e9 guillotine"},"content":{"rendered":"<h2 data-start=\"101\" data-end=\"167\">JAK Guillotine &#8211; un accessoire puissant pour le grappin coupeur d&rsquo;\u00e9nergie<\/h2>\n<p data-start=\"169\" data-end=\"369\"><strong data-start=\"169\" data-end=\"194\">L&rsquo;unit\u00e9 JAK Guillotine<\/strong> rend l&rsquo;utilisation du grappin <strong data-start=\"169\" data-end=\"194\">coupeur<\/strong> plus pr\u00e9cise, plus polyvalente et plus s\u00fbre. L&rsquo;unit\u00e9 permet une coupe et un traitement efficaces des arbres sans op\u00e9rations inutiles. <\/p>\n<h3 data-start=\"371\" data-end=\"409\">D\u00e9connexion efficace et prise contr\u00f4l\u00e9e<\/h3>\n<p data-start=\"410\" data-end=\"746\"><strong data-start=\"410\" data-end=\"439\">La guillotine JAK-350<\/strong> coupe proprement des grumes d&rsquo;une \u00e9paisseur allant jusqu&rsquo;\u00e0 350 mm. Les lames \u00e0 fermeture fine permettent \u00e9galement de couper facilement les saules petits et flexibles. La conception \u00e9lev\u00e9e du grappin coupeur d&rsquo;\u00e9nergie, associ\u00e9e \u00e0 la fonction de coupe en deux \u00e9tapes, garantit que m\u00eame les troncs \u00e9pais restent fermement en prise avec les m\u00e2choires pendant toute la dur\u00e9e du cycle de travail.  <\/p>\n<h3 data-start=\"748\" data-end=\"799\">Utilisation polyvalente sans d\u00e9montage des lames<\/h3>\n<p data-start=\"800\" data-end=\"980\">Lorsque la lame est ouverte, le grappin coupeur peut \u00eatre utilis\u00e9 sans effort pour le chargement, la manutention de piles et le d\u00e9placement d&rsquo;arbres. Vous avez ainsi la possibilit\u00e9 de travailler sans avoir \u00e0 retirer les lames. <\/p>\n<h3 data-start=\"982\" data-end=\"1013\">Facile \u00e0 installer et \u00e0 utiliser<\/h3>\n<p data-start=\"1014\" data-end=\"1323\">L&rsquo;unit\u00e9 de guillotine est un accessoire optionnel qui peut \u00eatre facilement install\u00e9 au bas du grappin coupeur de bois \u00e9nergie de la s\u00e9rie R &#8211; m\u00eame apr\u00e8s. L&rsquo;unit\u00e9 utilise le m\u00eame syst\u00e8me hydraulique auxiliaire que le grappin coupeur et ne n\u00e9cessite pas d&rsquo;\u00e9lectricit\u00e9. Si vous le souhaitez, elle peut \u00eatre connect\u00e9e pour fonctionner automatiquement avec les m\u00e2choires de la grappin coupeur en utilisant un seul syst\u00e8me hydraulique.  <\/p>\n<h3 data-start=\"1325\" data-end=\"1375\">Bloc guillotine &#8211; plus de flexibilit\u00e9<\/h3>\n<p data-start=\"1376\" data-end=\"1587\">Un <strong data-start=\"1423\" data-end=\"1450\">bloc unit\u00e9<\/strong> guillotine est \u00e9galement disponible pour l&rsquo;<strong data-start=\"1423\" data-end=\"1450\">unit\u00e9 guillotine<\/strong>, ce qui permet de faire fonctionner le grappin coupeur d&rsquo;\u00e9nergie et l&rsquo;unit\u00e9 guillotine \u00e0 partir d&rsquo;une seule ligne hydraulique auxiliaire (retour\/retour) sans connexions s\u00e9par\u00e9es.<\/p>\n<h3 data-start=\"1594\" data-end=\"1624\">Les avantages en bref :<\/h3>\n<ul data-start=\"1625\" data-end=\"1977\">\n<li data-start=\"1625\" data-end=\"1672\">\n<p data-start=\"1627\" data-end=\"1672\">Coupe proprement les troncs jusqu&rsquo;\u00e0 350 mm d&rsquo;\u00e9paisseur<\/p>\n<\/li>\n<li data-start=\"1673\" data-end=\"1746\">\n<p data-start=\"1675\" data-end=\"1746\">Les lames \u00e0 fermeture fine facilitent la manipulation des saules et des brindilles.<\/p>\n<\/li>\n<li data-start=\"1747\" data-end=\"1820\">\n<p data-start=\"1749\" data-end=\"1820\">Permet de charger et de manipuler les pieux sans enlever les lames<\/p>\n<\/li>\n<li data-start=\"1821\" data-end=\"1880\">\n<p data-start=\"1823\" data-end=\"1880\">Facile \u00e0 mettre en place \u00e9galement pour les grappin coupeurs d&rsquo;\u00e9nergie de la s\u00e9rie R<\/p>\n<\/li>\n<li data-start=\"1881\" data-end=\"1923\">\n<p data-start=\"1883\" data-end=\"1923\">Ne n\u00e9cessite pas d&rsquo;\u00e9lectricit\u00e9 &#8211; fonctionne de mani\u00e8re hydraulique<\/p>\n<\/li>\n<li data-start=\"1924\" data-end=\"1977\">\n<p data-start=\"1926\" data-end=\"1977\">Disponible avec le bloc d&rsquo;unit\u00e9 Guillotine en option<\/p>\n<\/li>\n<\/ul>\n<p data-start=\"1979\" data-end=\"2108\">La <strong data-start=\"1979\" data-end=\"2004\">guillotine JAK<\/strong> est la solution parfaite pour une gestion foresti\u00e8re plus s\u00fbre, plus polyvalente et plus efficace.<\/p>\n","protected":false},"excerpt":{"rendered":"<p>JAK Guillotine &#8211; un accessoire puissant pour le grappin coupeur d&rsquo;\u00e9nergie L&rsquo;unit\u00e9 JAK Guillotine rend l&rsquo;utilisation du grappin coupeur plus pr\u00e9cise, plus polyvalente et plus s\u00fbre. L&rsquo;unit\u00e9 permet une coupe et un traitement efficaces des arbres sans op\u00e9rations inutiles. D\u00e9connexion efficace et prise contr\u00f4l\u00e9e La guillotine JAK-350 coupe proprement des grumes d&rsquo;une \u00e9paisseur allant jusqu&rsquo;\u00e0 [&hellip;]<\/p>\n","protected":false},"featured_media":3899,"template":"","meta":{"_acf_changed":false},"product_brand":[],"product_cat":[569],"product_tag":[],"class_list":{"0":"post-3895","1":"product","2":"type-product","3":"status-publish","4":"has-post-thumbnail","6":"product_cat-accessoires-pour-grappin-coupeur","8":"first","9":"instock","10":"shipping-taxable","11":"product-type-simple"},"acf":[],"yoast_head":"<!-- This site is optimized with the Yoast SEO plugin v27.2 - https:\/\/yoast.com\/product\/yoast-seo-wordpress\/ -->\n<title>Unit\u00e9 guillotine &#8211; JAK-Metalli Oy<\/title>\n<meta name=\"description\" content=\"L&#039;unit\u00e9 de guillotine am\u00e9liore les performances de la d\u00e9chiqueteuse JAK Energy et rend la manipulation du bois plus pr\u00e9cise, plus polyvalente et plus s\u00fbre.\" \/>\n<meta name=\"robots\" content=\"index, follow, max-snippet:-1, max-image-preview:large, max-video-preview:-1\" \/>\n<link rel=\"canonical\" href=\"https:\/\/jak.fi\/fr\/produits\/accessoires-pour-grappin-coupeur\/unite-guillotine\/\" \/>\n<meta property=\"og:locale\" content=\"fr_FR\" \/>\n<meta property=\"og:type\" content=\"article\" \/>\n<meta property=\"og:title\" content=\"Unit\u00e9 guillotine &#8211; JAK-Metalli Oy\" \/>\n<meta property=\"og:description\" content=\"L&#039;unit\u00e9 de guillotine am\u00e9liore les performances de la d\u00e9chiqueteuse JAK Energy et rend la manipulation du bois plus pr\u00e9cise, plus polyvalente et plus s\u00fbre.\" \/>\n<meta property=\"og:url\" content=\"https:\/\/jak.fi\/fr\/produits\/accessoires-pour-grappin-coupeur\/unite-guillotine\/\" \/>\n<meta property=\"og:site_name\" content=\"JAK-Metalli Oy\" \/>\n<meta property=\"article:publisher\" content=\"https:\/\/www.facebook.com\/jaktreeshears\" \/>\n<meta property=\"article:modified_time\" content=\"2025-08-21T12:34:29+00:00\" \/>\n<meta property=\"og:image\" content=\"https:\/\/jak.fi\/wp-content\/uploads\/2024\/05\/JAK-350-Guillotine-Unit-web-2.png\" \/>\n\t<meta property=\"og:image:width\" content=\"1000\" \/>\n\t<meta property=\"og:image:height\" content=\"666\" \/>\n\t<meta property=\"og:image:type\" content=\"image\/png\" \/>\n<meta name=\"twitter:card\" content=\"summary_large_image\" \/>\n<meta name=\"twitter:label1\" content=\"Dur\u00e9e de lecture estim\u00e9e\" \/>\n\t<meta name=\"twitter:data1\" content=\"2 minutes\" \/>\n<script type=\"application\/ld+json\" class=\"yoast-schema-graph\">{\"@context\":\"https:\/\/schema.org\",\"@graph\":[{\"@type\":\"WebPage\",\"@id\":\"https:\/\/jak.fi\/fr\/produits\/accessoires-pour-grappin-coupeur\/unite-guillotine\/\",\"url\":\"https:\/\/jak.fi\/fr\/produits\/accessoires-pour-grappin-coupeur\/unite-guillotine\/\",\"name\":\"Unit\u00e9 guillotine &#8211; JAK-Metalli Oy\",\"isPartOf\":{\"@id\":\"https:\/\/jak.fi\/fr\/#website\"},\"primaryImageOfPage\":{\"@id\":\"https:\/\/jak.fi\/fr\/produits\/accessoires-pour-grappin-coupeur\/unite-guillotine\/#primaryimage\"},\"image\":{\"@id\":\"https:\/\/jak.fi\/fr\/produits\/accessoires-pour-grappin-coupeur\/unite-guillotine\/#primaryimage\"},\"thumbnailUrl\":\"https:\/\/jak.fi\/wp-content\/uploads\/2024\/05\/JAK-350-Guillotine-Unit-web-2.png\",\"datePublished\":\"2024-05-28T07:02:10+00:00\",\"dateModified\":\"2025-08-21T12:34:29+00:00\",\"description\":\"L'unit\u00e9 de guillotine am\u00e9liore les performances de la d\u00e9chiqueteuse JAK Energy et rend la manipulation du bois plus pr\u00e9cise, plus polyvalente et plus s\u00fbre.\",\"breadcrumb\":{\"@id\":\"https:\/\/jak.fi\/fr\/produits\/accessoires-pour-grappin-coupeur\/unite-guillotine\/#breadcrumb\"},\"inLanguage\":\"fr-FR\",\"potentialAction\":[{\"@type\":\"ReadAction\",\"target\":[\"https:\/\/jak.fi\/fr\/produits\/accessoires-pour-grappin-coupeur\/unite-guillotine\/\"]}]},{\"@type\":\"ImageObject\",\"inLanguage\":\"fr-FR\",\"@id\":\"https:\/\/jak.fi\/fr\/produits\/accessoires-pour-grappin-coupeur\/unite-guillotine\/#primaryimage\",\"url\":\"https:\/\/jak.fi\/wp-content\/uploads\/2024\/05\/JAK-350-Guillotine-Unit-web-2.png\",\"contentUrl\":\"https:\/\/jak.fi\/wp-content\/uploads\/2024\/05\/JAK-350-Guillotine-Unit-web-2.png\",\"width\":1000,\"height\":666},{\"@type\":\"BreadcrumbList\",\"@id\":\"https:\/\/jak.fi\/fr\/produits\/accessoires-pour-grappin-coupeur\/unite-guillotine\/#breadcrumb\",\"itemListElement\":[{\"@type\":\"ListItem\",\"position\":1,\"name\":\"Etusivu\",\"item\":\"https:\/\/jak.fi\/fr\/\"},{\"@type\":\"ListItem\",\"position\":2,\"name\":\"Produits\",\"item\":\"https:\/\/jak.fi\/fr\/produits\/\"},{\"@type\":\"ListItem\",\"position\":3,\"name\":\"Unit\u00e9 guillotine\"}]},{\"@type\":\"WebSite\",\"@id\":\"https:\/\/jak.fi\/fr\/#website\",\"url\":\"https:\/\/jak.fi\/fr\/\",\"name\":\"JAK-Metalli Oy\",\"description\":\"\",\"publisher\":{\"@id\":\"https:\/\/jak.fi\/fr\/#organization\"},\"alternateName\":\"JAK Tree shears\",\"potentialAction\":[{\"@type\":\"SearchAction\",\"target\":{\"@type\":\"EntryPoint\",\"urlTemplate\":\"https:\/\/jak.fi\/fr\/?s={search_term_string}\"},\"query-input\":{\"@type\":\"PropertyValueSpecification\",\"valueRequired\":true,\"valueName\":\"search_term_string\"}}],\"inLanguage\":\"fr-FR\"},{\"@type\":\"Organization\",\"@id\":\"https:\/\/jak.fi\/fr\/#organization\",\"name\":\"JAK-Metalli Oy\",\"alternateName\":\"JAK Tree shears\",\"url\":\"https:\/\/jak.fi\/fr\/\",\"logo\":{\"@type\":\"ImageObject\",\"inLanguage\":\"fr-FR\",\"@id\":\"https:\/\/jak.fi\/fr\/#\/schema\/logo\/image\/\",\"url\":\"https:\/\/jak.fi\/wp-content\/uploads\/2024\/09\/JAK-logo-696x696-1.jpg\",\"contentUrl\":\"https:\/\/jak.fi\/wp-content\/uploads\/2024\/09\/JAK-logo-696x696-1.jpg\",\"width\":696,\"height\":696,\"caption\":\"JAK-Metalli Oy\"},\"image\":{\"@id\":\"https:\/\/jak.fi\/fr\/#\/schema\/logo\/image\/\"},\"sameAs\":[\"https:\/\/www.facebook.com\/jaktreeshears\",\"https:\/\/www.instagram.com\/jaktreeshears\/\",\"https:\/\/www.youtube.com\/channel\/UCAwvaVhBBkPie8MeAGbdY1w\"]}]}<\/script>\n<!-- \/ Yoast SEO plugin. -->","yoast_head_json":{"title":"Unit\u00e9 guillotine &#8211; JAK-Metalli Oy","description":"L'unit\u00e9 de guillotine am\u00e9liore les performances de la d\u00e9chiqueteuse JAK Energy et rend la manipulation du bois plus pr\u00e9cise, plus polyvalente et plus s\u00fbre.","robots":{"index":"index","follow":"follow","max-snippet":"max-snippet:-1","max-image-preview":"max-image-preview:large","max-video-preview":"max-video-preview:-1"},"canonical":"https:\/\/jak.fi\/fr\/produits\/accessoires-pour-grappin-coupeur\/unite-guillotine\/","og_locale":"fr_FR","og_type":"article","og_title":"Unit\u00e9 guillotine &#8211; JAK-Metalli Oy","og_description":"L'unit\u00e9 de guillotine am\u00e9liore les performances de la d\u00e9chiqueteuse JAK Energy et rend la manipulation du bois plus pr\u00e9cise, plus polyvalente et plus s\u00fbre.","og_url":"https:\/\/jak.fi\/fr\/produits\/accessoires-pour-grappin-coupeur\/unite-guillotine\/","og_site_name":"JAK-Metalli Oy","article_publisher":"https:\/\/www.facebook.com\/jaktreeshears","article_modified_time":"2025-08-21T12:34:29+00:00","og_image":[{"width":1000,"height":666,"url":"https:\/\/jak.fi\/wp-content\/uploads\/2024\/05\/JAK-350-Guillotine-Unit-web-2.png","type":"image\/png"}],"twitter_card":"summary_large_image","twitter_misc":{"Dur\u00e9e de lecture estim\u00e9e":"2 minutes"},"schema":{"@context":"https:\/\/schema.org","@graph":[{"@type":"WebPage","@id":"https:\/\/jak.fi\/fr\/produits\/accessoires-pour-grappin-coupeur\/unite-guillotine\/","url":"https:\/\/jak.fi\/fr\/produits\/accessoires-pour-grappin-coupeur\/unite-guillotine\/","name":"Unit\u00e9 guillotine &#8211; JAK-Metalli Oy","isPartOf":{"@id":"https:\/\/jak.fi\/fr\/#website"},"primaryImageOfPage":{"@id":"https:\/\/jak.fi\/fr\/produits\/accessoires-pour-grappin-coupeur\/unite-guillotine\/#primaryimage"},"image":{"@id":"https:\/\/jak.fi\/fr\/produits\/accessoires-pour-grappin-coupeur\/unite-guillotine\/#primaryimage"},"thumbnailUrl":"https:\/\/jak.fi\/wp-content\/uploads\/2024\/05\/JAK-350-Guillotine-Unit-web-2.png","datePublished":"2024-05-28T07:02:10+00:00","dateModified":"2025-08-21T12:34:29+00:00","description":"L'unit\u00e9 de guillotine am\u00e9liore les performances de la d\u00e9chiqueteuse JAK Energy et rend la manipulation du bois plus pr\u00e9cise, plus polyvalente et plus s\u00fbre.","breadcrumb":{"@id":"https:\/\/jak.fi\/fr\/produits\/accessoires-pour-grappin-coupeur\/unite-guillotine\/#breadcrumb"},"inLanguage":"fr-FR","potentialAction":[{"@type":"ReadAction","target":["https:\/\/jak.fi\/fr\/produits\/accessoires-pour-grappin-coupeur\/unite-guillotine\/"]}]},{"@type":"ImageObject","inLanguage":"fr-FR","@id":"https:\/\/jak.fi\/fr\/produits\/accessoires-pour-grappin-coupeur\/unite-guillotine\/#primaryimage","url":"https:\/\/jak.fi\/wp-content\/uploads\/2024\/05\/JAK-350-Guillotine-Unit-web-2.png","contentUrl":"https:\/\/jak.fi\/wp-content\/uploads\/2024\/05\/JAK-350-Guillotine-Unit-web-2.png","width":1000,"height":666},{"@type":"BreadcrumbList","@id":"https:\/\/jak.fi\/fr\/produits\/accessoires-pour-grappin-coupeur\/unite-guillotine\/#breadcrumb","itemListElement":[{"@type":"ListItem","position":1,"name":"Etusivu","item":"https:\/\/jak.fi\/fr\/"},{"@type":"ListItem","position":2,"name":"Produits","item":"https:\/\/jak.fi\/fr\/produits\/"},{"@type":"ListItem","position":3,"name":"Unit\u00e9 guillotine"}]},{"@type":"WebSite","@id":"https:\/\/jak.fi\/fr\/#website","url":"https:\/\/jak.fi\/fr\/","name":"JAK-Metalli Oy","description":"","publisher":{"@id":"https:\/\/jak.fi\/fr\/#organization"},"alternateName":"JAK Tree shears","potentialAction":[{"@type":"SearchAction","target":{"@type":"EntryPoint","urlTemplate":"https:\/\/jak.fi\/fr\/?s={search_term_string}"},"query-input":{"@type":"PropertyValueSpecification","valueRequired":true,"valueName":"search_term_string"}}],"inLanguage":"fr-FR"},{"@type":"Organization","@id":"https:\/\/jak.fi\/fr\/#organization","name":"JAK-Metalli Oy","alternateName":"JAK Tree shears","url":"https:\/\/jak.fi\/fr\/","logo":{"@type":"ImageObject","inLanguage":"fr-FR","@id":"https:\/\/jak.fi\/fr\/#\/schema\/logo\/image\/","url":"https:\/\/jak.fi\/wp-content\/uploads\/2024\/09\/JAK-logo-696x696-1.jpg","contentUrl":"https:\/\/jak.fi\/wp-content\/uploads\/2024\/09\/JAK-logo-696x696-1.jpg","width":696,"height":696,"caption":"JAK-Metalli Oy"},"image":{"@id":"https:\/\/jak.fi\/fr\/#\/schema\/logo\/image\/"},"sameAs":["https:\/\/www.facebook.com\/jaktreeshears","https:\/\/www.instagram.com\/jaktreeshears\/","https:\/\/www.youtube.com\/channel\/UCAwvaVhBBkPie8MeAGbdY1w"]}]}},"_links":{"self":[{"href":"https:\/\/jak.fi\/fr\/wp-json\/wp\/v2\/product\/3895","targetHints":{"allow":["GET"]}}],"collection":[{"href":"https:\/\/jak.fi\/fr\/wp-json\/wp\/v2\/product"}],"about":[{"href":"https:\/\/jak.fi\/fr\/wp-json\/wp\/v2\/types\/product"}],"wp:featuredmedia":[{"embeddable":true,"href":"https:\/\/jak.fi\/fr\/wp-json\/wp\/v2\/media\/3899"}],"wp:attachment":[{"href":"https:\/\/jak.fi\/fr\/wp-json\/wp\/v2\/media?parent=3895"}],"wp:term":[{"taxonomy":"product_brand","embeddable":true,"href":"https:\/\/jak.fi\/fr\/wp-json\/wp\/v2\/product_brand?post=3895"},{"taxonomy":"product_cat","embeddable":true,"href":"https:\/\/jak.fi\/fr\/wp-json\/wp\/v2\/product_cat?post=3895"},{"taxonomy":"product_tag","embeddable":true,"href":"https:\/\/jak.fi\/fr\/wp-json\/wp\/v2\/product_tag?post=3895"}],"curies":[{"name":"wp","href":"https:\/\/api.w.org\/{rel}","templated":true}]}}