{"id":3958,"date":"2024-11-06T13:42:38","date_gmt":"2024-11-06T10:42:38","guid":{"rendered":"https:\/\/jak.fi\/products\/non%20class\u00e9\/fonction-de-comparateur-de-masse-automatique\/"},"modified":"2025-04-11T15:50:19","modified_gmt":"2025-04-11T12:50:19","slug":"fonction-de-comparateur-de-masse-automatique","status":"publish","type":"product","link":"https:\/\/jak.fi\/fr\/produits\/accessoires-pour-grappin-coupeur\/fonction-de-comparateur-de-masse-automatique\/","title":{"rendered":"Fonction de comparateur de masse automatique"},"content":{"rendered":"<p><strong>Simplicit\u00e9 et efficacit\u00e9 &#8211; collecte automatique des arbres<\/strong><\/p>\n<p>Avec cet accessoire, qui peut \u00eatre install\u00e9 en plus du collecteur de masse, le collecteur de masse fonctionne automatiquement avec l&rsquo;accessoire de coupe de la goulotte d&rsquo;\u00e9nergie. Lorsque les m\u00e2choires de la grappin coupeur se ferment, les m\u00e2choires du collecteur de masse s&rsquo;ouvrent automatiquement pour collecter le bois. De m\u00eame, lorsque les m\u00e2choires du collecteur de masse se ferment, celles de la goulotte d&rsquo;\u00e9nergie s&rsquo;ouvrent. Vous n&rsquo;avez besoin que d&rsquo;un seul bouton pour lib\u00e9rer la b\u00fbche finie et collect\u00e9e.   <\/p>\n<p>La fonction automatique du collecteur de masse rend le travail plus rapide et plus simple en supprimant les op\u00e9rations inutiles \u00e0 l&rsquo;op\u00e9rateur. Cette fonction automatique rend la collecte des petits bois beaucoup plus efficace. <\/p>\n<p>De plus, cette fonction automatique permet au grappin coupeur d&rsquo;\u00e9nergie et au collecteur de masse de fonctionner \u00e0 partir de la m\u00eame ligne hydraulique (retour\/retour).<\/p>\n<p>En plus de faciliter le travail, la fonction guide l&rsquo;utilisateur. En suivant le mouvement de la m\u00e2choire du collecteur de masse, vous savez quand lib\u00e9rer le paquet de bois \u00e0 collecter. Lorsque la m\u00e2choire du collecteur de masse est visible pendant l&rsquo;op\u00e9ration, il y a encore de la place dans le collecteur de masse pour plus de bois. Si la m\u00e2choire du collecteur n&rsquo;est pas visible pendant l&rsquo;op\u00e9ration, vous savez que la botte doit \u00eatre vid\u00e9e.   <\/p>\n","protected":false},"excerpt":{"rendered":"<p>Simplicit\u00e9 et efficacit\u00e9 &#8211; collecte automatique des arbres Avec cet accessoire, qui peut \u00eatre install\u00e9 en plus du collecteur de masse, le collecteur de masse fonctionne automatiquement avec l&rsquo;accessoire de coupe de la goulotte d&rsquo;\u00e9nergie. Lorsque les m\u00e2choires de la grappin coupeur se ferment, les m\u00e2choires du collecteur de masse s&rsquo;ouvrent automatiquement pour collecter le [&hellip;]<\/p>\n","protected":false},"featured_media":3960,"template":"","meta":{"_acf_changed":false},"product_brand":[],"product_cat":[569],"product_tag":[],"class_list":{"0":"post-3958","1":"product","2":"type-product","3":"status-publish","4":"has-post-thumbnail","6":"product_cat-accessoires-pour-grappin-coupeur","8":"first","9":"instock","10":"shipping-taxable","11":"product-type-simple"},"acf":[],"yoast_head":"<!-- This site is optimized with the Yoast SEO plugin v27.2 - https:\/\/yoast.com\/product\/yoast-seo-wordpress\/ -->\n<title>Fonction de comparateur de masse automatique &#8211; JAK-Metalli Oy<\/title>\n<meta name=\"description\" content=\"JAK La fonction automatique du collecteur en vrac apporte de l&#039;efficacit\u00e9 \u00e0 la r\u00e9colte du bois \u00e9nergie, en rendant l&#039;utilisation des grappins plus fluide et plus rapide.\" \/>\n<meta name=\"robots\" content=\"index, follow, max-snippet:-1, max-image-preview:large, max-video-preview:-1\" \/>\n<link rel=\"canonical\" href=\"https:\/\/jak.fi\/fr\/produits\/accessoires-pour-grappin-coupeur\/fonction-de-comparateur-de-masse-automatique\/\" \/>\n<meta property=\"og:locale\" content=\"fr_FR\" \/>\n<meta property=\"og:type\" content=\"article\" \/>\n<meta property=\"og:title\" content=\"Fonction de comparateur de masse automatique &#8211; JAK-Metalli Oy\" \/>\n<meta property=\"og:description\" content=\"JAK La fonction automatique du collecteur en vrac apporte de l&#039;efficacit\u00e9 \u00e0 la r\u00e9colte du bois \u00e9nergie, en rendant l&#039;utilisation des grappins plus fluide et plus rapide.\" \/>\n<meta property=\"og:url\" content=\"https:\/\/jak.fi\/fr\/produits\/accessoires-pour-grappin-coupeur\/fonction-de-comparateur-de-masse-automatique\/\" \/>\n<meta property=\"og:site_name\" content=\"JAK-Metalli Oy\" \/>\n<meta property=\"article:publisher\" content=\"https:\/\/www.facebook.com\/jaktreeshears\" \/>\n<meta property=\"article:modified_time\" content=\"2025-04-11T12:50:19+00:00\" \/>\n<meta property=\"og:image\" content=\"https:\/\/jak.fi\/wp-content\/uploads\/2024\/11\/Joukkokeraimen-automaattitoiminto.png\" \/>\n\t<meta property=\"og:image:width\" content=\"1000\" \/>\n\t<meta property=\"og:image:height\" content=\"667\" \/>\n\t<meta property=\"og:image:type\" content=\"image\/png\" \/>\n<meta name=\"twitter:card\" content=\"summary_large_image\" \/>\n<meta name=\"twitter:label1\" content=\"Dur\u00e9e de lecture estim\u00e9e\" \/>\n\t<meta name=\"twitter:data1\" content=\"1 minute\" \/>\n<script type=\"application\/ld+json\" class=\"yoast-schema-graph\">{\"@context\":\"https:\/\/schema.org\",\"@graph\":[{\"@type\":\"WebPage\",\"@id\":\"https:\/\/jak.fi\/fr\/produits\/accessoires-pour-grappin-coupeur\/fonction-de-comparateur-de-masse-automatique\/\",\"url\":\"https:\/\/jak.fi\/fr\/produits\/accessoires-pour-grappin-coupeur\/fonction-de-comparateur-de-masse-automatique\/\",\"name\":\"Fonction de comparateur de masse automatique &#8211; JAK-Metalli Oy\",\"isPartOf\":{\"@id\":\"https:\/\/jak.fi\/fr\/#website\"},\"primaryImageOfPage\":{\"@id\":\"https:\/\/jak.fi\/fr\/produits\/accessoires-pour-grappin-coupeur\/fonction-de-comparateur-de-masse-automatique\/#primaryimage\"},\"image\":{\"@id\":\"https:\/\/jak.fi\/fr\/produits\/accessoires-pour-grappin-coupeur\/fonction-de-comparateur-de-masse-automatique\/#primaryimage\"},\"thumbnailUrl\":\"https:\/\/jak.fi\/wp-content\/uploads\/2024\/11\/Joukkokeraimen-automaattitoiminto.png\",\"datePublished\":\"2024-11-06T10:42:38+00:00\",\"dateModified\":\"2025-04-11T12:50:19+00:00\",\"description\":\"JAK La fonction automatique du collecteur en vrac apporte de l'efficacit\u00e9 \u00e0 la r\u00e9colte du bois \u00e9nergie, en rendant l'utilisation des grappins plus fluide et plus rapide.\",\"breadcrumb\":{\"@id\":\"https:\/\/jak.fi\/fr\/produits\/accessoires-pour-grappin-coupeur\/fonction-de-comparateur-de-masse-automatique\/#breadcrumb\"},\"inLanguage\":\"fr-FR\",\"potentialAction\":[{\"@type\":\"ReadAction\",\"target\":[\"https:\/\/jak.fi\/fr\/produits\/accessoires-pour-grappin-coupeur\/fonction-de-comparateur-de-masse-automatique\/\"]}]},{\"@type\":\"ImageObject\",\"inLanguage\":\"fr-FR\",\"@id\":\"https:\/\/jak.fi\/fr\/produits\/accessoires-pour-grappin-coupeur\/fonction-de-comparateur-de-masse-automatique\/#primaryimage\",\"url\":\"https:\/\/jak.fi\/wp-content\/uploads\/2024\/11\/Joukkokeraimen-automaattitoiminto.png\",\"contentUrl\":\"https:\/\/jak.fi\/wp-content\/uploads\/2024\/11\/Joukkokeraimen-automaattitoiminto.png\",\"width\":1000,\"height\":667,\"caption\":\"JAK Collecteur en vrac \u00e0 fonction automatique image du produit avec fond transparent\"},{\"@type\":\"BreadcrumbList\",\"@id\":\"https:\/\/jak.fi\/fr\/produits\/accessoires-pour-grappin-coupeur\/fonction-de-comparateur-de-masse-automatique\/#breadcrumb\",\"itemListElement\":[{\"@type\":\"ListItem\",\"position\":1,\"name\":\"Etusivu\",\"item\":\"https:\/\/jak.fi\/fr\/\"},{\"@type\":\"ListItem\",\"position\":2,\"name\":\"Produits\",\"item\":\"https:\/\/jak.fi\/fr\/produits\/\"},{\"@type\":\"ListItem\",\"position\":3,\"name\":\"Fonction de comparateur de masse automatique\"}]},{\"@type\":\"WebSite\",\"@id\":\"https:\/\/jak.fi\/fr\/#website\",\"url\":\"https:\/\/jak.fi\/fr\/\",\"name\":\"JAK-Metalli Oy\",\"description\":\"\",\"publisher\":{\"@id\":\"https:\/\/jak.fi\/fr\/#organization\"},\"alternateName\":\"JAK Tree shears\",\"potentialAction\":[{\"@type\":\"SearchAction\",\"target\":{\"@type\":\"EntryPoint\",\"urlTemplate\":\"https:\/\/jak.fi\/fr\/?s={search_term_string}\"},\"query-input\":{\"@type\":\"PropertyValueSpecification\",\"valueRequired\":true,\"valueName\":\"search_term_string\"}}],\"inLanguage\":\"fr-FR\"},{\"@type\":\"Organization\",\"@id\":\"https:\/\/jak.fi\/fr\/#organization\",\"name\":\"JAK-Metalli Oy\",\"alternateName\":\"JAK Tree shears\",\"url\":\"https:\/\/jak.fi\/fr\/\",\"logo\":{\"@type\":\"ImageObject\",\"inLanguage\":\"fr-FR\",\"@id\":\"https:\/\/jak.fi\/fr\/#\/schema\/logo\/image\/\",\"url\":\"https:\/\/jak.fi\/wp-content\/uploads\/2024\/09\/JAK-logo-696x696-1.jpg\",\"contentUrl\":\"https:\/\/jak.fi\/wp-content\/uploads\/2024\/09\/JAK-logo-696x696-1.jpg\",\"width\":696,\"height\":696,\"caption\":\"JAK-Metalli Oy\"},\"image\":{\"@id\":\"https:\/\/jak.fi\/fr\/#\/schema\/logo\/image\/\"},\"sameAs\":[\"https:\/\/www.facebook.com\/jaktreeshears\",\"https:\/\/www.instagram.com\/jaktreeshears\/\",\"https:\/\/www.youtube.com\/channel\/UCAwvaVhBBkPie8MeAGbdY1w\"]}]}<\/script>\n<!-- \/ Yoast SEO plugin. -->","yoast_head_json":{"title":"Fonction de comparateur de masse automatique &#8211; JAK-Metalli Oy","description":"JAK La fonction automatique du collecteur en vrac apporte de l'efficacit\u00e9 \u00e0 la r\u00e9colte du bois \u00e9nergie, en rendant l'utilisation des grappins plus fluide et plus rapide.","robots":{"index":"index","follow":"follow","max-snippet":"max-snippet:-1","max-image-preview":"max-image-preview:large","max-video-preview":"max-video-preview:-1"},"canonical":"https:\/\/jak.fi\/fr\/produits\/accessoires-pour-grappin-coupeur\/fonction-de-comparateur-de-masse-automatique\/","og_locale":"fr_FR","og_type":"article","og_title":"Fonction de comparateur de masse automatique &#8211; JAK-Metalli Oy","og_description":"JAK La fonction automatique du collecteur en vrac apporte de l'efficacit\u00e9 \u00e0 la r\u00e9colte du bois \u00e9nergie, en rendant l'utilisation des grappins plus fluide et plus rapide.","og_url":"https:\/\/jak.fi\/fr\/produits\/accessoires-pour-grappin-coupeur\/fonction-de-comparateur-de-masse-automatique\/","og_site_name":"JAK-Metalli Oy","article_publisher":"https:\/\/www.facebook.com\/jaktreeshears","article_modified_time":"2025-04-11T12:50:19+00:00","og_image":[{"width":1000,"height":667,"url":"https:\/\/jak.fi\/wp-content\/uploads\/2024\/11\/Joukkokeraimen-automaattitoiminto.png","type":"image\/png"}],"twitter_card":"summary_large_image","twitter_misc":{"Dur\u00e9e de lecture estim\u00e9e":"1 minute"},"schema":{"@context":"https:\/\/schema.org","@graph":[{"@type":"WebPage","@id":"https:\/\/jak.fi\/fr\/produits\/accessoires-pour-grappin-coupeur\/fonction-de-comparateur-de-masse-automatique\/","url":"https:\/\/jak.fi\/fr\/produits\/accessoires-pour-grappin-coupeur\/fonction-de-comparateur-de-masse-automatique\/","name":"Fonction de comparateur de masse automatique &#8211; JAK-Metalli Oy","isPartOf":{"@id":"https:\/\/jak.fi\/fr\/#website"},"primaryImageOfPage":{"@id":"https:\/\/jak.fi\/fr\/produits\/accessoires-pour-grappin-coupeur\/fonction-de-comparateur-de-masse-automatique\/#primaryimage"},"image":{"@id":"https:\/\/jak.fi\/fr\/produits\/accessoires-pour-grappin-coupeur\/fonction-de-comparateur-de-masse-automatique\/#primaryimage"},"thumbnailUrl":"https:\/\/jak.fi\/wp-content\/uploads\/2024\/11\/Joukkokeraimen-automaattitoiminto.png","datePublished":"2024-11-06T10:42:38+00:00","dateModified":"2025-04-11T12:50:19+00:00","description":"JAK La fonction automatique du collecteur en vrac apporte de l'efficacit\u00e9 \u00e0 la r\u00e9colte du bois \u00e9nergie, en rendant l'utilisation des grappins plus fluide et plus rapide.","breadcrumb":{"@id":"https:\/\/jak.fi\/fr\/produits\/accessoires-pour-grappin-coupeur\/fonction-de-comparateur-de-masse-automatique\/#breadcrumb"},"inLanguage":"fr-FR","potentialAction":[{"@type":"ReadAction","target":["https:\/\/jak.fi\/fr\/produits\/accessoires-pour-grappin-coupeur\/fonction-de-comparateur-de-masse-automatique\/"]}]},{"@type":"ImageObject","inLanguage":"fr-FR","@id":"https:\/\/jak.fi\/fr\/produits\/accessoires-pour-grappin-coupeur\/fonction-de-comparateur-de-masse-automatique\/#primaryimage","url":"https:\/\/jak.fi\/wp-content\/uploads\/2024\/11\/Joukkokeraimen-automaattitoiminto.png","contentUrl":"https:\/\/jak.fi\/wp-content\/uploads\/2024\/11\/Joukkokeraimen-automaattitoiminto.png","width":1000,"height":667,"caption":"JAK Collecteur en vrac \u00e0 fonction automatique image du produit avec fond transparent"},{"@type":"BreadcrumbList","@id":"https:\/\/jak.fi\/fr\/produits\/accessoires-pour-grappin-coupeur\/fonction-de-comparateur-de-masse-automatique\/#breadcrumb","itemListElement":[{"@type":"ListItem","position":1,"name":"Etusivu","item":"https:\/\/jak.fi\/fr\/"},{"@type":"ListItem","position":2,"name":"Produits","item":"https:\/\/jak.fi\/fr\/produits\/"},{"@type":"ListItem","position":3,"name":"Fonction de comparateur de masse automatique"}]},{"@type":"WebSite","@id":"https:\/\/jak.fi\/fr\/#website","url":"https:\/\/jak.fi\/fr\/","name":"JAK-Metalli Oy","description":"","publisher":{"@id":"https:\/\/jak.fi\/fr\/#organization"},"alternateName":"JAK Tree shears","potentialAction":[{"@type":"SearchAction","target":{"@type":"EntryPoint","urlTemplate":"https:\/\/jak.fi\/fr\/?s={search_term_string}"},"query-input":{"@type":"PropertyValueSpecification","valueRequired":true,"valueName":"search_term_string"}}],"inLanguage":"fr-FR"},{"@type":"Organization","@id":"https:\/\/jak.fi\/fr\/#organization","name":"JAK-Metalli Oy","alternateName":"JAK Tree shears","url":"https:\/\/jak.fi\/fr\/","logo":{"@type":"ImageObject","inLanguage":"fr-FR","@id":"https:\/\/jak.fi\/fr\/#\/schema\/logo\/image\/","url":"https:\/\/jak.fi\/wp-content\/uploads\/2024\/09\/JAK-logo-696x696-1.jpg","contentUrl":"https:\/\/jak.fi\/wp-content\/uploads\/2024\/09\/JAK-logo-696x696-1.jpg","width":696,"height":696,"caption":"JAK-Metalli Oy"},"image":{"@id":"https:\/\/jak.fi\/fr\/#\/schema\/logo\/image\/"},"sameAs":["https:\/\/www.facebook.com\/jaktreeshears","https:\/\/www.instagram.com\/jaktreeshears\/","https:\/\/www.youtube.com\/channel\/UCAwvaVhBBkPie8MeAGbdY1w"]}]}},"_links":{"self":[{"href":"https:\/\/jak.fi\/fr\/wp-json\/wp\/v2\/product\/3958","targetHints":{"allow":["GET"]}}],"collection":[{"href":"https:\/\/jak.fi\/fr\/wp-json\/wp\/v2\/product"}],"about":[{"href":"https:\/\/jak.fi\/fr\/wp-json\/wp\/v2\/types\/product"}],"wp:featuredmedia":[{"embeddable":true,"href":"https:\/\/jak.fi\/fr\/wp-json\/wp\/v2\/media\/3960"}],"wp:attachment":[{"href":"https:\/\/jak.fi\/fr\/wp-json\/wp\/v2\/media?parent=3958"}],"wp:term":[{"taxonomy":"product_brand","embeddable":true,"href":"https:\/\/jak.fi\/fr\/wp-json\/wp\/v2\/product_brand?post=3958"},{"taxonomy":"product_cat","embeddable":true,"href":"https:\/\/jak.fi\/fr\/wp-json\/wp\/v2\/product_cat?post=3958"},{"taxonomy":"product_tag","embeddable":true,"href":"https:\/\/jak.fi\/fr\/wp-json\/wp\/v2\/product_tag?post=3958"}],"curies":[{"name":"wp","href":"https:\/\/api.w.org\/{rel}","templated":true}]}}