{"id":3965,"date":"2024-05-28T10:04:56","date_gmt":"2024-05-28T07:04:56","guid":{"rendered":"https:\/\/jak.fi\/products\/non%20class\u00e9\/serie-de-lequipe-c\/"},"modified":"2025-02-26T14:40:18","modified_gmt":"2025-02-26T11:40:18","slug":"collecteur-serie-c","status":"publish","type":"product","link":"https:\/\/jak.fi\/fr\/produits\/accessoires-pour-grappin-coupeur\/collecteur-serie-c\/","title":{"rendered":"Collecteur s\u00e9rie C"},"content":{"rendered":"<p>Le collecteur du grappin coupeur JAK optimise l&rsquo;efficacit\u00e9 du travail et permet de gagner du temps. Dans les grappins coupeurs de la s\u00e9rie C, le collecteur est \u00e0 m\u00e2choire unique.<\/p>\n<p>Gr\u00e2ce au collecteur, le grappin coupeur peut rassembler plusieurs arbres qui poussent s\u00e9par\u00e9ment en un seul faisceau, ce qui r\u00e9duit les mouvements inutiles pendant le travail. Cela rend le d\u00e9frichage plus facile et plus rapide, car la m\u00eame zone peut \u00eatre trait\u00e9e plus rapidement. Cela augmente la productivit\u00e9 du travail.<\/p>\n<p>Le collecteur n\u00e9cessite son propre syst\u00e8me hydraulique pour fonctionner. Il peut \u00eatre raccord\u00e9 au syst\u00e8me hydraulique du grappin coupeur via une vanne \u00e9lectrocommand\u00e9e 6\/2.<\/p>\n","protected":false},"excerpt":{"rendered":"<p>Le collecteur du grappin coupeur JAK optimise l&rsquo;efficacit\u00e9 du travail et permet de gagner du temps. Dans les grappins coupeurs de la s\u00e9rie C, le collecteur est \u00e0 m\u00e2choire unique. Gr\u00e2ce au collecteur, le grappin coupeur peut rassembler plusieurs arbres qui poussent s\u00e9par\u00e9ment en un seul faisceau, ce qui r\u00e9duit les mouvements inutiles pendant le [&hellip;]<\/p>\n","protected":false},"featured_media":3966,"template":"","meta":{"_acf_changed":false},"product_brand":[],"product_cat":[569],"product_tag":[],"class_list":{"0":"post-3965","1":"product","2":"type-product","3":"status-publish","4":"has-post-thumbnail","6":"product_cat-accessoires-pour-grappin-coupeur","8":"first","9":"instock","10":"shipping-taxable","11":"product-type-simple"},"acf":[],"yoast_head":"<!-- This site is optimized with the Yoast SEO plugin v27.2 - https:\/\/yoast.com\/product\/yoast-seo-wordpress\/ -->\n<title>Collecteur s\u00e9rie C &#8211; JAK-Metalli Oy<\/title>\n<meta name=\"robots\" content=\"index, follow, max-snippet:-1, max-image-preview:large, max-video-preview:-1\" \/>\n<link rel=\"canonical\" href=\"https:\/\/jak.fi\/fr\/produits\/accessoires-pour-grappin-coupeur\/collecteur-serie-c\/\" \/>\n<meta property=\"og:locale\" content=\"fr_FR\" \/>\n<meta property=\"og:type\" content=\"article\" \/>\n<meta property=\"og:title\" content=\"Collecteur s\u00e9rie C &#8211; JAK-Metalli Oy\" \/>\n<meta property=\"og:description\" content=\"Le collecteur du grappin coupeur JAK optimise l&rsquo;efficacit\u00e9 du travail et permet de gagner du temps. Dans les grappins coupeurs de la s\u00e9rie C, le collecteur est \u00e0 m\u00e2choire unique. Gr\u00e2ce au collecteur, le grappin coupeur peut rassembler plusieurs arbres qui poussent s\u00e9par\u00e9ment en un seul faisceau, ce qui r\u00e9duit les mouvements inutiles pendant le [&hellip;]\" \/>\n<meta property=\"og:url\" content=\"https:\/\/jak.fi\/fr\/produits\/accessoires-pour-grappin-coupeur\/collecteur-serie-c\/\" \/>\n<meta property=\"og:site_name\" content=\"JAK-Metalli Oy\" \/>\n<meta property=\"article:publisher\" content=\"https:\/\/www.facebook.com\/jaktreeshears\" \/>\n<meta property=\"article:modified_time\" content=\"2025-02-26T11:40:18+00:00\" \/>\n<meta property=\"og:image\" content=\"https:\/\/jak.fi\/wp-content\/uploads\/2024\/05\/220C-collector.png\" \/>\n\t<meta property=\"og:image:width\" content=\"1000\" \/>\n\t<meta property=\"og:image:height\" content=\"705\" \/>\n\t<meta property=\"og:image:type\" content=\"image\/png\" \/>\n<meta name=\"twitter:card\" content=\"summary_large_image\" \/>\n<meta name=\"twitter:label1\" content=\"Dur\u00e9e de lecture estim\u00e9e\" \/>\n\t<meta name=\"twitter:data1\" content=\"1 minute\" \/>\n<script type=\"application\/ld+json\" class=\"yoast-schema-graph\">{\"@context\":\"https:\/\/schema.org\",\"@graph\":[{\"@type\":\"WebPage\",\"@id\":\"https:\/\/jak.fi\/fr\/produits\/accessoires-pour-grappin-coupeur\/collecteur-serie-c\/\",\"url\":\"https:\/\/jak.fi\/fr\/produits\/accessoires-pour-grappin-coupeur\/collecteur-serie-c\/\",\"name\":\"Collecteur s\u00e9rie C &#8211; JAK-Metalli Oy\",\"isPartOf\":{\"@id\":\"https:\/\/jak.fi\/fr\/#website\"},\"primaryImageOfPage\":{\"@id\":\"https:\/\/jak.fi\/fr\/produits\/accessoires-pour-grappin-coupeur\/collecteur-serie-c\/#primaryimage\"},\"image\":{\"@id\":\"https:\/\/jak.fi\/fr\/produits\/accessoires-pour-grappin-coupeur\/collecteur-serie-c\/#primaryimage\"},\"thumbnailUrl\":\"https:\/\/jak.fi\/wp-content\/uploads\/2024\/05\/220C-collector.png\",\"datePublished\":\"2024-05-28T07:04:56+00:00\",\"dateModified\":\"2025-02-26T11:40:18+00:00\",\"breadcrumb\":{\"@id\":\"https:\/\/jak.fi\/fr\/produits\/accessoires-pour-grappin-coupeur\/collecteur-serie-c\/#breadcrumb\"},\"inLanguage\":\"fr-FR\",\"potentialAction\":[{\"@type\":\"ReadAction\",\"target\":[\"https:\/\/jak.fi\/fr\/produits\/accessoires-pour-grappin-coupeur\/collecteur-serie-c\/\"]}]},{\"@type\":\"ImageObject\",\"inLanguage\":\"fr-FR\",\"@id\":\"https:\/\/jak.fi\/fr\/produits\/accessoires-pour-grappin-coupeur\/collecteur-serie-c\/#primaryimage\",\"url\":\"https:\/\/jak.fi\/wp-content\/uploads\/2024\/05\/220C-collector.png\",\"contentUrl\":\"https:\/\/jak.fi\/wp-content\/uploads\/2024\/05\/220C-collector.png\",\"width\":1000,\"height\":705,\"caption\":\"Joukkoker\u00e4in C-sarjan JAK energiakourille\"},{\"@type\":\"BreadcrumbList\",\"@id\":\"https:\/\/jak.fi\/fr\/produits\/accessoires-pour-grappin-coupeur\/collecteur-serie-c\/#breadcrumb\",\"itemListElement\":[{\"@type\":\"ListItem\",\"position\":1,\"name\":\"Etusivu\",\"item\":\"https:\/\/jak.fi\/fr\/\"},{\"@type\":\"ListItem\",\"position\":2,\"name\":\"Produits\",\"item\":\"https:\/\/jak.fi\/fr\/produits\/\"},{\"@type\":\"ListItem\",\"position\":3,\"name\":\"Collecteur s\u00e9rie C\"}]},{\"@type\":\"WebSite\",\"@id\":\"https:\/\/jak.fi\/fr\/#website\",\"url\":\"https:\/\/jak.fi\/fr\/\",\"name\":\"JAK-Metalli Oy\",\"description\":\"\",\"publisher\":{\"@id\":\"https:\/\/jak.fi\/fr\/#organization\"},\"alternateName\":\"JAK Tree shears\",\"potentialAction\":[{\"@type\":\"SearchAction\",\"target\":{\"@type\":\"EntryPoint\",\"urlTemplate\":\"https:\/\/jak.fi\/fr\/?s={search_term_string}\"},\"query-input\":{\"@type\":\"PropertyValueSpecification\",\"valueRequired\":true,\"valueName\":\"search_term_string\"}}],\"inLanguage\":\"fr-FR\"},{\"@type\":\"Organization\",\"@id\":\"https:\/\/jak.fi\/fr\/#organization\",\"name\":\"JAK-Metalli Oy\",\"alternateName\":\"JAK Tree shears\",\"url\":\"https:\/\/jak.fi\/fr\/\",\"logo\":{\"@type\":\"ImageObject\",\"inLanguage\":\"fr-FR\",\"@id\":\"https:\/\/jak.fi\/fr\/#\/schema\/logo\/image\/\",\"url\":\"https:\/\/jak.fi\/wp-content\/uploads\/2024\/09\/JAK-logo-696x696-1.jpg\",\"contentUrl\":\"https:\/\/jak.fi\/wp-content\/uploads\/2024\/09\/JAK-logo-696x696-1.jpg\",\"width\":696,\"height\":696,\"caption\":\"JAK-Metalli Oy\"},\"image\":{\"@id\":\"https:\/\/jak.fi\/fr\/#\/schema\/logo\/image\/\"},\"sameAs\":[\"https:\/\/www.facebook.com\/jaktreeshears\",\"https:\/\/www.instagram.com\/jaktreeshears\/\",\"https:\/\/www.youtube.com\/channel\/UCAwvaVhBBkPie8MeAGbdY1w\"]}]}<\/script>\n<!-- \/ Yoast SEO plugin. -->","yoast_head_json":{"title":"Collecteur s\u00e9rie C &#8211; JAK-Metalli Oy","robots":{"index":"index","follow":"follow","max-snippet":"max-snippet:-1","max-image-preview":"max-image-preview:large","max-video-preview":"max-video-preview:-1"},"canonical":"https:\/\/jak.fi\/fr\/produits\/accessoires-pour-grappin-coupeur\/collecteur-serie-c\/","og_locale":"fr_FR","og_type":"article","og_title":"Collecteur s\u00e9rie C &#8211; JAK-Metalli Oy","og_description":"Le collecteur du grappin coupeur JAK optimise l&rsquo;efficacit\u00e9 du travail et permet de gagner du temps. Dans les grappins coupeurs de la s\u00e9rie C, le collecteur est \u00e0 m\u00e2choire unique. Gr\u00e2ce au collecteur, le grappin coupeur peut rassembler plusieurs arbres qui poussent s\u00e9par\u00e9ment en un seul faisceau, ce qui r\u00e9duit les mouvements inutiles pendant le [&hellip;]","og_url":"https:\/\/jak.fi\/fr\/produits\/accessoires-pour-grappin-coupeur\/collecteur-serie-c\/","og_site_name":"JAK-Metalli Oy","article_publisher":"https:\/\/www.facebook.com\/jaktreeshears","article_modified_time":"2025-02-26T11:40:18+00:00","og_image":[{"width":1000,"height":705,"url":"https:\/\/jak.fi\/wp-content\/uploads\/2024\/05\/220C-collector.png","type":"image\/png"}],"twitter_card":"summary_large_image","twitter_misc":{"Dur\u00e9e de lecture estim\u00e9e":"1 minute"},"schema":{"@context":"https:\/\/schema.org","@graph":[{"@type":"WebPage","@id":"https:\/\/jak.fi\/fr\/produits\/accessoires-pour-grappin-coupeur\/collecteur-serie-c\/","url":"https:\/\/jak.fi\/fr\/produits\/accessoires-pour-grappin-coupeur\/collecteur-serie-c\/","name":"Collecteur s\u00e9rie C &#8211; JAK-Metalli Oy","isPartOf":{"@id":"https:\/\/jak.fi\/fr\/#website"},"primaryImageOfPage":{"@id":"https:\/\/jak.fi\/fr\/produits\/accessoires-pour-grappin-coupeur\/collecteur-serie-c\/#primaryimage"},"image":{"@id":"https:\/\/jak.fi\/fr\/produits\/accessoires-pour-grappin-coupeur\/collecteur-serie-c\/#primaryimage"},"thumbnailUrl":"https:\/\/jak.fi\/wp-content\/uploads\/2024\/05\/220C-collector.png","datePublished":"2024-05-28T07:04:56+00:00","dateModified":"2025-02-26T11:40:18+00:00","breadcrumb":{"@id":"https:\/\/jak.fi\/fr\/produits\/accessoires-pour-grappin-coupeur\/collecteur-serie-c\/#breadcrumb"},"inLanguage":"fr-FR","potentialAction":[{"@type":"ReadAction","target":["https:\/\/jak.fi\/fr\/produits\/accessoires-pour-grappin-coupeur\/collecteur-serie-c\/"]}]},{"@type":"ImageObject","inLanguage":"fr-FR","@id":"https:\/\/jak.fi\/fr\/produits\/accessoires-pour-grappin-coupeur\/collecteur-serie-c\/#primaryimage","url":"https:\/\/jak.fi\/wp-content\/uploads\/2024\/05\/220C-collector.png","contentUrl":"https:\/\/jak.fi\/wp-content\/uploads\/2024\/05\/220C-collector.png","width":1000,"height":705,"caption":"Joukkoker\u00e4in C-sarjan JAK energiakourille"},{"@type":"BreadcrumbList","@id":"https:\/\/jak.fi\/fr\/produits\/accessoires-pour-grappin-coupeur\/collecteur-serie-c\/#breadcrumb","itemListElement":[{"@type":"ListItem","position":1,"name":"Etusivu","item":"https:\/\/jak.fi\/fr\/"},{"@type":"ListItem","position":2,"name":"Produits","item":"https:\/\/jak.fi\/fr\/produits\/"},{"@type":"ListItem","position":3,"name":"Collecteur s\u00e9rie C"}]},{"@type":"WebSite","@id":"https:\/\/jak.fi\/fr\/#website","url":"https:\/\/jak.fi\/fr\/","name":"JAK-Metalli Oy","description":"","publisher":{"@id":"https:\/\/jak.fi\/fr\/#organization"},"alternateName":"JAK Tree shears","potentialAction":[{"@type":"SearchAction","target":{"@type":"EntryPoint","urlTemplate":"https:\/\/jak.fi\/fr\/?s={search_term_string}"},"query-input":{"@type":"PropertyValueSpecification","valueRequired":true,"valueName":"search_term_string"}}],"inLanguage":"fr-FR"},{"@type":"Organization","@id":"https:\/\/jak.fi\/fr\/#organization","name":"JAK-Metalli Oy","alternateName":"JAK Tree shears","url":"https:\/\/jak.fi\/fr\/","logo":{"@type":"ImageObject","inLanguage":"fr-FR","@id":"https:\/\/jak.fi\/fr\/#\/schema\/logo\/image\/","url":"https:\/\/jak.fi\/wp-content\/uploads\/2024\/09\/JAK-logo-696x696-1.jpg","contentUrl":"https:\/\/jak.fi\/wp-content\/uploads\/2024\/09\/JAK-logo-696x696-1.jpg","width":696,"height":696,"caption":"JAK-Metalli Oy"},"image":{"@id":"https:\/\/jak.fi\/fr\/#\/schema\/logo\/image\/"},"sameAs":["https:\/\/www.facebook.com\/jaktreeshears","https:\/\/www.instagram.com\/jaktreeshears\/","https:\/\/www.youtube.com\/channel\/UCAwvaVhBBkPie8MeAGbdY1w"]}]}},"_links":{"self":[{"href":"https:\/\/jak.fi\/fr\/wp-json\/wp\/v2\/product\/3965","targetHints":{"allow":["GET"]}}],"collection":[{"href":"https:\/\/jak.fi\/fr\/wp-json\/wp\/v2\/product"}],"about":[{"href":"https:\/\/jak.fi\/fr\/wp-json\/wp\/v2\/types\/product"}],"wp:featuredmedia":[{"embeddable":true,"href":"https:\/\/jak.fi\/fr\/wp-json\/wp\/v2\/media\/3966"}],"wp:attachment":[{"href":"https:\/\/jak.fi\/fr\/wp-json\/wp\/v2\/media?parent=3965"}],"wp:term":[{"taxonomy":"product_brand","embeddable":true,"href":"https:\/\/jak.fi\/fr\/wp-json\/wp\/v2\/product_brand?post=3965"},{"taxonomy":"product_cat","embeddable":true,"href":"https:\/\/jak.fi\/fr\/wp-json\/wp\/v2\/product_cat?post=3965"},{"taxonomy":"product_tag","embeddable":true,"href":"https:\/\/jak.fi\/fr\/wp-json\/wp\/v2\/product_tag?post=3965"}],"curies":[{"name":"wp","href":"https:\/\/api.w.org\/{rel}","templated":true}]}}