{"id":3976,"date":"2024-05-28T10:04:25","date_gmt":"2024-05-28T07:04:25","guid":{"rendered":"https:\/\/jak.fi\/products\/non%20class\u00e9\/collecteur-en-vrac-serie-gen2-b-r\/"},"modified":"2025-08-18T15:07:08","modified_gmt":"2025-08-18T12:07:08","slug":"collecteur-gen2-serie-b-r","status":"publish","type":"product","link":"https:\/\/jak.fi\/fr\/produits\/accessoires-pour-grappin-coupeur\/collecteur-gen2-serie-b-r\/","title":{"rendered":"Collecteur en vrac S\u00e9rie Gen2 B\/R"},"content":{"rendered":"<h3>Augmentez l&rsquo;efficacit\u00e9 de votre travail et gagnez du temps !<\/h3>\n<p>La nouvelle g\u00e9n\u00e9ration de collecteurs de masse \u00e0 deux volets de la s\u00e9rie B\/R est un accessoire de grappin coupeur d&rsquo;\u00e9nergie innovant con\u00e7u pour am\u00e9liorer la productivit\u00e9 et r\u00e9duire le temps de travail. Ses m\u00e2choires puissantes et durables permettent une collecte plus rapide et sans effort, ce qui facilite le nettoyage. <\/p>\n<p>La capacit\u00e9 du collecteur de masse correspond \u00e0 la taille de la lame de la pince \u00e9nerg\u00e9tique que vous utilisez &#8211; ainsi, ce que vous pouvez couper avec la pince \u00e9nerg\u00e9tique, vous pouvez le collecter avec le collecteur de masse.<\/p>\n<p>Un collecteur de masse a besoin de son propre syst\u00e8me hydraulique pour fonctionner. Il peut \u00eatre raccord\u00e9 au syst\u00e8me hydraulique de l&rsquo;auge \u00e9nerg\u00e9tique par une vanne 6\/2 \u00e0 commande \u00e9lectrique. <\/p>\n<p><strong>Remarque !<\/strong>  Gr\u00e2ce aux demandes de nos clients, il est maintenant possible d&rsquo;installer le nouveau collecteur de masse Gen2 \u00e9galement sur d&rsquo;autres collecteurs d&rsquo;\u00e9nergie et sur l&rsquo;ancien mod\u00e8le de collecteur d&rsquo;\u00e9nergie JAK.<\/p>\n<p><strong>Renseignez-vous sur nos ventes !<\/strong><\/p>\n","protected":false},"excerpt":{"rendered":"<p>Augmentez l&rsquo;efficacit\u00e9 de votre travail et gagnez du temps ! La nouvelle g\u00e9n\u00e9ration de collecteurs de masse \u00e0 deux volets de la s\u00e9rie B\/R est un accessoire de grappin coupeur d&rsquo;\u00e9nergie innovant con\u00e7u pour am\u00e9liorer la productivit\u00e9 et r\u00e9duire le temps de travail. Ses m\u00e2choires puissantes et durables permettent une collecte plus rapide et sans [&hellip;]<\/p>\n","protected":false},"featured_media":3982,"template":"","meta":{"_acf_changed":false},"product_brand":[],"product_cat":[569],"product_tag":[],"class_list":{"0":"post-3976","1":"product","2":"type-product","3":"status-publish","4":"has-post-thumbnail","6":"product_cat-accessoires-pour-grappin-coupeur","8":"first","9":"instock","10":"shipping-taxable","11":"product-type-simple"},"acf":[],"yoast_head":"<!-- This site is optimized with the Yoast SEO plugin v27.3 - https:\/\/yoast.com\/product\/yoast-seo-wordpress\/ -->\n<title>Collecteur en vrac S\u00e9rie Gen2 B\/R &#8211; JAK-Metalli Oy<\/title>\n<meta name=\"description\" content=\"Le collecteur B\/R series Gen2 est un accessoire pour le grappin coupeur d&#039;\u00e9nergie con\u00e7u pour am\u00e9liorer la productivit\u00e9 et r\u00e9duire le temps de travail.\" \/>\n<meta name=\"robots\" content=\"index, follow, max-snippet:-1, max-image-preview:large, max-video-preview:-1\" \/>\n<link rel=\"canonical\" href=\"https:\/\/jak.fi\/fr\/produits\/accessoires-pour-grappin-coupeur\/collecteur-gen2-serie-b-r\/\" \/>\n<meta property=\"og:locale\" content=\"fr_FR\" \/>\n<meta property=\"og:type\" content=\"article\" \/>\n<meta property=\"og:title\" content=\"Collecteur en vrac S\u00e9rie Gen2 B\/R &#8211; JAK-Metalli Oy\" \/>\n<meta property=\"og:description\" content=\"Le collecteur B\/R series Gen2 est un accessoire pour le grappin coupeur d&#039;\u00e9nergie con\u00e7u pour am\u00e9liorer la productivit\u00e9 et r\u00e9duire le temps de travail.\" \/>\n<meta property=\"og:url\" content=\"https:\/\/jak.fi\/fr\/produits\/accessoires-pour-grappin-coupeur\/collecteur-gen2-serie-b-r\/\" \/>\n<meta property=\"og:site_name\" content=\"JAK-Metalli Oy\" \/>\n<meta property=\"article:publisher\" content=\"https:\/\/www.facebook.com\/jaktreeshears\" \/>\n<meta property=\"article:modified_time\" content=\"2025-08-18T12:07:08+00:00\" \/>\n<meta property=\"og:image\" content=\"https:\/\/jak.fi\/wp-content\/uploads\/2024\/05\/Collector-gen2-for-B-R-series-01.png\" \/>\n\t<meta property=\"og:image:width\" content=\"1000\" \/>\n\t<meta property=\"og:image:height\" content=\"667\" \/>\n\t<meta property=\"og:image:type\" content=\"image\/png\" \/>\n<meta name=\"twitter:card\" content=\"summary_large_image\" \/>\n<meta name=\"twitter:label1\" content=\"Dur\u00e9e de lecture estim\u00e9e\" \/>\n\t<meta name=\"twitter:data1\" content=\"2 minutes\" \/>\n<script type=\"application\/ld+json\" class=\"yoast-schema-graph\">{\"@context\":\"https:\\\/\\\/schema.org\",\"@graph\":[{\"@type\":\"WebPage\",\"@id\":\"https:\\\/\\\/jak.fi\\\/fr\\\/produits\\\/accessoires-pour-grappin-coupeur\\\/collecteur-gen2-serie-b-r\\\/\",\"url\":\"https:\\\/\\\/jak.fi\\\/fr\\\/produits\\\/accessoires-pour-grappin-coupeur\\\/collecteur-gen2-serie-b-r\\\/\",\"name\":\"Collecteur en vrac S\u00e9rie Gen2 B\\\/R &#8211; JAK-Metalli Oy\",\"isPartOf\":{\"@id\":\"https:\\\/\\\/jak.fi\\\/fr\\\/#website\"},\"primaryImageOfPage\":{\"@id\":\"https:\\\/\\\/jak.fi\\\/fr\\\/produits\\\/accessoires-pour-grappin-coupeur\\\/collecteur-gen2-serie-b-r\\\/#primaryimage\"},\"image\":{\"@id\":\"https:\\\/\\\/jak.fi\\\/fr\\\/produits\\\/accessoires-pour-grappin-coupeur\\\/collecteur-gen2-serie-b-r\\\/#primaryimage\"},\"thumbnailUrl\":\"https:\\\/\\\/jak.fi\\\/wp-content\\\/uploads\\\/2024\\\/05\\\/Collector-gen2-for-B-R-series-01.png\",\"datePublished\":\"2024-05-28T07:04:25+00:00\",\"dateModified\":\"2025-08-18T12:07:08+00:00\",\"description\":\"Le collecteur B\\\/R series Gen2 est un accessoire pour le grappin coupeur d'\u00e9nergie con\u00e7u pour am\u00e9liorer la productivit\u00e9 et r\u00e9duire le temps de travail.\",\"breadcrumb\":{\"@id\":\"https:\\\/\\\/jak.fi\\\/fr\\\/produits\\\/accessoires-pour-grappin-coupeur\\\/collecteur-gen2-serie-b-r\\\/#breadcrumb\"},\"inLanguage\":\"fr-FR\",\"potentialAction\":[{\"@type\":\"ReadAction\",\"target\":[\"https:\\\/\\\/jak.fi\\\/fr\\\/produits\\\/accessoires-pour-grappin-coupeur\\\/collecteur-gen2-serie-b-r\\\/\"]}]},{\"@type\":\"ImageObject\",\"inLanguage\":\"fr-FR\",\"@id\":\"https:\\\/\\\/jak.fi\\\/fr\\\/produits\\\/accessoires-pour-grappin-coupeur\\\/collecteur-gen2-serie-b-r\\\/#primaryimage\",\"url\":\"https:\\\/\\\/jak.fi\\\/wp-content\\\/uploads\\\/2024\\\/05\\\/Collector-gen2-for-B-R-series-01.png\",\"contentUrl\":\"https:\\\/\\\/jak.fi\\\/wp-content\\\/uploads\\\/2024\\\/05\\\/Collector-gen2-for-B-R-series-01.png\",\"width\":1000,\"height\":667,\"caption\":\"Collecteur de masse JAK pour la grappin coupeur d'\u00e9nergie - un nettoyage efficace.\"},{\"@type\":\"BreadcrumbList\",\"@id\":\"https:\\\/\\\/jak.fi\\\/fr\\\/produits\\\/accessoires-pour-grappin-coupeur\\\/collecteur-gen2-serie-b-r\\\/#breadcrumb\",\"itemListElement\":[{\"@type\":\"ListItem\",\"position\":1,\"name\":\"Etusivu\",\"item\":\"https:\\\/\\\/jak.fi\\\/fr\\\/\"},{\"@type\":\"ListItem\",\"position\":2,\"name\":\"Produits\",\"item\":\"https:\\\/\\\/jak.fi\\\/fr\\\/produits\\\/\"},{\"@type\":\"ListItem\",\"position\":3,\"name\":\"Collecteur en vrac S\u00e9rie Gen2 B\\\/R\"}]},{\"@type\":\"WebSite\",\"@id\":\"https:\\\/\\\/jak.fi\\\/fr\\\/#website\",\"url\":\"https:\\\/\\\/jak.fi\\\/fr\\\/\",\"name\":\"JAK-Metalli Oy\",\"description\":\"\",\"publisher\":{\"@id\":\"https:\\\/\\\/jak.fi\\\/fr\\\/#organization\"},\"alternateName\":\"JAK Tree shears\",\"potentialAction\":[{\"@type\":\"SearchAction\",\"target\":{\"@type\":\"EntryPoint\",\"urlTemplate\":\"https:\\\/\\\/jak.fi\\\/fr\\\/?s={search_term_string}\"},\"query-input\":{\"@type\":\"PropertyValueSpecification\",\"valueRequired\":true,\"valueName\":\"search_term_string\"}}],\"inLanguage\":\"fr-FR\"},{\"@type\":\"Organization\",\"@id\":\"https:\\\/\\\/jak.fi\\\/fr\\\/#organization\",\"name\":\"JAK-Metalli Oy\",\"alternateName\":\"JAK Tree shears\",\"url\":\"https:\\\/\\\/jak.fi\\\/fr\\\/\",\"logo\":{\"@type\":\"ImageObject\",\"inLanguage\":\"fr-FR\",\"@id\":\"https:\\\/\\\/jak.fi\\\/fr\\\/#\\\/schema\\\/logo\\\/image\\\/\",\"url\":\"https:\\\/\\\/jak.fi\\\/wp-content\\\/uploads\\\/2024\\\/09\\\/JAK-logo-696x696-1.jpg\",\"contentUrl\":\"https:\\\/\\\/jak.fi\\\/wp-content\\\/uploads\\\/2024\\\/09\\\/JAK-logo-696x696-1.jpg\",\"width\":696,\"height\":696,\"caption\":\"JAK-Metalli Oy\"},\"image\":{\"@id\":\"https:\\\/\\\/jak.fi\\\/fr\\\/#\\\/schema\\\/logo\\\/image\\\/\"},\"sameAs\":[\"https:\\\/\\\/www.facebook.com\\\/jaktreeshears\",\"https:\\\/\\\/www.instagram.com\\\/jaktreeshears\\\/\",\"https:\\\/\\\/www.youtube.com\\\/channel\\\/UCAwvaVhBBkPie8MeAGbdY1w\"]}]}<\/script>\n<!-- \/ Yoast SEO plugin. -->","yoast_head_json":{"title":"Collecteur en vrac S\u00e9rie Gen2 B\/R &#8211; JAK-Metalli Oy","description":"Le collecteur B\/R series Gen2 est un accessoire pour le grappin coupeur d'\u00e9nergie con\u00e7u pour am\u00e9liorer la productivit\u00e9 et r\u00e9duire le temps de travail.","robots":{"index":"index","follow":"follow","max-snippet":"max-snippet:-1","max-image-preview":"max-image-preview:large","max-video-preview":"max-video-preview:-1"},"canonical":"https:\/\/jak.fi\/fr\/produits\/accessoires-pour-grappin-coupeur\/collecteur-gen2-serie-b-r\/","og_locale":"fr_FR","og_type":"article","og_title":"Collecteur en vrac S\u00e9rie Gen2 B\/R &#8211; JAK-Metalli Oy","og_description":"Le collecteur B\/R series Gen2 est un accessoire pour le grappin coupeur d'\u00e9nergie con\u00e7u pour am\u00e9liorer la productivit\u00e9 et r\u00e9duire le temps de travail.","og_url":"https:\/\/jak.fi\/fr\/produits\/accessoires-pour-grappin-coupeur\/collecteur-gen2-serie-b-r\/","og_site_name":"JAK-Metalli Oy","article_publisher":"https:\/\/www.facebook.com\/jaktreeshears","article_modified_time":"2025-08-18T12:07:08+00:00","og_image":[{"width":1000,"height":667,"url":"https:\/\/jak.fi\/wp-content\/uploads\/2024\/05\/Collector-gen2-for-B-R-series-01.png","type":"image\/png"}],"twitter_card":"summary_large_image","twitter_misc":{"Dur\u00e9e de lecture estim\u00e9e":"2 minutes"},"schema":{"@context":"https:\/\/schema.org","@graph":[{"@type":"WebPage","@id":"https:\/\/jak.fi\/fr\/produits\/accessoires-pour-grappin-coupeur\/collecteur-gen2-serie-b-r\/","url":"https:\/\/jak.fi\/fr\/produits\/accessoires-pour-grappin-coupeur\/collecteur-gen2-serie-b-r\/","name":"Collecteur en vrac S\u00e9rie Gen2 B\/R &#8211; JAK-Metalli Oy","isPartOf":{"@id":"https:\/\/jak.fi\/fr\/#website"},"primaryImageOfPage":{"@id":"https:\/\/jak.fi\/fr\/produits\/accessoires-pour-grappin-coupeur\/collecteur-gen2-serie-b-r\/#primaryimage"},"image":{"@id":"https:\/\/jak.fi\/fr\/produits\/accessoires-pour-grappin-coupeur\/collecteur-gen2-serie-b-r\/#primaryimage"},"thumbnailUrl":"https:\/\/jak.fi\/wp-content\/uploads\/2024\/05\/Collector-gen2-for-B-R-series-01.png","datePublished":"2024-05-28T07:04:25+00:00","dateModified":"2025-08-18T12:07:08+00:00","description":"Le collecteur B\/R series Gen2 est un accessoire pour le grappin coupeur d'\u00e9nergie con\u00e7u pour am\u00e9liorer la productivit\u00e9 et r\u00e9duire le temps de travail.","breadcrumb":{"@id":"https:\/\/jak.fi\/fr\/produits\/accessoires-pour-grappin-coupeur\/collecteur-gen2-serie-b-r\/#breadcrumb"},"inLanguage":"fr-FR","potentialAction":[{"@type":"ReadAction","target":["https:\/\/jak.fi\/fr\/produits\/accessoires-pour-grappin-coupeur\/collecteur-gen2-serie-b-r\/"]}]},{"@type":"ImageObject","inLanguage":"fr-FR","@id":"https:\/\/jak.fi\/fr\/produits\/accessoires-pour-grappin-coupeur\/collecteur-gen2-serie-b-r\/#primaryimage","url":"https:\/\/jak.fi\/wp-content\/uploads\/2024\/05\/Collector-gen2-for-B-R-series-01.png","contentUrl":"https:\/\/jak.fi\/wp-content\/uploads\/2024\/05\/Collector-gen2-for-B-R-series-01.png","width":1000,"height":667,"caption":"Collecteur de masse JAK pour la grappin coupeur d'\u00e9nergie - un nettoyage efficace."},{"@type":"BreadcrumbList","@id":"https:\/\/jak.fi\/fr\/produits\/accessoires-pour-grappin-coupeur\/collecteur-gen2-serie-b-r\/#breadcrumb","itemListElement":[{"@type":"ListItem","position":1,"name":"Etusivu","item":"https:\/\/jak.fi\/fr\/"},{"@type":"ListItem","position":2,"name":"Produits","item":"https:\/\/jak.fi\/fr\/produits\/"},{"@type":"ListItem","position":3,"name":"Collecteur en vrac S\u00e9rie Gen2 B\/R"}]},{"@type":"WebSite","@id":"https:\/\/jak.fi\/fr\/#website","url":"https:\/\/jak.fi\/fr\/","name":"JAK-Metalli Oy","description":"","publisher":{"@id":"https:\/\/jak.fi\/fr\/#organization"},"alternateName":"JAK Tree shears","potentialAction":[{"@type":"SearchAction","target":{"@type":"EntryPoint","urlTemplate":"https:\/\/jak.fi\/fr\/?s={search_term_string}"},"query-input":{"@type":"PropertyValueSpecification","valueRequired":true,"valueName":"search_term_string"}}],"inLanguage":"fr-FR"},{"@type":"Organization","@id":"https:\/\/jak.fi\/fr\/#organization","name":"JAK-Metalli Oy","alternateName":"JAK Tree shears","url":"https:\/\/jak.fi\/fr\/","logo":{"@type":"ImageObject","inLanguage":"fr-FR","@id":"https:\/\/jak.fi\/fr\/#\/schema\/logo\/image\/","url":"https:\/\/jak.fi\/wp-content\/uploads\/2024\/09\/JAK-logo-696x696-1.jpg","contentUrl":"https:\/\/jak.fi\/wp-content\/uploads\/2024\/09\/JAK-logo-696x696-1.jpg","width":696,"height":696,"caption":"JAK-Metalli Oy"},"image":{"@id":"https:\/\/jak.fi\/fr\/#\/schema\/logo\/image\/"},"sameAs":["https:\/\/www.facebook.com\/jaktreeshears","https:\/\/www.instagram.com\/jaktreeshears\/","https:\/\/www.youtube.com\/channel\/UCAwvaVhBBkPie8MeAGbdY1w"]}]}},"_links":{"self":[{"href":"https:\/\/jak.fi\/fr\/wp-json\/wp\/v2\/product\/3976","targetHints":{"allow":["GET"]}}],"collection":[{"href":"https:\/\/jak.fi\/fr\/wp-json\/wp\/v2\/product"}],"about":[{"href":"https:\/\/jak.fi\/fr\/wp-json\/wp\/v2\/types\/product"}],"wp:featuredmedia":[{"embeddable":true,"href":"https:\/\/jak.fi\/fr\/wp-json\/wp\/v2\/media\/3982"}],"wp:attachment":[{"href":"https:\/\/jak.fi\/fr\/wp-json\/wp\/v2\/media?parent=3976"}],"wp:term":[{"taxonomy":"product_brand","embeddable":true,"href":"https:\/\/jak.fi\/fr\/wp-json\/wp\/v2\/product_brand?post=3976"},{"taxonomy":"product_cat","embeddable":true,"href":"https:\/\/jak.fi\/fr\/wp-json\/wp\/v2\/product_cat?post=3976"},{"taxonomy":"product_tag","embeddable":true,"href":"https:\/\/jak.fi\/fr\/wp-json\/wp\/v2\/product_tag?post=3976"}],"curies":[{"name":"wp","href":"https:\/\/api.w.org\/{rel}","templated":true}]}}