{"id":3993,"date":"2024-05-28T10:03:49","date_gmt":"2024-05-28T07:03:49","guid":{"rendered":"https:\/\/jak.fi\/products\/non%20class\u00e9\/systeme-de-rotation-a-360\/"},"modified":"2025-11-25T13:23:37","modified_gmt":"2025-11-25T10:23:37","slug":"systeme-de-rotation-a-360","status":"publish","type":"product","link":"https:\/\/jak.fi\/fr\/produits\/accessoires-pour-grappin-coupeur\/systeme-de-rotation-a-360\/","title":{"rendered":"Syst\u00e8me de rotation \u00e0 360"},"content":{"rendered":"<h3 data-start=\"0\" data-end=\"105\">Syst\u00e8me de rotation \u00e0 360\u00b0 pour le grappin coupeur JAK &#8211; rotation illimit\u00e9e, plus de port\u00e9e et d&rsquo;efficacit\u00e9<\/h3>\n<p data-start=\"107\" data-end=\"530\">Le syst\u00e8me JAK 360\u00b0 Rotator est un accessoire con\u00e7u pour les grappins \u00e0 \u00e9nergie de la s\u00e9rie R, qui s&rsquo;installe entre le grappin et la partie arri\u00e8re. Le syst\u00e8me permet une rotation illimit\u00e9e de 360\u00b0 dans les deux directions le long de l&rsquo;axe du corps de la benne. Le syst\u00e8me de rotateur comprend une unit\u00e9 de douille durable et un rotateur, ce qui permet au syst\u00e8me hydraulique de fonctionner de mani\u00e8re fiable m\u00eame en cas de rotation continue.  <\/p>\n<h4 data-start=\"532\" data-end=\"577\">Pourquoi choisir le syst\u00e8me 360\u00b0 Rotator ?<\/h4>\n<ul data-start=\"578\" data-end=\"1299\">\n<li data-start=\"578\" data-end=\"769\">\n<p data-start=\"580\" data-end=\"769\"><strong data-start=\"580\" data-end=\"627\">Rotation libre sans torsion des tuyaux<\/strong>: le syst\u00e8me hydraulique des m\u00e2choires passe par un manchon, ce qui permet de faire tourner la pince sans risquer de tordre ou d&rsquo;endommager les tuyaux.<\/p>\n<\/li>\n<li data-start=\"770\" data-end=\"987\">\n<p data-start=\"772\" data-end=\"987\"><strong data-start=\"772\" data-end=\"812\">Manipulation plus rapide et mieux contr\u00f4l\u00e9e du<\/strong> bois : apr\u00e8s avoir coup\u00e9 le bois, le cadre peut \u00eatre tourn\u00e9 et abaiss\u00e9 dans la direction souhait\u00e9e &#8211; par exemple, directement sur le c\u00f4t\u00e9 de la pile ou sur le bord de l&rsquo;all\u00e9e. Cela r\u00e9duit les man\u0153uvres inutiles pendant le travail. <\/p>\n<\/li>\n<li data-start=\"988\" data-end=\"1177\">\n<p data-start=\"990\" data-end=\"1177\"><strong data-start=\"990\" data-end=\"1033\">Am\u00e9lioration de la port\u00e9e et des angles de travail<\/strong>: la rotation facilite le d\u00e9frichage et la r\u00e9colte du bois \u00e9nergie, en particulier sur les terrains accident\u00e9s ou denses. La position de travail est toujours optimale. <\/p>\n<\/li>\n<li data-start=\"1178\" data-end=\"1299\">\n<p data-start=\"1180\" data-end=\"1299\"><strong data-start=\"1180\" data-end=\"1207\">Productivit\u00e9 accrue<\/strong>: lorsque la pince se met rapidement dans la bonne position, le cycle de travail est plus rapide et la machine est plus efficace.<\/p>\n<\/li>\n<\/ul>\n<h4 data-start=\"1301\" data-end=\"1319\">Lieux d&rsquo;utilisation<\/h4>\n<p data-start=\"1320\" data-end=\"1374\">Le syst\u00e8me 360\u00b0 Rotator est un excellent choix, par exemple :<\/p>\n<ul data-start=\"1375\" data-end=\"1627\">\n<li data-start=\"1375\" data-end=\"1425\">\n<p data-start=\"1377\" data-end=\"1425\">la r\u00e9colte de bois \u00e9nergie et la transformation du bois \u00e0 petite \u00e9chelle<\/p>\n<\/li>\n<li data-start=\"1426\" data-end=\"1462\">\n<p data-start=\"1428\" data-end=\"1462\">pour l&rsquo;\u00e9claircissage et la gestion des p\u00e9pini\u00e8res<\/p>\n<\/li>\n<li data-start=\"1463\" data-end=\"1522\">\n<p data-start=\"1465\" data-end=\"1522\">pour d\u00e9broussailler les abords des lignes \u00e9lectriques, des routes et des champs<\/p>\n<\/li>\n<li data-start=\"1523\" data-end=\"1627\">\n<p data-start=\"1525\" data-end=\"1627\">pour les travaux \u00e0 la pelle, \u00e0 la chargeuse sur pneus et \u00e0 la r\u00e9trocaveuse n\u00e9cessitant un contr\u00f4le pr\u00e9cis de la position de la fl\u00e8che et du grappin<\/p>\n<\/li>\n<\/ul>\n<h4 data-start=\"1982\" data-end=\"2001\">Compatibilit\u00e9<\/h4>\n<p data-start=\"2002\" data-end=\"2175\">Le syst\u00e8me est compatible avec les grappins coupeurs d&rsquo;\u00e9nergie JAK-200R, JAK-250R et JAK-300R, tant en version pelle que chargeuse et r\u00e9trocaveuse.<\/p>\n<p data-start=\"2177\" data-end=\"2314\">Vous voulez tirer le meilleur parti de votre grappin coupeur d&rsquo;\u00e9nergie ? Ajoutez le syst\u00e8me de rotation \u00e0 360\u00b0 \u00e0 votre demande de devis et demandez le mod\u00e8le le plus adapt\u00e9 \u00e0 votre machine. <\/p>\n","protected":false},"excerpt":{"rendered":"<p>Syst\u00e8me de rotation \u00e0 360\u00b0 pour le grappin coupeur JAK &#8211; rotation illimit\u00e9e, plus de port\u00e9e et d&rsquo;efficacit\u00e9 Le syst\u00e8me JAK 360\u00b0 Rotator est un accessoire con\u00e7u pour les grappins \u00e0 \u00e9nergie de la s\u00e9rie R, qui s&rsquo;installe entre le grappin et la partie arri\u00e8re. Le syst\u00e8me permet une rotation illimit\u00e9e de 360\u00b0 dans les [&hellip;]<\/p>\n","protected":false},"featured_media":3994,"template":"","meta":{"_acf_changed":false},"product_brand":[],"product_cat":[569],"product_tag":[],"class_list":{"0":"post-3993","1":"product","2":"type-product","3":"status-publish","4":"has-post-thumbnail","6":"product_cat-accessoires-pour-grappin-coupeur","8":"first","9":"instock","10":"shipping-taxable","11":"product-type-simple"},"acf":[],"yoast_head":"<!-- This site is optimized with the Yoast SEO plugin v27.3 - https:\/\/yoast.com\/product\/yoast-seo-wordpress\/ -->\n<title>Syst\u00e8me de rotation \u00e0 360 &#8211; JAK-Metalli Oy<\/title>\n<meta name=\"description\" content=\"Le syst\u00e8me de rotation \u00e0 360\u00b0 est un accessoire qui peut \u00eatre install\u00e9 entre la benne et la partie arri\u00e8re pour permettre une rotation illimit\u00e9e du grappin coupeur d&#039;\u00e9nergie.\" \/>\n<meta name=\"robots\" content=\"index, follow, max-snippet:-1, max-image-preview:large, max-video-preview:-1\" \/>\n<link rel=\"canonical\" href=\"https:\/\/jak.fi\/fr\/produits\/accessoires-pour-grappin-coupeur\/systeme-de-rotation-a-360\/\" \/>\n<meta property=\"og:locale\" content=\"fr_FR\" \/>\n<meta property=\"og:type\" content=\"article\" \/>\n<meta property=\"og:title\" content=\"Syst\u00e8me de rotation \u00e0 360 &#8211; JAK-Metalli Oy\" \/>\n<meta property=\"og:description\" content=\"Le syst\u00e8me de rotation \u00e0 360\u00b0 est un accessoire qui peut \u00eatre install\u00e9 entre la benne et la partie arri\u00e8re pour permettre une rotation illimit\u00e9e du grappin coupeur d&#039;\u00e9nergie.\" \/>\n<meta property=\"og:url\" content=\"https:\/\/jak.fi\/fr\/produits\/accessoires-pour-grappin-coupeur\/systeme-de-rotation-a-360\/\" \/>\n<meta property=\"og:site_name\" content=\"JAK-Metalli Oy\" \/>\n<meta property=\"article:publisher\" content=\"https:\/\/www.facebook.com\/jaktreeshears\" \/>\n<meta property=\"article:modified_time\" content=\"2025-11-25T10:23:37+00:00\" \/>\n<meta property=\"og:image\" content=\"https:\/\/jak.fi\/wp-content\/uploads\/2024\/05\/jak-200r-for-excavator-rotator.png\" \/>\n\t<meta property=\"og:image:width\" content=\"1000\" \/>\n\t<meta property=\"og:image:height\" content=\"666\" \/>\n\t<meta property=\"og:image:type\" content=\"image\/png\" \/>\n<meta name=\"twitter:card\" content=\"summary_large_image\" \/>\n<meta name=\"twitter:label1\" content=\"Dur\u00e9e de lecture estim\u00e9e\" \/>\n\t<meta name=\"twitter:data1\" content=\"2 minutes\" \/>\n<script type=\"application\/ld+json\" class=\"yoast-schema-graph\">{\"@context\":\"https:\\\/\\\/schema.org\",\"@graph\":[{\"@type\":\"WebPage\",\"@id\":\"https:\\\/\\\/jak.fi\\\/fr\\\/produits\\\/accessoires-pour-grappin-coupeur\\\/systeme-de-rotation-a-360\\\/\",\"url\":\"https:\\\/\\\/jak.fi\\\/fr\\\/produits\\\/accessoires-pour-grappin-coupeur\\\/systeme-de-rotation-a-360\\\/\",\"name\":\"Syst\u00e8me de rotation \u00e0 360 &#8211; JAK-Metalli Oy\",\"isPartOf\":{\"@id\":\"https:\\\/\\\/jak.fi\\\/fr\\\/#website\"},\"primaryImageOfPage\":{\"@id\":\"https:\\\/\\\/jak.fi\\\/fr\\\/produits\\\/accessoires-pour-grappin-coupeur\\\/systeme-de-rotation-a-360\\\/#primaryimage\"},\"image\":{\"@id\":\"https:\\\/\\\/jak.fi\\\/fr\\\/produits\\\/accessoires-pour-grappin-coupeur\\\/systeme-de-rotation-a-360\\\/#primaryimage\"},\"thumbnailUrl\":\"https:\\\/\\\/jak.fi\\\/wp-content\\\/uploads\\\/2024\\\/05\\\/jak-200r-for-excavator-rotator.png\",\"datePublished\":\"2024-05-28T07:03:49+00:00\",\"dateModified\":\"2025-11-25T10:23:37+00:00\",\"description\":\"Le syst\u00e8me de rotation \u00e0 360\u00b0 est un accessoire qui peut \u00eatre install\u00e9 entre la benne et la partie arri\u00e8re pour permettre une rotation illimit\u00e9e du grappin coupeur d'\u00e9nergie.\",\"breadcrumb\":{\"@id\":\"https:\\\/\\\/jak.fi\\\/fr\\\/produits\\\/accessoires-pour-grappin-coupeur\\\/systeme-de-rotation-a-360\\\/#breadcrumb\"},\"inLanguage\":\"fr-FR\",\"potentialAction\":[{\"@type\":\"ReadAction\",\"target\":[\"https:\\\/\\\/jak.fi\\\/fr\\\/produits\\\/accessoires-pour-grappin-coupeur\\\/systeme-de-rotation-a-360\\\/\"]}]},{\"@type\":\"ImageObject\",\"inLanguage\":\"fr-FR\",\"@id\":\"https:\\\/\\\/jak.fi\\\/fr\\\/produits\\\/accessoires-pour-grappin-coupeur\\\/systeme-de-rotation-a-360\\\/#primaryimage\",\"url\":\"https:\\\/\\\/jak.fi\\\/wp-content\\\/uploads\\\/2024\\\/05\\\/jak-200r-for-excavator-rotator.png\",\"contentUrl\":\"https:\\\/\\\/jak.fi\\\/wp-content\\\/uploads\\\/2024\\\/05\\\/jak-200r-for-excavator-rotator.png\",\"width\":1000,\"height\":666,\"caption\":\"360 Unit\u00e9 rotative attach\u00e9e au grappin coupeur d'\u00e9nergie\"},{\"@type\":\"BreadcrumbList\",\"@id\":\"https:\\\/\\\/jak.fi\\\/fr\\\/produits\\\/accessoires-pour-grappin-coupeur\\\/systeme-de-rotation-a-360\\\/#breadcrumb\",\"itemListElement\":[{\"@type\":\"ListItem\",\"position\":1,\"name\":\"Etusivu\",\"item\":\"https:\\\/\\\/jak.fi\\\/fr\\\/\"},{\"@type\":\"ListItem\",\"position\":2,\"name\":\"Produits\",\"item\":\"https:\\\/\\\/jak.fi\\\/fr\\\/produits\\\/\"},{\"@type\":\"ListItem\",\"position\":3,\"name\":\"Syst\u00e8me de rotation \u00e0 360\"}]},{\"@type\":\"WebSite\",\"@id\":\"https:\\\/\\\/jak.fi\\\/fr\\\/#website\",\"url\":\"https:\\\/\\\/jak.fi\\\/fr\\\/\",\"name\":\"JAK-Metalli Oy\",\"description\":\"\",\"publisher\":{\"@id\":\"https:\\\/\\\/jak.fi\\\/fr\\\/#organization\"},\"alternateName\":\"JAK Tree shears\",\"potentialAction\":[{\"@type\":\"SearchAction\",\"target\":{\"@type\":\"EntryPoint\",\"urlTemplate\":\"https:\\\/\\\/jak.fi\\\/fr\\\/?s={search_term_string}\"},\"query-input\":{\"@type\":\"PropertyValueSpecification\",\"valueRequired\":true,\"valueName\":\"search_term_string\"}}],\"inLanguage\":\"fr-FR\"},{\"@type\":\"Organization\",\"@id\":\"https:\\\/\\\/jak.fi\\\/fr\\\/#organization\",\"name\":\"JAK-Metalli Oy\",\"alternateName\":\"JAK Tree shears\",\"url\":\"https:\\\/\\\/jak.fi\\\/fr\\\/\",\"logo\":{\"@type\":\"ImageObject\",\"inLanguage\":\"fr-FR\",\"@id\":\"https:\\\/\\\/jak.fi\\\/fr\\\/#\\\/schema\\\/logo\\\/image\\\/\",\"url\":\"https:\\\/\\\/jak.fi\\\/wp-content\\\/uploads\\\/2024\\\/09\\\/JAK-logo-696x696-1.jpg\",\"contentUrl\":\"https:\\\/\\\/jak.fi\\\/wp-content\\\/uploads\\\/2024\\\/09\\\/JAK-logo-696x696-1.jpg\",\"width\":696,\"height\":696,\"caption\":\"JAK-Metalli Oy\"},\"image\":{\"@id\":\"https:\\\/\\\/jak.fi\\\/fr\\\/#\\\/schema\\\/logo\\\/image\\\/\"},\"sameAs\":[\"https:\\\/\\\/www.facebook.com\\\/jaktreeshears\",\"https:\\\/\\\/www.instagram.com\\\/jaktreeshears\\\/\",\"https:\\\/\\\/www.youtube.com\\\/channel\\\/UCAwvaVhBBkPie8MeAGbdY1w\"]}]}<\/script>\n<!-- \/ Yoast SEO plugin. -->","yoast_head_json":{"title":"Syst\u00e8me de rotation \u00e0 360 &#8211; JAK-Metalli Oy","description":"Le syst\u00e8me de rotation \u00e0 360\u00b0 est un accessoire qui peut \u00eatre install\u00e9 entre la benne et la partie arri\u00e8re pour permettre une rotation illimit\u00e9e du grappin coupeur d'\u00e9nergie.","robots":{"index":"index","follow":"follow","max-snippet":"max-snippet:-1","max-image-preview":"max-image-preview:large","max-video-preview":"max-video-preview:-1"},"canonical":"https:\/\/jak.fi\/fr\/produits\/accessoires-pour-grappin-coupeur\/systeme-de-rotation-a-360\/","og_locale":"fr_FR","og_type":"article","og_title":"Syst\u00e8me de rotation \u00e0 360 &#8211; JAK-Metalli Oy","og_description":"Le syst\u00e8me de rotation \u00e0 360\u00b0 est un accessoire qui peut \u00eatre install\u00e9 entre la benne et la partie arri\u00e8re pour permettre une rotation illimit\u00e9e du grappin coupeur d'\u00e9nergie.","og_url":"https:\/\/jak.fi\/fr\/produits\/accessoires-pour-grappin-coupeur\/systeme-de-rotation-a-360\/","og_site_name":"JAK-Metalli Oy","article_publisher":"https:\/\/www.facebook.com\/jaktreeshears","article_modified_time":"2025-11-25T10:23:37+00:00","og_image":[{"width":1000,"height":666,"url":"https:\/\/jak.fi\/wp-content\/uploads\/2024\/05\/jak-200r-for-excavator-rotator.png","type":"image\/png"}],"twitter_card":"summary_large_image","twitter_misc":{"Dur\u00e9e de lecture estim\u00e9e":"2 minutes"},"schema":{"@context":"https:\/\/schema.org","@graph":[{"@type":"WebPage","@id":"https:\/\/jak.fi\/fr\/produits\/accessoires-pour-grappin-coupeur\/systeme-de-rotation-a-360\/","url":"https:\/\/jak.fi\/fr\/produits\/accessoires-pour-grappin-coupeur\/systeme-de-rotation-a-360\/","name":"Syst\u00e8me de rotation \u00e0 360 &#8211; JAK-Metalli Oy","isPartOf":{"@id":"https:\/\/jak.fi\/fr\/#website"},"primaryImageOfPage":{"@id":"https:\/\/jak.fi\/fr\/produits\/accessoires-pour-grappin-coupeur\/systeme-de-rotation-a-360\/#primaryimage"},"image":{"@id":"https:\/\/jak.fi\/fr\/produits\/accessoires-pour-grappin-coupeur\/systeme-de-rotation-a-360\/#primaryimage"},"thumbnailUrl":"https:\/\/jak.fi\/wp-content\/uploads\/2024\/05\/jak-200r-for-excavator-rotator.png","datePublished":"2024-05-28T07:03:49+00:00","dateModified":"2025-11-25T10:23:37+00:00","description":"Le syst\u00e8me de rotation \u00e0 360\u00b0 est un accessoire qui peut \u00eatre install\u00e9 entre la benne et la partie arri\u00e8re pour permettre une rotation illimit\u00e9e du grappin coupeur d'\u00e9nergie.","breadcrumb":{"@id":"https:\/\/jak.fi\/fr\/produits\/accessoires-pour-grappin-coupeur\/systeme-de-rotation-a-360\/#breadcrumb"},"inLanguage":"fr-FR","potentialAction":[{"@type":"ReadAction","target":["https:\/\/jak.fi\/fr\/produits\/accessoires-pour-grappin-coupeur\/systeme-de-rotation-a-360\/"]}]},{"@type":"ImageObject","inLanguage":"fr-FR","@id":"https:\/\/jak.fi\/fr\/produits\/accessoires-pour-grappin-coupeur\/systeme-de-rotation-a-360\/#primaryimage","url":"https:\/\/jak.fi\/wp-content\/uploads\/2024\/05\/jak-200r-for-excavator-rotator.png","contentUrl":"https:\/\/jak.fi\/wp-content\/uploads\/2024\/05\/jak-200r-for-excavator-rotator.png","width":1000,"height":666,"caption":"360 Unit\u00e9 rotative attach\u00e9e au grappin coupeur d'\u00e9nergie"},{"@type":"BreadcrumbList","@id":"https:\/\/jak.fi\/fr\/produits\/accessoires-pour-grappin-coupeur\/systeme-de-rotation-a-360\/#breadcrumb","itemListElement":[{"@type":"ListItem","position":1,"name":"Etusivu","item":"https:\/\/jak.fi\/fr\/"},{"@type":"ListItem","position":2,"name":"Produits","item":"https:\/\/jak.fi\/fr\/produits\/"},{"@type":"ListItem","position":3,"name":"Syst\u00e8me de rotation \u00e0 360"}]},{"@type":"WebSite","@id":"https:\/\/jak.fi\/fr\/#website","url":"https:\/\/jak.fi\/fr\/","name":"JAK-Metalli Oy","description":"","publisher":{"@id":"https:\/\/jak.fi\/fr\/#organization"},"alternateName":"JAK Tree shears","potentialAction":[{"@type":"SearchAction","target":{"@type":"EntryPoint","urlTemplate":"https:\/\/jak.fi\/fr\/?s={search_term_string}"},"query-input":{"@type":"PropertyValueSpecification","valueRequired":true,"valueName":"search_term_string"}}],"inLanguage":"fr-FR"},{"@type":"Organization","@id":"https:\/\/jak.fi\/fr\/#organization","name":"JAK-Metalli Oy","alternateName":"JAK Tree shears","url":"https:\/\/jak.fi\/fr\/","logo":{"@type":"ImageObject","inLanguage":"fr-FR","@id":"https:\/\/jak.fi\/fr\/#\/schema\/logo\/image\/","url":"https:\/\/jak.fi\/wp-content\/uploads\/2024\/09\/JAK-logo-696x696-1.jpg","contentUrl":"https:\/\/jak.fi\/wp-content\/uploads\/2024\/09\/JAK-logo-696x696-1.jpg","width":696,"height":696,"caption":"JAK-Metalli Oy"},"image":{"@id":"https:\/\/jak.fi\/fr\/#\/schema\/logo\/image\/"},"sameAs":["https:\/\/www.facebook.com\/jaktreeshears","https:\/\/www.instagram.com\/jaktreeshears\/","https:\/\/www.youtube.com\/channel\/UCAwvaVhBBkPie8MeAGbdY1w"]}]}},"_links":{"self":[{"href":"https:\/\/jak.fi\/fr\/wp-json\/wp\/v2\/product\/3993","targetHints":{"allow":["GET"]}}],"collection":[{"href":"https:\/\/jak.fi\/fr\/wp-json\/wp\/v2\/product"}],"about":[{"href":"https:\/\/jak.fi\/fr\/wp-json\/wp\/v2\/types\/product"}],"wp:featuredmedia":[{"embeddable":true,"href":"https:\/\/jak.fi\/fr\/wp-json\/wp\/v2\/media\/3994"}],"wp:attachment":[{"href":"https:\/\/jak.fi\/fr\/wp-json\/wp\/v2\/media?parent=3993"}],"wp:term":[{"taxonomy":"product_brand","embeddable":true,"href":"https:\/\/jak.fi\/fr\/wp-json\/wp\/v2\/product_brand?post=3993"},{"taxonomy":"product_cat","embeddable":true,"href":"https:\/\/jak.fi\/fr\/wp-json\/wp\/v2\/product_cat?post=3993"},{"taxonomy":"product_tag","embeddable":true,"href":"https:\/\/jak.fi\/fr\/wp-json\/wp\/v2\/product_tag?post=3993"}],"curies":[{"name":"wp","href":"https:\/\/api.w.org\/{rel}","templated":true}]}}