{"id":4142,"date":"2024-05-28T10:12:49","date_gmt":"2024-05-28T07:12:49","guid":{"rendered":"https:\/\/jak.fi\/products\/non%20class\u00e9\/systeme-hydraulique-eboost\/"},"modified":"2026-02-11T09:50:54","modified_gmt":"2026-02-11T06:50:54","slug":"systeme-hydraulique-eboost","status":"publish","type":"product","link":"https:\/\/jak.fi\/fr\/produits\/accessoires-pour-grappin-coupeur\/systeme-hydraulique-eboost\/","title":{"rendered":"Syst\u00e8me hydraulique eBoost"},"content":{"rendered":"<h2><strong>Pour les grappins coupeurs JAK des s\u00e9ries B et R &#8211; D\u00e9couvrez les avantages du eBoost gr\u00e2ce au calculateur.<\/strong><\/h2>\n<p>Le syst\u00e8me hydraulique eBoost\u00ae augmente la vitesse du grappin coupeur jusqu&rsquo;\u00e0 100 % sans r\u00e9duire la puissance. eBoost\u00ae permet \u00e9galement l&rsquo;utilisation du grappin coupeur sur des machines de base avec des pressions et des d\u00e9bits d&rsquo;huile plus faibles. Le syst\u00e8me hydraulique eBoost\u00ae permet l&rsquo;utilisation du grappin coupeur \u00e0 travers le rotateur de godet sans perte de vitesse ni de puissance. Ce syst\u00e8me hydraulique brevet\u00e9 et unique est totalement diff\u00e9rent en termes de fonction, de disponibilit\u00e9 et de fiabilit\u00e9 de toutes les m\u00e9thodes connues jusqu&rsquo;\u00e0 pr\u00e9sent.<\/p>\n<p><strong>Syst\u00e8me hydraulique eBoost\u00ae :<\/strong><\/p>\n<ul>\n<li>Plus vite\n<ul>\n<li>Acc\u00e9l\u00e9rer la performance des produits jusqu&rsquo;\u00e0 100<\/li>\n<\/ul>\n<\/li>\n<li>Plus puissant\n<ul>\n<li>Des cylindres plus grands peuvent \u00eatre utilis\u00e9s sans ralentir la vitesse.<\/li>\n<li>Utilisation \u00e0 travers un convoyeur \u00e0 godets ou dans des machines \u00e0 basse pression sans r\u00e9duction de puissance.<\/li>\n<\/ul>\n<\/li>\n<li>Plus \u00e9conomique\n<ul>\n<li>Consomme moins de carburant<\/li>\n<\/ul>\n<\/li>\n<li>Plus s\u00fbr\n<ul>\n<li>Les arbres sont mieux contr\u00f4l\u00e9s lorsque les mouvements sont plus rapides.<\/li>\n<\/ul>\n<\/li>\n<li>Plus durable\n<ul>\n<li>Prot\u00e8ge le syst\u00e8me hydraulique et \u00e9limine les chocs de pression qu&rsquo;il subit<\/li>\n<\/ul>\n<\/li>\n<\/ul>\n<div class=\"wp-block-button\"><a class=\"wp-block-button__link has-text-align-center wp-element-button\" href=\"https:\/\/eboost.fi\/\" target=\"_blank\" rel=\"noopener\">En savoir plus<\/a><\/div>\n","protected":false},"excerpt":{"rendered":"<p>Pour les grappins coupeurs JAK des s\u00e9ries B et R &#8211; D\u00e9couvrez les avantages du eBoost gr\u00e2ce au calculateur. Le syst\u00e8me hydraulique eBoost\u00ae augmente la vitesse du grappin coupeur jusqu&rsquo;\u00e0 100 % sans r\u00e9duire la puissance. eBoost\u00ae permet \u00e9galement l&rsquo;utilisation du grappin coupeur sur des machines de base avec des pressions et des d\u00e9bits d&rsquo;huile [&hellip;]<\/p>\n","protected":false},"featured_media":7655,"template":"","meta":{"_acf_changed":false},"product_brand":[],"product_cat":[569],"product_tag":[],"class_list":{"0":"post-4142","1":"product","2":"type-product","3":"status-publish","4":"has-post-thumbnail","6":"product_cat-accessoires-pour-grappin-coupeur","8":"first","9":"instock","10":"shipping-taxable","11":"product-type-simple"},"acf":[],"yoast_head":"<!-- This site is optimized with the Yoast SEO plugin v27.3 - https:\/\/yoast.com\/product\/yoast-seo-wordpress\/ -->\n<title>Syst\u00e8me hydraulique eBoost &#8211; JAK-Metalli Oy<\/title>\n<meta name=\"description\" content=\"Le syst\u00e8me hydraulique eBoost augmente la vitesse du grappin coupeur jusqu&#039;\u00e0 100 % sans affecter n\u00e9gativement la puissance. Plus rapide, plus puissant et plus \u00e9conomique.\" \/>\n<meta name=\"robots\" content=\"index, follow, max-snippet:-1, max-image-preview:large, max-video-preview:-1\" \/>\n<link rel=\"canonical\" href=\"https:\/\/jak.fi\/fr\/produits\/accessoires-pour-grappin-coupeur\/systeme-hydraulique-eboost\/\" \/>\n<meta property=\"og:locale\" content=\"fr_FR\" \/>\n<meta property=\"og:type\" content=\"article\" \/>\n<meta property=\"og:title\" content=\"Syst\u00e8me hydraulique eBoost &#8211; JAK-Metalli Oy\" \/>\n<meta property=\"og:description\" content=\"Le syst\u00e8me hydraulique eBoost augmente la vitesse du grappin coupeur jusqu&#039;\u00e0 100 % sans affecter n\u00e9gativement la puissance. Plus rapide, plus puissant et plus \u00e9conomique.\" \/>\n<meta property=\"og:url\" content=\"https:\/\/jak.fi\/fr\/produits\/accessoires-pour-grappin-coupeur\/systeme-hydraulique-eboost\/\" \/>\n<meta property=\"og:site_name\" content=\"JAK-Metalli Oy\" \/>\n<meta property=\"article:publisher\" content=\"https:\/\/www.facebook.com\/jaktreeshears\" \/>\n<meta property=\"article:modified_time\" content=\"2026-02-11T06:50:54+00:00\" \/>\n<meta property=\"og:image\" content=\"https:\/\/jak.fi\/wp-content\/uploads\/2024\/05\/eboost-hydraulic-system-blue-web-01.png\" \/>\n\t<meta property=\"og:image:width\" content=\"1000\" \/>\n\t<meta property=\"og:image:height\" content=\"667\" \/>\n\t<meta property=\"og:image:type\" content=\"image\/png\" \/>\n<meta name=\"twitter:card\" content=\"summary_large_image\" \/>\n<meta name=\"twitter:label1\" content=\"Dur\u00e9e de lecture estim\u00e9e\" \/>\n\t<meta name=\"twitter:data1\" content=\"2 minutes\" \/>\n<script type=\"application\/ld+json\" class=\"yoast-schema-graph\">{\"@context\":\"https:\\\/\\\/schema.org\",\"@graph\":[{\"@type\":\"WebPage\",\"@id\":\"https:\\\/\\\/jak.fi\\\/fr\\\/produits\\\/accessoires-pour-grappin-coupeur\\\/systeme-hydraulique-eboost\\\/\",\"url\":\"https:\\\/\\\/jak.fi\\\/fr\\\/produits\\\/accessoires-pour-grappin-coupeur\\\/systeme-hydraulique-eboost\\\/\",\"name\":\"Syst\u00e8me hydraulique eBoost &#8211; JAK-Metalli Oy\",\"isPartOf\":{\"@id\":\"https:\\\/\\\/jak.fi\\\/fr\\\/#website\"},\"primaryImageOfPage\":{\"@id\":\"https:\\\/\\\/jak.fi\\\/fr\\\/produits\\\/accessoires-pour-grappin-coupeur\\\/systeme-hydraulique-eboost\\\/#primaryimage\"},\"image\":{\"@id\":\"https:\\\/\\\/jak.fi\\\/fr\\\/produits\\\/accessoires-pour-grappin-coupeur\\\/systeme-hydraulique-eboost\\\/#primaryimage\"},\"thumbnailUrl\":\"https:\\\/\\\/jak.fi\\\/wp-content\\\/uploads\\\/2024\\\/05\\\/eboost-hydraulic-system-blue-web-01.png\",\"datePublished\":\"2024-05-28T07:12:49+00:00\",\"dateModified\":\"2026-02-11T06:50:54+00:00\",\"description\":\"Le syst\u00e8me hydraulique eBoost augmente la vitesse du grappin coupeur jusqu'\u00e0 100 % sans affecter n\u00e9gativement la puissance. Plus rapide, plus puissant et plus \u00e9conomique.\",\"breadcrumb\":{\"@id\":\"https:\\\/\\\/jak.fi\\\/fr\\\/produits\\\/accessoires-pour-grappin-coupeur\\\/systeme-hydraulique-eboost\\\/#breadcrumb\"},\"inLanguage\":\"fr-FR\",\"potentialAction\":[{\"@type\":\"ReadAction\",\"target\":[\"https:\\\/\\\/jak.fi\\\/fr\\\/produits\\\/accessoires-pour-grappin-coupeur\\\/systeme-hydraulique-eboost\\\/\"]}]},{\"@type\":\"ImageObject\",\"inLanguage\":\"fr-FR\",\"@id\":\"https:\\\/\\\/jak.fi\\\/fr\\\/produits\\\/accessoires-pour-grappin-coupeur\\\/systeme-hydraulique-eboost\\\/#primaryimage\",\"url\":\"https:\\\/\\\/jak.fi\\\/wp-content\\\/uploads\\\/2024\\\/05\\\/eboost-hydraulic-system-blue-web-01.png\",\"contentUrl\":\"https:\\\/\\\/jak.fi\\\/wp-content\\\/uploads\\\/2024\\\/05\\\/eboost-hydraulic-system-blue-web-01.png\",\"width\":1000,\"height\":667,\"caption\":\"Syst\u00e8me hydraulique eBoost - un accessoire puissant et \u00e9conome en \u00e9nergie pour am\u00e9liorer les performances des pelles et des pelles \u00e0 bois \u00e9nergie.\"},{\"@type\":\"BreadcrumbList\",\"@id\":\"https:\\\/\\\/jak.fi\\\/fr\\\/produits\\\/accessoires-pour-grappin-coupeur\\\/systeme-hydraulique-eboost\\\/#breadcrumb\",\"itemListElement\":[{\"@type\":\"ListItem\",\"position\":1,\"name\":\"Etusivu\",\"item\":\"https:\\\/\\\/jak.fi\\\/fr\\\/\"},{\"@type\":\"ListItem\",\"position\":2,\"name\":\"Produits\",\"item\":\"https:\\\/\\\/jak.fi\\\/fr\\\/produits\\\/\"},{\"@type\":\"ListItem\",\"position\":3,\"name\":\"Syst\u00e8me hydraulique eBoost\"}]},{\"@type\":\"WebSite\",\"@id\":\"https:\\\/\\\/jak.fi\\\/fr\\\/#website\",\"url\":\"https:\\\/\\\/jak.fi\\\/fr\\\/\",\"name\":\"JAK-Metalli Oy\",\"description\":\"\",\"publisher\":{\"@id\":\"https:\\\/\\\/jak.fi\\\/fr\\\/#organization\"},\"alternateName\":\"JAK Tree shears\",\"potentialAction\":[{\"@type\":\"SearchAction\",\"target\":{\"@type\":\"EntryPoint\",\"urlTemplate\":\"https:\\\/\\\/jak.fi\\\/fr\\\/?s={search_term_string}\"},\"query-input\":{\"@type\":\"PropertyValueSpecification\",\"valueRequired\":true,\"valueName\":\"search_term_string\"}}],\"inLanguage\":\"fr-FR\"},{\"@type\":\"Organization\",\"@id\":\"https:\\\/\\\/jak.fi\\\/fr\\\/#organization\",\"name\":\"JAK-Metalli Oy\",\"alternateName\":\"JAK Tree shears\",\"url\":\"https:\\\/\\\/jak.fi\\\/fr\\\/\",\"logo\":{\"@type\":\"ImageObject\",\"inLanguage\":\"fr-FR\",\"@id\":\"https:\\\/\\\/jak.fi\\\/fr\\\/#\\\/schema\\\/logo\\\/image\\\/\",\"url\":\"https:\\\/\\\/jak.fi\\\/wp-content\\\/uploads\\\/2024\\\/09\\\/JAK-logo-696x696-1.jpg\",\"contentUrl\":\"https:\\\/\\\/jak.fi\\\/wp-content\\\/uploads\\\/2024\\\/09\\\/JAK-logo-696x696-1.jpg\",\"width\":696,\"height\":696,\"caption\":\"JAK-Metalli Oy\"},\"image\":{\"@id\":\"https:\\\/\\\/jak.fi\\\/fr\\\/#\\\/schema\\\/logo\\\/image\\\/\"},\"sameAs\":[\"https:\\\/\\\/www.facebook.com\\\/jaktreeshears\",\"https:\\\/\\\/www.instagram.com\\\/jaktreeshears\\\/\",\"https:\\\/\\\/www.youtube.com\\\/channel\\\/UCAwvaVhBBkPie8MeAGbdY1w\"]}]}<\/script>\n<!-- \/ Yoast SEO plugin. -->","yoast_head_json":{"title":"Syst\u00e8me hydraulique eBoost &#8211; JAK-Metalli Oy","description":"Le syst\u00e8me hydraulique eBoost augmente la vitesse du grappin coupeur jusqu'\u00e0 100 % sans affecter n\u00e9gativement la puissance. Plus rapide, plus puissant et plus \u00e9conomique.","robots":{"index":"index","follow":"follow","max-snippet":"max-snippet:-1","max-image-preview":"max-image-preview:large","max-video-preview":"max-video-preview:-1"},"canonical":"https:\/\/jak.fi\/fr\/produits\/accessoires-pour-grappin-coupeur\/systeme-hydraulique-eboost\/","og_locale":"fr_FR","og_type":"article","og_title":"Syst\u00e8me hydraulique eBoost &#8211; JAK-Metalli Oy","og_description":"Le syst\u00e8me hydraulique eBoost augmente la vitesse du grappin coupeur jusqu'\u00e0 100 % sans affecter n\u00e9gativement la puissance. Plus rapide, plus puissant et plus \u00e9conomique.","og_url":"https:\/\/jak.fi\/fr\/produits\/accessoires-pour-grappin-coupeur\/systeme-hydraulique-eboost\/","og_site_name":"JAK-Metalli Oy","article_publisher":"https:\/\/www.facebook.com\/jaktreeshears","article_modified_time":"2026-02-11T06:50:54+00:00","og_image":[{"width":1000,"height":667,"url":"https:\/\/jak.fi\/wp-content\/uploads\/2024\/05\/eboost-hydraulic-system-blue-web-01.png","type":"image\/png"}],"twitter_card":"summary_large_image","twitter_misc":{"Dur\u00e9e de lecture estim\u00e9e":"2 minutes"},"schema":{"@context":"https:\/\/schema.org","@graph":[{"@type":"WebPage","@id":"https:\/\/jak.fi\/fr\/produits\/accessoires-pour-grappin-coupeur\/systeme-hydraulique-eboost\/","url":"https:\/\/jak.fi\/fr\/produits\/accessoires-pour-grappin-coupeur\/systeme-hydraulique-eboost\/","name":"Syst\u00e8me hydraulique eBoost &#8211; JAK-Metalli Oy","isPartOf":{"@id":"https:\/\/jak.fi\/fr\/#website"},"primaryImageOfPage":{"@id":"https:\/\/jak.fi\/fr\/produits\/accessoires-pour-grappin-coupeur\/systeme-hydraulique-eboost\/#primaryimage"},"image":{"@id":"https:\/\/jak.fi\/fr\/produits\/accessoires-pour-grappin-coupeur\/systeme-hydraulique-eboost\/#primaryimage"},"thumbnailUrl":"https:\/\/jak.fi\/wp-content\/uploads\/2024\/05\/eboost-hydraulic-system-blue-web-01.png","datePublished":"2024-05-28T07:12:49+00:00","dateModified":"2026-02-11T06:50:54+00:00","description":"Le syst\u00e8me hydraulique eBoost augmente la vitesse du grappin coupeur jusqu'\u00e0 100 % sans affecter n\u00e9gativement la puissance. Plus rapide, plus puissant et plus \u00e9conomique.","breadcrumb":{"@id":"https:\/\/jak.fi\/fr\/produits\/accessoires-pour-grappin-coupeur\/systeme-hydraulique-eboost\/#breadcrumb"},"inLanguage":"fr-FR","potentialAction":[{"@type":"ReadAction","target":["https:\/\/jak.fi\/fr\/produits\/accessoires-pour-grappin-coupeur\/systeme-hydraulique-eboost\/"]}]},{"@type":"ImageObject","inLanguage":"fr-FR","@id":"https:\/\/jak.fi\/fr\/produits\/accessoires-pour-grappin-coupeur\/systeme-hydraulique-eboost\/#primaryimage","url":"https:\/\/jak.fi\/wp-content\/uploads\/2024\/05\/eboost-hydraulic-system-blue-web-01.png","contentUrl":"https:\/\/jak.fi\/wp-content\/uploads\/2024\/05\/eboost-hydraulic-system-blue-web-01.png","width":1000,"height":667,"caption":"Syst\u00e8me hydraulique eBoost - un accessoire puissant et \u00e9conome en \u00e9nergie pour am\u00e9liorer les performances des pelles et des pelles \u00e0 bois \u00e9nergie."},{"@type":"BreadcrumbList","@id":"https:\/\/jak.fi\/fr\/produits\/accessoires-pour-grappin-coupeur\/systeme-hydraulique-eboost\/#breadcrumb","itemListElement":[{"@type":"ListItem","position":1,"name":"Etusivu","item":"https:\/\/jak.fi\/fr\/"},{"@type":"ListItem","position":2,"name":"Produits","item":"https:\/\/jak.fi\/fr\/produits\/"},{"@type":"ListItem","position":3,"name":"Syst\u00e8me hydraulique eBoost"}]},{"@type":"WebSite","@id":"https:\/\/jak.fi\/fr\/#website","url":"https:\/\/jak.fi\/fr\/","name":"JAK-Metalli Oy","description":"","publisher":{"@id":"https:\/\/jak.fi\/fr\/#organization"},"alternateName":"JAK Tree shears","potentialAction":[{"@type":"SearchAction","target":{"@type":"EntryPoint","urlTemplate":"https:\/\/jak.fi\/fr\/?s={search_term_string}"},"query-input":{"@type":"PropertyValueSpecification","valueRequired":true,"valueName":"search_term_string"}}],"inLanguage":"fr-FR"},{"@type":"Organization","@id":"https:\/\/jak.fi\/fr\/#organization","name":"JAK-Metalli Oy","alternateName":"JAK Tree shears","url":"https:\/\/jak.fi\/fr\/","logo":{"@type":"ImageObject","inLanguage":"fr-FR","@id":"https:\/\/jak.fi\/fr\/#\/schema\/logo\/image\/","url":"https:\/\/jak.fi\/wp-content\/uploads\/2024\/09\/JAK-logo-696x696-1.jpg","contentUrl":"https:\/\/jak.fi\/wp-content\/uploads\/2024\/09\/JAK-logo-696x696-1.jpg","width":696,"height":696,"caption":"JAK-Metalli Oy"},"image":{"@id":"https:\/\/jak.fi\/fr\/#\/schema\/logo\/image\/"},"sameAs":["https:\/\/www.facebook.com\/jaktreeshears","https:\/\/www.instagram.com\/jaktreeshears\/","https:\/\/www.youtube.com\/channel\/UCAwvaVhBBkPie8MeAGbdY1w"]}]}},"_links":{"self":[{"href":"https:\/\/jak.fi\/fr\/wp-json\/wp\/v2\/product\/4142","targetHints":{"allow":["GET"]}}],"collection":[{"href":"https:\/\/jak.fi\/fr\/wp-json\/wp\/v2\/product"}],"about":[{"href":"https:\/\/jak.fi\/fr\/wp-json\/wp\/v2\/types\/product"}],"wp:featuredmedia":[{"embeddable":true,"href":"https:\/\/jak.fi\/fr\/wp-json\/wp\/v2\/media\/7655"}],"wp:attachment":[{"href":"https:\/\/jak.fi\/fr\/wp-json\/wp\/v2\/media?parent=4142"}],"wp:term":[{"taxonomy":"product_brand","embeddable":true,"href":"https:\/\/jak.fi\/fr\/wp-json\/wp\/v2\/product_brand?post=4142"},{"taxonomy":"product_cat","embeddable":true,"href":"https:\/\/jak.fi\/fr\/wp-json\/wp\/v2\/product_cat?post=4142"},{"taxonomy":"product_tag","embeddable":true,"href":"https:\/\/jak.fi\/fr\/wp-json\/wp\/v2\/product_tag?post=4142"}],"curies":[{"name":"wp","href":"https:\/\/api.w.org\/{rel}","templated":true}]}}