{"id":4176,"date":"2024-06-03T08:49:57","date_gmt":"2024-06-03T05:49:57","guid":{"rendered":"https:\/\/jak.fi\/products\/non%20class\u00e9\/jak-400c-grappin-denergie-pour-excavateur\/"},"modified":"2025-09-02T15:04:51","modified_gmt":"2025-09-02T12:04:51","slug":"jak-400c-grappin-coupeur-pour-excavateur","status":"publish","type":"product","link":"https:\/\/jak.fi\/fr\/produits\/grappin-coupeur-pour-les-excavateurs\/jak-400c-grappin-coupeur-pour-excavateur\/","title":{"rendered":"JAK-400C Grappin coupeur pour pelle 14-30t"},"content":{"rendered":"<h2>JAK-400C Grappin coupeur pour excavateur<\/h2>\n<p>Le grappin coupeur JAK-400C pour pelle, sp\u00e9cialement con\u00e7u pour les pelles de 14 \u00e0 30 tonnes (30864-66138 lbs). La pince concentre la puissance de coupe dans une seule m\u00e2choire de serrage, ce qui permet d&rsquo;all\u00e9ger le design et de r\u00e9duire le prix sans compromettre les performances. Gr\u00e2ce \u00e0 sa grande taille, la JAK-400C coupe efficacement des troncs d&rsquo;arbres d&rsquo;une \u00e9paisseur allant jusqu&rsquo;\u00e0 400 mm, ce qui en fait un excellent choix pour les travaux forestiers et de d\u00e9blaiement exigeants.<\/p>\n<p>Ce grappin coupeur polyvalent est le r\u00e9sultat d&rsquo;une recherche et d&rsquo;un d\u00e9veloppement de produits \u00e0 long terme. Au cours du processus de d\u00e9veloppement, la conception de la pince s&rsquo;est appuy\u00e9e sur notre solide exp\u00e9rience dans le domaine du travail du bois et sur les id\u00e9es des utilisateurs. Ce grappin coupeur a \u00e9t\u00e9 soumis \u00e0 un processus de test exigeant dans des conditions difficiles.<\/p>\n<p>Dans la fabrication, nous utilisons de l&rsquo;acier d&rsquo;usure Hardox\u00ae class\u00e9 en termes de r\u00e9sistance. L\u2019origine nationale et l\u2019utilisation de mat\u00e9riaux de haute qualit\u00e9 contribuent \u00e9galement \u00e0 une structure et une fiabilit\u00e9 capables de r\u00e9sister aux conditions les plus exigeantes.<\/p>\n<p>&nbsp;<\/p>\n<p><strong>Clips<\/strong><\/p>\n<p>Les attaches de pelle les plus courantes<\/p>\n<p>Sur commande, selon le type de machine du client.<\/p>\n","protected":false},"excerpt":{"rendered":"<ul>\n<li>Diam\u00e8tre de coupe jusqu&rsquo;\u00e0 400 mm<\/li>\n<li>Disponible avec une ligne hydraulique en option<\/li>\n<li>En acier Hardox\u00ae r\u00e9sistant \u00e0 l&rsquo;usure<\/li>\n<li>Une alternative moins ch\u00e8re<\/li>\n<li>Approuv\u00e9 CE<\/li>\n<li>Fabriqu\u00e9 en Finlande<\/li>\n<li>Lame amovible<\/li>\n<\/ul>\n","protected":false},"featured_media":4178,"template":"","meta":{"_acf_changed":false},"product_brand":[],"product_cat":[568],"product_tag":[],"class_list":{"0":"post-4176","1":"product","2":"type-product","3":"status-publish","4":"has-post-thumbnail","6":"product_cat-grappin-coupeur-pour-les-excavateurs","8":"first","9":"instock","10":"shipping-taxable","11":"product-type-simple"},"acf":[],"yoast_head":"<!-- This site is optimized with the Yoast SEO plugin v27.2 - https:\/\/yoast.com\/product\/yoast-seo-wordpress\/ -->\n<title>JAK-400C Grappin coupeur pour pelle 14-30t &#8211; JAK-Metalli Oy<\/title>\n<meta name=\"description\" content=\"Le grappin coupeur d&#039;\u00e9nergie pour pelle JAK-400C est sp\u00e9cialement con\u00e7u pour les pelles de 14 \u00e0 30 tonnes. La pince concentre la puissance de coupe sur une seule m\u00e2choire avec une m\u00e2choire de serrage.\" \/>\n<meta name=\"robots\" content=\"index, follow, max-snippet:-1, max-image-preview:large, max-video-preview:-1\" \/>\n<link rel=\"canonical\" href=\"https:\/\/jak.fi\/fr\/produits\/grappin-coupeur-pour-les-excavateurs\/jak-400c-grappin-coupeur-pour-excavateur\/\" \/>\n<meta property=\"og:locale\" content=\"fr_FR\" \/>\n<meta property=\"og:type\" content=\"article\" \/>\n<meta property=\"og:title\" content=\"JAK-400C Grappin coupeur pour pelle 14-30t &#8211; JAK-Metalli Oy\" \/>\n<meta property=\"og:description\" content=\"Le grappin coupeur d&#039;\u00e9nergie pour pelle JAK-400C est sp\u00e9cialement con\u00e7u pour les pelles de 14 \u00e0 30 tonnes. La pince concentre la puissance de coupe sur une seule m\u00e2choire avec une m\u00e2choire de serrage.\" \/>\n<meta property=\"og:url\" content=\"https:\/\/jak.fi\/fr\/produits\/grappin-coupeur-pour-les-excavateurs\/jak-400c-grappin-coupeur-pour-excavateur\/\" \/>\n<meta property=\"og:site_name\" content=\"JAK-Metalli Oy\" \/>\n<meta property=\"article:publisher\" content=\"https:\/\/www.facebook.com\/jaktreeshears\" \/>\n<meta property=\"article:modified_time\" content=\"2025-09-02T12:04:51+00:00\" \/>\n<meta property=\"og:image\" content=\"https:\/\/jak.fi\/wp-content\/uploads\/2024\/06\/JAK-400C-with-collector-left-1200x861.png\" \/>\n\t<meta property=\"og:image:width\" content=\"1200\" \/>\n\t<meta property=\"og:image:height\" content=\"861\" \/>\n\t<meta property=\"og:image:type\" content=\"image\/png\" \/>\n<meta name=\"twitter:card\" content=\"summary_large_image\" \/>\n<meta name=\"twitter:label1\" content=\"Dur\u00e9e de lecture estim\u00e9e\" \/>\n\t<meta name=\"twitter:data1\" content=\"2 minutes\" \/>\n<script type=\"application\/ld+json\" class=\"yoast-schema-graph\">{\"@context\":\"https:\/\/schema.org\",\"@graph\":[{\"@type\":\"WebPage\",\"@id\":\"https:\/\/jak.fi\/fr\/produits\/grappin-coupeur-pour-les-excavateurs\/jak-400c-grappin-coupeur-pour-excavateur\/\",\"url\":\"https:\/\/jak.fi\/fr\/produits\/grappin-coupeur-pour-les-excavateurs\/jak-400c-grappin-coupeur-pour-excavateur\/\",\"name\":\"JAK-400C Grappin coupeur pour pelle 14-30t &#8211; JAK-Metalli Oy\",\"isPartOf\":{\"@id\":\"https:\/\/jak.fi\/fr\/#website\"},\"primaryImageOfPage\":{\"@id\":\"https:\/\/jak.fi\/fr\/produits\/grappin-coupeur-pour-les-excavateurs\/jak-400c-grappin-coupeur-pour-excavateur\/#primaryimage\"},\"image\":{\"@id\":\"https:\/\/jak.fi\/fr\/produits\/grappin-coupeur-pour-les-excavateurs\/jak-400c-grappin-coupeur-pour-excavateur\/#primaryimage\"},\"thumbnailUrl\":\"https:\/\/jak.fi\/wp-content\/uploads\/2024\/06\/JAK-400C-with-collector-left.png\",\"datePublished\":\"2024-06-03T05:49:57+00:00\",\"dateModified\":\"2025-09-02T12:04:51+00:00\",\"description\":\"Le grappin coupeur d'\u00e9nergie pour pelle JAK-400C est sp\u00e9cialement con\u00e7u pour les pelles de 14 \u00e0 30 tonnes. La pince concentre la puissance de coupe sur une seule m\u00e2choire avec une m\u00e2choire de serrage.\",\"breadcrumb\":{\"@id\":\"https:\/\/jak.fi\/fr\/produits\/grappin-coupeur-pour-les-excavateurs\/jak-400c-grappin-coupeur-pour-excavateur\/#breadcrumb\"},\"inLanguage\":\"fr-FR\",\"potentialAction\":[{\"@type\":\"ReadAction\",\"target\":[\"https:\/\/jak.fi\/fr\/produits\/grappin-coupeur-pour-les-excavateurs\/jak-400c-grappin-coupeur-pour-excavateur\/\"]}]},{\"@type\":\"ImageObject\",\"inLanguage\":\"fr-FR\",\"@id\":\"https:\/\/jak.fi\/fr\/produits\/grappin-coupeur-pour-les-excavateurs\/jak-400c-grappin-coupeur-pour-excavateur\/#primaryimage\",\"url\":\"https:\/\/jak.fi\/wp-content\/uploads\/2024\/06\/JAK-400C-with-collector-left.png\",\"contentUrl\":\"https:\/\/jak.fi\/wp-content\/uploads\/2024\/06\/JAK-400C-with-collector-left.png\",\"width\":1920,\"height\":1378,\"caption\":\"Grappin coupeur d'\u00e9nergie JAK-400C - un grappin coupeur d'\u00e9nergie tr\u00e8s puissant et durable pour les grandes pelleteuses.\"},{\"@type\":\"BreadcrumbList\",\"@id\":\"https:\/\/jak.fi\/fr\/produits\/grappin-coupeur-pour-les-excavateurs\/jak-400c-grappin-coupeur-pour-excavateur\/#breadcrumb\",\"itemListElement\":[{\"@type\":\"ListItem\",\"position\":1,\"name\":\"Etusivu\",\"item\":\"https:\/\/jak.fi\/fr\/\"},{\"@type\":\"ListItem\",\"position\":2,\"name\":\"Produits\",\"item\":\"https:\/\/jak.fi\/fr\/produits\/\"},{\"@type\":\"ListItem\",\"position\":3,\"name\":\"JAK-400C Grappin coupeur pour pelle 14-30t\"}]},{\"@type\":\"WebSite\",\"@id\":\"https:\/\/jak.fi\/fr\/#website\",\"url\":\"https:\/\/jak.fi\/fr\/\",\"name\":\"JAK-Metalli Oy\",\"description\":\"\",\"publisher\":{\"@id\":\"https:\/\/jak.fi\/fr\/#organization\"},\"alternateName\":\"JAK Tree shears\",\"potentialAction\":[{\"@type\":\"SearchAction\",\"target\":{\"@type\":\"EntryPoint\",\"urlTemplate\":\"https:\/\/jak.fi\/fr\/?s={search_term_string}\"},\"query-input\":{\"@type\":\"PropertyValueSpecification\",\"valueRequired\":true,\"valueName\":\"search_term_string\"}}],\"inLanguage\":\"fr-FR\"},{\"@type\":\"Organization\",\"@id\":\"https:\/\/jak.fi\/fr\/#organization\",\"name\":\"JAK-Metalli Oy\",\"alternateName\":\"JAK Tree shears\",\"url\":\"https:\/\/jak.fi\/fr\/\",\"logo\":{\"@type\":\"ImageObject\",\"inLanguage\":\"fr-FR\",\"@id\":\"https:\/\/jak.fi\/fr\/#\/schema\/logo\/image\/\",\"url\":\"https:\/\/jak.fi\/wp-content\/uploads\/2024\/09\/JAK-logo-696x696-1.jpg\",\"contentUrl\":\"https:\/\/jak.fi\/wp-content\/uploads\/2024\/09\/JAK-logo-696x696-1.jpg\",\"width\":696,\"height\":696,\"caption\":\"JAK-Metalli Oy\"},\"image\":{\"@id\":\"https:\/\/jak.fi\/fr\/#\/schema\/logo\/image\/\"},\"sameAs\":[\"https:\/\/www.facebook.com\/jaktreeshears\",\"https:\/\/www.instagram.com\/jaktreeshears\/\",\"https:\/\/www.youtube.com\/channel\/UCAwvaVhBBkPie8MeAGbdY1w\"]}]}<\/script>\n<!-- \/ Yoast SEO plugin. -->","yoast_head_json":{"title":"JAK-400C Grappin coupeur pour pelle 14-30t &#8211; JAK-Metalli Oy","description":"Le grappin coupeur d'\u00e9nergie pour pelle JAK-400C est sp\u00e9cialement con\u00e7u pour les pelles de 14 \u00e0 30 tonnes. La pince concentre la puissance de coupe sur une seule m\u00e2choire avec une m\u00e2choire de serrage.","robots":{"index":"index","follow":"follow","max-snippet":"max-snippet:-1","max-image-preview":"max-image-preview:large","max-video-preview":"max-video-preview:-1"},"canonical":"https:\/\/jak.fi\/fr\/produits\/grappin-coupeur-pour-les-excavateurs\/jak-400c-grappin-coupeur-pour-excavateur\/","og_locale":"fr_FR","og_type":"article","og_title":"JAK-400C Grappin coupeur pour pelle 14-30t &#8211; JAK-Metalli Oy","og_description":"Le grappin coupeur d'\u00e9nergie pour pelle JAK-400C est sp\u00e9cialement con\u00e7u pour les pelles de 14 \u00e0 30 tonnes. La pince concentre la puissance de coupe sur une seule m\u00e2choire avec une m\u00e2choire de serrage.","og_url":"https:\/\/jak.fi\/fr\/produits\/grappin-coupeur-pour-les-excavateurs\/jak-400c-grappin-coupeur-pour-excavateur\/","og_site_name":"JAK-Metalli Oy","article_publisher":"https:\/\/www.facebook.com\/jaktreeshears","article_modified_time":"2025-09-02T12:04:51+00:00","og_image":[{"width":1200,"height":861,"url":"https:\/\/jak.fi\/wp-content\/uploads\/2024\/06\/JAK-400C-with-collector-left-1200x861.png","type":"image\/png"}],"twitter_card":"summary_large_image","twitter_misc":{"Dur\u00e9e de lecture estim\u00e9e":"2 minutes"},"schema":{"@context":"https:\/\/schema.org","@graph":[{"@type":"WebPage","@id":"https:\/\/jak.fi\/fr\/produits\/grappin-coupeur-pour-les-excavateurs\/jak-400c-grappin-coupeur-pour-excavateur\/","url":"https:\/\/jak.fi\/fr\/produits\/grappin-coupeur-pour-les-excavateurs\/jak-400c-grappin-coupeur-pour-excavateur\/","name":"JAK-400C Grappin coupeur pour pelle 14-30t &#8211; JAK-Metalli Oy","isPartOf":{"@id":"https:\/\/jak.fi\/fr\/#website"},"primaryImageOfPage":{"@id":"https:\/\/jak.fi\/fr\/produits\/grappin-coupeur-pour-les-excavateurs\/jak-400c-grappin-coupeur-pour-excavateur\/#primaryimage"},"image":{"@id":"https:\/\/jak.fi\/fr\/produits\/grappin-coupeur-pour-les-excavateurs\/jak-400c-grappin-coupeur-pour-excavateur\/#primaryimage"},"thumbnailUrl":"https:\/\/jak.fi\/wp-content\/uploads\/2024\/06\/JAK-400C-with-collector-left.png","datePublished":"2024-06-03T05:49:57+00:00","dateModified":"2025-09-02T12:04:51+00:00","description":"Le grappin coupeur d'\u00e9nergie pour pelle JAK-400C est sp\u00e9cialement con\u00e7u pour les pelles de 14 \u00e0 30 tonnes. La pince concentre la puissance de coupe sur une seule m\u00e2choire avec une m\u00e2choire de serrage.","breadcrumb":{"@id":"https:\/\/jak.fi\/fr\/produits\/grappin-coupeur-pour-les-excavateurs\/jak-400c-grappin-coupeur-pour-excavateur\/#breadcrumb"},"inLanguage":"fr-FR","potentialAction":[{"@type":"ReadAction","target":["https:\/\/jak.fi\/fr\/produits\/grappin-coupeur-pour-les-excavateurs\/jak-400c-grappin-coupeur-pour-excavateur\/"]}]},{"@type":"ImageObject","inLanguage":"fr-FR","@id":"https:\/\/jak.fi\/fr\/produits\/grappin-coupeur-pour-les-excavateurs\/jak-400c-grappin-coupeur-pour-excavateur\/#primaryimage","url":"https:\/\/jak.fi\/wp-content\/uploads\/2024\/06\/JAK-400C-with-collector-left.png","contentUrl":"https:\/\/jak.fi\/wp-content\/uploads\/2024\/06\/JAK-400C-with-collector-left.png","width":1920,"height":1378,"caption":"Grappin coupeur d'\u00e9nergie JAK-400C - un grappin coupeur d'\u00e9nergie tr\u00e8s puissant et durable pour les grandes pelleteuses."},{"@type":"BreadcrumbList","@id":"https:\/\/jak.fi\/fr\/produits\/grappin-coupeur-pour-les-excavateurs\/jak-400c-grappin-coupeur-pour-excavateur\/#breadcrumb","itemListElement":[{"@type":"ListItem","position":1,"name":"Etusivu","item":"https:\/\/jak.fi\/fr\/"},{"@type":"ListItem","position":2,"name":"Produits","item":"https:\/\/jak.fi\/fr\/produits\/"},{"@type":"ListItem","position":3,"name":"JAK-400C Grappin coupeur pour pelle 14-30t"}]},{"@type":"WebSite","@id":"https:\/\/jak.fi\/fr\/#website","url":"https:\/\/jak.fi\/fr\/","name":"JAK-Metalli Oy","description":"","publisher":{"@id":"https:\/\/jak.fi\/fr\/#organization"},"alternateName":"JAK Tree shears","potentialAction":[{"@type":"SearchAction","target":{"@type":"EntryPoint","urlTemplate":"https:\/\/jak.fi\/fr\/?s={search_term_string}"},"query-input":{"@type":"PropertyValueSpecification","valueRequired":true,"valueName":"search_term_string"}}],"inLanguage":"fr-FR"},{"@type":"Organization","@id":"https:\/\/jak.fi\/fr\/#organization","name":"JAK-Metalli Oy","alternateName":"JAK Tree shears","url":"https:\/\/jak.fi\/fr\/","logo":{"@type":"ImageObject","inLanguage":"fr-FR","@id":"https:\/\/jak.fi\/fr\/#\/schema\/logo\/image\/","url":"https:\/\/jak.fi\/wp-content\/uploads\/2024\/09\/JAK-logo-696x696-1.jpg","contentUrl":"https:\/\/jak.fi\/wp-content\/uploads\/2024\/09\/JAK-logo-696x696-1.jpg","width":696,"height":696,"caption":"JAK-Metalli Oy"},"image":{"@id":"https:\/\/jak.fi\/fr\/#\/schema\/logo\/image\/"},"sameAs":["https:\/\/www.facebook.com\/jaktreeshears","https:\/\/www.instagram.com\/jaktreeshears\/","https:\/\/www.youtube.com\/channel\/UCAwvaVhBBkPie8MeAGbdY1w"]}]}},"_links":{"self":[{"href":"https:\/\/jak.fi\/fr\/wp-json\/wp\/v2\/product\/4176","targetHints":{"allow":["GET"]}}],"collection":[{"href":"https:\/\/jak.fi\/fr\/wp-json\/wp\/v2\/product"}],"about":[{"href":"https:\/\/jak.fi\/fr\/wp-json\/wp\/v2\/types\/product"}],"wp:featuredmedia":[{"embeddable":true,"href":"https:\/\/jak.fi\/fr\/wp-json\/wp\/v2\/media\/4178"}],"wp:attachment":[{"href":"https:\/\/jak.fi\/fr\/wp-json\/wp\/v2\/media?parent=4176"}],"wp:term":[{"taxonomy":"product_brand","embeddable":true,"href":"https:\/\/jak.fi\/fr\/wp-json\/wp\/v2\/product_brand?post=4176"},{"taxonomy":"product_cat","embeddable":true,"href":"https:\/\/jak.fi\/fr\/wp-json\/wp\/v2\/product_cat?post=4176"},{"taxonomy":"product_tag","embeddable":true,"href":"https:\/\/jak.fi\/fr\/wp-json\/wp\/v2\/product_tag?post=4176"}],"curies":[{"name":"wp","href":"https:\/\/api.w.org\/{rel}","templated":true}]}}