{"id":4177,"date":"2024-06-03T08:21:37","date_gmt":"2024-06-03T05:21:37","guid":{"rendered":"https:\/\/jak.fi\/products\/non%20class\u00e9\/jak-250r-gen4-pince-a-energie-pour-chargeur-et-reacher\/"},"modified":"2025-04-11T08:52:26","modified_gmt":"2025-04-11T05:52:26","slug":"jak-250r-gen4-grappin-coupeur-pour-chargeur-et-telescopique","status":"publish","type":"product","link":"https:\/\/jak.fi\/fr\/produits\/grappin-coupeur-pour-chargeurs-et-chariot-telescopique\/jak-250r-gen4-grappin-coupeur-pour-chargeur-et-telescopique\/","title":{"rendered":"JAK-250R Grappin coupeur GEN4 pour chargeuse et chariot t\u00e9lescopique"},"content":{"rendered":"<h2><strong>Le JAK-250R Grappin coupeur pour chargeuse et chariot t\u00e9lescopique peut \u00eatre \u00e9quip\u00e9 d\u2019un syst\u00e8me de rotation \u00e0 360\u00b0 !<\/strong><\/h2>\n<p>La JAK-250R GEN4 est un grappin coupeur rapide, compact et efficace, \u00e9galement con\u00e7u pour \u00eatre utilis\u00e9 sur des chargeuses sur pneus et des chariots t\u00e9lescopiques gr\u00e2ce \u00e0 sa partie arri\u00e8re interchangeable. \u00c9quip\u00e9 d&rsquo;un syst\u00e8me de rotation \u00e0 360\u00b0, le grappin coupeur peut \u00eatre pivot\u00e9 librement dans les deux directions, parall\u00e8lement \u00e0 l&rsquo;axe du tronc. L&rsquo;accessoire syst\u00e8me hydraulique eBoost augmente la vitesse du grappin coupeur jusqu&rsquo;\u00e0 100 % sans affecter n\u00e9gativement la puissance.<\/p>\n<p>La structure \u00e9quip\u00e9e de deux m\u00e2choires garantit une prise solide et s\u00e9curis\u00e9e sur le tronc de l&rsquo;arbre. Gr\u00e2ce \u00e0 ce grappin coupeur, l&rsquo;abattage des arbres se fait facilement jusqu&rsquo;aux troncs d&rsquo;arbres de 250 mm d&rsquo;\u00e9paisseur. Gr\u00e2ce \u00e0 la lame amovible, vous pouvez \u00e9galement utiliser le grappin coupeur comme un grappin \u00e0 bois classique.  <\/p>\n<p>En rempla\u00e7ant la partie arri\u00e8re, le grappin coupeur JAK-250R pour chargeuse et pour chariot t\u00e9lescopique peut \u00e9galement \u00eatre utilis\u00e9 sur les pelleteuses.<\/p>\n<p>Dans la fabrication, nous utilisons de l&rsquo;acier d&rsquo;usure Hardox\u00ae class\u00e9 en termes de r\u00e9sistance, ce qui garantit la durabilit\u00e9 et la fiabilit\u00e9 dans toutes les situations et conditions. L&rsquo;origine nationale et les mat\u00e9riaux de haute qualit\u00e9 sont la base du grappin coupeur JAK-250R GEN4. <\/p>\n<div class=\"wp-block-button\"><a class=\"wp-block-button__link has-text-align-center wp-element-button\" href=\"https:\/\/jak.fi\/fr\/gen4-jak-grappins-coupeurs\/\" target=\"_blank\" rel=\"noopener\">En savoir plus sur les mises \u00e0 jour du GEN4<\/a><\/div>\n<div><\/div>\n","protected":false},"excerpt":{"rendered":"<ul>\n<li>Disponible avec un syst\u00e8me de rotation \u00e0 360<\/li>\n<li>Disponible avec le syst\u00e8me hydraulique eBoost<\/li>\n<li>Disponible avec une ligne hydraulique en option<\/li>\n<li>En acier Hardox\u00ae r\u00e9sistant \u00e0 l&rsquo;usure<\/li>\n<li>Approuv\u00e9 CE<\/li>\n<li>Fabriqu\u00e9 en Finlande<\/li>\n<li>Lame amovible<\/li>\n<\/ul>\n","protected":false},"featured_media":4185,"template":"","meta":{"_acf_changed":false},"product_brand":[],"product_cat":[570],"product_tag":[],"class_list":{"0":"post-4177","1":"product","2":"type-product","3":"status-publish","4":"has-post-thumbnail","6":"product_cat-grappin-coupeur-pour-chargeurs-et-chariot-telescopique","8":"first","9":"instock","10":"shipping-taxable","11":"product-type-simple"},"acf":[],"yoast_head":"<!-- This site is optimized with the Yoast SEO plugin v27.2 - https:\/\/yoast.com\/product\/yoast-seo-wordpress\/ -->\n<title>JAK-250R Grappin coupeur GEN4 pour chargeuse et chariot t\u00e9lescopique &#8211; JAK-Metalli Oy<\/title>\n<meta name=\"description\" content=\"Le grappin coupeur d&#039;\u00e9nergie JAK-250R pour chargeuses et reachers est un grappin coupeur d&#039;\u00e9nergie rapide et efficace qui coupe facilement les arbres jusqu&#039;\u00e0 250 mm d&#039;\u00e9paisseur.\" \/>\n<meta name=\"robots\" content=\"index, follow, max-snippet:-1, max-image-preview:large, max-video-preview:-1\" \/>\n<link rel=\"canonical\" href=\"https:\/\/jak.fi\/fr\/produits\/grappin-coupeur-pour-chargeurs-et-chariot-telescopique\/jak-250r-gen4-grappin-coupeur-pour-chargeur-et-telescopique\/\" \/>\n<meta property=\"og:locale\" content=\"fr_FR\" \/>\n<meta property=\"og:type\" content=\"article\" \/>\n<meta property=\"og:title\" content=\"JAK-250R Grappin coupeur GEN4 pour chargeuse et chariot t\u00e9lescopique &#8211; JAK-Metalli Oy\" \/>\n<meta property=\"og:description\" content=\"Le grappin coupeur d&#039;\u00e9nergie JAK-250R pour chargeuses et reachers est un grappin coupeur d&#039;\u00e9nergie rapide et efficace qui coupe facilement les arbres jusqu&#039;\u00e0 250 mm d&#039;\u00e9paisseur.\" \/>\n<meta property=\"og:url\" content=\"https:\/\/jak.fi\/fr\/produits\/grappin-coupeur-pour-chargeurs-et-chariot-telescopique\/jak-250r-gen4-grappin-coupeur-pour-chargeur-et-telescopique\/\" \/>\n<meta property=\"og:site_name\" content=\"JAK-Metalli Oy\" \/>\n<meta property=\"article:publisher\" content=\"https:\/\/www.facebook.com\/jaktreeshears\" \/>\n<meta property=\"article:modified_time\" content=\"2025-04-11T05:52:26+00:00\" \/>\n<meta property=\"og:image\" content=\"https:\/\/jak.fi\/wp-content\/uploads\/2024\/06\/jak-250r-tree-shear-for-wheel-loaders-and-telehandlers-front-right-view-1.png\" \/>\n\t<meta property=\"og:image:width\" content=\"1000\" \/>\n\t<meta property=\"og:image:height\" content=\"666\" \/>\n\t<meta property=\"og:image:type\" content=\"image\/png\" \/>\n<meta name=\"twitter:card\" content=\"summary_large_image\" \/>\n<meta name=\"twitter:label1\" content=\"Dur\u00e9e de lecture estim\u00e9e\" \/>\n\t<meta name=\"twitter:data1\" content=\"2 minutes\" \/>\n<script type=\"application\/ld+json\" class=\"yoast-schema-graph\">{\"@context\":\"https:\/\/schema.org\",\"@graph\":[{\"@type\":\"WebPage\",\"@id\":\"https:\/\/jak.fi\/fr\/produits\/grappin-coupeur-pour-chargeurs-et-chariot-telescopique\/jak-250r-gen4-grappin-coupeur-pour-chargeur-et-telescopique\/\",\"url\":\"https:\/\/jak.fi\/fr\/produits\/grappin-coupeur-pour-chargeurs-et-chariot-telescopique\/jak-250r-gen4-grappin-coupeur-pour-chargeur-et-telescopique\/\",\"name\":\"JAK-250R Grappin coupeur GEN4 pour chargeuse et chariot t\u00e9lescopique &#8211; JAK-Metalli Oy\",\"isPartOf\":{\"@id\":\"https:\/\/jak.fi\/fr\/#website\"},\"primaryImageOfPage\":{\"@id\":\"https:\/\/jak.fi\/fr\/produits\/grappin-coupeur-pour-chargeurs-et-chariot-telescopique\/jak-250r-gen4-grappin-coupeur-pour-chargeur-et-telescopique\/#primaryimage\"},\"image\":{\"@id\":\"https:\/\/jak.fi\/fr\/produits\/grappin-coupeur-pour-chargeurs-et-chariot-telescopique\/jak-250r-gen4-grappin-coupeur-pour-chargeur-et-telescopique\/#primaryimage\"},\"thumbnailUrl\":\"https:\/\/jak.fi\/wp-content\/uploads\/2024\/06\/jak-250r-tree-shear-for-wheel-loaders-and-telehandlers-front-right-view-1.png\",\"datePublished\":\"2024-06-03T05:21:37+00:00\",\"dateModified\":\"2025-04-11T05:52:26+00:00\",\"description\":\"Le grappin coupeur d'\u00e9nergie JAK-250R pour chargeuses et reachers est un grappin coupeur d'\u00e9nergie rapide et efficace qui coupe facilement les arbres jusqu'\u00e0 250 mm d'\u00e9paisseur.\",\"breadcrumb\":{\"@id\":\"https:\/\/jak.fi\/fr\/produits\/grappin-coupeur-pour-chargeurs-et-chariot-telescopique\/jak-250r-gen4-grappin-coupeur-pour-chargeur-et-telescopique\/#breadcrumb\"},\"inLanguage\":\"fr-FR\",\"potentialAction\":[{\"@type\":\"ReadAction\",\"target\":[\"https:\/\/jak.fi\/fr\/produits\/grappin-coupeur-pour-chargeurs-et-chariot-telescopique\/jak-250r-gen4-grappin-coupeur-pour-chargeur-et-telescopique\/\"]}]},{\"@type\":\"ImageObject\",\"inLanguage\":\"fr-FR\",\"@id\":\"https:\/\/jak.fi\/fr\/produits\/grappin-coupeur-pour-chargeurs-et-chariot-telescopique\/jak-250r-gen4-grappin-coupeur-pour-chargeur-et-telescopique\/#primaryimage\",\"url\":\"https:\/\/jak.fi\/wp-content\/uploads\/2024\/06\/jak-250r-tree-shear-for-wheel-loaders-and-telehandlers-front-right-view-1.png\",\"contentUrl\":\"https:\/\/jak.fi\/wp-content\/uploads\/2024\/06\/jak-250r-tree-shear-for-wheel-loaders-and-telehandlers-front-right-view-1.png\",\"width\":1000,\"height\":666},{\"@type\":\"BreadcrumbList\",\"@id\":\"https:\/\/jak.fi\/fr\/produits\/grappin-coupeur-pour-chargeurs-et-chariot-telescopique\/jak-250r-gen4-grappin-coupeur-pour-chargeur-et-telescopique\/#breadcrumb\",\"itemListElement\":[{\"@type\":\"ListItem\",\"position\":1,\"name\":\"Etusivu\",\"item\":\"https:\/\/jak.fi\/fr\/\"},{\"@type\":\"ListItem\",\"position\":2,\"name\":\"Produits\",\"item\":\"https:\/\/jak.fi\/fr\/produits\/\"},{\"@type\":\"ListItem\",\"position\":3,\"name\":\"JAK-250R Grappin coupeur GEN4 pour chargeuse et chariot t\u00e9lescopique\"}]},{\"@type\":\"WebSite\",\"@id\":\"https:\/\/jak.fi\/fr\/#website\",\"url\":\"https:\/\/jak.fi\/fr\/\",\"name\":\"JAK-Metalli Oy\",\"description\":\"\",\"publisher\":{\"@id\":\"https:\/\/jak.fi\/fr\/#organization\"},\"alternateName\":\"JAK Tree shears\",\"potentialAction\":[{\"@type\":\"SearchAction\",\"target\":{\"@type\":\"EntryPoint\",\"urlTemplate\":\"https:\/\/jak.fi\/fr\/?s={search_term_string}\"},\"query-input\":{\"@type\":\"PropertyValueSpecification\",\"valueRequired\":true,\"valueName\":\"search_term_string\"}}],\"inLanguage\":\"fr-FR\"},{\"@type\":\"Organization\",\"@id\":\"https:\/\/jak.fi\/fr\/#organization\",\"name\":\"JAK-Metalli Oy\",\"alternateName\":\"JAK Tree shears\",\"url\":\"https:\/\/jak.fi\/fr\/\",\"logo\":{\"@type\":\"ImageObject\",\"inLanguage\":\"fr-FR\",\"@id\":\"https:\/\/jak.fi\/fr\/#\/schema\/logo\/image\/\",\"url\":\"https:\/\/jak.fi\/wp-content\/uploads\/2024\/09\/JAK-logo-696x696-1.jpg\",\"contentUrl\":\"https:\/\/jak.fi\/wp-content\/uploads\/2024\/09\/JAK-logo-696x696-1.jpg\",\"width\":696,\"height\":696,\"caption\":\"JAK-Metalli Oy\"},\"image\":{\"@id\":\"https:\/\/jak.fi\/fr\/#\/schema\/logo\/image\/\"},\"sameAs\":[\"https:\/\/www.facebook.com\/jaktreeshears\",\"https:\/\/www.instagram.com\/jaktreeshears\/\",\"https:\/\/www.youtube.com\/channel\/UCAwvaVhBBkPie8MeAGbdY1w\"]}]}<\/script>\n<!-- \/ Yoast SEO plugin. -->","yoast_head_json":{"title":"JAK-250R Grappin coupeur GEN4 pour chargeuse et chariot t\u00e9lescopique &#8211; JAK-Metalli Oy","description":"Le grappin coupeur d'\u00e9nergie JAK-250R pour chargeuses et reachers est un grappin coupeur d'\u00e9nergie rapide et efficace qui coupe facilement les arbres jusqu'\u00e0 250 mm d'\u00e9paisseur.","robots":{"index":"index","follow":"follow","max-snippet":"max-snippet:-1","max-image-preview":"max-image-preview:large","max-video-preview":"max-video-preview:-1"},"canonical":"https:\/\/jak.fi\/fr\/produits\/grappin-coupeur-pour-chargeurs-et-chariot-telescopique\/jak-250r-gen4-grappin-coupeur-pour-chargeur-et-telescopique\/","og_locale":"fr_FR","og_type":"article","og_title":"JAK-250R Grappin coupeur GEN4 pour chargeuse et chariot t\u00e9lescopique &#8211; JAK-Metalli Oy","og_description":"Le grappin coupeur d'\u00e9nergie JAK-250R pour chargeuses et reachers est un grappin coupeur d'\u00e9nergie rapide et efficace qui coupe facilement les arbres jusqu'\u00e0 250 mm d'\u00e9paisseur.","og_url":"https:\/\/jak.fi\/fr\/produits\/grappin-coupeur-pour-chargeurs-et-chariot-telescopique\/jak-250r-gen4-grappin-coupeur-pour-chargeur-et-telescopique\/","og_site_name":"JAK-Metalli Oy","article_publisher":"https:\/\/www.facebook.com\/jaktreeshears","article_modified_time":"2025-04-11T05:52:26+00:00","og_image":[{"width":1000,"height":666,"url":"https:\/\/jak.fi\/wp-content\/uploads\/2024\/06\/jak-250r-tree-shear-for-wheel-loaders-and-telehandlers-front-right-view-1.png","type":"image\/png"}],"twitter_card":"summary_large_image","twitter_misc":{"Dur\u00e9e de lecture estim\u00e9e":"2 minutes"},"schema":{"@context":"https:\/\/schema.org","@graph":[{"@type":"WebPage","@id":"https:\/\/jak.fi\/fr\/produits\/grappin-coupeur-pour-chargeurs-et-chariot-telescopique\/jak-250r-gen4-grappin-coupeur-pour-chargeur-et-telescopique\/","url":"https:\/\/jak.fi\/fr\/produits\/grappin-coupeur-pour-chargeurs-et-chariot-telescopique\/jak-250r-gen4-grappin-coupeur-pour-chargeur-et-telescopique\/","name":"JAK-250R Grappin coupeur GEN4 pour chargeuse et chariot t\u00e9lescopique &#8211; JAK-Metalli Oy","isPartOf":{"@id":"https:\/\/jak.fi\/fr\/#website"},"primaryImageOfPage":{"@id":"https:\/\/jak.fi\/fr\/produits\/grappin-coupeur-pour-chargeurs-et-chariot-telescopique\/jak-250r-gen4-grappin-coupeur-pour-chargeur-et-telescopique\/#primaryimage"},"image":{"@id":"https:\/\/jak.fi\/fr\/produits\/grappin-coupeur-pour-chargeurs-et-chariot-telescopique\/jak-250r-gen4-grappin-coupeur-pour-chargeur-et-telescopique\/#primaryimage"},"thumbnailUrl":"https:\/\/jak.fi\/wp-content\/uploads\/2024\/06\/jak-250r-tree-shear-for-wheel-loaders-and-telehandlers-front-right-view-1.png","datePublished":"2024-06-03T05:21:37+00:00","dateModified":"2025-04-11T05:52:26+00:00","description":"Le grappin coupeur d'\u00e9nergie JAK-250R pour chargeuses et reachers est un grappin coupeur d'\u00e9nergie rapide et efficace qui coupe facilement les arbres jusqu'\u00e0 250 mm d'\u00e9paisseur.","breadcrumb":{"@id":"https:\/\/jak.fi\/fr\/produits\/grappin-coupeur-pour-chargeurs-et-chariot-telescopique\/jak-250r-gen4-grappin-coupeur-pour-chargeur-et-telescopique\/#breadcrumb"},"inLanguage":"fr-FR","potentialAction":[{"@type":"ReadAction","target":["https:\/\/jak.fi\/fr\/produits\/grappin-coupeur-pour-chargeurs-et-chariot-telescopique\/jak-250r-gen4-grappin-coupeur-pour-chargeur-et-telescopique\/"]}]},{"@type":"ImageObject","inLanguage":"fr-FR","@id":"https:\/\/jak.fi\/fr\/produits\/grappin-coupeur-pour-chargeurs-et-chariot-telescopique\/jak-250r-gen4-grappin-coupeur-pour-chargeur-et-telescopique\/#primaryimage","url":"https:\/\/jak.fi\/wp-content\/uploads\/2024\/06\/jak-250r-tree-shear-for-wheel-loaders-and-telehandlers-front-right-view-1.png","contentUrl":"https:\/\/jak.fi\/wp-content\/uploads\/2024\/06\/jak-250r-tree-shear-for-wheel-loaders-and-telehandlers-front-right-view-1.png","width":1000,"height":666},{"@type":"BreadcrumbList","@id":"https:\/\/jak.fi\/fr\/produits\/grappin-coupeur-pour-chargeurs-et-chariot-telescopique\/jak-250r-gen4-grappin-coupeur-pour-chargeur-et-telescopique\/#breadcrumb","itemListElement":[{"@type":"ListItem","position":1,"name":"Etusivu","item":"https:\/\/jak.fi\/fr\/"},{"@type":"ListItem","position":2,"name":"Produits","item":"https:\/\/jak.fi\/fr\/produits\/"},{"@type":"ListItem","position":3,"name":"JAK-250R Grappin coupeur GEN4 pour chargeuse et chariot t\u00e9lescopique"}]},{"@type":"WebSite","@id":"https:\/\/jak.fi\/fr\/#website","url":"https:\/\/jak.fi\/fr\/","name":"JAK-Metalli Oy","description":"","publisher":{"@id":"https:\/\/jak.fi\/fr\/#organization"},"alternateName":"JAK Tree shears","potentialAction":[{"@type":"SearchAction","target":{"@type":"EntryPoint","urlTemplate":"https:\/\/jak.fi\/fr\/?s={search_term_string}"},"query-input":{"@type":"PropertyValueSpecification","valueRequired":true,"valueName":"search_term_string"}}],"inLanguage":"fr-FR"},{"@type":"Organization","@id":"https:\/\/jak.fi\/fr\/#organization","name":"JAK-Metalli Oy","alternateName":"JAK Tree shears","url":"https:\/\/jak.fi\/fr\/","logo":{"@type":"ImageObject","inLanguage":"fr-FR","@id":"https:\/\/jak.fi\/fr\/#\/schema\/logo\/image\/","url":"https:\/\/jak.fi\/wp-content\/uploads\/2024\/09\/JAK-logo-696x696-1.jpg","contentUrl":"https:\/\/jak.fi\/wp-content\/uploads\/2024\/09\/JAK-logo-696x696-1.jpg","width":696,"height":696,"caption":"JAK-Metalli Oy"},"image":{"@id":"https:\/\/jak.fi\/fr\/#\/schema\/logo\/image\/"},"sameAs":["https:\/\/www.facebook.com\/jaktreeshears","https:\/\/www.instagram.com\/jaktreeshears\/","https:\/\/www.youtube.com\/channel\/UCAwvaVhBBkPie8MeAGbdY1w"]}]}},"_links":{"self":[{"href":"https:\/\/jak.fi\/fr\/wp-json\/wp\/v2\/product\/4177","targetHints":{"allow":["GET"]}}],"collection":[{"href":"https:\/\/jak.fi\/fr\/wp-json\/wp\/v2\/product"}],"about":[{"href":"https:\/\/jak.fi\/fr\/wp-json\/wp\/v2\/types\/product"}],"wp:featuredmedia":[{"embeddable":true,"href":"https:\/\/jak.fi\/fr\/wp-json\/wp\/v2\/media\/4185"}],"wp:attachment":[{"href":"https:\/\/jak.fi\/fr\/wp-json\/wp\/v2\/media?parent=4177"}],"wp:term":[{"taxonomy":"product_brand","embeddable":true,"href":"https:\/\/jak.fi\/fr\/wp-json\/wp\/v2\/product_brand?post=4177"},{"taxonomy":"product_cat","embeddable":true,"href":"https:\/\/jak.fi\/fr\/wp-json\/wp\/v2\/product_cat?post=4177"},{"taxonomy":"product_tag","embeddable":true,"href":"https:\/\/jak.fi\/fr\/wp-json\/wp\/v2\/product_tag?post=4177"}],"curies":[{"name":"wp","href":"https:\/\/api.w.org\/{rel}","templated":true}]}}