{"id":4250,"date":"2024-05-30T09:11:48","date_gmt":"2024-05-30T06:11:48","guid":{"rendered":"https:\/\/jak.fi\/products\/non%20class\u00e9\/jak-300c-grappin-denergie-pour-excavateur\/"},"modified":"2025-08-12T08:36:12","modified_gmt":"2025-08-12T05:36:12","slug":"jak-300c-grappin-coupeur-pour-excavateur","status":"publish","type":"product","link":"https:\/\/jak.fi\/fr\/produits\/grappin-coupeur-pour-les-excavateurs\/jak-300c-grappin-coupeur-pour-excavateur\/","title":{"rendered":"JAK-300C Grappin coupeur pour pelle 6-20t"},"content":{"rendered":"<h2 data-start=\"176\" data-end=\"274\">JAK-300C Grappin coupeur &#8211; L\u00e9ger, durable et polyvalent<\/h2>\n<p data-start=\"276\" data-end=\"563\">Le JAK-300C Energy Grappin est un grappin coupeur de bois l\u00e9ger et puissant, suffisamment polyvalent pour les pelleteuses de 6 \u00e0 20 tonnes (13227-44092 lbs). La puissance de coupe est concentr\u00e9e sur un c\u00f4t\u00e9 de la m\u00e2choire de serrage, ce qui permet d&rsquo;all\u00e9ger la conception, la taille des copeaux et la rentabilit\u00e9 sans compromettre les performances.<\/p>\n<p data-start=\"565\" data-end=\"908\">Ce grappin coupeur polyvalent est le r\u00e9sultat d&rsquo;un d\u00e9veloppement de produit \u00e0 long terme et d&rsquo;une exp\u00e9rience pratique. Sa conception s&rsquo;appuie sur notre solide expertise en mati\u00e8re d&rsquo;exploitation foresti\u00e8re et sur les pr\u00e9cieux commentaires des utilisateurs. Ce grappin coupeur a \u00e9galement \u00e9t\u00e9 test\u00e9 dans des conditions exigeantes, ce qui garantit sa fiabilit\u00e9 et sa durabilit\u00e9 en cas d&rsquo;utilisation intensive.<\/p>\n<p data-start=\"910\" data-end=\"1132\">Nous n&rsquo;utilisons que de l&rsquo;acier Hardox\u00ae r\u00e9sistant \u00e0 l&rsquo;usure dans notre fabrication. La conception nationale et les mat\u00e9riaux de qualit\u00e9 sup\u00e9rieure garantissent que le grappin coupeur JAK r\u00e9sistera aux conditions de chantier les plus difficiles, ann\u00e9e apr\u00e8s ann\u00e9e.<\/p>\n<p>&nbsp;<\/p>\n<p><strong>Clips<\/strong><\/p>\n<p>Les attaches de pelle les plus courantes<\/p>\n<p>Sur commande, selon le type de machine du client.<\/p>\n","protected":false},"excerpt":{"rendered":"<ul>\n<li>En acier Hardox\u00ae r\u00e9sistant \u00e0 l&rsquo;usure<\/li>\n<li>Disponible avec une ligne hydraulique en option<\/li>\n<li>Approuv\u00e9 CE<\/li>\n<li>Une alternative moins ch\u00e8re<\/li>\n<li>Fabriqu\u00e9 en Finlande<\/li>\n<li>Lame amovible<\/li>\n<\/ul>\n","protected":false},"featured_media":4251,"template":"","meta":{"_acf_changed":false},"product_brand":[],"product_cat":[568],"product_tag":[],"class_list":{"0":"post-4250","1":"product","2":"type-product","3":"status-publish","4":"has-post-thumbnail","6":"product_cat-grappin-coupeur-pour-les-excavateurs","8":"first","9":"instock","10":"shipping-taxable","11":"product-type-simple"},"acf":[],"yoast_head":"<!-- This site is optimized with the Yoast SEO plugin v27.2 - https:\/\/yoast.com\/product\/yoast-seo-wordpress\/ -->\n<title>JAK-300C Grappin coupeur pour pelle 6-20t &#8211; JAK-Metalli Oy<\/title>\n<meta name=\"description\" content=\"Le JAK-300C est un grappin coupeur dont la force de coupe est concentr\u00e9e sur un c\u00f4t\u00e9 de la m\u00e2choire. Le grappin coupeur JAK-300C a \u00e9t\u00e9 soumis \u00e0 un processus de test exigeant.\" \/>\n<meta name=\"robots\" content=\"index, follow, max-snippet:-1, max-image-preview:large, max-video-preview:-1\" \/>\n<link rel=\"canonical\" href=\"https:\/\/jak.fi\/fr\/produits\/grappin-coupeur-pour-les-excavateurs\/jak-300c-grappin-coupeur-pour-excavateur\/\" \/>\n<meta property=\"og:locale\" content=\"fr_FR\" \/>\n<meta property=\"og:type\" content=\"article\" \/>\n<meta property=\"og:title\" content=\"JAK-300C Grappin coupeur pour pelle 6-20t &#8211; JAK-Metalli Oy\" \/>\n<meta property=\"og:description\" content=\"Le JAK-300C est un grappin coupeur dont la force de coupe est concentr\u00e9e sur un c\u00f4t\u00e9 de la m\u00e2choire. Le grappin coupeur JAK-300C a \u00e9t\u00e9 soumis \u00e0 un processus de test exigeant.\" \/>\n<meta property=\"og:url\" content=\"https:\/\/jak.fi\/fr\/produits\/grappin-coupeur-pour-les-excavateurs\/jak-300c-grappin-coupeur-pour-excavateur\/\" \/>\n<meta property=\"og:site_name\" content=\"JAK-Metalli Oy\" \/>\n<meta property=\"article:publisher\" content=\"https:\/\/www.facebook.com\/jaktreeshears\" \/>\n<meta property=\"article:modified_time\" content=\"2025-08-12T05:36:12+00:00\" \/>\n<meta property=\"og:image\" content=\"https:\/\/jak.fi\/wp-content\/uploads\/2024\/05\/jak-300c-tree-shear-with-collector-1-1.png\" \/>\n\t<meta property=\"og:image:width\" content=\"1000\" \/>\n\t<meta property=\"og:image:height\" content=\"666\" \/>\n\t<meta property=\"og:image:type\" content=\"image\/png\" \/>\n<meta name=\"twitter:card\" content=\"summary_large_image\" \/>\n<meta name=\"twitter:label1\" content=\"Dur\u00e9e de lecture estim\u00e9e\" \/>\n\t<meta name=\"twitter:data1\" content=\"2 minutes\" \/>\n<script type=\"application\/ld+json\" class=\"yoast-schema-graph\">{\"@context\":\"https:\/\/schema.org\",\"@graph\":[{\"@type\":\"WebPage\",\"@id\":\"https:\/\/jak.fi\/fr\/produits\/grappin-coupeur-pour-les-excavateurs\/jak-300c-grappin-coupeur-pour-excavateur\/\",\"url\":\"https:\/\/jak.fi\/fr\/produits\/grappin-coupeur-pour-les-excavateurs\/jak-300c-grappin-coupeur-pour-excavateur\/\",\"name\":\"JAK-300C Grappin coupeur pour pelle 6-20t &#8211; JAK-Metalli Oy\",\"isPartOf\":{\"@id\":\"https:\/\/jak.fi\/fr\/#website\"},\"primaryImageOfPage\":{\"@id\":\"https:\/\/jak.fi\/fr\/produits\/grappin-coupeur-pour-les-excavateurs\/jak-300c-grappin-coupeur-pour-excavateur\/#primaryimage\"},\"image\":{\"@id\":\"https:\/\/jak.fi\/fr\/produits\/grappin-coupeur-pour-les-excavateurs\/jak-300c-grappin-coupeur-pour-excavateur\/#primaryimage\"},\"thumbnailUrl\":\"https:\/\/jak.fi\/wp-content\/uploads\/2024\/05\/jak-300c-tree-shear-with-collector-1-1.png\",\"datePublished\":\"2024-05-30T06:11:48+00:00\",\"dateModified\":\"2025-08-12T05:36:12+00:00\",\"description\":\"Le JAK-300C est un grappin coupeur dont la force de coupe est concentr\u00e9e sur un c\u00f4t\u00e9 de la m\u00e2choire. Le grappin coupeur JAK-300C a \u00e9t\u00e9 soumis \u00e0 un processus de test exigeant.\",\"breadcrumb\":{\"@id\":\"https:\/\/jak.fi\/fr\/produits\/grappin-coupeur-pour-les-excavateurs\/jak-300c-grappin-coupeur-pour-excavateur\/#breadcrumb\"},\"inLanguage\":\"fr-FR\",\"potentialAction\":[{\"@type\":\"ReadAction\",\"target\":[\"https:\/\/jak.fi\/fr\/produits\/grappin-coupeur-pour-les-excavateurs\/jak-300c-grappin-coupeur-pour-excavateur\/\"]}]},{\"@type\":\"ImageObject\",\"inLanguage\":\"fr-FR\",\"@id\":\"https:\/\/jak.fi\/fr\/produits\/grappin-coupeur-pour-les-excavateurs\/jak-300c-grappin-coupeur-pour-excavateur\/#primaryimage\",\"url\":\"https:\/\/jak.fi\/wp-content\/uploads\/2024\/05\/jak-300c-tree-shear-with-collector-1-1.png\",\"contentUrl\":\"https:\/\/jak.fi\/wp-content\/uploads\/2024\/05\/jak-300c-tree-shear-with-collector-1-1.png\",\"width\":1000,\"height\":666,\"caption\":\"Grappin coupeur d'\u00e9nergie JAK-300C - un grappin coupeur d'\u00e9nergie puissant et durable pour les pelleteuses. Con\u00e7u pour un abattage efficace dans des conditions difficiles.\"},{\"@type\":\"BreadcrumbList\",\"@id\":\"https:\/\/jak.fi\/fr\/produits\/grappin-coupeur-pour-les-excavateurs\/jak-300c-grappin-coupeur-pour-excavateur\/#breadcrumb\",\"itemListElement\":[{\"@type\":\"ListItem\",\"position\":1,\"name\":\"Etusivu\",\"item\":\"https:\/\/jak.fi\/fr\/\"},{\"@type\":\"ListItem\",\"position\":2,\"name\":\"Produits\",\"item\":\"https:\/\/jak.fi\/fr\/produits\/\"},{\"@type\":\"ListItem\",\"position\":3,\"name\":\"JAK-300C Grappin coupeur pour pelle 6-20t\"}]},{\"@type\":\"WebSite\",\"@id\":\"https:\/\/jak.fi\/fr\/#website\",\"url\":\"https:\/\/jak.fi\/fr\/\",\"name\":\"JAK-Metalli Oy\",\"description\":\"\",\"publisher\":{\"@id\":\"https:\/\/jak.fi\/fr\/#organization\"},\"alternateName\":\"JAK Tree shears\",\"potentialAction\":[{\"@type\":\"SearchAction\",\"target\":{\"@type\":\"EntryPoint\",\"urlTemplate\":\"https:\/\/jak.fi\/fr\/?s={search_term_string}\"},\"query-input\":{\"@type\":\"PropertyValueSpecification\",\"valueRequired\":true,\"valueName\":\"search_term_string\"}}],\"inLanguage\":\"fr-FR\"},{\"@type\":\"Organization\",\"@id\":\"https:\/\/jak.fi\/fr\/#organization\",\"name\":\"JAK-Metalli Oy\",\"alternateName\":\"JAK Tree shears\",\"url\":\"https:\/\/jak.fi\/fr\/\",\"logo\":{\"@type\":\"ImageObject\",\"inLanguage\":\"fr-FR\",\"@id\":\"https:\/\/jak.fi\/fr\/#\/schema\/logo\/image\/\",\"url\":\"https:\/\/jak.fi\/wp-content\/uploads\/2024\/09\/JAK-logo-696x696-1.jpg\",\"contentUrl\":\"https:\/\/jak.fi\/wp-content\/uploads\/2024\/09\/JAK-logo-696x696-1.jpg\",\"width\":696,\"height\":696,\"caption\":\"JAK-Metalli Oy\"},\"image\":{\"@id\":\"https:\/\/jak.fi\/fr\/#\/schema\/logo\/image\/\"},\"sameAs\":[\"https:\/\/www.facebook.com\/jaktreeshears\",\"https:\/\/www.instagram.com\/jaktreeshears\/\",\"https:\/\/www.youtube.com\/channel\/UCAwvaVhBBkPie8MeAGbdY1w\"]}]}<\/script>\n<!-- \/ Yoast SEO plugin. -->","yoast_head_json":{"title":"JAK-300C Grappin coupeur pour pelle 6-20t &#8211; JAK-Metalli Oy","description":"Le JAK-300C est un grappin coupeur dont la force de coupe est concentr\u00e9e sur un c\u00f4t\u00e9 de la m\u00e2choire. Le grappin coupeur JAK-300C a \u00e9t\u00e9 soumis \u00e0 un processus de test exigeant.","robots":{"index":"index","follow":"follow","max-snippet":"max-snippet:-1","max-image-preview":"max-image-preview:large","max-video-preview":"max-video-preview:-1"},"canonical":"https:\/\/jak.fi\/fr\/produits\/grappin-coupeur-pour-les-excavateurs\/jak-300c-grappin-coupeur-pour-excavateur\/","og_locale":"fr_FR","og_type":"article","og_title":"JAK-300C Grappin coupeur pour pelle 6-20t &#8211; JAK-Metalli Oy","og_description":"Le JAK-300C est un grappin coupeur dont la force de coupe est concentr\u00e9e sur un c\u00f4t\u00e9 de la m\u00e2choire. Le grappin coupeur JAK-300C a \u00e9t\u00e9 soumis \u00e0 un processus de test exigeant.","og_url":"https:\/\/jak.fi\/fr\/produits\/grappin-coupeur-pour-les-excavateurs\/jak-300c-grappin-coupeur-pour-excavateur\/","og_site_name":"JAK-Metalli Oy","article_publisher":"https:\/\/www.facebook.com\/jaktreeshears","article_modified_time":"2025-08-12T05:36:12+00:00","og_image":[{"width":1000,"height":666,"url":"https:\/\/jak.fi\/wp-content\/uploads\/2024\/05\/jak-300c-tree-shear-with-collector-1-1.png","type":"image\/png"}],"twitter_card":"summary_large_image","twitter_misc":{"Dur\u00e9e de lecture estim\u00e9e":"2 minutes"},"schema":{"@context":"https:\/\/schema.org","@graph":[{"@type":"WebPage","@id":"https:\/\/jak.fi\/fr\/produits\/grappin-coupeur-pour-les-excavateurs\/jak-300c-grappin-coupeur-pour-excavateur\/","url":"https:\/\/jak.fi\/fr\/produits\/grappin-coupeur-pour-les-excavateurs\/jak-300c-grappin-coupeur-pour-excavateur\/","name":"JAK-300C Grappin coupeur pour pelle 6-20t &#8211; JAK-Metalli Oy","isPartOf":{"@id":"https:\/\/jak.fi\/fr\/#website"},"primaryImageOfPage":{"@id":"https:\/\/jak.fi\/fr\/produits\/grappin-coupeur-pour-les-excavateurs\/jak-300c-grappin-coupeur-pour-excavateur\/#primaryimage"},"image":{"@id":"https:\/\/jak.fi\/fr\/produits\/grappin-coupeur-pour-les-excavateurs\/jak-300c-grappin-coupeur-pour-excavateur\/#primaryimage"},"thumbnailUrl":"https:\/\/jak.fi\/wp-content\/uploads\/2024\/05\/jak-300c-tree-shear-with-collector-1-1.png","datePublished":"2024-05-30T06:11:48+00:00","dateModified":"2025-08-12T05:36:12+00:00","description":"Le JAK-300C est un grappin coupeur dont la force de coupe est concentr\u00e9e sur un c\u00f4t\u00e9 de la m\u00e2choire. Le grappin coupeur JAK-300C a \u00e9t\u00e9 soumis \u00e0 un processus de test exigeant.","breadcrumb":{"@id":"https:\/\/jak.fi\/fr\/produits\/grappin-coupeur-pour-les-excavateurs\/jak-300c-grappin-coupeur-pour-excavateur\/#breadcrumb"},"inLanguage":"fr-FR","potentialAction":[{"@type":"ReadAction","target":["https:\/\/jak.fi\/fr\/produits\/grappin-coupeur-pour-les-excavateurs\/jak-300c-grappin-coupeur-pour-excavateur\/"]}]},{"@type":"ImageObject","inLanguage":"fr-FR","@id":"https:\/\/jak.fi\/fr\/produits\/grappin-coupeur-pour-les-excavateurs\/jak-300c-grappin-coupeur-pour-excavateur\/#primaryimage","url":"https:\/\/jak.fi\/wp-content\/uploads\/2024\/05\/jak-300c-tree-shear-with-collector-1-1.png","contentUrl":"https:\/\/jak.fi\/wp-content\/uploads\/2024\/05\/jak-300c-tree-shear-with-collector-1-1.png","width":1000,"height":666,"caption":"Grappin coupeur d'\u00e9nergie JAK-300C - un grappin coupeur d'\u00e9nergie puissant et durable pour les pelleteuses. Con\u00e7u pour un abattage efficace dans des conditions difficiles."},{"@type":"BreadcrumbList","@id":"https:\/\/jak.fi\/fr\/produits\/grappin-coupeur-pour-les-excavateurs\/jak-300c-grappin-coupeur-pour-excavateur\/#breadcrumb","itemListElement":[{"@type":"ListItem","position":1,"name":"Etusivu","item":"https:\/\/jak.fi\/fr\/"},{"@type":"ListItem","position":2,"name":"Produits","item":"https:\/\/jak.fi\/fr\/produits\/"},{"@type":"ListItem","position":3,"name":"JAK-300C Grappin coupeur pour pelle 6-20t"}]},{"@type":"WebSite","@id":"https:\/\/jak.fi\/fr\/#website","url":"https:\/\/jak.fi\/fr\/","name":"JAK-Metalli Oy","description":"","publisher":{"@id":"https:\/\/jak.fi\/fr\/#organization"},"alternateName":"JAK Tree shears","potentialAction":[{"@type":"SearchAction","target":{"@type":"EntryPoint","urlTemplate":"https:\/\/jak.fi\/fr\/?s={search_term_string}"},"query-input":{"@type":"PropertyValueSpecification","valueRequired":true,"valueName":"search_term_string"}}],"inLanguage":"fr-FR"},{"@type":"Organization","@id":"https:\/\/jak.fi\/fr\/#organization","name":"JAK-Metalli Oy","alternateName":"JAK Tree shears","url":"https:\/\/jak.fi\/fr\/","logo":{"@type":"ImageObject","inLanguage":"fr-FR","@id":"https:\/\/jak.fi\/fr\/#\/schema\/logo\/image\/","url":"https:\/\/jak.fi\/wp-content\/uploads\/2024\/09\/JAK-logo-696x696-1.jpg","contentUrl":"https:\/\/jak.fi\/wp-content\/uploads\/2024\/09\/JAK-logo-696x696-1.jpg","width":696,"height":696,"caption":"JAK-Metalli Oy"},"image":{"@id":"https:\/\/jak.fi\/fr\/#\/schema\/logo\/image\/"},"sameAs":["https:\/\/www.facebook.com\/jaktreeshears","https:\/\/www.instagram.com\/jaktreeshears\/","https:\/\/www.youtube.com\/channel\/UCAwvaVhBBkPie8MeAGbdY1w"]}]}},"_links":{"self":[{"href":"https:\/\/jak.fi\/fr\/wp-json\/wp\/v2\/product\/4250","targetHints":{"allow":["GET"]}}],"collection":[{"href":"https:\/\/jak.fi\/fr\/wp-json\/wp\/v2\/product"}],"about":[{"href":"https:\/\/jak.fi\/fr\/wp-json\/wp\/v2\/types\/product"}],"wp:featuredmedia":[{"embeddable":true,"href":"https:\/\/jak.fi\/fr\/wp-json\/wp\/v2\/media\/4251"}],"wp:attachment":[{"href":"https:\/\/jak.fi\/fr\/wp-json\/wp\/v2\/media?parent=4250"}],"wp:term":[{"taxonomy":"product_brand","embeddable":true,"href":"https:\/\/jak.fi\/fr\/wp-json\/wp\/v2\/product_brand?post=4250"},{"taxonomy":"product_cat","embeddable":true,"href":"https:\/\/jak.fi\/fr\/wp-json\/wp\/v2\/product_cat?post=4250"},{"taxonomy":"product_tag","embeddable":true,"href":"https:\/\/jak.fi\/fr\/wp-json\/wp\/v2\/product_tag?post=4250"}],"curies":[{"name":"wp","href":"https:\/\/api.w.org\/{rel}","templated":true}]}}