{"id":10017,"date":"2024-05-23T10:25:51","date_gmt":"2024-05-23T07:25:51","guid":{"rendered":"https:\/\/jak.fi\/koszyk\/"},"modified":"2025-06-05T13:02:10","modified_gmt":"2025-06-05T10:02:10","slug":"koszyk","status":"publish","type":"page","link":"https:\/\/jak.fi\/pl\/koszyk\/","title":{"rendered":"Koszyk"},"content":{"rendered":"\n<div data-block-name=\"woocommerce\/cart\" class=\"wp-block-woocommerce-cart alignwide is-loading\">\n<div data-block-name=\"woocommerce\/filled-cart-block\" class=\"wp-block-woocommerce-filled-cart-block\">\n<div data-block-name=\"woocommerce\/cart-items-block\" class=\"wp-block-woocommerce-cart-items-block\">\n<div data-block-name=\"woocommerce\/cart-line-items-block\" class=\"wp-block-woocommerce-cart-line-items-block\"><\/div>\n\n\n\n<div data-block-name=\"woocommerce\/cart-cross-sells-block\" class=\"wp-block-woocommerce-cart-cross-sells-block\">\n<h2 class=\"wp-block-heading has-large-font-size\">Mo\u017cesz by\u0107 tak\u017ce zainteresowany&#8230;<\/h2>\n\n\n\n<div data-block-name=\"woocommerce\/cart-cross-sells-products-block\" class=\"wp-block-woocommerce-cart-cross-sells-products-block\"><\/div>\n<\/div>\n<\/div>\n\n\n\n<div data-block-name=\"woocommerce\/cart-totals-block\" class=\"wp-block-woocommerce-cart-totals-block\">\n<div data-block-name=\"woocommerce\/cart-order-summary-block\" class=\"wp-block-woocommerce-cart-order-summary-block\">\n<div data-block-name=\"woocommerce\/cart-order-summary-heading-block\" class=\"wp-block-woocommerce-cart-order-summary-heading-block\"><\/div><div data-block-name=\"woocommerce\/cart-order-summary-coupon-form-block\" class=\"wp-block-woocommerce-cart-order-summary-coupon-form-block\"><\/div><div data-block-name=\"woocommerce\/cart-order-summary-totals-block\" class=\"wp-block-woocommerce-cart-order-summary-totals-block\">\n<div data-block-name=\"woocommerce\/cart-order-summary-subtotal-block\" class=\"wp-block-woocommerce-cart-order-summary-subtotal-block\"><\/div>\n<div data-block-name=\"woocommerce\/cart-order-summary-discount-block\" class=\"wp-block-woocommerce-cart-order-summary-discount-block\"><\/div>\n<div data-block-name=\"woocommerce\/cart-order-summary-fee-block\" class=\"wp-block-woocommerce-cart-order-summary-fee-block\"><\/div>\n<div data-block-name=\"woocommerce\/cart-order-summary-shipping-block\" class=\"wp-block-woocommerce-cart-order-summary-shipping-block\"><\/div>\n<div data-block-name=\"woocommerce\/cart-order-summary-taxes-block\" class=\"wp-block-woocommerce-cart-order-summary-taxes-block\"><\/div><\/div>\n<\/div>\n\n\n\n<div data-block-name=\"woocommerce\/cart-express-payment-block\" class=\"wp-block-woocommerce-cart-express-payment-block\"><\/div>\n\n\n\n<div data-block-name=\"woocommerce\/proceed-to-checkout-block\" class=\"wp-block-woocommerce-proceed-to-checkout-block\"><\/div>\n\n\n\n<div data-block-name=\"woocommerce\/cart-accepted-payment-methods-block\" class=\"wp-block-woocommerce-cart-accepted-payment-methods-block\"><\/div>\n<\/div>\n<\/div>\n\n\n\n<div data-block-name=\"woocommerce\/empty-cart-block\" class=\"wp-block-woocommerce-empty-cart-block\">\n<h2 class=\"wp-block-heading has-text-align-center with-empty-cart-icon wc-block-cart__empty-cart__title\">Tw\u00f3j koszyk jest pusty!<\/h2>\n\n\n\n<hr class=\"wp-block-separator has-alpha-channel-opacity is-style-dots\"\/>\n\n\n\n<h2 class=\"wp-block-heading has-text-align-center\">Nowo\u015b\u0107 w sklepie<\/h2>\n\n\n<div data-block-name=\"woocommerce\/product-new\" data-columns=\"4\" data-rows=\"1\" class=\"wc-block-grid wp-block-product-new wp-block-woocommerce-product-new wc-block-product-new has-4-columns\"><ul class=\"wc-block-grid__products\"><li class=\"wc-block-grid__product\">\n\t\t\t\t<a href=\"https:\/\/jak.fi\/pl\/produkty\/akcesoria-do-glowic-biomasowych\/podpora-serii-b\/\" class=\"wc-block-grid__product-link\">\n\t\t\t\t\t\n\t\t\t\t\t<div class=\"wc-block-grid__product-image\"><img loading=\"lazy\" decoding=\"async\" width=\"800\" height=\"540\" src=\"https:\/\/jak.fi\/wp-content\/uploads\/2024\/05\/Kantapaa-B-sarja-800x540.png\" class=\"attachment-woocommerce_thumbnail size-woocommerce_thumbnail\" alt=\"G\u0142owica biomasowa podpora serii B\" \/><\/div>\n\t\t\t\t\t<div class=\"wc-block-grid__product-title\">Podpora serii B<\/div>\n\t\t\t\t<\/a>\n\t\t\t\t<div class=\"wc-block-grid__product-price price\"><\/div>\n\t\t\t\t\n\t\t\t\t<div class=\"wp-block-button wc-block-grid__product-add-to-cart\"><a href=\"https:\/\/jak.fi\/pl\/produkty\/akcesoria-do-glowic-biomasowych\/podpora-serii-b\/\" aria-label=\"Przeczytaj wi\u0119cej o &bdquo;Podpora serii B&rdquo;\" data-quantity=\"1\" data-product_id=\"9556\" data-product_sku=\"\" data-price=\"0\" rel=\"nofollow\" class=\"wp-block-button__link  add_to_cart_button\">Dowiedz si\u0119 wi\u0119cej<\/a><\/div>\n\t\t\t<\/li><li class=\"wc-block-grid__product\">\n\t\t\t\t<a href=\"https:\/\/jak.fi\/pl\/produkty\/glowice-biomasowe-do-koparek\/jak-400c-glowica-biomasowa-do-koparki\/\" class=\"wc-block-grid__product-link\">\n\t\t\t\t\t\n\t\t\t\t\t<div class=\"wc-block-grid__product-image\"><img loading=\"lazy\" decoding=\"async\" width=\"800\" height=\"540\" src=\"https:\/\/jak.fi\/wp-content\/uploads\/2024\/06\/JAK-400C-with-collector-left-800x540.png\" class=\"attachment-woocommerce_thumbnail size-woocommerce_thumbnail\" alt=\"Chwytak energetyczny JAK-400C - bardzo mocna i wytrzyma\u0142a g\u0142owica biomasowa do du\u017cych koparek.\" \/><\/div>\n\t\t\t\t\t<div class=\"wc-block-grid__product-title\">JAK-400C G\u0142owica biomasowa do koparki 14-30t<\/div>\n\t\t\t\t<\/a>\n\t\t\t\t<div class=\"wc-block-grid__product-price price\"><\/div>\n\t\t\t\t\n\t\t\t\t<div class=\"wp-block-button wc-block-grid__product-add-to-cart\"><a href=\"https:\/\/jak.fi\/pl\/produkty\/glowice-biomasowe-do-koparek\/jak-400c-glowica-biomasowa-do-koparki\/\" aria-label=\"Przeczytaj wi\u0119cej o &bdquo;JAK-400C G\u0142owica biomasowa do koparki 14-30t&rdquo;\" data-quantity=\"1\" data-product_id=\"9067\" data-product_sku=\"\" data-price=\"0\" rel=\"nofollow\" class=\"wp-block-button__link  add_to_cart_button\">Dowiedz si\u0119 wi\u0119cej<\/a><\/div>\n\t\t\t<\/li><li class=\"wc-block-grid__product\">\n\t\t\t\t<a href=\"https:\/\/jak.fi\/pl\/produkty\/glowice-biomasowe-do-ladowarek-i-wysiegnikow\/jak-300r-glowica-biomasowa-do-ladowarki-teleskopowej-i-wysiegnika-gen4\/\" class=\"wc-block-grid__product-link\">\n\t\t\t\t\t\n\t\t\t\t\t<div class=\"wc-block-grid__product-image\"><img loading=\"lazy\" decoding=\"async\" width=\"800\" height=\"540\" src=\"https:\/\/jak.fi\/wp-content\/uploads\/2024\/05\/jak-300r-tree-shear-for-wheel-loader-and-telehandler-front-right-view-1-800x540.png\" class=\"attachment-woocommerce_thumbnail size-woocommerce_thumbnail\" alt=\"JAK-300R G\u0142owica biomasowa do \u0142adowarki teleskopowej i wysi\u0119gnika GEN4\" \/><\/div>\n\t\t\t\t\t<div class=\"wc-block-grid__product-title\">JAK-300R G\u0142owica biomasowa do \u0142adowarki teleskopowej i wysi\u0119gnika GEN4<\/div>\n\t\t\t\t<\/a>\n\t\t\t\t<div class=\"wc-block-grid__product-price price\"><\/div>\n\t\t\t\t\n\t\t\t\t<div class=\"wp-block-button wc-block-grid__product-add-to-cart\"><a href=\"https:\/\/jak.fi\/pl\/produkty\/glowice-biomasowe-do-ladowarek-i-wysiegnikow\/jak-300r-glowica-biomasowa-do-ladowarki-teleskopowej-i-wysiegnika-gen4\/\" aria-label=\"Przeczytaj wi\u0119cej o &bdquo;JAK-300R G\u0142owica biomasowa do \u0142adowarki teleskopowej i wysi\u0119gnika GEN4&rdquo;\" data-quantity=\"1\" data-product_id=\"9377\" data-product_sku=\"\" data-price=\"0\" rel=\"nofollow\" class=\"wp-block-button__link  add_to_cart_button\">Dowiedz si\u0119 wi\u0119cej<\/a><\/div>\n\t\t\t<\/li><li class=\"wc-block-grid__product\">\n\t\t\t\t<a href=\"https:\/\/jak.fi\/pl\/produkty\/glowice-biomasowe-do-koparek\/jak-300r-glowica-biomasowa-do-koparki-gen4\/\" class=\"wc-block-grid__product-link\">\n\t\t\t\t\t\n\t\t\t\t\t<div class=\"wc-block-grid__product-image\"><img loading=\"lazy\" decoding=\"async\" width=\"800\" height=\"540\" src=\"https:\/\/jak.fi\/wp-content\/uploads\/2024\/05\/JAK-300R-360-rotator-web-1-800x540.png\" class=\"attachment-woocommerce_thumbnail size-woocommerce_thumbnail\" alt=\"JAK-200R G\u0142owica biomasowa z rotatorem\" \/><\/div>\n\t\t\t\t\t<div class=\"wc-block-grid__product-title\">JAK-300R G\u0142owica biomasowa do koparki 12-20t<\/div>\n\t\t\t\t<\/a>\n\t\t\t\t<div class=\"wc-block-grid__product-price price\"><\/div>\n\t\t\t\t\n\t\t\t\t<div class=\"wp-block-button wc-block-grid__product-add-to-cart\"><a href=\"https:\/\/jak.fi\/pl\/produkty\/glowice-biomasowe-do-koparek\/jak-300r-glowica-biomasowa-do-koparki-gen4\/\" aria-label=\"Przeczytaj wi\u0119cej o &bdquo;JAK-300R G\u0142owica biomasowa do koparki 12-20t&rdquo;\" data-quantity=\"1\" data-product_id=\"9465\" data-product_sku=\"\" data-price=\"0\" rel=\"nofollow\" class=\"wp-block-button__link  add_to_cart_button\">Dowiedz si\u0119 wi\u0119cej<\/a><\/div>\n\t\t\t<\/li><\/ul><\/div><\/div>\n<\/div>\n","protected":false},"excerpt":{"rendered":"","protected":false},"author":1,"featured_media":0,"parent":0,"menu_order":124,"comment_status":"closed","ping_status":"closed","template":"","meta":{"_acf_changed":false,"footnotes":""},"class_list":["post-10017","page","type-page","status-publish","hentry"],"acf":[],"yoast_head":"<!-- This site is optimized with the Yoast SEO plugin v27.3 - https:\/\/yoast.com\/product\/yoast-seo-wordpress\/ -->\n<title>Koszyk &#8211; JAK-Metalli Oy<\/title>\n<meta name=\"robots\" content=\"index, follow, max-snippet:-1, max-image-preview:large, max-video-preview:-1\" \/>\n<link rel=\"canonical\" href=\"https:\/\/jak.fi\/pl\/koszyk\/\" \/>\n<meta property=\"og:locale\" content=\"pl_PL\" \/>\n<meta property=\"og:type\" content=\"article\" \/>\n<meta property=\"og:title\" content=\"Koszyk &#8211; JAK-Metalli Oy\" \/>\n<meta property=\"og:url\" content=\"https:\/\/jak.fi\/pl\/koszyk\/\" \/>\n<meta property=\"og:site_name\" content=\"JAK-Metalli Oy\" \/>\n<meta property=\"article:publisher\" content=\"https:\/\/www.facebook.com\/jaktreeshears\" \/>\n<meta property=\"article:modified_time\" content=\"2025-06-05T10:02:10+00:00\" \/>\n<meta property=\"og:image\" content=\"https:\/\/jak.fi\/wp-content\/uploads\/2024\/05\/jak-ylakuva-1-2000x600px-1.jpg\" \/>\n\t<meta property=\"og:image:width\" content=\"2000\" \/>\n\t<meta property=\"og:image:height\" content=\"600\" \/>\n\t<meta property=\"og:image:type\" content=\"image\/jpeg\" \/>\n<meta name=\"twitter:card\" content=\"summary_large_image\" \/>\n<script type=\"application\/ld+json\" class=\"yoast-schema-graph\">{\"@context\":\"https:\\\/\\\/schema.org\",\"@graph\":[{\"@type\":\"WebPage\",\"@id\":\"https:\\\/\\\/jak.fi\\\/pl\\\/koszyk\\\/\",\"url\":\"https:\\\/\\\/jak.fi\\\/pl\\\/koszyk\\\/\",\"name\":\"Koszyk &#8211; JAK-Metalli Oy\",\"isPartOf\":{\"@id\":\"https:\\\/\\\/jak.fi\\\/pl\\\/#website\"},\"datePublished\":\"2024-05-23T07:25:51+00:00\",\"dateModified\":\"2025-06-05T10:02:10+00:00\",\"breadcrumb\":{\"@id\":\"https:\\\/\\\/jak.fi\\\/pl\\\/koszyk\\\/#breadcrumb\"},\"inLanguage\":\"pl-PL\",\"potentialAction\":[{\"@type\":\"ReadAction\",\"target\":[\"https:\\\/\\\/jak.fi\\\/pl\\\/koszyk\\\/\"]}]},{\"@type\":\"BreadcrumbList\",\"@id\":\"https:\\\/\\\/jak.fi\\\/pl\\\/koszyk\\\/#breadcrumb\",\"itemListElement\":[{\"@type\":\"ListItem\",\"position\":1,\"name\":\"Etusivu\",\"item\":\"https:\\\/\\\/jak.fi\\\/pl\\\/\"},{\"@type\":\"ListItem\",\"position\":2,\"name\":\"Koszyk\"}]},{\"@type\":\"WebSite\",\"@id\":\"https:\\\/\\\/jak.fi\\\/pl\\\/#website\",\"url\":\"https:\\\/\\\/jak.fi\\\/pl\\\/\",\"name\":\"JAK-Metalli Oy\",\"description\":\"\",\"publisher\":{\"@id\":\"https:\\\/\\\/jak.fi\\\/pl\\\/#organization\"},\"alternateName\":\"JAK Tree shears\",\"potentialAction\":[{\"@type\":\"SearchAction\",\"target\":{\"@type\":\"EntryPoint\",\"urlTemplate\":\"https:\\\/\\\/jak.fi\\\/pl\\\/?s={search_term_string}\"},\"query-input\":{\"@type\":\"PropertyValueSpecification\",\"valueRequired\":true,\"valueName\":\"search_term_string\"}}],\"inLanguage\":\"pl-PL\"},{\"@type\":\"Organization\",\"@id\":\"https:\\\/\\\/jak.fi\\\/pl\\\/#organization\",\"name\":\"JAK-Metalli Oy\",\"alternateName\":\"JAK Tree shears\",\"url\":\"https:\\\/\\\/jak.fi\\\/pl\\\/\",\"logo\":{\"@type\":\"ImageObject\",\"inLanguage\":\"pl-PL\",\"@id\":\"https:\\\/\\\/jak.fi\\\/pl\\\/#\\\/schema\\\/logo\\\/image\\\/\",\"url\":\"https:\\\/\\\/jak.fi\\\/wp-content\\\/uploads\\\/2024\\\/09\\\/JAK-logo-696x696-1.jpg\",\"contentUrl\":\"https:\\\/\\\/jak.fi\\\/wp-content\\\/uploads\\\/2024\\\/09\\\/JAK-logo-696x696-1.jpg\",\"width\":696,\"height\":696,\"caption\":\"JAK-Metalli Oy\"},\"image\":{\"@id\":\"https:\\\/\\\/jak.fi\\\/pl\\\/#\\\/schema\\\/logo\\\/image\\\/\"},\"sameAs\":[\"https:\\\/\\\/www.facebook.com\\\/jaktreeshears\",\"https:\\\/\\\/www.instagram.com\\\/jaktreeshears\\\/\",\"https:\\\/\\\/www.youtube.com\\\/channel\\\/UCAwvaVhBBkPie8MeAGbdY1w\"]}]}<\/script>\n<!-- \/ Yoast SEO plugin. -->","yoast_head_json":{"title":"Koszyk &#8211; JAK-Metalli Oy","robots":{"index":"index","follow":"follow","max-snippet":"max-snippet:-1","max-image-preview":"max-image-preview:large","max-video-preview":"max-video-preview:-1"},"canonical":"https:\/\/jak.fi\/pl\/koszyk\/","og_locale":"pl_PL","og_type":"article","og_title":"Koszyk &#8211; JAK-Metalli Oy","og_url":"https:\/\/jak.fi\/pl\/koszyk\/","og_site_name":"JAK-Metalli Oy","article_publisher":"https:\/\/www.facebook.com\/jaktreeshears","article_modified_time":"2025-06-05T10:02:10+00:00","og_image":[{"width":2000,"height":600,"url":"https:\/\/jak.fi\/wp-content\/uploads\/2024\/05\/jak-ylakuva-1-2000x600px-1.jpg","type":"image\/jpeg"}],"twitter_card":"summary_large_image","schema":{"@context":"https:\/\/schema.org","@graph":[{"@type":"WebPage","@id":"https:\/\/jak.fi\/pl\/koszyk\/","url":"https:\/\/jak.fi\/pl\/koszyk\/","name":"Koszyk &#8211; JAK-Metalli Oy","isPartOf":{"@id":"https:\/\/jak.fi\/pl\/#website"},"datePublished":"2024-05-23T07:25:51+00:00","dateModified":"2025-06-05T10:02:10+00:00","breadcrumb":{"@id":"https:\/\/jak.fi\/pl\/koszyk\/#breadcrumb"},"inLanguage":"pl-PL","potentialAction":[{"@type":"ReadAction","target":["https:\/\/jak.fi\/pl\/koszyk\/"]}]},{"@type":"BreadcrumbList","@id":"https:\/\/jak.fi\/pl\/koszyk\/#breadcrumb","itemListElement":[{"@type":"ListItem","position":1,"name":"Etusivu","item":"https:\/\/jak.fi\/pl\/"},{"@type":"ListItem","position":2,"name":"Koszyk"}]},{"@type":"WebSite","@id":"https:\/\/jak.fi\/pl\/#website","url":"https:\/\/jak.fi\/pl\/","name":"JAK-Metalli Oy","description":"","publisher":{"@id":"https:\/\/jak.fi\/pl\/#organization"},"alternateName":"JAK Tree shears","potentialAction":[{"@type":"SearchAction","target":{"@type":"EntryPoint","urlTemplate":"https:\/\/jak.fi\/pl\/?s={search_term_string}"},"query-input":{"@type":"PropertyValueSpecification","valueRequired":true,"valueName":"search_term_string"}}],"inLanguage":"pl-PL"},{"@type":"Organization","@id":"https:\/\/jak.fi\/pl\/#organization","name":"JAK-Metalli Oy","alternateName":"JAK Tree shears","url":"https:\/\/jak.fi\/pl\/","logo":{"@type":"ImageObject","inLanguage":"pl-PL","@id":"https:\/\/jak.fi\/pl\/#\/schema\/logo\/image\/","url":"https:\/\/jak.fi\/wp-content\/uploads\/2024\/09\/JAK-logo-696x696-1.jpg","contentUrl":"https:\/\/jak.fi\/wp-content\/uploads\/2024\/09\/JAK-logo-696x696-1.jpg","width":696,"height":696,"caption":"JAK-Metalli Oy"},"image":{"@id":"https:\/\/jak.fi\/pl\/#\/schema\/logo\/image\/"},"sameAs":["https:\/\/www.facebook.com\/jaktreeshears","https:\/\/www.instagram.com\/jaktreeshears\/","https:\/\/www.youtube.com\/channel\/UCAwvaVhBBkPie8MeAGbdY1w"]}]}},"_links":{"self":[{"href":"https:\/\/jak.fi\/pl\/wp-json\/wp\/v2\/pages\/10017","targetHints":{"allow":["GET"]}}],"collection":[{"href":"https:\/\/jak.fi\/pl\/wp-json\/wp\/v2\/pages"}],"about":[{"href":"https:\/\/jak.fi\/pl\/wp-json\/wp\/v2\/types\/page"}],"author":[{"embeddable":true,"href":"https:\/\/jak.fi\/pl\/wp-json\/wp\/v2\/users\/1"}],"replies":[{"embeddable":true,"href":"https:\/\/jak.fi\/pl\/wp-json\/wp\/v2\/comments?post=10017"}],"version-history":[{"count":2,"href":"https:\/\/jak.fi\/pl\/wp-json\/wp\/v2\/pages\/10017\/revisions"}],"predecessor-version":[{"id":10019,"href":"https:\/\/jak.fi\/pl\/wp-json\/wp\/v2\/pages\/10017\/revisions\/10019"}],"wp:attachment":[{"href":"https:\/\/jak.fi\/pl\/wp-json\/wp\/v2\/media?parent=10017"}],"curies":[{"name":"wp","href":"https:\/\/api.w.org\/{rel}","templated":true}]}}