{"id":9847,"date":"2024-05-21T06:14:16","date_gmt":"2024-05-21T03:14:16","guid":{"rendered":"https:\/\/jak.fi\/jak-energy-gripper-wybierz-najlepsza-glowice-biomasowa-na-rynku\/"},"modified":"2025-06-12T14:05:26","modified_gmt":"2025-06-12T11:05:26","slug":"jak-energy-gripper-wybierz-najlepsza-glowice-biomasowa-na-rynku","status":"publish","type":"page","link":"https:\/\/jak.fi\/pl\/","title":{"rendered":"JAK G\u0142owica biomasowa &#8211; Wybierz najlepsz\u0105 g\u0142owic\u0119 biomasow\u0105 na rynku"},"content":{"rendered":"\n<h2 class=\"wp-block-heading has-text-align-center\">Dlaczego warto wybra\u0107 JAK G\u0142owica biomasowa?<\/h2>\n\n\n\n<p class=\"has-text-align-center has-blue-color has-text-color has-link-color has-medium-font-size wp-elements-3addb582aa9390b8ec91f3e7ce7e334d\">JAK Energy Grapple oferuje wysokiej jako\u015bci i trwa\u0142e energetyczne g\u0142owice biomasowe odpowiednie do koparek, \u0142adowarek ko\u0142owych, \u0142adowarek teleskopowych, traktor\u00f3w i maszyn le\u015bnych. Te energetyczne chwytaki do drzewa zosta\u0142y zaprojektowane jako wydajne narz\u0119dzie do \u015bcinki, karczowania i innych prac zwi\u0105zanych z pozyskiwaniem drewna. W naszym asortymencie znajdziesz r\u00f3\u017cne rozmiary i modele dostosowane do r\u00f3\u017cnych rozmiar\u00f3w maszyn i zada\u0144. Posiadamy r\u00f3wnie\u017c pe\u0142n\u0105 gam\u0119 akcesori\u00f3w i niestandardowych rozwi\u0105za\u0144 specjalnych, kt\u00f3re sprawiaj\u0105, \u017ce pozyskiwanie drewna jest p\u0142ynniejsze i bardziej produktywne. Dowiedz si\u0119 wi\u0119cej i znajd\u017a odpowiedni\u0105 g\u0142owic\u0119 biomasow\u0105 do swoich potrzeb!    <\/p>\n\n\n\n<div style=\"height:100px\" aria-hidden=\"true\" class=\"wp-block-spacer\"><\/div>\n\n\n\n<div class=\"wp-block-columns is-layout-flex wp-container-core-columns-is-layout-9d6595d7 wp-block-columns-is-layout-flex\">\n<div class=\"wp-block-column is-layout-flow wp-block-column-is-layout-flow\">\n<div class=\"wp-block-columns is-layout-flex wp-container-core-columns-is-layout-9d6595d7 wp-block-columns-is-layout-flex\">\n<div class=\"wp-block-column is-layout-flow wp-block-column-is-layout-flow\"><div class=\"wp-block-image\">\n<figure class=\"aligncenter size-full\"><img loading=\"lazy\" decoding=\"async\" width=\"72\" height=\"72\" src=\"https:\/\/jak.fi\/wp-content\/uploads\/2024\/06\/luokkansa-nopein.png\" alt=\"Ikona pr\u0119dko\u015bciomierza odzwierciedlaj\u0105ca pr\u0119dko\u015b\u0107 g\u0142owicy biomasowej\" class=\"wp-image-858\"\/><\/figure>\n<\/div>\n\n\n<p class=\"has-text-align-center has-blue-color has-text-color has-link-color wp-elements-97d29cac50fac60c48bb118d89e284ea\"><strong>Zawsze najszybszy w swojej klasie.  <br><\/strong>eBoost\u00ae zwi\u0119ksza pr\u0119dko\u015b\u0107 g\u0142owicy biomasowej nawet o 100%.<\/p>\n<\/div>\n\n\n\n<div class=\"wp-block-column is-layout-flow wp-block-column-is-layout-flow\"><div class=\"wp-block-image\">\n<figure class=\"aligncenter size-full\"><img loading=\"lazy\" decoding=\"async\" width=\"70\" height=\"65\" src=\"https:\/\/jak.fi\/wp-content\/uploads\/2024\/06\/paras-takuu.png\" alt=\"Ikona gwarancji g\u0142owicy biomasowej z kartk\u0105 i d\u0142ugopisem.\" class=\"wp-image-860\"\/><\/figure>\n<\/div>\n\n\n<p class=\"has-text-align-center has-blue-color has-text-color has-link-color wp-elements-f994ffe4d76435829bd378940f846547\"><strong>Najlepsza gwarancja.  <br><\/strong>Przetestowane w rzeczywistych warunkach<\/p>\n<\/div>\n<\/div>\n<\/div>\n\n\n\n<div class=\"wp-block-column is-layout-flow wp-block-column-is-layout-flow\">\n<div class=\"wp-block-columns is-layout-flex wp-container-core-columns-is-layout-9d6595d7 wp-block-columns-is-layout-flex\">\n<div class=\"wp-block-column is-layout-flow wp-block-column-is-layout-flow\"><div class=\"wp-block-image\">\n<figure class=\"aligncenter size-full\"><img loading=\"lazy\" decoding=\"async\" width=\"66\" height=\"68\" src=\"https:\/\/jak.fi\/wp-content\/uploads\/2024\/06\/tehty-kestamaan.png\" alt=\"Dokument certyfikatu Ikona HIMB\" class=\"wp-image-864\"\/><\/figure>\n<\/div>\n\n\n<p class=\"has-text-align-center has-blue-color has-text-color has-link-color wp-elements-8adca3e464d930993c7472ef1c7d11f9\"><strong>Trwa\u0142o\u015b\u0107.  <br><\/strong>Wszystkie nasze g\u0142owice biomasowe posiadaj\u0105 certyfikat HIMB.<\/p>\n<\/div>\n\n\n\n<div class=\"wp-block-column is-layout-flow wp-block-column-is-layout-flow\"><div class=\"wp-block-image\">\n<figure class=\"aligncenter size-full\"><img loading=\"lazy\" decoding=\"async\" width=\"43\" height=\"75\" src=\"https:\/\/jak.fi\/wp-content\/uploads\/2024\/06\/suomalainen.png\" alt=\"Ikona mapy Finlandii odzwierciedlaj\u0105ca fakt, \u017ce nasze g\u0142owice biomasowe s\u0105 produkowane i projektowane w Finlandii.\" class=\"wp-image-862\"\/><\/figure>\n<\/div>\n\n\n<p class=\"has-text-align-center has-blue-color has-text-color has-link-color wp-elements-20b2bdee7cb7e7555d083b50743f079c\"><strong>Fi\u0144ski.  <br><\/strong>Zaprojektowany i wyprodukowany w Finlandii<\/p>\n<\/div>\n<\/div>\n<\/div>\n<\/div>\n\n\n\n<div class=\"wp-block-buttons is-content-justification-center is-layout-flex wp-container-core-buttons-is-layout-16018d1d wp-block-buttons-is-layout-flex\">\n<div class=\"wp-block-button is-style-fill\"><a class=\"wp-block-button__link has-white-color has-text-color has-link-color wp-element-button\" href=\"https:\/\/jak.fi\/pl\/glowica-biomasowa-jak\/\">Czytaj wi\u0119cej<\/a><\/div>\n<\/div>\n\n\n\n<p><\/p>\n","protected":false},"excerpt":{"rendered":"<p>Dlaczego warto wybra\u0107 JAK G\u0142owica biomasowa? JAK Energy Grapple oferuje wysokiej jako\u015bci i trwa\u0142e energetyczne g\u0142owice biomasowe odpowiednie do koparek, \u0142adowarek ko\u0142owych, \u0142adowarek teleskopowych, traktor\u00f3w i maszyn le\u015bnych. Te energetyczne chwytaki do drzewa zosta\u0142y zaprojektowane jako wydajne narz\u0119dzie do \u015bcinki, karczowania i innych prac zwi\u0105zanych z pozyskiwaniem drewna. W naszym asortymencie znajdziesz r\u00f3\u017cne rozmiary i [&hellip;]<\/p>\n","protected":false},"author":1,"featured_media":17148,"parent":0,"menu_order":194,"comment_status":"closed","ping_status":"open","template":"","meta":{"_acf_changed":false,"footnotes":""},"class_list":["post-9847","page","type-page","status-publish","has-post-thumbnail","hentry"],"acf":[],"yoast_head":"<!-- This site is optimized with the Yoast SEO plugin v27.3 - https:\/\/yoast.com\/product\/yoast-seo-wordpress\/ -->\n<title>JAK G\u0142owica biomasowa - Wybierz najlepsz\u0105 g\u0142owic\u0119 biomasow\u0105 na rynku &#8211; JAK-Metalli Oy<\/title>\n<meta name=\"description\" content=\"JAK Energy Grab - wydajna i trwa\u0142a g\u0142owica biomasowa do koparek, \u0142adowarek ko\u0142owych i \u0142adowarek teleskopowych. Wyprodukowany w Finlandii - najlepsza gwarancja.\" \/>\n<meta name=\"robots\" content=\"index, follow, max-snippet:-1, max-image-preview:large, max-video-preview:-1\" \/>\n<link rel=\"canonical\" href=\"https:\/\/jak.fi\/pl\/\" \/>\n<meta property=\"og:locale\" content=\"pl_PL\" \/>\n<meta property=\"og:type\" content=\"article\" \/>\n<meta property=\"og:title\" content=\"JAK G\u0142owica biomasowa - Wybierz najlepsz\u0105 g\u0142owic\u0119 biomasow\u0105 na rynku &#8211; JAK-Metalli Oy\" \/>\n<meta property=\"og:description\" content=\"JAK Energy Grab - wydajna i trwa\u0142a g\u0142owica biomasowa do koparek, \u0142adowarek ko\u0142owych i \u0142adowarek teleskopowych. Wyprodukowany w Finlandii - najlepsza gwarancja.\" \/>\n<meta property=\"og:url\" content=\"https:\/\/jak.fi\/pl\/\" \/>\n<meta property=\"og:site_name\" content=\"JAK-Metalli Oy\" \/>\n<meta property=\"article:publisher\" content=\"https:\/\/www.facebook.com\/jaktreeshears\" \/>\n<meta property=\"article:modified_time\" content=\"2025-06-12T11:05:26+00:00\" \/>\n<meta property=\"og:image\" content=\"https:\/\/jak.fi\/wp-content\/uploads\/2024\/06\/jak-ylakuva-2.jpg\" \/>\n\t<meta property=\"og:image:width\" content=\"2000\" \/>\n\t<meta property=\"og:image:height\" content=\"900\" \/>\n\t<meta property=\"og:image:type\" content=\"image\/jpeg\" \/>\n<meta name=\"twitter:card\" content=\"summary_large_image\" \/>\n<meta name=\"twitter:label1\" content=\"Szacowany czas czytania\" \/>\n\t<meta name=\"twitter:data1\" content=\"2 minuta\" \/>\n<script type=\"application\/ld+json\" class=\"yoast-schema-graph\">{\"@context\":\"https:\\\/\\\/schema.org\",\"@graph\":[{\"@type\":\"WebPage\",\"@id\":\"https:\\\/\\\/jak.fi\\\/pl\\\/\",\"url\":\"https:\\\/\\\/jak.fi\\\/pl\\\/\",\"name\":\"JAK G\u0142owica biomasowa - Wybierz najlepsz\u0105 g\u0142owic\u0119 biomasow\u0105 na rynku &#8211; JAK-Metalli Oy\",\"isPartOf\":{\"@id\":\"https:\\\/\\\/jak.fi\\\/pl\\\/#website\"},\"primaryImageOfPage\":{\"@id\":\"https:\\\/\\\/jak.fi\\\/pl\\\/#primaryimage\"},\"image\":{\"@id\":\"https:\\\/\\\/jak.fi\\\/pl\\\/#primaryimage\"},\"thumbnailUrl\":\"https:\\\/\\\/jak.fi\\\/wp-content\\\/uploads\\\/2026\\\/03\\\/jak-ylakuva-test-2.webp\",\"datePublished\":\"2024-05-21T03:14:16+00:00\",\"dateModified\":\"2025-06-12T11:05:26+00:00\",\"description\":\"JAK Energy Grab - wydajna i trwa\u0142a g\u0142owica biomasowa do koparek, \u0142adowarek ko\u0142owych i \u0142adowarek teleskopowych. Wyprodukowany w Finlandii - najlepsza gwarancja.\",\"breadcrumb\":{\"@id\":\"https:\\\/\\\/jak.fi\\\/pl\\\/#breadcrumb\"},\"inLanguage\":\"pl-PL\",\"potentialAction\":[{\"@type\":\"ReadAction\",\"target\":[\"https:\\\/\\\/jak.fi\\\/pl\\\/\"]}]},{\"@type\":\"ImageObject\",\"inLanguage\":\"pl-PL\",\"@id\":\"https:\\\/\\\/jak.fi\\\/pl\\\/#primaryimage\",\"url\":\"https:\\\/\\\/jak.fi\\\/wp-content\\\/uploads\\\/2026\\\/03\\\/jak-ylakuva-test-2.webp\",\"contentUrl\":\"https:\\\/\\\/jak.fi\\\/wp-content\\\/uploads\\\/2026\\\/03\\\/jak-ylakuva-test-2.webp\",\"width\":2000,\"height\":900},{\"@type\":\"BreadcrumbList\",\"@id\":\"https:\\\/\\\/jak.fi\\\/pl\\\/#breadcrumb\",\"itemListElement\":[{\"@type\":\"ListItem\",\"position\":1,\"name\":\"Etusivu\",\"item\":\"https:\\\/\\\/jak.fi\\\/pl\\\/\"},{\"@type\":\"ListItem\",\"position\":2,\"name\":\"JAK G\u0142owica biomasowa &#8211; Wybierz najlepsz\u0105 g\u0142owic\u0119 biomasow\u0105 na rynku\"}]},{\"@type\":\"WebSite\",\"@id\":\"https:\\\/\\\/jak.fi\\\/pl\\\/#website\",\"url\":\"https:\\\/\\\/jak.fi\\\/pl\\\/\",\"name\":\"JAK-Metalli Oy\",\"description\":\"\",\"publisher\":{\"@id\":\"https:\\\/\\\/jak.fi\\\/pl\\\/#organization\"},\"alternateName\":\"JAK Tree shears\",\"potentialAction\":[{\"@type\":\"SearchAction\",\"target\":{\"@type\":\"EntryPoint\",\"urlTemplate\":\"https:\\\/\\\/jak.fi\\\/pl\\\/?s={search_term_string}\"},\"query-input\":{\"@type\":\"PropertyValueSpecification\",\"valueRequired\":true,\"valueName\":\"search_term_string\"}}],\"inLanguage\":\"pl-PL\"},{\"@type\":\"Organization\",\"@id\":\"https:\\\/\\\/jak.fi\\\/pl\\\/#organization\",\"name\":\"JAK-Metalli Oy\",\"alternateName\":\"JAK Tree shears\",\"url\":\"https:\\\/\\\/jak.fi\\\/pl\\\/\",\"logo\":{\"@type\":\"ImageObject\",\"inLanguage\":\"pl-PL\",\"@id\":\"https:\\\/\\\/jak.fi\\\/pl\\\/#\\\/schema\\\/logo\\\/image\\\/\",\"url\":\"https:\\\/\\\/jak.fi\\\/wp-content\\\/uploads\\\/2024\\\/09\\\/JAK-logo-696x696-1.jpg\",\"contentUrl\":\"https:\\\/\\\/jak.fi\\\/wp-content\\\/uploads\\\/2024\\\/09\\\/JAK-logo-696x696-1.jpg\",\"width\":696,\"height\":696,\"caption\":\"JAK-Metalli Oy\"},\"image\":{\"@id\":\"https:\\\/\\\/jak.fi\\\/pl\\\/#\\\/schema\\\/logo\\\/image\\\/\"},\"sameAs\":[\"https:\\\/\\\/www.facebook.com\\\/jaktreeshears\",\"https:\\\/\\\/www.instagram.com\\\/jaktreeshears\\\/\",\"https:\\\/\\\/www.youtube.com\\\/channel\\\/UCAwvaVhBBkPie8MeAGbdY1w\"]}]}<\/script>\n<!-- \/ Yoast SEO plugin. -->","yoast_head_json":{"title":"JAK G\u0142owica biomasowa - Wybierz najlepsz\u0105 g\u0142owic\u0119 biomasow\u0105 na rynku &#8211; JAK-Metalli Oy","description":"JAK Energy Grab - wydajna i trwa\u0142a g\u0142owica biomasowa do koparek, \u0142adowarek ko\u0142owych i \u0142adowarek teleskopowych. Wyprodukowany w Finlandii - najlepsza gwarancja.","robots":{"index":"index","follow":"follow","max-snippet":"max-snippet:-1","max-image-preview":"max-image-preview:large","max-video-preview":"max-video-preview:-1"},"canonical":"https:\/\/jak.fi\/pl\/","og_locale":"pl_PL","og_type":"article","og_title":"JAK G\u0142owica biomasowa - Wybierz najlepsz\u0105 g\u0142owic\u0119 biomasow\u0105 na rynku &#8211; JAK-Metalli Oy","og_description":"JAK Energy Grab - wydajna i trwa\u0142a g\u0142owica biomasowa do koparek, \u0142adowarek ko\u0142owych i \u0142adowarek teleskopowych. Wyprodukowany w Finlandii - najlepsza gwarancja.","og_url":"https:\/\/jak.fi\/pl\/","og_site_name":"JAK-Metalli Oy","article_publisher":"https:\/\/www.facebook.com\/jaktreeshears","article_modified_time":"2025-06-12T11:05:26+00:00","og_image":[{"width":2000,"height":900,"url":"https:\/\/jak.fi\/wp-content\/uploads\/2024\/06\/jak-ylakuva-2.jpg","type":"image\/jpeg"}],"twitter_card":"summary_large_image","twitter_misc":{"Szacowany czas czytania":"2 minuta"},"schema":{"@context":"https:\/\/schema.org","@graph":[{"@type":"WebPage","@id":"https:\/\/jak.fi\/pl\/","url":"https:\/\/jak.fi\/pl\/","name":"JAK G\u0142owica biomasowa - Wybierz najlepsz\u0105 g\u0142owic\u0119 biomasow\u0105 na rynku &#8211; JAK-Metalli Oy","isPartOf":{"@id":"https:\/\/jak.fi\/pl\/#website"},"primaryImageOfPage":{"@id":"https:\/\/jak.fi\/pl\/#primaryimage"},"image":{"@id":"https:\/\/jak.fi\/pl\/#primaryimage"},"thumbnailUrl":"https:\/\/jak.fi\/wp-content\/uploads\/2026\/03\/jak-ylakuva-test-2.webp","datePublished":"2024-05-21T03:14:16+00:00","dateModified":"2025-06-12T11:05:26+00:00","description":"JAK Energy Grab - wydajna i trwa\u0142a g\u0142owica biomasowa do koparek, \u0142adowarek ko\u0142owych i \u0142adowarek teleskopowych. Wyprodukowany w Finlandii - najlepsza gwarancja.","breadcrumb":{"@id":"https:\/\/jak.fi\/pl\/#breadcrumb"},"inLanguage":"pl-PL","potentialAction":[{"@type":"ReadAction","target":["https:\/\/jak.fi\/pl\/"]}]},{"@type":"ImageObject","inLanguage":"pl-PL","@id":"https:\/\/jak.fi\/pl\/#primaryimage","url":"https:\/\/jak.fi\/wp-content\/uploads\/2026\/03\/jak-ylakuva-test-2.webp","contentUrl":"https:\/\/jak.fi\/wp-content\/uploads\/2026\/03\/jak-ylakuva-test-2.webp","width":2000,"height":900},{"@type":"BreadcrumbList","@id":"https:\/\/jak.fi\/pl\/#breadcrumb","itemListElement":[{"@type":"ListItem","position":1,"name":"Etusivu","item":"https:\/\/jak.fi\/pl\/"},{"@type":"ListItem","position":2,"name":"JAK G\u0142owica biomasowa &#8211; Wybierz najlepsz\u0105 g\u0142owic\u0119 biomasow\u0105 na rynku"}]},{"@type":"WebSite","@id":"https:\/\/jak.fi\/pl\/#website","url":"https:\/\/jak.fi\/pl\/","name":"JAK-Metalli Oy","description":"","publisher":{"@id":"https:\/\/jak.fi\/pl\/#organization"},"alternateName":"JAK Tree shears","potentialAction":[{"@type":"SearchAction","target":{"@type":"EntryPoint","urlTemplate":"https:\/\/jak.fi\/pl\/?s={search_term_string}"},"query-input":{"@type":"PropertyValueSpecification","valueRequired":true,"valueName":"search_term_string"}}],"inLanguage":"pl-PL"},{"@type":"Organization","@id":"https:\/\/jak.fi\/pl\/#organization","name":"JAK-Metalli Oy","alternateName":"JAK Tree shears","url":"https:\/\/jak.fi\/pl\/","logo":{"@type":"ImageObject","inLanguage":"pl-PL","@id":"https:\/\/jak.fi\/pl\/#\/schema\/logo\/image\/","url":"https:\/\/jak.fi\/wp-content\/uploads\/2024\/09\/JAK-logo-696x696-1.jpg","contentUrl":"https:\/\/jak.fi\/wp-content\/uploads\/2024\/09\/JAK-logo-696x696-1.jpg","width":696,"height":696,"caption":"JAK-Metalli Oy"},"image":{"@id":"https:\/\/jak.fi\/pl\/#\/schema\/logo\/image\/"},"sameAs":["https:\/\/www.facebook.com\/jaktreeshears","https:\/\/www.instagram.com\/jaktreeshears\/","https:\/\/www.youtube.com\/channel\/UCAwvaVhBBkPie8MeAGbdY1w"]}]}},"_links":{"self":[{"href":"https:\/\/jak.fi\/pl\/wp-json\/wp\/v2\/pages\/9847","targetHints":{"allow":["GET"]}}],"collection":[{"href":"https:\/\/jak.fi\/pl\/wp-json\/wp\/v2\/pages"}],"about":[{"href":"https:\/\/jak.fi\/pl\/wp-json\/wp\/v2\/types\/page"}],"author":[{"embeddable":true,"href":"https:\/\/jak.fi\/pl\/wp-json\/wp\/v2\/users\/1"}],"replies":[{"embeddable":true,"href":"https:\/\/jak.fi\/pl\/wp-json\/wp\/v2\/comments?post=9847"}],"version-history":[{"count":11,"href":"https:\/\/jak.fi\/pl\/wp-json\/wp\/v2\/pages\/9847\/revisions"}],"predecessor-version":[{"id":10477,"href":"https:\/\/jak.fi\/pl\/wp-json\/wp\/v2\/pages\/9847\/revisions\/10477"}],"wp:featuredmedia":[{"embeddable":true,"href":"https:\/\/jak.fi\/pl\/wp-json\/wp\/v2\/media\/17148"}],"wp:attachment":[{"href":"https:\/\/jak.fi\/pl\/wp-json\/wp\/v2\/media?parent=9847"}],"curies":[{"name":"wp","href":"https:\/\/api.w.org\/{rel}","templated":true}]}}