{"id":9858,"date":"2024-05-21T15:31:48","date_gmt":"2024-05-21T12:31:48","guid":{"rendered":"https:\/\/jak.fi\/informacje-rozliczeniowe\/"},"modified":"2025-06-05T13:01:50","modified_gmt":"2025-06-05T10:01:50","slug":"informacje-rozliczeniowe","status":"publish","type":"page","link":"https:\/\/jak.fi\/pl\/firma\/informacje-rozliczeniowe\/","title":{"rendered":"Informacje rozliczeniowe"},"content":{"rendered":"\n<div style=\"height:50px\" aria-hidden=\"true\" class=\"wp-block-spacer\"><\/div>\n\n<h2 class=\"wp-block-heading has-text-align-left\">Nasz adres rozliczeniowy<\/h2>\n\n<p class=\"has-red-color has-text-color has-link-color wp-elements-847552c900e8cf7df8455bbef144eeb1\">Dobry partner,<\/p>\n\n<p>Przeszli\u015bmy na elektroniczne przetwarzanie faktur zakupu i e-fakturowanie, aby zwi\u0119kszy\u0107 efektywno\u015b\u0107 naszych dzia\u0142a\u0144. Naszym operatorem e-faktur jest Maventa. Nasze dane e-fakturowania to:  <\/p>\n\n<h3 class=\"wp-block-heading\">Informacje o naszej firmie:<\/h3>\n\n<figure class=\"wp-block-table\"><table><tbody><tr><td><strong>Nazwa<\/strong><\/td><td><strong>Identyfikator firmy<\/strong><\/td><td><strong>Adres internetowy<\/strong><\/td><\/tr><tr><td>  JAK-Metalli Oy<\/td><td>2467108-7<\/td><td>003724671087<\/td><\/tr><\/tbody><\/table><\/figure>\n\n<h3 class=\"wp-block-heading\">Informacje o brokerze<\/h3>\n\n<figure class=\"wp-block-table\"><table><tbody><tr><td><strong>Opcje brokerskie<\/strong><\/td><td><strong>Identyfikator brokera<\/strong><\/td><\/tr><tr><td>Je\u015bli po\u015brednikiem e-faktury jest operator, np. Itella, Basware itp., identyfikator po\u015brednika to  <\/td><td>003721291126<\/td><\/tr><tr><td>Je\u015bli brokerem e-faktury jest bank, np. Nordea, Osuuspankki itp., identyfikator brokera to  <\/td><td>DABAFIHH<\/td><\/tr><\/tbody><\/table><\/figure>\n\n<p><strong>Uwaga!  <\/strong>Nale\u017cy uwa\u017ca\u0107 na kod przewo\u017anika, aby faktury dotar\u0142y bez \u017cadnych problem\u00f3w.<\/p>\n\n<p>Do e-faktur mo\u017cemy r\u00f3wnie\u017c do\u0142\u0105czy\u0107 plik graficzny faktury i inne za\u0142\u0105czniki w formacie PDF.<\/p>\n\n<p>Je\u015bli nie mo\u017cesz wysy\u0142a\u0107 faktur online, prze\u015blij faktury zakupu bezpo\u015brednio do us\u0142ugi skanowania na papierze lub poczt\u0105 elektroniczn\u0105, post\u0119puj\u0105c zgodnie z poni\u017cszymi instrukcjami.<\/p>\n\n<h2 class=\"wp-block-heading\">Adres rozliczeniowy i instrukcje dotycz\u0105ce faktur papierowych<\/h2>\n\n<div class=\"wp-block-columns is-layout-flex wp-container-core-columns-is-layout-9d6595d7 wp-block-columns-is-layout-flex\">\n<div class=\"wp-block-column is-layout-flow wp-block-column-is-layout-flow\">\n<p>Uwaga! Numer seryjny pod nazw\u0105 firmy to nazwa firmy, kt\u00f3ra ma zosta\u0107 zafakturowana, bez my\u015blnika. <\/p>\n<\/div>\n\n\n\n<div class=\"wp-block-column is-layout-flow wp-block-column-is-layout-flow\">\n<p>JAK-Metalli OY<br\/>24671087<br\/>PL 100<br\/>80020 Collector Scan<\/p>\n<\/div>\n<\/div>\n\n<p><strong>Wa\u017cne uwagi dotycz\u0105ce wysy\u0142ania faktur papierowych do us\u0142ugi skanowania:<\/strong><\/p>\n\n<ul class=\"wp-block-list\">\n<li>Bardzo wa\u017cne jest, aby w kopercie znajdowa\u0142a si\u0119 wy\u0142\u0105cznie faktura wraz z za\u0142\u0105cznikami. Je\u015bli w kopercie znajd\u0105 si\u0119 materia\u0142y inne ni\u017c faktura, dostarczymy je odbiorcy poczt\u0105 elektroniczn\u0105 lub tradycyjn\u0105 i wystawimy faktur\u0119 zgodnie z aktualnym cennikiem. <\/li>\n\n\n\n<li>W us\u0142udze skanowania nie nale\u017cy umieszcza\u0107 przypomnie\u0144 o p\u0142atno\u015bciach ani list\u00f3w windykacyjnych, poniewa\u017c nie s\u0105 one fakturami. Wystawimy odbiorcy faktur\u0119 za przesy\u0142k\u0119 zgodnie z aktualnym cennikiem <\/li>\n\n\n\n<li>Informacje o numerze seryjnym musz\u0105 r\u00f3wnie\u017c znajdowa\u0107 si\u0119 na fakturze papierowej w polu adresu rozliczeniowego pod firm\u0105, a nie tylko na kopercie. Za dodanie numeru seryjnego obci\u0105\u017camy odbiorc\u0119 zgodnie z aktualnym cennikiem. <\/li>\n\n\n\n<li>W przypadku faktur PDF numer seryjny nie musi znajdowa\u0107 si\u0119 w polu adresu, poniewa\u017c firma odbiorcy jest identyfikowana na podstawie adresu e-mail<\/li>\n\n\n\n<li>Wielostronicowe faktury nie mog\u0105 by\u0107 dzielone na kilka kopert.<\/li>\n\n\n\n<li>Faktury s\u0105 drukowane na wysokiej jako\u015bci drukarce<\/li>\n\n\n\n<li>Strony faktury nie mog\u0105 by\u0107 w \u017caden spos\u00f3b po\u0142\u0105czone (za pomoc\u0105 zszywacza itp.).<\/li>\n\n\n\n<li>Faktura musi zawiera\u0107 \u0142\u0105czn\u0105 kwot\u0119<\/li>\n<\/ul>\n\n<h2 class=\"wp-block-heading\">Odbiorca faktury w wiadomo\u015bci e-mail i instrukcje<\/h2>\n\n<p>Adres odbiorcy wiadomo\u015bci e-mail jest podany poni\u017cej. Faktura zostanie przekierowana na w\u0142a\u015bciwe konto wed\u0142ug numeru seryjnego. <br\/><a href=\"mailto:invoice-24671087@kollektor.fi\">invoice-24671087@kollektor.fi<\/a><\/p>\n\n<p><strong>Wa\u017cne uwagi dotycz\u0105ce wysy\u0142ania faktur e-mail do us\u0142ugi skanowania:<\/strong><\/p>\n\n<ul class=\"wp-block-list\">\n<li>Faktury s\u0105 wysy\u0142ane jako za\u0142\u0105czniki do wiadomo\u015bci e-mail w formacie PDF.<\/li>\n\n\n\n<li>Jedna faktura w pliku, zawieraj\u0105ca wszystkie strony i inne za\u0142\u0105czniki do faktury<\/li>\n\n\n\n<li>Jedna wiadomo\u015b\u0107 e-mail mo\u017ce mie\u0107 maksymalnie 10 MB.<\/li>\n\n\n\n<li>Pliki PDF musz\u0105 by\u0107 oryginalnymi dokumentami PDF w wersji 1.3 lub wy\u017cszej.<\/li>\n\n\n\n<li>Pliki PDF nie mog\u0105 by\u0107 zablokowane ani chronione has\u0142em<\/li>\n\n\n\n<li>Maksymalny rozmiar dokumentu to 210 x 297 mm, czyli A4.<\/li>\n\n\n\n<li>Nazwa pliku nie mo\u017ce zawiera\u0107 wi\u0119cej ni\u017c zwyk\u0142e znaki, a-z, A-Z, 0-9<\/li>\n<\/ul>\n\n<h2 class=\"wp-block-heading\">Informacje w razie potrzeby:<\/h2>\n\n<p>Tiina Salin<br\/>+358400804658<br\/><a href=\"mailto:tiina.salin@jak.fi\">tiina.salin@jak.fi<\/a><\/p>\n","protected":false},"excerpt":{"rendered":"<p>Nasz adres rozliczeniowy Dobry partner, Przeszli\u015bmy na elektroniczne przetwarzanie faktur zakupu i e-fakturowanie, aby zwi\u0119kszy\u0107 efektywno\u015b\u0107 naszych dzia\u0142a\u0144. Naszym operatorem e-faktur jest Maventa. Nasze dane e-fakturowania to: Informacje o naszej firmie: Nazwa Identyfikator firmy Adres internetowy JAK-Metalli Oy 2467108-7 003724671087 Informacje o brokerze Opcje brokerskie Identyfikator brokera Je\u015bli po\u015brednikiem e-faktury jest operator, np. Itella, Basware [&hellip;]<\/p>\n","protected":false},"author":1,"featured_media":0,"parent":9864,"menu_order":144,"comment_status":"closed","ping_status":"closed","template":"page-narrow.php","meta":{"_acf_changed":false,"footnotes":""},"class_list":["post-9858","page","type-page","status-publish","hentry"],"acf":[],"yoast_head":"<!-- This site is optimized with the Yoast SEO plugin v27.3 - https:\/\/yoast.com\/product\/yoast-seo-wordpress\/ -->\n<title>Informacje rozliczeniowe &#8211; JAK-Metalli Oy<\/title>\n<meta name=\"description\" content=\"Aktualne informacje na temat fakturowania produkt\u00f3w JAK oraz instrukcje dotycz\u0105ce fakturowania elektronicznego i e-fakturowania - dowiedz si\u0119 wi\u0119cej.\" \/>\n<meta name=\"robots\" content=\"index, follow, max-snippet:-1, max-image-preview:large, max-video-preview:-1\" \/>\n<link rel=\"canonical\" href=\"https:\/\/jak.fi\/pl\/firma\/informacje-rozliczeniowe\/\" \/>\n<meta property=\"og:locale\" content=\"pl_PL\" \/>\n<meta property=\"og:type\" content=\"article\" \/>\n<meta property=\"og:title\" content=\"Informacje rozliczeniowe &#8211; JAK-Metalli Oy\" \/>\n<meta property=\"og:description\" content=\"Aktualne informacje na temat fakturowania produkt\u00f3w JAK oraz instrukcje dotycz\u0105ce fakturowania elektronicznego i e-fakturowania - dowiedz si\u0119 wi\u0119cej.\" \/>\n<meta property=\"og:url\" content=\"https:\/\/jak.fi\/pl\/firma\/informacje-rozliczeniowe\/\" \/>\n<meta property=\"og:site_name\" content=\"JAK-Metalli Oy\" \/>\n<meta property=\"article:publisher\" content=\"https:\/\/www.facebook.com\/jaktreeshears\" \/>\n<meta property=\"article:modified_time\" content=\"2025-06-05T10:01:50+00:00\" \/>\n<meta property=\"og:image\" content=\"https:\/\/jak.fi\/wp-content\/uploads\/2024\/05\/jak-ylakuva-1-2000x600px-1.jpg\" \/>\n\t<meta property=\"og:image:width\" content=\"2000\" \/>\n\t<meta property=\"og:image:height\" content=\"600\" \/>\n\t<meta property=\"og:image:type\" content=\"image\/jpeg\" \/>\n<meta name=\"twitter:card\" content=\"summary_large_image\" \/>\n<meta name=\"twitter:label1\" content=\"Szacowany czas czytania\" \/>\n\t<meta name=\"twitter:data1\" content=\"2 minuta\" \/>\n<script type=\"application\/ld+json\" class=\"yoast-schema-graph\">{\"@context\":\"https:\\\/\\\/schema.org\",\"@graph\":[{\"@type\":\"WebPage\",\"@id\":\"https:\\\/\\\/jak.fi\\\/pl\\\/firma\\\/informacje-rozliczeniowe\\\/\",\"url\":\"https:\\\/\\\/jak.fi\\\/pl\\\/firma\\\/informacje-rozliczeniowe\\\/\",\"name\":\"Informacje rozliczeniowe &#8211; JAK-Metalli Oy\",\"isPartOf\":{\"@id\":\"https:\\\/\\\/jak.fi\\\/pl\\\/#website\"},\"datePublished\":\"2024-05-21T12:31:48+00:00\",\"dateModified\":\"2025-06-05T10:01:50+00:00\",\"description\":\"Aktualne informacje na temat fakturowania produkt\u00f3w JAK oraz instrukcje dotycz\u0105ce fakturowania elektronicznego i e-fakturowania - dowiedz si\u0119 wi\u0119cej.\",\"breadcrumb\":{\"@id\":\"https:\\\/\\\/jak.fi\\\/pl\\\/firma\\\/informacje-rozliczeniowe\\\/#breadcrumb\"},\"inLanguage\":\"pl-PL\",\"potentialAction\":[{\"@type\":\"ReadAction\",\"target\":[\"https:\\\/\\\/jak.fi\\\/pl\\\/firma\\\/informacje-rozliczeniowe\\\/\"]}]},{\"@type\":\"BreadcrumbList\",\"@id\":\"https:\\\/\\\/jak.fi\\\/pl\\\/firma\\\/informacje-rozliczeniowe\\\/#breadcrumb\",\"itemListElement\":[{\"@type\":\"ListItem\",\"position\":1,\"name\":\"Etusivu\",\"item\":\"https:\\\/\\\/jak.fi\\\/pl\\\/\"},{\"@type\":\"ListItem\",\"position\":2,\"name\":\"Firma\",\"item\":\"https:\\\/\\\/jak.fi\\\/pl\\\/?page_id=9864\"},{\"@type\":\"ListItem\",\"position\":3,\"name\":\"Informacje rozliczeniowe\"}]},{\"@type\":\"WebSite\",\"@id\":\"https:\\\/\\\/jak.fi\\\/pl\\\/#website\",\"url\":\"https:\\\/\\\/jak.fi\\\/pl\\\/\",\"name\":\"JAK-Metalli Oy\",\"description\":\"\",\"publisher\":{\"@id\":\"https:\\\/\\\/jak.fi\\\/pl\\\/#organization\"},\"alternateName\":\"JAK Tree shears\",\"potentialAction\":[{\"@type\":\"SearchAction\",\"target\":{\"@type\":\"EntryPoint\",\"urlTemplate\":\"https:\\\/\\\/jak.fi\\\/pl\\\/?s={search_term_string}\"},\"query-input\":{\"@type\":\"PropertyValueSpecification\",\"valueRequired\":true,\"valueName\":\"search_term_string\"}}],\"inLanguage\":\"pl-PL\"},{\"@type\":\"Organization\",\"@id\":\"https:\\\/\\\/jak.fi\\\/pl\\\/#organization\",\"name\":\"JAK-Metalli Oy\",\"alternateName\":\"JAK Tree shears\",\"url\":\"https:\\\/\\\/jak.fi\\\/pl\\\/\",\"logo\":{\"@type\":\"ImageObject\",\"inLanguage\":\"pl-PL\",\"@id\":\"https:\\\/\\\/jak.fi\\\/pl\\\/#\\\/schema\\\/logo\\\/image\\\/\",\"url\":\"https:\\\/\\\/jak.fi\\\/wp-content\\\/uploads\\\/2024\\\/09\\\/JAK-logo-696x696-1.jpg\",\"contentUrl\":\"https:\\\/\\\/jak.fi\\\/wp-content\\\/uploads\\\/2024\\\/09\\\/JAK-logo-696x696-1.jpg\",\"width\":696,\"height\":696,\"caption\":\"JAK-Metalli Oy\"},\"image\":{\"@id\":\"https:\\\/\\\/jak.fi\\\/pl\\\/#\\\/schema\\\/logo\\\/image\\\/\"},\"sameAs\":[\"https:\\\/\\\/www.facebook.com\\\/jaktreeshears\",\"https:\\\/\\\/www.instagram.com\\\/jaktreeshears\\\/\",\"https:\\\/\\\/www.youtube.com\\\/channel\\\/UCAwvaVhBBkPie8MeAGbdY1w\"]}]}<\/script>\n<!-- \/ Yoast SEO plugin. -->","yoast_head_json":{"title":"Informacje rozliczeniowe &#8211; JAK-Metalli Oy","description":"Aktualne informacje na temat fakturowania produkt\u00f3w JAK oraz instrukcje dotycz\u0105ce fakturowania elektronicznego i e-fakturowania - dowiedz si\u0119 wi\u0119cej.","robots":{"index":"index","follow":"follow","max-snippet":"max-snippet:-1","max-image-preview":"max-image-preview:large","max-video-preview":"max-video-preview:-1"},"canonical":"https:\/\/jak.fi\/pl\/firma\/informacje-rozliczeniowe\/","og_locale":"pl_PL","og_type":"article","og_title":"Informacje rozliczeniowe &#8211; JAK-Metalli Oy","og_description":"Aktualne informacje na temat fakturowania produkt\u00f3w JAK oraz instrukcje dotycz\u0105ce fakturowania elektronicznego i e-fakturowania - dowiedz si\u0119 wi\u0119cej.","og_url":"https:\/\/jak.fi\/pl\/firma\/informacje-rozliczeniowe\/","og_site_name":"JAK-Metalli Oy","article_publisher":"https:\/\/www.facebook.com\/jaktreeshears","article_modified_time":"2025-06-05T10:01:50+00:00","og_image":[{"width":2000,"height":600,"url":"https:\/\/jak.fi\/wp-content\/uploads\/2024\/05\/jak-ylakuva-1-2000x600px-1.jpg","type":"image\/jpeg"}],"twitter_card":"summary_large_image","twitter_misc":{"Szacowany czas czytania":"2 minuta"},"schema":{"@context":"https:\/\/schema.org","@graph":[{"@type":"WebPage","@id":"https:\/\/jak.fi\/pl\/firma\/informacje-rozliczeniowe\/","url":"https:\/\/jak.fi\/pl\/firma\/informacje-rozliczeniowe\/","name":"Informacje rozliczeniowe &#8211; JAK-Metalli Oy","isPartOf":{"@id":"https:\/\/jak.fi\/pl\/#website"},"datePublished":"2024-05-21T12:31:48+00:00","dateModified":"2025-06-05T10:01:50+00:00","description":"Aktualne informacje na temat fakturowania produkt\u00f3w JAK oraz instrukcje dotycz\u0105ce fakturowania elektronicznego i e-fakturowania - dowiedz si\u0119 wi\u0119cej.","breadcrumb":{"@id":"https:\/\/jak.fi\/pl\/firma\/informacje-rozliczeniowe\/#breadcrumb"},"inLanguage":"pl-PL","potentialAction":[{"@type":"ReadAction","target":["https:\/\/jak.fi\/pl\/firma\/informacje-rozliczeniowe\/"]}]},{"@type":"BreadcrumbList","@id":"https:\/\/jak.fi\/pl\/firma\/informacje-rozliczeniowe\/#breadcrumb","itemListElement":[{"@type":"ListItem","position":1,"name":"Etusivu","item":"https:\/\/jak.fi\/pl\/"},{"@type":"ListItem","position":2,"name":"Firma","item":"https:\/\/jak.fi\/pl\/?page_id=9864"},{"@type":"ListItem","position":3,"name":"Informacje rozliczeniowe"}]},{"@type":"WebSite","@id":"https:\/\/jak.fi\/pl\/#website","url":"https:\/\/jak.fi\/pl\/","name":"JAK-Metalli Oy","description":"","publisher":{"@id":"https:\/\/jak.fi\/pl\/#organization"},"alternateName":"JAK Tree shears","potentialAction":[{"@type":"SearchAction","target":{"@type":"EntryPoint","urlTemplate":"https:\/\/jak.fi\/pl\/?s={search_term_string}"},"query-input":{"@type":"PropertyValueSpecification","valueRequired":true,"valueName":"search_term_string"}}],"inLanguage":"pl-PL"},{"@type":"Organization","@id":"https:\/\/jak.fi\/pl\/#organization","name":"JAK-Metalli Oy","alternateName":"JAK Tree shears","url":"https:\/\/jak.fi\/pl\/","logo":{"@type":"ImageObject","inLanguage":"pl-PL","@id":"https:\/\/jak.fi\/pl\/#\/schema\/logo\/image\/","url":"https:\/\/jak.fi\/wp-content\/uploads\/2024\/09\/JAK-logo-696x696-1.jpg","contentUrl":"https:\/\/jak.fi\/wp-content\/uploads\/2024\/09\/JAK-logo-696x696-1.jpg","width":696,"height":696,"caption":"JAK-Metalli Oy"},"image":{"@id":"https:\/\/jak.fi\/pl\/#\/schema\/logo\/image\/"},"sameAs":["https:\/\/www.facebook.com\/jaktreeshears","https:\/\/www.instagram.com\/jaktreeshears\/","https:\/\/www.youtube.com\/channel\/UCAwvaVhBBkPie8MeAGbdY1w"]}]}},"_links":{"self":[{"href":"https:\/\/jak.fi\/pl\/wp-json\/wp\/v2\/pages\/9858","targetHints":{"allow":["GET"]}}],"collection":[{"href":"https:\/\/jak.fi\/pl\/wp-json\/wp\/v2\/pages"}],"about":[{"href":"https:\/\/jak.fi\/pl\/wp-json\/wp\/v2\/types\/page"}],"author":[{"embeddable":true,"href":"https:\/\/jak.fi\/pl\/wp-json\/wp\/v2\/users\/1"}],"replies":[{"embeddable":true,"href":"https:\/\/jak.fi\/pl\/wp-json\/wp\/v2\/comments?post=9858"}],"version-history":[{"count":2,"href":"https:\/\/jak.fi\/pl\/wp-json\/wp\/v2\/pages\/9858\/revisions"}],"predecessor-version":[{"id":9862,"href":"https:\/\/jak.fi\/pl\/wp-json\/wp\/v2\/pages\/9858\/revisions\/9862"}],"up":[{"embeddable":true,"href":"https:\/\/jak.fi\/pl\/wp-json\/wp\/v2\/pages\/9864"}],"wp:attachment":[{"href":"https:\/\/jak.fi\/pl\/wp-json\/wp\/v2\/media?parent=9858"}],"curies":[{"name":"wp","href":"https:\/\/api.w.org\/{rel}","templated":true}]}}