{"id":9868,"date":"2024-05-21T15:31:08","date_gmt":"2024-05-21T12:31:08","guid":{"rendered":"https:\/\/jak.fi\/faq\/"},"modified":"2025-06-05T13:01:49","modified_gmt":"2025-06-05T10:01:49","slug":"faq","status":"publish","type":"page","link":"https:\/\/jak.fi\/pl\/faq\/","title":{"rendered":"FAQ"},"content":{"rendered":"\n<h2 class=\"wp-block-heading has-text-align-center\">Odpowiedzi na najcz\u0119\u015bciej zadawane pytania<\/h2>\n\n<div style=\"height:100px\" aria-hidden=\"true\" class=\"wp-block-spacer\"><\/div>\n\n<p class=\"has-red-color has-text-color has-link-color wp-elements-780da9a6bf64c5a0986598c2c65ac6ff\"><strong>Czy g\u0142owica biomasowa dzia\u0142a przez rotator?<\/strong><\/p>\n\n<p>Dzia\u0142a. Dzi\u0119ki wyposa\u017ceniu g\u0142owicy biomasowej w uk\u0142ad hydrauliczny eBoost i si\u0142ownik LP, dzia\u0142a ona szybko i wydajnie. <\/p>\n\n<p><\/p>\n\n<p class=\"has-red-color has-text-color has-link-color wp-elements-989068bf61bb48e87f6c6f8300cb7ded\"><strong>Czego wymaga kolektor od maszyny podstawowej do pracy?<\/strong><\/p>\n\n<p>Wystarczy jeden uk\u0142ad hydrauliczny dwustronnego dzia\u0142ania. W zale\u017cno\u015bci od mo\u017cliwo\u015bci maszyny podstawowej, zawsze rozwa\u017cana jest najlepsza opcja implementacji sprz\u0119g\u0142a. <\/p>\n\n<p><\/p>\n\n<p class=\"has-red-color has-text-color has-link-color wp-elements-a54877e3c6a111886d34704b97ebe3ec\"><strong>Ile drewna mo\u017cna zebra\u0107 w kolektorze?<\/strong><\/p>\n\n<p>Przez \u015brednic\u0119 ostrza tn\u0105cego. Tak wi\u0119c, na przyk\u0142ad, w kolektorze JAK-300 mo\u017cna zebra\u0107 300 mm drewna od ko\u0144ca korzenia. <\/p>\n\n<p><\/p>\n\n<p class=\"has-red-color has-text-color has-link-color wp-elements-dd26e581596699bd10f5c2c7d2c72a94\"><strong>Ile ci\u015bnienia oleju\/litr\u00f3w potrzebuje g\u0142owica biomasowa?<\/strong><\/p>\n\n<p>Sprawd\u017a informacje techniczne na stronie produktu dla konkretnej g\u0142owicy biomasowej.<\/p>\n\n<p><\/p>\n\n<p class=\"has-red-color has-text-color has-link-color wp-elements-984120b1b61bf19821bdf99f9dd286c5\"><strong>Czy istnieje funkcja przycinania w g\u0142owicy biomasowej?<\/strong><\/p>\n\n<p>Nie.<\/p>\n\n<p><\/p>\n\n<p class=\"has-red-color has-text-color has-link-color wp-elements-0340e47e23e2014c5941756d37f8f0ad\"><strong>Czy gilotyna jest dost\u0119pna w rozmiarach innych ni\u017c 350?<\/strong><\/p>\n\n<p>Nie.<\/p>\n\n<p><\/p>\n\n<p class=\"has-red-color has-text-color has-link-color wp-elements-30a4fa2cb42c1ed69f4f9672feb4bcef\"><strong>Czy kolektor masy jest dost\u0119pny dla g\u0142owicy biomasowej serii K?<\/strong><\/p>\n\n<p>Nie.<\/p>\n\n<p><\/p>\n\n<p class=\"has-red-color has-text-color has-link-color wp-elements-3083f8a6117ce6a6cde94a0e00b42c4a\"><strong>Czy kolektor masy jest dost\u0119pny dla g\u0142owicy biomasowej JAK-200B?<\/strong><\/p>\n\n<p>Tak.<\/p>\n\n<p><\/p>\n\n<p class=\"has-red-color has-text-color has-link-color wp-elements-33c21308744cc8645d290b3bbfd674f3\"><strong>W czym wpust energetyczny JAK jest lepszy od innych wpust\u00f3w energetycznych?<\/strong><\/p>\n\n<p>W tym gwarancj\u0119, zalety systemu hydraulicznego eBoost, produkcj\u0119 wszystkich g\u0142owic biomasowych od pocz\u0105tku do ko\u0144ca we w\u0142asnych fabrykach oraz certyfikat HIMB.<\/p>\n\n<p><\/p>\n\n<p class=\"has-red-color has-text-color has-link-color wp-elements-fc01238b9939522fe7aeb684dd5c2136\"><strong>Czy \u015bnieg\/zanieczyszczenia s\u0105 pakowane wewn\u0105trz g\u0142owicy biomasowej?<\/strong><\/p>\n\n<p>Otwarta konstrukcja zapobiega gromadzeniu si\u0119 \u015bniegu i zanieczyszcze\u0144 wewn\u0105trz g\u0142owicy biomasowej.<\/p>\n\n<p><\/p>\n\n<p class=\"has-red-color has-text-color has-link-color wp-elements-0804da5a64bd7061f2e54296d19f403b\"><strong>Czy gwarancja zadzia\u0142a w razie potrzeby?<\/strong><\/p>\n\n<p>Oczywi\u015bcie! Wszystkie roszczenia gwarancyjne b\u0119d\u0105 rozpatrywane szybko, a wszelkie uszkodzenia obj\u0119te gwarancj\u0105 b\u0119d\u0105 usuwane. <\/p>\n","protected":false},"excerpt":{"rendered":"<p>Odpowiedzi na najcz\u0119\u015bciej zadawane pytania Czy g\u0142owica biomasowa dzia\u0142a przez rotator? Dzia\u0142a. Dzi\u0119ki wyposa\u017ceniu g\u0142owicy biomasowej w uk\u0142ad hydrauliczny eBoost i si\u0142ownik LP, dzia\u0142a ona szybko i wydajnie. Czego wymaga kolektor od maszyny podstawowej do pracy? Wystarczy jeden uk\u0142ad hydrauliczny dwustronnego dzia\u0142ania. W zale\u017cno\u015bci od mo\u017cliwo\u015bci maszyny podstawowej, zawsze rozwa\u017cana jest najlepsza opcja implementacji sprz\u0119g\u0142a. [&hellip;]<\/p>\n","protected":false},"author":1,"featured_media":0,"parent":0,"menu_order":161,"comment_status":"closed","ping_status":"closed","template":"page-narrow.php","meta":{"_acf_changed":false,"footnotes":""},"class_list":["post-9868","page","type-page","status-publish","hentry"],"acf":[],"yoast_head":"<!-- This site is optimized with the Yoast SEO plugin v27.3 - https:\/\/yoast.com\/product\/yoast-seo-wordpress\/ -->\n<title>FAQ &#8211; JAK-Metalli Oy<\/title>\n<meta name=\"description\" content=\"Odpowiedzi na najcz\u0119\u015bciej zadawane pytania dotycz\u0105ce g\u0142owic biomasowych, instalacji i u\u017cytkowania. \u0141atwe wyszukiwanie rozwi\u0105za\u0144 w jednym miejscu.\" \/>\n<meta name=\"robots\" content=\"index, follow, max-snippet:-1, max-image-preview:large, max-video-preview:-1\" \/>\n<link rel=\"canonical\" href=\"https:\/\/jak.fi\/pl\/faq\/\" \/>\n<meta property=\"og:locale\" content=\"pl_PL\" \/>\n<meta property=\"og:type\" content=\"article\" \/>\n<meta property=\"og:title\" content=\"FAQ &#8211; JAK-Metalli Oy\" \/>\n<meta property=\"og:description\" content=\"Odpowiedzi na najcz\u0119\u015bciej zadawane pytania dotycz\u0105ce g\u0142owic biomasowych, instalacji i u\u017cytkowania. \u0141atwe wyszukiwanie rozwi\u0105za\u0144 w jednym miejscu.\" \/>\n<meta property=\"og:url\" content=\"https:\/\/jak.fi\/pl\/faq\/\" \/>\n<meta property=\"og:site_name\" content=\"JAK-Metalli Oy\" \/>\n<meta property=\"article:publisher\" content=\"https:\/\/www.facebook.com\/jaktreeshears\" \/>\n<meta property=\"article:modified_time\" content=\"2025-06-05T10:01:49+00:00\" \/>\n<meta property=\"og:image\" content=\"https:\/\/jak.fi\/wp-content\/uploads\/2024\/05\/jak-ylakuva-1-2000x600px-1.jpg\" \/>\n\t<meta property=\"og:image:width\" content=\"2000\" \/>\n\t<meta property=\"og:image:height\" content=\"600\" \/>\n\t<meta property=\"og:image:type\" content=\"image\/jpeg\" \/>\n<meta name=\"twitter:card\" content=\"summary_large_image\" \/>\n<meta name=\"twitter:label1\" content=\"Szacowany czas czytania\" \/>\n\t<meta name=\"twitter:data1\" content=\"1 minuta\" \/>\n<script type=\"application\/ld+json\" class=\"yoast-schema-graph\">{\"@context\":\"https:\\\/\\\/schema.org\",\"@graph\":[{\"@type\":\"WebPage\",\"@id\":\"https:\\\/\\\/jak.fi\\\/pl\\\/faq\\\/\",\"url\":\"https:\\\/\\\/jak.fi\\\/pl\\\/faq\\\/\",\"name\":\"FAQ &#8211; JAK-Metalli Oy\",\"isPartOf\":{\"@id\":\"https:\\\/\\\/jak.fi\\\/pl\\\/#website\"},\"datePublished\":\"2024-05-21T12:31:08+00:00\",\"dateModified\":\"2025-06-05T10:01:49+00:00\",\"description\":\"Odpowiedzi na najcz\u0119\u015bciej zadawane pytania dotycz\u0105ce g\u0142owic biomasowych, instalacji i u\u017cytkowania. \u0141atwe wyszukiwanie rozwi\u0105za\u0144 w jednym miejscu.\",\"breadcrumb\":{\"@id\":\"https:\\\/\\\/jak.fi\\\/pl\\\/faq\\\/#breadcrumb\"},\"inLanguage\":\"pl-PL\",\"potentialAction\":[{\"@type\":\"ReadAction\",\"target\":[\"https:\\\/\\\/jak.fi\\\/pl\\\/faq\\\/\"]}]},{\"@type\":\"BreadcrumbList\",\"@id\":\"https:\\\/\\\/jak.fi\\\/pl\\\/faq\\\/#breadcrumb\",\"itemListElement\":[{\"@type\":\"ListItem\",\"position\":1,\"name\":\"Etusivu\",\"item\":\"https:\\\/\\\/jak.fi\\\/pl\\\/\"},{\"@type\":\"ListItem\",\"position\":2,\"name\":\"FAQ\"}]},{\"@type\":\"WebSite\",\"@id\":\"https:\\\/\\\/jak.fi\\\/pl\\\/#website\",\"url\":\"https:\\\/\\\/jak.fi\\\/pl\\\/\",\"name\":\"JAK-Metalli Oy\",\"description\":\"\",\"publisher\":{\"@id\":\"https:\\\/\\\/jak.fi\\\/pl\\\/#organization\"},\"alternateName\":\"JAK Tree shears\",\"potentialAction\":[{\"@type\":\"SearchAction\",\"target\":{\"@type\":\"EntryPoint\",\"urlTemplate\":\"https:\\\/\\\/jak.fi\\\/pl\\\/?s={search_term_string}\"},\"query-input\":{\"@type\":\"PropertyValueSpecification\",\"valueRequired\":true,\"valueName\":\"search_term_string\"}}],\"inLanguage\":\"pl-PL\"},{\"@type\":\"Organization\",\"@id\":\"https:\\\/\\\/jak.fi\\\/pl\\\/#organization\",\"name\":\"JAK-Metalli Oy\",\"alternateName\":\"JAK Tree shears\",\"url\":\"https:\\\/\\\/jak.fi\\\/pl\\\/\",\"logo\":{\"@type\":\"ImageObject\",\"inLanguage\":\"pl-PL\",\"@id\":\"https:\\\/\\\/jak.fi\\\/pl\\\/#\\\/schema\\\/logo\\\/image\\\/\",\"url\":\"https:\\\/\\\/jak.fi\\\/wp-content\\\/uploads\\\/2024\\\/09\\\/JAK-logo-696x696-1.jpg\",\"contentUrl\":\"https:\\\/\\\/jak.fi\\\/wp-content\\\/uploads\\\/2024\\\/09\\\/JAK-logo-696x696-1.jpg\",\"width\":696,\"height\":696,\"caption\":\"JAK-Metalli Oy\"},\"image\":{\"@id\":\"https:\\\/\\\/jak.fi\\\/pl\\\/#\\\/schema\\\/logo\\\/image\\\/\"},\"sameAs\":[\"https:\\\/\\\/www.facebook.com\\\/jaktreeshears\",\"https:\\\/\\\/www.instagram.com\\\/jaktreeshears\\\/\",\"https:\\\/\\\/www.youtube.com\\\/channel\\\/UCAwvaVhBBkPie8MeAGbdY1w\"]}]}<\/script>\n<!-- \/ Yoast SEO plugin. -->","yoast_head_json":{"title":"FAQ &#8211; JAK-Metalli Oy","description":"Odpowiedzi na najcz\u0119\u015bciej zadawane pytania dotycz\u0105ce g\u0142owic biomasowych, instalacji i u\u017cytkowania. \u0141atwe wyszukiwanie rozwi\u0105za\u0144 w jednym miejscu.","robots":{"index":"index","follow":"follow","max-snippet":"max-snippet:-1","max-image-preview":"max-image-preview:large","max-video-preview":"max-video-preview:-1"},"canonical":"https:\/\/jak.fi\/pl\/faq\/","og_locale":"pl_PL","og_type":"article","og_title":"FAQ &#8211; JAK-Metalli Oy","og_description":"Odpowiedzi na najcz\u0119\u015bciej zadawane pytania dotycz\u0105ce g\u0142owic biomasowych, instalacji i u\u017cytkowania. \u0141atwe wyszukiwanie rozwi\u0105za\u0144 w jednym miejscu.","og_url":"https:\/\/jak.fi\/pl\/faq\/","og_site_name":"JAK-Metalli Oy","article_publisher":"https:\/\/www.facebook.com\/jaktreeshears","article_modified_time":"2025-06-05T10:01:49+00:00","og_image":[{"width":2000,"height":600,"url":"https:\/\/jak.fi\/wp-content\/uploads\/2024\/05\/jak-ylakuva-1-2000x600px-1.jpg","type":"image\/jpeg"}],"twitter_card":"summary_large_image","twitter_misc":{"Szacowany czas czytania":"1 minuta"},"schema":{"@context":"https:\/\/schema.org","@graph":[{"@type":"WebPage","@id":"https:\/\/jak.fi\/pl\/faq\/","url":"https:\/\/jak.fi\/pl\/faq\/","name":"FAQ &#8211; JAK-Metalli Oy","isPartOf":{"@id":"https:\/\/jak.fi\/pl\/#website"},"datePublished":"2024-05-21T12:31:08+00:00","dateModified":"2025-06-05T10:01:49+00:00","description":"Odpowiedzi na najcz\u0119\u015bciej zadawane pytania dotycz\u0105ce g\u0142owic biomasowych, instalacji i u\u017cytkowania. \u0141atwe wyszukiwanie rozwi\u0105za\u0144 w jednym miejscu.","breadcrumb":{"@id":"https:\/\/jak.fi\/pl\/faq\/#breadcrumb"},"inLanguage":"pl-PL","potentialAction":[{"@type":"ReadAction","target":["https:\/\/jak.fi\/pl\/faq\/"]}]},{"@type":"BreadcrumbList","@id":"https:\/\/jak.fi\/pl\/faq\/#breadcrumb","itemListElement":[{"@type":"ListItem","position":1,"name":"Etusivu","item":"https:\/\/jak.fi\/pl\/"},{"@type":"ListItem","position":2,"name":"FAQ"}]},{"@type":"WebSite","@id":"https:\/\/jak.fi\/pl\/#website","url":"https:\/\/jak.fi\/pl\/","name":"JAK-Metalli Oy","description":"","publisher":{"@id":"https:\/\/jak.fi\/pl\/#organization"},"alternateName":"JAK Tree shears","potentialAction":[{"@type":"SearchAction","target":{"@type":"EntryPoint","urlTemplate":"https:\/\/jak.fi\/pl\/?s={search_term_string}"},"query-input":{"@type":"PropertyValueSpecification","valueRequired":true,"valueName":"search_term_string"}}],"inLanguage":"pl-PL"},{"@type":"Organization","@id":"https:\/\/jak.fi\/pl\/#organization","name":"JAK-Metalli Oy","alternateName":"JAK Tree shears","url":"https:\/\/jak.fi\/pl\/","logo":{"@type":"ImageObject","inLanguage":"pl-PL","@id":"https:\/\/jak.fi\/pl\/#\/schema\/logo\/image\/","url":"https:\/\/jak.fi\/wp-content\/uploads\/2024\/09\/JAK-logo-696x696-1.jpg","contentUrl":"https:\/\/jak.fi\/wp-content\/uploads\/2024\/09\/JAK-logo-696x696-1.jpg","width":696,"height":696,"caption":"JAK-Metalli Oy"},"image":{"@id":"https:\/\/jak.fi\/pl\/#\/schema\/logo\/image\/"},"sameAs":["https:\/\/www.facebook.com\/jaktreeshears","https:\/\/www.instagram.com\/jaktreeshears\/","https:\/\/www.youtube.com\/channel\/UCAwvaVhBBkPie8MeAGbdY1w"]}]}},"_links":{"self":[{"href":"https:\/\/jak.fi\/pl\/wp-json\/wp\/v2\/pages\/9868","targetHints":{"allow":["GET"]}}],"collection":[{"href":"https:\/\/jak.fi\/pl\/wp-json\/wp\/v2\/pages"}],"about":[{"href":"https:\/\/jak.fi\/pl\/wp-json\/wp\/v2\/types\/page"}],"author":[{"embeddable":true,"href":"https:\/\/jak.fi\/pl\/wp-json\/wp\/v2\/users\/1"}],"replies":[{"embeddable":true,"href":"https:\/\/jak.fi\/pl\/wp-json\/wp\/v2\/comments?post=9868"}],"version-history":[{"count":2,"href":"https:\/\/jak.fi\/pl\/wp-json\/wp\/v2\/pages\/9868\/revisions"}],"predecessor-version":[{"id":9871,"href":"https:\/\/jak.fi\/pl\/wp-json\/wp\/v2\/pages\/9868\/revisions\/9871"}],"wp:attachment":[{"href":"https:\/\/jak.fi\/pl\/wp-json\/wp\/v2\/media?parent=9868"}],"curies":[{"name":"wp","href":"https:\/\/api.w.org\/{rel}","templated":true}]}}