{"id":9891,"date":"2024-05-28T09:31:14","date_gmt":"2024-05-28T06:31:14","guid":{"rendered":"https:\/\/jak.fi\/firma\/jak-jako-firma\/"},"modified":"2025-06-05T13:01:51","modified_gmt":"2025-06-05T10:01:51","slug":"jak-jako-firma","status":"publish","type":"page","link":"https:\/\/jak.fi\/pl\/firma\/jak-jako-firma\/","title":{"rendered":"JAK jako firma"},"content":{"rendered":"\n<h2 class=\"wp-block-heading has-text-align-center\">Oryginalna g\u0142owica biomasowa JAK z 2012 r.<\/h2>\n\n<div style=\"height:35px\" aria-hidden=\"true\" class=\"wp-block-spacer\"><\/div>\n\n<div class=\"wp-block-columns is-layout-flex wp-container-core-columns-is-layout-9d6595d7 wp-block-columns-is-layout-flex\">\n<div class=\"wp-block-column is-layout-flow wp-block-column-is-layout-flow\">\n<p>JAK-Metalli Oy jest firm\u0105 eksportow\u0105 w bran\u017cy metalowej i jednym z pierwszych deweloper\u00f3w i producent\u00f3w g\u0142owic biomasowych na rynku. Finowie s\u0105 znani z doskona\u0142ego know-how w zakresie przemys\u0142u le\u015bnego i le\u015bnictwa &#8211; i my nie jeste\u015bmy wyj\u0105tkiem. Nasze g\u0142owice biomasowe ewoluowa\u0142y do obecnej formy w wyniku zdecydowanych prac projektowych i rozwojowych, a tak\u017ce d\u0142ugiej wsp\u00f3\u0142pracy z profesjonalistami z bran\u017cy.  <\/p>\n<\/div>\n\n\n\n<div class=\"wp-block-column is-layout-flow wp-block-column-is-layout-flow\">\n<ul class=\"wp-block-list\">\n<li>Za\u0142o\u017cona w 2012 r.<\/li>\n\n\n\n<li>Specjalizuje si\u0119 w produkcji akcesori\u00f3w do koparek i maszyn le\u015bnych<\/li>\n\n\n\n<li>Globalna sie\u0107 dystrybucji<\/li>\n\n\n\n<li>Produkcja w dw\u00f3ch fabrykach<\/li>\n\n\n\n<li>Biuro w M\u00e4ntt\u00e4-Vilppula<\/li>\n\n\n\n<li>G\u0142owica biomasowa JAK Energy sprzedawana do ponad 30 kraj\u00f3w<\/li>\n<\/ul>\n<\/div>\n<\/div>\n\n<p>Nasze produkty od wielu lat ciesz\u0105 si\u0119 zaufaniem profesjonalist\u00f3w na ca\u0142ym \u015bwiecie. Posiadamy mi\u0119dzynarodowych dystrybutor\u00f3w na niemal ka\u017cdym kontynencie, a nasza sie\u0107 stale si\u0119 powi\u0119ksza. Nasza firma stawia na internacjonalizacj\u0119, co znajduje silne odzwierciedlenie w naszej produkcji i pracach rozwojowych, poniewa\u017c wymagania dotycz\u0105ce charakterystyki g\u0142owicy biomasowej s\u0105 r\u00f3\u017cne w r\u00f3\u017cnych cz\u0119\u015bciach \u015bwiata.  <\/p>\n\n<div style=\"height:30px\" aria-hidden=\"true\" class=\"wp-block-spacer\"><\/div>\n\n<div class=\"wp-block-columns is-layout-flex wp-container-core-columns-is-layout-9d6595d7 wp-block-columns-is-layout-flex\">\n<div class=\"wp-block-column is-layout-flow wp-block-column-is-layout-flow\">\n<h2 class=\"wp-block-heading\">Misja<\/h2>\n\n\n\n<p>Odnosimy sukcesy razem z naszymi klientami<\/p>\n<\/div>\n\n\n\n<div class=\"wp-block-column is-layout-flow wp-block-column-is-layout-flow\">\n<h2 class=\"wp-block-heading\">Warto\u015bci<\/h2>\n\n\n\n<ul class=\"wp-block-list\">\n<li>Dbamy o naszych klient\u00f3w i o siebie nawzajem<\/li>\n\n\n\n<li>Traktujemy wszystkich z szacunkiem<\/li>\n\n\n\n<li>Ka\u017cdego dnia dajemy z siebie wszystko<\/li>\n\n\n\n<li>Dotrzymujemy obietnic i bierzemy na siebie odpowiedzialno\u015b\u0107<\/li>\n\n\n\n<li>Rozwijamy nasz\u0105 dzia\u0142alno\u015b\u0107 w spos\u00f3b zorientowany na \u015brodowisko i klienta<\/li>\n\n\n\n<li>O\u015bmielamy si\u0119 by\u0107 ciekawi i podekscytowani nowym<\/li>\n<\/ul>\n<\/div>\n\n\n\n<div class=\"wp-block-column is-layout-flow wp-block-column-is-layout-flow\">\n<h2 class=\"wp-block-heading\">Visio<\/h2>\n\n\n\n<p>Jeste\u015bmy najlepszym, najbardziej poszukiwanym i najbardziej niezawodnym partnerem w zakresie g\u0142owic biomasowych na arenie mi\u0119dzynarodowej<\/p>\n<\/div>\n<\/div>\n\n<div class=\"wp-block-columns are-vertically-aligned-top is-layout-flex wp-container-core-columns-is-layout-9d6595d7 wp-block-columns-is-layout-flex\">\n<div class=\"wp-block-column is-vertically-aligned-top is-layout-flow wp-block-column-is-layout-flow\">\n<figure class=\"wp-block-image size-large\"><img loading=\"lazy\" decoding=\"async\" width=\"1200\" height=\"802\" src=\"https:\/\/jak.fi\/wp-content\/uploads\/2024\/06\/jak-metalli-oy-production-23-scaled-1-1200x802.jpg\" alt=\"\" class=\"wp-image-635\" srcset=\"https:\/\/jak.fi\/wp-content\/uploads\/2024\/06\/jak-metalli-oy-production-23-scaled-1-1200x802.jpg 1200w, https:\/\/jak.fi\/wp-content\/uploads\/2024\/06\/jak-metalli-oy-production-23-scaled-1-700x468.jpg 700w, https:\/\/jak.fi\/wp-content\/uploads\/2024\/06\/jak-metalli-oy-production-23-scaled-1-768x513.jpg 768w, https:\/\/jak.fi\/wp-content\/uploads\/2024\/06\/jak-metalli-oy-production-23-scaled-1-1536x1026.jpg 1536w, https:\/\/jak.fi\/wp-content\/uploads\/2024\/06\/jak-metalli-oy-production-23-scaled-1-2048x1368.jpg 2048w, https:\/\/jak.fi\/wp-content\/uploads\/2024\/06\/jak-metalli-oy-production-23-scaled-1-800x534.jpg 800w\" sizes=\"auto, (max-width: 1200px) 100vw, 1200px\" \/><\/figure>\n<\/div>\n\n\n\n<div class=\"wp-block-column is-vertically-aligned-top is-layout-flow wp-block-column-is-layout-flow\">\n<h2 class=\"wp-block-heading\">Partnerstwo Hardox\u00ae In My Body<\/h2>\n\n\n\n<p>JAK-Metalli Firma jest partnerem Hardox\u00ae In My Body firmy SSAB od samego pocz\u0105tku, a wszystkie nasze uchwyty energetyczne nosz\u0105 znak HARDOX\u00ae, wskazuj\u0105cy na oryginaln\u0105 stal Hardox\u00ae u\u017cyt\u0105 w produkcie. Obejrzyj poni\u017cszy film, aby dowiedzie\u0107 si\u0119 wi\u0119cej o produkcji g\u0142owic biomasowych JAK Energy Grips i partnerstwie HARDOX\u00ae. <\/p>\n<\/div>\n<\/div>\n\n<figure class=\"wp-block-embed is-type-video is-provider-youtube wp-block-embed-youtube wp-embed-aspect-16-9 wp-has-aspect-ratio\"><div class=\"wp-block-embed__wrapper\">\n<iframe loading=\"lazy\" title=\"Hardox\u00ae wear plate in JAK Tree Sheers for durability and productivity\" width=\"500\" height=\"281\" src=\"https:\/\/www.youtube.com\/embed\/w6100b1gxM4?feature=oembed\" frameborder=\"0\" allow=\"accelerometer; autoplay; clipboard-write; encrypted-media; gyroscope; picture-in-picture; web-share\" referrerpolicy=\"strict-origin-when-cross-origin\" allowfullscreen><\/iframe>\n<\/div><\/figure>\n\n<h2 class=\"wp-block-heading\">JAK-Metalli Wysokiej jako\u015bci zak\u0142ady produkcyjne Oy<\/h2>\n\n<div class=\"wp-block-columns is-layout-flex wp-container-core-columns-is-layout-9d6595d7 wp-block-columns-is-layout-flex\">\n<div class=\"wp-block-column is-layout-flow wp-block-column-is-layout-flow\">\n<p>Wa\u017cna jest dla nas obecno\u015b\u0107 na wszystkich etapach procesu produkcyjnego. Pozwala nam to zapewni\u0107, \u017ce nasze kryteria jako\u015bciowe s\u0105 spe\u0142nione i wiemy, \u017ce zawsze b\u0119dziemy dostarcza\u0107 wysokiej jako\u015bci produkty za po\u015brednictwem naszych dystrybutor\u00f3w do u\u017cytkownik\u00f3w ko\u0144cowych na ca\u0142ym \u015bwiecie. Z tych powod\u00f3w produkujemy g\u0142owice biomasowe JAK w ca\u0142o\u015bci w naszej fabryce w M\u00e4ntt\u00e4-Vilppula.  <\/p>\n\n\n\n<p>Sercem naszej dzia\u0142alno\u015bci s\u0105 nasze zak\u0142ady produkcyjne, kt\u00f3re zapewniaj\u0105 najwy\u017cszej klasy ramy dla produkcji i kontroli jako\u015bci. Posiadamy zak\u0142ady produkcyjne i magazynowe w dw\u00f3ch lokalizacjach. <\/p>\n\n\n\n<p>W ostatnich latach rozbudowali\u015bmy nasz\u0105 siedzib\u0119 i wdro\u017cyli\u015bmy reformy maj\u0105ce na celu usprawnienie proces\u00f3w produkcyjnych i skr\u00f3cenie czasu realizacji zam\u00f3wie\u0144.<\/p>\n<\/div>\n\n\n\n<div class=\"wp-block-column is-layout-flow wp-block-column-is-layout-flow\">\n<p class=\"has-red-color has-text-color has-link-color wp-elements-46b1c4a394bef203489f135712220213\"><strong>W produkcji u\u017cywamy:<\/strong><\/p>\n\n\n\n<ul class=\"wp-block-list\">\n<li>5-osiowa tokarka CNC<\/li>\n\n\n\n<li>Trzy tokarki CNC, automat do toczenia pr\u0119t\u00f3w<\/li>\n\n\n\n<li>Trzy poziome centra obr\u00f3bcze CNC<\/li>\n\n\n\n<li>Dwa pionowe centra obr\u00f3bcze CNC<\/li>\n\n\n\n<li>Dwie pi\u0142y CNC<\/li>\n\n\n\n<li>9-osiowy system robota spawalniczego<\/li>\n<\/ul>\n<\/div>\n<\/div>\n\n<h2 class=\"wp-block-heading\">\u0141a\u0144cuch produkcyjny i projektowanie produktu<\/h2>\n\n<div class=\"wp-block-columns is-layout-flex wp-container-core-columns-is-layout-9d6595d7 wp-block-columns-is-layout-flex\">\n<div class=\"wp-block-column is-layout-flow wp-block-column-is-layout-flow\">\n<p>Nasze g\u0142owice biomasowe osi\u0105gn\u0119\u0142y sw\u00f3j obecny kszta\u0142t w oparciu o wieloletnie badania i do\u015bwiadczenie. Wiemy, \u017ce wymagania stawiane wytwarzanym przez nas produktom przez profesjonalist\u00f3w s\u0105 bardzo wysokie. Dlatego nasze uchwyty energetyczne zawsze by\u0142y opracowywane w \u015bcis\u0142ej wsp\u00f3\u0142pracy z profesjonalistami w tej dziedzinie, co pozwoli\u0142o nam na ci\u0105g\u0142e testowanie jako\u015bci i wydajno\u015bci naszych produkt\u00f3w w rzeczywistych warunkach.  <\/p>\n<\/div>\n\n\n\n<div class=\"wp-block-column is-layout-flow wp-block-column-is-layout-flow\">\n<ul class=\"wp-block-list\">\n<li>Nasza produkcja odbywa si\u0119 w ca\u0142o\u015bci we w\u0142asnym zakresie<\/li>\n\n\n\n<li>Ci\u0105g\u0142e monitorowanie w ca\u0142ym procesie produkcyjnym<\/li>\n\n\n\n<li>Zdolno\u015b\u0107 do szybkiego reagowania na zmiany popytu rynkowego<\/li>\n\n\n\n<li>Elastyczne dostosowanie do specyficznych potrzeb klient\u00f3w<\/li>\n<\/ul>\n<\/div>\n<\/div>\n\n<p>Projekt \u0142\u0105czy w sobie analityczne my\u015blenie, wymagania produkcyjne i ekonomiczne oraz wiedz\u0119 na temat rzeczywistych warunk\u00f3w pracy, aby nada\u0107 naszym produktom ostateczny kszta\u0142t. Oprogramowanie SolidWorks i wydajny sprz\u0119t informatyczny zapewniaj\u0105 szybk\u0105 i sprawn\u0105 prac\u0119 projektow\u0105 na wszystkich etapach procesu projektowania. <\/p>\n\n<p>Rozw\u00f3j prototyp\u00f3w, modelowanie nowych cz\u0119\u015bci i funkcji, dokumentacja i analiza charakterystyki produkcyjnej i operacyjnej tworz\u0105 ci\u0105g\u0142y proces rozwoju produktu. Prace projektowe uwzgl\u0119dniaj\u0105 wydajno\u015b\u0107 produkcji, wykorzystanie surowc\u00f3w i po\u017c\u0105dane cechy jako\u015bciowe naszych produkt\u00f3w, zw\u0142aszcza z punktu widzenia u\u017cytkownika ko\u0144cowego. <\/p>\n\n<div style=\"height:30px\" aria-hidden=\"true\" class=\"wp-block-spacer\"><\/div>\n\n<figure class=\"wp-block-image size-large\"><img loading=\"lazy\" decoding=\"async\" width=\"1200\" height=\"633\" src=\"https:\/\/jak.fi\/wp-content\/uploads\/2024\/06\/jak-metalli-oy-engineering-1-1200x633.jpg\" alt=\"\" class=\"wp-image-630\" srcset=\"https:\/\/jak.fi\/wp-content\/uploads\/2024\/06\/jak-metalli-oy-engineering-1-1200x633.jpg 1200w, https:\/\/jak.fi\/wp-content\/uploads\/2024\/06\/jak-metalli-oy-engineering-1-700x369.jpg 700w, https:\/\/jak.fi\/wp-content\/uploads\/2024\/06\/jak-metalli-oy-engineering-1-768x405.jpg 768w, https:\/\/jak.fi\/wp-content\/uploads\/2024\/06\/jak-metalli-oy-engineering-1-1536x810.jpg 1536w, https:\/\/jak.fi\/wp-content\/uploads\/2024\/06\/jak-metalli-oy-engineering-1-2048x1080.jpg 2048w, https:\/\/jak.fi\/wp-content\/uploads\/2024\/06\/jak-metalli-oy-engineering-1-800x422.jpg 800w\" sizes=\"auto, (max-width: 1200px) 100vw, 1200px\" \/><\/figure>\n\n<h2 class=\"wp-block-heading\">Wsp\u00f3\u0142praca mi\u0119dzy produkcj\u0105 a u\u017cytkownikami<\/h2>\n\n<p>Zastosowania i rynki dla naszych produkt\u00f3w r\u00f3\u017cni\u0105 si\u0119 znacznie w zale\u017cno\u015bci od kraju przeznaczenia. Chcemy s\u0142ucha\u0107 naszych klient\u00f3w i by\u0107 gotowi na rozw\u00f3j naszych produkt\u00f3w. Nasz projekt opiera si\u0119 na dialogu z naszymi klientami. Naszym celem jest projektowanie produkt\u00f3w i rozwi\u0105za\u0144 dla potrzeb r\u00f3\u017cnych kraj\u00f3w docelowych wsp\u00f3lnie z naszymi klientami.   <\/p>\n\n<p>Nasz dzia\u0142 projektowy \u015bci\u015ble wsp\u00f3\u0142pracuje z dzia\u0142em testowania i produkcji, aby zapewni\u0107 wydajno\u015b\u0107 produktu. Analizujemy praktyczne informacje i do\u015bwiadczenia u\u017cytkownik\u00f3w ko\u0144cowych z ca\u0142ego \u015bwiata. Dane te s\u0105 wykorzystywane jako narz\u0119dzie dla naszych projektant\u00f3w do ulepszania istniej\u0105cych produkt\u00f3w i opracowywania zupe\u0142nie nowych rozwi\u0105za\u0144.  <\/p>\n\n<div style=\"height:30px\" aria-hidden=\"true\" class=\"wp-block-spacer\"><\/div>\n\n<figure class=\"wp-block-image size-large\"><img loading=\"lazy\" decoding=\"async\" width=\"1200\" height=\"675\" src=\"https:\/\/jak.fi\/wp-content\/uploads\/2024\/06\/JAK-welding-worker-tree-shear-1200x675.jpg\" alt=\"\" class=\"wp-image-632\" srcset=\"https:\/\/jak.fi\/wp-content\/uploads\/2024\/06\/JAK-welding-worker-tree-shear-1200x675.jpg 1200w, https:\/\/jak.fi\/wp-content\/uploads\/2024\/06\/JAK-welding-worker-tree-shear-700x394.jpg 700w, https:\/\/jak.fi\/wp-content\/uploads\/2024\/06\/JAK-welding-worker-tree-shear-768x432.jpg 768w, https:\/\/jak.fi\/wp-content\/uploads\/2024\/06\/JAK-welding-worker-tree-shear-1536x864.jpg 1536w, https:\/\/jak.fi\/wp-content\/uploads\/2024\/06\/JAK-welding-worker-tree-shear-800x450.jpg 800w, https:\/\/jak.fi\/wp-content\/uploads\/2024\/06\/JAK-welding-worker-tree-shear.jpg 1920w\" sizes=\"auto, (max-width: 1200px) 100vw, 1200px\" \/><\/figure>\n","protected":false},"excerpt":{"rendered":"<p>Oryginalna g\u0142owica biomasowa JAK z 2012 r. JAK-Metalli Oy jest firm\u0105 eksportow\u0105 w bran\u017cy metalowej i jednym z pierwszych deweloper\u00f3w i producent\u00f3w g\u0142owic biomasowych na rynku. Finowie s\u0105 znani z doskona\u0142ego know-how w zakresie przemys\u0142u le\u015bnego i le\u015bnictwa &#8211; i my nie jeste\u015bmy wyj\u0105tkiem. Nasze g\u0142owice biomasowe ewoluowa\u0142y do obecnej formy w wyniku zdecydowanych prac [&hellip;]<\/p>\n","protected":false},"author":1,"featured_media":9896,"parent":9864,"menu_order":99,"comment_status":"closed","ping_status":"closed","template":"","meta":{"_acf_changed":false,"footnotes":""},"class_list":["post-9891","page","type-page","status-publish","has-post-thumbnail","hentry"],"acf":[],"yoast_head":"<!-- This site is optimized with the Yoast SEO plugin v27.3 - https:\/\/yoast.com\/product\/yoast-seo-wordpress\/ -->\n<title>JAK jako firma &#8211; JAK-Metalli Oy<\/title>\n<meta name=\"description\" content=\"JAK-Metalli Oy jest firm\u0105 eksportow\u0105 w bran\u017cy metalowej i jednym z pierwszych deweloper\u00f3w i producent\u00f3w g\u0142owic biomasowych na rynku.\" \/>\n<meta name=\"robots\" content=\"index, follow, max-snippet:-1, max-image-preview:large, max-video-preview:-1\" \/>\n<link rel=\"canonical\" href=\"https:\/\/jak.fi\/pl\/firma\/jak-jako-firma\/\" \/>\n<meta property=\"og:locale\" content=\"pl_PL\" \/>\n<meta property=\"og:type\" content=\"article\" \/>\n<meta property=\"og:title\" content=\"JAK jako firma &#8211; JAK-Metalli Oy\" \/>\n<meta property=\"og:description\" content=\"JAK-Metalli Oy jest firm\u0105 eksportow\u0105 w bran\u017cy metalowej i jednym z pierwszych deweloper\u00f3w i producent\u00f3w g\u0142owic biomasowych na rynku.\" \/>\n<meta property=\"og:url\" content=\"https:\/\/jak.fi\/pl\/firma\/jak-jako-firma\/\" \/>\n<meta property=\"og:site_name\" content=\"JAK-Metalli Oy\" \/>\n<meta property=\"article:publisher\" content=\"https:\/\/www.facebook.com\/jaktreeshears\" \/>\n<meta property=\"article:modified_time\" content=\"2025-06-05T10:01:51+00:00\" \/>\n<meta property=\"og:image\" content=\"https:\/\/jak.fi\/wp-content\/uploads\/2024\/06\/JAK_header_worker.jpg\" \/>\n\t<meta property=\"og:image:width\" content=\"2240\" \/>\n\t<meta property=\"og:image:height\" content=\"700\" \/>\n\t<meta property=\"og:image:type\" content=\"image\/jpeg\" \/>\n<meta name=\"twitter:card\" content=\"summary_large_image\" \/>\n<meta name=\"twitter:label1\" content=\"Szacowany czas czytania\" \/>\n\t<meta name=\"twitter:data1\" content=\"4 minuta\" \/>\n<script type=\"application\/ld+json\" class=\"yoast-schema-graph\">{\"@context\":\"https:\\\/\\\/schema.org\",\"@graph\":[{\"@type\":\"WebPage\",\"@id\":\"https:\\\/\\\/jak.fi\\\/pl\\\/firma\\\/jak-jako-firma\\\/\",\"url\":\"https:\\\/\\\/jak.fi\\\/pl\\\/firma\\\/jak-jako-firma\\\/\",\"name\":\"JAK jako firma &#8211; JAK-Metalli Oy\",\"isPartOf\":{\"@id\":\"https:\\\/\\\/jak.fi\\\/pl\\\/#website\"},\"primaryImageOfPage\":{\"@id\":\"https:\\\/\\\/jak.fi\\\/pl\\\/firma\\\/jak-jako-firma\\\/#primaryimage\"},\"image\":{\"@id\":\"https:\\\/\\\/jak.fi\\\/pl\\\/firma\\\/jak-jako-firma\\\/#primaryimage\"},\"thumbnailUrl\":\"https:\\\/\\\/jak.fi\\\/wp-content\\\/uploads\\\/2024\\\/06\\\/JAK_header_worker.jpg\",\"datePublished\":\"2024-05-28T06:31:14+00:00\",\"dateModified\":\"2025-06-05T10:01:51+00:00\",\"description\":\"JAK-Metalli Oy jest firm\u0105 eksportow\u0105 w bran\u017cy metalowej i jednym z pierwszych deweloper\u00f3w i producent\u00f3w g\u0142owic biomasowych na rynku.\",\"breadcrumb\":{\"@id\":\"https:\\\/\\\/jak.fi\\\/pl\\\/firma\\\/jak-jako-firma\\\/#breadcrumb\"},\"inLanguage\":\"pl-PL\",\"potentialAction\":[{\"@type\":\"ReadAction\",\"target\":[\"https:\\\/\\\/jak.fi\\\/pl\\\/firma\\\/jak-jako-firma\\\/\"]}]},{\"@type\":\"ImageObject\",\"inLanguage\":\"pl-PL\",\"@id\":\"https:\\\/\\\/jak.fi\\\/pl\\\/firma\\\/jak-jako-firma\\\/#primaryimage\",\"url\":\"https:\\\/\\\/jak.fi\\\/wp-content\\\/uploads\\\/2024\\\/06\\\/JAK_header_worker.jpg\",\"contentUrl\":\"https:\\\/\\\/jak.fi\\\/wp-content\\\/uploads\\\/2024\\\/06\\\/JAK_header_worker.jpg\",\"width\":2240,\"height\":700,\"caption\":\"Spawacz pracuje w fabryce spawaj\u0105c g\u0142owic\u0119 biomasow\u0105 JAK.\"},{\"@type\":\"BreadcrumbList\",\"@id\":\"https:\\\/\\\/jak.fi\\\/pl\\\/firma\\\/jak-jako-firma\\\/#breadcrumb\",\"itemListElement\":[{\"@type\":\"ListItem\",\"position\":1,\"name\":\"Etusivu\",\"item\":\"https:\\\/\\\/jak.fi\\\/pl\\\/\"},{\"@type\":\"ListItem\",\"position\":2,\"name\":\"Firma\",\"item\":\"https:\\\/\\\/jak.fi\\\/pl\\\/?page_id=9864\"},{\"@type\":\"ListItem\",\"position\":3,\"name\":\"JAK jako firma\"}]},{\"@type\":\"WebSite\",\"@id\":\"https:\\\/\\\/jak.fi\\\/pl\\\/#website\",\"url\":\"https:\\\/\\\/jak.fi\\\/pl\\\/\",\"name\":\"JAK-Metalli Oy\",\"description\":\"\",\"publisher\":{\"@id\":\"https:\\\/\\\/jak.fi\\\/pl\\\/#organization\"},\"alternateName\":\"JAK Tree shears\",\"potentialAction\":[{\"@type\":\"SearchAction\",\"target\":{\"@type\":\"EntryPoint\",\"urlTemplate\":\"https:\\\/\\\/jak.fi\\\/pl\\\/?s={search_term_string}\"},\"query-input\":{\"@type\":\"PropertyValueSpecification\",\"valueRequired\":true,\"valueName\":\"search_term_string\"}}],\"inLanguage\":\"pl-PL\"},{\"@type\":\"Organization\",\"@id\":\"https:\\\/\\\/jak.fi\\\/pl\\\/#organization\",\"name\":\"JAK-Metalli Oy\",\"alternateName\":\"JAK Tree shears\",\"url\":\"https:\\\/\\\/jak.fi\\\/pl\\\/\",\"logo\":{\"@type\":\"ImageObject\",\"inLanguage\":\"pl-PL\",\"@id\":\"https:\\\/\\\/jak.fi\\\/pl\\\/#\\\/schema\\\/logo\\\/image\\\/\",\"url\":\"https:\\\/\\\/jak.fi\\\/wp-content\\\/uploads\\\/2024\\\/09\\\/JAK-logo-696x696-1.jpg\",\"contentUrl\":\"https:\\\/\\\/jak.fi\\\/wp-content\\\/uploads\\\/2024\\\/09\\\/JAK-logo-696x696-1.jpg\",\"width\":696,\"height\":696,\"caption\":\"JAK-Metalli Oy\"},\"image\":{\"@id\":\"https:\\\/\\\/jak.fi\\\/pl\\\/#\\\/schema\\\/logo\\\/image\\\/\"},\"sameAs\":[\"https:\\\/\\\/www.facebook.com\\\/jaktreeshears\",\"https:\\\/\\\/www.instagram.com\\\/jaktreeshears\\\/\",\"https:\\\/\\\/www.youtube.com\\\/channel\\\/UCAwvaVhBBkPie8MeAGbdY1w\"]}]}<\/script>\n<!-- \/ Yoast SEO plugin. -->","yoast_head_json":{"title":"JAK jako firma &#8211; JAK-Metalli Oy","description":"JAK-Metalli Oy jest firm\u0105 eksportow\u0105 w bran\u017cy metalowej i jednym z pierwszych deweloper\u00f3w i producent\u00f3w g\u0142owic biomasowych na rynku.","robots":{"index":"index","follow":"follow","max-snippet":"max-snippet:-1","max-image-preview":"max-image-preview:large","max-video-preview":"max-video-preview:-1"},"canonical":"https:\/\/jak.fi\/pl\/firma\/jak-jako-firma\/","og_locale":"pl_PL","og_type":"article","og_title":"JAK jako firma &#8211; JAK-Metalli Oy","og_description":"JAK-Metalli Oy jest firm\u0105 eksportow\u0105 w bran\u017cy metalowej i jednym z pierwszych deweloper\u00f3w i producent\u00f3w g\u0142owic biomasowych na rynku.","og_url":"https:\/\/jak.fi\/pl\/firma\/jak-jako-firma\/","og_site_name":"JAK-Metalli Oy","article_publisher":"https:\/\/www.facebook.com\/jaktreeshears","article_modified_time":"2025-06-05T10:01:51+00:00","og_image":[{"width":2240,"height":700,"url":"https:\/\/jak.fi\/wp-content\/uploads\/2024\/06\/JAK_header_worker.jpg","type":"image\/jpeg"}],"twitter_card":"summary_large_image","twitter_misc":{"Szacowany czas czytania":"4 minuta"},"schema":{"@context":"https:\/\/schema.org","@graph":[{"@type":"WebPage","@id":"https:\/\/jak.fi\/pl\/firma\/jak-jako-firma\/","url":"https:\/\/jak.fi\/pl\/firma\/jak-jako-firma\/","name":"JAK jako firma &#8211; JAK-Metalli Oy","isPartOf":{"@id":"https:\/\/jak.fi\/pl\/#website"},"primaryImageOfPage":{"@id":"https:\/\/jak.fi\/pl\/firma\/jak-jako-firma\/#primaryimage"},"image":{"@id":"https:\/\/jak.fi\/pl\/firma\/jak-jako-firma\/#primaryimage"},"thumbnailUrl":"https:\/\/jak.fi\/wp-content\/uploads\/2024\/06\/JAK_header_worker.jpg","datePublished":"2024-05-28T06:31:14+00:00","dateModified":"2025-06-05T10:01:51+00:00","description":"JAK-Metalli Oy jest firm\u0105 eksportow\u0105 w bran\u017cy metalowej i jednym z pierwszych deweloper\u00f3w i producent\u00f3w g\u0142owic biomasowych na rynku.","breadcrumb":{"@id":"https:\/\/jak.fi\/pl\/firma\/jak-jako-firma\/#breadcrumb"},"inLanguage":"pl-PL","potentialAction":[{"@type":"ReadAction","target":["https:\/\/jak.fi\/pl\/firma\/jak-jako-firma\/"]}]},{"@type":"ImageObject","inLanguage":"pl-PL","@id":"https:\/\/jak.fi\/pl\/firma\/jak-jako-firma\/#primaryimage","url":"https:\/\/jak.fi\/wp-content\/uploads\/2024\/06\/JAK_header_worker.jpg","contentUrl":"https:\/\/jak.fi\/wp-content\/uploads\/2024\/06\/JAK_header_worker.jpg","width":2240,"height":700,"caption":"Spawacz pracuje w fabryce spawaj\u0105c g\u0142owic\u0119 biomasow\u0105 JAK."},{"@type":"BreadcrumbList","@id":"https:\/\/jak.fi\/pl\/firma\/jak-jako-firma\/#breadcrumb","itemListElement":[{"@type":"ListItem","position":1,"name":"Etusivu","item":"https:\/\/jak.fi\/pl\/"},{"@type":"ListItem","position":2,"name":"Firma","item":"https:\/\/jak.fi\/pl\/?page_id=9864"},{"@type":"ListItem","position":3,"name":"JAK jako firma"}]},{"@type":"WebSite","@id":"https:\/\/jak.fi\/pl\/#website","url":"https:\/\/jak.fi\/pl\/","name":"JAK-Metalli Oy","description":"","publisher":{"@id":"https:\/\/jak.fi\/pl\/#organization"},"alternateName":"JAK Tree shears","potentialAction":[{"@type":"SearchAction","target":{"@type":"EntryPoint","urlTemplate":"https:\/\/jak.fi\/pl\/?s={search_term_string}"},"query-input":{"@type":"PropertyValueSpecification","valueRequired":true,"valueName":"search_term_string"}}],"inLanguage":"pl-PL"},{"@type":"Organization","@id":"https:\/\/jak.fi\/pl\/#organization","name":"JAK-Metalli Oy","alternateName":"JAK Tree shears","url":"https:\/\/jak.fi\/pl\/","logo":{"@type":"ImageObject","inLanguage":"pl-PL","@id":"https:\/\/jak.fi\/pl\/#\/schema\/logo\/image\/","url":"https:\/\/jak.fi\/wp-content\/uploads\/2024\/09\/JAK-logo-696x696-1.jpg","contentUrl":"https:\/\/jak.fi\/wp-content\/uploads\/2024\/09\/JAK-logo-696x696-1.jpg","width":696,"height":696,"caption":"JAK-Metalli Oy"},"image":{"@id":"https:\/\/jak.fi\/pl\/#\/schema\/logo\/image\/"},"sameAs":["https:\/\/www.facebook.com\/jaktreeshears","https:\/\/www.instagram.com\/jaktreeshears\/","https:\/\/www.youtube.com\/channel\/UCAwvaVhBBkPie8MeAGbdY1w"]}]}},"_links":{"self":[{"href":"https:\/\/jak.fi\/pl\/wp-json\/wp\/v2\/pages\/9891","targetHints":{"allow":["GET"]}}],"collection":[{"href":"https:\/\/jak.fi\/pl\/wp-json\/wp\/v2\/pages"}],"about":[{"href":"https:\/\/jak.fi\/pl\/wp-json\/wp\/v2\/types\/page"}],"author":[{"embeddable":true,"href":"https:\/\/jak.fi\/pl\/wp-json\/wp\/v2\/users\/1"}],"replies":[{"embeddable":true,"href":"https:\/\/jak.fi\/pl\/wp-json\/wp\/v2\/comments?post=9891"}],"version-history":[{"count":2,"href":"https:\/\/jak.fi\/pl\/wp-json\/wp\/v2\/pages\/9891\/revisions"}],"predecessor-version":[{"id":9898,"href":"https:\/\/jak.fi\/pl\/wp-json\/wp\/v2\/pages\/9891\/revisions\/9898"}],"up":[{"embeddable":true,"href":"https:\/\/jak.fi\/pl\/wp-json\/wp\/v2\/pages\/9864"}],"wp:featuredmedia":[{"embeddable":true,"href":"https:\/\/jak.fi\/pl\/wp-json\/wp\/v2\/media\/9896"}],"wp:attachment":[{"href":"https:\/\/jak.fi\/pl\/wp-json\/wp\/v2\/media?parent=9891"}],"curies":[{"name":"wp","href":"https:\/\/api.w.org\/{rel}","templated":true}]}}