{"id":9902,"date":"2024-05-28T09:32:03","date_gmt":"2024-05-28T06:32:03","guid":{"rendered":"https:\/\/jak.fi\/firma\/jak-jako-pracodawca\/"},"modified":"2025-08-18T09:25:58","modified_gmt":"2025-08-18T06:25:58","slug":"jak-jako-pracodawca","status":"publish","type":"page","link":"https:\/\/jak.fi\/pl\/firma\/jak-jako-pracodawca\/","title":{"rendered":"JAK jako pracodawca"},"content":{"rendered":"\n<div style=\"height:30px\" aria-hidden=\"true\" class=\"wp-block-spacer\"><\/div>\n\n\n\n<p class=\"has-text-align-center has-red-color has-text-color has-link-color has-medium-font-size wp-elements-52393d0398ce777a2a2897b931005206\">Nasz\u0105 wizj\u0105 jest bycie najlepszym, najbardziej poszukiwanym i najbardziej niezawodnym partnerem dla g\u0142owic biomasowych na ca\u0142ym \u015bwiecie, dlatego chcemy inwestowa\u0107 w wiedz\u0119 i ch\u0119\u0107 stania si\u0119 najlepszymi w bran\u017cy.<\/p>\n\n\n\n<h2 class=\"wp-block-heading has-text-align-center\">JAK-Metalli Oy jako pracodawca<\/h2>\n\n\n\n<div class=\"wp-block-columns is-layout-flex wp-container-core-columns-is-layout-9d6595d7 wp-block-columns-is-layout-flex\">\n<div class=\"wp-block-column is-layout-flow wp-block-column-is-layout-flow\">\n<p>JAK-Metalli Oy to zorientowane na rozw\u00f3j M\u015aP z siln\u0105 wizj\u0105 internacjonalizacji. Jako pracodawca zatrudniamy obecnie oko\u0142o 20 os\u00f3b. Ponadto du\u017ca liczba pracownik\u00f3w sprzeda\u017cy, marketingu i logistyki jest \u015bci\u015ble zwi\u0105zana z nasz\u0105 dzia\u0142alno\u015bci\u0105.  <\/p>\n\n\n\n<p>Nasza fabryka w M\u00e4ntt\u00e4 jest podstaw\u0105 naszej dzia\u0142alno\u015bci, zapewniaj\u0105c wysokiej jako\u015bci ramy dla produkcji i dobrego samopoczucia pracownik\u00f3w. Podstawow\u0105 zasad\u0105 jest to, \u017ce ka\u017cdy z naszych produkt\u00f3w jest wytwarzany od pocz\u0105tku do ko\u0144ca we w\u0142asnym zakresie, co pozwala nam kontrolowa\u0107 jako\u015b\u0107 produkcji na ka\u017cdym etapie. Pozwala to r\u00f3wnie\u017c naszym pracownikom zobaczy\u0107 namacalne rezultaty ich pracy.  <\/p>\n<\/div>\n\n\n\n<div class=\"wp-block-column is-layout-flow wp-block-column-is-layout-flow\">\n<p>Nasza fabryka \u0142\u0105czy nowoczesn\u0105 automatyzacj\u0119 z fi\u0144skimi umiej\u0119tno\u015bciami r\u0119cznej produkcji. Jest to jeden z fundament\u00f3w naszej dzia\u0142alno\u015bci, poniewa\u017c nigdy nie chcieli\u015bmy konkurowa\u0107 z rynkiem ni\u017cszymi cenami i ni\u017csz\u0105 jako\u015bci\u0105. Fi\u0144ska praca jest ceniona na ca\u0142ym \u015bwiecie i chcemy, aby znalaz\u0142o to odzwierciedlenie w naszych produktach. Dlatego jeste\u015bmy szczeg\u00f3lnie dumni z naszych wykwalifikowanych pracownik\u00f3w, kt\u00f3rzy zas\u0142uguj\u0105 na uznanie za jako\u015b\u0107 naszych produkt\u00f3w. Nasi zaanga\u017cowani pracownicy r\u00f3wnie\u017c wnosz\u0105 prawdziwy wk\u0142ad w firm\u0119, a duch wsp\u00f3lnej pracy jest wyczuwalny. Mamy r\u00f3wnie\u017c zgrane i pe\u0142ne humoru \u015brodowisko pracy, co sprawia, \u017ce przychodzenie do pracy jest przyjemno\u015bci\u0105.     <\/p>\n<\/div>\n<\/div>\n\n\n\n<figure class=\"wp-block-image size-full\"><img loading=\"lazy\" decoding=\"async\" width=\"1920\" height=\"1280\" src=\"https:\/\/jak.fi\/wp-content\/uploads\/2024\/06\/henkilosto-kuvitus-3.jpg\" alt=\"\" class=\"wp-image-942\" srcset=\"https:\/\/jak.fi\/wp-content\/uploads\/2024\/06\/henkilosto-kuvitus-3.jpg 1920w, https:\/\/jak.fi\/wp-content\/uploads\/2024\/06\/henkilosto-kuvitus-3-700x467.jpg 700w, https:\/\/jak.fi\/wp-content\/uploads\/2024\/06\/henkilosto-kuvitus-3-1200x800.jpg 1200w, https:\/\/jak.fi\/wp-content\/uploads\/2024\/06\/henkilosto-kuvitus-3-768x512.jpg 768w, https:\/\/jak.fi\/wp-content\/uploads\/2024\/06\/henkilosto-kuvitus-3-1536x1024.jpg 1536w, https:\/\/jak.fi\/wp-content\/uploads\/2024\/06\/henkilosto-kuvitus-3-800x533.jpg 800w\" sizes=\"auto, (max-width: 1920px) 100vw, 1920px\" \/><\/figure>\n\n\n\n<div class=\"wp-block-media-text is-stacked-on-mobile is-image-fill-element\"><figure class=\"wp-block-media-text__media\"><img loading=\"lazy\" decoding=\"async\" width=\"1200\" height=\"800\" src=\"https:\/\/jak.fi\/wp-content\/uploads\/2024\/06\/henkilosto-kuvitus-4-1200x800.jpg\" alt=\"\" class=\"wp-image-937 size-full\" style=\"object-position:39% 29%\" srcset=\"https:\/\/jak.fi\/wp-content\/uploads\/2024\/06\/henkilosto-kuvitus-4-1200x800.jpg 1200w, https:\/\/jak.fi\/wp-content\/uploads\/2024\/06\/henkilosto-kuvitus-4-700x467.jpg 700w, https:\/\/jak.fi\/wp-content\/uploads\/2024\/06\/henkilosto-kuvitus-4-768x512.jpg 768w, https:\/\/jak.fi\/wp-content\/uploads\/2024\/06\/henkilosto-kuvitus-4-1536x1024.jpg 1536w, https:\/\/jak.fi\/wp-content\/uploads\/2024\/06\/henkilosto-kuvitus-4-800x533.jpg 800w, https:\/\/jak.fi\/wp-content\/uploads\/2024\/06\/henkilosto-kuvitus-4.jpg 1920w\" sizes=\"auto, (max-width: 1200px) 100vw, 1200px\" \/><\/figure><div class=\"wp-block-media-text__content\">\n<p><\/p>\n\n\n\n<h3 class=\"wp-block-heading\">FAQ<\/h3>\n\n\n\n<p><strong>Jakimi umiej\u0119tno\u015bciami jeste\u015b szczeg\u00f3lnie zainteresowany?<\/strong><br>Profesjonali\u015bci w sektorze obr\u00f3bki metali.<\/p>\n\n\n\n<p><strong>Voinko j\u00e4tt\u00e4\u00e4 avoimen hakemuksen?<\/strong><br>Tietenkin! L\u00e4het\u00e4 avoin hakemus alla olevalla lomakkeella tai l\u00e4het\u00e4 s\u00e4hk\u00f6postia osoitteeseen <a href=\"mailto:rekry@jak.fi\">rekry@jak.fi<\/a><\/p>\n\n\n\n<p><strong>Czy zatrudniasz pracownik\u00f3w wakacyjnych?<\/strong><br>Nasza fabryka jest szybkoz\u0142\u0105cze w lipcu, wi\u0119c nie mamy zapotrzebowania na letnich pracownik\u00f3w.<\/p>\n\n\n\n<p><strong>Czy oferujecie mo\u017cliwo\u015b\u0107 zdobycia do\u015bwiadczenia zawodowego lub pracy dyplomowej?<\/strong><br>Tak! Skontaktuj si\u0119 z nami i porozmawiajmy wi\u0119cej. <\/p>\n<\/div><\/div>\n\n\n\n<h2 class=\"wp-block-heading\">Skontaktuj si\u0119 z nami!<\/h2>\n\n\n\n<div class=\"wpcf7 no-js\" id=\"wpcf7-f10152-o1\" lang=\"pl-PL\" dir=\"ltr\" data-wpcf7-id=\"10152\">\n<div class=\"screen-reader-response\"><p role=\"status\" aria-live=\"polite\" aria-atomic=\"true\"><\/p> <ul><\/ul><\/div>\n<form action=\"\/pl\/wp-json\/wp\/v2\/pages\/9902#wpcf7-f10152-o1\" method=\"post\" class=\"wpcf7-form init\" aria-label=\"Formularz kontaktowy\" novalidate=\"novalidate\" data-status=\"init\">\n<fieldset class=\"hidden-fields-container\"><input type=\"hidden\" name=\"_wpcf7\" value=\"10152\" \/><input type=\"hidden\" name=\"_wpcf7_version\" value=\"6.1.5\" \/><input type=\"hidden\" name=\"_wpcf7_locale\" value=\"pl_PL\" \/><input type=\"hidden\" name=\"_wpcf7_unit_tag\" value=\"wpcf7-f10152-o1\" \/><input type=\"hidden\" name=\"_wpcf7_container_post\" value=\"0\" \/><input type=\"hidden\" name=\"_wpcf7_posted_data_hash\" value=\"\" \/><input type=\"hidden\" name=\"_wpcf7_recaptcha_response\" value=\"\" \/>\n<\/fieldset>\n<div class=\"row\">\n\t<div class=\"col-6 col-md-12 col-lg-6\">\n\t\t<div class=\"form-group\">\n\t\t\t<p><label class=\"control-label\">Imi\u0119<\/label><br \/>\n<span class=\"wpcf7-form-control-wrap\" data-name=\"etunimi\"><input size=\"40\" maxlength=\"400\" class=\"wpcf7-form-control wpcf7-text wpcf7-validates-as-required form-control\" aria-required=\"true\" aria-invalid=\"false\" value=\"\" type=\"text\" name=\"etunimi\" \/><\/span>\n\t\t\t<\/p>\n\t\t<\/div>\n\t<\/div>\n\t<div class=\"col-6 col-md-12 col-lg-6\">\n\t\t<div class=\"form-group\">\n\t\t\t<p><label class=\"control-label\">Nazwisko<\/label><br \/>\n<span class=\"wpcf7-form-control-wrap\" data-name=\"sukunimi\"><input size=\"40\" maxlength=\"400\" class=\"wpcf7-form-control wpcf7-text wpcf7-validates-as-required form-control\" aria-required=\"true\" aria-invalid=\"false\" value=\"\" type=\"text\" name=\"sukunimi\" \/><\/span>\n\t\t\t<\/p>\n\t\t<\/div>\n\t<\/div>\n<\/div>\n<div class=\"form-group\">\n\t<p><label class=\"control-label\">E-mail<\/label><br \/>\n<span class=\"wpcf7-form-control-wrap\" data-name=\"sahkoposti\"><input size=\"40\" maxlength=\"400\" class=\"wpcf7-form-control wpcf7-email wpcf7-validates-as-required wpcf7-text wpcf7-validates-as-email form-control\" autocomplete=\"email\" aria-required=\"true\" aria-invalid=\"false\" value=\"\" type=\"email\" name=\"sahkoposti\" \/><\/span>\n\t<\/p>\n<\/div>\n<div class=\"form-group\">\n\t<p><label class=\"control-label\">Twoja wiadomo\u015b\u0107<\/label><br \/>\n<span class=\"wpcf7-form-control-wrap\" data-name=\"viestisi\"><textarea cols=\"40\" rows=\"3\" maxlength=\"2000\" class=\"wpcf7-form-control wpcf7-textarea wpcf7-validates-as-required form-control\" aria-required=\"true\" aria-invalid=\"false\" name=\"viestisi\"><\/textarea><\/span>\n\t<\/p>\n<\/div>\n<p><span id=\"wpcf7-69e9fc3c01d62-wrapper\" class=\"wpcf7-form-control-wrap email-65-wrap\" style=\"display:none !important; visibility:hidden !important;\"><input type=\"hidden\" name=\"email-65-time-start\" value=\"1776942140\"><input type=\"hidden\" name=\"email-65-time-check\" value=\"10\"><label for=\"wpcf7-69e9fc3c01d62-field\" class=\"hp-message\">Please leave this field empty.<\/label><input id=\"wpcf7-69e9fc3c01d62-field\"  class=\"wpcf7-form-control wpcf7-text\" type=\"text\" name=\"email-65\" value=\"\" size=\"40\" tabindex=\"-1\" autocomplete=\"new-password\" \/><\/span>.<br \/>\n<span class=\"wpcf7-form-control-wrap recaptcha\" data-name=\"recaptcha\"><span data-sitekey=\"6LeH2ykqAAAAABeGFDaq9eWSEJ__65SpcwjgWBPL\" class=\"wpcf7-form-control wpcf7-recaptcha g-recaptcha\"><\/span>\r\n<noscript>\r\n\t<div class=\"grecaptcha-noscript\">\r\n\t\t<iframe loading=\"lazy\" src=\"https:\/\/www.google.com\/recaptcha\/api\/fallback?k=6LeH2ykqAAAAABeGFDaq9eWSEJ__65SpcwjgWBPL\" frameborder=\"0\" scrolling=\"no\" width=\"310\" height=\"430\">\r\n\t\t<\/iframe>\r\n\t\t<textarea name=\"g-recaptcha-response\" rows=\"3\" cols=\"40\" placeholder=\"reCaptcha Response Here\">\r\n\t\t<\/textarea>\r\n\t<\/div>\r\n<\/noscript>\r\n<\/span><br \/>\n<input class=\"wpcf7-form-control wpcf7-submit has-spinner btn\" type=\"submit\" value=\"Wy\u015blij do\" \/>\n<\/p><div class=\"wpcf7-response-output\" aria-hidden=\"true\"><\/div>\n<\/form>\n<\/div>\n\n","protected":false},"excerpt":{"rendered":"<p>Nasz\u0105 wizj\u0105 jest bycie najlepszym, najbardziej poszukiwanym i najbardziej niezawodnym partnerem dla g\u0142owic biomasowych na ca\u0142ym \u015bwiecie, dlatego chcemy inwestowa\u0107 w wiedz\u0119 i ch\u0119\u0107 stania si\u0119 najlepszymi w bran\u017cy. JAK-Metalli Oy jako pracodawca JAK-Metalli Oy to zorientowane na rozw\u00f3j M\u015aP z siln\u0105 wizj\u0105 internacjonalizacji. Jako pracodawca zatrudniamy obecnie oko\u0142o 20 os\u00f3b. Ponadto du\u017ca liczba pracownik\u00f3w [&hellip;]<\/p>\n","protected":false},"author":1,"featured_media":9907,"parent":9864,"menu_order":91,"comment_status":"closed","ping_status":"closed","template":"","meta":{"_acf_changed":false,"footnotes":""},"class_list":["post-9902","page","type-page","status-publish","has-post-thumbnail","hentry"],"acf":[],"yoast_head":"<!-- This site is optimized with the Yoast SEO plugin v27.3 - https:\/\/yoast.com\/product\/yoast-seo-wordpress\/ -->\n<title>JAK jako pracodawca &#8211; JAK-Metalli Oy<\/title>\n<meta name=\"description\" content=\"Nasz\u0105 wizj\u0105 jest bycie najlepszym, najbardziej po\u017c\u0105danym i niezawodnym partnerem dla g\u0142owic biomasowych na arenie mi\u0119dzynarodowej.\" \/>\n<meta name=\"robots\" content=\"index, follow, max-snippet:-1, max-image-preview:large, max-video-preview:-1\" \/>\n<link rel=\"canonical\" href=\"https:\/\/jak.fi\/pl\/firma\/jak-jako-pracodawca\/\" \/>\n<meta property=\"og:locale\" content=\"pl_PL\" \/>\n<meta property=\"og:type\" content=\"article\" \/>\n<meta property=\"og:title\" content=\"JAK jako pracodawca &#8211; JAK-Metalli Oy\" \/>\n<meta property=\"og:description\" content=\"Nasz\u0105 wizj\u0105 jest bycie najlepszym, najbardziej po\u017c\u0105danym i niezawodnym partnerem dla g\u0142owic biomasowych na arenie mi\u0119dzynarodowej.\" \/>\n<meta property=\"og:url\" content=\"https:\/\/jak.fi\/pl\/firma\/jak-jako-pracodawca\/\" \/>\n<meta property=\"og:site_name\" content=\"JAK-Metalli Oy\" \/>\n<meta property=\"article:publisher\" content=\"https:\/\/www.facebook.com\/jaktreeshears\" \/>\n<meta property=\"article:modified_time\" content=\"2025-08-18T06:25:58+00:00\" \/>\n<meta property=\"og:image\" content=\"https:\/\/jak.fi\/wp-content\/uploads\/2024\/06\/JAK_header_employer.jpg\" \/>\n\t<meta property=\"og:image:width\" content=\"2240\" \/>\n\t<meta property=\"og:image:height\" content=\"700\" \/>\n\t<meta property=\"og:image:type\" content=\"image\/jpeg\" \/>\n<meta name=\"twitter:card\" content=\"summary_large_image\" \/>\n<meta name=\"twitter:label1\" content=\"Szacowany czas czytania\" \/>\n\t<meta name=\"twitter:data1\" content=\"2 minuta\" \/>\n<script type=\"application\/ld+json\" class=\"yoast-schema-graph\">{\"@context\":\"https:\\\/\\\/schema.org\",\"@graph\":[{\"@type\":\"WebPage\",\"@id\":\"https:\\\/\\\/jak.fi\\\/pl\\\/firma\\\/jak-jako-pracodawca\\\/\",\"url\":\"https:\\\/\\\/jak.fi\\\/pl\\\/firma\\\/jak-jako-pracodawca\\\/\",\"name\":\"JAK jako pracodawca &#8211; JAK-Metalli Oy\",\"isPartOf\":{\"@id\":\"https:\\\/\\\/jak.fi\\\/pl\\\/#website\"},\"primaryImageOfPage\":{\"@id\":\"https:\\\/\\\/jak.fi\\\/pl\\\/firma\\\/jak-jako-pracodawca\\\/#primaryimage\"},\"image\":{\"@id\":\"https:\\\/\\\/jak.fi\\\/pl\\\/firma\\\/jak-jako-pracodawca\\\/#primaryimage\"},\"thumbnailUrl\":\"https:\\\/\\\/jak.fi\\\/wp-content\\\/uploads\\\/2024\\\/06\\\/JAK_header_employer.jpg\",\"datePublished\":\"2024-05-28T06:32:03+00:00\",\"dateModified\":\"2025-08-18T06:25:58+00:00\",\"description\":\"Nasz\u0105 wizj\u0105 jest bycie najlepszym, najbardziej po\u017c\u0105danym i niezawodnym partnerem dla g\u0142owic biomasowych na arenie mi\u0119dzynarodowej.\",\"breadcrumb\":{\"@id\":\"https:\\\/\\\/jak.fi\\\/pl\\\/firma\\\/jak-jako-pracodawca\\\/#breadcrumb\"},\"inLanguage\":\"pl-PL\",\"potentialAction\":[{\"@type\":\"ReadAction\",\"target\":[\"https:\\\/\\\/jak.fi\\\/pl\\\/firma\\\/jak-jako-pracodawca\\\/\"]}]},{\"@type\":\"ImageObject\",\"inLanguage\":\"pl-PL\",\"@id\":\"https:\\\/\\\/jak.fi\\\/pl\\\/firma\\\/jak-jako-pracodawca\\\/#primaryimage\",\"url\":\"https:\\\/\\\/jak.fi\\\/wp-content\\\/uploads\\\/2024\\\/06\\\/JAK_header_employer.jpg\",\"contentUrl\":\"https:\\\/\\\/jak.fi\\\/wp-content\\\/uploads\\\/2024\\\/06\\\/JAK_header_employer.jpg\",\"width\":2240,\"height\":700,\"caption\":\"W fabryce JAK szcz\u0119\u015bliwy pracownik rozmawia z koleg\u0105, pracuj\u0105c w dobrej atmosferze.\"},{\"@type\":\"BreadcrumbList\",\"@id\":\"https:\\\/\\\/jak.fi\\\/pl\\\/firma\\\/jak-jako-pracodawca\\\/#breadcrumb\",\"itemListElement\":[{\"@type\":\"ListItem\",\"position\":1,\"name\":\"Etusivu\",\"item\":\"https:\\\/\\\/jak.fi\\\/pl\\\/\"},{\"@type\":\"ListItem\",\"position\":2,\"name\":\"Firma\",\"item\":\"https:\\\/\\\/jak.fi\\\/pl\\\/?page_id=9864\"},{\"@type\":\"ListItem\",\"position\":3,\"name\":\"JAK jako pracodawca\"}]},{\"@type\":\"WebSite\",\"@id\":\"https:\\\/\\\/jak.fi\\\/pl\\\/#website\",\"url\":\"https:\\\/\\\/jak.fi\\\/pl\\\/\",\"name\":\"JAK-Metalli Oy\",\"description\":\"\",\"publisher\":{\"@id\":\"https:\\\/\\\/jak.fi\\\/pl\\\/#organization\"},\"alternateName\":\"JAK Tree shears\",\"potentialAction\":[{\"@type\":\"SearchAction\",\"target\":{\"@type\":\"EntryPoint\",\"urlTemplate\":\"https:\\\/\\\/jak.fi\\\/pl\\\/?s={search_term_string}\"},\"query-input\":{\"@type\":\"PropertyValueSpecification\",\"valueRequired\":true,\"valueName\":\"search_term_string\"}}],\"inLanguage\":\"pl-PL\"},{\"@type\":\"Organization\",\"@id\":\"https:\\\/\\\/jak.fi\\\/pl\\\/#organization\",\"name\":\"JAK-Metalli Oy\",\"alternateName\":\"JAK Tree shears\",\"url\":\"https:\\\/\\\/jak.fi\\\/pl\\\/\",\"logo\":{\"@type\":\"ImageObject\",\"inLanguage\":\"pl-PL\",\"@id\":\"https:\\\/\\\/jak.fi\\\/pl\\\/#\\\/schema\\\/logo\\\/image\\\/\",\"url\":\"https:\\\/\\\/jak.fi\\\/wp-content\\\/uploads\\\/2024\\\/09\\\/JAK-logo-696x696-1.jpg\",\"contentUrl\":\"https:\\\/\\\/jak.fi\\\/wp-content\\\/uploads\\\/2024\\\/09\\\/JAK-logo-696x696-1.jpg\",\"width\":696,\"height\":696,\"caption\":\"JAK-Metalli Oy\"},\"image\":{\"@id\":\"https:\\\/\\\/jak.fi\\\/pl\\\/#\\\/schema\\\/logo\\\/image\\\/\"},\"sameAs\":[\"https:\\\/\\\/www.facebook.com\\\/jaktreeshears\",\"https:\\\/\\\/www.instagram.com\\\/jaktreeshears\\\/\",\"https:\\\/\\\/www.youtube.com\\\/channel\\\/UCAwvaVhBBkPie8MeAGbdY1w\"]}]}<\/script>\n<!-- \/ Yoast SEO plugin. -->","yoast_head_json":{"title":"JAK jako pracodawca &#8211; JAK-Metalli Oy","description":"Nasz\u0105 wizj\u0105 jest bycie najlepszym, najbardziej po\u017c\u0105danym i niezawodnym partnerem dla g\u0142owic biomasowych na arenie mi\u0119dzynarodowej.","robots":{"index":"index","follow":"follow","max-snippet":"max-snippet:-1","max-image-preview":"max-image-preview:large","max-video-preview":"max-video-preview:-1"},"canonical":"https:\/\/jak.fi\/pl\/firma\/jak-jako-pracodawca\/","og_locale":"pl_PL","og_type":"article","og_title":"JAK jako pracodawca &#8211; JAK-Metalli Oy","og_description":"Nasz\u0105 wizj\u0105 jest bycie najlepszym, najbardziej po\u017c\u0105danym i niezawodnym partnerem dla g\u0142owic biomasowych na arenie mi\u0119dzynarodowej.","og_url":"https:\/\/jak.fi\/pl\/firma\/jak-jako-pracodawca\/","og_site_name":"JAK-Metalli Oy","article_publisher":"https:\/\/www.facebook.com\/jaktreeshears","article_modified_time":"2025-08-18T06:25:58+00:00","og_image":[{"width":2240,"height":700,"url":"https:\/\/jak.fi\/wp-content\/uploads\/2024\/06\/JAK_header_employer.jpg","type":"image\/jpeg"}],"twitter_card":"summary_large_image","twitter_misc":{"Szacowany czas czytania":"2 minuta"},"schema":{"@context":"https:\/\/schema.org","@graph":[{"@type":"WebPage","@id":"https:\/\/jak.fi\/pl\/firma\/jak-jako-pracodawca\/","url":"https:\/\/jak.fi\/pl\/firma\/jak-jako-pracodawca\/","name":"JAK jako pracodawca &#8211; JAK-Metalli Oy","isPartOf":{"@id":"https:\/\/jak.fi\/pl\/#website"},"primaryImageOfPage":{"@id":"https:\/\/jak.fi\/pl\/firma\/jak-jako-pracodawca\/#primaryimage"},"image":{"@id":"https:\/\/jak.fi\/pl\/firma\/jak-jako-pracodawca\/#primaryimage"},"thumbnailUrl":"https:\/\/jak.fi\/wp-content\/uploads\/2024\/06\/JAK_header_employer.jpg","datePublished":"2024-05-28T06:32:03+00:00","dateModified":"2025-08-18T06:25:58+00:00","description":"Nasz\u0105 wizj\u0105 jest bycie najlepszym, najbardziej po\u017c\u0105danym i niezawodnym partnerem dla g\u0142owic biomasowych na arenie mi\u0119dzynarodowej.","breadcrumb":{"@id":"https:\/\/jak.fi\/pl\/firma\/jak-jako-pracodawca\/#breadcrumb"},"inLanguage":"pl-PL","potentialAction":[{"@type":"ReadAction","target":["https:\/\/jak.fi\/pl\/firma\/jak-jako-pracodawca\/"]}]},{"@type":"ImageObject","inLanguage":"pl-PL","@id":"https:\/\/jak.fi\/pl\/firma\/jak-jako-pracodawca\/#primaryimage","url":"https:\/\/jak.fi\/wp-content\/uploads\/2024\/06\/JAK_header_employer.jpg","contentUrl":"https:\/\/jak.fi\/wp-content\/uploads\/2024\/06\/JAK_header_employer.jpg","width":2240,"height":700,"caption":"W fabryce JAK szcz\u0119\u015bliwy pracownik rozmawia z koleg\u0105, pracuj\u0105c w dobrej atmosferze."},{"@type":"BreadcrumbList","@id":"https:\/\/jak.fi\/pl\/firma\/jak-jako-pracodawca\/#breadcrumb","itemListElement":[{"@type":"ListItem","position":1,"name":"Etusivu","item":"https:\/\/jak.fi\/pl\/"},{"@type":"ListItem","position":2,"name":"Firma","item":"https:\/\/jak.fi\/pl\/?page_id=9864"},{"@type":"ListItem","position":3,"name":"JAK jako pracodawca"}]},{"@type":"WebSite","@id":"https:\/\/jak.fi\/pl\/#website","url":"https:\/\/jak.fi\/pl\/","name":"JAK-Metalli Oy","description":"","publisher":{"@id":"https:\/\/jak.fi\/pl\/#organization"},"alternateName":"JAK Tree shears","potentialAction":[{"@type":"SearchAction","target":{"@type":"EntryPoint","urlTemplate":"https:\/\/jak.fi\/pl\/?s={search_term_string}"},"query-input":{"@type":"PropertyValueSpecification","valueRequired":true,"valueName":"search_term_string"}}],"inLanguage":"pl-PL"},{"@type":"Organization","@id":"https:\/\/jak.fi\/pl\/#organization","name":"JAK-Metalli Oy","alternateName":"JAK Tree shears","url":"https:\/\/jak.fi\/pl\/","logo":{"@type":"ImageObject","inLanguage":"pl-PL","@id":"https:\/\/jak.fi\/pl\/#\/schema\/logo\/image\/","url":"https:\/\/jak.fi\/wp-content\/uploads\/2024\/09\/JAK-logo-696x696-1.jpg","contentUrl":"https:\/\/jak.fi\/wp-content\/uploads\/2024\/09\/JAK-logo-696x696-1.jpg","width":696,"height":696,"caption":"JAK-Metalli Oy"},"image":{"@id":"https:\/\/jak.fi\/pl\/#\/schema\/logo\/image\/"},"sameAs":["https:\/\/www.facebook.com\/jaktreeshears","https:\/\/www.instagram.com\/jaktreeshears\/","https:\/\/www.youtube.com\/channel\/UCAwvaVhBBkPie8MeAGbdY1w"]}]}},"_links":{"self":[{"href":"https:\/\/jak.fi\/pl\/wp-json\/wp\/v2\/pages\/9902","targetHints":{"allow":["GET"]}}],"collection":[{"href":"https:\/\/jak.fi\/pl\/wp-json\/wp\/v2\/pages"}],"about":[{"href":"https:\/\/jak.fi\/pl\/wp-json\/wp\/v2\/types\/page"}],"author":[{"embeddable":true,"href":"https:\/\/jak.fi\/pl\/wp-json\/wp\/v2\/users\/1"}],"replies":[{"embeddable":true,"href":"https:\/\/jak.fi\/pl\/wp-json\/wp\/v2\/comments?post=9902"}],"version-history":[{"count":3,"href":"https:\/\/jak.fi\/pl\/wp-json\/wp\/v2\/pages\/9902\/revisions"}],"predecessor-version":[{"id":11679,"href":"https:\/\/jak.fi\/pl\/wp-json\/wp\/v2\/pages\/9902\/revisions\/11679"}],"up":[{"embeddable":true,"href":"https:\/\/jak.fi\/pl\/wp-json\/wp\/v2\/pages\/9864"}],"wp:featuredmedia":[{"embeddable":true,"href":"https:\/\/jak.fi\/pl\/wp-json\/wp\/v2\/media\/9907"}],"wp:attachment":[{"href":"https:\/\/jak.fi\/pl\/wp-json\/wp\/v2\/media?parent=9902"}],"curies":[{"name":"wp","href":"https:\/\/api.w.org\/{rel}","templated":true}]}}