{"id":9951,"date":"2024-05-29T09:58:10","date_gmt":"2024-05-29T06:58:10","guid":{"rendered":"https:\/\/jak.fi\/glowica-biomasowa-do-traktora-i-maszyny-lesnej\/"},"modified":"2025-06-05T13:02:00","modified_gmt":"2025-06-05T10:02:00","slug":"glowica-biomasowa-do-traktora-i-maszyny-lesnej","status":"publish","type":"page","link":"https:\/\/jak.fi\/pl\/glowica-biomasowa-do-traktora-i-maszyny-lesnej\/","title":{"rendered":"G\u0142owica biomasowa do traktora i maszyny le\u015bnej"},"content":{"rendered":"\n<h2 class=\"wp-block-heading has-text-align-center\">JAK G\u0142owica biomasowa do traktora, maszyny le\u015bnej lub d\u017awigu<\/h2>\n\n<p class=\"has-text-align-center has-blue-color has-text-color has-link-color has-medium-font-size wp-elements-828f3a6dcfc3118a65647cbe15c6bf4e\">JAK-Metalli Oferta Oy obejmuje g\u0142owice biomasowe do traktor\u00f3w do zrywki drewna i maszyn le\u015bnych. G\u0142owice biomasowe s\u0105 lekkie i trwa\u0142e, dzi\u0119ki czemu nadaj\u0105 si\u0119 do szerokiego zakresu zastosowa\u0144.   <\/p>\n\n<p class=\"has-text-align-center has-blue-color has-text-color has-link-color has-medium-font-size wp-elements-09c7a92e1db1d0a4ec2368f5b299866f\">Nasze chwytaki do drewna energetycznego s\u0105 przeznaczone do intensywnego u\u017cytku profesjonalnego. Dzi\u0119ki naszym g\u0142owicom biomasowym do traktor\u00f3w i maszyn le\u015bnych mo\u017cna oczyszcza\u0107 kraw\u0119dzie p\u00f3l, pobocza dr\u00f3g i ci\u0105\u0107 drewno energetyczne bez wysi\u0142ku, nawet na du\u017cych powierzchniach. Ka\u017cda g\u0142owica biomasowa JAK jest obj\u0119ta 24-miesi\u0119czn\u0105 gwarancj\u0105 fabryczn\u0105.  <\/p>\n\n<hr class=\"wp-block-separator has-text-color has-red-color has-alpha-channel-opacity has-red-background-color has-background is-style-wide\"\/>\n\n<h2 class=\"wp-block-heading has-text-align-center\">Wybierz odpowiedni\u0105 g\u0142owic\u0119 biomasow\u0105 dla rozmiaru maszyny <br\/><\/h2>\n<div class=\"woocommerce columns-4 \"><div class=\"col-12 col-md-6 col-lg-3 product\"  >\n\t<figure>\n\t\t<img loading=\"lazy\" decoding=\"async\" width=\"800\" height=\"540\" src=\"https:\/\/jak.fi\/wp-content\/uploads\/2025\/04\/JAK-250K-Pro-Tree-Shear-Web-10-800x540.png\" class=\"attachment-woocommerce_thumbnail size-woocommerce_thumbnail\" alt=\"G\u0142owica biomasowa JAK-250K Pro do traktora lub maszyny le\u015bnej\" \/>\t\t\n\t\t<figcaption>\n\t\n\t\t\t<h3 class=\"\u201dwoocommerce-loop-product__title\u201d\">JAK-200K PRO G\u0142owica biomasowa<\/h3>\n\t\t\t\n\t\t\n\t\t\t\n\t\t\t<p class=\"has-blue-color\">Do traktor\u00f3w i \u017curawi do drewna<\/p>\n\t\t\t\t\t\n\t\t\t<\/a>\t\t\t\t\t\n\t\t\t<a href=\"https:\/\/jak.fi\/pl\/produkty\/glowice-biomasowe-dla-traktorow-i-maszyn-lesnych\/jak-250k-pro-glowica-biomasowa-kopio\/\">Poznaj produkt <i class=\"fa-solid fa-chevron-right\" aria-hidden=\"true\"><\/i><\/a>\n\t\t<\/figcaption>\t\t\t\t\t\t\t\n\t<\/figure>\n<\/div>\n<div class=\"col-12 col-md-6 col-lg-3 product\"  >\n\t<figure>\n\t\t<img loading=\"lazy\" decoding=\"async\" width=\"800\" height=\"540\" src=\"https:\/\/jak.fi\/wp-content\/uploads\/2025\/04\/JAK-250K-Pro-Tree-Shear-Web-10-800x540.png\" class=\"attachment-woocommerce_thumbnail size-woocommerce_thumbnail\" alt=\"G\u0142owica biomasowa JAK-250K Pro do traktora lub maszyny le\u015bnej\" \/>\t\t\n\t\t<figcaption>\n\t\n\t\t\t<h3 class=\"\u201dwoocommerce-loop-product__title\u201d\">JAK-250K PRO G\u0142owica biomasowa<\/h3>\n\t\t\t\n\t\t\n\t\t\t\n\t\t\t<p class=\"has-blue-color\">Do maszyn le\u015bnych i du\u017cych traktor\u00f3w<\/p>\n\t\t\t\t\t\n\t\t\t<\/a>\t\t\t\t\t\n\t\t\t<a href=\"https:\/\/jak.fi\/pl\/produkty\/glowice-biomasowe-dla-traktorow-i-maszyn-lesnych\/jak-250k-pro-glowica-biomasowa\/\">Poznaj produkt <i class=\"fa-solid fa-chevron-right\" aria-hidden=\"true\"><\/i><\/a>\n\t\t<\/figcaption>\t\t\t\t\t\t\t\n\t<\/figure>\n<\/div>\n<div class=\"col-12 col-md-6 col-lg-3 product\"  >\n\t<figure>\n\t\t<img loading=\"lazy\" decoding=\"async\" width=\"800\" height=\"540\" src=\"https:\/\/jak.fi\/wp-content\/uploads\/2025\/04\/JAK-250K-Pro-Tree-Shear-Web-10-800x540.png\" class=\"attachment-woocommerce_thumbnail size-woocommerce_thumbnail\" alt=\"G\u0142owica biomasowa JAK-250K Pro do traktora lub maszyny le\u015bnej\" \/>\t\t\n\t\t<figcaption>\n\t\n\t\t\t<h3 class=\"\u201dwoocommerce-loop-product__title\u201d\">JAK-300K PRO G\u0142owica biomasowa<\/h3>\n\t\t\t\n\t\t\n\t\t\t\n\t\t\t<p class=\"has-blue-color\">maszyna le\u015bna<\/p>\n\t\t\t\t\t\n\t\t\t<\/a>\t\t\t\t\t\n\t\t\t<a href=\"https:\/\/jak.fi\/pl\/produkty\/glowice-biomasowe-dla-traktorow-i-maszyn-lesnych\/jak-300k-pro-glowica-biomasowa\/\">Poznaj produkt <i class=\"fa-solid fa-chevron-right\" aria-hidden=\"true\"><\/i><\/a>\n\t\t<\/figcaption>\t\t\t\t\t\t\t\n\t<\/figure>\n<\/div>\n<div class=\"col-12 col-md-6 col-lg-3 product\"  >\n\t<figure>\n\t\t<img loading=\"lazy\" decoding=\"async\" width=\"800\" height=\"540\" src=\"https:\/\/jak.fi\/wp-content\/uploads\/2024\/05\/jak-200k-4-1-800x540.png\" class=\"attachment-woocommerce_thumbnail size-woocommerce_thumbnail\" alt=\"JAK-200K G\u0142owica biomasowa GEN4\" \/>\t\t\n\t\t<figcaption>\n\t\n\t\t\t<h3 class=\"\u201dwoocommerce-loop-product__title\u201d\">JAK-200K G\u0142owica biomasowa GEN4<\/h3>\n\t\t\t\n\t\t\n\t\t\t\n\t\t\t<p class=\"has-blue-color\">Do ma\u0142ych traktor\u00f3w i \u0142adowarek do drewna<\/p>\n\t\t\t\t\t\n\t\t\t<\/a>\t\t\t\t\t\n\t\t\t<a href=\"https:\/\/jak.fi\/pl\/produkty\/glowice-biomasowe-dla-traktorow-i-maszyn-lesnych\/jak-200k-glowica-biomasowa-gen4\/\">Poznaj produkt <i class=\"fa-solid fa-chevron-right\" aria-hidden=\"true\"><\/i><\/a>\n\t\t<\/figcaption>\t\t\t\t\t\t\t\n\t<\/figure>\n<\/div>\n<div class=\"col-12 col-md-6 col-lg-3 product\"  >\n\t<figure>\n\t\t<img loading=\"lazy\" decoding=\"async\" width=\"800\" height=\"540\" src=\"https:\/\/jak.fi\/wp-content\/uploads\/2024\/06\/jak-250k-4-1-800x540.png\" class=\"attachment-woocommerce_thumbnail size-woocommerce_thumbnail\" alt=\"G\u0142owica biomasowa JAK-250K GEN4 do maszyn le\u015bnych i traktor\u00f3w, wydajna i trwa\u0142a, tn\u0105ca drzewa o grubo\u015bci 250 mm.\" \/>\t\t\n\t\t<figcaption>\n\t\n\t\t\t<h3 class=\"\u201dwoocommerce-loop-product__title\u201d\">JAK-250K G\u0142owica biomasowa GEN4<\/h3>\n\t\t\t\n\t\t\n\t\t\t\n\t\t\t<p class=\"has-blue-color\">Do maszyn le\u015bnych i du\u017cych traktor\u00f3w<\/p>\n\t\t\t\t\t\n\t\t\t<\/a>\t\t\t\t\t\n\t\t\t<a href=\"https:\/\/jak.fi\/pl\/produkty\/glowice-biomasowe-dla-traktorow-i-maszyn-lesnych\/jak-250k-glowica-biomasowa-gen4\/\">Poznaj produkt <i class=\"fa-solid fa-chevron-right\" aria-hidden=\"true\"><\/i><\/a>\n\t\t<\/figcaption>\t\t\t\t\t\t\t\n\t<\/figure>\n<\/div>\n<\/div>\n\n<div style=\"height:100px\" aria-hidden=\"true\" class=\"wp-block-spacer\"><\/div>\n\n<figure class=\"wp-block-gallery has-nested-images columns-default is-cropped wp-block-gallery-1 is-layout-flex wp-block-gallery-is-layout-flex\">\n<figure class=\"wp-block-image size-large\"><img loading=\"lazy\" decoding=\"async\" width=\"1200\" height=\"841\" data-id=\"478\" src=\"https:\/\/jak.fi\/wp-content\/uploads\/2024\/05\/jak-200k-on-tractor-timber-loader-21-scaled-1-1200x841.jpg\" alt=\"G&#x142;owica biomasowa JAK-250K montowana na &#x142;adowaczu do drewna traktora, do wydajnej &#x15B;cinki drzew w pracach le&#x15B;nych.\" class=\"wp-image-478\" srcset=\"https:\/\/jak.fi\/wp-content\/uploads\/2024\/05\/jak-200k-on-tractor-timber-loader-21-scaled-1-1200x841.jpg 1200w, https:\/\/jak.fi\/wp-content\/uploads\/2024\/05\/jak-200k-on-tractor-timber-loader-21-scaled-1-700x490.jpg 700w, https:\/\/jak.fi\/wp-content\/uploads\/2024\/05\/jak-200k-on-tractor-timber-loader-21-scaled-1-768x538.jpg 768w, https:\/\/jak.fi\/wp-content\/uploads\/2024\/05\/jak-200k-on-tractor-timber-loader-21-scaled-1-1536x1076.jpg 1536w, https:\/\/jak.fi\/wp-content\/uploads\/2024\/05\/jak-200k-on-tractor-timber-loader-21-scaled-1-800x560.jpg 800w, https:\/\/jak.fi\/wp-content\/uploads\/2024\/05\/jak-200k-on-tractor-timber-loader-21-scaled-1.jpg 1920w\" sizes=\"auto, (max-width: 1200px) 100vw, 1200px\" \/><\/figure>\n\n\n\n<figure class=\"wp-block-image size-large\"><img loading=\"lazy\" decoding=\"async\" width=\"1200\" height=\"829\" data-id=\"508\" src=\"https:\/\/jak.fi\/wp-content\/uploads\/2024\/05\/jak-200k-on-tractor-timber-loader-24-scaled-1-1200x829.jpg\" alt=\"G&#x142;owica biomasowa JAK-250K montowana na &#x142;adowaczu do drewna traktora, do wydajnej &#x15B;cinki drzew w pracach le&#x15B;nych.\" class=\"wp-image-508\" srcset=\"https:\/\/jak.fi\/wp-content\/uploads\/2024\/05\/jak-200k-on-tractor-timber-loader-24-scaled-1-1200x829.jpg 1200w, https:\/\/jak.fi\/wp-content\/uploads\/2024\/05\/jak-200k-on-tractor-timber-loader-24-scaled-1-700x484.jpg 700w, https:\/\/jak.fi\/wp-content\/uploads\/2024\/05\/jak-200k-on-tractor-timber-loader-24-scaled-1-768x531.jpg 768w, https:\/\/jak.fi\/wp-content\/uploads\/2024\/05\/jak-200k-on-tractor-timber-loader-24-scaled-1-1536x1062.jpg 1536w, https:\/\/jak.fi\/wp-content\/uploads\/2024\/05\/jak-200k-on-tractor-timber-loader-24-scaled-1-800x553.jpg 800w, https:\/\/jak.fi\/wp-content\/uploads\/2024\/05\/jak-200k-on-tractor-timber-loader-24-scaled-1.jpg 1920w\" sizes=\"auto, (max-width: 1200px) 100vw, 1200px\" \/><\/figure>\n\n\n\n<figure class=\"wp-block-image size-large\"><img loading=\"lazy\" decoding=\"async\" width=\"1200\" height=\"756\" data-id=\"7121\" src=\"https:\/\/jak.fi\/wp-content\/uploads\/2025\/03\/jak-200k-on-tractor-timber-loader-14-scaled-1-1200x756.jpg\" alt=\"\" class=\"wp-image-7121\" srcset=\"https:\/\/jak.fi\/wp-content\/uploads\/2025\/03\/jak-200k-on-tractor-timber-loader-14-scaled-1-1200x756.jpg 1200w, https:\/\/jak.fi\/wp-content\/uploads\/2025\/03\/jak-200k-on-tractor-timber-loader-14-scaled-1-700x441.jpg 700w, https:\/\/jak.fi\/wp-content\/uploads\/2025\/03\/jak-200k-on-tractor-timber-loader-14-scaled-1-768x484.jpg 768w, https:\/\/jak.fi\/wp-content\/uploads\/2025\/03\/jak-200k-on-tractor-timber-loader-14-scaled-1-1536x968.jpg 1536w, https:\/\/jak.fi\/wp-content\/uploads\/2025\/03\/jak-200k-on-tractor-timber-loader-14-scaled-1-2048x1290.jpg 2048w, https:\/\/jak.fi\/wp-content\/uploads\/2025\/03\/jak-200k-on-tractor-timber-loader-14-scaled-1-800x504.jpg 800w\" sizes=\"auto, (max-width: 1200px) 100vw, 1200px\" \/><\/figure>\n<\/figure>\n\n<h2 class=\"wp-block-heading\">G\u0142owica biomasowa JAK do traktora i maszyny le\u015bnej &#8211; wydajniejsze i bezpieczniejsze zbieranie plon\u00f3w<\/h2>\n\n<p>G\u0142owica biomasowa Energy Grapple do traktor\u00f3w i maszyn le\u015bnych zapewnia niespotykan\u0105 wydajno\u015b\u0107 i \u0142atwo\u015b\u0107 usuwania drzew i zaro\u015bli. Zaprojektowana do pracy w ci\u0119\u017ckich warunkach g\u0142owica biomasowa Energy Grapple oferuje szerok\u0105 gam\u0119 funkcji do pracy z drzewami. Niezale\u017cnie od tego, czy chodzi o karczowanie poboczy dr\u00f3g, linii energetycznych, tor\u00f3w kolejowych, obrze\u017cy p\u00f3l, dzia\u0142ek czy teren\u00f3w le\u015bnych i krajobrazowych, g\u0142owica biomasowa sprawia, \u017ce prace zwi\u0105zane z karczowaniem s\u0105 bezpieczne i wydajne.  <\/p>\n\n<p>Nasza g\u0142owica biomasowa to pot\u0119\u017cne, szybkie i bardzo trwa\u0142e narz\u0119dzie, kt\u00f3remu ufa coraz wi\u0119cej profesjonalist\u00f3w na ca\u0142ym \u015bwiecie. G\u0142owica biomasowa umo\u017cliwia ci\u0119cie drewna bez wysi\u0142ku i precyzyjnie w \u017c\u0105danym punkcie, a nast\u0119pnie podniesienie go w \u017c\u0105dane miejsce w celu dalszej obr\u00f3bki. Dzi\u0119ki swojej konstrukcji, g\u0142owica biomasowa jest r\u00f3wnie\u017c idealna do przenoszenia i ci\u0119cia drewna na ziemi.  <\/p>\n\n<p>Najlepszym zastosowaniem do usuwania drzew za pomoc\u0105 g\u0142owicy biomasowej jest oczyszczanie terenu z nieodpowiedniego drewna w celu jego sprzeda\u017cy np. firmom energetycznym. G\u0142owica biomasowa jest r\u00f3wnie\u017c doskona\u0142ym narz\u0119dziem do usuwania problematycznych drzew w niewygodnych miejscach, takich jak okolice budynk\u00f3w lub park\u00f3w. G\u0142owica biomasowa jest r\u00f3wnie\u017c u\u017cywana do usuwania szk\u00f3d spowodowanych przez burze lub po\u017cary.  <\/p>\n","protected":false},"excerpt":{"rendered":"<p>JAK G\u0142owica biomasowa do traktora, maszyny le\u015bnej lub d\u017awigu JAK-Metalli Oferta Oy obejmuje g\u0142owice biomasowe do traktor\u00f3w do zrywki drewna i maszyn le\u015bnych. G\u0142owice biomasowe s\u0105 lekkie i trwa\u0142e, dzi\u0119ki czemu nadaj\u0105 si\u0119 do szerokiego zakresu zastosowa\u0144. Nasze chwytaki do drewna energetycznego s\u0105 przeznaczone do intensywnego u\u017cytku profesjonalnego. Dzi\u0119ki naszym g\u0142owicom biomasowym do traktor\u00f3w i [&hellip;]<\/p>\n","protected":false},"author":1,"featured_media":9954,"parent":0,"menu_order":67,"comment_status":"closed","ping_status":"closed","template":"","meta":{"_acf_changed":false,"footnotes":""},"class_list":["post-9951","page","type-page","status-publish","has-post-thumbnail","hentry"],"acf":[],"yoast_head":"<!-- This site is optimized with the Yoast SEO plugin v27.2 - https:\/\/yoast.com\/product\/yoast-seo-wordpress\/ -->\n<title>G\u0142owica biomasowa do traktora i maszyny le\u015bnej &#8211; JAK-Metalli Oy<\/title>\n<meta name=\"description\" content=\"G\u0142owice biomasowe do traktor\u00f3w, maszyn le\u015bnych i d\u017awig\u00f3w - G\u0142owice biomasowe firmy JAK oferuj\u0105 wydajno\u015b\u0107 i trwa\u0142o\u015b\u0107 w wymagaj\u0105cych zadaniach.\" \/>\n<meta name=\"robots\" content=\"index, follow, max-snippet:-1, max-image-preview:large, max-video-preview:-1\" \/>\n<link rel=\"canonical\" href=\"https:\/\/jak.fi\/pl\/glowica-biomasowa-do-traktora-i-maszyny-lesnej\/\" \/>\n<meta property=\"og:locale\" content=\"pl_PL\" \/>\n<meta property=\"og:type\" content=\"article\" \/>\n<meta property=\"og:title\" content=\"G\u0142owica biomasowa do traktora i maszyny le\u015bnej &#8211; JAK-Metalli Oy\" \/>\n<meta property=\"og:description\" content=\"G\u0142owice biomasowe do traktor\u00f3w, maszyn le\u015bnych i d\u017awig\u00f3w - G\u0142owice biomasowe firmy JAK oferuj\u0105 wydajno\u015b\u0107 i trwa\u0142o\u015b\u0107 w wymagaj\u0105cych zadaniach.\" \/>\n<meta property=\"og:url\" content=\"https:\/\/jak.fi\/pl\/glowica-biomasowa-do-traktora-i-maszyny-lesnej\/\" \/>\n<meta property=\"og:site_name\" content=\"JAK-Metalli Oy\" \/>\n<meta property=\"article:publisher\" content=\"https:\/\/www.facebook.com\/jaktreeshears\" \/>\n<meta property=\"article:modified_time\" content=\"2025-06-05T10:02:00+00:00\" \/>\n<meta property=\"og:image\" content=\"https:\/\/jak.fi\/wp-content\/uploads\/2024\/06\/jak_ylakuva_traktorit.jpg\" \/>\n\t<meta property=\"og:image:width\" content=\"2240\" \/>\n\t<meta property=\"og:image:height\" content=\"700\" \/>\n\t<meta property=\"og:image:type\" content=\"image\/jpeg\" \/>\n<meta name=\"twitter:card\" content=\"summary_large_image\" \/>\n<meta name=\"twitter:label1\" content=\"Szacowany czas czytania\" \/>\n\t<meta name=\"twitter:data1\" content=\"2 minuta\" \/>\n<script type=\"application\/ld+json\" class=\"yoast-schema-graph\">{\"@context\":\"https:\/\/schema.org\",\"@graph\":[{\"@type\":\"WebPage\",\"@id\":\"https:\/\/jak.fi\/pl\/glowica-biomasowa-do-traktora-i-maszyny-lesnej\/\",\"url\":\"https:\/\/jak.fi\/pl\/glowica-biomasowa-do-traktora-i-maszyny-lesnej\/\",\"name\":\"G\u0142owica biomasowa do traktora i maszyny le\u015bnej &#8211; JAK-Metalli Oy\",\"isPartOf\":{\"@id\":\"https:\/\/jak.fi\/pl\/#website\"},\"primaryImageOfPage\":{\"@id\":\"https:\/\/jak.fi\/pl\/glowica-biomasowa-do-traktora-i-maszyny-lesnej\/#primaryimage\"},\"image\":{\"@id\":\"https:\/\/jak.fi\/pl\/glowica-biomasowa-do-traktora-i-maszyny-lesnej\/#primaryimage\"},\"thumbnailUrl\":\"https:\/\/jak.fi\/wp-content\/uploads\/2024\/06\/jak_ylakuva_traktorit.jpg\",\"datePublished\":\"2024-05-29T06:58:10+00:00\",\"dateModified\":\"2025-06-05T10:02:00+00:00\",\"description\":\"G\u0142owice biomasowe do traktor\u00f3w, maszyn le\u015bnych i d\u017awig\u00f3w - G\u0142owice biomasowe firmy JAK oferuj\u0105 wydajno\u015b\u0107 i trwa\u0142o\u015b\u0107 w wymagaj\u0105cych zadaniach.\",\"breadcrumb\":{\"@id\":\"https:\/\/jak.fi\/pl\/glowica-biomasowa-do-traktora-i-maszyny-lesnej\/#breadcrumb\"},\"inLanguage\":\"pl-PL\",\"potentialAction\":[{\"@type\":\"ReadAction\",\"target\":[\"https:\/\/jak.fi\/pl\/glowica-biomasowa-do-traktora-i-maszyny-lesnej\/\"]}]},{\"@type\":\"ImageObject\",\"inLanguage\":\"pl-PL\",\"@id\":\"https:\/\/jak.fi\/pl\/glowica-biomasowa-do-traktora-i-maszyny-lesnej\/#primaryimage\",\"url\":\"https:\/\/jak.fi\/wp-content\/uploads\/2024\/06\/jak_ylakuva_traktorit.jpg\",\"contentUrl\":\"https:\/\/jak.fi\/wp-content\/uploads\/2024\/06\/jak_ylakuva_traktorit.jpg\",\"width\":2240,\"height\":700,\"caption\":\"G\u0142owica biomasowa JAK przymocowana do \u0142adowarki do drewna traktora, gotowa do przenoszenia i usuwania drzew.\"},{\"@type\":\"BreadcrumbList\",\"@id\":\"https:\/\/jak.fi\/pl\/glowica-biomasowa-do-traktora-i-maszyny-lesnej\/#breadcrumb\",\"itemListElement\":[{\"@type\":\"ListItem\",\"position\":1,\"name\":\"Etusivu\",\"item\":\"https:\/\/jak.fi\/pl\/\"},{\"@type\":\"ListItem\",\"position\":2,\"name\":\"G\u0142owica biomasowa do traktora i maszyny le\u015bnej\"}]},{\"@type\":\"WebSite\",\"@id\":\"https:\/\/jak.fi\/pl\/#website\",\"url\":\"https:\/\/jak.fi\/pl\/\",\"name\":\"JAK-Metalli Oy\",\"description\":\"\",\"publisher\":{\"@id\":\"https:\/\/jak.fi\/pl\/#organization\"},\"alternateName\":\"JAK Tree shears\",\"potentialAction\":[{\"@type\":\"SearchAction\",\"target\":{\"@type\":\"EntryPoint\",\"urlTemplate\":\"https:\/\/jak.fi\/pl\/?s={search_term_string}\"},\"query-input\":{\"@type\":\"PropertyValueSpecification\",\"valueRequired\":true,\"valueName\":\"search_term_string\"}}],\"inLanguage\":\"pl-PL\"},{\"@type\":\"Organization\",\"@id\":\"https:\/\/jak.fi\/pl\/#organization\",\"name\":\"JAK-Metalli Oy\",\"alternateName\":\"JAK Tree shears\",\"url\":\"https:\/\/jak.fi\/pl\/\",\"logo\":{\"@type\":\"ImageObject\",\"inLanguage\":\"pl-PL\",\"@id\":\"https:\/\/jak.fi\/pl\/#\/schema\/logo\/image\/\",\"url\":\"https:\/\/jak.fi\/wp-content\/uploads\/2024\/09\/JAK-logo-696x696-1.jpg\",\"contentUrl\":\"https:\/\/jak.fi\/wp-content\/uploads\/2024\/09\/JAK-logo-696x696-1.jpg\",\"width\":696,\"height\":696,\"caption\":\"JAK-Metalli Oy\"},\"image\":{\"@id\":\"https:\/\/jak.fi\/pl\/#\/schema\/logo\/image\/\"},\"sameAs\":[\"https:\/\/www.facebook.com\/jaktreeshears\",\"https:\/\/www.instagram.com\/jaktreeshears\/\",\"https:\/\/www.youtube.com\/channel\/UCAwvaVhBBkPie8MeAGbdY1w\"]}]}<\/script>\n<!-- \/ Yoast SEO plugin. -->","yoast_head_json":{"title":"G\u0142owica biomasowa do traktora i maszyny le\u015bnej &#8211; JAK-Metalli Oy","description":"G\u0142owice biomasowe do traktor\u00f3w, maszyn le\u015bnych i d\u017awig\u00f3w - G\u0142owice biomasowe firmy JAK oferuj\u0105 wydajno\u015b\u0107 i trwa\u0142o\u015b\u0107 w wymagaj\u0105cych zadaniach.","robots":{"index":"index","follow":"follow","max-snippet":"max-snippet:-1","max-image-preview":"max-image-preview:large","max-video-preview":"max-video-preview:-1"},"canonical":"https:\/\/jak.fi\/pl\/glowica-biomasowa-do-traktora-i-maszyny-lesnej\/","og_locale":"pl_PL","og_type":"article","og_title":"G\u0142owica biomasowa do traktora i maszyny le\u015bnej &#8211; JAK-Metalli Oy","og_description":"G\u0142owice biomasowe do traktor\u00f3w, maszyn le\u015bnych i d\u017awig\u00f3w - G\u0142owice biomasowe firmy JAK oferuj\u0105 wydajno\u015b\u0107 i trwa\u0142o\u015b\u0107 w wymagaj\u0105cych zadaniach.","og_url":"https:\/\/jak.fi\/pl\/glowica-biomasowa-do-traktora-i-maszyny-lesnej\/","og_site_name":"JAK-Metalli Oy","article_publisher":"https:\/\/www.facebook.com\/jaktreeshears","article_modified_time":"2025-06-05T10:02:00+00:00","og_image":[{"width":2240,"height":700,"url":"https:\/\/jak.fi\/wp-content\/uploads\/2024\/06\/jak_ylakuva_traktorit.jpg","type":"image\/jpeg"}],"twitter_card":"summary_large_image","twitter_misc":{"Szacowany czas czytania":"2 minuta"},"schema":{"@context":"https:\/\/schema.org","@graph":[{"@type":"WebPage","@id":"https:\/\/jak.fi\/pl\/glowica-biomasowa-do-traktora-i-maszyny-lesnej\/","url":"https:\/\/jak.fi\/pl\/glowica-biomasowa-do-traktora-i-maszyny-lesnej\/","name":"G\u0142owica biomasowa do traktora i maszyny le\u015bnej &#8211; JAK-Metalli Oy","isPartOf":{"@id":"https:\/\/jak.fi\/pl\/#website"},"primaryImageOfPage":{"@id":"https:\/\/jak.fi\/pl\/glowica-biomasowa-do-traktora-i-maszyny-lesnej\/#primaryimage"},"image":{"@id":"https:\/\/jak.fi\/pl\/glowica-biomasowa-do-traktora-i-maszyny-lesnej\/#primaryimage"},"thumbnailUrl":"https:\/\/jak.fi\/wp-content\/uploads\/2024\/06\/jak_ylakuva_traktorit.jpg","datePublished":"2024-05-29T06:58:10+00:00","dateModified":"2025-06-05T10:02:00+00:00","description":"G\u0142owice biomasowe do traktor\u00f3w, maszyn le\u015bnych i d\u017awig\u00f3w - G\u0142owice biomasowe firmy JAK oferuj\u0105 wydajno\u015b\u0107 i trwa\u0142o\u015b\u0107 w wymagaj\u0105cych zadaniach.","breadcrumb":{"@id":"https:\/\/jak.fi\/pl\/glowica-biomasowa-do-traktora-i-maszyny-lesnej\/#breadcrumb"},"inLanguage":"pl-PL","potentialAction":[{"@type":"ReadAction","target":["https:\/\/jak.fi\/pl\/glowica-biomasowa-do-traktora-i-maszyny-lesnej\/"]}]},{"@type":"ImageObject","inLanguage":"pl-PL","@id":"https:\/\/jak.fi\/pl\/glowica-biomasowa-do-traktora-i-maszyny-lesnej\/#primaryimage","url":"https:\/\/jak.fi\/wp-content\/uploads\/2024\/06\/jak_ylakuva_traktorit.jpg","contentUrl":"https:\/\/jak.fi\/wp-content\/uploads\/2024\/06\/jak_ylakuva_traktorit.jpg","width":2240,"height":700,"caption":"G\u0142owica biomasowa JAK przymocowana do \u0142adowarki do drewna traktora, gotowa do przenoszenia i usuwania drzew."},{"@type":"BreadcrumbList","@id":"https:\/\/jak.fi\/pl\/glowica-biomasowa-do-traktora-i-maszyny-lesnej\/#breadcrumb","itemListElement":[{"@type":"ListItem","position":1,"name":"Etusivu","item":"https:\/\/jak.fi\/pl\/"},{"@type":"ListItem","position":2,"name":"G\u0142owica biomasowa do traktora i maszyny le\u015bnej"}]},{"@type":"WebSite","@id":"https:\/\/jak.fi\/pl\/#website","url":"https:\/\/jak.fi\/pl\/","name":"JAK-Metalli Oy","description":"","publisher":{"@id":"https:\/\/jak.fi\/pl\/#organization"},"alternateName":"JAK Tree shears","potentialAction":[{"@type":"SearchAction","target":{"@type":"EntryPoint","urlTemplate":"https:\/\/jak.fi\/pl\/?s={search_term_string}"},"query-input":{"@type":"PropertyValueSpecification","valueRequired":true,"valueName":"search_term_string"}}],"inLanguage":"pl-PL"},{"@type":"Organization","@id":"https:\/\/jak.fi\/pl\/#organization","name":"JAK-Metalli Oy","alternateName":"JAK Tree shears","url":"https:\/\/jak.fi\/pl\/","logo":{"@type":"ImageObject","inLanguage":"pl-PL","@id":"https:\/\/jak.fi\/pl\/#\/schema\/logo\/image\/","url":"https:\/\/jak.fi\/wp-content\/uploads\/2024\/09\/JAK-logo-696x696-1.jpg","contentUrl":"https:\/\/jak.fi\/wp-content\/uploads\/2024\/09\/JAK-logo-696x696-1.jpg","width":696,"height":696,"caption":"JAK-Metalli Oy"},"image":{"@id":"https:\/\/jak.fi\/pl\/#\/schema\/logo\/image\/"},"sameAs":["https:\/\/www.facebook.com\/jaktreeshears","https:\/\/www.instagram.com\/jaktreeshears\/","https:\/\/www.youtube.com\/channel\/UCAwvaVhBBkPie8MeAGbdY1w"]}]}},"_links":{"self":[{"href":"https:\/\/jak.fi\/pl\/wp-json\/wp\/v2\/pages\/9951","targetHints":{"allow":["GET"]}}],"collection":[{"href":"https:\/\/jak.fi\/pl\/wp-json\/wp\/v2\/pages"}],"about":[{"href":"https:\/\/jak.fi\/pl\/wp-json\/wp\/v2\/types\/page"}],"author":[{"embeddable":true,"href":"https:\/\/jak.fi\/pl\/wp-json\/wp\/v2\/users\/1"}],"replies":[{"embeddable":true,"href":"https:\/\/jak.fi\/pl\/wp-json\/wp\/v2\/comments?post=9951"}],"version-history":[{"count":2,"href":"https:\/\/jak.fi\/pl\/wp-json\/wp\/v2\/pages\/9951\/revisions"}],"predecessor-version":[{"id":9971,"href":"https:\/\/jak.fi\/pl\/wp-json\/wp\/v2\/pages\/9951\/revisions\/9971"}],"wp:featuredmedia":[{"embeddable":true,"href":"https:\/\/jak.fi\/pl\/wp-json\/wp\/v2\/media\/9954"}],"wp:attachment":[{"href":"https:\/\/jak.fi\/pl\/wp-json\/wp\/v2\/media?parent=9951"}],"curies":[{"name":"wp","href":"https:\/\/api.w.org\/{rel}","templated":true}]}}