{"id":9972,"date":"2024-05-29T10:01:47","date_gmt":"2024-05-29T07:01:47","guid":{"rendered":"https:\/\/jak.fi\/glowice-biomasowe-do-ladowarek-i-wysiegnikow\/"},"modified":"2025-06-05T13:02:00","modified_gmt":"2025-06-05T10:02:00","slug":"glowice-biomasowe-do-ladowarek-i-wysiegnikow","status":"publish","type":"page","link":"https:\/\/jak.fi\/pl\/glowice-biomasowe-do-ladowarek-i-wysiegnikow\/","title":{"rendered":"G\u0142owice biomasowe do \u0142adowarek i wysi\u0119gnik\u00f3w"},"content":{"rendered":"\n<h2 class=\"wp-block-heading has-text-align-center\">G\u0142owice biomasowe JAK do \u0142adowarek teleskopowych i wysi\u0119gnik\u00f3w o r\u00f3\u017cnych rozmiarach<\/h2>\n\n<p class=\"has-text-align-center\">G\u0142owica biomasowa JAK jest idealnym akcesorium do \u0142adowarek i koparek teleskopowych. Wyposa\u017cone w tyln\u0105 cz\u0119\u015b\u0107 do \u0142adowarek teleskopowych i koparek, g\u0142owice biomasowe serii R s\u0105 przeznaczone do ci\u0119\u017ckich zastosowa\u0144 profesjonalnych i s\u0105 obj\u0119te pe\u0142n\u0105 dwuletni\u0105 gwarancj\u0105 fabryczn\u0105. <\/p>\n\n<p class=\"has-text-align-center\">Nasze g\u0142owice biomasowe do \u0142adowarek i wysi\u0119gnik\u00f3w mog\u0105 by\u0107 wyposa\u017cone we wszystkie powszechnie stosowane przystawki do \u0142adowarek i wysi\u0119gnik\u00f3w.<\/p>\n\n<hr class=\"wp-block-separator has-text-color has-red-color has-alpha-channel-opacity has-red-background-color has-background is-style-wide\"\/>\n\n<h2 class=\"wp-block-heading has-text-align-center\">Wybierz odpowiedni\u0105 g\u0142owic\u0119 biomasow\u0105 dla rozmiaru maszyny <br\/><\/h2>\n<div class=\"woocommerce columns-4 \"><div class=\"col-12 col-md-6 col-lg-3 product\"  >\n\t<figure>\n\t\t<img loading=\"lazy\" decoding=\"async\" width=\"800\" height=\"540\" src=\"https:\/\/jak.fi\/wp-content\/uploads\/2024\/06\/jak-200r-tree-shear-for-wheel-loaders-and-telehandlers-front-right-view-1-800x540.png\" class=\"attachment-woocommerce_thumbnail size-woocommerce_thumbnail\" alt=\"JAK-200R G\u0142owica biomasowa GEN4 do \u0142adowarki i reachera\" \/>\t\t\n\t\t<figcaption>\n\t\n\t\t\t<h3 class=\"\u201dwoocommerce-loop-product__title\u201d\">JAK-200R G\u0142owica biomasowa GEN4 do \u0142adowarki i reachera<\/h3>\n\t\t\t\n\t\t\n\t\t\t\n\t\t\t<p class=\"has-blue-color\">\u0141adowarki ko\u0142owe 1,3-2,5 t (2866-5511 lbs)<br \/>\n\u0141adowarki teleskopowe Ud\u017awig 450 kg (992 lbs)<\/p>\n\t\t\t\t\t\n\t\t\t<\/a>\t\t\t\t\t\n\t\t\t<a href=\"https:\/\/jak.fi\/pl\/produkty\/glowice-biomasowe-do-ladowarek-i-wysiegnikow\/jak-200r-glowica-biomasowa-gen4-do-ladowarki-i-reachera\/\">Poznaj produkt <i class=\"fa-solid fa-chevron-right\" aria-hidden=\"true\"><\/i><\/a>\n\t\t<\/figcaption>\t\t\t\t\t\t\t\n\t<\/figure>\n<\/div>\n<div class=\"col-12 col-md-6 col-lg-3 product\"  >\n\t<figure>\n\t\t<img loading=\"lazy\" decoding=\"async\" width=\"800\" height=\"540\" src=\"https:\/\/jak.fi\/wp-content\/uploads\/2024\/06\/jak-250r-tree-shear-for-wheel-loaders-and-telehandlers-front-right-view-1-800x540.png\" class=\"attachment-woocommerce_thumbnail size-woocommerce_thumbnail\" alt=\"JAK-250R G\u0142owica biomasowa GEN4 do \u0142adowarki i reachera\" \/>\t\t\n\t\t<figcaption>\n\t\n\t\t\t<h3 class=\"\u201dwoocommerce-loop-product__title\u201d\">JAK-250R G\u0142owica biomasowa GEN4 do \u0142adowarki i reachera<\/h3>\n\t\t\t\n\t\t\n\t\t\t\n\t\t\t<p class=\"has-blue-color\">\u0141adowarki ko\u0142owe 3-6 tn (6613-13227 lbs)<br \/>\n\u0141adowarki teleskopowe Ud\u017awig 900 kg (1984 lbs)<\/p>\n\t\t\t\t\t\n\t\t\t<\/a>\t\t\t\t\t\n\t\t\t<a href=\"https:\/\/jak.fi\/pl\/produkty\/glowice-biomasowe-do-ladowarek-i-wysiegnikow\/jak-250r-glowica-biomasowa-gen4-do-ladowarki-i-reachera\/\">Poznaj produkt <i class=\"fa-solid fa-chevron-right\" aria-hidden=\"true\"><\/i><\/a>\n\t\t<\/figcaption>\t\t\t\t\t\t\t\n\t<\/figure>\n<\/div>\n<div class=\"col-12 col-md-6 col-lg-3 product\"  >\n\t<figure>\n\t\t<img loading=\"lazy\" decoding=\"async\" width=\"800\" height=\"540\" src=\"https:\/\/jak.fi\/wp-content\/uploads\/2024\/05\/jak-300r-tree-shear-for-wheel-loader-and-telehandler-front-right-view-1-800x540.png\" class=\"attachment-woocommerce_thumbnail size-woocommerce_thumbnail\" alt=\"JAK-300R G\u0142owica biomasowa do \u0142adowarki teleskopowej i wysi\u0119gnika GEN4\" \/>\t\t\n\t\t<figcaption>\n\t\n\t\t\t<h3 class=\"\u201dwoocommerce-loop-product__title\u201d\">JAK-300R G\u0142owica biomasowa do \u0142adowarki teleskopowej i wysi\u0119gnika GEN4<\/h3>\n\t\t\t\n\t\t\n\t\t\t\n\t\t\t<p class=\"has-blue-color\">\u0141adowarki ko\u0142owe 6-21 tn<br \/>\n\u0141adowarki teleskopowe ud\u017awig 1300 kg<\/p>\n\t\t\t\t\t\n\t\t\t<\/a>\t\t\t\t\t\n\t\t\t<a href=\"https:\/\/jak.fi\/pl\/produkty\/glowice-biomasowe-do-ladowarek-i-wysiegnikow\/jak-300r-glowica-biomasowa-do-ladowarki-teleskopowej-i-wysiegnika-gen4\/\">Poznaj produkt <i class=\"fa-solid fa-chevron-right\" aria-hidden=\"true\"><\/i><\/a>\n\t\t<\/figcaption>\t\t\t\t\t\t\t\n\t<\/figure>\n<\/div>\n<\/div>\n\n<figure class=\"wp-block-gallery has-nested-images columns-default is-cropped wp-block-gallery-1 is-layout-flex wp-block-gallery-is-layout-flex\">\n<figure class=\"wp-block-image size-large\"><img loading=\"lazy\" decoding=\"async\" width=\"1200\" height=\"823\" data-id=\"476\" src=\"https:\/\/jak.fi\/wp-content\/uploads\/2024\/05\/jak-200r-with-rotator-in-avant-loader-3-scaled-1-1200x823.jpg\" alt=\"G&#x142;owica biomasowa JAK-200R przymocowana do &#x142;adowarki Avant, przeznaczona do wydajnej &#x15B;cinki drzew w pracach le&#x15B;nych.\" class=\"wp-image-476\" srcset=\"https:\/\/jak.fi\/wp-content\/uploads\/2024\/05\/jak-200r-with-rotator-in-avant-loader-3-scaled-1-1200x823.jpg 1200w, https:\/\/jak.fi\/wp-content\/uploads\/2024\/05\/jak-200r-with-rotator-in-avant-loader-3-scaled-1-700x480.jpg 700w, https:\/\/jak.fi\/wp-content\/uploads\/2024\/05\/jak-200r-with-rotator-in-avant-loader-3-scaled-1-768x526.jpg 768w, https:\/\/jak.fi\/wp-content\/uploads\/2024\/05\/jak-200r-with-rotator-in-avant-loader-3-scaled-1-1536x1053.jpg 1536w, https:\/\/jak.fi\/wp-content\/uploads\/2024\/05\/jak-200r-with-rotator-in-avant-loader-3-scaled-1-800x548.jpg 800w, https:\/\/jak.fi\/wp-content\/uploads\/2024\/05\/jak-200r-with-rotator-in-avant-loader-3-scaled-1.jpg 1920w\" sizes=\"auto, (max-width: 1200px) 100vw, 1200px\" \/><\/figure>\n\n\n\n<figure class=\"wp-block-image size-large\"><img loading=\"lazy\" decoding=\"async\" width=\"1200\" height=\"854\" data-id=\"505\" src=\"https:\/\/jak.fi\/wp-content\/uploads\/2024\/05\/jak-200r-with-rotator-in-avant-loader-22-scaled-1-1200x854.jpg\" alt=\"G&#x142;owica biomasowa JAK-200R przymocowana do &#x142;adowarki Avant, przeznaczona do wydajnej &#x15B;cinki drzew w pracach le&#x15B;nych.\" class=\"wp-image-505\" srcset=\"https:\/\/jak.fi\/wp-content\/uploads\/2024\/05\/jak-200r-with-rotator-in-avant-loader-22-scaled-1-1200x854.jpg 1200w, https:\/\/jak.fi\/wp-content\/uploads\/2024\/05\/jak-200r-with-rotator-in-avant-loader-22-scaled-1-700x498.jpg 700w, https:\/\/jak.fi\/wp-content\/uploads\/2024\/05\/jak-200r-with-rotator-in-avant-loader-22-scaled-1-768x547.jpg 768w, https:\/\/jak.fi\/wp-content\/uploads\/2024\/05\/jak-200r-with-rotator-in-avant-loader-22-scaled-1-1536x1094.jpg 1536w, https:\/\/jak.fi\/wp-content\/uploads\/2024\/05\/jak-200r-with-rotator-in-avant-loader-22-scaled-1-800x570.jpg 800w, https:\/\/jak.fi\/wp-content\/uploads\/2024\/05\/jak-200r-with-rotator-in-avant-loader-22-scaled-1.jpg 1920w\" sizes=\"auto, (max-width: 1200px) 100vw, 1200px\" \/><\/figure>\n\n\n\n<figure class=\"wp-block-image size-large\"><img loading=\"lazy\" decoding=\"async\" width=\"1200\" height=\"838\" data-id=\"7085\" src=\"https:\/\/jak.fi\/wp-content\/uploads\/2025\/03\/jak-250r-with-rotator-in-telehandler-55-scaled-1-1200x838.jpg\" alt=\"G&#x142;owica biomasowa JAK-250R, zaprojektowana do &#x142;adowarek teleskopowych, zapewnia wydajne &#x15B;cinanie drzew i przenoszenie ga&#x142;&#x119;zi, a tak&#x17C;e niezawodne dzia&#x142;anie.\" class=\"wp-image-7085\" srcset=\"https:\/\/jak.fi\/wp-content\/uploads\/2025\/03\/jak-250r-with-rotator-in-telehandler-55-scaled-1-1200x838.jpg 1200w, https:\/\/jak.fi\/wp-content\/uploads\/2025\/03\/jak-250r-with-rotator-in-telehandler-55-scaled-1-700x489.jpg 700w, https:\/\/jak.fi\/wp-content\/uploads\/2025\/03\/jak-250r-with-rotator-in-telehandler-55-scaled-1-768x536.jpg 768w, https:\/\/jak.fi\/wp-content\/uploads\/2025\/03\/jak-250r-with-rotator-in-telehandler-55-scaled-1-1536x1073.jpg 1536w, https:\/\/jak.fi\/wp-content\/uploads\/2025\/03\/jak-250r-with-rotator-in-telehandler-55-scaled-1-2048x1430.jpg 2048w, https:\/\/jak.fi\/wp-content\/uploads\/2025\/03\/jak-250r-with-rotator-in-telehandler-55-scaled-1-800x559.jpg 800w\" sizes=\"auto, (max-width: 1200px) 100vw, 1200px\" \/><\/figure>\n<\/figure>\n\n<h2 class=\"wp-block-heading has-text-align-center\">Wydajne, trwa\u0142e i wszechstronne rozwi\u0105zania do usuwania drzew<\/h2>\n\n<p>G\u0142owica biomasowa JAK zapewnia niespotykan\u0105 wydajno\u015b\u0107 i \u0142atwo\u015b\u0107 usuwania drzew i krzew\u00f3w. Zaprojektowany do pracy w ci\u0119\u017ckich warunkach, chwytak oferuje szeroki zakres funkcji przenoszenia drzew. Niezale\u017cnie od tego, czy chodzi o oczyszczanie poboczy dr\u00f3g, linii energetycznych, tor\u00f3w kolejowych, obrze\u017cy p\u00f3l, dzia\u0142ek czy teren\u00f3w le\u015bnych i krajobrazowych, nasze produkty sprawiaj\u0105, \u017ce praca jest bezpieczna i wydajna.  <\/p>\n\n<p>Nasze produkty to wydajne, szybkie i niezwykle trwa\u0142e narz\u0119dzia, kt\u00f3rym zaufali profesjonali\u015bci na ca\u0142ym \u015bwiecie. Umo\u017cliwiaj\u0105 one \u0142atwe i precyzyjne \u015bcinanie drzew w \u017c\u0105danym punkcie, a nast\u0119pnie podnoszenie drzewa w wybrane miejsce w celu dalszej obr\u00f3bki. Konstrukcja umo\u017cliwia r\u00f3wnie\u017c doskona\u0142\u0105 obs\u0142ug\u0119 i ci\u0119cie na ziemi.  <\/p>\n\n<p>G\u0142owica biomasowa jest szczeg\u00f3lnie skuteczna w przypadku przerzedzania drzew, kt\u00f3re nie nadaj\u0105 si\u0119 do innych zastosowa\u0144, ale s\u0105 sprzedawane na przyk\u0142ad do produkcji energii. Jest to r\u00f3wnie\u017c doskona\u0142e narz\u0119dzie do usuwania problematycznych drzew w trudnych lokalizacjach, takich jak w pobli\u017cu budynk\u00f3w lub w parkach. Jest r\u00f3wnie\u017c wykorzystywana do usuwania szk\u00f3d spowodowanych przez burze i po\u017cary.  <\/p>\n\n<div style=\"height:100px\" aria-hidden=\"true\" class=\"wp-block-spacer\"><\/div>\n\n<figure class=\"wp-block-image size-large\"><img loading=\"lazy\" decoding=\"async\" width=\"1200\" height=\"800\" src=\"https:\/\/jak.fi\/wp-content\/uploads\/2024\/05\/jak-250r-with-rotator-in-telehandler-25-scaled-1-1200x800.jpg\" alt=\"G&#x142;owica biomasowa JAK-250R zamocowana do &#x142;adowarki teleskopowej, gotowa do wydajnego przenoszenia i oczyszczania drewna.\" class=\"wp-image-493\" srcset=\"https:\/\/jak.fi\/wp-content\/uploads\/2024\/05\/jak-250r-with-rotator-in-telehandler-25-scaled-1-1200x800.jpg 1200w, https:\/\/jak.fi\/wp-content\/uploads\/2024\/05\/jak-250r-with-rotator-in-telehandler-25-scaled-1-700x467.jpg 700w, https:\/\/jak.fi\/wp-content\/uploads\/2024\/05\/jak-250r-with-rotator-in-telehandler-25-scaled-1-768x512.jpg 768w, https:\/\/jak.fi\/wp-content\/uploads\/2024\/05\/jak-250r-with-rotator-in-telehandler-25-scaled-1-1536x1024.jpg 1536w, https:\/\/jak.fi\/wp-content\/uploads\/2024\/05\/jak-250r-with-rotator-in-telehandler-25-scaled-1-800x533.jpg 800w, https:\/\/jak.fi\/wp-content\/uploads\/2024\/05\/jak-250r-with-rotator-in-telehandler-25-scaled-1.jpg 1920w\" sizes=\"auto, (max-width: 1200px) 100vw, 1200px\" \/><\/figure>\n","protected":false},"excerpt":{"rendered":"<p>G\u0142owice biomasowe JAK do \u0142adowarek teleskopowych i wysi\u0119gnik\u00f3w o r\u00f3\u017cnych rozmiarach G\u0142owica biomasowa JAK jest idealnym akcesorium do \u0142adowarek i koparek teleskopowych. Wyposa\u017cone w tyln\u0105 cz\u0119\u015b\u0107 do \u0142adowarek teleskopowych i koparek, g\u0142owice biomasowe serii R s\u0105 przeznaczone do ci\u0119\u017ckich zastosowa\u0144 profesjonalnych i s\u0105 obj\u0119te pe\u0142n\u0105 dwuletni\u0105 gwarancj\u0105 fabryczn\u0105. Nasze g\u0142owice biomasowe do \u0142adowarek i wysi\u0119gnik\u00f3w [&hellip;]<\/p>\n","protected":false},"author":1,"featured_media":9976,"parent":0,"menu_order":58,"comment_status":"closed","ping_status":"closed","template":"","meta":{"_acf_changed":false,"footnotes":""},"class_list":["post-9972","page","type-page","status-publish","has-post-thumbnail","hentry"],"acf":[],"yoast_head":"<!-- This site is optimized with the Yoast SEO plugin v27.2 - https:\/\/yoast.com\/product\/yoast-seo-wordpress\/ -->\n<title>G\u0142owice biomasowe do \u0142adowarek i wysi\u0119gnik\u00f3w &#8211; JAK-Metalli Oy<\/title>\n<meta name=\"description\" content=\"Wyposa\u017cone w ko\u0144c\u00f3wk\u0119 do \u0142adowarki teleskopowej i tylnej cz\u0119\u015bci, g\u0142owice biomasowe serii R s\u0105 przeznaczone do ci\u0119\u017ckich zastosowa\u0144 profesjonalnych.\" \/>\n<meta name=\"robots\" content=\"index, follow, max-snippet:-1, max-image-preview:large, max-video-preview:-1\" \/>\n<link rel=\"canonical\" href=\"https:\/\/jak.fi\/pl\/glowice-biomasowe-do-ladowarek-i-wysiegnikow\/\" \/>\n<meta property=\"og:locale\" content=\"pl_PL\" \/>\n<meta property=\"og:type\" content=\"article\" \/>\n<meta property=\"og:title\" content=\"G\u0142owice biomasowe do \u0142adowarek i wysi\u0119gnik\u00f3w &#8211; JAK-Metalli Oy\" \/>\n<meta property=\"og:description\" content=\"Wyposa\u017cone w ko\u0144c\u00f3wk\u0119 do \u0142adowarki teleskopowej i tylnej cz\u0119\u015bci, g\u0142owice biomasowe serii R s\u0105 przeznaczone do ci\u0119\u017ckich zastosowa\u0144 profesjonalnych.\" \/>\n<meta property=\"og:url\" content=\"https:\/\/jak.fi\/pl\/glowice-biomasowe-do-ladowarek-i-wysiegnikow\/\" \/>\n<meta property=\"og:site_name\" content=\"JAK-Metalli Oy\" \/>\n<meta property=\"article:publisher\" content=\"https:\/\/www.facebook.com\/jaktreeshears\" \/>\n<meta property=\"article:modified_time\" content=\"2025-06-05T10:02:00+00:00\" \/>\n<meta property=\"og:image\" content=\"https:\/\/jak.fi\/wp-content\/uploads\/2024\/06\/jak_ylakuva_kurottaja.jpg\" \/>\n\t<meta property=\"og:image:width\" content=\"2240\" \/>\n\t<meta property=\"og:image:height\" content=\"700\" \/>\n\t<meta property=\"og:image:type\" content=\"image\/jpeg\" \/>\n<meta name=\"twitter:card\" content=\"summary_large_image\" \/>\n<meta name=\"twitter:label1\" content=\"Szacowany czas czytania\" \/>\n\t<meta name=\"twitter:data1\" content=\"1 minuta\" \/>\n<script type=\"application\/ld+json\" class=\"yoast-schema-graph\">{\"@context\":\"https:\/\/schema.org\",\"@graph\":[{\"@type\":\"WebPage\",\"@id\":\"https:\/\/jak.fi\/pl\/glowice-biomasowe-do-ladowarek-i-wysiegnikow\/\",\"url\":\"https:\/\/jak.fi\/pl\/glowice-biomasowe-do-ladowarek-i-wysiegnikow\/\",\"name\":\"G\u0142owice biomasowe do \u0142adowarek i wysi\u0119gnik\u00f3w &#8211; JAK-Metalli Oy\",\"isPartOf\":{\"@id\":\"https:\/\/jak.fi\/pl\/#website\"},\"primaryImageOfPage\":{\"@id\":\"https:\/\/jak.fi\/pl\/glowice-biomasowe-do-ladowarek-i-wysiegnikow\/#primaryimage\"},\"image\":{\"@id\":\"https:\/\/jak.fi\/pl\/glowice-biomasowe-do-ladowarek-i-wysiegnikow\/#primaryimage\"},\"thumbnailUrl\":\"https:\/\/jak.fi\/wp-content\/uploads\/2024\/06\/jak_ylakuva_kurottaja.jpg\",\"datePublished\":\"2024-05-29T07:01:47+00:00\",\"dateModified\":\"2025-06-05T10:02:00+00:00\",\"description\":\"Wyposa\u017cone w ko\u0144c\u00f3wk\u0119 do \u0142adowarki teleskopowej i tylnej cz\u0119\u015bci, g\u0142owice biomasowe serii R s\u0105 przeznaczone do ci\u0119\u017ckich zastosowa\u0144 profesjonalnych.\",\"breadcrumb\":{\"@id\":\"https:\/\/jak.fi\/pl\/glowice-biomasowe-do-ladowarek-i-wysiegnikow\/#breadcrumb\"},\"inLanguage\":\"pl-PL\",\"potentialAction\":[{\"@type\":\"ReadAction\",\"target\":[\"https:\/\/jak.fi\/pl\/glowice-biomasowe-do-ladowarek-i-wysiegnikow\/\"]}]},{\"@type\":\"ImageObject\",\"inLanguage\":\"pl-PL\",\"@id\":\"https:\/\/jak.fi\/pl\/glowice-biomasowe-do-ladowarek-i-wysiegnikow\/#primaryimage\",\"url\":\"https:\/\/jak.fi\/wp-content\/uploads\/2024\/06\/jak_ylakuva_kurottaja.jpg\",\"contentUrl\":\"https:\/\/jak.fi\/wp-content\/uploads\/2024\/06\/jak_ylakuva_kurottaja.jpg\",\"width\":2240,\"height\":700,\"caption\":\"G\u0142owica biomasowa JAK-300R przymocowana do \u0142adowarki teleskopowej, szybkoz\u0142\u0105cze na du\u017cym pniu drzewa.\"},{\"@type\":\"BreadcrumbList\",\"@id\":\"https:\/\/jak.fi\/pl\/glowice-biomasowe-do-ladowarek-i-wysiegnikow\/#breadcrumb\",\"itemListElement\":[{\"@type\":\"ListItem\",\"position\":1,\"name\":\"Etusivu\",\"item\":\"https:\/\/jak.fi\/pl\/\"},{\"@type\":\"ListItem\",\"position\":2,\"name\":\"G\u0142owice biomasowe do \u0142adowarek i wysi\u0119gnik\u00f3w\"}]},{\"@type\":\"WebSite\",\"@id\":\"https:\/\/jak.fi\/pl\/#website\",\"url\":\"https:\/\/jak.fi\/pl\/\",\"name\":\"JAK-Metalli Oy\",\"description\":\"\",\"publisher\":{\"@id\":\"https:\/\/jak.fi\/pl\/#organization\"},\"alternateName\":\"JAK Tree shears\",\"potentialAction\":[{\"@type\":\"SearchAction\",\"target\":{\"@type\":\"EntryPoint\",\"urlTemplate\":\"https:\/\/jak.fi\/pl\/?s={search_term_string}\"},\"query-input\":{\"@type\":\"PropertyValueSpecification\",\"valueRequired\":true,\"valueName\":\"search_term_string\"}}],\"inLanguage\":\"pl-PL\"},{\"@type\":\"Organization\",\"@id\":\"https:\/\/jak.fi\/pl\/#organization\",\"name\":\"JAK-Metalli Oy\",\"alternateName\":\"JAK Tree shears\",\"url\":\"https:\/\/jak.fi\/pl\/\",\"logo\":{\"@type\":\"ImageObject\",\"inLanguage\":\"pl-PL\",\"@id\":\"https:\/\/jak.fi\/pl\/#\/schema\/logo\/image\/\",\"url\":\"https:\/\/jak.fi\/wp-content\/uploads\/2024\/09\/JAK-logo-696x696-1.jpg\",\"contentUrl\":\"https:\/\/jak.fi\/wp-content\/uploads\/2024\/09\/JAK-logo-696x696-1.jpg\",\"width\":696,\"height\":696,\"caption\":\"JAK-Metalli Oy\"},\"image\":{\"@id\":\"https:\/\/jak.fi\/pl\/#\/schema\/logo\/image\/\"},\"sameAs\":[\"https:\/\/www.facebook.com\/jaktreeshears\",\"https:\/\/www.instagram.com\/jaktreeshears\/\",\"https:\/\/www.youtube.com\/channel\/UCAwvaVhBBkPie8MeAGbdY1w\"]}]}<\/script>\n<!-- \/ Yoast SEO plugin. -->","yoast_head_json":{"title":"G\u0142owice biomasowe do \u0142adowarek i wysi\u0119gnik\u00f3w &#8211; JAK-Metalli Oy","description":"Wyposa\u017cone w ko\u0144c\u00f3wk\u0119 do \u0142adowarki teleskopowej i tylnej cz\u0119\u015bci, g\u0142owice biomasowe serii R s\u0105 przeznaczone do ci\u0119\u017ckich zastosowa\u0144 profesjonalnych.","robots":{"index":"index","follow":"follow","max-snippet":"max-snippet:-1","max-image-preview":"max-image-preview:large","max-video-preview":"max-video-preview:-1"},"canonical":"https:\/\/jak.fi\/pl\/glowice-biomasowe-do-ladowarek-i-wysiegnikow\/","og_locale":"pl_PL","og_type":"article","og_title":"G\u0142owice biomasowe do \u0142adowarek i wysi\u0119gnik\u00f3w &#8211; JAK-Metalli Oy","og_description":"Wyposa\u017cone w ko\u0144c\u00f3wk\u0119 do \u0142adowarki teleskopowej i tylnej cz\u0119\u015bci, g\u0142owice biomasowe serii R s\u0105 przeznaczone do ci\u0119\u017ckich zastosowa\u0144 profesjonalnych.","og_url":"https:\/\/jak.fi\/pl\/glowice-biomasowe-do-ladowarek-i-wysiegnikow\/","og_site_name":"JAK-Metalli Oy","article_publisher":"https:\/\/www.facebook.com\/jaktreeshears","article_modified_time":"2025-06-05T10:02:00+00:00","og_image":[{"width":2240,"height":700,"url":"https:\/\/jak.fi\/wp-content\/uploads\/2024\/06\/jak_ylakuva_kurottaja.jpg","type":"image\/jpeg"}],"twitter_card":"summary_large_image","twitter_misc":{"Szacowany czas czytania":"1 minuta"},"schema":{"@context":"https:\/\/schema.org","@graph":[{"@type":"WebPage","@id":"https:\/\/jak.fi\/pl\/glowice-biomasowe-do-ladowarek-i-wysiegnikow\/","url":"https:\/\/jak.fi\/pl\/glowice-biomasowe-do-ladowarek-i-wysiegnikow\/","name":"G\u0142owice biomasowe do \u0142adowarek i wysi\u0119gnik\u00f3w &#8211; JAK-Metalli Oy","isPartOf":{"@id":"https:\/\/jak.fi\/pl\/#website"},"primaryImageOfPage":{"@id":"https:\/\/jak.fi\/pl\/glowice-biomasowe-do-ladowarek-i-wysiegnikow\/#primaryimage"},"image":{"@id":"https:\/\/jak.fi\/pl\/glowice-biomasowe-do-ladowarek-i-wysiegnikow\/#primaryimage"},"thumbnailUrl":"https:\/\/jak.fi\/wp-content\/uploads\/2024\/06\/jak_ylakuva_kurottaja.jpg","datePublished":"2024-05-29T07:01:47+00:00","dateModified":"2025-06-05T10:02:00+00:00","description":"Wyposa\u017cone w ko\u0144c\u00f3wk\u0119 do \u0142adowarki teleskopowej i tylnej cz\u0119\u015bci, g\u0142owice biomasowe serii R s\u0105 przeznaczone do ci\u0119\u017ckich zastosowa\u0144 profesjonalnych.","breadcrumb":{"@id":"https:\/\/jak.fi\/pl\/glowice-biomasowe-do-ladowarek-i-wysiegnikow\/#breadcrumb"},"inLanguage":"pl-PL","potentialAction":[{"@type":"ReadAction","target":["https:\/\/jak.fi\/pl\/glowice-biomasowe-do-ladowarek-i-wysiegnikow\/"]}]},{"@type":"ImageObject","inLanguage":"pl-PL","@id":"https:\/\/jak.fi\/pl\/glowice-biomasowe-do-ladowarek-i-wysiegnikow\/#primaryimage","url":"https:\/\/jak.fi\/wp-content\/uploads\/2024\/06\/jak_ylakuva_kurottaja.jpg","contentUrl":"https:\/\/jak.fi\/wp-content\/uploads\/2024\/06\/jak_ylakuva_kurottaja.jpg","width":2240,"height":700,"caption":"G\u0142owica biomasowa JAK-300R przymocowana do \u0142adowarki teleskopowej, szybkoz\u0142\u0105cze na du\u017cym pniu drzewa."},{"@type":"BreadcrumbList","@id":"https:\/\/jak.fi\/pl\/glowice-biomasowe-do-ladowarek-i-wysiegnikow\/#breadcrumb","itemListElement":[{"@type":"ListItem","position":1,"name":"Etusivu","item":"https:\/\/jak.fi\/pl\/"},{"@type":"ListItem","position":2,"name":"G\u0142owice biomasowe do \u0142adowarek i wysi\u0119gnik\u00f3w"}]},{"@type":"WebSite","@id":"https:\/\/jak.fi\/pl\/#website","url":"https:\/\/jak.fi\/pl\/","name":"JAK-Metalli Oy","description":"","publisher":{"@id":"https:\/\/jak.fi\/pl\/#organization"},"alternateName":"JAK Tree shears","potentialAction":[{"@type":"SearchAction","target":{"@type":"EntryPoint","urlTemplate":"https:\/\/jak.fi\/pl\/?s={search_term_string}"},"query-input":{"@type":"PropertyValueSpecification","valueRequired":true,"valueName":"search_term_string"}}],"inLanguage":"pl-PL"},{"@type":"Organization","@id":"https:\/\/jak.fi\/pl\/#organization","name":"JAK-Metalli Oy","alternateName":"JAK Tree shears","url":"https:\/\/jak.fi\/pl\/","logo":{"@type":"ImageObject","inLanguage":"pl-PL","@id":"https:\/\/jak.fi\/pl\/#\/schema\/logo\/image\/","url":"https:\/\/jak.fi\/wp-content\/uploads\/2024\/09\/JAK-logo-696x696-1.jpg","contentUrl":"https:\/\/jak.fi\/wp-content\/uploads\/2024\/09\/JAK-logo-696x696-1.jpg","width":696,"height":696,"caption":"JAK-Metalli Oy"},"image":{"@id":"https:\/\/jak.fi\/pl\/#\/schema\/logo\/image\/"},"sameAs":["https:\/\/www.facebook.com\/jaktreeshears","https:\/\/www.instagram.com\/jaktreeshears\/","https:\/\/www.youtube.com\/channel\/UCAwvaVhBBkPie8MeAGbdY1w"]}]}},"_links":{"self":[{"href":"https:\/\/jak.fi\/pl\/wp-json\/wp\/v2\/pages\/9972","targetHints":{"allow":["GET"]}}],"collection":[{"href":"https:\/\/jak.fi\/pl\/wp-json\/wp\/v2\/pages"}],"about":[{"href":"https:\/\/jak.fi\/pl\/wp-json\/wp\/v2\/types\/page"}],"author":[{"embeddable":true,"href":"https:\/\/jak.fi\/pl\/wp-json\/wp\/v2\/users\/1"}],"replies":[{"embeddable":true,"href":"https:\/\/jak.fi\/pl\/wp-json\/wp\/v2\/comments?post=9972"}],"version-history":[{"count":2,"href":"https:\/\/jak.fi\/pl\/wp-json\/wp\/v2\/pages\/9972\/revisions"}],"predecessor-version":[{"id":10000,"href":"https:\/\/jak.fi\/pl\/wp-json\/wp\/v2\/pages\/9972\/revisions\/10000"}],"wp:featuredmedia":[{"embeddable":true,"href":"https:\/\/jak.fi\/pl\/wp-json\/wp\/v2\/media\/9976"}],"wp:attachment":[{"href":"https:\/\/jak.fi\/pl\/wp-json\/wp\/v2\/media?parent=9972"}],"curies":[{"name":"wp","href":"https:\/\/api.w.org\/{rel}","templated":true}]}}