{"id":10271,"date":"2024-05-28T10:06:32","date_gmt":"2024-05-28T07:06:32","guid":{"rendered":"https:\/\/jak.fi\/products\/bez-kategorii\/sterowanie-kablowe\/"},"modified":"2025-06-12T09:59:20","modified_gmt":"2025-06-12T06:59:20","slug":"sterowanie-kablowe","status":"publish","type":"product","link":"https:\/\/jak.fi\/pl\/produkty\/akcesoria-do-glowic-biomasowych\/sterowanie-kablowe\/","title":{"rendered":"Sterowanie kablowe"},"content":{"rendered":"<p>Sterowanie kablowe s\u0142u\u017cy do sterowania elektrycznie sterowanym zaworem 6\/2-drogowym. Na przyk\u0142ad, aby wyposa\u017cy\u0107 g\u0142owic\u0119 biomasow\u0105 w kolektor, gilotyn\u0119 lub rotator do pracy z hydraulik\u0105 pomocnicz\u0105 z elektrycznie sterowanym zaworem 6\/2-drogowym, potrzebny jest sterownik. <\/p>\n<p>System sterowania kablowego jest dostarczany z jednostk\u0105 steruj\u0105c\u0105 zawieraj\u0105c\u0105 kontroler z trzema przyciskami. Alternatywnie mo\u017cna pod\u0142\u0105czy\u0107 sterowanie do istniej\u0105cych przycisk\u00f3w. W zestawie znajduje si\u0119 r\u00f3wnie\u017c 10-metrowy przed\u0142u\u017cacz umo\u017cliwiaj\u0105cy pod\u0142\u0105czenie nadajnika do sterowanego elektrycznie zaworu 6\/2-drogowego. Zasilanie sterownika przewodowego mo\u017ce by\u0107 pobierane z akumulatora urz\u0105dzenia bazowego.   <\/p>\n<p>&nbsp;<\/p>\n<p><img loading=\"lazy\" decoding=\"async\" class=\"alignnone size-medium wp-image-586\" src=\"https:\/\/jak.fi\/wp-content\/uploads\/2024\/05\/Cable-Control-Pallukat-2-700x467.png\" alt=\"\" width=\"700\" height=\"467\" srcset=\"https:\/\/jak.fi\/wp-content\/uploads\/2024\/05\/Cable-Control-Pallukat-2-700x467.png 700w, https:\/\/jak.fi\/wp-content\/uploads\/2024\/05\/Cable-Control-Pallukat-2-768x512.png 768w, https:\/\/jak.fi\/wp-content\/uploads\/2024\/05\/Cable-Control-Pallukat-2-800x534.png 800w, https:\/\/jak.fi\/wp-content\/uploads\/2024\/05\/Cable-Control-Pallukat-2.png 1000w\" sizes=\"auto, (max-width: 700px) 100vw, 700px\" \/><\/p>\n<p><strong>Elementy sterowania kablowego<\/strong><\/p>\n<p>1 &#8211; Jednostka steruj\u0105ca 12V i 24V<\/p>\n<p>2 &#8211; Przed\u0142u\u017cacz kabla po\u0142\u0105czeniowego (10 m)<\/p>\n<p>3 &#8211; Kabel steruj\u0105cy (1,5 m)<\/p>\n<p>4 &#8211; Kabel steruj\u0105cy z trzema przyciskami (1,5 m)<\/p>\n<p>5 &#8211; Kabel po\u0142\u0105czeniowy (3 m)<\/p>\n","protected":false},"excerpt":{"rendered":"<p>Sterowanie kablowe s\u0142u\u017cy do sterowania elektrycznie sterowanym zaworem 6\/2-drogowym. Na przyk\u0142ad, aby wyposa\u017cy\u0107 g\u0142owic\u0119 biomasow\u0105 w kolektor, gilotyn\u0119 lub rotator do pracy z hydraulik\u0105 pomocnicz\u0105 z elektrycznie sterowanym zaworem 6\/2-drogowym, potrzebny jest sterownik. System sterowania kablowego jest dostarczany z jednostk\u0105 steruj\u0105c\u0105 zawieraj\u0105c\u0105 kontroler z trzema przyciskami. Alternatywnie mo\u017cna pod\u0142\u0105czy\u0107 sterowanie do istniej\u0105cych przycisk\u00f3w. W zestawie [&hellip;]<\/p>\n","protected":false},"featured_media":10272,"template":"","meta":{"_acf_changed":false},"product_brand":[],"product_cat":[627],"product_tag":[],"class_list":{"0":"post-10271","1":"product","2":"type-product","3":"status-publish","4":"has-post-thumbnail","6":"product_cat-akcesoria-do-glowic-biomasowych","8":"first","9":"instock","10":"shipping-taxable","11":"product-type-simple"},"acf":[],"yoast_head":"<!-- This site is optimized with the Yoast SEO plugin v27.2 - https:\/\/yoast.com\/product\/yoast-seo-wordpress\/ -->\n<title>Sterowanie kablowe &#8211; JAK-Metalli Oy<\/title>\n<meta name=\"description\" content=\"Sterowanie kablowe to opcjonalny dodatek, kt\u00f3ry u\u0142atwia korzystanie z g\u0142owicy biomasowej. Sterowanie kablowe s\u0142u\u017cy do sterowania elektrycznie sterowanym zaworem 6\/2-drogowym.\" \/>\n<meta name=\"robots\" content=\"index, follow, max-snippet:-1, max-image-preview:large, max-video-preview:-1\" \/>\n<link rel=\"canonical\" href=\"https:\/\/jak.fi\/pl\/produkty\/akcesoria-do-glowic-biomasowych\/sterowanie-kablowe\/\" \/>\n<meta property=\"og:locale\" content=\"pl_PL\" \/>\n<meta property=\"og:type\" content=\"article\" \/>\n<meta property=\"og:title\" content=\"Sterowanie kablowe &#8211; JAK-Metalli Oy\" \/>\n<meta property=\"og:description\" content=\"Sterowanie kablowe to opcjonalny dodatek, kt\u00f3ry u\u0142atwia korzystanie z g\u0142owicy biomasowej. Sterowanie kablowe s\u0142u\u017cy do sterowania elektrycznie sterowanym zaworem 6\/2-drogowym.\" \/>\n<meta property=\"og:url\" content=\"https:\/\/jak.fi\/pl\/produkty\/akcesoria-do-glowic-biomasowych\/sterowanie-kablowe\/\" \/>\n<meta property=\"og:site_name\" content=\"JAK-Metalli Oy\" \/>\n<meta property=\"article:publisher\" content=\"https:\/\/www.facebook.com\/jaktreeshears\" \/>\n<meta property=\"article:modified_time\" content=\"2025-06-12T06:59:20+00:00\" \/>\n<meta property=\"og:image\" content=\"https:\/\/jak.fi\/wp-content\/uploads\/2024\/05\/JAK-cable-control01.png\" \/>\n\t<meta property=\"og:image:width\" content=\"1000\" \/>\n\t<meta property=\"og:image:height\" content=\"667\" \/>\n\t<meta property=\"og:image:type\" content=\"image\/png\" \/>\n<meta name=\"twitter:card\" content=\"summary_large_image\" \/>\n<meta name=\"twitter:label1\" content=\"Szacowany czas czytania\" \/>\n\t<meta name=\"twitter:data1\" content=\"1 minuta\" \/>\n<script type=\"application\/ld+json\" class=\"yoast-schema-graph\">{\"@context\":\"https:\/\/schema.org\",\"@graph\":[{\"@type\":\"WebPage\",\"@id\":\"https:\/\/jak.fi\/pl\/produkty\/akcesoria-do-glowic-biomasowych\/sterowanie-kablowe\/\",\"url\":\"https:\/\/jak.fi\/pl\/produkty\/akcesoria-do-glowic-biomasowych\/sterowanie-kablowe\/\",\"name\":\"Sterowanie kablowe &#8211; JAK-Metalli Oy\",\"isPartOf\":{\"@id\":\"https:\/\/jak.fi\/pl\/#website\"},\"primaryImageOfPage\":{\"@id\":\"https:\/\/jak.fi\/pl\/produkty\/akcesoria-do-glowic-biomasowych\/sterowanie-kablowe\/#primaryimage\"},\"image\":{\"@id\":\"https:\/\/jak.fi\/pl\/produkty\/akcesoria-do-glowic-biomasowych\/sterowanie-kablowe\/#primaryimage\"},\"thumbnailUrl\":\"https:\/\/jak.fi\/wp-content\/uploads\/2024\/05\/JAK-cable-control01.png\",\"datePublished\":\"2024-05-28T07:06:32+00:00\",\"dateModified\":\"2025-06-12T06:59:20+00:00\",\"description\":\"Sterowanie kablowe to opcjonalny dodatek, kt\u00f3ry u\u0142atwia korzystanie z g\u0142owicy biomasowej. Sterowanie kablowe s\u0142u\u017cy do sterowania elektrycznie sterowanym zaworem 6\/2-drogowym.\",\"breadcrumb\":{\"@id\":\"https:\/\/jak.fi\/pl\/produkty\/akcesoria-do-glowic-biomasowych\/sterowanie-kablowe\/#breadcrumb\"},\"inLanguage\":\"pl-PL\",\"potentialAction\":[{\"@type\":\"ReadAction\",\"target\":[\"https:\/\/jak.fi\/pl\/produkty\/akcesoria-do-glowic-biomasowych\/sterowanie-kablowe\/\"]}]},{\"@type\":\"ImageObject\",\"inLanguage\":\"pl-PL\",\"@id\":\"https:\/\/jak.fi\/pl\/produkty\/akcesoria-do-glowic-biomasowych\/sterowanie-kablowe\/#primaryimage\",\"url\":\"https:\/\/jak.fi\/wp-content\/uploads\/2024\/05\/JAK-cable-control01.png\",\"contentUrl\":\"https:\/\/jak.fi\/wp-content\/uploads\/2024\/05\/JAK-cable-control01.png\",\"width\":1000,\"height\":667,\"caption\":\"Sterowanie kablowe dla g\u0142owicy biomasowej\"},{\"@type\":\"BreadcrumbList\",\"@id\":\"https:\/\/jak.fi\/pl\/produkty\/akcesoria-do-glowic-biomasowych\/sterowanie-kablowe\/#breadcrumb\",\"itemListElement\":[{\"@type\":\"ListItem\",\"position\":1,\"name\":\"Etusivu\",\"item\":\"https:\/\/jak.fi\/pl\/\"},{\"@type\":\"ListItem\",\"position\":2,\"name\":\"Produkty\",\"item\":\"https:\/\/jak.fi\/pl\/produkty\/\"},{\"@type\":\"ListItem\",\"position\":3,\"name\":\"Sterowanie kablowe\"}]},{\"@type\":\"WebSite\",\"@id\":\"https:\/\/jak.fi\/pl\/#website\",\"url\":\"https:\/\/jak.fi\/pl\/\",\"name\":\"JAK-Metalli Oy\",\"description\":\"\",\"publisher\":{\"@id\":\"https:\/\/jak.fi\/pl\/#organization\"},\"alternateName\":\"JAK Tree shears\",\"potentialAction\":[{\"@type\":\"SearchAction\",\"target\":{\"@type\":\"EntryPoint\",\"urlTemplate\":\"https:\/\/jak.fi\/pl\/?s={search_term_string}\"},\"query-input\":{\"@type\":\"PropertyValueSpecification\",\"valueRequired\":true,\"valueName\":\"search_term_string\"}}],\"inLanguage\":\"pl-PL\"},{\"@type\":\"Organization\",\"@id\":\"https:\/\/jak.fi\/pl\/#organization\",\"name\":\"JAK-Metalli Oy\",\"alternateName\":\"JAK Tree shears\",\"url\":\"https:\/\/jak.fi\/pl\/\",\"logo\":{\"@type\":\"ImageObject\",\"inLanguage\":\"pl-PL\",\"@id\":\"https:\/\/jak.fi\/pl\/#\/schema\/logo\/image\/\",\"url\":\"https:\/\/jak.fi\/wp-content\/uploads\/2024\/09\/JAK-logo-696x696-1.jpg\",\"contentUrl\":\"https:\/\/jak.fi\/wp-content\/uploads\/2024\/09\/JAK-logo-696x696-1.jpg\",\"width\":696,\"height\":696,\"caption\":\"JAK-Metalli Oy\"},\"image\":{\"@id\":\"https:\/\/jak.fi\/pl\/#\/schema\/logo\/image\/\"},\"sameAs\":[\"https:\/\/www.facebook.com\/jaktreeshears\",\"https:\/\/www.instagram.com\/jaktreeshears\/\",\"https:\/\/www.youtube.com\/channel\/UCAwvaVhBBkPie8MeAGbdY1w\"]}]}<\/script>\n<!-- \/ Yoast SEO plugin. -->","yoast_head_json":{"title":"Sterowanie kablowe &#8211; JAK-Metalli Oy","description":"Sterowanie kablowe to opcjonalny dodatek, kt\u00f3ry u\u0142atwia korzystanie z g\u0142owicy biomasowej. Sterowanie kablowe s\u0142u\u017cy do sterowania elektrycznie sterowanym zaworem 6\/2-drogowym.","robots":{"index":"index","follow":"follow","max-snippet":"max-snippet:-1","max-image-preview":"max-image-preview:large","max-video-preview":"max-video-preview:-1"},"canonical":"https:\/\/jak.fi\/pl\/produkty\/akcesoria-do-glowic-biomasowych\/sterowanie-kablowe\/","og_locale":"pl_PL","og_type":"article","og_title":"Sterowanie kablowe &#8211; JAK-Metalli Oy","og_description":"Sterowanie kablowe to opcjonalny dodatek, kt\u00f3ry u\u0142atwia korzystanie z g\u0142owicy biomasowej. Sterowanie kablowe s\u0142u\u017cy do sterowania elektrycznie sterowanym zaworem 6\/2-drogowym.","og_url":"https:\/\/jak.fi\/pl\/produkty\/akcesoria-do-glowic-biomasowych\/sterowanie-kablowe\/","og_site_name":"JAK-Metalli Oy","article_publisher":"https:\/\/www.facebook.com\/jaktreeshears","article_modified_time":"2025-06-12T06:59:20+00:00","og_image":[{"width":1000,"height":667,"url":"https:\/\/jak.fi\/wp-content\/uploads\/2024\/05\/JAK-cable-control01.png","type":"image\/png"}],"twitter_card":"summary_large_image","twitter_misc":{"Szacowany czas czytania":"1 minuta"},"schema":{"@context":"https:\/\/schema.org","@graph":[{"@type":"WebPage","@id":"https:\/\/jak.fi\/pl\/produkty\/akcesoria-do-glowic-biomasowych\/sterowanie-kablowe\/","url":"https:\/\/jak.fi\/pl\/produkty\/akcesoria-do-glowic-biomasowych\/sterowanie-kablowe\/","name":"Sterowanie kablowe &#8211; JAK-Metalli Oy","isPartOf":{"@id":"https:\/\/jak.fi\/pl\/#website"},"primaryImageOfPage":{"@id":"https:\/\/jak.fi\/pl\/produkty\/akcesoria-do-glowic-biomasowych\/sterowanie-kablowe\/#primaryimage"},"image":{"@id":"https:\/\/jak.fi\/pl\/produkty\/akcesoria-do-glowic-biomasowych\/sterowanie-kablowe\/#primaryimage"},"thumbnailUrl":"https:\/\/jak.fi\/wp-content\/uploads\/2024\/05\/JAK-cable-control01.png","datePublished":"2024-05-28T07:06:32+00:00","dateModified":"2025-06-12T06:59:20+00:00","description":"Sterowanie kablowe to opcjonalny dodatek, kt\u00f3ry u\u0142atwia korzystanie z g\u0142owicy biomasowej. Sterowanie kablowe s\u0142u\u017cy do sterowania elektrycznie sterowanym zaworem 6\/2-drogowym.","breadcrumb":{"@id":"https:\/\/jak.fi\/pl\/produkty\/akcesoria-do-glowic-biomasowych\/sterowanie-kablowe\/#breadcrumb"},"inLanguage":"pl-PL","potentialAction":[{"@type":"ReadAction","target":["https:\/\/jak.fi\/pl\/produkty\/akcesoria-do-glowic-biomasowych\/sterowanie-kablowe\/"]}]},{"@type":"ImageObject","inLanguage":"pl-PL","@id":"https:\/\/jak.fi\/pl\/produkty\/akcesoria-do-glowic-biomasowych\/sterowanie-kablowe\/#primaryimage","url":"https:\/\/jak.fi\/wp-content\/uploads\/2024\/05\/JAK-cable-control01.png","contentUrl":"https:\/\/jak.fi\/wp-content\/uploads\/2024\/05\/JAK-cable-control01.png","width":1000,"height":667,"caption":"Sterowanie kablowe dla g\u0142owicy biomasowej"},{"@type":"BreadcrumbList","@id":"https:\/\/jak.fi\/pl\/produkty\/akcesoria-do-glowic-biomasowych\/sterowanie-kablowe\/#breadcrumb","itemListElement":[{"@type":"ListItem","position":1,"name":"Etusivu","item":"https:\/\/jak.fi\/pl\/"},{"@type":"ListItem","position":2,"name":"Produkty","item":"https:\/\/jak.fi\/pl\/produkty\/"},{"@type":"ListItem","position":3,"name":"Sterowanie kablowe"}]},{"@type":"WebSite","@id":"https:\/\/jak.fi\/pl\/#website","url":"https:\/\/jak.fi\/pl\/","name":"JAK-Metalli Oy","description":"","publisher":{"@id":"https:\/\/jak.fi\/pl\/#organization"},"alternateName":"JAK Tree shears","potentialAction":[{"@type":"SearchAction","target":{"@type":"EntryPoint","urlTemplate":"https:\/\/jak.fi\/pl\/?s={search_term_string}"},"query-input":{"@type":"PropertyValueSpecification","valueRequired":true,"valueName":"search_term_string"}}],"inLanguage":"pl-PL"},{"@type":"Organization","@id":"https:\/\/jak.fi\/pl\/#organization","name":"JAK-Metalli Oy","alternateName":"JAK Tree shears","url":"https:\/\/jak.fi\/pl\/","logo":{"@type":"ImageObject","inLanguage":"pl-PL","@id":"https:\/\/jak.fi\/pl\/#\/schema\/logo\/image\/","url":"https:\/\/jak.fi\/wp-content\/uploads\/2024\/09\/JAK-logo-696x696-1.jpg","contentUrl":"https:\/\/jak.fi\/wp-content\/uploads\/2024\/09\/JAK-logo-696x696-1.jpg","width":696,"height":696,"caption":"JAK-Metalli Oy"},"image":{"@id":"https:\/\/jak.fi\/pl\/#\/schema\/logo\/image\/"},"sameAs":["https:\/\/www.facebook.com\/jaktreeshears","https:\/\/www.instagram.com\/jaktreeshears\/","https:\/\/www.youtube.com\/channel\/UCAwvaVhBBkPie8MeAGbdY1w"]}]}},"_links":{"self":[{"href":"https:\/\/jak.fi\/pl\/wp-json\/wp\/v2\/product\/10271","targetHints":{"allow":["GET"]}}],"collection":[{"href":"https:\/\/jak.fi\/pl\/wp-json\/wp\/v2\/product"}],"about":[{"href":"https:\/\/jak.fi\/pl\/wp-json\/wp\/v2\/types\/product"}],"wp:featuredmedia":[{"embeddable":true,"href":"https:\/\/jak.fi\/pl\/wp-json\/wp\/v2\/media\/10272"}],"wp:attachment":[{"href":"https:\/\/jak.fi\/pl\/wp-json\/wp\/v2\/media?parent=10271"}],"wp:term":[{"taxonomy":"product_brand","embeddable":true,"href":"https:\/\/jak.fi\/pl\/wp-json\/wp\/v2\/product_brand?post=10271"},{"taxonomy":"product_cat","embeddable":true,"href":"https:\/\/jak.fi\/pl\/wp-json\/wp\/v2\/product_cat?post=10271"},{"taxonomy":"product_tag","embeddable":true,"href":"https:\/\/jak.fi\/pl\/wp-json\/wp\/v2\/product_tag?post=10271"}],"curies":[{"name":"wp","href":"https:\/\/api.w.org\/{rel}","templated":true}]}}