{"id":10308,"date":"2024-05-28T10:07:40","date_gmt":"2024-05-28T07:07:40","guid":{"rendered":"https:\/\/jak.fi\/products\/bez-kategorii\/wspornik-do-scinki\/"},"modified":"2025-08-21T14:30:12","modified_gmt":"2025-08-21T11:30:12","slug":"wspornik-do-scinki","status":"publish","type":"product","link":"https:\/\/jak.fi\/pl\/produkty\/akcesoria-do-glowic-biomasowych\/wspornik-do-scinki\/","title":{"rendered":"wspornik do \u015bcinki"},"content":{"rendered":"<h2 data-start=\"64\" data-end=\"148\">G\u0142owica biomasowa JAK ze sta\u0142ym wspornikiem do \u015bcinki &#8211; zwi\u0119kszaj\u0105ca wymiar i wydajno\u015b\u0107 prac le\u015bnych<\/h2>\n<p data-start=\"150\" data-end=\"441\"><strong data-start=\"150\" data-end=\"172\">Sta\u0142y wspornik<\/strong> do \u015bcinki poprawia zasi\u0119g pracy i wnosi znaczn\u0105 efektywno\u015b\u0107 kosztow\u0105 i szybko\u015b\u0107 do prac le\u015bnych. Wysi\u0119gnik przed\u0142u\u017caj\u0105cy umo\u017cliwia bezpieczne odsuni\u0119cie wra\u017cliwych punkt\u00f3w g\u0142owicy wysi\u0119gnika od ga\u0142\u0119zi drzew, zmniejszaj\u0105c zu\u017cycie i wyd\u0142u\u017caj\u0105c \u017cywotno\u015b\u0107 sprz\u0119tu. <\/p>\n<p data-start=\"443\" data-end=\"746\"><strong data-start=\"443\" data-end=\"479\">Wysi\u0119gnik przed\u0142u\u017caj\u0105cy g\u0142owicy biomasowej JAK Energy<\/strong> zosta\u0142 specjalnie zaprojektowany do pracy w wymagaj\u0105cych warunkach, takich jak trudny teren i usuwanie problematycznych drzew. Zwi\u0119kszony zasi\u0119g pozwala na bardziej wydajn\u0105 prac\u0119, poniewa\u017c wymagany jest mniejszy ruch maszyny, co znacznie zwi\u0119ksza produktywno\u015b\u0107. <\/p>\n<p data-start=\"748\" data-end=\"992\">Lekki, ale niezwykle wytrzyma\u0142y wysi\u0119gnik jest wykonany z solidnej konstrukcji, kt\u00f3ra gwarantuje d\u0142ug\u0105 \u017cywotno\u015b\u0107. W zale\u017cno\u015bci od modelu, wysi\u0119gnik przed\u0142u\u017caj\u0105cy zapewnia dodatkowe <strong data-start=\"905\" data-end=\"919\">600-930 mm<\/strong> zasi\u0119gu, dzi\u0119ki czemu mo\u017cna wybra\u0107 rozwi\u0105zanie odpowiednie do danego zastosowania. <\/p>\n<h3 data-start=\"994\" data-end=\"1014\">Korzy\u015bci w skr\u00f3cie:<\/h3>\n<ul data-start=\"1015\" data-end=\"1231\">\n<li data-start=\"1015\" data-end=\"1060\">\n<p data-start=\"1017\" data-end=\"1060\">Wi\u0119kszy zasi\u0119g do prac le\u015bnych 600-930 mm<\/p>\n<\/li>\n<li data-start=\"1061\" data-end=\"1108\">\n<p data-start=\"1063\" data-end=\"1108\">Wi\u0119ksza produktywno\u015b\u0107 i oszcz\u0119dno\u015b\u0107 czasu<\/p>\n<\/li>\n<li data-start=\"1109\" data-end=\"1149\">\n<p data-start=\"1111\" data-end=\"1149\">Zmniejsza potrzeb\u0119 przenoszenia maszyny<\/p>\n<\/li>\n<li data-start=\"1150\" data-end=\"1190\">\n<p data-start=\"1152\" data-end=\"1190\">Chroni wierzcho\u0142ek drzewa przed uszkodzeniem przez ga\u0142\u0119zie<\/p>\n<\/li>\n<li data-start=\"1191\" data-end=\"1231\">\n<p data-start=\"1193\" data-end=\"1231\">Lekka, ale bardzo wytrzyma\u0142a konstrukcja<\/p>\n<\/li>\n<\/ul>\n<p data-start=\"1233\" data-end=\"1352\"><strong data-start=\"1233\" data-end=\"1251\">Wysi\u0119gnik JAK<\/strong> jest doskona\u0142ym akcesorium do bezpieczniejszego, szybszego i bardziej produktywnego zarz\u0105dzania lasami.<\/p>\n","protected":false},"excerpt":{"rendered":"<p>G\u0142owica biomasowa JAK ze sta\u0142ym wspornikiem do \u015bcinki &#8211; zwi\u0119kszaj\u0105ca wymiar i wydajno\u015b\u0107 prac le\u015bnych Sta\u0142y wspornik do \u015bcinki poprawia zasi\u0119g pracy i wnosi znaczn\u0105 efektywno\u015b\u0107 kosztow\u0105 i szybko\u015b\u0107 do prac le\u015bnych. Wysi\u0119gnik przed\u0142u\u017caj\u0105cy umo\u017cliwia bezpieczne odsuni\u0119cie wra\u017cliwych punkt\u00f3w g\u0142owicy wysi\u0119gnika od ga\u0142\u0119zi drzew, zmniejszaj\u0105c zu\u017cycie i wyd\u0142u\u017caj\u0105c \u017cywotno\u015b\u0107 sprz\u0119tu. Wysi\u0119gnik przed\u0142u\u017caj\u0105cy g\u0142owicy biomasowej JAK [&hellip;]<\/p>\n","protected":false},"featured_media":10309,"template":"","meta":{"_acf_changed":false},"product_brand":[],"product_cat":[627],"product_tag":[],"class_list":{"0":"post-10308","1":"product","2":"type-product","3":"status-publish","4":"has-post-thumbnail","6":"product_cat-akcesoria-do-glowic-biomasowych","8":"first","9":"instock","10":"shipping-taxable","11":"product-type-simple"},"acf":[],"yoast_head":"<!-- This site is optimized with the Yoast SEO plugin v27.2 - https:\/\/yoast.com\/product\/yoast-seo-wordpress\/ -->\n<title>wspornik do \u015bcinki &#8211; JAK-Metalli Oy<\/title>\n<meta name=\"description\" content=\"Wysi\u0119gnik z g\u0142owic\u0105 biomasow\u0105 JAK Energy zwi\u0119ksza zasi\u0119g z 600 do 930 mm, usprawnia prace le\u015bne i chroni koniec wysi\u0119gnika przed ga\u0142\u0119ziami. Lekkie i wytrzyma\u0142e akcesorium.\" \/>\n<meta name=\"robots\" content=\"index, follow, max-snippet:-1, max-image-preview:large, max-video-preview:-1\" \/>\n<link rel=\"canonical\" href=\"https:\/\/jak.fi\/pl\/produkty\/akcesoria-do-glowic-biomasowych\/wspornik-do-scinki\/\" \/>\n<meta property=\"og:locale\" content=\"pl_PL\" \/>\n<meta property=\"og:type\" content=\"article\" \/>\n<meta property=\"og:title\" content=\"wspornik do \u015bcinki &#8211; JAK-Metalli Oy\" \/>\n<meta property=\"og:description\" content=\"Wysi\u0119gnik z g\u0142owic\u0105 biomasow\u0105 JAK Energy zwi\u0119ksza zasi\u0119g z 600 do 930 mm, usprawnia prace le\u015bne i chroni koniec wysi\u0119gnika przed ga\u0142\u0119ziami. Lekkie i wytrzyma\u0142e akcesorium.\" \/>\n<meta property=\"og:url\" content=\"https:\/\/jak.fi\/pl\/produkty\/akcesoria-do-glowic-biomasowych\/wspornik-do-scinki\/\" \/>\n<meta property=\"og:site_name\" content=\"JAK-Metalli Oy\" \/>\n<meta property=\"article:publisher\" content=\"https:\/\/www.facebook.com\/jaktreeshears\" \/>\n<meta property=\"article:modified_time\" content=\"2025-08-21T11:30:12+00:00\" \/>\n<meta property=\"og:image\" content=\"https:\/\/jak.fi\/wp-content\/uploads\/2024\/05\/Jatkopuomi-220C.png\" \/>\n\t<meta property=\"og:image:width\" content=\"1000\" \/>\n\t<meta property=\"og:image:height\" content=\"667\" \/>\n\t<meta property=\"og:image:type\" content=\"image\/png\" \/>\n<meta name=\"twitter:card\" content=\"summary_large_image\" \/>\n<meta name=\"twitter:label1\" content=\"Szacowany czas czytania\" \/>\n\t<meta name=\"twitter:data1\" content=\"1 minuta\" \/>\n<script type=\"application\/ld+json\" class=\"yoast-schema-graph\">{\"@context\":\"https:\/\/schema.org\",\"@graph\":[{\"@type\":\"WebPage\",\"@id\":\"https:\/\/jak.fi\/pl\/produkty\/akcesoria-do-glowic-biomasowych\/wspornik-do-scinki\/\",\"url\":\"https:\/\/jak.fi\/pl\/produkty\/akcesoria-do-glowic-biomasowych\/wspornik-do-scinki\/\",\"name\":\"wspornik do \u015bcinki &#8211; JAK-Metalli Oy\",\"isPartOf\":{\"@id\":\"https:\/\/jak.fi\/pl\/#website\"},\"primaryImageOfPage\":{\"@id\":\"https:\/\/jak.fi\/pl\/produkty\/akcesoria-do-glowic-biomasowych\/wspornik-do-scinki\/#primaryimage\"},\"image\":{\"@id\":\"https:\/\/jak.fi\/pl\/produkty\/akcesoria-do-glowic-biomasowych\/wspornik-do-scinki\/#primaryimage\"},\"thumbnailUrl\":\"https:\/\/jak.fi\/wp-content\/uploads\/2024\/05\/Jatkopuomi-220C.png\",\"datePublished\":\"2024-05-28T07:07:40+00:00\",\"dateModified\":\"2025-08-21T11:30:12+00:00\",\"description\":\"Wysi\u0119gnik z g\u0142owic\u0105 biomasow\u0105 JAK Energy zwi\u0119ksza zasi\u0119g z 600 do 930 mm, usprawnia prace le\u015bne i chroni koniec wysi\u0119gnika przed ga\u0142\u0119ziami. Lekkie i wytrzyma\u0142e akcesorium.\",\"breadcrumb\":{\"@id\":\"https:\/\/jak.fi\/pl\/produkty\/akcesoria-do-glowic-biomasowych\/wspornik-do-scinki\/#breadcrumb\"},\"inLanguage\":\"pl-PL\",\"potentialAction\":[{\"@type\":\"ReadAction\",\"target\":[\"https:\/\/jak.fi\/pl\/produkty\/akcesoria-do-glowic-biomasowych\/wspornik-do-scinki\/\"]}]},{\"@type\":\"ImageObject\",\"inLanguage\":\"pl-PL\",\"@id\":\"https:\/\/jak.fi\/pl\/produkty\/akcesoria-do-glowic-biomasowych\/wspornik-do-scinki\/#primaryimage\",\"url\":\"https:\/\/jak.fi\/wp-content\/uploads\/2024\/05\/Jatkopuomi-220C.png\",\"contentUrl\":\"https:\/\/jak.fi\/wp-content\/uploads\/2024\/05\/Jatkopuomi-220C.png\",\"width\":1000,\"height\":667,\"caption\":\"Solidny wspornik do \u015bcinki energetycznej\"},{\"@type\":\"BreadcrumbList\",\"@id\":\"https:\/\/jak.fi\/pl\/produkty\/akcesoria-do-glowic-biomasowych\/wspornik-do-scinki\/#breadcrumb\",\"itemListElement\":[{\"@type\":\"ListItem\",\"position\":1,\"name\":\"Etusivu\",\"item\":\"https:\/\/jak.fi\/pl\/\"},{\"@type\":\"ListItem\",\"position\":2,\"name\":\"Produkty\",\"item\":\"https:\/\/jak.fi\/pl\/produkty\/\"},{\"@type\":\"ListItem\",\"position\":3,\"name\":\"wspornik do \u015bcinki\"}]},{\"@type\":\"WebSite\",\"@id\":\"https:\/\/jak.fi\/pl\/#website\",\"url\":\"https:\/\/jak.fi\/pl\/\",\"name\":\"JAK-Metalli Oy\",\"description\":\"\",\"publisher\":{\"@id\":\"https:\/\/jak.fi\/pl\/#organization\"},\"alternateName\":\"JAK Tree shears\",\"potentialAction\":[{\"@type\":\"SearchAction\",\"target\":{\"@type\":\"EntryPoint\",\"urlTemplate\":\"https:\/\/jak.fi\/pl\/?s={search_term_string}\"},\"query-input\":{\"@type\":\"PropertyValueSpecification\",\"valueRequired\":true,\"valueName\":\"search_term_string\"}}],\"inLanguage\":\"pl-PL\"},{\"@type\":\"Organization\",\"@id\":\"https:\/\/jak.fi\/pl\/#organization\",\"name\":\"JAK-Metalli Oy\",\"alternateName\":\"JAK Tree shears\",\"url\":\"https:\/\/jak.fi\/pl\/\",\"logo\":{\"@type\":\"ImageObject\",\"inLanguage\":\"pl-PL\",\"@id\":\"https:\/\/jak.fi\/pl\/#\/schema\/logo\/image\/\",\"url\":\"https:\/\/jak.fi\/wp-content\/uploads\/2024\/09\/JAK-logo-696x696-1.jpg\",\"contentUrl\":\"https:\/\/jak.fi\/wp-content\/uploads\/2024\/09\/JAK-logo-696x696-1.jpg\",\"width\":696,\"height\":696,\"caption\":\"JAK-Metalli Oy\"},\"image\":{\"@id\":\"https:\/\/jak.fi\/pl\/#\/schema\/logo\/image\/\"},\"sameAs\":[\"https:\/\/www.facebook.com\/jaktreeshears\",\"https:\/\/www.instagram.com\/jaktreeshears\/\",\"https:\/\/www.youtube.com\/channel\/UCAwvaVhBBkPie8MeAGbdY1w\"]}]}<\/script>\n<!-- \/ Yoast SEO plugin. -->","yoast_head_json":{"title":"wspornik do \u015bcinki &#8211; JAK-Metalli Oy","description":"Wysi\u0119gnik z g\u0142owic\u0105 biomasow\u0105 JAK Energy zwi\u0119ksza zasi\u0119g z 600 do 930 mm, usprawnia prace le\u015bne i chroni koniec wysi\u0119gnika przed ga\u0142\u0119ziami. Lekkie i wytrzyma\u0142e akcesorium.","robots":{"index":"index","follow":"follow","max-snippet":"max-snippet:-1","max-image-preview":"max-image-preview:large","max-video-preview":"max-video-preview:-1"},"canonical":"https:\/\/jak.fi\/pl\/produkty\/akcesoria-do-glowic-biomasowych\/wspornik-do-scinki\/","og_locale":"pl_PL","og_type":"article","og_title":"wspornik do \u015bcinki &#8211; JAK-Metalli Oy","og_description":"Wysi\u0119gnik z g\u0142owic\u0105 biomasow\u0105 JAK Energy zwi\u0119ksza zasi\u0119g z 600 do 930 mm, usprawnia prace le\u015bne i chroni koniec wysi\u0119gnika przed ga\u0142\u0119ziami. Lekkie i wytrzyma\u0142e akcesorium.","og_url":"https:\/\/jak.fi\/pl\/produkty\/akcesoria-do-glowic-biomasowych\/wspornik-do-scinki\/","og_site_name":"JAK-Metalli Oy","article_publisher":"https:\/\/www.facebook.com\/jaktreeshears","article_modified_time":"2025-08-21T11:30:12+00:00","og_image":[{"width":1000,"height":667,"url":"https:\/\/jak.fi\/wp-content\/uploads\/2024\/05\/Jatkopuomi-220C.png","type":"image\/png"}],"twitter_card":"summary_large_image","twitter_misc":{"Szacowany czas czytania":"1 minuta"},"schema":{"@context":"https:\/\/schema.org","@graph":[{"@type":"WebPage","@id":"https:\/\/jak.fi\/pl\/produkty\/akcesoria-do-glowic-biomasowych\/wspornik-do-scinki\/","url":"https:\/\/jak.fi\/pl\/produkty\/akcesoria-do-glowic-biomasowych\/wspornik-do-scinki\/","name":"wspornik do \u015bcinki &#8211; JAK-Metalli Oy","isPartOf":{"@id":"https:\/\/jak.fi\/pl\/#website"},"primaryImageOfPage":{"@id":"https:\/\/jak.fi\/pl\/produkty\/akcesoria-do-glowic-biomasowych\/wspornik-do-scinki\/#primaryimage"},"image":{"@id":"https:\/\/jak.fi\/pl\/produkty\/akcesoria-do-glowic-biomasowych\/wspornik-do-scinki\/#primaryimage"},"thumbnailUrl":"https:\/\/jak.fi\/wp-content\/uploads\/2024\/05\/Jatkopuomi-220C.png","datePublished":"2024-05-28T07:07:40+00:00","dateModified":"2025-08-21T11:30:12+00:00","description":"Wysi\u0119gnik z g\u0142owic\u0105 biomasow\u0105 JAK Energy zwi\u0119ksza zasi\u0119g z 600 do 930 mm, usprawnia prace le\u015bne i chroni koniec wysi\u0119gnika przed ga\u0142\u0119ziami. Lekkie i wytrzyma\u0142e akcesorium.","breadcrumb":{"@id":"https:\/\/jak.fi\/pl\/produkty\/akcesoria-do-glowic-biomasowych\/wspornik-do-scinki\/#breadcrumb"},"inLanguage":"pl-PL","potentialAction":[{"@type":"ReadAction","target":["https:\/\/jak.fi\/pl\/produkty\/akcesoria-do-glowic-biomasowych\/wspornik-do-scinki\/"]}]},{"@type":"ImageObject","inLanguage":"pl-PL","@id":"https:\/\/jak.fi\/pl\/produkty\/akcesoria-do-glowic-biomasowych\/wspornik-do-scinki\/#primaryimage","url":"https:\/\/jak.fi\/wp-content\/uploads\/2024\/05\/Jatkopuomi-220C.png","contentUrl":"https:\/\/jak.fi\/wp-content\/uploads\/2024\/05\/Jatkopuomi-220C.png","width":1000,"height":667,"caption":"Solidny wspornik do \u015bcinki energetycznej"},{"@type":"BreadcrumbList","@id":"https:\/\/jak.fi\/pl\/produkty\/akcesoria-do-glowic-biomasowych\/wspornik-do-scinki\/#breadcrumb","itemListElement":[{"@type":"ListItem","position":1,"name":"Etusivu","item":"https:\/\/jak.fi\/pl\/"},{"@type":"ListItem","position":2,"name":"Produkty","item":"https:\/\/jak.fi\/pl\/produkty\/"},{"@type":"ListItem","position":3,"name":"wspornik do \u015bcinki"}]},{"@type":"WebSite","@id":"https:\/\/jak.fi\/pl\/#website","url":"https:\/\/jak.fi\/pl\/","name":"JAK-Metalli Oy","description":"","publisher":{"@id":"https:\/\/jak.fi\/pl\/#organization"},"alternateName":"JAK Tree shears","potentialAction":[{"@type":"SearchAction","target":{"@type":"EntryPoint","urlTemplate":"https:\/\/jak.fi\/pl\/?s={search_term_string}"},"query-input":{"@type":"PropertyValueSpecification","valueRequired":true,"valueName":"search_term_string"}}],"inLanguage":"pl-PL"},{"@type":"Organization","@id":"https:\/\/jak.fi\/pl\/#organization","name":"JAK-Metalli Oy","alternateName":"JAK Tree shears","url":"https:\/\/jak.fi\/pl\/","logo":{"@type":"ImageObject","inLanguage":"pl-PL","@id":"https:\/\/jak.fi\/pl\/#\/schema\/logo\/image\/","url":"https:\/\/jak.fi\/wp-content\/uploads\/2024\/09\/JAK-logo-696x696-1.jpg","contentUrl":"https:\/\/jak.fi\/wp-content\/uploads\/2024\/09\/JAK-logo-696x696-1.jpg","width":696,"height":696,"caption":"JAK-Metalli Oy"},"image":{"@id":"https:\/\/jak.fi\/pl\/#\/schema\/logo\/image\/"},"sameAs":["https:\/\/www.facebook.com\/jaktreeshears","https:\/\/www.instagram.com\/jaktreeshears\/","https:\/\/www.youtube.com\/channel\/UCAwvaVhBBkPie8MeAGbdY1w"]}]}},"_links":{"self":[{"href":"https:\/\/jak.fi\/pl\/wp-json\/wp\/v2\/product\/10308","targetHints":{"allow":["GET"]}}],"collection":[{"href":"https:\/\/jak.fi\/pl\/wp-json\/wp\/v2\/product"}],"about":[{"href":"https:\/\/jak.fi\/pl\/wp-json\/wp\/v2\/types\/product"}],"wp:featuredmedia":[{"embeddable":true,"href":"https:\/\/jak.fi\/pl\/wp-json\/wp\/v2\/media\/10309"}],"wp:attachment":[{"href":"https:\/\/jak.fi\/pl\/wp-json\/wp\/v2\/media?parent=10308"}],"wp:term":[{"taxonomy":"product_brand","embeddable":true,"href":"https:\/\/jak.fi\/pl\/wp-json\/wp\/v2\/product_brand?post=10308"},{"taxonomy":"product_cat","embeddable":true,"href":"https:\/\/jak.fi\/pl\/wp-json\/wp\/v2\/product_cat?post=10308"},{"taxonomy":"product_tag","embeddable":true,"href":"https:\/\/jak.fi\/pl\/wp-json\/wp\/v2\/product_tag?post=10308"}],"curies":[{"name":"wp","href":"https:\/\/api.w.org\/{rel}","templated":true}]}}