{"id":10310,"date":"2024-05-28T10:08:07","date_gmt":"2024-05-28T07:08:07","guid":{"rendered":"https:\/\/jak.fi\/products\/bez-kategorii\/tylna-czesc-avant\/"},"modified":"2025-06-12T09:59:24","modified_gmt":"2025-06-12T06:59:24","slug":"tylna-czesc-avant","status":"publish","type":"product","link":"https:\/\/jak.fi\/pl\/produkty\/akcesoria-do-glowic-biomasowych\/tylna-czesc-avant\/","title":{"rendered":"Tylna cz\u0119\u015b\u0107 Avant"},"content":{"rendered":"<h3 class=\"\" data-start=\"70\" data-end=\"133\">Tylna cz\u0119\u015b\u0107 Avant &#8211; Wszechstronno\u015b\u0107 dla g\u0142owic biomasowych JAK Energy<\/h3>\n<p class=\"\" data-start=\"135\" data-end=\"509\">Tylna cz\u0119\u015b\u0107 Avant jest kompatybilna z chwytakami energetycznymi JAK serii R i umo\u017cliwia \u0142atwe mocowanie chwytaka do \u0142adowarek ko\u0142owych Avant. Dzi\u0119ki temu jest to doskona\u0142e akcesorium do efektywnego wykorzystania g\u0142owicy biomasowej JAK w \u0142adowarkach ko\u0142owych Avant. Jest dost\u0119pny w dw\u00f3ch r\u00f3\u017cnych rozmiarach, aby pasowa\u0142 do r\u00f3\u017cnych rozmiar\u00f3w podwozia.  <\/p>\n<p class=\"\" data-start=\"511\" data-end=\"863\">G\u0142owice biomasowe i tylne cz\u0119\u015bci firmy JAK Energy zosta\u0142y zaprojektowane z my\u015bl\u0105 o u\u017cyteczno\u015bci i elastyczno\u015bci. W razie potrzeby sekcj\u0119 tyln\u0105 Avant mo\u017cna wymieni\u0107 na inn\u0105 kompatybiln\u0105 sekcj\u0119 tyln\u0105, dzi\u0119ki czemu ta sama g\u0142owica biomasowa mo\u017ce by\u0107 u\u017cywana na przyk\u0142ad na koparce. Pozwala to na wszechstronne i ekonomiczne wykorzystanie z szerok\u0105 gam\u0105 maszyn.  <\/p>\n<p class=\"\" data-start=\"865\" data-end=\"1003\">Niezale\u017cnie od tego, czy u\u017cywasz \u0142adowarki ko\u0142owej czy koparki, wymienna tylna cz\u0119\u015b\u0107 zapewnia elastyczno\u015b\u0107 i wi\u0119cej zastosowa\u0144 dla chwytak\u00f3w biomasowych JAK serii R.<\/p>\n","protected":false},"excerpt":{"rendered":"<p>Tylna cz\u0119\u015b\u0107 Avant &#8211; Wszechstronno\u015b\u0107 dla g\u0142owic biomasowych JAK Energy Tylna cz\u0119\u015b\u0107 Avant jest kompatybilna z chwytakami energetycznymi JAK serii R i umo\u017cliwia \u0142atwe mocowanie chwytaka do \u0142adowarek ko\u0142owych Avant. Dzi\u0119ki temu jest to doskona\u0142e akcesorium do efektywnego wykorzystania g\u0142owicy biomasowej JAK w \u0142adowarkach ko\u0142owych Avant. Jest dost\u0119pny w dw\u00f3ch r\u00f3\u017cnych rozmiarach, aby pasowa\u0142 do [&hellip;]<\/p>\n","protected":false},"featured_media":10313,"template":"","meta":{"_acf_changed":false},"product_brand":[],"product_cat":[627],"product_tag":[],"class_list":{"0":"post-10310","1":"product","2":"type-product","3":"status-publish","4":"has-post-thumbnail","6":"product_cat-akcesoria-do-glowic-biomasowych","8":"first","9":"instock","10":"shipping-taxable","11":"product-type-simple"},"acf":[],"yoast_head":"<!-- This site is optimized with the Yoast SEO plugin v27.2 - https:\/\/yoast.com\/product\/yoast-seo-wordpress\/ -->\n<title>Tylna cz\u0119\u015b\u0107 Avant &#8211; JAK-Metalli Oy<\/title>\n<meta name=\"description\" content=\"Tylna cz\u0119\u015b\u0107 Avant jest kompatybilna z g\u0142owicami biomasowymi JAK serii R i umo\u017cliwia \u0142atwe mocowanie chwytaka do \u0142adowarek ko\u0142owych Avant.\" \/>\n<meta name=\"robots\" content=\"index, follow, max-snippet:-1, max-image-preview:large, max-video-preview:-1\" \/>\n<link rel=\"canonical\" href=\"https:\/\/jak.fi\/pl\/produkty\/akcesoria-do-glowic-biomasowych\/tylna-czesc-avant\/\" \/>\n<meta property=\"og:locale\" content=\"pl_PL\" \/>\n<meta property=\"og:type\" content=\"article\" \/>\n<meta property=\"og:title\" content=\"Tylna cz\u0119\u015b\u0107 Avant &#8211; JAK-Metalli Oy\" \/>\n<meta property=\"og:description\" content=\"Tylna cz\u0119\u015b\u0107 Avant jest kompatybilna z g\u0142owicami biomasowymi JAK serii R i umo\u017cliwia \u0142atwe mocowanie chwytaka do \u0142adowarek ko\u0142owych Avant.\" \/>\n<meta property=\"og:url\" content=\"https:\/\/jak.fi\/pl\/produkty\/akcesoria-do-glowic-biomasowych\/tylna-czesc-avant\/\" \/>\n<meta property=\"og:site_name\" content=\"JAK-Metalli Oy\" \/>\n<meta property=\"article:publisher\" content=\"https:\/\/www.facebook.com\/jaktreeshears\" \/>\n<meta property=\"article:modified_time\" content=\"2025-06-12T06:59:24+00:00\" \/>\n<meta property=\"og:image\" content=\"https:\/\/jak.fi\/wp-content\/uploads\/2024\/05\/tree-shear-avant-adapter.png\" \/>\n\t<meta property=\"og:image:width\" content=\"1000\" \/>\n\t<meta property=\"og:image:height\" content=\"666\" \/>\n\t<meta property=\"og:image:type\" content=\"image\/png\" \/>\n<meta name=\"twitter:card\" content=\"summary_large_image\" \/>\n<meta name=\"twitter:label1\" content=\"Szacowany czas czytania\" \/>\n\t<meta name=\"twitter:data1\" content=\"1 minuta\" \/>\n<script type=\"application\/ld+json\" class=\"yoast-schema-graph\">{\"@context\":\"https:\/\/schema.org\",\"@graph\":[{\"@type\":\"WebPage\",\"@id\":\"https:\/\/jak.fi\/pl\/produkty\/akcesoria-do-glowic-biomasowych\/tylna-czesc-avant\/\",\"url\":\"https:\/\/jak.fi\/pl\/produkty\/akcesoria-do-glowic-biomasowych\/tylna-czesc-avant\/\",\"name\":\"Tylna cz\u0119\u015b\u0107 Avant &#8211; JAK-Metalli Oy\",\"isPartOf\":{\"@id\":\"https:\/\/jak.fi\/pl\/#website\"},\"primaryImageOfPage\":{\"@id\":\"https:\/\/jak.fi\/pl\/produkty\/akcesoria-do-glowic-biomasowych\/tylna-czesc-avant\/#primaryimage\"},\"image\":{\"@id\":\"https:\/\/jak.fi\/pl\/produkty\/akcesoria-do-glowic-biomasowych\/tylna-czesc-avant\/#primaryimage\"},\"thumbnailUrl\":\"https:\/\/jak.fi\/wp-content\/uploads\/2024\/05\/tree-shear-avant-adapter.png\",\"datePublished\":\"2024-05-28T07:08:07+00:00\",\"dateModified\":\"2025-06-12T06:59:24+00:00\",\"description\":\"Tylna cz\u0119\u015b\u0107 Avant jest kompatybilna z g\u0142owicami biomasowymi JAK serii R i umo\u017cliwia \u0142atwe mocowanie chwytaka do \u0142adowarek ko\u0142owych Avant.\",\"breadcrumb\":{\"@id\":\"https:\/\/jak.fi\/pl\/produkty\/akcesoria-do-glowic-biomasowych\/tylna-czesc-avant\/#breadcrumb\"},\"inLanguage\":\"pl-PL\",\"potentialAction\":[{\"@type\":\"ReadAction\",\"target\":[\"https:\/\/jak.fi\/pl\/produkty\/akcesoria-do-glowic-biomasowych\/tylna-czesc-avant\/\"]}]},{\"@type\":\"ImageObject\",\"inLanguage\":\"pl-PL\",\"@id\":\"https:\/\/jak.fi\/pl\/produkty\/akcesoria-do-glowic-biomasowych\/tylna-czesc-avant\/#primaryimage\",\"url\":\"https:\/\/jak.fi\/wp-content\/uploads\/2024\/05\/tree-shear-avant-adapter.png\",\"contentUrl\":\"https:\/\/jak.fi\/wp-content\/uploads\/2024\/05\/tree-shear-avant-adapter.png\",\"width\":1000,\"height\":666,\"caption\":\"Tylna cz\u0119\u015b\u0107 Avant do g\u0142owicy biomasowej\"},{\"@type\":\"BreadcrumbList\",\"@id\":\"https:\/\/jak.fi\/pl\/produkty\/akcesoria-do-glowic-biomasowych\/tylna-czesc-avant\/#breadcrumb\",\"itemListElement\":[{\"@type\":\"ListItem\",\"position\":1,\"name\":\"Etusivu\",\"item\":\"https:\/\/jak.fi\/pl\/\"},{\"@type\":\"ListItem\",\"position\":2,\"name\":\"Produkty\",\"item\":\"https:\/\/jak.fi\/pl\/produkty\/\"},{\"@type\":\"ListItem\",\"position\":3,\"name\":\"Tylna cz\u0119\u015b\u0107 Avant\"}]},{\"@type\":\"WebSite\",\"@id\":\"https:\/\/jak.fi\/pl\/#website\",\"url\":\"https:\/\/jak.fi\/pl\/\",\"name\":\"JAK-Metalli Oy\",\"description\":\"\",\"publisher\":{\"@id\":\"https:\/\/jak.fi\/pl\/#organization\"},\"alternateName\":\"JAK Tree shears\",\"potentialAction\":[{\"@type\":\"SearchAction\",\"target\":{\"@type\":\"EntryPoint\",\"urlTemplate\":\"https:\/\/jak.fi\/pl\/?s={search_term_string}\"},\"query-input\":{\"@type\":\"PropertyValueSpecification\",\"valueRequired\":true,\"valueName\":\"search_term_string\"}}],\"inLanguage\":\"pl-PL\"},{\"@type\":\"Organization\",\"@id\":\"https:\/\/jak.fi\/pl\/#organization\",\"name\":\"JAK-Metalli Oy\",\"alternateName\":\"JAK Tree shears\",\"url\":\"https:\/\/jak.fi\/pl\/\",\"logo\":{\"@type\":\"ImageObject\",\"inLanguage\":\"pl-PL\",\"@id\":\"https:\/\/jak.fi\/pl\/#\/schema\/logo\/image\/\",\"url\":\"https:\/\/jak.fi\/wp-content\/uploads\/2024\/09\/JAK-logo-696x696-1.jpg\",\"contentUrl\":\"https:\/\/jak.fi\/wp-content\/uploads\/2024\/09\/JAK-logo-696x696-1.jpg\",\"width\":696,\"height\":696,\"caption\":\"JAK-Metalli Oy\"},\"image\":{\"@id\":\"https:\/\/jak.fi\/pl\/#\/schema\/logo\/image\/\"},\"sameAs\":[\"https:\/\/www.facebook.com\/jaktreeshears\",\"https:\/\/www.instagram.com\/jaktreeshears\/\",\"https:\/\/www.youtube.com\/channel\/UCAwvaVhBBkPie8MeAGbdY1w\"]}]}<\/script>\n<!-- \/ Yoast SEO plugin. -->","yoast_head_json":{"title":"Tylna cz\u0119\u015b\u0107 Avant &#8211; JAK-Metalli Oy","description":"Tylna cz\u0119\u015b\u0107 Avant jest kompatybilna z g\u0142owicami biomasowymi JAK serii R i umo\u017cliwia \u0142atwe mocowanie chwytaka do \u0142adowarek ko\u0142owych Avant.","robots":{"index":"index","follow":"follow","max-snippet":"max-snippet:-1","max-image-preview":"max-image-preview:large","max-video-preview":"max-video-preview:-1"},"canonical":"https:\/\/jak.fi\/pl\/produkty\/akcesoria-do-glowic-biomasowych\/tylna-czesc-avant\/","og_locale":"pl_PL","og_type":"article","og_title":"Tylna cz\u0119\u015b\u0107 Avant &#8211; JAK-Metalli Oy","og_description":"Tylna cz\u0119\u015b\u0107 Avant jest kompatybilna z g\u0142owicami biomasowymi JAK serii R i umo\u017cliwia \u0142atwe mocowanie chwytaka do \u0142adowarek ko\u0142owych Avant.","og_url":"https:\/\/jak.fi\/pl\/produkty\/akcesoria-do-glowic-biomasowych\/tylna-czesc-avant\/","og_site_name":"JAK-Metalli Oy","article_publisher":"https:\/\/www.facebook.com\/jaktreeshears","article_modified_time":"2025-06-12T06:59:24+00:00","og_image":[{"width":1000,"height":666,"url":"https:\/\/jak.fi\/wp-content\/uploads\/2024\/05\/tree-shear-avant-adapter.png","type":"image\/png"}],"twitter_card":"summary_large_image","twitter_misc":{"Szacowany czas czytania":"1 minuta"},"schema":{"@context":"https:\/\/schema.org","@graph":[{"@type":"WebPage","@id":"https:\/\/jak.fi\/pl\/produkty\/akcesoria-do-glowic-biomasowych\/tylna-czesc-avant\/","url":"https:\/\/jak.fi\/pl\/produkty\/akcesoria-do-glowic-biomasowych\/tylna-czesc-avant\/","name":"Tylna cz\u0119\u015b\u0107 Avant &#8211; JAK-Metalli Oy","isPartOf":{"@id":"https:\/\/jak.fi\/pl\/#website"},"primaryImageOfPage":{"@id":"https:\/\/jak.fi\/pl\/produkty\/akcesoria-do-glowic-biomasowych\/tylna-czesc-avant\/#primaryimage"},"image":{"@id":"https:\/\/jak.fi\/pl\/produkty\/akcesoria-do-glowic-biomasowych\/tylna-czesc-avant\/#primaryimage"},"thumbnailUrl":"https:\/\/jak.fi\/wp-content\/uploads\/2024\/05\/tree-shear-avant-adapter.png","datePublished":"2024-05-28T07:08:07+00:00","dateModified":"2025-06-12T06:59:24+00:00","description":"Tylna cz\u0119\u015b\u0107 Avant jest kompatybilna z g\u0142owicami biomasowymi JAK serii R i umo\u017cliwia \u0142atwe mocowanie chwytaka do \u0142adowarek ko\u0142owych Avant.","breadcrumb":{"@id":"https:\/\/jak.fi\/pl\/produkty\/akcesoria-do-glowic-biomasowych\/tylna-czesc-avant\/#breadcrumb"},"inLanguage":"pl-PL","potentialAction":[{"@type":"ReadAction","target":["https:\/\/jak.fi\/pl\/produkty\/akcesoria-do-glowic-biomasowych\/tylna-czesc-avant\/"]}]},{"@type":"ImageObject","inLanguage":"pl-PL","@id":"https:\/\/jak.fi\/pl\/produkty\/akcesoria-do-glowic-biomasowych\/tylna-czesc-avant\/#primaryimage","url":"https:\/\/jak.fi\/wp-content\/uploads\/2024\/05\/tree-shear-avant-adapter.png","contentUrl":"https:\/\/jak.fi\/wp-content\/uploads\/2024\/05\/tree-shear-avant-adapter.png","width":1000,"height":666,"caption":"Tylna cz\u0119\u015b\u0107 Avant do g\u0142owicy biomasowej"},{"@type":"BreadcrumbList","@id":"https:\/\/jak.fi\/pl\/produkty\/akcesoria-do-glowic-biomasowych\/tylna-czesc-avant\/#breadcrumb","itemListElement":[{"@type":"ListItem","position":1,"name":"Etusivu","item":"https:\/\/jak.fi\/pl\/"},{"@type":"ListItem","position":2,"name":"Produkty","item":"https:\/\/jak.fi\/pl\/produkty\/"},{"@type":"ListItem","position":3,"name":"Tylna cz\u0119\u015b\u0107 Avant"}]},{"@type":"WebSite","@id":"https:\/\/jak.fi\/pl\/#website","url":"https:\/\/jak.fi\/pl\/","name":"JAK-Metalli Oy","description":"","publisher":{"@id":"https:\/\/jak.fi\/pl\/#organization"},"alternateName":"JAK Tree shears","potentialAction":[{"@type":"SearchAction","target":{"@type":"EntryPoint","urlTemplate":"https:\/\/jak.fi\/pl\/?s={search_term_string}"},"query-input":{"@type":"PropertyValueSpecification","valueRequired":true,"valueName":"search_term_string"}}],"inLanguage":"pl-PL"},{"@type":"Organization","@id":"https:\/\/jak.fi\/pl\/#organization","name":"JAK-Metalli Oy","alternateName":"JAK Tree shears","url":"https:\/\/jak.fi\/pl\/","logo":{"@type":"ImageObject","inLanguage":"pl-PL","@id":"https:\/\/jak.fi\/pl\/#\/schema\/logo\/image\/","url":"https:\/\/jak.fi\/wp-content\/uploads\/2024\/09\/JAK-logo-696x696-1.jpg","contentUrl":"https:\/\/jak.fi\/wp-content\/uploads\/2024\/09\/JAK-logo-696x696-1.jpg","width":696,"height":696,"caption":"JAK-Metalli Oy"},"image":{"@id":"https:\/\/jak.fi\/pl\/#\/schema\/logo\/image\/"},"sameAs":["https:\/\/www.facebook.com\/jaktreeshears","https:\/\/www.instagram.com\/jaktreeshears\/","https:\/\/www.youtube.com\/channel\/UCAwvaVhBBkPie8MeAGbdY1w"]}]}},"_links":{"self":[{"href":"https:\/\/jak.fi\/pl\/wp-json\/wp\/v2\/product\/10310","targetHints":{"allow":["GET"]}}],"collection":[{"href":"https:\/\/jak.fi\/pl\/wp-json\/wp\/v2\/product"}],"about":[{"href":"https:\/\/jak.fi\/pl\/wp-json\/wp\/v2\/types\/product"}],"wp:featuredmedia":[{"embeddable":true,"href":"https:\/\/jak.fi\/pl\/wp-json\/wp\/v2\/media\/10313"}],"wp:attachment":[{"href":"https:\/\/jak.fi\/pl\/wp-json\/wp\/v2\/media?parent=10310"}],"wp:term":[{"taxonomy":"product_brand","embeddable":true,"href":"https:\/\/jak.fi\/pl\/wp-json\/wp\/v2\/product_brand?post=10310"},{"taxonomy":"product_cat","embeddable":true,"href":"https:\/\/jak.fi\/pl\/wp-json\/wp\/v2\/product_cat?post=10310"},{"taxonomy":"product_tag","embeddable":true,"href":"https:\/\/jak.fi\/pl\/wp-json\/wp\/v2\/product_tag?post=10310"}],"curies":[{"name":"wp","href":"https:\/\/api.w.org\/{rel}","templated":true}]}}