{"id":10312,"date":"2024-05-28T10:06:03","date_gmt":"2024-05-28T07:06:03","guid":{"rendered":"https:\/\/jak.fi\/products\/bez-kategorii\/zawor-6-2-drogowy-sterowany-elektrycznie\/"},"modified":"2025-06-12T09:59:24","modified_gmt":"2025-06-12T06:59:24","slug":"zawor-6-2-drogowy-sterowany-elektrycznie","status":"publish","type":"product","link":"https:\/\/jak.fi\/pl\/produkty\/akcesoria-do-glowic-biomasowych\/zawor-6-2-drogowy-sterowany-elektrycznie\/","title":{"rendered":"Zaw\u00f3r 6\/2-drogowy sterowany elektrycznie"},"content":{"rendered":"<p>Dzi\u0119ki 6\/2-dro\u017cnemu zaworowi sterowanemu elektrycznie mo\u017cna rozdzieli\u0107 jeden uk\u0142ad hydrauliczny na dwie funkcje podczas korzystania z g\u0142owicy biomasowej. Elektrozaw\u00f3r 6\/2-dro\u017cny umo\u017cliwia korzystanie z jednego akcesorium, na przyk\u0142ad kolektora masy, jednocze\u015bnie z g\u0142owic\u0105 biomasow\u0105. <\/p>\n","protected":false},"excerpt":{"rendered":"<p>Dzi\u0119ki 6\/2-dro\u017cnemu zaworowi sterowanemu elektrycznie mo\u017cna rozdzieli\u0107 jeden uk\u0142ad hydrauliczny na dwie funkcje podczas korzystania z g\u0142owicy biomasowej. Elektrozaw\u00f3r 6\/2-dro\u017cny umo\u017cliwia korzystanie z jednego akcesorium, na przyk\u0142ad kolektora masy, jednocze\u015bnie z g\u0142owic\u0105 biomasow\u0105.<\/p>\n","protected":false},"featured_media":10323,"template":"","meta":{"_acf_changed":false},"product_brand":[],"product_cat":[627],"product_tag":[],"class_list":{"0":"post-10312","1":"product","2":"type-product","3":"status-publish","4":"has-post-thumbnail","6":"product_cat-akcesoria-do-glowic-biomasowych","8":"first","9":"instock","10":"shipping-taxable","11":"product-type-simple"},"acf":[],"yoast_head":"<!-- This site is optimized with the Yoast SEO plugin v27.2 - https:\/\/yoast.com\/product\/yoast-seo-wordpress\/ -->\n<title>Zaw\u00f3r 6\/2-drogowy sterowany elektrycznie &#8211; JAK-Metalli Oy<\/title>\n<meta name=\"description\" content=\"JAK Elektrycznie sterowany zaw\u00f3r 6\/2-drogowy rozdziela hydraulik\u0119 na dwie funkcje, zwi\u0119kszaj\u0105c wydajno\u015b\u0107 i wszechstronno\u015b\u0107 g\u0142owicy biomasowej.\" \/>\n<meta name=\"robots\" content=\"index, follow, max-snippet:-1, max-image-preview:large, max-video-preview:-1\" \/>\n<link rel=\"canonical\" href=\"https:\/\/jak.fi\/pl\/produkty\/akcesoria-do-glowic-biomasowych\/zawor-6-2-drogowy-sterowany-elektrycznie\/\" \/>\n<meta property=\"og:locale\" content=\"pl_PL\" \/>\n<meta property=\"og:type\" content=\"article\" \/>\n<meta property=\"og:title\" content=\"Zaw\u00f3r 6\/2-drogowy sterowany elektrycznie &#8211; JAK-Metalli Oy\" \/>\n<meta property=\"og:description\" content=\"JAK Elektrycznie sterowany zaw\u00f3r 6\/2-drogowy rozdziela hydraulik\u0119 na dwie funkcje, zwi\u0119kszaj\u0105c wydajno\u015b\u0107 i wszechstronno\u015b\u0107 g\u0142owicy biomasowej.\" \/>\n<meta property=\"og:url\" content=\"https:\/\/jak.fi\/pl\/produkty\/akcesoria-do-glowic-biomasowych\/zawor-6-2-drogowy-sterowany-elektrycznie\/\" \/>\n<meta property=\"og:site_name\" content=\"JAK-Metalli Oy\" \/>\n<meta property=\"article:publisher\" content=\"https:\/\/www.facebook.com\/jaktreeshears\" \/>\n<meta property=\"article:modified_time\" content=\"2025-06-12T06:59:24+00:00\" \/>\n<meta property=\"og:image\" content=\"https:\/\/jak.fi\/wp-content\/uploads\/2024\/05\/E6238-venttiili.png\" \/>\n\t<meta property=\"og:image:width\" content=\"1000\" \/>\n\t<meta property=\"og:image:height\" content=\"666\" \/>\n\t<meta property=\"og:image:type\" content=\"image\/png\" \/>\n<meta name=\"twitter:card\" content=\"summary_large_image\" \/>\n<script type=\"application\/ld+json\" class=\"yoast-schema-graph\">{\"@context\":\"https:\/\/schema.org\",\"@graph\":[{\"@type\":\"WebPage\",\"@id\":\"https:\/\/jak.fi\/pl\/produkty\/akcesoria-do-glowic-biomasowych\/zawor-6-2-drogowy-sterowany-elektrycznie\/\",\"url\":\"https:\/\/jak.fi\/pl\/produkty\/akcesoria-do-glowic-biomasowych\/zawor-6-2-drogowy-sterowany-elektrycznie\/\",\"name\":\"Zaw\u00f3r 6\/2-drogowy sterowany elektrycznie &#8211; JAK-Metalli Oy\",\"isPartOf\":{\"@id\":\"https:\/\/jak.fi\/pl\/#website\"},\"primaryImageOfPage\":{\"@id\":\"https:\/\/jak.fi\/pl\/produkty\/akcesoria-do-glowic-biomasowych\/zawor-6-2-drogowy-sterowany-elektrycznie\/#primaryimage\"},\"image\":{\"@id\":\"https:\/\/jak.fi\/pl\/produkty\/akcesoria-do-glowic-biomasowych\/zawor-6-2-drogowy-sterowany-elektrycznie\/#primaryimage\"},\"thumbnailUrl\":\"https:\/\/jak.fi\/wp-content\/uploads\/2024\/05\/E6238-venttiili.png\",\"datePublished\":\"2024-05-28T07:06:03+00:00\",\"dateModified\":\"2025-06-12T06:59:24+00:00\",\"description\":\"JAK Elektrycznie sterowany zaw\u00f3r 6\/2-drogowy rozdziela hydraulik\u0119 na dwie funkcje, zwi\u0119kszaj\u0105c wydajno\u015b\u0107 i wszechstronno\u015b\u0107 g\u0142owicy biomasowej.\",\"breadcrumb\":{\"@id\":\"https:\/\/jak.fi\/pl\/produkty\/akcesoria-do-glowic-biomasowych\/zawor-6-2-drogowy-sterowany-elektrycznie\/#breadcrumb\"},\"inLanguage\":\"pl-PL\",\"potentialAction\":[{\"@type\":\"ReadAction\",\"target\":[\"https:\/\/jak.fi\/pl\/produkty\/akcesoria-do-glowic-biomasowych\/zawor-6-2-drogowy-sterowany-elektrycznie\/\"]}]},{\"@type\":\"ImageObject\",\"inLanguage\":\"pl-PL\",\"@id\":\"https:\/\/jak.fi\/pl\/produkty\/akcesoria-do-glowic-biomasowych\/zawor-6-2-drogowy-sterowany-elektrycznie\/#primaryimage\",\"url\":\"https:\/\/jak.fi\/wp-content\/uploads\/2024\/05\/E6238-venttiili.png\",\"contentUrl\":\"https:\/\/jak.fi\/wp-content\/uploads\/2024\/05\/E6238-venttiili.png\",\"width\":1000,\"height\":666,\"caption\":\"Elektrycznie sterowany zaw\u00f3r kierunkowy 6-2 Opis produktu\"},{\"@type\":\"BreadcrumbList\",\"@id\":\"https:\/\/jak.fi\/pl\/produkty\/akcesoria-do-glowic-biomasowych\/zawor-6-2-drogowy-sterowany-elektrycznie\/#breadcrumb\",\"itemListElement\":[{\"@type\":\"ListItem\",\"position\":1,\"name\":\"Etusivu\",\"item\":\"https:\/\/jak.fi\/pl\/\"},{\"@type\":\"ListItem\",\"position\":2,\"name\":\"Produkty\",\"item\":\"https:\/\/jak.fi\/pl\/produkty\/\"},{\"@type\":\"ListItem\",\"position\":3,\"name\":\"Zaw\u00f3r 6\/2-drogowy sterowany elektrycznie\"}]},{\"@type\":\"WebSite\",\"@id\":\"https:\/\/jak.fi\/pl\/#website\",\"url\":\"https:\/\/jak.fi\/pl\/\",\"name\":\"JAK-Metalli Oy\",\"description\":\"\",\"publisher\":{\"@id\":\"https:\/\/jak.fi\/pl\/#organization\"},\"alternateName\":\"JAK Tree shears\",\"potentialAction\":[{\"@type\":\"SearchAction\",\"target\":{\"@type\":\"EntryPoint\",\"urlTemplate\":\"https:\/\/jak.fi\/pl\/?s={search_term_string}\"},\"query-input\":{\"@type\":\"PropertyValueSpecification\",\"valueRequired\":true,\"valueName\":\"search_term_string\"}}],\"inLanguage\":\"pl-PL\"},{\"@type\":\"Organization\",\"@id\":\"https:\/\/jak.fi\/pl\/#organization\",\"name\":\"JAK-Metalli Oy\",\"alternateName\":\"JAK Tree shears\",\"url\":\"https:\/\/jak.fi\/pl\/\",\"logo\":{\"@type\":\"ImageObject\",\"inLanguage\":\"pl-PL\",\"@id\":\"https:\/\/jak.fi\/pl\/#\/schema\/logo\/image\/\",\"url\":\"https:\/\/jak.fi\/wp-content\/uploads\/2024\/09\/JAK-logo-696x696-1.jpg\",\"contentUrl\":\"https:\/\/jak.fi\/wp-content\/uploads\/2024\/09\/JAK-logo-696x696-1.jpg\",\"width\":696,\"height\":696,\"caption\":\"JAK-Metalli Oy\"},\"image\":{\"@id\":\"https:\/\/jak.fi\/pl\/#\/schema\/logo\/image\/\"},\"sameAs\":[\"https:\/\/www.facebook.com\/jaktreeshears\",\"https:\/\/www.instagram.com\/jaktreeshears\/\",\"https:\/\/www.youtube.com\/channel\/UCAwvaVhBBkPie8MeAGbdY1w\"]}]}<\/script>\n<!-- \/ Yoast SEO plugin. -->","yoast_head_json":{"title":"Zaw\u00f3r 6\/2-drogowy sterowany elektrycznie &#8211; JAK-Metalli Oy","description":"JAK Elektrycznie sterowany zaw\u00f3r 6\/2-drogowy rozdziela hydraulik\u0119 na dwie funkcje, zwi\u0119kszaj\u0105c wydajno\u015b\u0107 i wszechstronno\u015b\u0107 g\u0142owicy biomasowej.","robots":{"index":"index","follow":"follow","max-snippet":"max-snippet:-1","max-image-preview":"max-image-preview:large","max-video-preview":"max-video-preview:-1"},"canonical":"https:\/\/jak.fi\/pl\/produkty\/akcesoria-do-glowic-biomasowych\/zawor-6-2-drogowy-sterowany-elektrycznie\/","og_locale":"pl_PL","og_type":"article","og_title":"Zaw\u00f3r 6\/2-drogowy sterowany elektrycznie &#8211; JAK-Metalli Oy","og_description":"JAK Elektrycznie sterowany zaw\u00f3r 6\/2-drogowy rozdziela hydraulik\u0119 na dwie funkcje, zwi\u0119kszaj\u0105c wydajno\u015b\u0107 i wszechstronno\u015b\u0107 g\u0142owicy biomasowej.","og_url":"https:\/\/jak.fi\/pl\/produkty\/akcesoria-do-glowic-biomasowych\/zawor-6-2-drogowy-sterowany-elektrycznie\/","og_site_name":"JAK-Metalli Oy","article_publisher":"https:\/\/www.facebook.com\/jaktreeshears","article_modified_time":"2025-06-12T06:59:24+00:00","og_image":[{"width":1000,"height":666,"url":"https:\/\/jak.fi\/wp-content\/uploads\/2024\/05\/E6238-venttiili.png","type":"image\/png"}],"twitter_card":"summary_large_image","schema":{"@context":"https:\/\/schema.org","@graph":[{"@type":"WebPage","@id":"https:\/\/jak.fi\/pl\/produkty\/akcesoria-do-glowic-biomasowych\/zawor-6-2-drogowy-sterowany-elektrycznie\/","url":"https:\/\/jak.fi\/pl\/produkty\/akcesoria-do-glowic-biomasowych\/zawor-6-2-drogowy-sterowany-elektrycznie\/","name":"Zaw\u00f3r 6\/2-drogowy sterowany elektrycznie &#8211; JAK-Metalli Oy","isPartOf":{"@id":"https:\/\/jak.fi\/pl\/#website"},"primaryImageOfPage":{"@id":"https:\/\/jak.fi\/pl\/produkty\/akcesoria-do-glowic-biomasowych\/zawor-6-2-drogowy-sterowany-elektrycznie\/#primaryimage"},"image":{"@id":"https:\/\/jak.fi\/pl\/produkty\/akcesoria-do-glowic-biomasowych\/zawor-6-2-drogowy-sterowany-elektrycznie\/#primaryimage"},"thumbnailUrl":"https:\/\/jak.fi\/wp-content\/uploads\/2024\/05\/E6238-venttiili.png","datePublished":"2024-05-28T07:06:03+00:00","dateModified":"2025-06-12T06:59:24+00:00","description":"JAK Elektrycznie sterowany zaw\u00f3r 6\/2-drogowy rozdziela hydraulik\u0119 na dwie funkcje, zwi\u0119kszaj\u0105c wydajno\u015b\u0107 i wszechstronno\u015b\u0107 g\u0142owicy biomasowej.","breadcrumb":{"@id":"https:\/\/jak.fi\/pl\/produkty\/akcesoria-do-glowic-biomasowych\/zawor-6-2-drogowy-sterowany-elektrycznie\/#breadcrumb"},"inLanguage":"pl-PL","potentialAction":[{"@type":"ReadAction","target":["https:\/\/jak.fi\/pl\/produkty\/akcesoria-do-glowic-biomasowych\/zawor-6-2-drogowy-sterowany-elektrycznie\/"]}]},{"@type":"ImageObject","inLanguage":"pl-PL","@id":"https:\/\/jak.fi\/pl\/produkty\/akcesoria-do-glowic-biomasowych\/zawor-6-2-drogowy-sterowany-elektrycznie\/#primaryimage","url":"https:\/\/jak.fi\/wp-content\/uploads\/2024\/05\/E6238-venttiili.png","contentUrl":"https:\/\/jak.fi\/wp-content\/uploads\/2024\/05\/E6238-venttiili.png","width":1000,"height":666,"caption":"Elektrycznie sterowany zaw\u00f3r kierunkowy 6-2 Opis produktu"},{"@type":"BreadcrumbList","@id":"https:\/\/jak.fi\/pl\/produkty\/akcesoria-do-glowic-biomasowych\/zawor-6-2-drogowy-sterowany-elektrycznie\/#breadcrumb","itemListElement":[{"@type":"ListItem","position":1,"name":"Etusivu","item":"https:\/\/jak.fi\/pl\/"},{"@type":"ListItem","position":2,"name":"Produkty","item":"https:\/\/jak.fi\/pl\/produkty\/"},{"@type":"ListItem","position":3,"name":"Zaw\u00f3r 6\/2-drogowy sterowany elektrycznie"}]},{"@type":"WebSite","@id":"https:\/\/jak.fi\/pl\/#website","url":"https:\/\/jak.fi\/pl\/","name":"JAK-Metalli Oy","description":"","publisher":{"@id":"https:\/\/jak.fi\/pl\/#organization"},"alternateName":"JAK Tree shears","potentialAction":[{"@type":"SearchAction","target":{"@type":"EntryPoint","urlTemplate":"https:\/\/jak.fi\/pl\/?s={search_term_string}"},"query-input":{"@type":"PropertyValueSpecification","valueRequired":true,"valueName":"search_term_string"}}],"inLanguage":"pl-PL"},{"@type":"Organization","@id":"https:\/\/jak.fi\/pl\/#organization","name":"JAK-Metalli Oy","alternateName":"JAK Tree shears","url":"https:\/\/jak.fi\/pl\/","logo":{"@type":"ImageObject","inLanguage":"pl-PL","@id":"https:\/\/jak.fi\/pl\/#\/schema\/logo\/image\/","url":"https:\/\/jak.fi\/wp-content\/uploads\/2024\/09\/JAK-logo-696x696-1.jpg","contentUrl":"https:\/\/jak.fi\/wp-content\/uploads\/2024\/09\/JAK-logo-696x696-1.jpg","width":696,"height":696,"caption":"JAK-Metalli Oy"},"image":{"@id":"https:\/\/jak.fi\/pl\/#\/schema\/logo\/image\/"},"sameAs":["https:\/\/www.facebook.com\/jaktreeshears","https:\/\/www.instagram.com\/jaktreeshears\/","https:\/\/www.youtube.com\/channel\/UCAwvaVhBBkPie8MeAGbdY1w"]}]}},"_links":{"self":[{"href":"https:\/\/jak.fi\/pl\/wp-json\/wp\/v2\/product\/10312","targetHints":{"allow":["GET"]}}],"collection":[{"href":"https:\/\/jak.fi\/pl\/wp-json\/wp\/v2\/product"}],"about":[{"href":"https:\/\/jak.fi\/pl\/wp-json\/wp\/v2\/types\/product"}],"wp:featuredmedia":[{"embeddable":true,"href":"https:\/\/jak.fi\/pl\/wp-json\/wp\/v2\/media\/10323"}],"wp:attachment":[{"href":"https:\/\/jak.fi\/pl\/wp-json\/wp\/v2\/media?parent=10312"}],"wp:term":[{"taxonomy":"product_brand","embeddable":true,"href":"https:\/\/jak.fi\/pl\/wp-json\/wp\/v2\/product_brand?post=10312"},{"taxonomy":"product_cat","embeddable":true,"href":"https:\/\/jak.fi\/pl\/wp-json\/wp\/v2\/product_cat?post=10312"},{"taxonomy":"product_tag","embeddable":true,"href":"https:\/\/jak.fi\/pl\/wp-json\/wp\/v2\/product_tag?post=10312"}],"curies":[{"name":"wp","href":"https:\/\/api.w.org\/{rel}","templated":true}]}}