{"id":10319,"date":"2024-05-28T10:04:56","date_gmt":"2024-05-28T07:04:56","guid":{"rendered":"https:\/\/jak.fi\/products\/bez-kategorii\/kolektor-c\/"},"modified":"2025-06-12T09:59:24","modified_gmt":"2025-06-12T06:59:24","slug":"kolektor-c","status":"publish","type":"product","link":"https:\/\/jak.fi\/pl\/produkty\/akcesoria-do-glowic-biomasowych\/kolektor-c\/","title":{"rendered":"Kolektor C"},"content":{"rendered":"<p>G\u0142owica biomasowa firmy JAK optymalizuje wydajno\u015b\u0107 pracy i oszcz\u0119dza czas. G\u0142owice biomasowe serii C posiadaj\u0105 pojedyncz\u0105 szcz\u0119k\u0119 zbieraj\u0105c\u0105. <\/p>\n<p>Kolektor wi\u0105zek umo\u017cliwia g\u0142owicy biomasowej zbieranie kilku oddzielnych drzew w jednej wi\u0105zce, co oznacza, \u017ce jego u\u017cycie ogranicza niepotrzebne ruchy podczas pracy, u\u0142atwiaj\u0105c i przyspieszaj\u0105c karczowanie, poniewa\u017c ten sam obszar mo\u017ce by\u0107 szybciej obrabiany. Zwi\u0119ksza to wydajno\u015b\u0107 pracy. <\/p>\n<p>Kolektor masy potrzebuje do pracy w\u0142asnej hydrauliki. Mo\u017cna go pod\u0142\u0105czy\u0107 za pomoc\u0105 elektrycznie sterowanego zaworu 6\/2 do uk\u0142adu hydraulicznego g\u0142owicy biomasowej. <\/p>\n","protected":false},"excerpt":{"rendered":"<p>G\u0142owica biomasowa firmy JAK optymalizuje wydajno\u015b\u0107 pracy i oszcz\u0119dza czas. G\u0142owice biomasowe serii C posiadaj\u0105 pojedyncz\u0105 szcz\u0119k\u0119 zbieraj\u0105c\u0105. Kolektor wi\u0105zek umo\u017cliwia g\u0142owicy biomasowej zbieranie kilku oddzielnych drzew w jednej wi\u0105zce, co oznacza, \u017ce jego u\u017cycie ogranicza niepotrzebne ruchy podczas pracy, u\u0142atwiaj\u0105c i przyspieszaj\u0105c karczowanie, poniewa\u017c ten sam obszar mo\u017ce by\u0107 szybciej obrabiany. Zwi\u0119ksza to wydajno\u015b\u0107 [&hellip;]<\/p>\n","protected":false},"featured_media":10332,"template":"","meta":{"_acf_changed":false},"product_brand":[],"product_cat":[627],"product_tag":[],"class_list":{"0":"post-10319","1":"product","2":"type-product","3":"status-publish","4":"has-post-thumbnail","6":"product_cat-akcesoria-do-glowic-biomasowych","8":"first","9":"instock","10":"shipping-taxable","11":"product-type-simple"},"acf":[],"yoast_head":"<!-- This site is optimized with the Yoast SEO plugin v27.2 - https:\/\/yoast.com\/product\/yoast-seo-wordpress\/ -->\n<title>Kolektor C &#8211; JAK-Metalli Oy<\/title>\n<meta name=\"description\" content=\"G\u0142owica biomasowa JAK serii C to akcesorium, kt\u00f3re u\u0142atwia zbieranie drewna energetycznego i przyspiesza prac\u0119 z g\u0142owicami biomasowymi serii C.\" \/>\n<meta name=\"robots\" content=\"index, follow, max-snippet:-1, max-image-preview:large, max-video-preview:-1\" \/>\n<link rel=\"canonical\" href=\"https:\/\/jak.fi\/pl\/produkty\/akcesoria-do-glowic-biomasowych\/kolektor-c\/\" \/>\n<meta property=\"og:locale\" content=\"pl_PL\" \/>\n<meta property=\"og:type\" content=\"article\" \/>\n<meta property=\"og:title\" content=\"Kolektor C &#8211; JAK-Metalli Oy\" \/>\n<meta property=\"og:description\" content=\"G\u0142owica biomasowa JAK serii C to akcesorium, kt\u00f3re u\u0142atwia zbieranie drewna energetycznego i przyspiesza prac\u0119 z g\u0142owicami biomasowymi serii C.\" \/>\n<meta property=\"og:url\" content=\"https:\/\/jak.fi\/pl\/produkty\/akcesoria-do-glowic-biomasowych\/kolektor-c\/\" \/>\n<meta property=\"og:site_name\" content=\"JAK-Metalli Oy\" \/>\n<meta property=\"article:publisher\" content=\"https:\/\/www.facebook.com\/jaktreeshears\" \/>\n<meta property=\"article:modified_time\" content=\"2025-06-12T06:59:24+00:00\" \/>\n<meta property=\"og:image\" content=\"https:\/\/jak.fi\/wp-content\/uploads\/2024\/05\/220C-collector.png\" \/>\n\t<meta property=\"og:image:width\" content=\"1000\" \/>\n\t<meta property=\"og:image:height\" content=\"705\" \/>\n\t<meta property=\"og:image:type\" content=\"image\/png\" \/>\n<meta name=\"twitter:card\" content=\"summary_large_image\" \/>\n<script type=\"application\/ld+json\" class=\"yoast-schema-graph\">{\"@context\":\"https:\/\/schema.org\",\"@graph\":[{\"@type\":\"WebPage\",\"@id\":\"https:\/\/jak.fi\/pl\/produkty\/akcesoria-do-glowic-biomasowych\/kolektor-c\/\",\"url\":\"https:\/\/jak.fi\/pl\/produkty\/akcesoria-do-glowic-biomasowych\/kolektor-c\/\",\"name\":\"Kolektor C &#8211; JAK-Metalli Oy\",\"isPartOf\":{\"@id\":\"https:\/\/jak.fi\/pl\/#website\"},\"primaryImageOfPage\":{\"@id\":\"https:\/\/jak.fi\/pl\/produkty\/akcesoria-do-glowic-biomasowych\/kolektor-c\/#primaryimage\"},\"image\":{\"@id\":\"https:\/\/jak.fi\/pl\/produkty\/akcesoria-do-glowic-biomasowych\/kolektor-c\/#primaryimage\"},\"thumbnailUrl\":\"https:\/\/jak.fi\/wp-content\/uploads\/2024\/05\/220C-collector.png\",\"datePublished\":\"2024-05-28T07:04:56+00:00\",\"dateModified\":\"2025-06-12T06:59:24+00:00\",\"description\":\"G\u0142owica biomasowa JAK serii C to akcesorium, kt\u00f3re u\u0142atwia zbieranie drewna energetycznego i przyspiesza prac\u0119 z g\u0142owicami biomasowymi serii C.\",\"breadcrumb\":{\"@id\":\"https:\/\/jak.fi\/pl\/produkty\/akcesoria-do-glowic-biomasowych\/kolektor-c\/#breadcrumb\"},\"inLanguage\":\"pl-PL\",\"potentialAction\":[{\"@type\":\"ReadAction\",\"target\":[\"https:\/\/jak.fi\/pl\/produkty\/akcesoria-do-glowic-biomasowych\/kolektor-c\/\"]}]},{\"@type\":\"ImageObject\",\"inLanguage\":\"pl-PL\",\"@id\":\"https:\/\/jak.fi\/pl\/produkty\/akcesoria-do-glowic-biomasowych\/kolektor-c\/#primaryimage\",\"url\":\"https:\/\/jak.fi\/wp-content\/uploads\/2024\/05\/220C-collector.png\",\"contentUrl\":\"https:\/\/jak.fi\/wp-content\/uploads\/2024\/05\/220C-collector.png\",\"width\":1000,\"height\":705,\"caption\":\"Kolektor masy JAK serii C do g\u0142owic biomasowych\"},{\"@type\":\"BreadcrumbList\",\"@id\":\"https:\/\/jak.fi\/pl\/produkty\/akcesoria-do-glowic-biomasowych\/kolektor-c\/#breadcrumb\",\"itemListElement\":[{\"@type\":\"ListItem\",\"position\":1,\"name\":\"Etusivu\",\"item\":\"https:\/\/jak.fi\/pl\/\"},{\"@type\":\"ListItem\",\"position\":2,\"name\":\"Produkty\",\"item\":\"https:\/\/jak.fi\/pl\/produkty\/\"},{\"@type\":\"ListItem\",\"position\":3,\"name\":\"Kolektor C\"}]},{\"@type\":\"WebSite\",\"@id\":\"https:\/\/jak.fi\/pl\/#website\",\"url\":\"https:\/\/jak.fi\/pl\/\",\"name\":\"JAK-Metalli Oy\",\"description\":\"\",\"publisher\":{\"@id\":\"https:\/\/jak.fi\/pl\/#organization\"},\"alternateName\":\"JAK Tree shears\",\"potentialAction\":[{\"@type\":\"SearchAction\",\"target\":{\"@type\":\"EntryPoint\",\"urlTemplate\":\"https:\/\/jak.fi\/pl\/?s={search_term_string}\"},\"query-input\":{\"@type\":\"PropertyValueSpecification\",\"valueRequired\":true,\"valueName\":\"search_term_string\"}}],\"inLanguage\":\"pl-PL\"},{\"@type\":\"Organization\",\"@id\":\"https:\/\/jak.fi\/pl\/#organization\",\"name\":\"JAK-Metalli Oy\",\"alternateName\":\"JAK Tree shears\",\"url\":\"https:\/\/jak.fi\/pl\/\",\"logo\":{\"@type\":\"ImageObject\",\"inLanguage\":\"pl-PL\",\"@id\":\"https:\/\/jak.fi\/pl\/#\/schema\/logo\/image\/\",\"url\":\"https:\/\/jak.fi\/wp-content\/uploads\/2024\/09\/JAK-logo-696x696-1.jpg\",\"contentUrl\":\"https:\/\/jak.fi\/wp-content\/uploads\/2024\/09\/JAK-logo-696x696-1.jpg\",\"width\":696,\"height\":696,\"caption\":\"JAK-Metalli Oy\"},\"image\":{\"@id\":\"https:\/\/jak.fi\/pl\/#\/schema\/logo\/image\/\"},\"sameAs\":[\"https:\/\/www.facebook.com\/jaktreeshears\",\"https:\/\/www.instagram.com\/jaktreeshears\/\",\"https:\/\/www.youtube.com\/channel\/UCAwvaVhBBkPie8MeAGbdY1w\"]}]}<\/script>\n<!-- \/ Yoast SEO plugin. -->","yoast_head_json":{"title":"Kolektor C &#8211; JAK-Metalli Oy","description":"G\u0142owica biomasowa JAK serii C to akcesorium, kt\u00f3re u\u0142atwia zbieranie drewna energetycznego i przyspiesza prac\u0119 z g\u0142owicami biomasowymi serii C.","robots":{"index":"index","follow":"follow","max-snippet":"max-snippet:-1","max-image-preview":"max-image-preview:large","max-video-preview":"max-video-preview:-1"},"canonical":"https:\/\/jak.fi\/pl\/produkty\/akcesoria-do-glowic-biomasowych\/kolektor-c\/","og_locale":"pl_PL","og_type":"article","og_title":"Kolektor C &#8211; JAK-Metalli Oy","og_description":"G\u0142owica biomasowa JAK serii C to akcesorium, kt\u00f3re u\u0142atwia zbieranie drewna energetycznego i przyspiesza prac\u0119 z g\u0142owicami biomasowymi serii C.","og_url":"https:\/\/jak.fi\/pl\/produkty\/akcesoria-do-glowic-biomasowych\/kolektor-c\/","og_site_name":"JAK-Metalli Oy","article_publisher":"https:\/\/www.facebook.com\/jaktreeshears","article_modified_time":"2025-06-12T06:59:24+00:00","og_image":[{"width":1000,"height":705,"url":"https:\/\/jak.fi\/wp-content\/uploads\/2024\/05\/220C-collector.png","type":"image\/png"}],"twitter_card":"summary_large_image","schema":{"@context":"https:\/\/schema.org","@graph":[{"@type":"WebPage","@id":"https:\/\/jak.fi\/pl\/produkty\/akcesoria-do-glowic-biomasowych\/kolektor-c\/","url":"https:\/\/jak.fi\/pl\/produkty\/akcesoria-do-glowic-biomasowych\/kolektor-c\/","name":"Kolektor C &#8211; JAK-Metalli Oy","isPartOf":{"@id":"https:\/\/jak.fi\/pl\/#website"},"primaryImageOfPage":{"@id":"https:\/\/jak.fi\/pl\/produkty\/akcesoria-do-glowic-biomasowych\/kolektor-c\/#primaryimage"},"image":{"@id":"https:\/\/jak.fi\/pl\/produkty\/akcesoria-do-glowic-biomasowych\/kolektor-c\/#primaryimage"},"thumbnailUrl":"https:\/\/jak.fi\/wp-content\/uploads\/2024\/05\/220C-collector.png","datePublished":"2024-05-28T07:04:56+00:00","dateModified":"2025-06-12T06:59:24+00:00","description":"G\u0142owica biomasowa JAK serii C to akcesorium, kt\u00f3re u\u0142atwia zbieranie drewna energetycznego i przyspiesza prac\u0119 z g\u0142owicami biomasowymi serii C.","breadcrumb":{"@id":"https:\/\/jak.fi\/pl\/produkty\/akcesoria-do-glowic-biomasowych\/kolektor-c\/#breadcrumb"},"inLanguage":"pl-PL","potentialAction":[{"@type":"ReadAction","target":["https:\/\/jak.fi\/pl\/produkty\/akcesoria-do-glowic-biomasowych\/kolektor-c\/"]}]},{"@type":"ImageObject","inLanguage":"pl-PL","@id":"https:\/\/jak.fi\/pl\/produkty\/akcesoria-do-glowic-biomasowych\/kolektor-c\/#primaryimage","url":"https:\/\/jak.fi\/wp-content\/uploads\/2024\/05\/220C-collector.png","contentUrl":"https:\/\/jak.fi\/wp-content\/uploads\/2024\/05\/220C-collector.png","width":1000,"height":705,"caption":"Kolektor masy JAK serii C do g\u0142owic biomasowych"},{"@type":"BreadcrumbList","@id":"https:\/\/jak.fi\/pl\/produkty\/akcesoria-do-glowic-biomasowych\/kolektor-c\/#breadcrumb","itemListElement":[{"@type":"ListItem","position":1,"name":"Etusivu","item":"https:\/\/jak.fi\/pl\/"},{"@type":"ListItem","position":2,"name":"Produkty","item":"https:\/\/jak.fi\/pl\/produkty\/"},{"@type":"ListItem","position":3,"name":"Kolektor C"}]},{"@type":"WebSite","@id":"https:\/\/jak.fi\/pl\/#website","url":"https:\/\/jak.fi\/pl\/","name":"JAK-Metalli Oy","description":"","publisher":{"@id":"https:\/\/jak.fi\/pl\/#organization"},"alternateName":"JAK Tree shears","potentialAction":[{"@type":"SearchAction","target":{"@type":"EntryPoint","urlTemplate":"https:\/\/jak.fi\/pl\/?s={search_term_string}"},"query-input":{"@type":"PropertyValueSpecification","valueRequired":true,"valueName":"search_term_string"}}],"inLanguage":"pl-PL"},{"@type":"Organization","@id":"https:\/\/jak.fi\/pl\/#organization","name":"JAK-Metalli Oy","alternateName":"JAK Tree shears","url":"https:\/\/jak.fi\/pl\/","logo":{"@type":"ImageObject","inLanguage":"pl-PL","@id":"https:\/\/jak.fi\/pl\/#\/schema\/logo\/image\/","url":"https:\/\/jak.fi\/wp-content\/uploads\/2024\/09\/JAK-logo-696x696-1.jpg","contentUrl":"https:\/\/jak.fi\/wp-content\/uploads\/2024\/09\/JAK-logo-696x696-1.jpg","width":696,"height":696,"caption":"JAK-Metalli Oy"},"image":{"@id":"https:\/\/jak.fi\/pl\/#\/schema\/logo\/image\/"},"sameAs":["https:\/\/www.facebook.com\/jaktreeshears","https:\/\/www.instagram.com\/jaktreeshears\/","https:\/\/www.youtube.com\/channel\/UCAwvaVhBBkPie8MeAGbdY1w"]}]}},"_links":{"self":[{"href":"https:\/\/jak.fi\/pl\/wp-json\/wp\/v2\/product\/10319","targetHints":{"allow":["GET"]}}],"collection":[{"href":"https:\/\/jak.fi\/pl\/wp-json\/wp\/v2\/product"}],"about":[{"href":"https:\/\/jak.fi\/pl\/wp-json\/wp\/v2\/types\/product"}],"wp:featuredmedia":[{"embeddable":true,"href":"https:\/\/jak.fi\/pl\/wp-json\/wp\/v2\/media\/10332"}],"wp:attachment":[{"href":"https:\/\/jak.fi\/pl\/wp-json\/wp\/v2\/media?parent=10319"}],"wp:term":[{"taxonomy":"product_brand","embeddable":true,"href":"https:\/\/jak.fi\/pl\/wp-json\/wp\/v2\/product_brand?post=10319"},{"taxonomy":"product_cat","embeddable":true,"href":"https:\/\/jak.fi\/pl\/wp-json\/wp\/v2\/product_cat?post=10319"},{"taxonomy":"product_tag","embeddable":true,"href":"https:\/\/jak.fi\/pl\/wp-json\/wp\/v2\/product_tag?post=10319"}],"curies":[{"name":"wp","href":"https:\/\/api.w.org\/{rel}","templated":true}]}}