{"id":10322,"date":"2024-05-28T10:06:51","date_gmt":"2024-05-28T07:06:51","guid":{"rendered":"https:\/\/jak.fi\/products\/bez-kategorii\/sterowanie-radiowe\/"},"modified":"2025-06-12T09:59:25","modified_gmt":"2025-06-12T06:59:25","slug":"sterowanie-radiowe","status":"publish","type":"product","link":"https:\/\/jak.fi\/pl\/produkty\/akcesoria-do-glowic-biomasowych\/sterowanie-radiowe\/","title":{"rendered":"Sterowanie radiowe"},"content":{"rendered":"<p>Sterowanie radiowe umo\u017cliwia bezprzewodowe po\u0142\u0105czenie mi\u0119dzy sterownikiem a elektrycznie sterowanym zaworem 6\/2-drogowym. Na przyk\u0142ad, aby wyposa\u017cy\u0107 g\u0142owic\u0119 biomasow\u0105 w kolektor, gilotyn\u0119 lub rotator do pracy z hydraulik\u0105 pomocnicz\u0105 na elektrycznie sterowanym zaworze 6\/2-drogowym, potrzebny jest sterownik. <\/p>\n<p>System sterowania radiowego jest dostarczany z nadajnikiem zawieraj\u0105cym kontroler z trzema przyciskami. W zestawie znajduje si\u0119 r\u00f3wnie\u017c odbiornik z uchwytem na baterie Milwaukee lub Makita. \u017bywotno\u015b\u0107 baterii systemu sterowania radiowego wynosi do 8 godzin w zale\u017cno\u015bci od warunk\u00f3w pogodowych. Nadajnik mo\u017ce by\u0107 zasilany z akumulatora jednostki bazowej.   <\/p>\n<p><img loading=\"lazy\" decoding=\"async\" class=\"alignnone wp-image-617 \" src=\"https:\/\/jak.fi\/wp-content\/uploads\/2024\/05\/JAK-Radio-Control-selitys3-1-700x557.png\" alt=\"\" width=\"501\" height=\"399\" srcset=\"https:\/\/jak.fi\/wp-content\/uploads\/2024\/05\/JAK-Radio-Control-selitys3-1-700x557.png 700w, https:\/\/jak.fi\/wp-content\/uploads\/2024\/05\/JAK-Radio-Control-selitys3-1-1200x955.png 1200w, https:\/\/jak.fi\/wp-content\/uploads\/2024\/05\/JAK-Radio-Control-selitys3-1-768x611.png 768w, https:\/\/jak.fi\/wp-content\/uploads\/2024\/05\/JAK-Radio-Control-selitys3-1-800x637.png 800w, https:\/\/jak.fi\/wp-content\/uploads\/2024\/05\/JAK-Radio-Control-selitys3-1.png 1440w\" sizes=\"auto, (max-width: 501px) 100vw, 501px\" \/><\/p>\n<p><strong>Nadajnik systemu sterowania radiowego<\/strong><\/p>\n<p>1 &#8211; Nadajnik<\/p>\n<p>2 &#8211; Kabel zasilaj\u0105cy<\/p>\n<p>3 &#8211; Kontroler z trzema przyciskami<\/p>\n<p>&nbsp;<\/p>\n<p><strong>Odbiornik systemu sterowania radiowego<\/strong><\/p>\n<p>4 &#8211; Odbiornik<\/p>\n<p>5 &#8211; Podstawa akumulatora (Makita lub Milwaukee)<\/p>\n<p>6 &#8211; Przew\u00f3d steruj\u0105cy do elektrycznie sterowanego zaworu 6\/2-drogowego<\/p>\n","protected":false},"excerpt":{"rendered":"<p>Sterowanie radiowe umo\u017cliwia bezprzewodowe po\u0142\u0105czenie mi\u0119dzy sterownikiem a elektrycznie sterowanym zaworem 6\/2-drogowym. Na przyk\u0142ad, aby wyposa\u017cy\u0107 g\u0142owic\u0119 biomasow\u0105 w kolektor, gilotyn\u0119 lub rotator do pracy z hydraulik\u0105 pomocnicz\u0105 na elektrycznie sterowanym zaworze 6\/2-drogowym, potrzebny jest sterownik. System sterowania radiowego jest dostarczany z nadajnikiem zawieraj\u0105cym kontroler z trzema przyciskami. W zestawie znajduje si\u0119 r\u00f3wnie\u017c odbiornik z [&hellip;]<\/p>\n","protected":false},"featured_media":10346,"template":"","meta":{"_acf_changed":false},"product_brand":[],"product_cat":[627],"product_tag":[],"class_list":{"0":"post-10322","1":"product","2":"type-product","3":"status-publish","4":"has-post-thumbnail","6":"product_cat-akcesoria-do-glowic-biomasowych","8":"first","9":"instock","10":"shipping-taxable","11":"product-type-simple"},"acf":[],"yoast_head":"<!-- This site is optimized with the Yoast SEO plugin v27.3 - https:\/\/yoast.com\/product\/yoast-seo-wordpress\/ -->\n<title>Sterowanie radiowe &#8211; JAK-Metalli Oy<\/title>\n<meta name=\"description\" content=\"Sterowanie radiowe JAK zapewnia wygodny spos\u00f3b bezprzewodowego sterowania funkcjami g\u0142owicy biomasowej, poprawiaj\u0105c komfort i wydajno\u015b\u0107 pracy.\" \/>\n<meta name=\"robots\" content=\"index, follow, max-snippet:-1, max-image-preview:large, max-video-preview:-1\" \/>\n<link rel=\"canonical\" href=\"https:\/\/jak.fi\/pl\/produkty\/akcesoria-do-glowic-biomasowych\/sterowanie-radiowe\/\" \/>\n<meta property=\"og:locale\" content=\"pl_PL\" \/>\n<meta property=\"og:type\" content=\"article\" \/>\n<meta property=\"og:title\" content=\"Sterowanie radiowe &#8211; JAK-Metalli Oy\" \/>\n<meta property=\"og:description\" content=\"Sterowanie radiowe JAK zapewnia wygodny spos\u00f3b bezprzewodowego sterowania funkcjami g\u0142owicy biomasowej, poprawiaj\u0105c komfort i wydajno\u015b\u0107 pracy.\" \/>\n<meta property=\"og:url\" content=\"https:\/\/jak.fi\/pl\/produkty\/akcesoria-do-glowic-biomasowych\/sterowanie-radiowe\/\" \/>\n<meta property=\"og:site_name\" content=\"JAK-Metalli Oy\" \/>\n<meta property=\"article:publisher\" content=\"https:\/\/www.facebook.com\/jaktreeshears\" \/>\n<meta property=\"article:modified_time\" content=\"2025-06-12T06:59:25+00:00\" \/>\n<meta property=\"og:image\" content=\"https:\/\/jak.fi\/wp-content\/uploads\/2024\/05\/JAK-Radio-Control-web.png\" \/>\n\t<meta property=\"og:image:width\" content=\"1000\" \/>\n\t<meta property=\"og:image:height\" content=\"667\" \/>\n\t<meta property=\"og:image:type\" content=\"image\/png\" \/>\n<meta name=\"twitter:card\" content=\"summary_large_image\" \/>\n<meta name=\"twitter:label1\" content=\"Szacowany czas czytania\" \/>\n\t<meta name=\"twitter:data1\" content=\"1 minuta\" \/>\n<script type=\"application\/ld+json\" class=\"yoast-schema-graph\">{\"@context\":\"https:\\\/\\\/schema.org\",\"@graph\":[{\"@type\":\"WebPage\",\"@id\":\"https:\\\/\\\/jak.fi\\\/pl\\\/produkty\\\/akcesoria-do-glowic-biomasowych\\\/sterowanie-radiowe\\\/\",\"url\":\"https:\\\/\\\/jak.fi\\\/pl\\\/produkty\\\/akcesoria-do-glowic-biomasowych\\\/sterowanie-radiowe\\\/\",\"name\":\"Sterowanie radiowe &#8211; JAK-Metalli Oy\",\"isPartOf\":{\"@id\":\"https:\\\/\\\/jak.fi\\\/pl\\\/#website\"},\"primaryImageOfPage\":{\"@id\":\"https:\\\/\\\/jak.fi\\\/pl\\\/produkty\\\/akcesoria-do-glowic-biomasowych\\\/sterowanie-radiowe\\\/#primaryimage\"},\"image\":{\"@id\":\"https:\\\/\\\/jak.fi\\\/pl\\\/produkty\\\/akcesoria-do-glowic-biomasowych\\\/sterowanie-radiowe\\\/#primaryimage\"},\"thumbnailUrl\":\"https:\\\/\\\/jak.fi\\\/wp-content\\\/uploads\\\/2024\\\/05\\\/JAK-Radio-Control-web.png\",\"datePublished\":\"2024-05-28T07:06:51+00:00\",\"dateModified\":\"2025-06-12T06:59:25+00:00\",\"description\":\"Sterowanie radiowe JAK zapewnia wygodny spos\u00f3b bezprzewodowego sterowania funkcjami g\u0142owicy biomasowej, poprawiaj\u0105c komfort i wydajno\u015b\u0107 pracy.\",\"breadcrumb\":{\"@id\":\"https:\\\/\\\/jak.fi\\\/pl\\\/produkty\\\/akcesoria-do-glowic-biomasowych\\\/sterowanie-radiowe\\\/#breadcrumb\"},\"inLanguage\":\"pl-PL\",\"potentialAction\":[{\"@type\":\"ReadAction\",\"target\":[\"https:\\\/\\\/jak.fi\\\/pl\\\/produkty\\\/akcesoria-do-glowic-biomasowych\\\/sterowanie-radiowe\\\/\"]}]},{\"@type\":\"ImageObject\",\"inLanguage\":\"pl-PL\",\"@id\":\"https:\\\/\\\/jak.fi\\\/pl\\\/produkty\\\/akcesoria-do-glowic-biomasowych\\\/sterowanie-radiowe\\\/#primaryimage\",\"url\":\"https:\\\/\\\/jak.fi\\\/wp-content\\\/uploads\\\/2024\\\/05\\\/JAK-Radio-Control-web.png\",\"contentUrl\":\"https:\\\/\\\/jak.fi\\\/wp-content\\\/uploads\\\/2024\\\/05\\\/JAK-Radio-Control-web.png\",\"width\":1000,\"height\":667,\"caption\":\"Sterowanie radiowe dla g\u0142owicy biomasowej\"},{\"@type\":\"BreadcrumbList\",\"@id\":\"https:\\\/\\\/jak.fi\\\/pl\\\/produkty\\\/akcesoria-do-glowic-biomasowych\\\/sterowanie-radiowe\\\/#breadcrumb\",\"itemListElement\":[{\"@type\":\"ListItem\",\"position\":1,\"name\":\"Etusivu\",\"item\":\"https:\\\/\\\/jak.fi\\\/pl\\\/\"},{\"@type\":\"ListItem\",\"position\":2,\"name\":\"Produkty\",\"item\":\"https:\\\/\\\/jak.fi\\\/pl\\\/produkty\\\/\"},{\"@type\":\"ListItem\",\"position\":3,\"name\":\"Sterowanie radiowe\"}]},{\"@type\":\"WebSite\",\"@id\":\"https:\\\/\\\/jak.fi\\\/pl\\\/#website\",\"url\":\"https:\\\/\\\/jak.fi\\\/pl\\\/\",\"name\":\"JAK-Metalli Oy\",\"description\":\"\",\"publisher\":{\"@id\":\"https:\\\/\\\/jak.fi\\\/pl\\\/#organization\"},\"alternateName\":\"JAK Tree shears\",\"potentialAction\":[{\"@type\":\"SearchAction\",\"target\":{\"@type\":\"EntryPoint\",\"urlTemplate\":\"https:\\\/\\\/jak.fi\\\/pl\\\/?s={search_term_string}\"},\"query-input\":{\"@type\":\"PropertyValueSpecification\",\"valueRequired\":true,\"valueName\":\"search_term_string\"}}],\"inLanguage\":\"pl-PL\"},{\"@type\":\"Organization\",\"@id\":\"https:\\\/\\\/jak.fi\\\/pl\\\/#organization\",\"name\":\"JAK-Metalli Oy\",\"alternateName\":\"JAK Tree shears\",\"url\":\"https:\\\/\\\/jak.fi\\\/pl\\\/\",\"logo\":{\"@type\":\"ImageObject\",\"inLanguage\":\"pl-PL\",\"@id\":\"https:\\\/\\\/jak.fi\\\/pl\\\/#\\\/schema\\\/logo\\\/image\\\/\",\"url\":\"https:\\\/\\\/jak.fi\\\/wp-content\\\/uploads\\\/2024\\\/09\\\/JAK-logo-696x696-1.jpg\",\"contentUrl\":\"https:\\\/\\\/jak.fi\\\/wp-content\\\/uploads\\\/2024\\\/09\\\/JAK-logo-696x696-1.jpg\",\"width\":696,\"height\":696,\"caption\":\"JAK-Metalli Oy\"},\"image\":{\"@id\":\"https:\\\/\\\/jak.fi\\\/pl\\\/#\\\/schema\\\/logo\\\/image\\\/\"},\"sameAs\":[\"https:\\\/\\\/www.facebook.com\\\/jaktreeshears\",\"https:\\\/\\\/www.instagram.com\\\/jaktreeshears\\\/\",\"https:\\\/\\\/www.youtube.com\\\/channel\\\/UCAwvaVhBBkPie8MeAGbdY1w\"]}]}<\/script>\n<!-- \/ Yoast SEO plugin. -->","yoast_head_json":{"title":"Sterowanie radiowe &#8211; JAK-Metalli Oy","description":"Sterowanie radiowe JAK zapewnia wygodny spos\u00f3b bezprzewodowego sterowania funkcjami g\u0142owicy biomasowej, poprawiaj\u0105c komfort i wydajno\u015b\u0107 pracy.","robots":{"index":"index","follow":"follow","max-snippet":"max-snippet:-1","max-image-preview":"max-image-preview:large","max-video-preview":"max-video-preview:-1"},"canonical":"https:\/\/jak.fi\/pl\/produkty\/akcesoria-do-glowic-biomasowych\/sterowanie-radiowe\/","og_locale":"pl_PL","og_type":"article","og_title":"Sterowanie radiowe &#8211; JAK-Metalli Oy","og_description":"Sterowanie radiowe JAK zapewnia wygodny spos\u00f3b bezprzewodowego sterowania funkcjami g\u0142owicy biomasowej, poprawiaj\u0105c komfort i wydajno\u015b\u0107 pracy.","og_url":"https:\/\/jak.fi\/pl\/produkty\/akcesoria-do-glowic-biomasowych\/sterowanie-radiowe\/","og_site_name":"JAK-Metalli Oy","article_publisher":"https:\/\/www.facebook.com\/jaktreeshears","article_modified_time":"2025-06-12T06:59:25+00:00","og_image":[{"width":1000,"height":667,"url":"https:\/\/jak.fi\/wp-content\/uploads\/2024\/05\/JAK-Radio-Control-web.png","type":"image\/png"}],"twitter_card":"summary_large_image","twitter_misc":{"Szacowany czas czytania":"1 minuta"},"schema":{"@context":"https:\/\/schema.org","@graph":[{"@type":"WebPage","@id":"https:\/\/jak.fi\/pl\/produkty\/akcesoria-do-glowic-biomasowych\/sterowanie-radiowe\/","url":"https:\/\/jak.fi\/pl\/produkty\/akcesoria-do-glowic-biomasowych\/sterowanie-radiowe\/","name":"Sterowanie radiowe &#8211; JAK-Metalli Oy","isPartOf":{"@id":"https:\/\/jak.fi\/pl\/#website"},"primaryImageOfPage":{"@id":"https:\/\/jak.fi\/pl\/produkty\/akcesoria-do-glowic-biomasowych\/sterowanie-radiowe\/#primaryimage"},"image":{"@id":"https:\/\/jak.fi\/pl\/produkty\/akcesoria-do-glowic-biomasowych\/sterowanie-radiowe\/#primaryimage"},"thumbnailUrl":"https:\/\/jak.fi\/wp-content\/uploads\/2024\/05\/JAK-Radio-Control-web.png","datePublished":"2024-05-28T07:06:51+00:00","dateModified":"2025-06-12T06:59:25+00:00","description":"Sterowanie radiowe JAK zapewnia wygodny spos\u00f3b bezprzewodowego sterowania funkcjami g\u0142owicy biomasowej, poprawiaj\u0105c komfort i wydajno\u015b\u0107 pracy.","breadcrumb":{"@id":"https:\/\/jak.fi\/pl\/produkty\/akcesoria-do-glowic-biomasowych\/sterowanie-radiowe\/#breadcrumb"},"inLanguage":"pl-PL","potentialAction":[{"@type":"ReadAction","target":["https:\/\/jak.fi\/pl\/produkty\/akcesoria-do-glowic-biomasowych\/sterowanie-radiowe\/"]}]},{"@type":"ImageObject","inLanguage":"pl-PL","@id":"https:\/\/jak.fi\/pl\/produkty\/akcesoria-do-glowic-biomasowych\/sterowanie-radiowe\/#primaryimage","url":"https:\/\/jak.fi\/wp-content\/uploads\/2024\/05\/JAK-Radio-Control-web.png","contentUrl":"https:\/\/jak.fi\/wp-content\/uploads\/2024\/05\/JAK-Radio-Control-web.png","width":1000,"height":667,"caption":"Sterowanie radiowe dla g\u0142owicy biomasowej"},{"@type":"BreadcrumbList","@id":"https:\/\/jak.fi\/pl\/produkty\/akcesoria-do-glowic-biomasowych\/sterowanie-radiowe\/#breadcrumb","itemListElement":[{"@type":"ListItem","position":1,"name":"Etusivu","item":"https:\/\/jak.fi\/pl\/"},{"@type":"ListItem","position":2,"name":"Produkty","item":"https:\/\/jak.fi\/pl\/produkty\/"},{"@type":"ListItem","position":3,"name":"Sterowanie radiowe"}]},{"@type":"WebSite","@id":"https:\/\/jak.fi\/pl\/#website","url":"https:\/\/jak.fi\/pl\/","name":"JAK-Metalli Oy","description":"","publisher":{"@id":"https:\/\/jak.fi\/pl\/#organization"},"alternateName":"JAK Tree shears","potentialAction":[{"@type":"SearchAction","target":{"@type":"EntryPoint","urlTemplate":"https:\/\/jak.fi\/pl\/?s={search_term_string}"},"query-input":{"@type":"PropertyValueSpecification","valueRequired":true,"valueName":"search_term_string"}}],"inLanguage":"pl-PL"},{"@type":"Organization","@id":"https:\/\/jak.fi\/pl\/#organization","name":"JAK-Metalli Oy","alternateName":"JAK Tree shears","url":"https:\/\/jak.fi\/pl\/","logo":{"@type":"ImageObject","inLanguage":"pl-PL","@id":"https:\/\/jak.fi\/pl\/#\/schema\/logo\/image\/","url":"https:\/\/jak.fi\/wp-content\/uploads\/2024\/09\/JAK-logo-696x696-1.jpg","contentUrl":"https:\/\/jak.fi\/wp-content\/uploads\/2024\/09\/JAK-logo-696x696-1.jpg","width":696,"height":696,"caption":"JAK-Metalli Oy"},"image":{"@id":"https:\/\/jak.fi\/pl\/#\/schema\/logo\/image\/"},"sameAs":["https:\/\/www.facebook.com\/jaktreeshears","https:\/\/www.instagram.com\/jaktreeshears\/","https:\/\/www.youtube.com\/channel\/UCAwvaVhBBkPie8MeAGbdY1w"]}]}},"_links":{"self":[{"href":"https:\/\/jak.fi\/pl\/wp-json\/wp\/v2\/product\/10322","targetHints":{"allow":["GET"]}}],"collection":[{"href":"https:\/\/jak.fi\/pl\/wp-json\/wp\/v2\/product"}],"about":[{"href":"https:\/\/jak.fi\/pl\/wp-json\/wp\/v2\/types\/product"}],"wp:featuredmedia":[{"embeddable":true,"href":"https:\/\/jak.fi\/pl\/wp-json\/wp\/v2\/media\/10346"}],"wp:attachment":[{"href":"https:\/\/jak.fi\/pl\/wp-json\/wp\/v2\/media?parent=10322"}],"wp:term":[{"taxonomy":"product_brand","embeddable":true,"href":"https:\/\/jak.fi\/pl\/wp-json\/wp\/v2\/product_brand?post=10322"},{"taxonomy":"product_cat","embeddable":true,"href":"https:\/\/jak.fi\/pl\/wp-json\/wp\/v2\/product_cat?post=10322"},{"taxonomy":"product_tag","embeddable":true,"href":"https:\/\/jak.fi\/pl\/wp-json\/wp\/v2\/product_tag?post=10322"}],"curies":[{"name":"wp","href":"https:\/\/api.w.org\/{rel}","templated":true}]}}