{"id":10362,"date":"2024-05-28T10:03:49","date_gmt":"2024-05-28T07:03:49","guid":{"rendered":"https:\/\/jak.fi\/products\/bez-kategorii\/system-rotatora-360\/"},"modified":"2025-11-25T13:23:36","modified_gmt":"2025-11-25T10:23:36","slug":"system-rotatora-360","status":"publish","type":"product","link":"https:\/\/jak.fi\/pl\/produkty\/akcesoria-do-glowic-biomasowych\/system-rotatora-360\/","title":{"rendered":"System obrotu 360\u00b0"},"content":{"rendered":"<h3 data-start=\"0\" data-end=\"105\">System rotatora 360\u00b0 dla g\u0142owicy biomasowej JAK Energy Gripper &#8211; nieograniczony obr\u00f3t, wi\u0119kszy zasi\u0119g i wydajno\u015b\u0107<\/h3>\n<p data-start=\"107\" data-end=\"530\">JAK 360\u00b0 Rotator System to akcesorium przeznaczone do g\u0142owic biomasowych serii R, kt\u00f3re jest instalowane pomi\u0119dzy chwytakiem a tyln\u0105 cz\u0119\u015bci\u0105. System umo\u017cliwia nieograniczony obr\u00f3t o 360\u00b0 w obu kierunkach wzd\u0142u\u017c osi korpusu chwytaka. System rotatora obejmuje trwa\u0142\u0105 tulej\u0119 i rotator, dzi\u0119ki czemu uk\u0142ad hydrauliczny dzia\u0142a niezawodnie nawet przy ci\u0105g\u0142ym obrocie.  <\/p>\n<h4 data-start=\"532\" data-end=\"577\">Dlaczego warto wybra\u0107 system 360\u00b0 Rotator?<\/h4>\n<ul data-start=\"578\" data-end=\"1299\">\n<li data-start=\"578\" data-end=\"769\">\n<p data-start=\"580\" data-end=\"769\"><strong data-start=\"580\" data-end=\"627\">Nieograniczony obr\u00f3t bez skr\u0119cania w\u0119\u017cy<\/strong>: uk\u0142ad hydrauliczny szcz\u0119k przechodzi przez tulej\u0119, dzi\u0119ki czemu chwytak mo\u017cna obraca\u0107 bez obawy o skr\u0119cenie lub uszkodzenie w\u0119\u017cy.<\/p>\n<\/li>\n<li data-start=\"770\" data-end=\"987\">\n<p data-start=\"772\" data-end=\"987\"><strong data-start=\"772\" data-end=\"812\">Szybsze i bardziej kontrolowane przenoszenie drewna<\/strong>: po poci\u0119ciu drewna ram\u0119 mo\u017cna obr\u00f3ci\u0107 i opu\u015bci\u0107 w \u017c\u0105danym kierunku &#8211; na przyk\u0142ad bezpo\u015brednio na bok stosu lub na kraw\u0119d\u017a podjazdu. Ogranicza to niepotrzebne manewry podczas pracy. <\/p>\n<\/li>\n<li data-start=\"988\" data-end=\"1177\">\n<p data-start=\"990\" data-end=\"1177\"><strong data-start=\"990\" data-end=\"1033\">Ulepszony zasi\u0119g i k\u0105ty pracy<\/strong>: obr\u00f3t u\u0142atwia oczyszczanie i pozyskiwanie drewna energetycznego, zw\u0142aszcza w nier\u00f3wnym lub g\u0119stym terenie. Pozycja robocza jest zawsze optymalna. <\/p>\n<\/li>\n<li data-start=\"1178\" data-end=\"1299\">\n<p data-start=\"1180\" data-end=\"1299\"><strong data-start=\"1180\" data-end=\"1207\">Zwi\u0119kszona produktywno\u015b\u0107<\/strong>: gdy chwytak szybko obraca si\u0119 do w\u0142a\u015bciwej pozycji, cykl roboczy jest szybszy, a maszyna jest bardziej wydajna.<\/p>\n<\/li>\n<\/ul>\n<h4 data-start=\"1301\" data-end=\"1319\">Miejsca u\u017cytkowania<\/h4>\n<p data-start=\"1320\" data-end=\"1374\">Doskona\u0142ym wyborem jest na przyk\u0142ad system 360\u00b0 Rotator:<\/p>\n<ul data-start=\"1375\" data-end=\"1627\">\n<li data-start=\"1375\" data-end=\"1425\">\n<p data-start=\"1377\" data-end=\"1425\">pozyskiwanie drewna energetycznego i ma\u0142e przetw\u00f3rstwo drewna<\/p>\n<\/li>\n<li data-start=\"1426\" data-end=\"1462\">\n<p data-start=\"1428\" data-end=\"1462\">do przerzedzania i zarz\u0105dzania szk\u00f3\u0142k\u0105<\/p>\n<\/li>\n<li data-start=\"1463\" data-end=\"1522\">\n<p data-start=\"1465\" data-end=\"1522\">do oczyszczania kraw\u0119dzi linii energetycznych, dr\u00f3g i p\u00f3l<\/p>\n<\/li>\n<li data-start=\"1523\" data-end=\"1627\">\n<p data-start=\"1525\" data-end=\"1627\">do koparek, \u0142adowarek ko\u0142owych i koparko-\u0142adowarek, gdzie wymagana jest precyzyjna kontrola pozycji wysi\u0119gnika i chwytaka<\/p>\n<\/li>\n<\/ul>\n<h4 data-start=\"1982\" data-end=\"2001\">Kompatybilno\u015b\u0107<\/h4>\n<p data-start=\"2002\" data-end=\"2175\">System jest kompatybilny z g\u0142owicami biomasowymi JAK-200R, JAK-250R i JAK-300R zar\u00f3wno w wersji do koparki, jak i do \u0142adowarki oraz do \u0142adowarki teleskopowej.<\/p>\n<p data-start=\"2177\" data-end=\"2314\">Chcesz w pe\u0142ni wykorzysta\u0107 swoj\u0105 g\u0142owic\u0119 biomasow\u0105? Dodaj system obrotowy 360\u00b0 do zapytania ofertowego i popro\u015b o najbardziej odpowiedni model dla Twojej maszyny. <\/p>\n","protected":false},"excerpt":{"rendered":"<p>System rotatora 360\u00b0 dla g\u0142owicy biomasowej JAK Energy Gripper &#8211; nieograniczony obr\u00f3t, wi\u0119kszy zasi\u0119g i wydajno\u015b\u0107 JAK 360\u00b0 Rotator System to akcesorium przeznaczone do g\u0142owic biomasowych serii R, kt\u00f3re jest instalowane pomi\u0119dzy chwytakiem a tyln\u0105 cz\u0119\u015bci\u0105. System umo\u017cliwia nieograniczony obr\u00f3t o 360\u00b0 w obu kierunkach wzd\u0142u\u017c osi korpusu chwytaka. System rotatora obejmuje trwa\u0142\u0105 tulej\u0119 i [&hellip;]<\/p>\n","protected":false},"featured_media":10363,"template":"","meta":{"_acf_changed":false},"product_brand":[],"product_cat":[627],"product_tag":[],"class_list":{"0":"post-10362","1":"product","2":"type-product","3":"status-publish","4":"has-post-thumbnail","6":"product_cat-akcesoria-do-glowic-biomasowych","8":"first","9":"instock","10":"shipping-taxable","11":"product-type-simple"},"acf":[],"yoast_head":"<!-- This site is optimized with the Yoast SEO plugin v27.3 - https:\/\/yoast.com\/product\/yoast-seo-wordpress\/ -->\n<title>System obrotu 360\u00b0 &#8211; JAK-Metalli Oy<\/title>\n<meta name=\"description\" content=\"System Rotator 360\u00b0 to akcesorium, kt\u00f3re mo\u017cna zainstalowa\u0107 mi\u0119dzy chwytakiem a tyln\u0105 cz\u0119\u015bci\u0105, aby umo\u017cliwi\u0107 nieograniczony obr\u00f3t g\u0142owicy biomasowej.\" \/>\n<meta name=\"robots\" content=\"index, follow, max-snippet:-1, max-image-preview:large, max-video-preview:-1\" \/>\n<link rel=\"canonical\" href=\"https:\/\/jak.fi\/pl\/produkty\/akcesoria-do-glowic-biomasowych\/system-rotatora-360\/\" \/>\n<meta property=\"og:locale\" content=\"pl_PL\" \/>\n<meta property=\"og:type\" content=\"article\" \/>\n<meta property=\"og:title\" content=\"System obrotu 360\u00b0 &#8211; JAK-Metalli Oy\" \/>\n<meta property=\"og:description\" content=\"System Rotator 360\u00b0 to akcesorium, kt\u00f3re mo\u017cna zainstalowa\u0107 mi\u0119dzy chwytakiem a tyln\u0105 cz\u0119\u015bci\u0105, aby umo\u017cliwi\u0107 nieograniczony obr\u00f3t g\u0142owicy biomasowej.\" \/>\n<meta property=\"og:url\" content=\"https:\/\/jak.fi\/pl\/produkty\/akcesoria-do-glowic-biomasowych\/system-rotatora-360\/\" \/>\n<meta property=\"og:site_name\" content=\"JAK-Metalli Oy\" \/>\n<meta property=\"article:publisher\" content=\"https:\/\/www.facebook.com\/jaktreeshears\" \/>\n<meta property=\"article:modified_time\" content=\"2025-11-25T10:23:36+00:00\" \/>\n<meta property=\"og:image\" content=\"https:\/\/jak.fi\/wp-content\/uploads\/2024\/05\/jak-200r-for-excavator-rotator.png\" \/>\n\t<meta property=\"og:image:width\" content=\"1000\" \/>\n\t<meta property=\"og:image:height\" content=\"666\" \/>\n\t<meta property=\"og:image:type\" content=\"image\/png\" \/>\n<meta name=\"twitter:card\" content=\"summary_large_image\" \/>\n<meta name=\"twitter:label1\" content=\"Szacowany czas czytania\" \/>\n\t<meta name=\"twitter:data1\" content=\"2 minuta\" \/>\n<script type=\"application\/ld+json\" class=\"yoast-schema-graph\">{\"@context\":\"https:\\\/\\\/schema.org\",\"@graph\":[{\"@type\":\"WebPage\",\"@id\":\"https:\\\/\\\/jak.fi\\\/pl\\\/produkty\\\/akcesoria-do-glowic-biomasowych\\\/system-rotatora-360\\\/\",\"url\":\"https:\\\/\\\/jak.fi\\\/pl\\\/produkty\\\/akcesoria-do-glowic-biomasowych\\\/system-rotatora-360\\\/\",\"name\":\"System obrotu 360\u00b0 &#8211; JAK-Metalli Oy\",\"isPartOf\":{\"@id\":\"https:\\\/\\\/jak.fi\\\/pl\\\/#website\"},\"primaryImageOfPage\":{\"@id\":\"https:\\\/\\\/jak.fi\\\/pl\\\/produkty\\\/akcesoria-do-glowic-biomasowych\\\/system-rotatora-360\\\/#primaryimage\"},\"image\":{\"@id\":\"https:\\\/\\\/jak.fi\\\/pl\\\/produkty\\\/akcesoria-do-glowic-biomasowych\\\/system-rotatora-360\\\/#primaryimage\"},\"thumbnailUrl\":\"https:\\\/\\\/jak.fi\\\/wp-content\\\/uploads\\\/2024\\\/05\\\/jak-200r-for-excavator-rotator.png\",\"datePublished\":\"2024-05-28T07:03:49+00:00\",\"dateModified\":\"2025-11-25T10:23:36+00:00\",\"description\":\"System Rotator 360\u00b0 to akcesorium, kt\u00f3re mo\u017cna zainstalowa\u0107 mi\u0119dzy chwytakiem a tyln\u0105 cz\u0119\u015bci\u0105, aby umo\u017cliwi\u0107 nieograniczony obr\u00f3t g\u0142owicy biomasowej.\",\"breadcrumb\":{\"@id\":\"https:\\\/\\\/jak.fi\\\/pl\\\/produkty\\\/akcesoria-do-glowic-biomasowych\\\/system-rotatora-360\\\/#breadcrumb\"},\"inLanguage\":\"pl-PL\",\"potentialAction\":[{\"@type\":\"ReadAction\",\"target\":[\"https:\\\/\\\/jak.fi\\\/pl\\\/produkty\\\/akcesoria-do-glowic-biomasowych\\\/system-rotatora-360\\\/\"]}]},{\"@type\":\"ImageObject\",\"inLanguage\":\"pl-PL\",\"@id\":\"https:\\\/\\\/jak.fi\\\/pl\\\/produkty\\\/akcesoria-do-glowic-biomasowych\\\/system-rotatora-360\\\/#primaryimage\",\"url\":\"https:\\\/\\\/jak.fi\\\/wp-content\\\/uploads\\\/2024\\\/05\\\/jak-200r-for-excavator-rotator.png\",\"contentUrl\":\"https:\\\/\\\/jak.fi\\\/wp-content\\\/uploads\\\/2024\\\/05\\\/jak-200r-for-excavator-rotator.png\",\"width\":1000,\"height\":666,\"caption\":\"360 Jednostka obrotowa szybkoz\u0142\u0105cze do g\u0142owicy biomasowej\"},{\"@type\":\"BreadcrumbList\",\"@id\":\"https:\\\/\\\/jak.fi\\\/pl\\\/produkty\\\/akcesoria-do-glowic-biomasowych\\\/system-rotatora-360\\\/#breadcrumb\",\"itemListElement\":[{\"@type\":\"ListItem\",\"position\":1,\"name\":\"Etusivu\",\"item\":\"https:\\\/\\\/jak.fi\\\/pl\\\/\"},{\"@type\":\"ListItem\",\"position\":2,\"name\":\"Produkty\",\"item\":\"https:\\\/\\\/jak.fi\\\/pl\\\/produkty\\\/\"},{\"@type\":\"ListItem\",\"position\":3,\"name\":\"System obrotu 360\u00b0\"}]},{\"@type\":\"WebSite\",\"@id\":\"https:\\\/\\\/jak.fi\\\/pl\\\/#website\",\"url\":\"https:\\\/\\\/jak.fi\\\/pl\\\/\",\"name\":\"JAK-Metalli Oy\",\"description\":\"\",\"publisher\":{\"@id\":\"https:\\\/\\\/jak.fi\\\/pl\\\/#organization\"},\"alternateName\":\"JAK Tree shears\",\"potentialAction\":[{\"@type\":\"SearchAction\",\"target\":{\"@type\":\"EntryPoint\",\"urlTemplate\":\"https:\\\/\\\/jak.fi\\\/pl\\\/?s={search_term_string}\"},\"query-input\":{\"@type\":\"PropertyValueSpecification\",\"valueRequired\":true,\"valueName\":\"search_term_string\"}}],\"inLanguage\":\"pl-PL\"},{\"@type\":\"Organization\",\"@id\":\"https:\\\/\\\/jak.fi\\\/pl\\\/#organization\",\"name\":\"JAK-Metalli Oy\",\"alternateName\":\"JAK Tree shears\",\"url\":\"https:\\\/\\\/jak.fi\\\/pl\\\/\",\"logo\":{\"@type\":\"ImageObject\",\"inLanguage\":\"pl-PL\",\"@id\":\"https:\\\/\\\/jak.fi\\\/pl\\\/#\\\/schema\\\/logo\\\/image\\\/\",\"url\":\"https:\\\/\\\/jak.fi\\\/wp-content\\\/uploads\\\/2024\\\/09\\\/JAK-logo-696x696-1.jpg\",\"contentUrl\":\"https:\\\/\\\/jak.fi\\\/wp-content\\\/uploads\\\/2024\\\/09\\\/JAK-logo-696x696-1.jpg\",\"width\":696,\"height\":696,\"caption\":\"JAK-Metalli Oy\"},\"image\":{\"@id\":\"https:\\\/\\\/jak.fi\\\/pl\\\/#\\\/schema\\\/logo\\\/image\\\/\"},\"sameAs\":[\"https:\\\/\\\/www.facebook.com\\\/jaktreeshears\",\"https:\\\/\\\/www.instagram.com\\\/jaktreeshears\\\/\",\"https:\\\/\\\/www.youtube.com\\\/channel\\\/UCAwvaVhBBkPie8MeAGbdY1w\"]}]}<\/script>\n<!-- \/ Yoast SEO plugin. -->","yoast_head_json":{"title":"System obrotu 360\u00b0 &#8211; JAK-Metalli Oy","description":"System Rotator 360\u00b0 to akcesorium, kt\u00f3re mo\u017cna zainstalowa\u0107 mi\u0119dzy chwytakiem a tyln\u0105 cz\u0119\u015bci\u0105, aby umo\u017cliwi\u0107 nieograniczony obr\u00f3t g\u0142owicy biomasowej.","robots":{"index":"index","follow":"follow","max-snippet":"max-snippet:-1","max-image-preview":"max-image-preview:large","max-video-preview":"max-video-preview:-1"},"canonical":"https:\/\/jak.fi\/pl\/produkty\/akcesoria-do-glowic-biomasowych\/system-rotatora-360\/","og_locale":"pl_PL","og_type":"article","og_title":"System obrotu 360\u00b0 &#8211; JAK-Metalli Oy","og_description":"System Rotator 360\u00b0 to akcesorium, kt\u00f3re mo\u017cna zainstalowa\u0107 mi\u0119dzy chwytakiem a tyln\u0105 cz\u0119\u015bci\u0105, aby umo\u017cliwi\u0107 nieograniczony obr\u00f3t g\u0142owicy biomasowej.","og_url":"https:\/\/jak.fi\/pl\/produkty\/akcesoria-do-glowic-biomasowych\/system-rotatora-360\/","og_site_name":"JAK-Metalli Oy","article_publisher":"https:\/\/www.facebook.com\/jaktreeshears","article_modified_time":"2025-11-25T10:23:36+00:00","og_image":[{"width":1000,"height":666,"url":"https:\/\/jak.fi\/wp-content\/uploads\/2024\/05\/jak-200r-for-excavator-rotator.png","type":"image\/png"}],"twitter_card":"summary_large_image","twitter_misc":{"Szacowany czas czytania":"2 minuta"},"schema":{"@context":"https:\/\/schema.org","@graph":[{"@type":"WebPage","@id":"https:\/\/jak.fi\/pl\/produkty\/akcesoria-do-glowic-biomasowych\/system-rotatora-360\/","url":"https:\/\/jak.fi\/pl\/produkty\/akcesoria-do-glowic-biomasowych\/system-rotatora-360\/","name":"System obrotu 360\u00b0 &#8211; JAK-Metalli Oy","isPartOf":{"@id":"https:\/\/jak.fi\/pl\/#website"},"primaryImageOfPage":{"@id":"https:\/\/jak.fi\/pl\/produkty\/akcesoria-do-glowic-biomasowych\/system-rotatora-360\/#primaryimage"},"image":{"@id":"https:\/\/jak.fi\/pl\/produkty\/akcesoria-do-glowic-biomasowych\/system-rotatora-360\/#primaryimage"},"thumbnailUrl":"https:\/\/jak.fi\/wp-content\/uploads\/2024\/05\/jak-200r-for-excavator-rotator.png","datePublished":"2024-05-28T07:03:49+00:00","dateModified":"2025-11-25T10:23:36+00:00","description":"System Rotator 360\u00b0 to akcesorium, kt\u00f3re mo\u017cna zainstalowa\u0107 mi\u0119dzy chwytakiem a tyln\u0105 cz\u0119\u015bci\u0105, aby umo\u017cliwi\u0107 nieograniczony obr\u00f3t g\u0142owicy biomasowej.","breadcrumb":{"@id":"https:\/\/jak.fi\/pl\/produkty\/akcesoria-do-glowic-biomasowych\/system-rotatora-360\/#breadcrumb"},"inLanguage":"pl-PL","potentialAction":[{"@type":"ReadAction","target":["https:\/\/jak.fi\/pl\/produkty\/akcesoria-do-glowic-biomasowych\/system-rotatora-360\/"]}]},{"@type":"ImageObject","inLanguage":"pl-PL","@id":"https:\/\/jak.fi\/pl\/produkty\/akcesoria-do-glowic-biomasowych\/system-rotatora-360\/#primaryimage","url":"https:\/\/jak.fi\/wp-content\/uploads\/2024\/05\/jak-200r-for-excavator-rotator.png","contentUrl":"https:\/\/jak.fi\/wp-content\/uploads\/2024\/05\/jak-200r-for-excavator-rotator.png","width":1000,"height":666,"caption":"360 Jednostka obrotowa szybkoz\u0142\u0105cze do g\u0142owicy biomasowej"},{"@type":"BreadcrumbList","@id":"https:\/\/jak.fi\/pl\/produkty\/akcesoria-do-glowic-biomasowych\/system-rotatora-360\/#breadcrumb","itemListElement":[{"@type":"ListItem","position":1,"name":"Etusivu","item":"https:\/\/jak.fi\/pl\/"},{"@type":"ListItem","position":2,"name":"Produkty","item":"https:\/\/jak.fi\/pl\/produkty\/"},{"@type":"ListItem","position":3,"name":"System obrotu 360\u00b0"}]},{"@type":"WebSite","@id":"https:\/\/jak.fi\/pl\/#website","url":"https:\/\/jak.fi\/pl\/","name":"JAK-Metalli Oy","description":"","publisher":{"@id":"https:\/\/jak.fi\/pl\/#organization"},"alternateName":"JAK Tree shears","potentialAction":[{"@type":"SearchAction","target":{"@type":"EntryPoint","urlTemplate":"https:\/\/jak.fi\/pl\/?s={search_term_string}"},"query-input":{"@type":"PropertyValueSpecification","valueRequired":true,"valueName":"search_term_string"}}],"inLanguage":"pl-PL"},{"@type":"Organization","@id":"https:\/\/jak.fi\/pl\/#organization","name":"JAK-Metalli Oy","alternateName":"JAK Tree shears","url":"https:\/\/jak.fi\/pl\/","logo":{"@type":"ImageObject","inLanguage":"pl-PL","@id":"https:\/\/jak.fi\/pl\/#\/schema\/logo\/image\/","url":"https:\/\/jak.fi\/wp-content\/uploads\/2024\/09\/JAK-logo-696x696-1.jpg","contentUrl":"https:\/\/jak.fi\/wp-content\/uploads\/2024\/09\/JAK-logo-696x696-1.jpg","width":696,"height":696,"caption":"JAK-Metalli Oy"},"image":{"@id":"https:\/\/jak.fi\/pl\/#\/schema\/logo\/image\/"},"sameAs":["https:\/\/www.facebook.com\/jaktreeshears","https:\/\/www.instagram.com\/jaktreeshears\/","https:\/\/www.youtube.com\/channel\/UCAwvaVhBBkPie8MeAGbdY1w"]}]}},"_links":{"self":[{"href":"https:\/\/jak.fi\/pl\/wp-json\/wp\/v2\/product\/10362","targetHints":{"allow":["GET"]}}],"collection":[{"href":"https:\/\/jak.fi\/pl\/wp-json\/wp\/v2\/product"}],"about":[{"href":"https:\/\/jak.fi\/pl\/wp-json\/wp\/v2\/types\/product"}],"wp:featuredmedia":[{"embeddable":true,"href":"https:\/\/jak.fi\/pl\/wp-json\/wp\/v2\/media\/10363"}],"wp:attachment":[{"href":"https:\/\/jak.fi\/pl\/wp-json\/wp\/v2\/media?parent=10362"}],"wp:term":[{"taxonomy":"product_brand","embeddable":true,"href":"https:\/\/jak.fi\/pl\/wp-json\/wp\/v2\/product_brand?post=10362"},{"taxonomy":"product_cat","embeddable":true,"href":"https:\/\/jak.fi\/pl\/wp-json\/wp\/v2\/product_cat?post=10362"},{"taxonomy":"product_tag","embeddable":true,"href":"https:\/\/jak.fi\/pl\/wp-json\/wp\/v2\/product_tag?post=10362"}],"curies":[{"name":"wp","href":"https:\/\/api.w.org\/{rel}","templated":true}]}}